{"id":997,"date":"2026-02-25T03:43:21","date_gmt":"2026-02-25T03:43:21","guid":{"rendered":"https:\/\/stylingcv.com\/fr\/guides-cv-carriere-ressources-experts\/negocier-avantages-autres-salaire\/"},"modified":"2026-02-25T03:43:21","modified_gmt":"2026-02-25T03:43:21","slug":"benefits-negotiation","status":"publish","type":"page","link":"https:\/\/wp.stylingcv.com\/fr\/guides\/benefits-negotiation\/","title":{"rendered":"Comment n\u00e9gocier des avantages autres que le salaire\u00a0?"},"content":{"rendered":"\n<p class=\"faq-category\"><strong>Cat\u00e9gorie&nbsp;:<\/strong> FAQ Strat\u00e9gie de recherche d&#8217;emploi<\/p>\n\n\n\n<h2 class=\"wp-block-heading\">Comment n\u00e9gocier des avantages autres que le salaire&nbsp;?<\/h2>\n\n\n\n<p>De nombreuses entreprises ont une flexibilit\u00e9 salariale limit\u00e9e mais peuvent se montrer plus g\u00e9n\u00e9reuses sur d&#8217;autres avantages. Si elles ne peuvent pas atteindre votre objectif salarial, n\u00e9gociez&nbsp;: prime \u00e0 la signature (paiement unique qui n&#8217;affecte pas le budget r\u00e9current), jours de cong\u00e9 suppl\u00e9mentaires (2-3 jours en plus par an), modalit\u00e9s de travail flexibles ou \u00e0 distance (partiel ou totalement \u00e0 distance), budget de d\u00e9veloppement professionnel (2 \u00e0 5&nbsp;000&nbsp;$ par an pour conf\u00e9rences, formations), stock-options ou actions (particuli\u00e8rement int\u00e9ressant dans les startups ou entreprises pr\u00e9-IPO), structure de bonus de performance (pourcentage plus \u00e9lev\u00e9 ou crit\u00e8res plus clairs), \u00e9valuation de performance anticip\u00e9e (6&nbsp;mois au lieu d&#8217;annuel pour une augmentation plus rapide), ajustement du titre de poste (peut impacter votre potentiel de revenus futur), aide \u00e0 la relocalisation (si vous d\u00e9m\u00e9nagez pour le poste), aide au remboursement de pr\u00eat \u00e9tudiant, meilleure couverture sant\u00e9, abondement 401k (pourcentage plus \u00e9lev\u00e9 ou acquisition plus rapide), remboursement des frais de scolarit\u00e9 pour des dipl\u00f4mes avanc\u00e9s, abonnement \u00e0 une salle de sport ou allocation bien-\u00eatre, allocation pour bureau \u00e0 domicile (\u00e9quipement, internet), avantages pour le stationnement ou les transports. Adoptez une approche strat\u00e9gique&nbsp;: apr\u00e8s qu&#8217;ils aient fait leur &#8220;meilleure&#8221; offre salariale, dites&nbsp;: &#8220;Je suis enthousiaste \u00e0 l&#8217;id\u00e9e de ce poste. Bien que le salaire soit l\u00e9g\u00e8rement en dessous de mes attentes, y a-t-il d&#8217;autres aspects du package de r\u00e9mun\u00e9ration que nous pourrions discuter&nbsp;?&#8221; Priorisez ce qui compte le plus pour vous. Soyez raisonnable&nbsp;: ne demandez pas tout. Pr\u00e9sentez vos demandes comme b\u00e9n\u00e9fiques pour les deux parties&nbsp;: &#8220;Un budget de d\u00e9veloppement professionnel me permet d&#8217;apporter des comp\u00e9tences de pointe au poste.&#8221; Obtenez tout par \u00e9crit.<\/p>\n\n\n\n<hr class=\"wp-block-separator has-alpha-channel-opacity\"\/>\n\n\n\n<h3 class=\"wp-block-heading\">Besoin d&#8217;aide pour votre CV&nbsp;?<\/h3>\n\n\n\n<p>Notre cr\u00e9ateur de CV aliment\u00e9 par l&#8217;IA sur <a href=\"https:\/\/ai.stylingcv.com\/ai-generatorsignup?utm_source=stylingcv&utm_medium=website&utm_campaign=cta&utm_content=benefits-negotiation\" target=\"_blank\" rel=\"noopener\">StylingCV AI<\/a> peut vous aider \u00e0 cr\u00e9er un CV professionnel optimis\u00e9 ATS en quelques minutes. Commencez d\u00e8s aujourd&#8217;hui&nbsp;!<\/p>\n\n\n\n<div class=\"wp-block-buttons is-layout-flex wp-block-buttons-is-layout-flex\">\n\n<div class=\"wp-block-button cta-button\"><a class=\"wp-block-button__link has-primary-background-color has-background wp-element-button\" href=\"https:\/\/ai.stylingcv.com\/ai-generatorsignup?utm_source=stylingcv&utm_medium=website&utm_campaign=cta&utm_content=benefits-negotiation\" target=\"_blank\" rel=\"noopener\">Essayez StylingCV AI Gratuitement \u2192<\/a><\/div>\n\n\n\n\n<p>\ud83d\udc49 <a href=\"https:\/\/stylingcv.com\/guides\/\">apprenez \u00e0 r\u00e9diger un CV<\/a><\/p>\n\n<p>\ud83d\udc49 <a href=\"https:\/\/stylingcv.com\/resume-templates\/\">mod\u00e8les de CV<\/a><\/p>\n\n<p><strong>\ud83d\udca1 Astuce Pro&nbsp;:<\/strong> StylingCV n&#8217;est pas seulement un cr\u00e9ateur de CV \u2014 c&#8217;est un cr\u00e9ateur intelligent aliment\u00e9 par l&#8217;IA qui r\u00e9fl\u00e9chit. <a href=\"https:\/\/stylingcv.com\/resume-builder\/\">cr\u00e9ateur de CV intelligent aliment\u00e9 par l&#8217;IA qui r\u00e9fl\u00e9chit<\/a> en moins de 2 minutes.<\/p>\n<\/div>\n\n\n\n<script type=\"application\/ld+json\">\n{\n  \"@context\": \"https:\/\/schema.org\",\n  \"@type\": \"FAQPage\",\n  \"mainEntity\": [{\n    \"@type\": \"Question\",\n    \"name\": \"How do I negotiate benefits other than salary?\",\n    \"acceptedAnswer\": {\n      \"@type\": \"Answer\",\n      \"text\": \"Many companies have limited salary flexibility but can be more generous with other benefits. If they can't meet your salary target, negotiate: Signing bonus (one-time payment that doesn't affect ongoing budget), Additional PTO (2-3 extra days annually), Flexible or remote work arrangements (partial or full remote), Professional development budget ($2-5K annually for conferences, courses), Stock options or equity (especially valuable in startups or pre-IPO companies), Performance bonus structure (higher percentage or clearer metrics), Earlier performance review (6 months instead of annual for faster raise), Title adjustment (can impact future earning potential), Relocation assistance (if moving for the job), Student loan repayment assistance, Better health insurance tier, 401k matching (higher percentage or earlier vesting), Tuition reimbursement for advanced degrees, Gym membership or wellness stipend, Home office stipend (equipment, internet), Parking or commuter benefits. Approach strategically: After they've given their 'best' salary offer, say 'I'm excited about this role. While the salary is slightly below what I'd hoped for, are there other aspects of the compensation package we could discuss?' Prioritize what matters most to you. Be reasonable - don't ask for everything. Frame requests in terms of mutual benefit: 'Professional development budget helps me bring cutting-edge skills to the role.' Get everything in writing.\"\n    }\n  }]\n}\n<\/script>\n\n\n\n<p class=\"faq-keywords\"><small><strong>Li\u00e9&nbsp;:<\/strong> n\u00e9gociation des avantages, package de r\u00e9mun\u00e9ration, r\u00e9mun\u00e9ration globale, avantages, avantages hors salaire<\/small><\/p>\n<!-- stylingcv-hub-links --><div class=\"stylingcv-related-resources\" style=\"margin-top:30px;padding:20px;background:#f8f9fa;border-left:4px solid #1abc9c;border-radius:4px;\"><h3 style=\"margin-top:0;color:#2c3e50;\">D\u00e9couvrez plus de ressources<\/h3><ul style=\"list-style:none;padding:0;\"><li><a href=\"https:\/\/stylingcv.com\/guides\/\">Guides de carri\u00e8re<\/a> &mdash; Votre guide complet<\/li><li><a href=\"https:\/\/stylingcv.com\/job-search-applications-2\/\">Quelles sont les meilleures pratiques pour postuler dans mon secteur&nbsp;?<\/a><\/li><li><a href=\"https:\/\/stylingcv.com\/career-growth-143\/\">Comment aborder les discussions et d\u00e9cisions sur l&#8217;\u00e9volution de carri\u00e8re&nbsp;?<\/a><\/li><li><a href=\"https:\/\/stylingcv.com\/job-search-faq\/\">FAQ Recherche d&#8217;emploi &#8211; Trouvez votre job de r\u00eave plus vite<\/a><\/li><\/ul><p style=\"margin-bottom:0;font-size:14px;color:#7f8c8d;\">Pas seulement un cr\u00e9ateur de CV &mdash; un cr\u00e9ateur intelligent aliment\u00e9 par l&#8217;IA qui r\u00e9fl\u00e9chit. <a href=\"https:\/\/stylingcv.com\/resume-builder\/\" style=\"color:#1abc9c;font-weight:bold;\">Cr\u00e9ez votre CV en moins de 2 minutes &rarr;<\/a><\/p><\/div><!-- \/stylingcv-hub-links --><style>.entry-content a[href*=\"ai.stylingcv.com\"]:not(.scv-exit-cta){transition:transform 0.2s ease,box-shadow 0.2s ease}.entry-content a[href*=\"ai.stylingcv.com\"]:not(.scv-exit-cta):hover{transform:translateY(-2px);box-shadow:0 4px 12px rgba(38,133,153,0.25)}<\/style>","protected":false},"excerpt":{"rendered":"<p>D\u00e9couvrez o\u00f9 et comment mentionner vos certifications sur votre CV pour un impact maximal. Voir des exemples de mise en forme pour licences et dipl\u00f4mes professionnels.<\/p>\n","protected":false},"author":0,"featured_media":0,"parent":484,"menu_order":0,"comment_status":"closed","ping_status":"closed","template":"","meta":{"footnotes":""},"class_list":["post-997","page","type-page","status-publish","hentry"," c-blog-1-item  nt-post-class"],"yoast_head":"<!-- This site is optimized with the Yoast SEO Premium plugin v26.5 (Yoast SEO v26.5) - https:\/\/yoast.com\/wordpress\/plugins\/seo\/ -->\n<title>Inclure des certifications sur votre CV | StylingCV<\/title>\n<meta name=\"description\" content=\"Cat\u00e9gorie : FAQ Strat\u00e9gie de recherche d&#039;emploi. Comment n\u00e9gocier des avantages autres que le salaire ?\" \/>\n<meta name=\"robots\" content=\"index, follow, max-snippet:-1, max-image-preview:large, max-video-preview:-1\" \/>\n<link rel=\"canonical\" href=\"https:\/\/stylingcv.com\/fr\/guides\/benefits-negotiation\/\" \/>\n<meta property=\"og:locale\" content=\"en_US\" \/>\n<meta property=\"og:type\" content=\"article\" \/>\n<meta property=\"og:title\" content=\"Comment n\u00e9gocier des avantages autres que le salaire\u00a0?\" \/>\n<meta property=\"og:description\" content=\"Cat\u00e9gorie : FAQ Strat\u00e9gie de recherche d&#039;emploi. Comment n\u00e9gocier des avantages autres que le salaire ?\" \/>\n<meta property=\"og:url\" content=\"https:\/\/stylingcv.com\/fr\/guides\/benefits-negotiation\/\" \/>\n<meta property=\"og:site_name\" content=\"StylingCV - Fran\u00e7ais\" \/>\n<meta name=\"twitter:card\" content=\"summary_large_image\" \/>\n<meta name=\"twitter:label1\" content=\"Est. reading time\" \/>\n\t<meta name=\"twitter:data1\" content=\"2 minutes\" \/>\n<script type=\"application\/ld+json\" class=\"yoast-schema-graph\">{\"@context\":\"https:\/\/schema.org\",\"@graph\":[{\"@type\":\"WebPage\",\"@id\":\"https:\/\/wp.stylingcv.com\/fr\/guides\/benefits-negotiation\/\",\"url\":\"https:\/\/wp.stylingcv.com\/fr\/guides\/benefits-negotiation\/\",\"name\":\"Inclure des certifications sur votre CV | StylingCV\",\"isPartOf\":{\"@id\":\"https:\/\/wp.stylingcv.com\/fr\/#website\"},\"datePublished\":\"2026-02-25T03:43:21+00:00\",\"description\":\"Cat\u00e9gorie : FAQ Strat\u00e9gie de recherche d'emploi. Comment n\u00e9gocier des avantages autres que le salaire ?\",\"breadcrumb\":{\"@id\":\"https:\/\/wp.stylingcv.com\/fr\/guides\/benefits-negotiation\/#breadcrumb\"},\"inLanguage\":\"en-US\",\"potentialAction\":[{\"@type\":\"ReadAction\",\"target\":[\"https:\/\/wp.stylingcv.com\/fr\/guides\/benefits-negotiation\/\"]}]},{\"@type\":\"BreadcrumbList\",\"@id\":\"https:\/\/wp.stylingcv.com\/fr\/guides\/benefits-negotiation\/#breadcrumb\",\"itemListElement\":[{\"@type\":\"ListItem\",\"position\":1,\"name\":\"Home\",\"item\":\"https:\/\/wp.stylingcv.com\/fr\/\"},{\"@type\":\"ListItem\",\"position\":2,\"name\":\"Guides CV &#038; Carri\u00e8re : Ressources d\u2019Experts pour Candidats\",\"item\":\"https:\/\/wp.stylingcv.com\/fr\/guides\/\"},{\"@type\":\"ListItem\",\"position\":3,\"name\":\"Comment n\u00e9gocier des avantages autres que le salaire\u00a0?\"}]},{\"@type\":\"WebSite\",\"@id\":\"https:\/\/wp.stylingcv.com\/fr\/#website\",\"url\":\"https:\/\/wp.stylingcv.com\/fr\/\",\"name\":\"StylingCV - Fran\u00e7ais\",\"description\":\"\",\"potentialAction\":[{\"@type\":\"SearchAction\",\"target\":{\"@type\":\"EntryPoint\",\"urlTemplate\":\"https:\/\/wp.stylingcv.com\/fr\/?s={search_term_string}\"},\"query-input\":{\"@type\":\"PropertyValueSpecification\",\"valueRequired\":true,\"valueName\":\"search_term_string\"}}],\"inLanguage\":\"en-US\"}]}<\/script>\n<!-- \/ Yoast SEO Premium plugin. -->","yoast_head_json":{"title":"Inclure des certifications sur votre CV | StylingCV","description":"Cat\u00e9gorie : FAQ Strat\u00e9gie de recherche d'emploi. Comment n\u00e9gocier des avantages autres que le salaire ?","robots":{"index":"index","follow":"follow","max-snippet":"max-snippet:-1","max-image-preview":"max-image-preview:large","max-video-preview":"max-video-preview:-1"},"canonical":"https:\/\/stylingcv.com\/fr\/guides\/benefits-negotiation\/","og_locale":"en_US","og_type":"article","og_title":"Comment n\u00e9gocier des avantages autres que le salaire\u00a0?","og_description":"Cat\u00e9gorie : FAQ Strat\u00e9gie de recherche d'emploi. Comment n\u00e9gocier des avantages autres que le salaire ?","og_url":"https:\/\/stylingcv.com\/fr\/guides\/benefits-negotiation\/","og_site_name":"StylingCV - Fran\u00e7ais","twitter_card":"summary_large_image","twitter_misc":{"Est. reading time":"2 minutes"},"schema":{"@context":"https:\/\/schema.org","@graph":[{"@type":"WebPage","@id":"https:\/\/wp.stylingcv.com\/fr\/guides\/benefits-negotiation\/","url":"https:\/\/wp.stylingcv.com\/fr\/guides\/benefits-negotiation\/","name":"Inclure des certifications sur votre CV | StylingCV","isPartOf":{"@id":"https:\/\/wp.stylingcv.com\/fr\/#website"},"datePublished":"2026-02-25T03:43:21+00:00","description":"Cat\u00e9gorie : FAQ Strat\u00e9gie de recherche d'emploi. Comment n\u00e9gocier des avantages autres que le salaire ?","breadcrumb":{"@id":"https:\/\/wp.stylingcv.com\/fr\/guides\/benefits-negotiation\/#breadcrumb"},"inLanguage":"en-US","potentialAction":[{"@type":"ReadAction","target":["https:\/\/wp.stylingcv.com\/fr\/guides\/benefits-negotiation\/"]}]},{"@type":"BreadcrumbList","@id":"https:\/\/wp.stylingcv.com\/fr\/guides\/benefits-negotiation\/#breadcrumb","itemListElement":[{"@type":"ListItem","position":1,"name":"Home","item":"https:\/\/wp.stylingcv.com\/fr\/"},{"@type":"ListItem","position":2,"name":"Guides CV &#038; Carri\u00e8re : Ressources d\u2019Experts pour Candidats","item":"https:\/\/wp.stylingcv.com\/fr\/guides\/"},{"@type":"ListItem","position":3,"name":"Comment n\u00e9gocier des avantages autres que le salaire\u00a0?"}]},{"@type":"WebSite","@id":"https:\/\/wp.stylingcv.com\/fr\/#website","url":"https:\/\/wp.stylingcv.com\/fr\/","name":"StylingCV - Fran\u00e7ais","description":"","potentialAction":[{"@type":"SearchAction","target":{"@type":"EntryPoint","urlTemplate":"https:\/\/wp.stylingcv.com\/fr\/?s={search_term_string}"},"query-input":{"@type":"PropertyValueSpecification","valueRequired":true,"valueName":"search_term_string"}}],"inLanguage":"en-US"}]}},"_links":{"self":[{"href":"https:\/\/wp.stylingcv.com\/fr\/wp-json\/wp\/v2\/pages\/997","targetHints":{"allow":["GET"]}}],"collection":[{"href":"https:\/\/wp.stylingcv.com\/fr\/wp-json\/wp\/v2\/pages"}],"about":[{"href":"https:\/\/wp.stylingcv.com\/fr\/wp-json\/wp\/v2\/types\/page"}],"replies":[{"embeddable":true,"href":"https:\/\/wp.stylingcv.com\/fr\/wp-json\/wp\/v2\/comments?post=997"}],"version-history":[{"count":0,"href":"https:\/\/wp.stylingcv.com\/fr\/wp-json\/wp\/v2\/pages\/997\/revisions"}],"up":[{"embeddable":true,"href":"https:\/\/wp.stylingcv.com\/fr\/wp-json\/wp\/v2\/pages\/484"}],"wp:attachment":[{"href":"https:\/\/wp.stylingcv.com\/fr\/wp-json\/wp\/v2\/media?parent=997"}],"curies":[{"name":"wp","href":"https:\/\/api.w.org\/{rel}","templated":true}]}}