{"id":995,"date":"2026-02-25T03:43:18","date_gmt":"2026-02-25T03:43:18","guid":{"rendered":"https:\/\/stylingcv.com\/fr\/redaction-lettre-motivation\/lettre-motivation-reconversion-professionnelle\/"},"modified":"2026-02-25T03:43:18","modified_gmt":"2026-02-25T03:43:18","slug":"career-change-cover-letter","status":"publish","type":"page","link":"https:\/\/wp.stylingcv.com\/fr\/cover-letter-writing\/career-change-cover-letter\/","title":{"rendered":"Comment r\u00e9diger une lettre de motivation pour une reconversion professionnelle\u00a0?"},"content":{"rendered":"\n<p class=\"faq-category\"><strong>Cat\u00e9gorie\u00a0:<\/strong> FAQ Lettre de motivation<\/p>\n\n\n\n<h2 class=\"wp-block-heading\">Comment r\u00e9diger une lettre de motivation pour une reconversion professionnelle\u00a0?<\/h2>\n\n\n\n<p>Les lettres de motivation pour une reconversion doivent expliquer clairement pourquoi vous changez de voie et comment vos exp\u00e9riences sont transf\u00e9rables. Structure\u00a0: Premier paragraphe\u00a0: Attirez l\u2019attention avec un r\u00e9el enthousiasme pour le nouveau secteur et indiquez bri\u00e8vement que vous passez de X \u00e0 Y. Montrez que vous avez fait des recherches\u00a0: \u00ab\u00a0Apr\u00e8s avoir pass\u00e9 5 ans dans la gestion de magasins, je poursuis d\u00e9sormais ma passion pour l\u2019analyse de donn\u00e9es, o\u00f9 je peux appliquer mes comp\u00e9tences analytiques dans un environnement ax\u00e9 sur la technologie.\u00a0\u00bb Paragraphe 2\u00a0: Expliquez POURQUOI vous effectuez ce changement. Soyez authentique mais professionnel\u00a0: envie de nouveaux d\u00e9fis, passion d\u00e9couverte \u00e0 travers des projets personnels, d\u00e9sir d\u2019aligner votre carri\u00e8re avec vos valeurs, recherche d\u2019un meilleur \u00e9quilibre vie pro\/perso, enthousiasme pour la croissance du secteur. Cr\u00e9ez un lien \u00e9motionnel mais restez concis. Paragraphe 3\u00a0: Faites le lien entre votre exp\u00e9rience et le nouveau poste. C\u2019est crucial. Identifiez 2 \u00e0 3 comp\u00e9tences transf\u00e9rables cl\u00e9s et donnez des exemples pr\u00e9cis de leur utilisation\u00a0: \u00ab\u00a0En g\u00e9rant les op\u00e9rations en magasin, j\u2019ai d\u00e9velopp\u00e9 de solides comp\u00e9tences en analyse de donn\u00e9es gr\u00e2ce \u00e0 la pr\u00e9vision des stocks et \u00e0 l\u2019analyse des tendances de vente, ce qui a permis d\u2019augmenter la rentabilit\u00e9 de 20\u00a0%.\u00a0\u00bb Utilisez le vocabulaire du secteur vis\u00e9. Paragraphe 4\u00a0: Montrez votre engagement dans la transition\u00a0: certifications, formations, projets, b\u00e9n\u00e9volat ou r\u00e9seautage dans le nouveau domaine. Cela prouve votre s\u00e9rieux, et que vous ne cherchez pas simplement n\u2019importe quel emploi. Conclusion\u00a0: R\u00e9it\u00e9rez votre enthousiasme et demandez un entretien. Les lettres de motivation pour une reconversion peuvent \u00eatre un peu plus longues (jusqu\u2019\u00e0 1,5 page) si n\u00e9cessaire pour raconter efficacement votre histoire.<\/p>\n\n\n\n<hr class=\"wp-block-separator has-alpha-channel-opacity\"\/>\n\n\n\n<h3 class=\"wp-block-heading\">Besoin d\u2019aide pour votre CV\u00a0?<\/h3>\n\n\n\n<p>Notre cr\u00e9ateur de CV aliment\u00e9 par l\u2019IA sur <a href=\"https:\/\/ai.stylingcv.com\/ai-generatorsignup?utm_source=stylingcv&utm_medium=website&utm_campaign=cta&utm_content=career-change-cover-letter\" target=\"_blank\" rel=\"noopener\">StylingCV AI<\/a> peut vous aider \u00e0 cr\u00e9er un CV professionnel optimis\u00e9 ATS en quelques minutes. Commencez d\u00e8s aujourd\u2019hui\u00a0!<\/p>\n\n\n\n<div class=\"wp-block-buttons is-layout-flex wp-block-buttons-is-layout-flex\">\n\n<div class=\"wp-block-button cta-button\"><a class=\"wp-block-button__link has-primary-background-color has-background wp-element-button\" href=\"https:\/\/ai.stylingcv.com\/ai-generatorsignup?utm_source=stylingcv&utm_medium=website&utm_campaign=cta&utm_content=career-change-cover-letter\" target=\"_blank\" rel=\"noopener\">Essayez StylingCV AI Gratuitement \u2192<\/a><\/div>\n\n\n\n\n<p>\ud83d\udc49 <a href=\"https:\/\/stylingcv.com\/cover-letter-writing\/\">g\u00e9n\u00e9rateur de lettre de motivation<\/a><\/p>\n\n<p>\ud83d\udc49 <a href=\"https:\/\/stylingcv.com\/career-stages\/\">conseils CV pour chaque \u00e9tape de carri\u00e8re<\/a><\/p>\n\n<p>\ud83d\udc49 <a href=\"https:\/\/stylingcv.com\/guides\/\">guides de r\u00e9daction de CV<\/a><\/p>\n\n<p>\ud83d\udc49 <a href=\"https:\/\/stylingcv.com\/resume-templates\/\">mod\u00e8les de CV gratuits<\/a><\/p>\n\n<p><strong>\ud83d\udca1 Astuce Pro\u00a0:<\/strong> StylingCV n\u2019est pas seulement un cr\u00e9ateur de CV \u2014 c\u2019est un g\u00e9n\u00e9rateur intelligent qui r\u00e9fl\u00e9chit. <a href=\"https:\/\/stylingcv.com\/resume-builder\/\">Cr\u00e9ateur de CV IA avec 11 agents intelligents<\/a> en moins de 2 minutes.<\/p>\n<\/div>\n\n\n\n<script type=\"application\/ld+json\">\n{\n  \"@context\": \"https:\/\/schema.org\",\n  \"@type\": \"FAQPage\",\n  \"mainEntity\": [{\n    \"@type\": \"Question\",\n    \"name\": \"How do I write a cover letter for a career change?\",\n    \"acceptedAnswer\": {\n      \"@type\": \"Answer\",\n      \"text\": \"Career change cover letters must explicitly address why you're pivoting and how your experience transfers. Structure: Opening paragraph: Hook them with genuine enthusiasm for the new field and briefly state you're transitioning from X to Y. Show you've done research: 'Having spent 5 years in retail management, I'm now pursuing my passion for data analysis, where I can apply my analytical skills in a technology-driven environment.' Paragraph 2: Explain WHY you're making the change. Be authentic but professional: desire for new challenges, discovered a passion through side projects, want to align career with values, seeking better work-life balance, excited by industry growth. Connect emotionally but keep it brief. Paragraph 3: Bridge your experience to the new role. This is crucial. Identify 2-3 key transferable skills and provide specific examples of how you've used them: 'While managing retail operations, I developed strong data analysis skills through inventory forecasting and sales trend analysis, increasing profitability by 20%.' Use the target industry's language. Paragraph 4: Show commitment to the transition: relevant certifications, courses, projects, volunteer work, or networking you've done in the new field. This proves you're serious, not just desperate for any job. Closing: Reiterate enthusiasm and request an interview. Career change letters can be slightly longer (up to 1.5 pages) if needed to tell your story effectively.\"\n    }\n  }]\n}\n<\/script>\n\n\n\n<p class=\"faq-keywords\"><small><strong>Li\u00e9\u00a0:<\/strong> lettre de motivation reconversion, lettre de transition, changement de carri\u00e8re, changer de secteur, strat\u00e9gie lettre de motivation<\/small><\/p>\n<!-- stylingcv-hub-links --><div class=\"stylingcv-related-resources\" style=\"margin-top:30px;padding:20px;background:#f8f9fa;border-left:4px solid #1abc9c;border-radius:4px;\"><h3 style=\"margin-top:0;color:#2c3e50;\">D\u00e9couvrez plus de ressources<\/h3><ul style=\"list-style:none;padding:0;\"><li><a href=\"https:\/\/stylingcv.com\/cover-letter-writing\/\">Guide de r\u00e9daction de lettre de motivation<\/a> &mdash; Votre guide complet<\/li><li><a href=\"https:\/\/stylingcv.com\/cover-letter-examples\/\">Exemples de lettres de motivation\u00a0: 20+ mod\u00e8les qui d\u00e9crochent des entretiens (2&#8230;<\/a><\/li><li><a href=\"https:\/\/stylingcv.com\/cover-letter-type-35\/\">Comment r\u00e9diger une lettre de motivation percutante pour des postes cr\u00e9atifs&#8230;<\/a><\/li><li><a href=\"https:\/\/stylingcv.com\/cover-letter-type-29\/\">Comment r\u00e9diger une lettre de motivation percutante pour l\u2019international&#8230;<\/a><\/li><\/ul><p style=\"margin-bottom:0;font-size:14px;color:#7f8c8d;\">Pas seulement un cr\u00e9ateur de CV \u2014 un g\u00e9n\u00e9rateur intelligent qui r\u00e9fl\u00e9chit. <a href=\"https:\/\/stylingcv.com\/resume-builder\/\" style=\"color:#1abc9c;font-weight:bold;\">Cr\u00e9ez votre CV en moins de 2 minutes &rarr;<\/a><\/p><\/div><!-- \/stylingcv-hub-links --><style>.entry-content a[href*=\"ai.stylingcv.com\"]:not(.scv-exit-cta){transition:transform 0.2s ease,box-shadow 0.2s ease}.entry-content a[href*=\"ai.stylingcv.com\"]:not(.scv-exit-cta):hover{transform:translateY(-2px);box-shadow:0 4px 12px rgba(38,133,153,0.25)}<\/style>","protected":false},"excerpt":{"rendered":"<p>Cr\u00e9ez un CV solide sans exp\u00e9rience professionnelle. Mettez en avant la formation, le b\u00e9n\u00e9volat, les projets et les comp\u00e9tences qui impressionnent les recruteurs.<\/p>\n","protected":false},"author":0,"featured_media":0,"parent":62,"menu_order":0,"comment_status":"closed","ping_status":"closed","template":"","meta":{"footnotes":""},"class_list":["post-995","page","type-page","status-publish","hentry"," c-blog-1-item  nt-post-class"],"yoast_head":"<!-- This site is optimized with the Yoast SEO Premium plugin v26.5 (Yoast SEO v26.5) - https:\/\/yoast.com\/wordpress\/plugins\/seo\/ -->\n<title>R\u00e9diger un CV sans exp\u00e9rience professionnelle | StylingCV<\/title>\n<meta name=\"description\" content=\"Cat\u00e9gorie : FAQ Lettre de motivation. Comment r\u00e9diger une lettre de motivation pour une reconversion professionnelle ?\" \/>\n<meta name=\"robots\" content=\"index, follow, max-snippet:-1, max-image-preview:large, max-video-preview:-1\" \/>\n<link rel=\"canonical\" href=\"https:\/\/stylingcv.com\/fr\/cover-letter-writing\/career-change-cover-letter\/\" \/>\n<meta property=\"og:locale\" content=\"en_US\" \/>\n<meta property=\"og:type\" content=\"article\" \/>\n<meta property=\"og:title\" content=\"Comment r\u00e9diger une lettre de motivation pour une reconversion professionnelle\u00a0?\" \/>\n<meta property=\"og:description\" content=\"Cat\u00e9gorie : FAQ Lettre de motivation. Comment r\u00e9diger une lettre de motivation pour une reconversion professionnelle ?\" \/>\n<meta property=\"og:url\" content=\"https:\/\/stylingcv.com\/fr\/cover-letter-writing\/career-change-cover-letter\/\" \/>\n<meta property=\"og:site_name\" content=\"StylingCV - Fran\u00e7ais\" \/>\n<meta name=\"twitter:card\" content=\"summary_large_image\" \/>\n<meta name=\"twitter:label1\" content=\"Est. reading time\" \/>\n\t<meta name=\"twitter:data1\" content=\"3 minutes\" \/>\n<script type=\"application\/ld+json\" class=\"yoast-schema-graph\">{\"@context\":\"https:\/\/schema.org\",\"@graph\":[{\"@type\":\"WebPage\",\"@id\":\"https:\/\/wp.stylingcv.com\/fr\/cover-letter-writing\/career-change-cover-letter\/\",\"url\":\"https:\/\/wp.stylingcv.com\/fr\/cover-letter-writing\/career-change-cover-letter\/\",\"name\":\"R\u00e9diger un CV sans exp\u00e9rience professionnelle | StylingCV\",\"isPartOf\":{\"@id\":\"https:\/\/wp.stylingcv.com\/fr\/#website\"},\"datePublished\":\"2026-02-25T03:43:18+00:00\",\"description\":\"Cat\u00e9gorie : FAQ Lettre de motivation. Comment r\u00e9diger une lettre de motivation pour une reconversion professionnelle ?\",\"breadcrumb\":{\"@id\":\"https:\/\/wp.stylingcv.com\/fr\/cover-letter-writing\/career-change-cover-letter\/#breadcrumb\"},\"inLanguage\":\"en-US\",\"potentialAction\":[{\"@type\":\"ReadAction\",\"target\":[\"https:\/\/wp.stylingcv.com\/fr\/cover-letter-writing\/career-change-cover-letter\/\"]}]},{\"@type\":\"BreadcrumbList\",\"@id\":\"https:\/\/wp.stylingcv.com\/fr\/cover-letter-writing\/career-change-cover-letter\/#breadcrumb\",\"itemListElement\":[{\"@type\":\"ListItem\",\"position\":1,\"name\":\"Home\",\"item\":\"https:\/\/wp.stylingcv.com\/fr\/\"},{\"@type\":\"ListItem\",\"position\":2,\"name\":\"R\u00e9daction de Lettre de Motivation\",\"item\":\"https:\/\/wp.stylingcv.com\/fr\/cover-letter-writing\/\"},{\"@type\":\"ListItem\",\"position\":3,\"name\":\"Comment r\u00e9diger une lettre de motivation pour une reconversion professionnelle\u00a0?\"}]},{\"@type\":\"WebSite\",\"@id\":\"https:\/\/wp.stylingcv.com\/fr\/#website\",\"url\":\"https:\/\/wp.stylingcv.com\/fr\/\",\"name\":\"StylingCV - Fran\u00e7ais\",\"description\":\"\",\"potentialAction\":[{\"@type\":\"SearchAction\",\"target\":{\"@type\":\"EntryPoint\",\"urlTemplate\":\"https:\/\/wp.stylingcv.com\/fr\/?s={search_term_string}\"},\"query-input\":{\"@type\":\"PropertyValueSpecification\",\"valueRequired\":true,\"valueName\":\"search_term_string\"}}],\"inLanguage\":\"en-US\"}]}<\/script>\n<!-- \/ Yoast SEO Premium plugin. -->","yoast_head_json":{"title":"R\u00e9diger un CV sans exp\u00e9rience professionnelle | StylingCV","description":"Cat\u00e9gorie : FAQ Lettre de motivation. Comment r\u00e9diger une lettre de motivation pour une reconversion professionnelle ?","robots":{"index":"index","follow":"follow","max-snippet":"max-snippet:-1","max-image-preview":"max-image-preview:large","max-video-preview":"max-video-preview:-1"},"canonical":"https:\/\/stylingcv.com\/fr\/cover-letter-writing\/career-change-cover-letter\/","og_locale":"en_US","og_type":"article","og_title":"Comment r\u00e9diger une lettre de motivation pour une reconversion professionnelle\u00a0?","og_description":"Cat\u00e9gorie : FAQ Lettre de motivation. Comment r\u00e9diger une lettre de motivation pour une reconversion professionnelle ?","og_url":"https:\/\/stylingcv.com\/fr\/cover-letter-writing\/career-change-cover-letter\/","og_site_name":"StylingCV - Fran\u00e7ais","twitter_card":"summary_large_image","twitter_misc":{"Est. reading time":"3 minutes"},"schema":{"@context":"https:\/\/schema.org","@graph":[{"@type":"WebPage","@id":"https:\/\/wp.stylingcv.com\/fr\/cover-letter-writing\/career-change-cover-letter\/","url":"https:\/\/wp.stylingcv.com\/fr\/cover-letter-writing\/career-change-cover-letter\/","name":"R\u00e9diger un CV sans exp\u00e9rience professionnelle | StylingCV","isPartOf":{"@id":"https:\/\/wp.stylingcv.com\/fr\/#website"},"datePublished":"2026-02-25T03:43:18+00:00","description":"Cat\u00e9gorie : FAQ Lettre de motivation. Comment r\u00e9diger une lettre de motivation pour une reconversion professionnelle ?","breadcrumb":{"@id":"https:\/\/wp.stylingcv.com\/fr\/cover-letter-writing\/career-change-cover-letter\/#breadcrumb"},"inLanguage":"en-US","potentialAction":[{"@type":"ReadAction","target":["https:\/\/wp.stylingcv.com\/fr\/cover-letter-writing\/career-change-cover-letter\/"]}]},{"@type":"BreadcrumbList","@id":"https:\/\/wp.stylingcv.com\/fr\/cover-letter-writing\/career-change-cover-letter\/#breadcrumb","itemListElement":[{"@type":"ListItem","position":1,"name":"Home","item":"https:\/\/wp.stylingcv.com\/fr\/"},{"@type":"ListItem","position":2,"name":"R\u00e9daction de Lettre de Motivation","item":"https:\/\/wp.stylingcv.com\/fr\/cover-letter-writing\/"},{"@type":"ListItem","position":3,"name":"Comment r\u00e9diger une lettre de motivation pour une reconversion professionnelle\u00a0?"}]},{"@type":"WebSite","@id":"https:\/\/wp.stylingcv.com\/fr\/#website","url":"https:\/\/wp.stylingcv.com\/fr\/","name":"StylingCV - Fran\u00e7ais","description":"","potentialAction":[{"@type":"SearchAction","target":{"@type":"EntryPoint","urlTemplate":"https:\/\/wp.stylingcv.com\/fr\/?s={search_term_string}"},"query-input":{"@type":"PropertyValueSpecification","valueRequired":true,"valueName":"search_term_string"}}],"inLanguage":"en-US"}]}},"_links":{"self":[{"href":"https:\/\/wp.stylingcv.com\/fr\/wp-json\/wp\/v2\/pages\/995","targetHints":{"allow":["GET"]}}],"collection":[{"href":"https:\/\/wp.stylingcv.com\/fr\/wp-json\/wp\/v2\/pages"}],"about":[{"href":"https:\/\/wp.stylingcv.com\/fr\/wp-json\/wp\/v2\/types\/page"}],"replies":[{"embeddable":true,"href":"https:\/\/wp.stylingcv.com\/fr\/wp-json\/wp\/v2\/comments?post=995"}],"version-history":[{"count":0,"href":"https:\/\/wp.stylingcv.com\/fr\/wp-json\/wp\/v2\/pages\/995\/revisions"}],"up":[{"embeddable":true,"href":"https:\/\/wp.stylingcv.com\/fr\/wp-json\/wp\/v2\/pages\/62"}],"wp:attachment":[{"href":"https:\/\/wp.stylingcv.com\/fr\/wp-json\/wp\/v2\/media?parent=995"}],"curies":[{"name":"wp","href":"https:\/\/api.w.org\/{rel}","templated":true}]}}