{"id":971,"date":"2026-02-25T03:42:27","date_gmt":"2026-02-25T03:42:27","guid":{"rendered":"https:\/\/stylingcv.com\/fr\/guides-cv-carriere-ressources-experts\/meilleure-facon-negocier-salaire-apres-offre-emploi\/"},"modified":"2026-02-25T03:42:27","modified_gmt":"2026-02-25T03:42:27","slug":"salary-negotiation-guide-2","status":"publish","type":"page","link":"https:\/\/wp.stylingcv.com\/fr\/guides\/salary-negotiation-guide-2\/","title":{"rendered":"Quelle est la meilleure fa\u00e7on de n\u00e9gocier son salaire apr\u00e8s avoir re\u00e7u une offre d&#8217;emploi\u00a0?"},"content":{"rendered":"\n<p class=\"faq-category\"><strong>Cat\u00e9gorie&nbsp;:<\/strong> FAQ Strat\u00e9gie de recherche d&#8217;emploi<\/p>\n\n\n\n<h2 class=\"wp-block-heading\">Quelle est la meilleure fa\u00e7on de n\u00e9gocier son salaire apr\u00e8s avoir re\u00e7u une offre d&#8217;emploi&nbsp;?<\/h2>\n\n\n\n<p>La n\u00e9gociation salariale est attendue et respect\u00e9e&nbsp;: environ 80&nbsp;% des employeurs s&#8217;attendent \u00e0 ce que les candidats n\u00e9gocient. Commencez par faire vos recherches \u00e0 l&#8217;aide de Glassdoor, Salary.com, PayScale ou de rapports sectoriels pour comprendre le salaire du march\u00e9 pour votre poste, votre localisation et votre niveau d&#8217;exp\u00e9rience. Lorsque vous recevez l&#8217;offre, exprimez d&#8217;abord votre enthousiasme&nbsp;: \u00ab&nbsp;Je suis tr\u00e8s enthousiaste \u00e0 l&#8217;id\u00e9e de cette opportunit\u00e9 et reconnaissant pour l&#8217;offre.&nbsp;\u00bb Ensuite, si le salaire est inf\u00e9rieur \u00e0 vos attentes, dites&nbsp;: \u00ab&nbsp;J&#8217;esp\u00e9rais quelque chose de plus proche de [votre objectif]. D&#8217;apr\u00e8s mes recherches et mon exp\u00e9rience, y a-t-il une flexibilit\u00e9 sur le salaire&nbsp;?&nbsp;\u00bb Donnez toujours un chiffre pr\u00e9cis ou une fourchette \u00e9troite (ne dites pas \u00ab&nbsp;plus d&#8217;argent&nbsp;\u00bb). Si l&#8217;on vous demande vos attentes salariales t\u00f4t dans le processus, d\u00e9tournez la question au d\u00e9but&nbsp;: \u00ab&nbsp;J&#8217;aimerais en savoir plus sur le poste d&#8217;abord. Quelle est la fourchette budg\u00e9t\u00e9e pour ce poste&nbsp;?&nbsp;\u00bb Si on insiste, fournissez une fourchette bas\u00e9e sur vos recherches, en vous assurant que le bas de votre fourchette vous convient. Prenez en compte l&#8217;ensemble du package de r\u00e9mun\u00e9ration&nbsp;: avantages, cong\u00e9s pay\u00e9s, prime \u00e0 la signature, actions, t\u00e9l\u00e9travail, budget de d\u00e9veloppement professionnel. S&#8217;ils ne peuvent pas augmenter le salaire de base, n\u00e9gociez ces autres \u00e9l\u00e9ments. Soyez pr\u00eat \u00e0 justifier votre demande avec des exemples concrets de votre valeur. Restez professionnel et positif tout au long du processus. N&#8217;oubliez pas&nbsp;: n\u00e9gocier montre que vous connaissez votre valeur.<\/p>\n\n\n\n<hr class=\"wp-block-separator has-alpha-channel-opacity\"\/>\n\n\n\n<h3 class=\"wp-block-heading\">Besoin d&#8217;aide pour votre CV&nbsp;?<\/h3>\n\n\n\n<p>Notre cr\u00e9ateur de CV aliment\u00e9 par l&#8217;IA sur <a href=\"https:\/\/ai.stylingcv.com\/ai-generatorsignup?utm_source=stylingcv&utm_medium=website&utm_campaign=cta&utm_content=salary-negotiation-guide-2\" target=\"_blank\" rel=\"noopener\">StylingCV AI<\/a> peut vous aider \u00e0 cr\u00e9er un CV professionnel optimis\u00e9 ATS en quelques minutes. Commencez d\u00e8s aujourd&#8217;hui&nbsp;!<\/p>\n\n\n\n<div class=\"wp-block-buttons is-layout-flex wp-block-buttons-is-layout-flex\">\n\n<div class=\"wp-block-button cta-button\"><a class=\"wp-block-button__link has-primary-background-color has-background wp-element-button\" href=\"https:\/\/ai.stylingcv.com\/ai-generatorsignup?utm_source=stylingcv&utm_medium=website&utm_campaign=cta&utm_content=salary-negotiation-guide-2\" target=\"_blank\" rel=\"noopener\">Essayez StylingCV AI gratuitement \u2192<\/a><\/div>\n\n\n\n\n<p>\ud83d\udc49 <a href=\"https:\/\/stylingcv.com\/guides\/\">guides de r\u00e9daction de CV<\/a><\/p>\n\n<p>\ud83d\udc49 <a href=\"https:\/\/stylingcv.com\/resume-templates\/\">mod\u00e8les de CV professionnels<\/a><\/p>\n\n<p><strong>\ud83d\udca1 Astuce Pro&nbsp;:<\/strong> StylingCV n&#8217;est pas seulement un cr\u00e9ateur de CV \u2014 c&#8217;est un cr\u00e9ateur intelligent qui r\u00e9fl\u00e9chit. <a href=\"https:\/\/stylingcv.com\/resume-builder\/\">meilleur cr\u00e9ateur de CV IA 2026<\/a> en moins de 2 minutes.<\/p>\n<\/div>\n\n\n\n<script type=\"application\/ld+json\">\n{\n  \"@context\": \"https:\/\/schema.org\",\n  \"@type\": \"FAQPage\",\n  \"mainEntity\": [{\n    \"@type\": \"Question\",\n    \"name\": \"What's the best way to negotiate salary after receiving a job offer?\",\n    \"acceptedAnswer\": {\n      \"@type\": \"Answer\",\n      \"text\": \"Salary negotiation is expected and respected - about 80% of employers expect candidates to negotiate. First, do your research using Glassdoor, Salary.com, PayScale, or industry reports to understand the market rate for your role, location, and experience level. When you receive the offer, express enthusiasm first: 'I'm very excited about this opportunity and grateful for the offer.' Then, if the salary is below your expectations, say: 'I was hoping for something closer to [your target]. Based on my research and experience, is there flexibility in the salary?' Always give a specific number or narrow range (don't say 'more money'). If they ask for your salary expectations early in the process, deflect initially: 'I'd like to learn more about the role first. What's the budgeted range for this position?' If pressed, provide a range based on your research, making sure the bottom of your range is acceptable to you. Consider the total compensation package - benefits, PTO, signing bonus, equity, remote flexibility, professional development budget. If they can't move on base salary, negotiate these other elements. Be prepared to justify your ask with concrete examples of your value. Stay professional and positive throughout. Remember: negotiating shows you understand your worth.\"\n    }\n  }]\n}\n<\/script>\n\n\n\n<p class=\"faq-keywords\"><small><strong>Li\u00e9&nbsp;:<\/strong> n\u00e9gociation salariale, offre d&#8217;emploi, r\u00e9mun\u00e9ration, n\u00e9gocier salaire, discussion salaire<\/small><\/p>\n<!-- stylingcv-hub-links --><div class=\"stylingcv-related-resources\" style=\"margin-top:30px;padding:20px;background:#f8f9fa;border-left:4px solid #1abc9c;border-radius:4px;\"><h3 style=\"margin-top:0;color:#2c3e50;\">D\u00e9couvrez plus de ressources<\/h3><ul style=\"list-style:none;padding:0;\"><li><a href=\"https:\/\/stylingcv.com\/guides\/\">Guides de carri\u00e8re<\/a> &mdash; Votre guide complet<\/li><li><a href=\"https:\/\/stylingcv.com\/job-search-job-boards-50\/\">Quelles sont les meilleures pratiques pour les sites d&#8217;emploi dans ma recherche&nbsp;?<\/a><\/li><li><a href=\"https:\/\/stylingcv.com\/saudi-labor-law-resume-requirements-what-expats-must-know-in-2026\/\">Droit du travail saoudien &amp;amp; exigences CV&nbsp;: ce que les expatri\u00e9s doivent savoir<\/a><\/li><li><a href=\"https:\/\/stylingcv.com\/job-offer-evaluation-87\/\">Comment aborder les discussions d&#8217;\u00e9valuation d&#8217;offre d&#8217;emploi et prendre une d\u00e9cision&nbsp;?<\/a><\/li><\/ul><p style=\"margin-bottom:0;font-size:14px;color:#7f8c8d;\">Pas seulement un cr\u00e9ateur de CV \u2014 un cr\u00e9ateur intelligent qui r\u00e9fl\u00e9chit. <a href=\"https:\/\/stylingcv.com\/resume-builder\/\" style=\"color:#1abc9c;font-weight:bold;\">Cr\u00e9ez votre CV en moins de 2 minutes &rarr;<\/a><\/p><\/div><!-- \/stylingcv-hub-links --><style>.entry-content a[href*=\"ai.stylingcv.com\"]:not(.scv-exit-cta){transition:transform 0.2s ease,box-shadow 0.2s ease}.entry-content a[href*=\"ai.stylingcv.com\"]:not(.scv-exit-cta):hover{transform:translateY(-2px);box-shadow:0 4px 12px rgba(38,133,153,0.25)}<\/style>","protected":false},"excerpt":{"rendered":"<p>R\u00e9digez un CV pour les march\u00e9s internationaux. Comprenez les diff\u00e9rences r\u00e9gionales de format, les attentes en contenu et les aspects culturels.<\/p>\n","protected":false},"author":0,"featured_media":0,"parent":484,"menu_order":0,"comment_status":"closed","ping_status":"closed","template":"","meta":{"footnotes":""},"class_list":["post-971","page","type-page","status-publish","hentry"," c-blog-1-item  nt-post-class"],"yoast_head":"<!-- This site is optimized with the Yoast SEO Premium plugin v26.5 (Yoast SEO v26.5) - https:\/\/yoast.com\/wordpress\/plugins\/seo\/ -->\n<title>Conseils pour r\u00e9diger un CV international | StylingCV<\/title>\n<meta name=\"description\" content=\"Cat\u00e9gorie : FAQ Strat\u00e9gie de recherche d&#039;emploi. Quelle est la meilleure fa\u00e7on de n\u00e9gocier son salaire apr\u00e8s une offre d&#039;emploi ?\" \/>\n<meta name=\"robots\" content=\"index, follow, max-snippet:-1, max-image-preview:large, max-video-preview:-1\" \/>\n<link rel=\"canonical\" href=\"https:\/\/stylingcv.com\/fr\/guides\/salary-negotiation-guide-2\/\" \/>\n<meta property=\"og:locale\" content=\"en_US\" \/>\n<meta property=\"og:type\" content=\"article\" \/>\n<meta property=\"og:title\" content=\"Quelle est la meilleure fa\u00e7on de n\u00e9gocier son salaire apr\u00e8s avoir re\u00e7u une offre d&#039;emploi\u00a0?\" \/>\n<meta property=\"og:description\" content=\"Cat\u00e9gorie : FAQ Strat\u00e9gie de recherche d&#039;emploi. Quelle est la meilleure fa\u00e7on de n\u00e9gocier son salaire apr\u00e8s une offre d&#039;emploi ?\" \/>\n<meta property=\"og:url\" content=\"https:\/\/stylingcv.com\/fr\/guides\/salary-negotiation-guide-2\/\" \/>\n<meta property=\"og:site_name\" content=\"StylingCV - Fran\u00e7ais\" \/>\n<meta name=\"twitter:card\" content=\"summary_large_image\" \/>\n<meta name=\"twitter:label1\" content=\"Est. reading time\" \/>\n\t<meta name=\"twitter:data1\" content=\"2 minutes\" \/>\n<script type=\"application\/ld+json\" class=\"yoast-schema-graph\">{\"@context\":\"https:\/\/schema.org\",\"@graph\":[{\"@type\":\"WebPage\",\"@id\":\"https:\/\/wp.stylingcv.com\/fr\/guides\/salary-negotiation-guide-2\/\",\"url\":\"https:\/\/wp.stylingcv.com\/fr\/guides\/salary-negotiation-guide-2\/\",\"name\":\"Conseils pour r\u00e9diger un CV international | StylingCV\",\"isPartOf\":{\"@id\":\"https:\/\/wp.stylingcv.com\/fr\/#website\"},\"datePublished\":\"2026-02-25T03:42:27+00:00\",\"description\":\"Cat\u00e9gorie : FAQ Strat\u00e9gie de recherche d'emploi. Quelle est la meilleure fa\u00e7on de n\u00e9gocier son salaire apr\u00e8s une offre d'emploi ?\",\"breadcrumb\":{\"@id\":\"https:\/\/wp.stylingcv.com\/fr\/guides\/salary-negotiation-guide-2\/#breadcrumb\"},\"inLanguage\":\"en-US\",\"potentialAction\":[{\"@type\":\"ReadAction\",\"target\":[\"https:\/\/wp.stylingcv.com\/fr\/guides\/salary-negotiation-guide-2\/\"]}]},{\"@type\":\"BreadcrumbList\",\"@id\":\"https:\/\/wp.stylingcv.com\/fr\/guides\/salary-negotiation-guide-2\/#breadcrumb\",\"itemListElement\":[{\"@type\":\"ListItem\",\"position\":1,\"name\":\"Home\",\"item\":\"https:\/\/wp.stylingcv.com\/fr\/\"},{\"@type\":\"ListItem\",\"position\":2,\"name\":\"Guides CV &#038; Carri\u00e8re : Ressources d\u2019Experts pour Candidats\",\"item\":\"https:\/\/wp.stylingcv.com\/fr\/guides\/\"},{\"@type\":\"ListItem\",\"position\":3,\"name\":\"Quelle est la meilleure fa\u00e7on de n\u00e9gocier son salaire apr\u00e8s avoir re\u00e7u une offre d&#8217;emploi\u00a0?\"}]},{\"@type\":\"WebSite\",\"@id\":\"https:\/\/wp.stylingcv.com\/fr\/#website\",\"url\":\"https:\/\/wp.stylingcv.com\/fr\/\",\"name\":\"StylingCV - Fran\u00e7ais\",\"description\":\"\",\"potentialAction\":[{\"@type\":\"SearchAction\",\"target\":{\"@type\":\"EntryPoint\",\"urlTemplate\":\"https:\/\/wp.stylingcv.com\/fr\/?s={search_term_string}\"},\"query-input\":{\"@type\":\"PropertyValueSpecification\",\"valueRequired\":true,\"valueName\":\"search_term_string\"}}],\"inLanguage\":\"en-US\"}]}<\/script>\n<!-- \/ Yoast SEO Premium plugin. -->","yoast_head_json":{"title":"Conseils pour r\u00e9diger un CV international | StylingCV","description":"Cat\u00e9gorie : FAQ Strat\u00e9gie de recherche d'emploi. Quelle est la meilleure fa\u00e7on de n\u00e9gocier son salaire apr\u00e8s une offre d'emploi ?","robots":{"index":"index","follow":"follow","max-snippet":"max-snippet:-1","max-image-preview":"max-image-preview:large","max-video-preview":"max-video-preview:-1"},"canonical":"https:\/\/stylingcv.com\/fr\/guides\/salary-negotiation-guide-2\/","og_locale":"en_US","og_type":"article","og_title":"Quelle est la meilleure fa\u00e7on de n\u00e9gocier son salaire apr\u00e8s avoir re\u00e7u une offre d'emploi\u00a0?","og_description":"Cat\u00e9gorie : FAQ Strat\u00e9gie de recherche d'emploi. Quelle est la meilleure fa\u00e7on de n\u00e9gocier son salaire apr\u00e8s une offre d'emploi ?","og_url":"https:\/\/stylingcv.com\/fr\/guides\/salary-negotiation-guide-2\/","og_site_name":"StylingCV - Fran\u00e7ais","twitter_card":"summary_large_image","twitter_misc":{"Est. reading time":"2 minutes"},"schema":{"@context":"https:\/\/schema.org","@graph":[{"@type":"WebPage","@id":"https:\/\/wp.stylingcv.com\/fr\/guides\/salary-negotiation-guide-2\/","url":"https:\/\/wp.stylingcv.com\/fr\/guides\/salary-negotiation-guide-2\/","name":"Conseils pour r\u00e9diger un CV international | StylingCV","isPartOf":{"@id":"https:\/\/wp.stylingcv.com\/fr\/#website"},"datePublished":"2026-02-25T03:42:27+00:00","description":"Cat\u00e9gorie : FAQ Strat\u00e9gie de recherche d'emploi. Quelle est la meilleure fa\u00e7on de n\u00e9gocier son salaire apr\u00e8s une offre d'emploi ?","breadcrumb":{"@id":"https:\/\/wp.stylingcv.com\/fr\/guides\/salary-negotiation-guide-2\/#breadcrumb"},"inLanguage":"en-US","potentialAction":[{"@type":"ReadAction","target":["https:\/\/wp.stylingcv.com\/fr\/guides\/salary-negotiation-guide-2\/"]}]},{"@type":"BreadcrumbList","@id":"https:\/\/wp.stylingcv.com\/fr\/guides\/salary-negotiation-guide-2\/#breadcrumb","itemListElement":[{"@type":"ListItem","position":1,"name":"Home","item":"https:\/\/wp.stylingcv.com\/fr\/"},{"@type":"ListItem","position":2,"name":"Guides CV &#038; Carri\u00e8re : Ressources d\u2019Experts pour Candidats","item":"https:\/\/wp.stylingcv.com\/fr\/guides\/"},{"@type":"ListItem","position":3,"name":"Quelle est la meilleure fa\u00e7on de n\u00e9gocier son salaire apr\u00e8s avoir re\u00e7u une offre d&#8217;emploi\u00a0?"}]},{"@type":"WebSite","@id":"https:\/\/wp.stylingcv.com\/fr\/#website","url":"https:\/\/wp.stylingcv.com\/fr\/","name":"StylingCV - Fran\u00e7ais","description":"","potentialAction":[{"@type":"SearchAction","target":{"@type":"EntryPoint","urlTemplate":"https:\/\/wp.stylingcv.com\/fr\/?s={search_term_string}"},"query-input":{"@type":"PropertyValueSpecification","valueRequired":true,"valueName":"search_term_string"}}],"inLanguage":"en-US"}]}},"_links":{"self":[{"href":"https:\/\/wp.stylingcv.com\/fr\/wp-json\/wp\/v2\/pages\/971","targetHints":{"allow":["GET"]}}],"collection":[{"href":"https:\/\/wp.stylingcv.com\/fr\/wp-json\/wp\/v2\/pages"}],"about":[{"href":"https:\/\/wp.stylingcv.com\/fr\/wp-json\/wp\/v2\/types\/page"}],"replies":[{"embeddable":true,"href":"https:\/\/wp.stylingcv.com\/fr\/wp-json\/wp\/v2\/comments?post=971"}],"version-history":[{"count":0,"href":"https:\/\/wp.stylingcv.com\/fr\/wp-json\/wp\/v2\/pages\/971\/revisions"}],"up":[{"embeddable":true,"href":"https:\/\/wp.stylingcv.com\/fr\/wp-json\/wp\/v2\/pages\/484"}],"wp:attachment":[{"href":"https:\/\/wp.stylingcv.com\/fr\/wp-json\/wp\/v2\/media?parent=971"}],"curies":[{"name":"wp","href":"https:\/\/api.w.org\/{rel}","templated":true}]}}