{"id":939,"date":"2026-02-25T03:39:18","date_gmt":"2026-02-25T03:39:18","guid":{"rendered":"https:\/\/stylingcv.com\/fr\/faq\/optimiser-cv-ats-secteur-public\/"},"modified":"2026-02-25T03:39:18","modified_gmt":"2026-02-25T03:39:18","slug":"ats-industry-46","status":"publish","type":"page","link":"https:\/\/wp.stylingcv.com\/fr\/faq\/ats-industry-46\/","title":{"rendered":"Comment optimiser mon CV pour les syst\u00e8mes ATS dans le secteur public\u00a0?"},"content":{"rendered":"\n<style>\n.faq-hero{background:linear-gradient(135deg,#0d2b3e 0%,#0d4f6e 50%,#0a7c6b 100%);padding:48px 40px 40px;border-radius:0 0 24px 24px;position:relative;overflow:hidden}\n.faq-hero::before{content:'';position:absolute;top:-50%;right:-10%;width:400px;height:400px;background:radial-gradient(circle,rgba(20,184,166,.15),transparent 70%);border-radius:50%}\n.faq-breadcrumb{display:flex;align-items:center;gap:8px;margin-bottom:20px;font-size:13px;color:rgba(255,255,255,.6);flex-wrap:wrap}\n.faq-breadcrumb a{color:rgba(255,255,255,.7);text-decoration:none}.faq-breadcrumb a:hover{color:#14b8a6}\n.faq-breadcrumb .sep{color:rgba(255,255,255,.35)}\n.faq-category-badge{display:inline-flex;align-items:center;gap:6px;background:rgba(20,184,166,.2);color:#14b8a6;border:1px solid rgba(20,184,166,.3);border-radius:20px;padding:4px 14px;font-size:12px;font-weight:600;letter-spacing:.5px;text-transform:uppercase;margin-bottom:16px}\n.faq-hero-title{font-size:clamp(22px,3.5vw,36px);font-weight:800;color:#fff;line-height:1.25;margin:0 0 8px;max-width:800px}\n.faq-meta{display:flex;gap:20px;margin-top:16px;flex-wrap:wrap}\n.faq-meta-item{color:rgba(255,255,255,.55);font-size:13px}\n.faq-content-wrap{max-width:860px;margin:0 auto;padding:0 20px 60px}\n.faq-quick-answer{background:linear-gradient(135deg,#f0fdfa,#e6fffa);border-left:4px solid #14b8a6;border-radius:0 12px 12px 0;padding:20px 24px;margin:32px 0}\n.faq-quick-answer::before{content:'\u26a1 Quick Answer';display:block;font-size:11px;font-weight:700;color:#0d9488;letter-spacing:1px;text-transform:uppercase;margin-bottom:10px}\n.faq-quick-answer p{margin:0;color:#134e4a;font-size:15px;line-height:1.7;font-weight:500}\n.faq-answer-card{background:#fff;border-radius:16px;padding:32px;margin:0 0 28px;box-shadow:0 2px 20px rgba(0,0,0,.06);border:1px solid #f1f5f9}\n.faq-answer-card h3{font-size:17px;font-weight:700;color:#0f2744;margin:0 0 12px;padding-bottom:10px;border-bottom:2px solid #f1f5f9}\n.faq-answer-card p{color:#374151;line-height:1.75;font-size:15px;margin:0 0 12px}.faq-answer-card p:last-child{margin:0}\n.faq-related{background:#f8fafc;border-radius:16px;padding:28px 32px;margin:28px 0}\n.faq-related h3{font-size:16px;font-weight:700;color:#0f2744;margin:0 0 16px}\n.faq-related-grid{display:grid;grid-template-columns:repeat(auto-fit,minmax(200px,1fr));gap:10px}\n.faq-related-link{display:flex;align-items:center;gap:8px;padding:10px 14px;background:#fff;border-radius:10px;text-decoration:none;color:#0d4f6e;font-size:13px;font-weight:500;border:1px solid #e2e8f0;transition:.2s}\n.faq-related-link:hover{border-color:#14b8a6;color:#0a7c6b;background:#f0fdfa}\n.faq-related-link::before{content:'\u2192';color:#14b8a6;font-weight:700;flex-shrink:0}\n.faq-cta-box{background:linear-gradient(135deg,#0d2b3e,#0a7c6b);border-radius:20px;padding:36px;text-align:center;margin:36px 0 0}\n.faq-cta-box h3{color:#fff;font-size:22px;font-weight:800;margin:0 0 8px}\n.faq-cta-box p{color:rgba(255,255,255,.75);font-size:14px;margin:0 0 20px}\n.faq-cta-btn{display:inline-flex;align-items:center;gap:8px;background:#e8713a;color:#fff;padding:14px 28px;border-radius:10px;font-weight:700;font-size:15px;text-decoration:none}\n.faq-cta-btn:hover{background:#d4622b}\n@media(max-width:640px){.faq-hero{padding:32px 20px 28px}.faq-content-wrap{padding:0 12px 40px}.faq-answer-card,.faq-cta-box{padding:20px}}\n<\/style>\n<div class=\"faq-hero\">\n  <div class=\"faq-breadcrumb\"><a href=\"https:\/\/stylingcv.com\/\">Accueil<\/a><span class=\"sep\">\u203a<\/span><a href=\"https:\/\/stylingcv.com\/faq\/\">FAQ<\/a><span class=\"sep\">\u203a<\/span><span>FAQ<\/span><\/div>\n  <div class=\"faq-category-badge\">\ud83d\udccb FAQ<\/div>\n  <h1 class=\"faq-hero-title\">Comment optimiser mon CV pour les syst\u00e8mes ATS dans le secteur public\u00a0?<\/h1>\n  <div class=\"faq-meta\"><span class=\"faq-meta-item\">\ud83d\udcc5 Mis \u00e0 jour en mars 2026<\/span> &nbsp; <span class=\"faq-meta-item\">\u23f1 3 min de lecture<\/span> &nbsp; <span class=\"faq-meta-item\">\u2705 V\u00e9rifi\u00e9 par un expert<\/span><\/div>\n<\/div>\n\n\n\n<div class=\"faq-content-wrap\">\n  <div class=\"faq-quick-answer\"><p>Commencez par analyser 10 \u00e0 15 offres d&#8217;emploi dans le secteur public cibl\u00e9 afin d\u2019identifier les mots-cl\u00e9s communs, les comp\u00e9tences requises et la terminologie du secteur. Incluez \u00e0 la fois les acronymes et les versions compl\u00e8tes (par exemple, Office of Personnel Mana&#8230;<\/p><\/div>\n  <div class=\"faq-answer-card\"><h3>\ud83d\udcd6 R\u00e9ponse compl\u00e8te<\/h3>\n    <p>Commencez par analyser 10 \u00e0 15 offres d&#8217;emploi dans le secteur public cibl\u00e9 afin d\u2019identifier les mots-cl\u00e9s communs, les comp\u00e9tences requises et la terminologie du secteur.  Incluez \u00e0 la fois les acronymes et les versions compl\u00e8tes (par exemple, Office of Personnel Management (OPM)).<\/p>\n    <p>Utilisez des titres de section standards, une mise en page simple, et listez explicitement les comp\u00e9tences dans une section d\u00e9di\u00e9e.  Pour les postes f\u00e9d\u00e9raux, cr\u00e9ez un CV plus long (3 \u00e0 5 pages) avec un historique professionnel d\u00e9taill\u00e9 incluant les adresses des employeurs, les contacts des superviseurs, les heures travaill\u00e9es et le salaire.<\/p>\n  <\/div>\n  <div class=\"faq-cta-box\">\n    <h3>\ud83d\ude80 Pr\u00eat \u00e0 d\u00e9crocher l&#8217;emploi de vos r\u00eaves\u00a0?<\/h3>\n    <p>Cr\u00e9ez un CV professionnel optimis\u00e9 ATS en quelques minutes avec StylingCV AI \u2014 approuv\u00e9 par plus de 6 millions de candidats dans le monde.<\/p>\n    <a class=\"faq-cta-btn\" href=\"https:\/\/ai.stylingcv.com\/ai-generatorsignup?utm_source=stylingcv&utm_medium=website&utm_campaign=cta&utm_content=ats-industry-46\" target=\"_blank\" rel=\"noopener\">Essayez StylingCV AI gratuitement \u2192<\/a>\n  <\/div>\n<\/div>\n\n\n\n<script type=\"application\/ld+json\">\n{\n  \"@context\": \"https:\/\/schema.org\",\n  \"@type\": \"FAQPage\",\n  \"mainEntity\": [\n    {\n      \"@type\": \"Question\",\n      \"name\": \"Comment optimiser mon CV pour les syst\u00e8mes ATS dans le secteur public\u00a0?\",\n      \"acceptedAnswer\": {\n        \"@type\": \"Answer\",\n        \"text\": \"Commencez par analyser 10 \u00e0 15 offres d'emploi dans le secteur public cibl\u00e9 afin d\u2019identifier les mots-cl\u00e9s communs, les comp\u00e9tences requises et la terminologie du secteur. Incluez \u00e0 la fois les acronymes et les versions compl\u00e8tes (par exemple, Office of Personnel Management (OPM)). Utilisez des titres de section standards, une mise en page simple, et listez explicitement les comp\u00e9tences dans une section d\u00e9di\u00e9e. Pour les postes f\u00e9d\u00e9raux, cr\u00e9ez un CV plus long (3 \u00e0 5 pages) avec un historique professionnel d\u00e9taill\u00e9 incluant les adresses des employeurs, les contacts des superviseurs, les heures travaill\u00e9es et le salaire.\n\"\n      }\n    },\n    {\n      \"@type\": \"Question\",\n      \"name\": \"Quels mots-cl\u00e9s dois-je inclure pour les syst\u00e8mes ATS gouvernementaux\u00a0?\",\n      \"acceptedAnswer\": {\n        \"@type\": \"Answer\",\n        \"text\": \"Les mots-cl\u00e9s sp\u00e9cifiques au secteur public incluent les r\u00e9glementations f\u00e9d\u00e9rales (CFR, FAR, FOIA), les niveaux d\u2019habilitation de s\u00e9curit\u00e9 (Secret, Top Secret, TS\/SCI), les termes d\u2019achat public (RFP, GSA, SAM), la terminologie budg\u00e9taire (cr\u00e9dits, gestion fiscale), les normes de conformit\u00e9 (FISMA, NIST, FedRAMP) et les acronymes propres \u00e0 chaque agence. Incluez toujours le terme complet et l\u2019acronyme.\"\n      }\n    },\n    {\n      \"@type\": \"Question\",\n      \"name\": \"Quelle longueur doit avoir un CV pour le secteur public et les ATS\u00a0?\",\n      \"acceptedAnswer\": {\n        \"@type\": \"Answer\",\n        \"text\": \"Les CV f\u00e9d\u00e9raux font g\u00e9n\u00e9ralement 3 \u00e0 5 pages, soit bien plus que dans le priv\u00e9. Les syst\u00e8mes ATS gouvernementaux attendent des informations d\u00e9taill\u00e9es, notamment les adresses compl\u00e8tes des employeurs, les noms et coordonn\u00e9es des superviseurs, le nombre d\u2019heures travaill\u00e9es par semaine, l\u2019historique salarial et des descriptions de missions compl\u00e8tes.\"\n      }\n    },\n    {\n      \"@type\": \"Question\",\n      \"name\": \"Quel format de fichier fonctionne le mieux pour les ATS gouvernementaux\u00a0?\",\n      \"acceptedAnswer\": {\n        \"@type\": \"Answer\",\n        \"text\": \"La plupart des agences gouvernementales acceptent le format .docx (Word), qui est bien interpr\u00e9t\u00e9 par les ATS. Certains syst\u00e8mes acceptent aussi le .pdf, mais le .docx reste g\u00e9n\u00e9ralement plus s\u00fbr. USAJOBS recommande sp\u00e9cifiquement le .docx ou le .pdf de moins de 3 Mo. V\u00e9rifiez toujours l\u2019annonce pour conna\u00eetre les exigences de format.\"\n      }\n    },\n    {\n      \"@type\": \"Question\",\n      \"name\": \"Comment aborder les KSA dans mon CV pour le secteur public\u00a0?\",\n      \"acceptedAnswer\": {\n        \"@type\": \"Answer\",\n        \"text\": \"Les connaissances, comp\u00e9tences et aptitudes (KSA) doivent \u00eatre abord\u00e9es dans tout le CV. Cr\u00e9ez une section d\u00e9di\u00e9e Comp\u00e9tences cl\u00e9s ou R\u00e9sum\u00e9 des qualifications mettant en avant les KSA du poste. Dans l\u2019exp\u00e9rience professionnelle, utilisez la m\u00e9thode CCAR (Contexte, Challenge, Action, R\u00e9sultat) pour illustrer chaque KSA avec des exemples concrets.\"\n      }\n    },\n    {\n      \"@type\": \"Question\",\n      \"name\": \"Dois-je indiquer mon habilitation de s\u00e9curit\u00e9 sur mon CV gouvernemental\u00a0?\",\n      \"acceptedAnswer\": {\n        \"@type\": \"Answer\",\n        \"text\": \"Oui, absolument. Si vous d\u00e9tenez ou avez d\u00e9tenu une habilitation de s\u00e9curit\u00e9 (Confidentiel, Secret, Top Secret, TS\/SCI), indiquez-la clairement dans une section Habilitations & Certifications et mentionnez-la dans votre r\u00e9sum\u00e9. Pr\u00e9cisez le niveau, l\u2019agence \u00e9mettrice et le statut (actif ou ann\u00e9e de fin si inactif).\"\n      }\n    },\n    {\n      \"@type\": \"Question\",\n      \"name\": \"\u00c0 quel point dois-je \u00eatre pr\u00e9cis concernant mon exp\u00e9rience dans le secteur public\u00a0?\",\n      \"acceptedAnswer\": {\n        \"@type\": \"Answer\",\n        \"text\": \"Soyez extr\u00eamement pr\u00e9cis. Les CV f\u00e9d\u00e9raux exigent le nom de l\u2019employeur, l\u2019adresse compl\u00e8te, le nom et le num\u00e9ro du superviseur, les dates exactes, le nombre d\u2019heures travaill\u00e9es par semaine et le salaire. D\u00e9crivez vos missions en d\u00e9tail avec des r\u00e9sultats quantifiables. R\u00e9f\u00e9rencez les r\u00e9glementations sp\u00e9cifiques, les programmes g\u00e9r\u00e9s et les r\u00e9sultats obtenus.\"\n      }\n    },\n    {\n      \"@type\": \"Question\",\n      \"name\": \"Puis-je utiliser le m\u00eame CV pour tous les emplois publics\u00a0?\",\n      \"acceptedAnswer\": {\n        \"@type\": \"Answer\",\n        \"text\": \"Non, il faut adapter votre CV \u00e0 chaque poste. Les annonces d\u2019emploi du secteur public contiennent des mots-cl\u00e9s, des qualifications et des KSA sp\u00e9cifiques recherch\u00e9s par les ATS. Cr\u00e9ez un CV f\u00e9d\u00e9ral principal, puis personnalisez-le pour chaque candidature en mettant en avant l\u2019exp\u00e9rience pertinente et en int\u00e9grant les mots-cl\u00e9s de l\u2019annonce.\"\n      }\n    }\n  ]\n}\n<\/script>\n<style>.entry-content a[href*=\"ai.stylingcv.com\"]:not(.scv-exit-cta){transition:transform 0.2s ease,box-shadow 0.2s ease}.entry-content a[href*=\"ai.stylingcv.com\"]:not(.scv-exit-cta):hover{transform:translateY(-2px);box-shadow:0 4px 12px rgba(38,133,153,0.25)}<\/style>","protected":false},"excerpt":{"rendered":"<p>Accueil\u203aFAQ\u203aFAQ \ud83d\udccb FAQ Comment optimiser mon CV pour les syst\u00e8mes ATS dans le secteur public\u00a0? \ud83d\udcc5 Mis \u00e0 jour en mars 2026 &nbsp; \u23f1 3 min de lecture &nbsp; \u2705 V\u00e9rifi\u00e9 par un expert Commencez par analyser 10 \u00e0 15 offres d&#8217;emploi dans le secteur public cibl\u00e9 afin d\u2019identifier les mots-cl\u00e9s communs, les comp\u00e9tences requises&#8230;<\/p>\n","protected":false},"author":0,"featured_media":0,"parent":844,"menu_order":0,"comment_status":"closed","ping_status":"closed","template":"","meta":{"footnotes":""},"class_list":["post-939","page","type-page","status-publish","hentry"," c-blog-1-item  nt-post-class"],"yoast_head":"<!-- This site is optimized with the Yoast SEO Premium plugin v26.5 (Yoast SEO v26.5) - https:\/\/yoast.com\/wordpress\/plugins\/seo\/ -->\n<title>Comment optimiser mon CV pour les ATS dans le secteur<\/title>\n<meta name=\"description\" content=\"D\u00e9couvrez comment adapter votre CV pour les syst\u00e8mes ATS dans le secteur public : mots-cl\u00e9s, format, longueur, KSA, s\u00e9curit\u00e9 et conseils d\u2019experts.\" \/>\n<meta name=\"robots\" content=\"index, follow, max-snippet:-1, max-image-preview:large, max-video-preview:-1\" \/>\n<link rel=\"canonical\" href=\"https:\/\/stylingcv.com\/fr\/faq\/ats-industry-46\/\" \/>\n<meta property=\"og:locale\" content=\"en_US\" \/>\n<meta property=\"og:type\" content=\"article\" \/>\n<meta property=\"og:title\" content=\"Comment optimiser mon CV pour les syst\u00e8mes ATS dans le secteur public\u00a0?\" \/>\n<meta property=\"og:description\" content=\"D\u00e9couvrez comment adapter votre CV pour les syst\u00e8mes ATS dans le secteur public : mots-cl\u00e9s, format, longueur, KSA, s\u00e9curit\u00e9 et conseils d\u2019experts.\" \/>\n<meta property=\"og:url\" content=\"https:\/\/stylingcv.com\/fr\/faq\/ats-industry-46\/\" \/>\n<meta property=\"og:site_name\" content=\"StylingCV - Fran\u00e7ais\" \/>\n<meta name=\"twitter:card\" content=\"summary_large_image\" \/>\n<meta name=\"twitter:label1\" content=\"Est. reading time\" \/>\n\t<meta name=\"twitter:data1\" content=\"1 minute\" \/>\n<script type=\"application\/ld+json\" class=\"yoast-schema-graph\">{\"@context\":\"https:\/\/schema.org\",\"@graph\":[{\"@type\":\"WebPage\",\"@id\":\"https:\/\/wp.stylingcv.com\/fr\/faq\/ats-industry-46\/\",\"url\":\"https:\/\/wp.stylingcv.com\/fr\/faq\/ats-industry-46\/\",\"name\":\"Comment optimiser mon CV pour les ATS dans le secteur\",\"isPartOf\":{\"@id\":\"https:\/\/wp.stylingcv.com\/fr\/#website\"},\"datePublished\":\"2026-02-25T03:39:18+00:00\",\"description\":\"D\u00e9couvrez comment adapter votre CV pour les syst\u00e8mes ATS dans le secteur public : mots-cl\u00e9s, format, longueur, KSA, s\u00e9curit\u00e9 et conseils d\u2019experts.\",\"breadcrumb\":{\"@id\":\"https:\/\/wp.stylingcv.com\/fr\/faq\/ats-industry-46\/#breadcrumb\"},\"inLanguage\":\"en-US\",\"potentialAction\":[{\"@type\":\"ReadAction\",\"target\":[\"https:\/\/wp.stylingcv.com\/fr\/faq\/ats-industry-46\/\"]}]},{\"@type\":\"BreadcrumbList\",\"@id\":\"https:\/\/wp.stylingcv.com\/fr\/faq\/ats-industry-46\/#breadcrumb\",\"itemListElement\":[{\"@type\":\"ListItem\",\"position\":1,\"name\":\"Home\",\"item\":\"https:\/\/wp.stylingcv.com\/fr\/\"},{\"@type\":\"ListItem\",\"position\":2,\"name\":\"FAQ\",\"item\":\"https:\/\/wp.stylingcv.com\/fr\/faq\/\"},{\"@type\":\"ListItem\",\"position\":3,\"name\":\"Comment optimiser mon CV pour les syst\u00e8mes ATS dans le secteur public\u00a0?\"}]},{\"@type\":\"WebSite\",\"@id\":\"https:\/\/wp.stylingcv.com\/fr\/#website\",\"url\":\"https:\/\/wp.stylingcv.com\/fr\/\",\"name\":\"StylingCV - Fran\u00e7ais\",\"description\":\"\",\"potentialAction\":[{\"@type\":\"SearchAction\",\"target\":{\"@type\":\"EntryPoint\",\"urlTemplate\":\"https:\/\/wp.stylingcv.com\/fr\/?s={search_term_string}\"},\"query-input\":{\"@type\":\"PropertyValueSpecification\",\"valueRequired\":true,\"valueName\":\"search_term_string\"}}],\"inLanguage\":\"en-US\"}]}<\/script>\n<!-- \/ Yoast SEO Premium plugin. -->","yoast_head_json":{"title":"Comment optimiser mon CV pour les ATS dans le secteur","description":"D\u00e9couvrez comment adapter votre CV pour les syst\u00e8mes ATS dans le secteur public : mots-cl\u00e9s, format, longueur, KSA, s\u00e9curit\u00e9 et conseils d\u2019experts.","robots":{"index":"index","follow":"follow","max-snippet":"max-snippet:-1","max-image-preview":"max-image-preview:large","max-video-preview":"max-video-preview:-1"},"canonical":"https:\/\/stylingcv.com\/fr\/faq\/ats-industry-46\/","og_locale":"en_US","og_type":"article","og_title":"Comment optimiser mon CV pour les syst\u00e8mes ATS dans le secteur public\u00a0?","og_description":"D\u00e9couvrez comment adapter votre CV pour les syst\u00e8mes ATS dans le secteur public : mots-cl\u00e9s, format, longueur, KSA, s\u00e9curit\u00e9 et conseils d\u2019experts.","og_url":"https:\/\/stylingcv.com\/fr\/faq\/ats-industry-46\/","og_site_name":"StylingCV - Fran\u00e7ais","twitter_card":"summary_large_image","twitter_misc":{"Est. reading time":"1 minute"},"schema":{"@context":"https:\/\/schema.org","@graph":[{"@type":"WebPage","@id":"https:\/\/wp.stylingcv.com\/fr\/faq\/ats-industry-46\/","url":"https:\/\/wp.stylingcv.com\/fr\/faq\/ats-industry-46\/","name":"Comment optimiser mon CV pour les ATS dans le secteur","isPartOf":{"@id":"https:\/\/wp.stylingcv.com\/fr\/#website"},"datePublished":"2026-02-25T03:39:18+00:00","description":"D\u00e9couvrez comment adapter votre CV pour les syst\u00e8mes ATS dans le secteur public : mots-cl\u00e9s, format, longueur, KSA, s\u00e9curit\u00e9 et conseils d\u2019experts.","breadcrumb":{"@id":"https:\/\/wp.stylingcv.com\/fr\/faq\/ats-industry-46\/#breadcrumb"},"inLanguage":"en-US","potentialAction":[{"@type":"ReadAction","target":["https:\/\/wp.stylingcv.com\/fr\/faq\/ats-industry-46\/"]}]},{"@type":"BreadcrumbList","@id":"https:\/\/wp.stylingcv.com\/fr\/faq\/ats-industry-46\/#breadcrumb","itemListElement":[{"@type":"ListItem","position":1,"name":"Home","item":"https:\/\/wp.stylingcv.com\/fr\/"},{"@type":"ListItem","position":2,"name":"FAQ","item":"https:\/\/wp.stylingcv.com\/fr\/faq\/"},{"@type":"ListItem","position":3,"name":"Comment optimiser mon CV pour les syst\u00e8mes ATS dans le secteur public\u00a0?"}]},{"@type":"WebSite","@id":"https:\/\/wp.stylingcv.com\/fr\/#website","url":"https:\/\/wp.stylingcv.com\/fr\/","name":"StylingCV - Fran\u00e7ais","description":"","potentialAction":[{"@type":"SearchAction","target":{"@type":"EntryPoint","urlTemplate":"https:\/\/wp.stylingcv.com\/fr\/?s={search_term_string}"},"query-input":{"@type":"PropertyValueSpecification","valueRequired":true,"valueName":"search_term_string"}}],"inLanguage":"en-US"}]}},"_links":{"self":[{"href":"https:\/\/wp.stylingcv.com\/fr\/wp-json\/wp\/v2\/pages\/939","targetHints":{"allow":["GET"]}}],"collection":[{"href":"https:\/\/wp.stylingcv.com\/fr\/wp-json\/wp\/v2\/pages"}],"about":[{"href":"https:\/\/wp.stylingcv.com\/fr\/wp-json\/wp\/v2\/types\/page"}],"replies":[{"embeddable":true,"href":"https:\/\/wp.stylingcv.com\/fr\/wp-json\/wp\/v2\/comments?post=939"}],"version-history":[{"count":0,"href":"https:\/\/wp.stylingcv.com\/fr\/wp-json\/wp\/v2\/pages\/939\/revisions"}],"up":[{"embeddable":true,"href":"https:\/\/wp.stylingcv.com\/fr\/wp-json\/wp\/v2\/pages\/844"}],"wp:attachment":[{"href":"https:\/\/wp.stylingcv.com\/fr\/wp-json\/wp\/v2\/media?parent=939"}],"curies":[{"name":"wp","href":"https:\/\/api.w.org\/{rel}","templated":true}]}}