{"id":841,"date":"2026-01-22T12:19:39","date_gmt":"2026-01-22T12:19:39","guid":{"rendered":"https:\/\/stylingcv.com\/fr\/guides-cv-carriere-ressources-experts\/mots-cles-cv-education-enseignants\/"},"modified":"2026-01-22T12:19:39","modified_gmt":"2026-01-22T12:19:39","slug":"resume-keywords-education","status":"publish","type":"page","link":"https:\/\/wp.stylingcv.com\/fr\/guides\/resume-keywords-education\/","title":{"rendered":"Mots-cl\u00e9s pour CV en \u00e9ducation : 55+ termes optimis\u00e9s ATS pour enseignants et \u00e9ducateurs (2026)"},"content":{"rendered":"\n<h1 class=\"wp-block-heading\">Mots-cl\u00e9s pour CV en \u00e9ducation : 55+ termes optimis\u00e9s ATS pour enseignants et \u00e9ducateurs (2026)<\/h1>\n\n\n<p class=\"lead-paragraph\" style=\"font-size: 1.2rem;color: #4a5568;line-height: 1.8;margin-bottom: 2rem\">Attirez l&#8217;attention des \u00e9tablissements scolaires et institutions \u00e9ducatives. Ce guide comprend <strong>55+ mots-cl\u00e9s pour CV en \u00e9ducation optimis\u00e9s ATS<\/strong> pour enseignants, administrateurs et professionnels de l&#8217;\u00e9ducation.<\/p>\n<p><a href=\"https:\/\/stylingcv.com\/guides\/\">guides de CV d&#8217;experts<\/a><\/p>\n\n\n<div style=\"margin: 20px 0;font-size: 14px\">\n<a href=\"\/ai-tools-tech\/resume-keywords-how-ai-identifies-the-right-keywords\/\" style=\"color: #268599\">Guide des mots-cl\u00e9s pour CV<\/a> \u2192 <span style=\"color: #718096\">Mots-cl\u00e9s en \u00e9ducation<\/span>\n<\/div>\n\n<div style=\"background: linear-gradient(135deg, #f093fb 0%, #f5576c 100%);padding: 28px;border-radius: 16px;margin: 28px 0;color: white\">\n<div style=\"grid-template-columns: repeat(auto-fit, minmax(150px, 1fr));gap: 20px;text-align: center\">\n<div><p style=\"font-size: 32px;font-weight: bold;margin: 0\">55+<\/p><p style=\"margin: 4px 0 0;opacity: 0.9;font-size: 14px\">Mots-cl\u00e9s inclus<\/p><\/div>\n<div><p style=\"font-size: 32px;font-weight: bold;margin: 0\">5<\/p><p style=\"margin: 4px 0 0;opacity: 0.9;font-size: 14px\">Sp\u00e9cialisations<\/p><\/div>\n<div><p style=\"font-size: 32px;font-weight: bold;margin: 0\">15+<\/p><p style=\"margin: 4px 0 0;opacity: 0.9;font-size: 14px\">Certifications<\/p><\/div>\n<\/div>\n<\/div>\n\n<h2>Mots-cl\u00e9s d&#8217;enseignement et d&#8217;instruction<\/h2>\n<div style=\"background: white;border: 1px solid #e2e8f0;border-radius: 12px;padding: 24px;margin: 20px 0\">\n<div style=\"flex-wrap: wrap;gap: 8px\">\n<span style=\"background: #fce4ec;color: #c2185b;padding: 8px 14px;border-radius: 6px;font-size: 14px;font-weight: 500\">D\u00e9veloppement de programme<\/span>\n<span style=\"background: #fce4ec;color: #c2185b;padding: 8px 14px;border-radius: 6px;font-size: 14px;font-weight: 500\">Planification de le\u00e7ons<\/span>\n<span style=\"background: #fce4ec;color: #c2185b;padding: 8px 14px;border-radius: 6px;font-size: 14px;font-weight: 500\">Diff\u00e9renciation p\u00e9dagogique<\/span>\n<span style=\"background: #fce4ec;color: #c2185b;padding: 8px 14px;border-radius: 6px;font-size: 14px;font-weight: 500\">\u00c9valuation des \u00e9l\u00e8ves<\/span>\n<span style=\"background: #fce4ec;color: #c2185b;padding: 8px 14px;border-radius: 6px;font-size: 14px;font-weight: 500\">Gestion de classe<\/span>\n<span style=\"background: #fce4ec;color: #c2185b;padding: 8px 14px;border-radius: 6px;font-size: 14px;font-weight: 500\">\u00c9laboration de PAI<\/span>\n<span style=\"background: #fce4ec;color: #c2185b;padding: 8px 14px;border-radius: 6px;font-size: 14px;font-weight: 500\">Engagement des \u00e9l\u00e8ves<\/span>\n<span style=\"background: #fce4ec;color: #c2185b;padding: 8px 14px;border-radius: 6px;font-size: 14px;font-weight: 500\">\u00c9valuation formative<\/span>\n<span style=\"background: #fce4ec;color: #c2185b;padding: 8px 14px;border-radius: 6px;font-size: 14px;font-weight: 500\">\u00c9valuation sommative<\/span>\n<span style=\"background: #fce4ec;color: #c2185b;padding: 8px 14px;border-radius: 6px;font-size: 14px;font-weight: 500\">Apprentissage hybride<\/span>\n<\/div>\n<\/div>\n\n<h2>Mots-cl\u00e9s de technologie \u00e9ducative<\/h2>\n<div style=\"background: white;border: 1px solid #e2e8f0;border-radius: 12px;padding: 24px;margin: 20px 0\">\n<div style=\"flex-wrap: wrap;gap: 8px\">\n<span style=\"background: #e3f2fd;color: #1565c0;padding: 8px 14px;border-radius: 6px;font-size: 14px;font-weight: 500\">Google Classroom<\/span>\n<span style=\"background: #e3f2fd;color: #1565c0;padding: 8px 14px;border-radius: 6px;font-size: 14px;font-weight: 500\">Canvas LMS<\/span>\n<span style=\"background: #e3f2fd;color: #1565c0;padding: 8px 14px;border-radius: 6px;font-size: 14px;font-weight: 500\">Blackboard<\/span>\n<span style=\"background: #e3f2fd;color: #1565c0;padding: 8px 14px;border-radius: 6px;font-size: 14px;font-weight: 500\">Zoom<\/span>\n<span style=\"background: #e3f2fd;color: #1565c0;padding: 8px 14px;border-radius: 6px;font-size: 14px;font-weight: 500\">Microsoft Teams for Education<\/span>\n<span style=\"background: #e3f2fd;color: #1565c0;padding: 8px 14px;border-radius: 6px;font-size: 14px;font-weight: 500\">Tableau interactif<\/span>\n<span style=\"background: #e3f2fd;color: #1565c0;padding: 8px 14px;border-radius: 6px;font-size: 14px;font-weight: 500\">Int\u00e9gration EdTech<\/span>\n<span style=\"background: #e3f2fd;color: #1565c0;padding: 8px 14px;border-radius: 6px;font-size: 14px;font-weight: 500\">Apprentissage \u00e0 distance<\/span>\n<\/div>\n<\/div>\n\n<h2>Mots-cl\u00e9s en \u00e9ducation sp\u00e9cialis\u00e9e<\/h2>\n<div style=\"background: white;border: 1px solid #e2e8f0;border-radius: 12px;padding: 24px;margin: 20px 0\">\n<div style=\"flex-wrap: wrap;gap: 8px\">\n<span style=\"background: #e8f5e9;color: #2e7d32;padding: 8px 14px;border-radius: 6px;font-size: 14px;font-weight: 500\">\u00c9ducation sp\u00e9cialis\u00e9e<\/span>\n<span style=\"background: #e8f5e9;color: #2e7d32;padding: 8px 14px;border-radius: 6px;font-size: 14px;font-weight: 500\">PAI (Programme d&#8217;accompagnement individualis\u00e9)<\/span>\n<span style=\"background: #e8f5e9;color: #2e7d32;padding: 8px 14px;border-radius: 6px;font-size: 14px;font-weight: 500\">Plans 504<\/span>\n<span style=\"background: #e8f5e9;color: #2e7d32;padding: 8px 14px;border-radius: 6px;font-size: 14px;font-weight: 500\">Troubles d&#8217;apprentissage<\/span>\n<span style=\"background: #e8f5e9;color: #2e7d32;padding: 8px 14px;border-radius: 6px;font-size: 14px;font-weight: 500\">Spectre autistique<\/span>\n<span style=\"background: #e8f5e9;color: #2e7d32;padding: 8px 14px;border-radius: 6px;font-size: 14px;font-weight: 500\">Intervention comportementale<\/span>\n<span style=\"background: #e8f5e9;color: #2e7d32;padding: 8px 14px;border-radius: 6px;font-size: 14px;font-weight: 500\">\u00c9ducation inclusive<\/span>\n<\/div>\n<\/div>\n\n<h2>Certifications d&#8217;enseignement<\/h2>\n<div style=\"background: white;border: 1px solid #e2e8f0;border-radius: 12px;padding: 24px;margin: 20px 0\">\n<div style=\"flex-wrap: wrap;gap: 8px\">\n<span style=\"background: #c8e6c9;color: #2e7d32;padding: 8px 14px;border-radius: 6px;font-size: 14px;font-weight: 500\">Licence d&#8217;enseignement d&#8217;\u00c9tat<\/span>\n<span style=\"background: #c8e6c9;color: #2e7d32;padding: 8px 14px;border-radius: 6px;font-size: 14px;font-weight: 500\">Certification nationale<\/span>\n<span style=\"background: #c8e6c9;color: #2e7d32;padding: 8px 14px;border-radius: 6px;font-size: 14px;font-weight: 500\">Certification ESL<\/span>\n<span style=\"background: #c8e6c9;color: #2e7d32;padding: 8px 14px;border-radius: 6px;font-size: 14px;font-weight: 500\">TESOL<\/span>\n<span style=\"background: #c8e6c9;color: #2e7d32;padding: 8px 14px;border-radius: 6px;font-size: 14px;font-weight: 500\">Certification en \u00e9ducation sp\u00e9cialis\u00e9e<\/span>\n<span style=\"background: #c8e6c9;color: #2e7d32;padding: 8px 14px;border-radius: 6px;font-size: 14px;font-weight: 500\">Google Certified Educator<\/span>\n<\/div>\n<\/div>\n\n<div style=\"background: linear-gradient(135deg, #667eea 0%, #764ba2 100%);padding: 36px;border-radius: 16px;margin: 36px 0;text-align: center;color: white\">\n<h3 style=\"color: white;margin: 0 0 12px;font-size: 24px\">Cr\u00e9ez votre CV d&#8217;enseignant<\/h3>\n<p style=\"font-size: 16px;margin: 0 0 20px;opacity: 0.95\">R\u00e9alisez un CV en \u00e9ducation optimis\u00e9 ATS.<\/p>\n\n<h2 class=\"wp-block-heading\">Laissez l&#8217;IA ajouter ces mots-cl\u00e9s pour vous<\/h2>\n\n\n\n<p>Arr\u00eatez de deviner quels mots-cl\u00e9s utiliser. Notre IA analyse les offres d&#8217;emploi et optimise automatiquement votre CV.<\/p>\n\n\n<a href=\"https:\/\/ai.stylingcv.com?utm_source=stylingcv&utm_medium=website&utm_campaign=cta&utm_content=resume-keywords-education\" style=\"background: white;color: #268599;padding: 14px 36px;border-radius: 50px;text-decoration: none;font-weight: 700;font-size: 16px\">Cr\u00e9er un CV enseignant \u2192<\/a>\n\n\n\n<p>\ud83d\udc49 <a href=\"https:\/\/stylingcv.com\/ats-resume-checker\/\">v\u00e9rifiez votre score ATS<\/a><\/p>\n\n<p>\ud83d\udc49 <a href=\"https:\/\/stylingcv.com\/resume-templates\/\">mod\u00e8les de CV professionnels<\/a><\/p>\n\n<p><strong>\ud83d\udca1 Astuce Pro :<\/strong> StylingCV n&#8217;est pas seulement un cr\u00e9ateur de CV \u2014 c&#8217;est un cr\u00e9ateur intelligent aliment\u00e9 par l&#8217;IA. <a href=\"https:\/\/stylingcv.com\/resume-builder\/\">G\u00e9n\u00e9rateur de CV IA optimis\u00e9 ATS<\/a> en moins de 2 minutes.<\/p>\n<\/div>\n\n<div style=\"background:linear-gradient(135deg,#f8f9fa 0%,#e9ecef 100%);border-radius:12px;padding:25px 30px;margin:30px 0;border-left:4px solid #268599\"><h3 style=\"color:#268599;margin-top:0;font-size:1.2rem\">D\u00e9couvrez plus de ressources<\/h3><ul style=\"list-style:none;padding:0;margin:0\"><li style=\"margin-bottom:10px\"><a href=\"\/resume-builder\/\" style=\"color:#268599;font-weight:600\">Cr\u00e9ez votre CV maintenant<\/a><\/li><li style=\"margin-bottom:10px\"><a href=\"\/guides\/\" style=\"color:#268599;font-weight:600\">Parcourez tous les guides de carri\u00e8re<\/a><\/li><li style=\"margin-bottom:10px\"><a href=\"\/ats-resume-checker\/\" style=\"color:#268599;font-weight:600\">V\u00e9rifiez votre score ATS<\/a><\/li><li style=\"margin-bottom:10px\"><a href=\"\/resume-templates\/\" style=\"color:#268599;font-weight:600\">Voir les mod\u00e8les de CV professionnels<\/a><\/li><\/ul><h4 style=\"color:#495057;margin-top:15px;font-size:1rem\">Guides associ\u00e9s :<\/h4><ul style=\"list-style:none;padding:0;margin:0\"><li style=\"margin-bottom:8px\"><a href=\"\/guides\/resume-keywords-engineering\/\">Mots-cl\u00e9s CV ing\u00e9nierie : 70+ termes optimis\u00e9s ATS (2026)<\/a><\/li><li style=\"margin-bottom:8px\"><a href=\"\/guides\/resume-keywords-project-management\/\">Mots-cl\u00e9s CV gestion de projet : 70+ termes optimis\u00e9s ATS (2026)<\/a><\/li><li style=\"margin-bottom:8px\"><a href=\"\/guides\/resume-keywords-healthcare\/\">Mots-cl\u00e9s CV sant\u00e9 : 55+ termes optimis\u00e9s ATS pour professionnels m\u00e9dicaux (2026)<\/a><\/li><\/ul><\/div><!-- stylingcv-hub-links --><div class=\"stylingcv-related-resources\" style=\"margin-top:30px;padding:20px;background:#f8f9fa;border-left:4px solid #1abc9c;border-radius:4px;\"><h3 style=\"margin-top:0;color:#2c3e50;\">D\u00e9couvrez plus de ressources<\/h3><ul style=\"list-style:none;padding:0;\"><li><a href=\"https:\/\/stylingcv.com\/resume-builder\/\">Cr\u00e9ateur de CV<\/a> &mdash; Votre guide complet<\/li><li><a href=\"https:\/\/stylingcv.com\/the-complete-guide-to-writing-a-professional-resume-in-2026\/\">Comment r\u00e9diger un CV optimis\u00e9 ATS en 2026 : Guide complet<\/a><\/li><li><a href=\"https:\/\/stylingcv.com\/match-resume\/\">Comment adapter son CV \u00e0 une offre d&#8217;emploi<\/a><\/li><li><a href=\"https:\/\/stylingcv.com\/resume-certifications-56-2\/\">Comment bien pr\u00e9senter les certifications sur son CV ?<\/a><\/li><\/ul><p style=\"margin-bottom:0;font-size:14px;color:#7f8c8d;\">Pas seulement un cr\u00e9ateur de CV &mdash; un cr\u00e9ateur intelligent aliment\u00e9 par l&#8217;IA. <a href=\"https:\/\/stylingcv.com\/resume-builder\/\" style=\"color:#1abc9c;font-weight:bold;\">Cr\u00e9ez votre CV en moins de 2 minutes &rarr;<\/a><\/p><\/div><!-- \/stylingcv-hub-links --><style>.entry-content a[href*=\"ai.stylingcv.com\"]:not(.scv-exit-cta){transition:transform 0.2s ease,box-shadow 0.2s ease}.entry-content a[href*=\"ai.stylingcv.com\"]:not(.scv-exit-cta):hover{transform:translateY(-2px);box-shadow:0 4px 12px rgba(38,133,153,0.25)}<\/style>","protected":false},"excerpt":{"rendered":"<p>D\u00e9couvrez plus de 55 mots-cl\u00e9s en \u00e9ducation optimis\u00e9s ATS. Termes essentiels pour enseignants, administrateurs et \u00e9ducateurs afin de r\u00e9ussir les syst\u00e8mes ATS des \u00e9tablissements scolaires.<\/p>\n","protected":false},"author":0,"featured_media":0,"parent":484,"menu_order":0,"comment_status":"closed","ping_status":"closed","template":"","meta":{"footnotes":""},"class_list":["post-841","page","type-page","status-publish","hentry"," c-blog-1-item  nt-post-class"],"yoast_head":"<!-- This site is optimized with the Yoast SEO Premium plugin v26.5 (Yoast SEO v26.5) - https:\/\/yoast.com\/wordpress\/plugins\/seo\/ -->\n<title>Mots-cl\u00e9s CV \u00e9ducation : 55+ termes pour enseignants<\/title>\n<meta name=\"description\" content=\"D\u00e9couvrez plus de 55 mots-cl\u00e9s en \u00e9ducation optimis\u00e9s ATS. Termes essentiels pour enseignants, administrateurs et \u00e9ducateurs pour r\u00e9ussir les syst\u00e8mes ATS\" \/>\n<meta name=\"robots\" content=\"index, follow, max-snippet:-1, max-image-preview:large, max-video-preview:-1\" \/>\n<link rel=\"canonical\" href=\"https:\/\/stylingcv.com\/fr\/guides\/resume-keywords-education\/\" \/>\n<meta property=\"og:locale\" content=\"en_US\" \/>\n<meta property=\"og:type\" content=\"article\" \/>\n<meta property=\"og:title\" content=\"Mots-cl\u00e9s pour CV en \u00e9ducation : 55+ termes optimis\u00e9s ATS pour enseignants et \u00e9ducateurs (2026)\" \/>\n<meta property=\"og:description\" content=\"D\u00e9couvrez plus de 55 mots-cl\u00e9s en \u00e9ducation optimis\u00e9s ATS. Termes essentiels pour enseignants, administrateurs et \u00e9ducateurs pour r\u00e9ussir les syst\u00e8mes ATS\" \/>\n<meta property=\"og:url\" content=\"https:\/\/stylingcv.com\/fr\/guides\/resume-keywords-education\/\" \/>\n<meta property=\"og:site_name\" content=\"StylingCV - Fran\u00e7ais\" \/>\n<meta name=\"twitter:card\" content=\"summary_large_image\" \/>\n<meta name=\"twitter:label1\" content=\"Est. reading time\" \/>\n\t<meta name=\"twitter:data1\" content=\"2 minutes\" \/>\n<script type=\"application\/ld+json\" class=\"yoast-schema-graph\">{\"@context\":\"https:\/\/schema.org\",\"@graph\":[{\"@type\":\"WebPage\",\"@id\":\"https:\/\/wp.stylingcv.com\/fr\/guides\/resume-keywords-education\/\",\"url\":\"https:\/\/wp.stylingcv.com\/fr\/guides\/resume-keywords-education\/\",\"name\":\"Mots-cl\u00e9s CV \u00e9ducation : 55+ termes pour enseignants\",\"isPartOf\":{\"@id\":\"https:\/\/wp.stylingcv.com\/fr\/#website\"},\"datePublished\":\"2026-01-22T12:19:39+00:00\",\"description\":\"D\u00e9couvrez plus de 55 mots-cl\u00e9s en \u00e9ducation optimis\u00e9s ATS. Termes essentiels pour enseignants, administrateurs et \u00e9ducateurs pour r\u00e9ussir les syst\u00e8mes ATS\",\"breadcrumb\":{\"@id\":\"https:\/\/wp.stylingcv.com\/fr\/guides\/resume-keywords-education\/#breadcrumb\"},\"inLanguage\":\"en-US\",\"potentialAction\":[{\"@type\":\"ReadAction\",\"target\":[\"https:\/\/wp.stylingcv.com\/fr\/guides\/resume-keywords-education\/\"]}]},{\"@type\":\"BreadcrumbList\",\"@id\":\"https:\/\/wp.stylingcv.com\/fr\/guides\/resume-keywords-education\/#breadcrumb\",\"itemListElement\":[{\"@type\":\"ListItem\",\"position\":1,\"name\":\"Home\",\"item\":\"https:\/\/wp.stylingcv.com\/fr\/\"},{\"@type\":\"ListItem\",\"position\":2,\"name\":\"Guides CV &#038; Carri\u00e8re : Ressources d\u2019Experts pour Candidats\",\"item\":\"https:\/\/wp.stylingcv.com\/fr\/guides\/\"},{\"@type\":\"ListItem\",\"position\":3,\"name\":\"Mots-cl\u00e9s pour CV en \u00e9ducation : 55+ termes optimis\u00e9s ATS pour enseignants et \u00e9ducateurs (2026)\"}]},{\"@type\":\"WebSite\",\"@id\":\"https:\/\/wp.stylingcv.com\/fr\/#website\",\"url\":\"https:\/\/wp.stylingcv.com\/fr\/\",\"name\":\"StylingCV - Fran\u00e7ais\",\"description\":\"\",\"potentialAction\":[{\"@type\":\"SearchAction\",\"target\":{\"@type\":\"EntryPoint\",\"urlTemplate\":\"https:\/\/wp.stylingcv.com\/fr\/?s={search_term_string}\"},\"query-input\":{\"@type\":\"PropertyValueSpecification\",\"valueRequired\":true,\"valueName\":\"search_term_string\"}}],\"inLanguage\":\"en-US\"}]}<\/script>\n<!-- \/ Yoast SEO Premium plugin. -->","yoast_head_json":{"title":"Mots-cl\u00e9s CV \u00e9ducation : 55+ termes pour enseignants","description":"D\u00e9couvrez plus de 55 mots-cl\u00e9s en \u00e9ducation optimis\u00e9s ATS. Termes essentiels pour enseignants, administrateurs et \u00e9ducateurs pour r\u00e9ussir les syst\u00e8mes ATS","robots":{"index":"index","follow":"follow","max-snippet":"max-snippet:-1","max-image-preview":"max-image-preview:large","max-video-preview":"max-video-preview:-1"},"canonical":"https:\/\/stylingcv.com\/fr\/guides\/resume-keywords-education\/","og_locale":"en_US","og_type":"article","og_title":"Mots-cl\u00e9s pour CV en \u00e9ducation : 55+ termes optimis\u00e9s ATS pour enseignants et \u00e9ducateurs (2026)","og_description":"D\u00e9couvrez plus de 55 mots-cl\u00e9s en \u00e9ducation optimis\u00e9s ATS. Termes essentiels pour enseignants, administrateurs et \u00e9ducateurs pour r\u00e9ussir les syst\u00e8mes ATS","og_url":"https:\/\/stylingcv.com\/fr\/guides\/resume-keywords-education\/","og_site_name":"StylingCV - Fran\u00e7ais","twitter_card":"summary_large_image","twitter_misc":{"Est. reading time":"2 minutes"},"schema":{"@context":"https:\/\/schema.org","@graph":[{"@type":"WebPage","@id":"https:\/\/wp.stylingcv.com\/fr\/guides\/resume-keywords-education\/","url":"https:\/\/wp.stylingcv.com\/fr\/guides\/resume-keywords-education\/","name":"Mots-cl\u00e9s CV \u00e9ducation : 55+ termes pour enseignants","isPartOf":{"@id":"https:\/\/wp.stylingcv.com\/fr\/#website"},"datePublished":"2026-01-22T12:19:39+00:00","description":"D\u00e9couvrez plus de 55 mots-cl\u00e9s en \u00e9ducation optimis\u00e9s ATS. Termes essentiels pour enseignants, administrateurs et \u00e9ducateurs pour r\u00e9ussir les syst\u00e8mes ATS","breadcrumb":{"@id":"https:\/\/wp.stylingcv.com\/fr\/guides\/resume-keywords-education\/#breadcrumb"},"inLanguage":"en-US","potentialAction":[{"@type":"ReadAction","target":["https:\/\/wp.stylingcv.com\/fr\/guides\/resume-keywords-education\/"]}]},{"@type":"BreadcrumbList","@id":"https:\/\/wp.stylingcv.com\/fr\/guides\/resume-keywords-education\/#breadcrumb","itemListElement":[{"@type":"ListItem","position":1,"name":"Home","item":"https:\/\/wp.stylingcv.com\/fr\/"},{"@type":"ListItem","position":2,"name":"Guides CV &#038; Carri\u00e8re : Ressources d\u2019Experts pour Candidats","item":"https:\/\/wp.stylingcv.com\/fr\/guides\/"},{"@type":"ListItem","position":3,"name":"Mots-cl\u00e9s pour CV en \u00e9ducation : 55+ termes optimis\u00e9s ATS pour enseignants et \u00e9ducateurs (2026)"}]},{"@type":"WebSite","@id":"https:\/\/wp.stylingcv.com\/fr\/#website","url":"https:\/\/wp.stylingcv.com\/fr\/","name":"StylingCV - Fran\u00e7ais","description":"","potentialAction":[{"@type":"SearchAction","target":{"@type":"EntryPoint","urlTemplate":"https:\/\/wp.stylingcv.com\/fr\/?s={search_term_string}"},"query-input":{"@type":"PropertyValueSpecification","valueRequired":true,"valueName":"search_term_string"}}],"inLanguage":"en-US"}]}},"_links":{"self":[{"href":"https:\/\/wp.stylingcv.com\/fr\/wp-json\/wp\/v2\/pages\/841","targetHints":{"allow":["GET"]}}],"collection":[{"href":"https:\/\/wp.stylingcv.com\/fr\/wp-json\/wp\/v2\/pages"}],"about":[{"href":"https:\/\/wp.stylingcv.com\/fr\/wp-json\/wp\/v2\/types\/page"}],"replies":[{"embeddable":true,"href":"https:\/\/wp.stylingcv.com\/fr\/wp-json\/wp\/v2\/comments?post=841"}],"version-history":[{"count":0,"href":"https:\/\/wp.stylingcv.com\/fr\/wp-json\/wp\/v2\/pages\/841\/revisions"}],"up":[{"embeddable":true,"href":"https:\/\/wp.stylingcv.com\/fr\/wp-json\/wp\/v2\/pages\/484"}],"wp:attachment":[{"href":"https:\/\/wp.stylingcv.com\/fr\/wp-json\/wp\/v2\/media?parent=841"}],"curies":[{"name":"wp","href":"https:\/\/api.w.org\/{rel}","templated":true}]}}