{"id":67,"date":"2020-11-11T04:03:17","date_gmt":"2020-11-11T04:03:17","guid":{"rendered":"https:\/\/stylingcv.com\/fr\/conseils-creation-cv-lettre-motivation\/"},"modified":"2020-11-11T04:03:17","modified_gmt":"2020-11-11T04:03:17","slug":"stylingcv-blog","status":"publish","type":"page","link":"https:\/\/wp.stylingcv.com\/fr\/stylingcv-blog\/","title":{"rendered":"Ma\u00eetrisez la cr\u00e9ation de CV et de lettres de motivation : conseils essentiels"},"content":{"rendered":"\n<div class=\"wp-block-group inner-banner-container\"><div class=\"wp-block-group__inner-container is-layout-flow wp-block-group-is-layout-flow\">\n<div class=\"wp-block-group center-piece\"><div class=\"wp-block-group__inner-container is-layout-flow wp-block-group-is-layout-flow\">\n<h1 class=\"wp-block-heading\">Articles de blog<\/h1>\n\n\n\n<h2 class=\"wp-block-heading\">Apprenez \u00e0 <a href=\"https:\/\/stylingcv.com\/resume-writing\/resume-writing-elevate-your-resume\/\">cr\u00e9er un CV<\/a> et une lettre de motivation de la bonne mani\u00e8re.<\/h2>\n\n\n<p>Boostez votre recherche d&#8217;emploi en apprenant \u00e0 cr\u00e9er un CV optimis\u00e9 par mots-cl\u00e9s. Consultez notre guide pour <a href=\"https:\/\/stylingcv.com\/cv-development\/cv-development-unlock-dream-job-keyword-optimized-resume\/\">d\u00e9crocher votre emploi de r\u00eave avec un CV optimis\u00e9<\/a>.<\/p>\n\n<div class=\"cta-gradient\" style=\"background:linear-gradient(135deg,#f093fb 0%,#f5576c 100%);padding:30px;border-radius:12px;margin:30px 0;text-align:center;color:#fff\"><h3 style=\"color:#fff;margin:0 0 15px;font-size:24px\">\u270d\ufe0f Cr\u00e9ez votre lettre de motivation parfaite<\/h3><p style=\"font-size:16px;margin:0 0 20px;line-height:1.6\">D\u00e9marquez-vous avec une lettre de motivation personnalis\u00e9e qui compl\u00e8te parfaitement votre CV !<\/p><a href=\"https:\/\/ai.stylingcv.com?utm_source=stylingcv&utm_medium=website&utm_campaign=cta&utm_content=stylingcv-blog\" style=\"background:#fff;color:#f5576c;padding:15px 40px;border-radius:50px;text-decoration:none;font-weight:bold;font-size:18px\">Commencer gratuitement \u2192<\/a><\/div>\n\n\n\n<!-- StylingCV Cover Letter CTA - Auto Inserted -->\n<div class=\"stylingcv-cta-inline\" style=\"background: #f0fff4;border-left: 4px solid #38ef7d;padding: 20px;margin: 24px 0;border-radius: 0 8px 8px 0\">\n    <strong style=\"color: #1a1a2e\">\ud83d\udcdd Besoin d&#8217;une lettre de motivation&nbsp;?<\/strong> <a href=\"https:\/\/ai.stylingcv.com\/ai-generator\/cover-letter?utm_source=blog&amp;utm_medium=cta&amp;utm_campaign=cover_letter_inline\" target=\"_blank\" rel=\"noopener\" style=\"color: #11998e;text-decoration: none;font-weight: 500\">Cr\u00e9ez-en une en quelques minutes avec StylingCV<\/a> \u2013 aliment\u00e9e par l&#8217;IA et adapt\u00e9e \u00e0 chaque poste.\n<\/div>\n\n\n<div class=\"related-hubs\" style=\"background: #fff8e6;padding: 15px;border-radius: 8px;margin: 20px 0;border-left: 3px solid #ffc107\">\n<strong>\u2709\ufe0f Ressources lettre de motivation :<\/strong>\n<a href=\"\/cover-letter\/\" style=\"margin: 0 10px\">Guide lettre de motivation<\/a> |\n<a href=\"\/cover-letter-examples\/\" style=\"margin: 0 10px\">Exemples<\/a> |\n<a href=\"\/resume-builder\/\" style=\"margin: 0 10px\">Cr\u00e9ateur de CV<\/a>\n<\/div>\n<div class=\"topaz-line\"><i class=\"fa fa-stop\"><\/i>\n<div class=\"stylingcv-contextual-cta\" style=\"background:linear-gradient(135deg,#667eea 0%,#764ba2 100%);padding:30px;border-radius:12px;margin:30px 0;text-align:center;color:#fff\">\n    <h3 style=\"color:#fff;margin:0 0 15px;font-size:22px;font-weight:600\">\u270d\ufe0f Cr\u00e9ez votre lettre de motivation parfaite<\/h3>\n    <p style=\"font-size:15px;margin:0 0 20px;line-height:1.6;opacity:0.95\">Compl\u00e9tez votre CV avec une lettre de motivation personnalis\u00e9e qui vous fera remarquer.<\/p>\n    <a href=\"https:\/\/ai.stylingcv.com\/ai-generator\/cover-letter?utm_source=stylingcv&utm_medium=website&utm_campaign=cta&utm_content=stylingcv-blog\" style=\"background:#fff;color:#268599;padding:14px 35px;border-radius:50px;text-decoration:none;font-weight:bold;font-size:16px\">R\u00e9diger ma lettre maintenant \u2192<\/a>\n<\/div>\n<\/div>\n<\/div>\n\n\n\n<\/div>\n<\/div>\n\n<div class=\"cta-tip\" style=\"background:#fff5f5;border-left:4px solid #f5576c;padding:20px;margin:25px 0;border-radius:8px\"><p style=\"margin:0;font-size:16px;color:#333\"><strong>\u2728 Astuce de pro :<\/strong> <a href=\"https:\/\/ai.stylingcv.com?utm_source=stylingcv&utm_medium=website&utm_campaign=cta&utm_content=stylingcv-blog\" style=\"color:#f5576c;font-weight:bold;text-decoration:underline\">G\u00e9n\u00e9rez votre lettre de motivation<\/a> avec l&#8217;IA et personnalisez-la en quelques minutes \u2013 fini les mod\u00e8les g\u00e9n\u00e9riques !<\/p><\/div>\n\n<\/div>\n\n\n<div>D\u00e9couvrez des techniques cl\u00e9s en lisant : <a href=\"https:\/\/stylingcv.com\/resume-writing\/resume-writing-ace-dream-job-resume-secrets\/\">10 secrets pour r\u00e9diger un CV efficace<\/a>.<\/div>\n\n<!-- StylingCV Cover Letter CTA - Auto Inserted -->\n<div class=\"stylingcv-cta stylingcv-cta-cover-letter\" style=\"background: linear-gradient(135deg, #11998e 0%, #38ef7d 100%);border-radius: 12px;padding: 32px;margin: 32px 0;text-align: center\">\n    <h3 style=\"color: #fff;margin: 0 0 12px;font-size: 24px;font-weight: 600\">Cr\u00e9ez votre lettre de motivation parfaite<\/h3>\n<div class=\"stylingcv-contextual-cta\" style=\"background:#fff;border:3px solid #667eea;padding:28px;border-radius:12px;margin:30px 0;text-align:center\">\n    <h3 style=\"color:#268599;margin:0 0 12px;font-size:21px;font-weight:600\">\ud83d\udce7 D\u00e9marquez-vous avec une excellente lettre de motivation<\/h3>\n    <p style=\"font-size:15px;margin:0 0 18px;color:#4a5568;line-height:1.6\">Le g\u00e9n\u00e9rateur de lettres de motivation aliment\u00e9 par l&#8217;IA vous aide \u00e0 r\u00e9diger des lettres convaincantes et adapt\u00e9es \u00e0 chaque poste.<\/p>\n    <a href=\"https:\/\/ai.stylingcv.com\/ai-generator\/cover-letter?utm_source=stylingcv&utm_medium=website&utm_campaign=cta&utm_content=stylingcv-blog\" style=\"background:linear-gradient(135deg, #268599 0%, #618480 50%, #e8885e 100%);color:#fff;padding:13px 32px;border-radius:8px;text-decoration:none;font-weight:600;font-size:15px\">Commencer gratuitement<\/a>\n<\/div>\n\n    <p style=\"margin: 0 0 20px;font-size: 16px\">Notre IA g\u00e9n\u00e8re des lettres de motivation personnalis\u00e9es pour chaque candidature.<\/p>\n    <a href=\"https:\/\/ai.stylingcv.com\/ai-generator\/cover-letter?utm_source=blog&amp;utm_medium=cta&amp;utm_campaign=cover_letter_bottom\" target=\"_blank\" rel=\"noopener\" style=\"background: #fff;color: #11998e;padding: 14px 32px;border-radius: 8px;text-decoration: none;font-weight: 600;font-size: 16px\">R\u00e9diger ma lettre gratuitement \u2192<\/a>\n<\/div>\n\n\n\n\n<div class=\"cta-box cta-final\" style=\"background: #fff5f5;border-left: 4px solid #f5576c;padding: 30px;margin: 40px 0\">\n<h4 style=\"color: #2d3748;margin-bottom: 15px;font-size: 22px\">\ud83c\udfaf Faites ressortir votre lettre de motivation<\/h4>\n\n<div class=\"cta-action\" style=\"background:#fff;border:3px solid #f5576c;padding:30px;border-radius:12px;margin:30px 0;text-align:center\"><h3 style=\"color:#f5576c;margin:0 0 15px;font-size:22px\">\ud83d\udcdd Pr\u00eat \u00e0 r\u00e9diger votre lettre de motivation&nbsp;?<\/h3><p style=\"font-size:15px;margin:0 0 20px;color:#666\">Personnalis\u00e9e + Professionnelle + Efficace = Plus d&#8217;entretiens<\/p><a href=\"https:\/\/ai.stylingcv.com?utm_source=stylingcv&utm_medium=website&utm_campaign=cta&utm_content=stylingcv-blog\" style=\"background:#f5576c;color:#fff;padding:15px 40px;border-radius:50px;text-decoration:none;font-weight:bold\">Cr\u00e9er ma lettre gratuitement \u2192<\/a><\/div>\n\n\n<p style=\"margin-bottom: 20px;color: #4a5568;line-height: 1.6\">Une excellente lettre de motivation peut faire la diff\u00e9rence entre d\u00e9crocher un entretien ou \u00eatre ignor\u00e9. Cr\u00e9ez la v\u00f4tre d\u00e8s maintenant.<\/p>\n<a href=\"https:\/\/ai.stylingcv.com\/ai-generator\/cover-letter?utm_source=stylingcv&utm_medium=website&utm_campaign=cta&utm_content=stylingcv-blog\" class=\"cta-button\" style=\"background: #f5576c;color: white;padding: 14px 35px;border-radius: 8px;text-decoration: none;font-weight: 600\">Cr\u00e9er ma lettre de motivation<\/a>\n<\/div>\n<div class=\"stylingcv-contextual-cta\" style=\"background:#f7fafc;border-left:4px solid #667eea;padding:20px;margin:25px 0;border-radius:8px\">\n    <p style=\"margin:0;font-size:15px;color:#2d3748\">\n        <strong style=\"color:#268599\">\ud83d\udcbc Compl\u00e9tez votre candidature<\/strong><br>\n        Une bonne lettre de motivation fait la diff\u00e9rence entre d\u00e9crocher un entretien ou \u00eatre ignor\u00e9. <a href=\"https:\/\/ai.stylingcv.com\/ai-generator\/cover-letter?utm_source=stylingcv&utm_medium=website&utm_campaign=cta&utm_content=stylingcv-blog\" style=\"color:#268599;font-weight:600;text-decoration:underline\">Cr\u00e9er ma lettre de motivation<\/a>\n    <\/p>\n\n<p>\ud83d\udc49 <a href=\"https:\/\/stylingcv.com\/cover-letter-writing\/\">r\u00e9diger une lettre de motivation<\/a><\/p>\n\n<p>\ud83d\udc49 <a href=\"https:\/\/stylingcv.com\/guides\/\">guides de r\u00e9daction de CV<\/a><\/p>\n\n<p>\ud83d\udc49 <a href=\"https:\/\/stylingcv.com\/resume-templates\/\">mod\u00e8les de CV compatibles ATS<\/a><\/p>\n\n<p><strong>\ud83d\udca1 Astuce :<\/strong> StylingCV n&#8217;est pas seulement un cr\u00e9ateur de CV \u2014 c&#8217;est un g\u00e9n\u00e9rateur intelligent qui r\u00e9fl\u00e9chit. <a href=\"https:\/\/stylingcv.com\/resume-builder\/\">Cr\u00e9ateur de CV IA avec 11 agents intelligents<\/a> en moins de 2 minutes.<\/p>\n<\/div>\n\n\n\n<div class=\"scv-related\" style=\"margin-top:40px;padding:24px 28px;background:#f8fafc;border-left:4px solid #268599;border-radius:8px\">\n<h3 style=\"color:#16344c;font-family:'Playfair Display',Georgia,serif;margin-top:0;font-size:1.2em\">Ressources associ\u00e9es<\/h3>\n<ul style=\"padding:0;margin:0\">\n<li style=\"margin-bottom:8px\"><a href=\"https:\/\/stylingcv.com\/resume-builder\/\" style=\"color:#268599;text-decoration:none;font-weight:500\">Cr\u00e9ateur de CV IA gratuit<\/a><\/li>\n<li style=\"margin-bottom:8px\"><a href=\"https:\/\/stylingcv.com\/guides\/\" style=\"color:#268599;text-decoration:none;font-weight:500\">Guides CV &amp; carri\u00e8re<\/a><\/li>\n<li style=\"margin-bottom:8px\"><a href=\"https:\/\/stylingcv.com\/cover-letter-writing\/\" style=\"color:#268599;text-decoration:none;font-weight:500\">R\u00e9daction de lettre de motivation<\/a><\/li>\n<\/ul>\n<\/div>\n<style>.entry-content a[href*=\"ai.stylingcv.com\"]:not(.scv-exit-cta){transition:transform 0.2s ease,box-shadow 0.2s ease}.entry-content a[href*=\"ai.stylingcv.com\"]:not(.scv-exit-cta):hover{transform:translateY(-2px);box-shadow:0 4px 12px rgba(38,133,153,0.25)}<\/style>","protected":false},"excerpt":{"rendered":"<p>D\u00e9couvrez les secrets pour r\u00e9diger le CV et la lettre de motivation parfaits !<\/p>\n","protected":false},"author":0,"featured_media":0,"parent":0,"menu_order":0,"comment_status":"closed","ping_status":"closed","template":"","meta":{"footnotes":""},"class_list":["post-67","page","type-page","status-publish","hentry"," c-blog-1-item  nt-post-class"],"yoast_head":"<!-- This site is optimized with the Yoast SEO Premium plugin v26.5 (Yoast SEO v26.5) - https:\/\/yoast.com\/wordpress\/plugins\/seo\/ -->\n<title>Conseils CV &amp; Guides Carri\u00e8re | Blog StylingCV<\/title>\n<meta name=\"description\" content=\"Conseils d&#039;experts pour r\u00e9diger votre CV, guides de lettres de motivation et strat\u00e9gies d&#039;entretien pour d\u00e9crocher l&#039;emploi de vos r\u00eaves. Mise \u00e0 jour chaque\" \/>\n<meta name=\"robots\" content=\"index, follow, max-snippet:-1, max-image-preview:large, max-video-preview:-1\" \/>\n<link rel=\"canonical\" href=\"https:\/\/stylingcv.com\/fr\/stylingcv-blog\/\" \/>\n<meta property=\"og:locale\" content=\"en_US\" \/>\n<meta property=\"og:type\" content=\"article\" \/>\n<meta property=\"og:title\" content=\"Ma\u00eetrisez la cr\u00e9ation de CV et de lettres de motivation : conseils essentiels\" \/>\n<meta property=\"og:description\" content=\"Conseils d&#039;experts pour r\u00e9diger votre CV, guides de lettres de motivation et strat\u00e9gies d&#039;entretien pour d\u00e9crocher l&#039;emploi de vos r\u00eaves. Mise \u00e0 jour chaque\" \/>\n<meta property=\"og:url\" content=\"https:\/\/stylingcv.com\/fr\/stylingcv-blog\/\" \/>\n<meta property=\"og:site_name\" content=\"StylingCV - Fran\u00e7ais\" \/>\n<meta name=\"twitter:card\" content=\"summary_large_image\" \/>\n<meta name=\"twitter:label1\" content=\"Est. reading time\" \/>\n\t<meta name=\"twitter:data1\" content=\"2 minutes\" \/>\n<script type=\"application\/ld+json\" class=\"yoast-schema-graph\">{\"@context\":\"https:\/\/schema.org\",\"@graph\":[{\"@type\":\"WebPage\",\"@id\":\"https:\/\/wp.stylingcv.com\/fr\/stylingcv-blog\/\",\"url\":\"https:\/\/wp.stylingcv.com\/fr\/stylingcv-blog\/\",\"name\":\"Conseils CV & Guides Carri\u00e8re | Blog StylingCV\",\"isPartOf\":{\"@id\":\"https:\/\/wp.stylingcv.com\/fr\/#website\"},\"datePublished\":\"2020-11-11T04:03:17+00:00\",\"description\":\"Conseils d'experts pour r\u00e9diger votre CV, guides de lettres de motivation et strat\u00e9gies d'entretien pour d\u00e9crocher l'emploi de vos r\u00eaves. Mise \u00e0 jour chaque\",\"breadcrumb\":{\"@id\":\"https:\/\/wp.stylingcv.com\/fr\/stylingcv-blog\/#breadcrumb\"},\"inLanguage\":\"en-US\",\"potentialAction\":[{\"@type\":\"ReadAction\",\"target\":[\"https:\/\/wp.stylingcv.com\/fr\/stylingcv-blog\/\"]}]},{\"@type\":\"BreadcrumbList\",\"@id\":\"https:\/\/wp.stylingcv.com\/fr\/stylingcv-blog\/#breadcrumb\",\"itemListElement\":[{\"@type\":\"ListItem\",\"position\":1,\"name\":\"Home\",\"item\":\"https:\/\/wp.stylingcv.com\/fr\/\"},{\"@type\":\"ListItem\",\"position\":2,\"name\":\"Ma\u00eetrisez la cr\u00e9ation de CV et de lettres de motivation : conseils essentiels\"}]},{\"@type\":\"WebSite\",\"@id\":\"https:\/\/wp.stylingcv.com\/fr\/#website\",\"url\":\"https:\/\/wp.stylingcv.com\/fr\/\",\"name\":\"StylingCV - Fran\u00e7ais\",\"description\":\"\",\"potentialAction\":[{\"@type\":\"SearchAction\",\"target\":{\"@type\":\"EntryPoint\",\"urlTemplate\":\"https:\/\/wp.stylingcv.com\/fr\/?s={search_term_string}\"},\"query-input\":{\"@type\":\"PropertyValueSpecification\",\"valueRequired\":true,\"valueName\":\"search_term_string\"}}],\"inLanguage\":\"en-US\"}]}<\/script>\n<!-- \/ Yoast SEO Premium plugin. -->","yoast_head_json":{"title":"Conseils CV & Guides Carri\u00e8re | Blog StylingCV","description":"Conseils d'experts pour r\u00e9diger votre CV, guides de lettres de motivation et strat\u00e9gies d'entretien pour d\u00e9crocher l'emploi de vos r\u00eaves. Mise \u00e0 jour chaque","robots":{"index":"index","follow":"follow","max-snippet":"max-snippet:-1","max-image-preview":"max-image-preview:large","max-video-preview":"max-video-preview:-1"},"canonical":"https:\/\/stylingcv.com\/fr\/stylingcv-blog\/","og_locale":"en_US","og_type":"article","og_title":"Ma\u00eetrisez la cr\u00e9ation de CV et de lettres de motivation : conseils essentiels","og_description":"Conseils d'experts pour r\u00e9diger votre CV, guides de lettres de motivation et strat\u00e9gies d'entretien pour d\u00e9crocher l'emploi de vos r\u00eaves. Mise \u00e0 jour chaque","og_url":"https:\/\/stylingcv.com\/fr\/stylingcv-blog\/","og_site_name":"StylingCV - Fran\u00e7ais","twitter_card":"summary_large_image","twitter_misc":{"Est. reading time":"2 minutes"},"schema":{"@context":"https:\/\/schema.org","@graph":[{"@type":"WebPage","@id":"https:\/\/wp.stylingcv.com\/fr\/stylingcv-blog\/","url":"https:\/\/wp.stylingcv.com\/fr\/stylingcv-blog\/","name":"Conseils CV & Guides Carri\u00e8re | Blog StylingCV","isPartOf":{"@id":"https:\/\/wp.stylingcv.com\/fr\/#website"},"datePublished":"2020-11-11T04:03:17+00:00","description":"Conseils d'experts pour r\u00e9diger votre CV, guides de lettres de motivation et strat\u00e9gies d'entretien pour d\u00e9crocher l'emploi de vos r\u00eaves. Mise \u00e0 jour chaque","breadcrumb":{"@id":"https:\/\/wp.stylingcv.com\/fr\/stylingcv-blog\/#breadcrumb"},"inLanguage":"en-US","potentialAction":[{"@type":"ReadAction","target":["https:\/\/wp.stylingcv.com\/fr\/stylingcv-blog\/"]}]},{"@type":"BreadcrumbList","@id":"https:\/\/wp.stylingcv.com\/fr\/stylingcv-blog\/#breadcrumb","itemListElement":[{"@type":"ListItem","position":1,"name":"Home","item":"https:\/\/wp.stylingcv.com\/fr\/"},{"@type":"ListItem","position":2,"name":"Ma\u00eetrisez la cr\u00e9ation de CV et de lettres de motivation : conseils essentiels"}]},{"@type":"WebSite","@id":"https:\/\/wp.stylingcv.com\/fr\/#website","url":"https:\/\/wp.stylingcv.com\/fr\/","name":"StylingCV - Fran\u00e7ais","description":"","potentialAction":[{"@type":"SearchAction","target":{"@type":"EntryPoint","urlTemplate":"https:\/\/wp.stylingcv.com\/fr\/?s={search_term_string}"},"query-input":{"@type":"PropertyValueSpecification","valueRequired":true,"valueName":"search_term_string"}}],"inLanguage":"en-US"}]}},"_links":{"self":[{"href":"https:\/\/wp.stylingcv.com\/fr\/wp-json\/wp\/v2\/pages\/67","targetHints":{"allow":["GET"]}}],"collection":[{"href":"https:\/\/wp.stylingcv.com\/fr\/wp-json\/wp\/v2\/pages"}],"about":[{"href":"https:\/\/wp.stylingcv.com\/fr\/wp-json\/wp\/v2\/types\/page"}],"replies":[{"embeddable":true,"href":"https:\/\/wp.stylingcv.com\/fr\/wp-json\/wp\/v2\/comments?post=67"}],"version-history":[{"count":0,"href":"https:\/\/wp.stylingcv.com\/fr\/wp-json\/wp\/v2\/pages\/67\/revisions"}],"wp:attachment":[{"href":"https:\/\/wp.stylingcv.com\/fr\/wp-json\/wp\/v2\/media?parent=67"}],"curies":[{"name":"wp","href":"https:\/\/api.w.org\/{rel}","templated":true}]}}