{"id":64,"date":"2020-08-08T05:08:08","date_gmt":"2020-08-08T05:08:08","guid":{"rendered":"https:\/\/stylingcv.com\/fr\/a-propos-de-nous\/desactiver-renouvellement-automatique\/"},"modified":"2020-08-08T05:08:08","modified_gmt":"2020-08-08T05:08:08","slug":"disable-auto-renewal","status":"publish","type":"page","link":"https:\/\/wp.stylingcv.com\/fr\/about-us\/disable-auto-renewal\/","title":{"rendered":"D\u00e9sactiver le renouvellement automatique"},"content":{"rendered":"\n<div class=\"wp-block-group inner-banner-container is-layout-flow wp-block-group-is-layout-flow\">\n<div class=\"wp-block-group center-piece is-layout-flow wp-block-group-is-layout-flow\">\n<h1 class=\"wp-block-heading\" id=\"h-disable-auto-renewal\">Votre guide complet pour d\u00e9sactiver le renouvellement automatique<\/h1>\n\n\n\n<h2 class=\"wp-block-heading\" id=\"h-disable-auto-renewal-0\">D\u00e9sactiver le renouvellement automatique<\/h2>\n\n\n\n<div class=\"topaz-line\"><i class=\"fa fa-stop\"><\/i><\/div>\n<\/div>\n\n<div class=\"cta-gradient\" style=\"background:linear-gradient(135deg,#667eea 0%,#764ba2 100%);padding:30px;border-radius:12px;margin:30px 0;text-align:center;color:#fff\"><h3 style=\"color:#fff;margin:0 0 15px;font-size:24px\">\ud83d\ude80 \u00c9vitez les erreurs sur votre CV<\/h3><p style=\"font-size:16px;margin:0 0 20px;line-height:1.6\">Cr\u00e9ez votre CV professionnel compatible ATS en 5 minutes. Rejoignez plus de 6 millions d&#8217;utilisateurs !<\/p><a href=\"https:\/\/ai.stylingcv.com?utm_source=stylingcv&utm_medium=website&utm_campaign=cta&utm_content=disable-auto-renewal\" style=\"background:#fff;color:#268599;padding:15px 40px;border-radius:50px;text-decoration:none;font-weight:bold;font-size:18px\">Commencer gratuitement \u2728<\/a><\/div>\n\n\n<\/div>\n\n\n\n<div class=\"wp-block-group data-row gray-block is-layout-flow wp-block-group-is-layout-flow\">\n\n<div class=\"related-hubs\" style=\"background: #fafafa;padding: 15px;border-radius: 8px;margin: 20px 0;border-top: 2px solid #0066cc\">\n<strong>\ud83d\udd17 Explorer plus :<\/strong>\n<a href=\"\/resume-builder\/\" style=\"margin: 0 8px\">Cr\u00e9ateur de CV<\/a> |\n<a href=\"\/resume-examples\/\" style=\"margin: 0 8px\">Exemples<\/a> |\n<a href=\"\/resume-templates\/\" style=\"margin: 0 8px\">Mod\u00e8les<\/a> |\n<a href=\"\/ai-tools-tech\/\" style=\"margin: 0 8px\">Outils IA<\/a>\n<\/div>\n\n\n\n\n\n\n\n\n\n\n\n<p>Vous pouvez g\u00e9rer vos abonnements depuis votre page Mon Compte. Veuillez suivre ces \u00e9tapes si vous souhaitez d\u00e9sactiver l&#8217;option de renouvellement automatique :<\/p>\n<div class=\"stylingcv-contextual-cta\" style=\"background:linear-gradient(135deg,#667eea 0%,#764ba2 100%);padding:30px;border-radius:12px;margin:30px 0;text-align:center;color:#fff\">\n    <h3 style=\"color:#fff;margin:0 0 15px;font-size:22px;font-weight:600\">\ud83d\udcc4 Choisissez parmi plus de 39 mod\u00e8les professionnels<\/h3>\n    <p style=\"font-size:15px;margin:0 0 20px;line-height:1.6;opacity:0.95\">Trouvez le mod\u00e8le parfait pour votre secteur et votre niveau d&#8217;exp\u00e9rience.<\/p>\n    <a href=\"https:\/\/ai.stylingcv.com\/ai-generatortemplates?utm_source=stylingcv&utm_medium=website&utm_campaign=cta&utm_content=disable-auto-renewal\" style=\"background:#fff;color:#268599;padding:14px 35px;border-radius:50px;text-decoration:none;font-weight:bold;font-size:16px\">Voir les mod\u00e8les \u2192<\/a>\n<\/div>\n\n\n<div class=\"cta-box cta-primary\" style=\"background: linear-gradient(135deg, #667eea 0%, #764ba2 100%);padding: 30px;border-radius: 12px;margin: 40px 0;text-align: center;color: white\">\n<h3 style=\"color: white;margin-bottom: 15px;font-size: 24px\">\u2728 \u00c9vitez les erreurs sur votre CV<\/h3>\n<p style=\"font-size: 16px;margin-bottom: 20px;opacity: 0.95\">Cr\u00e9ez un CV professionnel et compatible ATS en quelques minutes gr\u00e2ce \u00e0 notre cr\u00e9ateur aliment\u00e9 par l&#8217;IA. Aucune comp\u00e9tence en design requise.<\/p>\n<a href=\"https:\/\/ai.stylingcv.com\/ai-generatorbuilder?utm_source=stylingcv&utm_medium=website&utm_campaign=cta&utm_content=disable-auto-renewal\" class=\"cta-button\" style=\"background: white;color: #268599;padding: 15px 40px;border-radius: 8px;text-decoration: none;font-weight: 600;font-size: 16px\">Cr\u00e9ez votre CV maintenant &#8211; Gratuit<\/a>\n<\/div>\n\n\n\n\n\n<ul class=\"wp-block-list\">\n<li><strong>Connectez-vous \u00e0 votre compte &#8211;\u00a0<a href=\"https:\/\/ai.stylingcv.com\/ai-generator?utm_source=stylingcv&utm_medium=website&utm_campaign=cta&utm_content=disable-auto-renewal\" target=\"_blank\" rel=\"noreferrer noopener\"><span class=\"has-inline-color has-vivid-cyan-blue-color\">Se connecter<\/span><\/a><\/strong><\/li>\n\n\n\n<li><strong>Acc\u00e9dez \u00e0 votre\u00a0<a href=\"https:\/\/ai.stylingcv.com\/ai-generatorprofile?utm_source=stylingcv&utm_medium=website&utm_campaign=cta&utm_content=disable-auto-renewal\" target=\"_blank\" rel=\"noreferrer noopener\"><span class=\"has-inline-color has-vivid-cyan-blue-color\">page Mon Compte<\/span><\/a><\/strong><\/li>\n\n\n\n<li><strong>Cliquez sur l&#8217;onglet\u00a0Abonnements<\/strong><\/li>\n\n\n\n<li><strong>Puis cliquez sur\u00a0D\u00e9tails<\/strong><\/li>\n\n\n\n<li><strong>Cliquez sur le bouton\u00a0Arr\u00eater le renouvellement automatique<\/strong><\/li>\n<\/ul>\n\n\n\n<p>Si vous rencontrez des probl\u00e8mes avec ce lien ou si vous avez d&#8217;autres questions, veuillez contacter notre service client \u00e0 support@stylingcv.com<\/p>\n\n<div class=\"cta-tip\" style=\"background:#f8f9fa;border-left:4px solid #667eea;padding:20px;margin:25px 0;border-radius:8px\"><p style=\"margin:0;font-size:16px;color:#333\"><strong>\ud83d\udca1 Astuce :<\/strong> \u00c9vitez les soucis de mise en page ! <a href=\"https:\/\/ai.stylingcv.com?utm_source=stylingcv&utm_medium=website&utm_campaign=cta&utm_content=disable-auto-renewal\" style=\"color:#268599;font-weight:bold;text-decoration:underline\">Utilisez notre cr\u00e9ateur de CV IA<\/a> et cr\u00e9ez un CV professionnel en quelques minutes.<\/p><\/div>\n\n\n\n\n\n<p>Merci d&#8217;utiliser StylingCV !<\/p>\n\n\n\n<p>L&#8217;\u00e9quipe StylingCV<\/p>\n\n<div class=\"cta-box cta-secondary\" style=\"border: 2px solid #667eea;padding: 25px;border-radius: 10px;margin: 40px 0;text-align: center\">\n<h4 style=\"color: #268599;margin-bottom: 10px;font-size: 20px\">\u26a1 Pr\u00eat \u00e0 cr\u00e9er votre CV professionnel ?<\/h4>\n<p style=\"margin-bottom: 20px;color: #4a5568\">Rejoignez plus de 6 millions d&#8217;utilisateurs qui ont cr\u00e9\u00e9 un CV gagnant avec StylingCV<\/p>\n<a href=\"https:\/\/ai.stylingcv.com\/ai-generatorbuilder?utm_source=stylingcv&utm_medium=website&utm_campaign=cta&utm_content=disable-auto-renewal\" class=\"cta-button\" style=\"background: linear-gradient(135deg, #268599 0%, #618480 50%, #e8885e 100%);color: white;padding: 12px 35px;border-radius: 8px;text-decoration: none;font-weight: 600\">Commencer &#8211; C&#8217;est gratuit<\/a>\n\n<div class=\"stylingcv-contextual-cta\" style=\"background:#fff;border:3px solid #667eea;padding:28px;border-radius:12px;margin:30px 0;text-align:center\">\n    <h3 style=\"color:#268599;margin:0 0 12px;font-size:21px;font-weight:600\">\ud83c\udfa8 Un design professionnel compte<\/h3>\n    <p style=\"font-size:15px;margin:0 0 18px;color:#4a5568;line-height:1.6\">Choisissez parmi des mod\u00e8les compatibles ATS qui sont beaux et efficaces.<\/p>\n    <a href=\"https:\/\/ai.stylingcv.com?utm_source=stylingcv&utm_medium=website&utm_campaign=cta&utm_content=disable-auto-renewal\" style=\"background:linear-gradient(135deg, #268599 0%, #618480 50%, #e8885e 100%);color:#fff;padding:13px 32px;border-radius:8px;text-decoration:none;font-weight:600;font-size:15px\">Voir la biblioth\u00e8que de mod\u00e8les<\/a>\n<\/div>\n<\/div>\n\n\n\n\n\n\n<\/div>\n\n\n\n<figure class=\"wp-block-image aligncenter size-large is-resized\"><img decoding=\"async\" src=\"wp-content\/uploads\/2020\/08\/stop-en-1024x754.png\" alt=\"Stop En - Disable Auto-Renewal\" class=\"wp-image-11737\" style=\"width:840px;height:619px\" \/><\/figure>\n\n\n\n<h2 class=\"wp-block-heading has-text-align-center\" id=\"h-\"><\/h2>\n\n\n\n<p>Pour plus d&#8217;informations compl\u00e8tes sur la r\u00e9daction de CV et la recherche d&#8217;emploi en Arabie Saoudite :<\/p>\n\n<div class=\"cta-action\" style=\"background:#fff;border:3px solid #667eea;padding:30px;border-radius:12px;margin:30px 0;text-align:center\"><h3 style=\"color:#268599;margin:0 0 15px;font-size:22px\">\u26a1 Cr\u00e9ez votre CV gagnant d\u00e8s maintenant<\/h3><p style=\"font-size:15px;margin:0 0 20px;color:#666\">Mod\u00e8les professionnels + optimisation ATS + assistance IA = Votre emploi de r\u00eave !<\/p><a href=\"https:\/\/ai.stylingcv.com?utm_source=stylingcv&utm_medium=website&utm_campaign=cta&utm_content=disable-auto-renewal\" style=\"background:linear-gradient(135deg, #268599 0%, #618480 50%, #e8885e 100%);color:#fff;padding:15px 40px;border-radius:50px;text-decoration:none;font-weight:bold\">Commencer gratuitement \u2192<\/a><\/div>\n\n\n\n\n\n<ul class=\"wp-block-list\">\n<li><a href=\"https:\/\/stylingcv.com\/uncategorized\/top-10-in-demand-jobs-saudi-arabia-2026\/\">Top 10 des m\u00e9tiers les plus recherch\u00e9s en Arabie Saoudite pour 2026<\/a><\/li>\n\n\n\n<li><a href=\"https:\/\/stylingcv.com\/uncategorized\/saudi-arabia-resume-guide-2026-vision-2030\/\">Comment r\u00e9diger un CV gagnant pour l&#8217;Arabie Saoudite en 2026<\/a><\/li>\n\n\n\n<li><a href=\"https:\/\/stylingcv.com\/uncategorized\/how-to-get-job-saudi-arabia-foreigner-2026\/\">Comment trouver un emploi en Arabie Saoudite en tant qu&#8217;\u00e9tranger<\/a><\/li>\n<\/ul>\n\n\n\n\n<div class=\"cta-box cta-final\" style=\"background: #f7fafc;border-left: 4px solid #667eea;padding: 30px;margin: 40px 0\">\n<h4 style=\"color: #2d3748;margin-bottom: 15px;font-size: 22px\">\ud83d\udcdd Cr\u00e9ez votre CV en 5 minutes<\/h4>\n<p style=\"margin-bottom: 20px;color: #4a5568;line-height: 1.6\">Ne laissez pas un CV mal format\u00e9 freiner votre carri\u00e8re. Utilisez notre cr\u00e9ateur intelligent pour r\u00e9aliser un CV professionnel qui passe les ATS et impressionne les recruteurs.<\/p>\n<a href=\"https:\/\/ai.stylingcv.com\/ai-generatorbuilder?utm_source=stylingcv&utm_medium=website&utm_campaign=cta&utm_content=disable-auto-renewal\" class=\"cta-button\" style=\"background: linear-gradient(135deg, #268599 0%, #618480 50%, #e8885e 100%);color: white;padding: 14px 35px;border-radius: 8px;text-decoration: none;font-weight: 600;margin-right: 15px\">Cr\u00e9er mon CV<\/a>\n<a href=\"https:\/\/stylingcv.com\/resume-examples\/\" class=\"cta-button-secondary\" style=\"border: 2px solid #667eea;color: #268599;padding: 12px 35px;border-radius: 8px;text-decoration: none;font-weight: 600\">Voir des exemples<\/a>\n<\/div>\n<div class=\"stylingcv-contextual-cta\" style=\"background:#f7fafc;border-left:4px solid #667eea;padding:20px;margin:25px 0;border-radius:8px\">\n    <p style=\"margin:0;font-size:15px;color:#2d3748\">\n        <strong style=\"color:#268599\">\u2728 Trouvez votre mod\u00e8le parfait<\/strong><br>\n        Des designs modernes et \u00e9pur\u00e9s pour vous d\u00e9marquer tout en restant professionnel. <a href=\"https:\/\/ai.stylingcv.com\/ai-generatortemplates?utm_source=stylingcv&utm_medium=website&utm_campaign=cta&utm_content=disable-auto-renewal\" style=\"color:#268599;font-weight:600;text-decoration:underline\">Explorer les mod\u00e8les<\/a>\n    <\/p>\n<\/div>\n\n\n\n<div class=\"scv-related\" style=\"margin-top:40px;padding:24px 28px;background:#f8fafc;border-left:4px solid #268599;border-radius:8px\">\n<h3 style=\"color:#16344c;font-family:'Playfair Display',Georgia,serif;margin-top:0;font-size:1.2em\">Ressources associ\u00e9es<\/h3>\n<ul style=\"padding:0;margin:0\">\n<li style=\"margin-bottom:8px\"><a href=\"https:\/\/stylingcv.com\/guides\/\" style=\"color:#268599;text-decoration:none;font-weight:500\">Guides CV &amp; carri\u00e8re<\/a><\/li>\n<li style=\"margin-bottom:8px\"><a href=\"https:\/\/stylingcv.com\/resume-builder\/\" style=\"color:#268599;text-decoration:none;font-weight:500\">Cr\u00e9ateur de CV IA gratuit<\/a><\/li>\n<li style=\"margin-bottom:8px\"><a href=\"https:\/\/stylingcv.com\/career-resources\/\" style=\"color:#268599;text-decoration:none;font-weight:500\">Ressources carri\u00e8re<\/a><\/li>\n<\/ul>\n<\/div>\n<style>.entry-content a[href*=\"ai.stylingcv.com\"]:not(.scv-exit-cta){transition:transform 0.2s ease,box-shadow 0.2s ease}.entry-content a[href*=\"ai.stylingcv.com\"]:not(.scv-exit-cta):hover{transform:translateY(-2px);box-shadow:0 4px 12px rgba(38,133,153,0.25)}<\/style>","protected":false},"excerpt":{"rendered":"<p>D\u00e9couvrez comment d\u00e9sactiver facilement le renouvellement automatique de vos abonnements StylingCV depuis les param\u00e8tres de votre compte.<\/p>\n","protected":false},"author":0,"featured_media":0,"parent":37,"menu_order":0,"comment_status":"closed","ping_status":"closed","template":"","meta":{"footnotes":""},"class_list":["post-64","page","type-page","status-publish","hentry"," c-blog-1-item  nt-post-class"],"yoast_head":"<!-- This site is optimized with the Yoast SEO Premium plugin v26.5 (Yoast SEO v26.5) - https:\/\/yoast.com\/wordpress\/plugins\/seo\/ -->\n<title>D\u00e9sactiver le renouvellement automatique | StylingCV<\/title>\n<meta name=\"description\" content=\"Guide expert pour d\u00e9sactiver le renouvellement automatique. Conseils pratiques, mod\u00e8les et exemples pour booster votre recherche d&#039;emploi et carri\u00e8re en 2026.\" \/>\n<meta name=\"robots\" content=\"index, follow, max-snippet:-1, max-image-preview:large, max-video-preview:-1\" \/>\n<link rel=\"canonical\" href=\"https:\/\/stylingcv.com\/fr\/about-us\/disable-auto-renewal\/\" \/>\n<meta property=\"og:locale\" content=\"en_US\" \/>\n<meta property=\"og:type\" content=\"article\" \/>\n<meta property=\"og:title\" content=\"D\u00e9sactiver le renouvellement automatique\" \/>\n<meta property=\"og:description\" content=\"Guide expert pour d\u00e9sactiver le renouvellement automatique. Conseils pratiques, mod\u00e8les et exemples pour booster votre recherche d&#039;emploi et carri\u00e8re en 2026.\" \/>\n<meta property=\"og:url\" content=\"https:\/\/stylingcv.com\/fr\/about-us\/disable-auto-renewal\/\" \/>\n<meta property=\"og:site_name\" content=\"StylingCV - Fran\u00e7ais\" \/>\n<meta name=\"twitter:card\" content=\"summary_large_image\" \/>\n<meta name=\"twitter:label1\" content=\"Est. reading time\" \/>\n\t<meta name=\"twitter:data1\" content=\"2 minutes\" \/>\n<script type=\"application\/ld+json\" class=\"yoast-schema-graph\">{\"@context\":\"https:\/\/schema.org\",\"@graph\":[{\"@type\":\"WebPage\",\"@id\":\"https:\/\/wp.stylingcv.com\/fr\/about-us\/disable-auto-renewal\/\",\"url\":\"https:\/\/wp.stylingcv.com\/fr\/about-us\/disable-auto-renewal\/\",\"name\":\"D\u00e9sactiver le renouvellement automatique | StylingCV\",\"isPartOf\":{\"@id\":\"https:\/\/wp.stylingcv.com\/fr\/#website\"},\"datePublished\":\"2020-08-08T05:08:08+00:00\",\"description\":\"Guide expert pour d\u00e9sactiver le renouvellement automatique. Conseils pratiques, mod\u00e8les et exemples pour booster votre recherche d'emploi et carri\u00e8re en 2026.\",\"breadcrumb\":{\"@id\":\"https:\/\/wp.stylingcv.com\/fr\/about-us\/disable-auto-renewal\/#breadcrumb\"},\"inLanguage\":\"en-US\",\"potentialAction\":[{\"@type\":\"ReadAction\",\"target\":[\"https:\/\/wp.stylingcv.com\/fr\/about-us\/disable-auto-renewal\/\"]}]},{\"@type\":\"BreadcrumbList\",\"@id\":\"https:\/\/wp.stylingcv.com\/fr\/about-us\/disable-auto-renewal\/#breadcrumb\",\"itemListElement\":[{\"@type\":\"ListItem\",\"position\":1,\"name\":\"Home\",\"item\":\"https:\/\/wp.stylingcv.com\/fr\/\"},{\"@type\":\"ListItem\",\"position\":2,\"name\":\"\u00c0 propos de nous | StylingCV G\u00e9n\u00e9rateur de CV &amp; R\u00e9sum\u00e9s Intelligent\",\"item\":\"https:\/\/wp.stylingcv.com\/fr\/about-us\/\"},{\"@type\":\"ListItem\",\"position\":3,\"name\":\"D\u00e9sactiver le renouvellement automatique\"}]},{\"@type\":\"WebSite\",\"@id\":\"https:\/\/wp.stylingcv.com\/fr\/#website\",\"url\":\"https:\/\/wp.stylingcv.com\/fr\/\",\"name\":\"StylingCV - Fran\u00e7ais\",\"description\":\"\",\"potentialAction\":[{\"@type\":\"SearchAction\",\"target\":{\"@type\":\"EntryPoint\",\"urlTemplate\":\"https:\/\/wp.stylingcv.com\/fr\/?s={search_term_string}\"},\"query-input\":{\"@type\":\"PropertyValueSpecification\",\"valueRequired\":true,\"valueName\":\"search_term_string\"}}],\"inLanguage\":\"en-US\"}]}<\/script>\n<!-- \/ Yoast SEO Premium plugin. -->","yoast_head_json":{"title":"D\u00e9sactiver le renouvellement automatique | StylingCV","description":"Guide expert pour d\u00e9sactiver le renouvellement automatique. Conseils pratiques, mod\u00e8les et exemples pour booster votre recherche d'emploi et carri\u00e8re en 2026.","robots":{"index":"index","follow":"follow","max-snippet":"max-snippet:-1","max-image-preview":"max-image-preview:large","max-video-preview":"max-video-preview:-1"},"canonical":"https:\/\/stylingcv.com\/fr\/about-us\/disable-auto-renewal\/","og_locale":"en_US","og_type":"article","og_title":"D\u00e9sactiver le renouvellement automatique","og_description":"Guide expert pour d\u00e9sactiver le renouvellement automatique. Conseils pratiques, mod\u00e8les et exemples pour booster votre recherche d'emploi et carri\u00e8re en 2026.","og_url":"https:\/\/stylingcv.com\/fr\/about-us\/disable-auto-renewal\/","og_site_name":"StylingCV - Fran\u00e7ais","twitter_card":"summary_large_image","twitter_misc":{"Est. reading time":"2 minutes"},"schema":{"@context":"https:\/\/schema.org","@graph":[{"@type":"WebPage","@id":"https:\/\/wp.stylingcv.com\/fr\/about-us\/disable-auto-renewal\/","url":"https:\/\/wp.stylingcv.com\/fr\/about-us\/disable-auto-renewal\/","name":"D\u00e9sactiver le renouvellement automatique | StylingCV","isPartOf":{"@id":"https:\/\/wp.stylingcv.com\/fr\/#website"},"datePublished":"2020-08-08T05:08:08+00:00","description":"Guide expert pour d\u00e9sactiver le renouvellement automatique. Conseils pratiques, mod\u00e8les et exemples pour booster votre recherche d'emploi et carri\u00e8re en 2026.","breadcrumb":{"@id":"https:\/\/wp.stylingcv.com\/fr\/about-us\/disable-auto-renewal\/#breadcrumb"},"inLanguage":"en-US","potentialAction":[{"@type":"ReadAction","target":["https:\/\/wp.stylingcv.com\/fr\/about-us\/disable-auto-renewal\/"]}]},{"@type":"BreadcrumbList","@id":"https:\/\/wp.stylingcv.com\/fr\/about-us\/disable-auto-renewal\/#breadcrumb","itemListElement":[{"@type":"ListItem","position":1,"name":"Home","item":"https:\/\/wp.stylingcv.com\/fr\/"},{"@type":"ListItem","position":2,"name":"\u00c0 propos de nous | StylingCV G\u00e9n\u00e9rateur de CV &amp; R\u00e9sum\u00e9s Intelligent","item":"https:\/\/wp.stylingcv.com\/fr\/about-us\/"},{"@type":"ListItem","position":3,"name":"D\u00e9sactiver le renouvellement automatique"}]},{"@type":"WebSite","@id":"https:\/\/wp.stylingcv.com\/fr\/#website","url":"https:\/\/wp.stylingcv.com\/fr\/","name":"StylingCV - Fran\u00e7ais","description":"","potentialAction":[{"@type":"SearchAction","target":{"@type":"EntryPoint","urlTemplate":"https:\/\/wp.stylingcv.com\/fr\/?s={search_term_string}"},"query-input":{"@type":"PropertyValueSpecification","valueRequired":true,"valueName":"search_term_string"}}],"inLanguage":"en-US"}]}},"_links":{"self":[{"href":"https:\/\/wp.stylingcv.com\/fr\/wp-json\/wp\/v2\/pages\/64","targetHints":{"allow":["GET"]}}],"collection":[{"href":"https:\/\/wp.stylingcv.com\/fr\/wp-json\/wp\/v2\/pages"}],"about":[{"href":"https:\/\/wp.stylingcv.com\/fr\/wp-json\/wp\/v2\/types\/page"}],"replies":[{"embeddable":true,"href":"https:\/\/wp.stylingcv.com\/fr\/wp-json\/wp\/v2\/comments?post=64"}],"version-history":[{"count":0,"href":"https:\/\/wp.stylingcv.com\/fr\/wp-json\/wp\/v2\/pages\/64\/revisions"}],"up":[{"embeddable":true,"href":"https:\/\/wp.stylingcv.com\/fr\/wp-json\/wp\/v2\/pages\/37"}],"wp:attachment":[{"href":"https:\/\/wp.stylingcv.com\/fr\/wp-json\/wp\/v2\/media?parent=64"}],"curies":[{"name":"wp","href":"https:\/\/api.w.org\/{rel}","templated":true}]}}