{"id":633,"date":"2025-12-18T06:54:13","date_gmt":"2025-12-18T06:54:13","guid":{"rendered":"https:\/\/stylingcv.com\/fr\/modeles-cv-professionnels\/modeles-cv-guide-design\/"},"modified":"2025-12-18T06:54:13","modified_gmt":"2025-12-18T06:54:13","slug":"templates-design","status":"publish","type":"page","link":"https:\/\/wp.stylingcv.com\/fr\/resume-templates\/templates-design\/","title":{"rendered":"Mod\u00e8les de CV &#038; Guide de Design"},"content":{"rendered":"\n<p>Le mod\u00e8le de votre CV fa\u00e7onne la premi\u00e8re impression avant m\u00eame que les recruteurs ne lisent un mot. Le bon design guide leur regard vers vos qualifications les plus importantes tout en passant le filtrage ATS. Parcourez notre collection s\u00e9lectionn\u00e9e de mod\u00e8les professionnels, modernes et cr\u00e9atifs con\u00e7us pour chaque secteur et niveau de carri\u00e8re.<\/p>\n<div class=\"related-hubs\" style=\"background: #f3e5f5;padding: 15px;border-radius: 8px;margin: 20px 0;border-left: 3px solid #9c27b0\">\n<strong>\ud83d\udcc4 Mod\u00e8les &#038; Exemples :<\/strong>\n<a href=\"\/resume-templates\/\" style=\"margin: 0 10px\">Mod\u00e8les de CV<\/a> |\n<a href=\"\/resume-examples\/\" style=\"margin: 0 10px\">Exemples de CV<\/a> |\n<a href=\"\/resume-builder\/\" style=\"margin: 0 10px\">Cr\u00e9er votre CV<\/a>\n<\/div>\n\n\n\n<div class=\"wp-block-buttons is-content-justification-center is-layout-flex wp-container-core-buttons-is-layout-16018d1d wp-block-buttons-is-layout-flex\">\n\n<div class=\"wp-block-button\"><a class=\"wp-block-button__link has-white-color has-vivid-cyan-blue-background-color has-text-color has-background wp-element-button\" href=\"https:\/\/ai.stylingcv.com?utm_source=stylingcv&utm_medium=website&utm_campaign=cta&utm_content=templates-design\">Voir tous les mod\u00e8les \u2192<\/a><\/div>\n\n<\/div>\n\n\n\n<h2 class=\"wp-block-heading\">Styles de Mod\u00e8les pour Chaque Secteur<\/h2>\n\n\n\n<h3 class=\"wp-block-heading\">Mod\u00e8les Professionnels<\/h3>\n\n\n\n<p>Mises en page \u00e9pur\u00e9es et traditionnelles avec des couleurs sobres. Parfait pour la finance, le droit, le conseil, la sant\u00e9 et les postes dans la fonction publique o\u00f9 le professionnalisme est essentiel. Ces mod\u00e8les mettent l&#8217;accent sur la structure du contenu et la lisibilit\u00e9 plut\u00f4t que sur l&#8217;aspect visuel.<\/p>\n\n\n\n<h3 class=\"wp-block-heading\">Mod\u00e8les Modernes<\/h3>\n\n\n\n<p>Designs contemporains avec des touches de couleur discr\u00e8tes et une typographie actualis\u00e9e. Id\u00e9al pour la technologie, le marketing, les startups et les postes interm\u00e9diaires dans tous les secteurs. Ces mod\u00e8les allient attrait visuel et compatibilit\u00e9 ATS.<\/p>\n\n<div class=\"cta-gradient\" style=\"background:linear-gradient(135deg,#667eea 0%,#764ba2 100%);padding:30px;border-radius:12px;margin:30px 0;text-align:center;color:#fff\"><h3 style=\"color:#fff;margin:0 0 15px;font-size:24px\">\ud83e\udd16 Battez le syst\u00e8me ATS<\/h3><p style=\"font-size:16px;margin:0 0 20px;line-height:1.6\">Nos mod\u00e8les optimis\u00e9s par l&#8217;IA garantissent que votre CV passe le filtrage ATS \u00e0 chaque fois !<\/p><a href=\"https:\/\/ai.stylingcv.com?utm_source=stylingcv&utm_medium=website&utm_campaign=cta&utm_content=templates-design\" style=\"background:#fff;color:#268599;padding:15px 40px;border-radius:50px;text-decoration:none;font-weight:bold;font-size:18px\">Cr\u00e9er un CV ATS \u2192<\/a><\/div>\n\n\n\n\n\n<h3 class=\"wp-block-heading\">Mod\u00e8les Cr\u00e9atifs<\/h3>\n\n\n\n<p>Mises en page audacieuses qui mettent en valeur la personnalit\u00e9 tout en restant professionnelles. Id\u00e9al pour le design, la publicit\u00e9, les m\u00e9dias et les agences cr\u00e9atives o\u00f9 la pr\u00e9sentation visuelle compte. Chaque mod\u00e8le cr\u00e9atif est \u00e9galement optimis\u00e9 pour l&#8217;ATS.<\/p>\n\n\n\n<h3 class=\"wp-block-heading\">Mod\u00e8les Ex\u00e9cutifs<\/h3>\n\n\n\n<p>Mises en page sophistiqu\u00e9es sur deux pages pour les postes de direction. Ces mod\u00e8les permettent de pr\u00e9senter une exp\u00e9rience \u00e9tendue, des postes au conseil d&#8217;administration et des r\u00e9alisations strat\u00e9giques tout en maintenant une hi\u00e9rarchie visuelle adapt\u00e9e aux postes de direction et de vice-pr\u00e9sidence.<\/p>\n\n\n\n<div style=\"background: linear-gradient(135deg, #0d9488 0%, #0891b2 100%);border-radius: 16px;padding: 35px 25px;margin: 30px 0\">\n  <p style=\"text-align: center;color: white;font-size: 22px;font-weight: 700;margin: 0 0 25px 0\">\n    Propuls\u00e9 par Intelli StylingCV\n  <\/p>\n\n<div class=\"cta-box cta-primary\" style=\"background: linear-gradient(135deg, #667eea 0%, #764ba2 100%);padding: 30px;border-radius: 12px;margin: 40px 0;text-align: center;color: white\">\n<h3 style=\"color: white;margin-bottom: 15px;font-size: 24px\">\u2728 Arr\u00eatez de faire des erreurs sur votre CV<\/h3>\n<p style=\"font-size: 16px;margin-bottom: 20px;opacity: 0.95\">Cr\u00e9ez un CV professionnel et compatible ATS en quelques minutes gr\u00e2ce \u00e0 notre g\u00e9n\u00e9rateur aliment\u00e9 par l&#8217;IA. Aucune comp\u00e9tence en design requise.<\/p>\n<a href=\"https:\/\/ai.stylingcv.com\/ai-generatorbuilder?utm_source=stylingcv&utm_medium=website&utm_campaign=cta&utm_content=templates-design\" class=\"cta-button\" style=\"background: white;color: #268599;padding: 15px 40px;border-radius: 8px;text-decoration: none;font-weight: 600;font-size: 16px\">Cr\u00e9er mon CV maintenant &#8211; Gratuit<\/a>\n<\/div>\n\n\n  <div style=\"justify-content: center;align-items: center;flex-wrap: wrap;gap: 40px;margin-bottom: 25px\">\n    <div style=\"text-align: center;color: white\">\n      <span style=\"font-size: 28px\">\u2b50<\/span>\n      <p style=\"margin: 5px 0 0 0;font-weight: 600\">Propuls\u00e9 par l&#8217;IA<\/p>\n      <p style=\"margin: 0;font-size: 12px;opacity: 0.9\">Syst\u00e8me multi-agents<\/p>\n    <\/div>\n    <div style=\"text-align: center;color: white\">\n      <span style=\"font-size: 28px\">\u2713<\/span>\n      <p style=\"margin: 5px 0 0 0;font-weight: 600\">V\u00e9rification des faits\n<div class=\"stylingcv-contextual-cta\" style=\"background:linear-gradient(135deg,#667eea 0%,#764ba2 100%);padding:30px;border-radius:12px;margin:30px 0;text-align:center;color:#fff\">\n    <h3 style=\"color:#fff;margin:0 0 15px;font-size:22px;font-weight:600\">\u270d\ufe0f Cr\u00e9ez votre lettre de motivation parfaite<\/h3>\n    <p style=\"font-size:15px;margin:0 0 20px;line-height:1.6;opacity:0.95\">Compl\u00e9tez votre CV avec une lettre de motivation personnalis\u00e9e qui vous fera remarquer.<\/p>\n    <a href=\"https:\/\/ai.stylingcv.com\/ai-generator\/cover-letter?utm_source=stylingcv&utm_medium=website&utm_campaign=cta&utm_content=templates-design\" style=\"background:#fff;color:#268599;padding:14px 35px;border-radius:50px;text-decoration:none;font-weight:bold;font-size:16px\">R\u00e9diger ma lettre de motivation \u2192<\/a>\n<\/div>\n<\/p>\n      <p style=\"margin: 0;font-size: 12px;opacity: 0.9\">Comp\u00e9tences v\u00e9rifi\u00e9es uniquement<\/p>\n    <\/div>\n    <div style=\"text-align: center;color: white\">\n      <span style=\"font-size: 28px\">\ud83d\udcca<\/span>\n      <p style=\"margin: 5px 0 0 0;font-weight: 600\">Align\u00e9 sur le march\u00e9<\/p>\n      <p style=\"margin: 0;font-size: 12px;opacity: 0.9\">Donn\u00e9es d&#8217;emploi en temps r\u00e9el<\/p>\n    <\/div>\n    <div style=\"text-align: center;color: white\">\n      <span style=\"font-size: 28px\">\ud83c\udfaf<\/span>\n      <p style=\"margin: 5px 0 0 0;font-weight: 600\">95% ATS<\/p>\n      <p style=\"margin: 0;font-size: 12px;opacity: 0.9\">Taux de r\u00e9ussite<\/p>\n\n<div class=\"cta-box cta-secondary\" style=\"border: 2px solid #667eea;padding: 25px;border-radius: 10px;margin: 40px 0;text-align: center\">\n<h4 style=\"color: #268599;margin-bottom: 10px;font-size: 20px\">\u26a1 Pr\u00eat \u00e0 cr\u00e9er votre CV professionnel ?<\/h4>\n<p style=\"margin-bottom: 20px;color: #4a5568\">Rejoignez plus de 6 millions d&#8217;utilisateurs qui ont cr\u00e9\u00e9 des CV gagnants avec StylingCV<\/p>\n\n<div class=\"cta-tip\" style=\"background:#f8f9fa;border-left:4px solid #667eea;padding:20px;margin:25px 0;border-radius:8px\"><p style=\"margin:0;font-size:16px;color:#333\"><strong>\ud83c\udfaf Optimisation ATS :<\/strong> <a href=\"https:\/\/ai.stylingcv.com?utm_source=stylingcv&utm_medium=website&utm_campaign=cta&utm_content=templates-design\" style=\"color:#268599;font-weight:bold;text-decoration:underline\">Cr\u00e9ez un CV compatible ATS<\/a> que les robots adorent et que les humains admirent !<\/p><\/div>\n\n\n<a href=\"https:\/\/ai.stylingcv.com\/ai-generatorbuilder?utm_source=stylingcv&utm_medium=website&utm_campaign=cta&utm_content=templates-design\" class=\"cta-button\" style=\"background: linear-gradient(135deg, #268599 0%, #618480 50%, #e8885e 100%);color: white;padding: 12px 35px;border-radius: 8px;text-decoration: none;font-weight: 600\">Commencer &#8211; C&#8217;est gratuit<\/a>\n<\/div>\n\n\n\n\n\n\n    <\/div>\n  <\/div>\n  <div style=\"text-align: center\">\n    <a href=\"https:\/\/ai.stylingcv.com?utm_source=stylingcv&utm_medium=website&utm_campaign=cta&utm_content=templates-design\" style=\"background: white;color: #0d9488;padding: 14px 35px;border-radius: 50px;text-decoration: none;font-weight: 700;font-size: 16px\">Cr\u00e9er votre CV avec Intelli AI \u2192<\/a>\n  <\/div>\n<\/div>\n\n\n\n<h2 class=\"wp-block-heading\">\u00c9l\u00e9ments de Design Importants<\/h2>\n\n\n\n<h3 class=\"wp-block-heading\">Hi\u00e9rarchie Visuelle<\/h3>\n\n\n\n<p>Des mod\u00e8les efficaces guident le regard du lecteur vers vos qualifications principales en premier. Les titres de section, l&#8217;utilisation strat\u00e9gique du gras et des espacements constants cr\u00e9ent un flux de lecture naturel qui aide les recruteurs \u00e0 trouver rapidement les informations pertinentes.<\/p>\n\n\n\n<h3 class=\"wp-block-heading\">Espaces Blancs<\/h3>\n\n\n\n<p>Des marges et espacements appropri\u00e9s \u00e9vitent \u00e0 votre CV d&#8217;\u00eatre surcharg\u00e9. Les recruteurs passent en moyenne 6 \u00e0 7 secondes lors du premier tri \u2014 un design \u00e9pur\u00e9 avec suffisamment d&#8217;espaces blancs rend ce temps efficace.<\/p>\n\n\n\n<h3 class=\"wp-block-heading\">Strat\u00e9gie de Couleur<\/h3>\n\n\n\n<p>La couleur doit am\u00e9liorer la lisibilit\u00e9, pas d\u00e9tourner l&#8217;attention du contenu. Nos mod\u00e8les utilisent des couleurs d&#8217;accentuation strat\u00e9giques pour les titres de section et les \u00e9l\u00e9ments cl\u00e9s tout en garantissant une excellente lisibilit\u00e9 \u00e0 l&#8217;impression comme \u00e0 l&#8217;\u00e9cran.<\/p>\n<div class=\"stylingcv-contextual-cta\" style=\"background:#fff;border:3px solid #667eea;padding:28px;border-radius:12px;margin:30px 0;text-align:center\">\n    <h3 style=\"color:#268599;margin:0 0 12px;font-size:21px;font-weight:600\">\ud83d\udce7 D\u00e9marquez-vous avec une excellente lettre de motivation<\/h3>\n    <p style=\"font-size:15px;margin:0 0 18px;color:#4a5568;line-height:1.6\">Le g\u00e9n\u00e9rateur de lettres de motivation aliment\u00e9 par l&#8217;IA vous aide \u00e0 r\u00e9diger des lettres convaincantes et adapt\u00e9es \u00e0 chaque poste.<\/p>\n    <a href=\"https:\/\/ai.stylingcv.com\/ai-generator\/cover-letter?utm_source=stylingcv&utm_medium=website&utm_campaign=cta&utm_content=templates-design\" style=\"background:linear-gradient(135deg, #268599 0%, #618480 50%, #e8885e 100%);color:#fff;padding:13px 32px;border-radius:8px;text-decoration:none;font-weight:600;font-size:15px\">Commencer gratuitement<\/a>\n<\/div>\n\n\n\n\n<h3 class=\"wp-block-heading\">Typographie<\/h3>\n\n\n\n<p>Des polices professionnelles qui s&#8217;affichent correctement sur tous les syst\u00e8mes. Chaque mod\u00e8le StylingCV utilise des polices web s\u00fbres qui restent identiques sur Windows, Mac ou mobile.<\/p>\n\n\n\n<h2 class=\"wp-block-heading\">Compatibilit\u00e9 ATS Int\u00e9gr\u00e9e<\/h2>\n\n\n\n<p>Tous les 39+ mod\u00e8les atteignent un taux de r\u00e9ussite ATS de 95%. Nous testons avec Workday, Greenhouse, Lever, iCIMS, Taleo et SuccessFactors pour garantir que votre CV est bien lu. Aucun champ de texte, aucune table qui bloque la lecture, aucun contenu en en-t\u00eate\/pied de page ignor\u00e9.<\/p>\n\n\n\n<div style=\"background: linear-gradient(135deg, #0f172a 0%, #1e293b 100%);border-radius: 16px;padding: 40px 30px;margin: 30px 0\">\n  <h3 style=\"text-align: center;color: white;font-size: 24px;margin: 0 0 30px 0;font-style: italic\">Pourquoi choisir Intelli StylingCV ?<\/h3>\n  <div style=\"gap: 20px;flex-wrap: wrap\">\n    <div style=\"flex: 1;min-width: 280px;border-radius: 12px;padding: 25px\">\n      <p style=\"text-align: center;color: #ef4444;font-weight: 700;font-size: 18px;margin: 0 0 15px 0\">\u274c Mod\u00e8les g\u00e9n\u00e9riques<\/p>\n      <ul style=\"color: #94a3b8;margin: 0;padding-left: 20px;line-height: 1.8\">\n        <li>Beaux designs qui \u00e9chouent \u00e0 l&#8217;ATS<\/li>\n        <li>Mises en page universelles<\/li>\n        <li>Aucune optimisation sectorielle<\/li>\n        <li>Formatage cass\u00e9 \u00e0 l&#8217;export<\/li>\n      <\/ul>\n    <\/div>\n    <div style=\"flex: 1;min-width: 280px;border: 2px solid #0d9488;border-radius: 12px;padding: 25px\">\n      <p style=\"text-align: center;color: #0d9488;font-weight: 700;font-size: 18px;margin: 0 0 15px 0\">\u2713 Intelli StylingCV<\/p>\n      <ul style=\"color: #e2e8f0;margin: 0;padding-left: 20px;line-height: 1.8\">\n        <li><strong style=\"color: #0d9488\">95% de r\u00e9ussite ATS<\/strong> test\u00e9<\/li>\n        <li><strong style=\"color: #0d9488\">Designs sectoriels<\/strong><\/li>\n        <li><strong style=\"color: #0d9488\">IA adapt\u00e9e<\/strong> \u00e0 votre domaine<\/li>\n        <li><strong style=\"color: #0d9488\">Export parfait<\/strong> \u00e0 chaque fois<\/li>\n      <\/ul>\n    <\/div>\n\n<div class=\"cta-action\" style=\"background:#fff;border:3px solid #667eea;padding:30px;border-radius:12px;margin:30px 0;text-align:center\"><h3 style=\"color:#268599;margin:0 0 15px;font-size:22px\">\u26a1 Passez le filtrage ATS<\/h3><p style=\"font-size:15px;margin:0 0 20px;color:#666\">Mod\u00e8les optimis\u00e9s ATS + correspondance de mots-cl\u00e9s = Plus d&#8217;entretiens !<\/p><a href=\"https:\/\/ai.stylingcv.com?utm_source=stylingcv&utm_medium=website&utm_campaign=cta&utm_content=templates-design\" style=\"background:linear-gradient(135deg, #268599 0%, #618480 50%, #e8885e 100%);color:#fff;padding:15px 40px;border-radius:50px;text-decoration:none;font-weight:bold\">Cr\u00e9er un CV ATS \u2192<\/a><\/div>\n\n\n  <\/div>\n  <p style=\"text-align: center;color: #64748b;font-size: 14px;font-style: italic;margin: 25px 0 20px 0\">62% des employeurs rejettent les CV IA g\u00e9n\u00e9riques. D\u00e9marquez-vous avec un contenu v\u00e9rifi\u00e9 et align\u00e9 sur le march\u00e9.<\/p>\n  <div style=\"text-align: center\">\n    <a href=\"https:\/\/ai.stylingcv.com?utm_source=stylingcv&utm_medium=website&utm_campaign=cta&utm_content=templates-design\" style=\"background: linear-gradient(135deg, #0d9488 0%, #0891b2 100%);color: white;padding: 16px 40px;border-radius: 50px;text-decoration: none;font-weight: 700;font-size: 16px\">Essayez la diff\u00e9rence Intelli \u2192<\/a>\n  <\/div>\n<\/div>\n\n\n\n<h3 class=\"wp-block-heading\">Ressources associ\u00e9es<\/h3>\n\n\n\n<ul class=\"wp-block-list\">\n<li><a href=\"\/resume-templates\/\">Voir plus de 39 mod\u00e8les de CV<\/a><\/li>\n<li><a href=\"\/resume-builder\/\">G\u00e9n\u00e9rateur de CV IA<\/a><\/li>\n<li><a href=\"\/resume-examples\/\">Exemples de CV par secteur<\/a><\/li>\n<li><a href=\"\/cover-letter-templates\/\">Mod\u00e8les de lettres de motivation<\/a><\/li>\n<\/ul>\n\n\n\n\n<div class=\"cta-box cta-final\" style=\"background: #f7fafc;border-left: 4px solid #667eea;padding: 30px;margin: 40px 0\">\n<h4 style=\"color: #2d3748;margin-bottom: 15px;font-size: 22px\">\ud83d\udcdd Cr\u00e9ez votre CV en 5 minutes<\/h4>\n<p style=\"margin-bottom: 20px;color: #4a5568;line-height: 1.6\">Ne laissez pas un CV mal format\u00e9 vous freiner. Utilisez notre g\u00e9n\u00e9rateur intelligent pour cr\u00e9er un CV professionnel qui passe les syst\u00e8mes ATS et impressionne les recruteurs.<\/p>\n<a href=\"https:\/\/ai.stylingcv.com\/ai-generatorbuilder?utm_source=stylingcv&utm_medium=website&utm_campaign=cta&utm_content=templates-design\" class=\"cta-button\" style=\"background: linear-gradient(135deg, #268599 0%, #618480 50%, #e8885e 100%);color: white;padding: 14px 35px;border-radius: 8px;text-decoration: none;font-weight: 600;margin-right: 15px\">Cr\u00e9er mon CV<\/a>\n<a href=\"https:\/\/stylingcv.com\/resume-examples\/\" class=\"cta-button-secondary\" style=\"border: 2px solid #667eea;color: #268599;padding: 12px 35px;border-radius: 8px;text-decoration: none;font-weight: 600\">Voir les exemples<\/a>\n<\/div>\n<div class=\"stylingcv-contextual-cta\" style=\"background:#f7fafc;border-left:4px solid #667eea;padding:20px;margin:25px 0;border-radius:8px\">\n    <p style=\"margin:0;font-size:15px;color:#2d3748\">\n        <strong style=\"color:#268599\">\ud83d\udcbc Compl\u00e9tez votre candidature<\/strong><br>\n        Une excellente lettre de motivation fait la diff\u00e9rence entre obtenir un entretien et \u00eatre ignor\u00e9. <a href=\"https:\/\/ai.stylingcv.com\/ai-generator\/cover-letter?utm_source=stylingcv&utm_medium=website&utm_campaign=cta&utm_content=templates-design\" style=\"color:#268599;font-weight:600;text-decoration:underline\">Cr\u00e9er ma lettre de motivation<\/a>\n    <\/p>\n\n<p>\ud83d\udc49 <a href=\"https:\/\/stylingcv.com\/ats-resume-checker\/\">v\u00e9rifiez la compatibilit\u00e9 ATS de votre CV<\/a><\/p>\n\n<p>\ud83d\udc49 <a href=\"https:\/\/stylingcv.com\/guides\/\">guides de carri\u00e8re<\/a><\/p>\n\n<p><strong>\ud83d\udca1 Astuce :<\/strong> StylingCV n&#8217;est pas seulement un g\u00e9n\u00e9rateur de CV \u2014 c&#8217;est un g\u00e9n\u00e9rateur intelligent qui r\u00e9fl\u00e9chit. <a href=\"https:\/\/stylingcv.com\/resume-builder\/\">cr\u00e9ez votre CV en moins de 2 minutes<\/a> en moins de 2 minutes.<\/p>\n<\/div>\n<!-- stylingcv-hub-links --><div class=\"stylingcv-related-resources\" style=\"margin-top:30px;padding:20px;background:#f8f9fa;border-left:4px solid #1abc9c;border-radius:4px;\"><h3 style=\"margin-top:0;color:#2c3e50;\">D\u00e9couvrez plus de ressources<\/h3><ul style=\"list-style:none;padding:0;\"><li><a href=\"https:\/\/stylingcv.com\/resume-templates\/\">Mod\u00e8les de CV<\/a> &mdash; Votre guide complet<\/li><li><a href=\"https:\/\/stylingcv.com\/resume-examples-vs-resume-templates\/\">Exemples de CV&#8221; vs. &#8220;Mod\u00e8les de CV<\/a><\/li><li><a href=\"https:\/\/stylingcv.com\/professional-resume-template-guide\/\">Optimisez votre recherche d&#8217;emploi : meilleurs conseils &#038; mod\u00e8les<\/a><\/li><li><a href=\"https:\/\/stylingcv.com\/ii-resume-templates-examples-and-builders-themes-and-representative-questions\/\">II. Mod\u00e8les, exemples et g\u00e9n\u00e9rateurs de CV (th\u00e8mes et<\/a><\/li><\/ul><p style=\"margin-bottom:0;font-size:14px;color:#7f8c8d;\">Pas seulement un g\u00e9n\u00e9rateur de CV \u2014 un g\u00e9n\u00e9rateur intelligent qui r\u00e9fl\u00e9chit. <a href=\"https:\/\/stylingcv.com\/resume-builder\/\" style=\"color:#1abc9c;font-weight:bold;\">Cr\u00e9ez votre CV en moins de 2 minutes &rarr;<\/a><\/p><\/div><!-- \/stylingcv-hub-links -->\n\n<style>.entry-content a[href*=\"ai.stylingcv.com\"]:not(.scv-exit-cta){transition:transform 0.2s ease,box-shadow 0.2s ease}.entry-content a[href*=\"ai.stylingcv.com\"]:not(.scv-exit-cta):hover{transform:translateY(-2px);box-shadow:0 4px 12px rgba(38,133,153,0.25)}<\/style>","protected":false},"excerpt":{"rendered":"<p>Mod\u00e8les de CV professionnels, modernes et cr\u00e9atifs. 95% de r\u00e9ussite ATS. Choisissez des designs adapt\u00e9s \u00e0 votre secteur : finance, tech, sant\u00e9, direction et plus.<\/p>\n","protected":false},"author":0,"featured_media":0,"parent":36,"menu_order":0,"comment_status":"closed","ping_status":"closed","template":"","meta":{"footnotes":""},"class_list":["post-633","page","type-page","status-publish","hentry"," c-blog-1-item  nt-post-class"],"yoast_head":"<!-- This site is optimized with the Yoast SEO Premium plugin v26.5 (Yoast SEO v26.5) - https:\/\/yoast.com\/wordpress\/plugins\/seo\/ -->\n<title>Mod\u00e8les de CV &amp; Guide de Design | StylingCV<\/title>\n<meta name=\"description\" content=\"Mod\u00e8les de CV professionnels, modernes et cr\u00e9atifs. 95% de r\u00e9ussite ATS. Choisissez des designs adapt\u00e9s \u00e0 la finance, la tech, la sant\u00e9, la direction et plus.\" \/>\n<meta name=\"robots\" content=\"index, follow, max-snippet:-1, max-image-preview:large, max-video-preview:-1\" \/>\n<link rel=\"canonical\" href=\"https:\/\/stylingcv.com\/fr\/resume-templates\/templates-design\/\" \/>\n<meta property=\"og:locale\" content=\"en_US\" \/>\n<meta property=\"og:type\" content=\"article\" \/>\n<meta property=\"og:title\" content=\"Mod\u00e8les de CV &amp; Guide de Design\" \/>\n<meta property=\"og:description\" content=\"Mod\u00e8les de CV professionnels, modernes et cr\u00e9atifs. 95% de r\u00e9ussite ATS. Choisissez des designs adapt\u00e9s \u00e0 la finance, la tech, la sant\u00e9, la direction et plus.\" \/>\n<meta property=\"og:url\" content=\"https:\/\/stylingcv.com\/fr\/resume-templates\/templates-design\/\" \/>\n<meta property=\"og:site_name\" content=\"StylingCV - Fran\u00e7ais\" \/>\n<meta name=\"twitter:card\" content=\"summary_large_image\" \/>\n<meta name=\"twitter:label1\" content=\"Est. reading time\" \/>\n\t<meta name=\"twitter:data1\" content=\"5 minutes\" \/>\n<script type=\"application\/ld+json\" class=\"yoast-schema-graph\">{\"@context\":\"https:\/\/schema.org\",\"@graph\":[{\"@type\":\"WebPage\",\"@id\":\"https:\/\/wp.stylingcv.com\/fr\/resume-templates\/templates-design\/\",\"url\":\"https:\/\/wp.stylingcv.com\/fr\/resume-templates\/templates-design\/\",\"name\":\"Mod\u00e8les de CV & Guide de Design | StylingCV\",\"isPartOf\":{\"@id\":\"https:\/\/wp.stylingcv.com\/fr\/#website\"},\"datePublished\":\"2025-12-18T06:54:13+00:00\",\"description\":\"Mod\u00e8les de CV professionnels, modernes et cr\u00e9atifs. 95% de r\u00e9ussite ATS. Choisissez des designs adapt\u00e9s \u00e0 la finance, la tech, la sant\u00e9, la direction et plus.\",\"breadcrumb\":{\"@id\":\"https:\/\/wp.stylingcv.com\/fr\/resume-templates\/templates-design\/#breadcrumb\"},\"inLanguage\":\"en-US\",\"potentialAction\":[{\"@type\":\"ReadAction\",\"target\":[\"https:\/\/wp.stylingcv.com\/fr\/resume-templates\/templates-design\/\"]}]},{\"@type\":\"BreadcrumbList\",\"@id\":\"https:\/\/wp.stylingcv.com\/fr\/resume-templates\/templates-design\/#breadcrumb\",\"itemListElement\":[{\"@type\":\"ListItem\",\"position\":1,\"name\":\"Home\",\"item\":\"https:\/\/wp.stylingcv.com\/fr\/\"},{\"@type\":\"ListItem\",\"position\":2,\"name\":\"Mod\u00e8les de CV professionnels pour chaque carri\u00e8re (2026)\",\"item\":\"https:\/\/wp.stylingcv.com\/fr\/resume-templates\/\"},{\"@type\":\"ListItem\",\"position\":3,\"name\":\"Mod\u00e8les de CV &#038; Guide de Design\"}]},{\"@type\":\"WebSite\",\"@id\":\"https:\/\/wp.stylingcv.com\/fr\/#website\",\"url\":\"https:\/\/wp.stylingcv.com\/fr\/\",\"name\":\"StylingCV - Fran\u00e7ais\",\"description\":\"\",\"potentialAction\":[{\"@type\":\"SearchAction\",\"target\":{\"@type\":\"EntryPoint\",\"urlTemplate\":\"https:\/\/wp.stylingcv.com\/fr\/?s={search_term_string}\"},\"query-input\":{\"@type\":\"PropertyValueSpecification\",\"valueRequired\":true,\"valueName\":\"search_term_string\"}}],\"inLanguage\":\"en-US\"}]}<\/script>\n<!-- \/ Yoast SEO Premium plugin. -->","yoast_head_json":{"title":"Mod\u00e8les de CV & Guide de Design | StylingCV","description":"Mod\u00e8les de CV professionnels, modernes et cr\u00e9atifs. 95% de r\u00e9ussite ATS. Choisissez des designs adapt\u00e9s \u00e0 la finance, la tech, la sant\u00e9, la direction et plus.","robots":{"index":"index","follow":"follow","max-snippet":"max-snippet:-1","max-image-preview":"max-image-preview:large","max-video-preview":"max-video-preview:-1"},"canonical":"https:\/\/stylingcv.com\/fr\/resume-templates\/templates-design\/","og_locale":"en_US","og_type":"article","og_title":"Mod\u00e8les de CV & Guide de Design","og_description":"Mod\u00e8les de CV professionnels, modernes et cr\u00e9atifs. 95% de r\u00e9ussite ATS. Choisissez des designs adapt\u00e9s \u00e0 la finance, la tech, la sant\u00e9, la direction et plus.","og_url":"https:\/\/stylingcv.com\/fr\/resume-templates\/templates-design\/","og_site_name":"StylingCV - Fran\u00e7ais","twitter_card":"summary_large_image","twitter_misc":{"Est. reading time":"5 minutes"},"schema":{"@context":"https:\/\/schema.org","@graph":[{"@type":"WebPage","@id":"https:\/\/wp.stylingcv.com\/fr\/resume-templates\/templates-design\/","url":"https:\/\/wp.stylingcv.com\/fr\/resume-templates\/templates-design\/","name":"Mod\u00e8les de CV & Guide de Design | StylingCV","isPartOf":{"@id":"https:\/\/wp.stylingcv.com\/fr\/#website"},"datePublished":"2025-12-18T06:54:13+00:00","description":"Mod\u00e8les de CV professionnels, modernes et cr\u00e9atifs. 95% de r\u00e9ussite ATS. Choisissez des designs adapt\u00e9s \u00e0 la finance, la tech, la sant\u00e9, la direction et plus.","breadcrumb":{"@id":"https:\/\/wp.stylingcv.com\/fr\/resume-templates\/templates-design\/#breadcrumb"},"inLanguage":"en-US","potentialAction":[{"@type":"ReadAction","target":["https:\/\/wp.stylingcv.com\/fr\/resume-templates\/templates-design\/"]}]},{"@type":"BreadcrumbList","@id":"https:\/\/wp.stylingcv.com\/fr\/resume-templates\/templates-design\/#breadcrumb","itemListElement":[{"@type":"ListItem","position":1,"name":"Home","item":"https:\/\/wp.stylingcv.com\/fr\/"},{"@type":"ListItem","position":2,"name":"Mod\u00e8les de CV professionnels pour chaque carri\u00e8re (2026)","item":"https:\/\/wp.stylingcv.com\/fr\/resume-templates\/"},{"@type":"ListItem","position":3,"name":"Mod\u00e8les de CV &#038; Guide de Design"}]},{"@type":"WebSite","@id":"https:\/\/wp.stylingcv.com\/fr\/#website","url":"https:\/\/wp.stylingcv.com\/fr\/","name":"StylingCV - Fran\u00e7ais","description":"","potentialAction":[{"@type":"SearchAction","target":{"@type":"EntryPoint","urlTemplate":"https:\/\/wp.stylingcv.com\/fr\/?s={search_term_string}"},"query-input":{"@type":"PropertyValueSpecification","valueRequired":true,"valueName":"search_term_string"}}],"inLanguage":"en-US"}]}},"_links":{"self":[{"href":"https:\/\/wp.stylingcv.com\/fr\/wp-json\/wp\/v2\/pages\/633","targetHints":{"allow":["GET"]}}],"collection":[{"href":"https:\/\/wp.stylingcv.com\/fr\/wp-json\/wp\/v2\/pages"}],"about":[{"href":"https:\/\/wp.stylingcv.com\/fr\/wp-json\/wp\/v2\/types\/page"}],"replies":[{"embeddable":true,"href":"https:\/\/wp.stylingcv.com\/fr\/wp-json\/wp\/v2\/comments?post=633"}],"version-history":[{"count":0,"href":"https:\/\/wp.stylingcv.com\/fr\/wp-json\/wp\/v2\/pages\/633\/revisions"}],"up":[{"embeddable":true,"href":"https:\/\/wp.stylingcv.com\/fr\/wp-json\/wp\/v2\/pages\/36"}],"wp:attachment":[{"href":"https:\/\/wp.stylingcv.com\/fr\/wp-json\/wp\/v2\/media?parent=633"}],"curies":[{"name":"wp","href":"https:\/\/api.w.org\/{rel}","templated":true}]}}