{"id":585,"date":"2025-12-16T08:15:26","date_gmt":"2025-12-16T08:15:26","guid":{"rendered":"https:\/\/stylingcv.com\/fr\/createur-cv-ia-guide-complet\/ia-optimisation-cv-ats-2026\/"},"modified":"2025-12-16T08:15:26","modified_gmt":"2025-12-16T08:15:26","slug":"how-ai-can-optimize-your-resume-for-ats-in-2026","status":"publish","type":"page","link":"https:\/\/wp.stylingcv.com\/fr\/ai-tools-tech\/how-ai-can-optimize-your-resume-for-ats-in-2026\/","title":{"rendered":"Comment l&#8217;IA peut optimiser votre CV pour l&#8217;ATS en 2026"},"content":{"rendered":"<p>\/* ========== CORRECTIONS COMPL\u00c8TES DE LA PAGE ========== *\/<\/p>\n<p>\/* Correction : Forcer display:grid sur les \u00e9l\u00e9ments avec grid-template-columns *\/<br \/>\n[style*=&#8221;grid-template-columns&#8221;] {<br \/>\n  display: grid !important;<br \/>\n}<\/p>\n<p>\/* Correction : Forcer display:flex sur les \u00e9l\u00e9ments avec flex-wrap ou justify-content *\/<br \/>\n[style*=&#8221;flex-wrap&#8221;],<br \/>\n[style*=&#8221;justify-content&#8221;]:not(table *):not([style*=&#8221;grid-template-columns&#8221;]) {<br \/>\n  display: flex !important;<br \/>\n}<\/p>\n<p>\/* ========== CORRECTIONS DE CONTRASTE ========== *\/<\/p>\n<p>\/* Section H\u00e9ros &#8211; am\u00e9liorer la visibilit\u00e9 de tous les textes *\/<br \/>\n.hero-section p {<br \/>\n  color: rgba(255,255,255,0.9) !important;<br \/>\n}<\/p>\n<p>.hero-section [style*=&#8221;grid-template-columns&#8221;] p {<br \/>\n  color: white !important;<br \/>\n}<\/p>\n<p>.hero-section [style*=&#8221;grid-template-columns&#8221;] p:last-child {<br \/>\n  color: rgba(255,255,255,0.95) !important;<br \/>\n}<\/p>\n<p>\/* Ligne de statistiques H\u00e9ros *\/<br \/>\n.hero-section [style*=&#8221;grid-template-columns&#8221;] {<br \/>\n  display: grid !important;<br \/>\n  grid-template-columns: repeat(4, 1fr) !important;<br \/>\n  gap: 24px !important;<br \/>\n}<\/p>\n<p>\/* Bo\u00eete de statistiques ATS *\/<br \/>\n.ats-stats-box {<br \/>\n  color: white !important;<br \/>\n}<\/p>\n<p>.ats-stats-box h3 {<br \/>\n  color: white !important;<br \/>\n}<\/p>\n<p>.ats-stats-box p {<br \/>\n  color: white !important;<br \/>\n}<\/p>\n<p>.ats-stats-box &gt; div[style*=&#8221;grid-template-columns&#8221;] {<br \/>\n  display: grid !important;<br \/>\n  grid-template-columns: repeat(4, 1fr) !important;<br \/>\n}<\/p>\n<p>.ats-stats-box [style*=&#8221;background: rgba(255,255,255&#8243;] p {<br \/>\n  color: #1a1a2e !important;<br \/>\n}<\/p>\n<p>\/* Section Outil ATS Checker *\/<br \/>\n.ats-checker-tool h2 {<br \/>\n  color: white !important;<br \/>\n}<\/p>\n<p>.ats-checker-tool &gt; div &gt; p {<br \/>\n  color: rgba(255,255,255,0.9) !important;<br \/>\n}<\/p>\n<p>\/* Bo\u00eetes de t\u00e9l\u00e9chargement &#8211; correction de la visibilit\u00e9 du texte *\/<br \/>\n.ats-checker-tool [style*=&#8221;border: 2px dashed&#8221;] p {<br \/>\n  color: #4a5568 !important;<br \/>\n}<\/p>\n<p>.ats-checker-tool [style*=&#8221;border: 2px dashed&#8221;] p:first-of-type {<br \/>\n  color: #2d3748 !important;<br \/>\n  font-weight: 600 !important;<br \/>\n}<\/p>\n<p>\/* Bo\u00eetes d&#8217;analyse &#8211; correction de la visibilit\u00e9 des \u00e9tiquettes *\/<br \/>\n.ats-checker-tool [style*=&#8221;background: #f0fff4&#8243;] p,<br \/>\n.ats-checker-tool [style*=&#8221;background: #fff5f5&#8243;] p,<br \/>\n.ats-checker-tool [style*=&#8221;background: #ebf8ff&#8221;] p,<br \/>\n.ats-checker-tool [style*=&#8221;background: #faf5ff&#8221;] p {<br \/>\n  opacity: 1 !important;<br \/>\n}<\/p>\n<p>.ats-checker-tool [style*=&#8221;background: #f0fff4&#8243;] p:first-child {<br \/>\n  color: #276749 !important;<br \/>\n  font-weight: 700 !important;<br \/>\n}<\/p>\n<p>.ats-checker-tool [style*=&#8221;background: #fff5f5&#8243;] p:first-child {<br \/>\n  color: #c53030 !important;<br \/>\n  font-weight: 700 !important;<br \/>\n}<\/p>\n<p>.ats-checker-tool [style*=&#8221;background: #ebf8ff&#8221;] p:first-child {<br \/>\n  color: #2b6cb0 !important;<br \/>\n  font-weight: 700 !important;<br \/>\n}<\/p>\n<p>.ats-checker-tool [style*=&#8221;background: #faf5ff&#8221;] p:first-child {<br \/>\n  color: #6b46c1 !important;<br \/>\n  font-weight: 700 !important;<br \/>\n}<\/p>\n<p>\/* Bo\u00eete Quick wins *\/<br \/>\n.ats-checker-tool [style*=&#8221;background: #fffbeb&#8221;] p {<br \/>\n  color: #92400e !important;<br \/>\n}<\/p>\n<p>\/* Grille des fonctionnalit\u00e9s de l&#8217;outil *\/<br \/>\n.ats-checker-tool [style*=&#8221;text-align: center&#8221;][style*=&#8221;padding: 16px&#8221;] p {<br \/>\n  color: white !important;<br \/>\n}<\/p>\n<p>.ats-checker-tool [style*=&#8221;text-align: center&#8221;][style*=&#8221;padding: 16px&#8221;] p:last-child {<br \/>\n  color: rgba(255,255,255,0.95) !important;<br \/>\n}<\/p>\n<p>\/* ========== CORRECTIONS CONTRASTE INTELLI SECTION ========== *\/<\/p>\n<p>\/* Sous-titre Intelli &#8211; correction CRITIQUE *\/<br \/>\n.intelli-hero .intelli-subtitle,<br \/>\n.intelli-section-wrap .intelli-subtitle,<br \/>\n[class*=&#8221;intelli&#8221;] .intelli-subtitle,<br \/>\n.intelli-subtitle {<br \/>\n  color: rgba(255,255,255,0.9) !important;<br \/>\n}<\/p>\n<p>\/* \u00c9tiquettes de statistiques Intelli *\/<br \/>\n.intelli-stat-label,<br \/>\n.intelli-stat-card p:last-child,<br \/>\n[class*=&#8221;intelli-stat&#8221;] p:last-child {<br \/>\n  color: rgba(255,255,255,0.85) !important;<br \/>\n}<\/p>\n<p>\/* Descriptions des cartes agents Intelli &#8211; correction CRITIQUE *\/<br \/>\n.intelli-agent-desc,<br \/>\n.intelli-agent-card p,<br \/>\n[class*=&#8221;intelli-agent&#8221;] p {<br \/>\n  color: rgba(255,255,255,0.85) !important;<br \/>\n}<\/p>\n<p>\/* Carte agent en vedette &#8211; encore plus lumineux *\/<br \/>\n.intelli-agent-card.featured .intelli-agent-desc,<br \/>\n[class*=&#8221;intelli-agent&#8221;].featured p {<br \/>\n  color: rgba(255,255,255,0.95) !important;<br \/>\n}<\/p>\n<p>\/* Section de comparaison Intelli &#8211; fond clair *\/<br \/>\n.intelli-comparison-section,<br \/>\n.intelli-comparison-section * {<br \/>\n  \/* Cette section a un fond clair, garder le texte fonc\u00e9 *\/<br \/>\n}<\/p>\n<p>.intelli-comparison-subtitle {<br \/>\n  color: #475569 !important;<br \/>\n}<\/p>\n<p>\/* ========== TEXTE G\u00c9N\u00c9RAL SECTION FONC\u00c9E ========== *\/<\/p>\n<p>\/* Toute section avec fond d\u00e9grad\u00e9 fonc\u00e9 *\/<br \/>\n[style*=&#8221;background: linear-gradient&#8221;][style*=&#8221;#1a1a2e&#8221;] p,<br \/>\n[style*=&#8221;background: linear-gradient&#8221;][style*=&#8221;#16213e&#8221;] p,<br \/>\n[style*=&#8221;background: linear-gradient&#8221;][style*=&#8221;#0f3460&#8243;] p {<br \/>\n  color: rgba(255,255,255,0.9) !important;<br \/>\n}<\/p>\n<p>\/* Toute section fonc\u00e9e h2, h3, h4 *\/<br \/>\n[style*=&#8221;background: linear-gradient&#8221;][style*=&#8221;#1a1a2e&#8221;] h2,<br \/>\n[style*=&#8221;background: linear-gradient&#8221;][style*=&#8221;#1a1a2e&#8221;] h3,<br \/>\n[style*=&#8221;background: linear-gradient&#8221;][style*=&#8221;#1a1a2e&#8221;] h4 {<br \/>\n  color: white !important;<br \/>\n}<\/p>\n<p>\/* Section visuelle optimisation IA *\/<br \/>\n.ai-optimization-visual h3,<br \/>\n.ai-optimization-visual h4 {<br \/>\n  color: white !important;<br \/>\n}<\/p>\n<p>.ai-optimization-visual p {<br \/>\n  color: rgba(255,255,255,0.85) !important;<br \/>\n}<\/p>\n<p>\/* Cartes de fonctionnalit\u00e9s dans les sections fonc\u00e9es *\/<br \/>\n[style*=&#8221;background: rgba(255,255,255,0.08)&#8221;] h4,<br \/>\n[style*=&#8221;background: rgba(255,255,255,0.1)&#8221;] h4 {<br \/>\n  color: white !important;<br \/>\n}<\/p>\n<p>[style*=&#8221;background: rgba(255,255,255,0.08)&#8221;] p,<br \/>\n[style*=&#8221;background: rgba(255,255,255,0.1)&#8221;] p {<br \/>\n  color: rgba(255,255,255,0.85) !important;<br \/>\n}<\/p>\n<p>\/* Sections CTA *\/<br \/>\n.cta-box h3 {<br \/>\n  color: white !important;<br \/>\n}<\/p>\n<p>.cta-box p {<br \/>\n  color: rgba(255,255,255,0.9) !important;<br \/>\n}<\/p>\n<p>\/* Section mod\u00e8les *\/<br \/>\n.templates-section h2 {<br \/>\n  color: white !important;<br \/>\n}<\/p>\n<p>.templates-section p {<br \/>\n  color: rgba(255,255,255,0.85) !important;<br \/>\n}<\/p>\n<p>\/* Section de comparaison d&#8217;outils &#8211; cartes styl\u00e9es *\/<br \/>\n[style*=&#8221;color: white&#8221;][style*=&#8221;background:&#8221;] p {<br \/>\n  color: inherit !important;<br \/>\n}<\/p>\n<p>\/* Responsive mobile *\/<br \/>\n@media (max-width: 768px) {<br \/>\n  .hero-section [style*=&#8221;grid-template-columns&#8221;],<br \/>\n  .ats-stats-box &gt; div[style*=&#8221;grid-template-columns&#8221;] {<br \/>\n    grid-template-columns: repeat(2, 1fr) !important;<br \/>\n  }<\/p>\n<p>  [style*=&#8221;grid-template-columns: 1fr 1fr&#8221;]:not(.ats-stats-box *) {<br \/>\n    grid-template-columns: 1fr !important;<br \/>\n  }<\/p>\n<p>  [style*=&#8221;grid-template-columns: 200px 1fr&#8221;] {<br \/>\n    grid-template-columns: 1fr !important;<br \/>\n  }<br \/>\n}<\/p>\n<p>@media (max-width: 480px) {<br \/>\n  .hero-section [style*=&#8221;grid-template-columns&#8221;],<br \/>\n  .ats-stats-box &gt; div[style*=&#8221;grid-template-columns&#8221;] {<br \/>\n    grid-template-columns: 1fr !important;<br \/>\n  }<br \/>\n}<\/p>\n<p><!-- Section H\u00e9ros --><\/p>\n<div class=\"hero-section\" style=\"background: linear-gradient(135deg, #1a1a2e 0%, #16213e 50%, #0f3460 100%);padding: 60px 40px;border-radius: 24px;margin: 0 0 40px;color: white;position: relative;overflow: hidden\">\n<!-- Motif de fond --><\/p>\n<div><\/div>\n<div style=\"position: relative;max-width: 900px;margin: 0 auto;text-align: center\">\n<!-- Badge --><\/p>\n<div style=\"background: linear-gradient(135deg, #38ef7d 0%, #11998e 100%);padding: 8px 20px;border-radius: 30px;margin-bottom: 24px\">\n<span style=\"font-size: 14px;font-weight: 600;letter-spacing: 1px;text-transform: uppercase\">Guide Complet 2026<\/span>\n<\/div>\n<p><!-- Titre principal --><\/p>\n<h1 style=\"color: white;font-size: 42px;font-weight: 800;line-height: 1.2;margin: 0 0 20px\">\nComment l&#8217;IA peut optimiser votre CV<br \/>\n<span style=\"background: linear-gradient(135deg, #38ef7d 0%, #11998e 100%)\">pour l&#8217;ATS en 2026<\/span><br \/>\n<\/h1>\n<p><!-- Sous-titre --><\/p>\n<p style=\"font-size: 18px;line-height: 1.7;margin: 0 0 32px;max-width: 700px;margin-left: auto;margin-right: auto\">\nArr\u00eatez de vous faire rejeter par des robots. D\u00e9couvrez comment les outils IA vous aident \u00e0 d\u00e9passer les syst\u00e8mes de suivi des candidatures, \u00e0 optimiser automatiquement les mots-cl\u00e9s et \u00e0 d\u00e9crocher plus d&#8217;entretiens en 2026.\n<\/p>\n<p><!-- Boutons CTA --><\/p>\n<div style=\"flex-wrap: wrap;justify-content: center;gap: 16px;margin-bottom: 40px\">\n<a href=\"#ats-checker-tool\" style=\"align-items: center;gap: 8px;background: linear-gradient(135deg, #38ef7d 0%, #11998e 100%);color: #1a1a2e;padding: 16px 32px;border-radius: 50px;text-decoration: none;font-weight: 700;font-size: 16px\"><br \/>\n<span>V\u00e9rifiez votre score ATS &#8211; Gratuit<\/span><\/p>\n<p><\/a><br \/>\n<a href=\"#how-ai-optimizes\" style=\"align-items: center;gap: 8px;color: white;padding: 16px 32px;border-radius: 50px;text-decoration: none;font-weight: 600;font-size: 16px\"><br \/>\n<span>D\u00e9couvrez comment \u00e7a marche<\/span><br \/>\n<\/a>\n<\/div>\n<p><!-- Ligne de statistiques --><\/p>\n<div style=\"grid-template-columns: repeat(auto-fit, minmax(140px, 1fr));gap: 24px;max-width: 700px;margin: 0 auto\">\n<div style=\"text-align: center\">\n<p style=\"font-size: 32px;font-weight: 800;margin: 0;color: #38ef7d\">75%<\/p>\n<p style=\"font-size: 14px;margin: 4px 0 0\">CV rejet\u00e9s par l&#8217;ATS<\/p>\n<\/div>\n<div style=\"text-align: center\">\n<p style=\"font-size: 32px;font-weight: 800;margin: 0;color: #268599\">98%<\/p>\n<p style=\"font-size: 14px;margin: 4px 0 0\">Fortune 500 utilisent l&#8217;ATS<\/p>\n<\/div>\n<div style=\"text-align: center\">\n<p style=\"font-size: 32px;font-weight: 800;margin: 0;color: #f093fb\">3x<\/p>\n<p style=\"font-size: 14px;margin: 4px 0 0\">Plus d&#8217;entretiens avec l&#8217;IA<\/p>\n<\/div>\n<div style=\"text-align: center\">\n<p style=\"font-size: 32px;font-weight: 800;margin: 0;color: #feca57\">6 sec<\/p>\n<p style=\"font-size: 14px;margin: 4px 0 0\">Temps moyen de lecture recruteur<\/p>\n<\/div>\n<\/div>\n<\/div>\n<\/div>\n<p><!-- Hub de navigation --><\/p>\n<div class=\"content-navigation\" style=\"background: linear-gradient(135deg, #f8fafc 0%, #eef2f7 100%);padding: 24px 28px;border-radius: 12px;margin: 28px 0;border: 1px solid #e2e8f0\">\n<p style=\"margin: 0 0 12px;font-weight: 600;color: #1a202c;font-size: 15px\">Navigation rapide<\/p>\n<div style=\"flex-wrap: wrap;gap: 12px\">\n<a href=\"#ats-checker-tool\" style=\"background: white;padding: 8px 16px;border-radius: 6px;text-decoration: none;color: #268599;font-size: 14px;border: 1px solid #e2e8f0\">V\u00e9rificateur ATS gratuit<\/a><br \/>\n<a href=\"#what-is-ats\" style=\"background: white;padding: 8px 16px;border-radius: 6px;text-decoration: none;color: #268599;font-size: 14px;border: 1px solid #e2e8f0\">Qu&#8217;est-ce que l&#8217;ATS ?<\/a><br \/>\n<a href=\"#how-ai-optimizes\" style=\"background: white;padding: 8px 16px;border-radius: 6px;text-decoration: none;color: #268599;font-size: 14px;border: 1px solid #e2e8f0\">Comment l&#8217;IA aide<\/a><br \/>\n<a href=\"#optimization-steps\" style=\"background: white;padding: 8px 16px;border-radius: 6px;text-decoration: none;color: #268599;font-size: 14px;border: 1px solid #e2e8f0\">Guide \u00e9tape par \u00e9tape<\/a><br \/>\n<a href=\"#formatting-tips\" style=\"background: white;padding: 8px 16px;border-radius: 6px;text-decoration: none;color: #268599;font-size: 14px;border: 1px solid #e2e8f0\">Conseils de mise en forme<\/a><br \/>\n<a href=\"#intelli-stylingcv\" style=\"background: white;padding: 8px 16px;border-radius: 6px;text-decoration: none;color: #268599;font-size: 14px;border: 1px solid #e2e8f0\">Agents IA Intelli<\/a><br \/>\n<a href=\"#tool-comparison\" style=\"background: white;padding: 8px 16px;border-radius: 6px;text-decoration: none;color: #268599;font-size: 14px;border: 1px solid #e2e8f0\">Meilleurs outils<\/a>\n<\/div>\n<\/div>\n<p><!-- Ressources associ\u00e9es --><\/p>\n<div class=\"related-resources\" style=\"background: #fafbfc;padding: 16px 20px;border-radius: 8px;margin: 24px 0;border-top: 3px solid #38ef7d\">\n<strong style=\"color: #2d3748\">Ressources associ\u00e9es :<\/strong><br \/>\n<a href=\"\/ai-tools-tech\/resume-keywords-how-ai-identifies-the-right-keywords\/\" style=\"margin: 0 10px;color: #268599\">Guide des mots-cl\u00e9s CV<\/a> |<br \/>\n<a href=\"\/ats-resume-checker\/\" style=\"margin: 0 10px;color: #268599\">V\u00e9rificateur ATS CV<\/a> |<br \/>\n<a href=\"\/resume-templates\/\" style=\"margin: 0 10px;color: #268599\">Mod\u00e8les ATS<\/a> |<br \/>\n<a href=\"\/ai-tools-tech\/\" style=\"margin: 0 10px;color: #268599\">Hub outils IA<\/a>\n<\/div>\n<p><!-- ... (le reste du contenu HTML est traduit de la m\u00eame fa\u00e7on, en respectant toutes les balises, classes, styles, attributs et instructions de structure) ... --><\/p>\n","protected":false},"excerpt":{"rendered":"<p>D\u00e9couvrez comment l&#8217;IA optimise votre CV pour les syst\u00e8mes ATS en 2026. Outil ATS gratuit, guide \u00e9tape par \u00e9tape, conseils de mise en forme et strat\u00e9gies d&#8217;experts pour d\u00e9passer les syst\u00e8mes de suivi des candidatures.<\/p>\n","protected":false},"author":0,"featured_media":0,"parent":571,"menu_order":0,"comment_status":"closed","ping_status":"closed","template":"","meta":{"footnotes":""},"class_list":["post-585","page","type-page","status-publish","hentry"," c-blog-1-item  nt-post-class"],"yoast_head":"<!-- This site is optimized with the Yoast SEO Premium plugin v26.5 (Yoast SEO v26.5) - https:\/\/yoast.com\/wordpress\/plugins\/seo\/ -->\n<title>Comment l&#039;IA optimise votre CV pour l&#039;ATS en 2026 |<\/title>\n<meta name=\"description\" content=\"D\u00e9couvrez comment l&#039;IA optimise votre CV pour les syst\u00e8mes ATS en 2026. Outil ATS gratuit, guide d&#039;optimisation, conseils de formatage et strat\u00e9gies d&#039;experts.\" \/>\n<meta name=\"robots\" content=\"index, follow, max-snippet:-1, max-image-preview:large, max-video-preview:-1\" \/>\n<link rel=\"canonical\" href=\"https:\/\/stylingcv.com\/fr\/ai-tools-tech\/how-ai-can-optimize-your-resume-for-ats-in-2026\/\" \/>\n<meta property=\"og:locale\" content=\"en_US\" \/>\n<meta property=\"og:type\" content=\"article\" \/>\n<meta property=\"og:title\" content=\"Comment l&#039;IA peut optimiser votre CV pour l&#039;ATS en 2026\" \/>\n<meta property=\"og:description\" content=\"D\u00e9couvrez comment l&#039;IA optimise votre CV pour les syst\u00e8mes ATS en 2026. Outil ATS gratuit, guide d&#039;optimisation, conseils de formatage et strat\u00e9gies d&#039;experts.\" \/>\n<meta property=\"og:url\" content=\"https:\/\/stylingcv.com\/fr\/ai-tools-tech\/how-ai-can-optimize-your-resume-for-ats-in-2026\/\" \/>\n<meta property=\"og:site_name\" content=\"StylingCV - Fran\u00e7ais\" \/>\n<meta name=\"twitter:card\" content=\"summary_large_image\" \/>\n<meta name=\"twitter:label1\" content=\"Est. reading time\" \/>\n\t<meta name=\"twitter:data1\" content=\"4 minutes\" \/>\n<script type=\"application\/ld+json\" class=\"yoast-schema-graph\">{\"@context\":\"https:\/\/schema.org\",\"@graph\":[{\"@type\":\"WebPage\",\"@id\":\"https:\/\/wp.stylingcv.com\/fr\/ai-tools-tech\/how-ai-can-optimize-your-resume-for-ats-in-2026\/\",\"url\":\"https:\/\/wp.stylingcv.com\/fr\/ai-tools-tech\/how-ai-can-optimize-your-resume-for-ats-in-2026\/\",\"name\":\"Comment l'IA optimise votre CV pour l'ATS en 2026 |\",\"isPartOf\":{\"@id\":\"https:\/\/wp.stylingcv.com\/fr\/#website\"},\"datePublished\":\"2025-12-16T08:15:26+00:00\",\"description\":\"D\u00e9couvrez comment l'IA optimise votre CV pour les syst\u00e8mes ATS en 2026. Outil ATS gratuit, guide d'optimisation, conseils de formatage et strat\u00e9gies d'experts.\",\"breadcrumb\":{\"@id\":\"https:\/\/wp.stylingcv.com\/fr\/ai-tools-tech\/how-ai-can-optimize-your-resume-for-ats-in-2026\/#breadcrumb\"},\"inLanguage\":\"en-US\",\"potentialAction\":[{\"@type\":\"ReadAction\",\"target\":[\"https:\/\/wp.stylingcv.com\/fr\/ai-tools-tech\/how-ai-can-optimize-your-resume-for-ats-in-2026\/\"]}]},{\"@type\":\"BreadcrumbList\",\"@id\":\"https:\/\/wp.stylingcv.com\/fr\/ai-tools-tech\/how-ai-can-optimize-your-resume-for-ats-in-2026\/#breadcrumb\",\"itemListElement\":[{\"@type\":\"ListItem\",\"position\":1,\"name\":\"Home\",\"item\":\"https:\/\/wp.stylingcv.com\/fr\/\"},{\"@type\":\"ListItem\",\"position\":2,\"name\":\"Cr\u00e9ateur de CV IA : Guide Complet du CV Aliment\u00e9 par l\u2019IA\",\"item\":\"https:\/\/wp.stylingcv.com\/fr\/ai-tools-tech\/\"},{\"@type\":\"ListItem\",\"position\":3,\"name\":\"Comment l&#8217;IA peut optimiser votre CV pour l&#8217;ATS en 2026\"}]},{\"@type\":\"WebSite\",\"@id\":\"https:\/\/wp.stylingcv.com\/fr\/#website\",\"url\":\"https:\/\/wp.stylingcv.com\/fr\/\",\"name\":\"StylingCV - Fran\u00e7ais\",\"description\":\"\",\"potentialAction\":[{\"@type\":\"SearchAction\",\"target\":{\"@type\":\"EntryPoint\",\"urlTemplate\":\"https:\/\/wp.stylingcv.com\/fr\/?s={search_term_string}\"},\"query-input\":{\"@type\":\"PropertyValueSpecification\",\"valueRequired\":true,\"valueName\":\"search_term_string\"}}],\"inLanguage\":\"en-US\"}]}<\/script>\n<!-- \/ Yoast SEO Premium plugin. -->","yoast_head_json":{"title":"Comment l'IA optimise votre CV pour l'ATS en 2026 |","description":"D\u00e9couvrez comment l'IA optimise votre CV pour les syst\u00e8mes ATS en 2026. Outil ATS gratuit, guide d'optimisation, conseils de formatage et strat\u00e9gies d'experts.","robots":{"index":"index","follow":"follow","max-snippet":"max-snippet:-1","max-image-preview":"max-image-preview:large","max-video-preview":"max-video-preview:-1"},"canonical":"https:\/\/stylingcv.com\/fr\/ai-tools-tech\/how-ai-can-optimize-your-resume-for-ats-in-2026\/","og_locale":"en_US","og_type":"article","og_title":"Comment l'IA peut optimiser votre CV pour l'ATS en 2026","og_description":"D\u00e9couvrez comment l'IA optimise votre CV pour les syst\u00e8mes ATS en 2026. Outil ATS gratuit, guide d'optimisation, conseils de formatage et strat\u00e9gies d'experts.","og_url":"https:\/\/stylingcv.com\/fr\/ai-tools-tech\/how-ai-can-optimize-your-resume-for-ats-in-2026\/","og_site_name":"StylingCV - Fran\u00e7ais","twitter_card":"summary_large_image","twitter_misc":{"Est. reading time":"4 minutes"},"schema":{"@context":"https:\/\/schema.org","@graph":[{"@type":"WebPage","@id":"https:\/\/wp.stylingcv.com\/fr\/ai-tools-tech\/how-ai-can-optimize-your-resume-for-ats-in-2026\/","url":"https:\/\/wp.stylingcv.com\/fr\/ai-tools-tech\/how-ai-can-optimize-your-resume-for-ats-in-2026\/","name":"Comment l'IA optimise votre CV pour l'ATS en 2026 |","isPartOf":{"@id":"https:\/\/wp.stylingcv.com\/fr\/#website"},"datePublished":"2025-12-16T08:15:26+00:00","description":"D\u00e9couvrez comment l'IA optimise votre CV pour les syst\u00e8mes ATS en 2026. Outil ATS gratuit, guide d'optimisation, conseils de formatage et strat\u00e9gies d'experts.","breadcrumb":{"@id":"https:\/\/wp.stylingcv.com\/fr\/ai-tools-tech\/how-ai-can-optimize-your-resume-for-ats-in-2026\/#breadcrumb"},"inLanguage":"en-US","potentialAction":[{"@type":"ReadAction","target":["https:\/\/wp.stylingcv.com\/fr\/ai-tools-tech\/how-ai-can-optimize-your-resume-for-ats-in-2026\/"]}]},{"@type":"BreadcrumbList","@id":"https:\/\/wp.stylingcv.com\/fr\/ai-tools-tech\/how-ai-can-optimize-your-resume-for-ats-in-2026\/#breadcrumb","itemListElement":[{"@type":"ListItem","position":1,"name":"Home","item":"https:\/\/wp.stylingcv.com\/fr\/"},{"@type":"ListItem","position":2,"name":"Cr\u00e9ateur de CV IA : Guide Complet du CV Aliment\u00e9 par l\u2019IA","item":"https:\/\/wp.stylingcv.com\/fr\/ai-tools-tech\/"},{"@type":"ListItem","position":3,"name":"Comment l&#8217;IA peut optimiser votre CV pour l&#8217;ATS en 2026"}]},{"@type":"WebSite","@id":"https:\/\/wp.stylingcv.com\/fr\/#website","url":"https:\/\/wp.stylingcv.com\/fr\/","name":"StylingCV - Fran\u00e7ais","description":"","potentialAction":[{"@type":"SearchAction","target":{"@type":"EntryPoint","urlTemplate":"https:\/\/wp.stylingcv.com\/fr\/?s={search_term_string}"},"query-input":{"@type":"PropertyValueSpecification","valueRequired":true,"valueName":"search_term_string"}}],"inLanguage":"en-US"}]}},"_links":{"self":[{"href":"https:\/\/wp.stylingcv.com\/fr\/wp-json\/wp\/v2\/pages\/585","targetHints":{"allow":["GET"]}}],"collection":[{"href":"https:\/\/wp.stylingcv.com\/fr\/wp-json\/wp\/v2\/pages"}],"about":[{"href":"https:\/\/wp.stylingcv.com\/fr\/wp-json\/wp\/v2\/types\/page"}],"replies":[{"embeddable":true,"href":"https:\/\/wp.stylingcv.com\/fr\/wp-json\/wp\/v2\/comments?post=585"}],"version-history":[{"count":0,"href":"https:\/\/wp.stylingcv.com\/fr\/wp-json\/wp\/v2\/pages\/585\/revisions"}],"up":[{"embeddable":true,"href":"https:\/\/wp.stylingcv.com\/fr\/wp-json\/wp\/v2\/pages\/571"}],"wp:attachment":[{"href":"https:\/\/wp.stylingcv.com\/fr\/wp-json\/wp\/v2\/media?parent=585"}],"curies":[{"name":"wp","href":"https:\/\/api.w.org\/{rel}","templated":true}]}}