{"id":508,"date":"2025-12-14T14:37:28","date_gmt":"2025-12-14T14:37:28","guid":{"rendered":"https:\/\/stylingcv.com\/fr\/exemples-cv-2\/modeles-cv-responsable-commercial\/"},"modified":"2025-12-14T14:37:28","modified_gmt":"2025-12-14T14:37:28","slug":"sales-executive","status":"publish","type":"page","link":"https:\/\/wp.stylingcv.com\/fr\/resume-examples\/sales-executive\/","title":{"rendered":"Mod\u00e8les de CV Responsable Commercial : Exemples de CV Vente"},"content":{"rendered":"<h1>Mod\u00e8les de CV Responsable Commercial<\/h1>\n<p>Mod\u00e8les de CV ax\u00e9s sur les r\u00e9sultats pour responsables commerciaux, gestionnaires de comptes et professionnels du d\u00e9veloppement commercial. Mettez en avant vos r\u00e9alisations de chiffre d&#8217;affaires et vos signatures de contrats.<\/p>\n<div class=\"cta-gradient\" style=\"background:linear-gradient(135deg,#667eea 0%,#764ba2 100%);padding:30px;border-radius:12px;margin:30px 0;text-align:center;color:#fff\">\n<h3 style=\"color:#fff;margin:0 0 15px;font-size:24px\">\ud83d\ude80 Arr\u00eatez de faire des erreurs sur votre CV<\/h3>\n<p style=\"font-size:16px;margin:0 0 20px;line-height:1.6\">Cr\u00e9ez votre CV professionnel compatible ATS en 5 minutes. Rejoignez plus de 6 millions d&#8217;utilisateurs !<\/p>\n<p><a href=\"https:\/\/ai.stylingcv.com?utm_source=stylingcv&utm_medium=website&utm_campaign=cta&utm_content=sales-executive\" style=\"background:#fff;color:#268599;padding:15px 40px;border-radius:50px;text-decoration:none;font-weight:bold;font-size:18px\">Commencer gratuitement \u2728<\/a><\/div>\n<h2>\u00c9l\u00e9ments essentiels<\/h2>\n<p><!-- StylingCV CTA - Auto Inserted --><\/p>\n<div class=\"stylingcv-cta-inline\" style=\"background: #f8f9ff;border-left: 4px solid #667eea;padding: 20px;margin: 24px 0;border-radius: 0 8px 8px 0\">\n    <strong style=\"color: #1a1a2e\">\ud83d\udca1 Astuce Pro :<\/strong> <a href=\"https:\/\/ai.stylingcv.com\/ai-generator?utm_source=blog&amp;utm_medium=cta&amp;utm_campaign=resume_inline\" target=\"_blank\" rel=\"noopener\" style=\"color: #268599;text-decoration: none;font-weight: 500\">Essayez l&#8217;AI Resume Builder de StylingCV<\/a> pour cr\u00e9er un CV professionnel qui vous fait embaucher plus rapidement.\n<\/div>\n<ul>\n<li>R\u00e9alisations en mati\u00e8re de chiffre d&#8217;affaires<\/li>\n<li>Performance par rapport aux objectifs<\/li>\n<li>Gestion de la relation client<\/li>\n<li>M\u00e9thodologie de vente<\/li>\n<li>Gestion de territoire<\/li>\n<div class=\"stylingcv-contextual-cta\" style=\"background:linear-gradient(135deg,#667eea 0%,#764ba2 100%);padding:30px;border-radius:12px;margin:30px 0;text-align:center;color:#fff\">\n<h3 style=\"color:#fff;margin:0 0 15px;font-size:22px;font-weight:600\">\u270d\ufe0f Cr\u00e9ez votre lettre de motivation parfaite<\/h3>\n<p style=\"font-size:15px;margin:0 0 20px;line-height:1.6;opacity:0.95\">Compl\u00e9tez votre CV avec une lettre de motivation personnalis\u00e9e qui vous fera remarquer.<\/p>\n<p>    <a href=\"https:\/\/ai.stylingcv.com\/ai-generator\/cover-letter?utm_source=stylingcv&utm_medium=website&utm_campaign=cta&utm_content=sales-executive\" style=\"background:#fff;color:#268599;padding:14px 35px;border-radius:50px;text-decoration:none;font-weight:bold;font-size:16px\">R\u00e9diger ma lettre de motivation \u2192<\/a>\n<\/div>\n<\/ul>\n<p><a href=\"\/resume-builder\/\">Cr\u00e9er votre CV de commercial<\/a><\/p>\n<div class=\"scv-inline-cta scv-cta-compact\">\n<p class=\"scv-cta-eyebrow\">Vous aimez cet exemple ? Cr\u00e9ez le v\u00f4tre en quelques minutes<\/p>\n<h2>Passez de l&#8217;inspiration \u00e0 l&#8217;action<\/h2>\n<p>Utilisez notre g\u00e9n\u00e9rateur IA pour cr\u00e9er un CV tout aussi impressionnant \u2014 adapt\u00e9 \u00e0 votre exp\u00e9rience.<\/p>\n<div class=\"scv-cta-buttons\">\n    <a href=\"https:\/\/ai.stylingcv.com?utm_source=stylingcv&utm_medium=website&utm_campaign=cta&utm_content=sales-executive\" class=\"scv-btn-primary\">Cr\u00e9er mon CV<\/a>\n  <\/div>\n<\/div>\n<h2>Ressources associ\u00e9es<\/h2>\n<ul>\n<li><a href=\"\/resume-templates\/\">\u2190 Retour \u00e0 tous les mod\u00e8les<\/a><\/li>\n<li><a href=\"\/ai-resume\/\">G\u00e9n\u00e9rateur de CV IA<\/a><\/li>\n<li><a href=\"\/career-stages\/\">Conseils CV par \u00e9tape de carri\u00e8re<\/a><\/li>\n<li><a href=\"\/cover-letter-builder\/\">G\u00e9n\u00e9rateur de lettre de motivation<\/a><\/li>\n<\/ul>\n<p><!-- StylingCV CTA - Auto Inserted --><\/p>\n<div class=\"stylingcv-cta stylingcv-cta-bottom\" style=\"background: #1a1a2e;border-radius: 12px;padding: 40px;margin: 40px 0;text-align: center\">\n<h3 style=\"color: #fff;margin: 0 0 12px;font-size: 26px;font-weight: 600\">Ne laissez pas votre CV vous freiner<\/p>\n<div class=\"cta-tip\" style=\"background:#f8f9fa;border-left:4px solid #667eea;padding:20px;margin:25px 0;border-radius:8px\">\n<p style=\"margin:0;font-size:16px;color:#333\"><strong>\ud83d\udca1 Astuce Maligne :<\/strong> \u00c9vitez les casse-t\u00eates de mise en page ! <a href=\"https:\/\/ai.stylingcv.com?utm_source=stylingcv&utm_medium=website&utm_campaign=cta&utm_content=sales-executive\" style=\"color:#268599;font-weight:bold;text-decoration:underline\">Utilisez notre g\u00e9n\u00e9rateur de CV IA<\/a> et cr\u00e9ez un CV professionnel en quelques minutes.<\/p>\n<\/div>\n<\/h3>\n<p style=\"margin: 0 0 24px;font-size: 17px\">Rejoignez plus de 6 millions de professionnels qui ont cr\u00e9\u00e9 un CV gagnant avec StylingCV<\/p>\n<div class=\"stylingcv-contextual-cta\" style=\"background:#fff;border:3px solid #667eea;padding:28px;border-radius:12px;margin:30px 0;text-align:center\">\n<h3 style=\"color:#268599;margin:0 0 12px;font-size:21px;font-weight:600\">\ud83d\udce7 D\u00e9marquez-vous avec une excellente lettre de motivation<\/h3>\n<p style=\"font-size:15px;margin:0 0 18px;color:#4a5568;line-height:1.6\">Le g\u00e9n\u00e9rateur de lettre de motivation IA vous aide \u00e0 r\u00e9diger des lettres convaincantes et adapt\u00e9es \u00e0 chaque poste.<\/p>\n<p>    <a href=\"https:\/\/ai.stylingcv.com\/ai-generator\/cover-letter?utm_source=stylingcv&utm_medium=website&utm_campaign=cta&utm_content=sales-executive\" style=\"background:linear-gradient(135deg, #268599 0%, #618480 50%, #e8885e 100%);color:#fff;padding:13px 32px;border-radius:8px;text-decoration:none;font-weight:600;font-size:15px\">Commencer gratuitement<\/a>\n<\/div>\n<p>    <a href=\"https:\/\/ai.stylingcv.com\/ai-generator?utm_source=blog&amp;utm_medium=cta&amp;utm_campaign=resume_bottom\" target=\"_blank\" rel=\"noopener\" style=\"background: linear-gradient(135deg, #667eea 0%, #764ba2 100%);color: #fff;padding: 16px 40px;border-radius: 8px;text-decoration: none;font-weight: 600;font-size: 16px\">Cr\u00e9er mon CV maintenant \u2192<\/a>\n<\/div>\n<div class=\"cta-box cta-final\" style=\"background: #fff5f5;border-left: 4px solid #f5576c;padding: 30px;margin: 40px 0\">\n<h4 style=\"color: #2d3748;margin-bottom: 15px;font-size: 22px\">\ud83c\udfaf Faites ressortir votre lettre de motivation<\/h4>\n<p style=\"margin-bottom: 20px;color: #4a5568;line-height: 1.6\">Une excellente lettre de motivation peut faire la diff\u00e9rence entre d\u00e9crocher un entretien et \u00eatre ignor\u00e9. Cr\u00e9ez la v\u00f4tre maintenant.<\/p>\n<div class=\"cta-action\" style=\"background:#fff;border:3px solid #667eea;padding:30px;border-radius:12px;margin:30px 0;text-align:center\">\n<h3 style=\"color:#268599;margin:0 0 15px;font-size:22px\">\u26a1 Cr\u00e9ez votre CV gagnant maintenant<\/h3>\n<p style=\"font-size:15px;margin:0 0 20px;color:#666\">Mod\u00e8les professionnels + optimisation ATS + aide IA = Votre job de r\u00eave !<\/p>\n<p><a href=\"https:\/\/ai.stylingcv.com?utm_source=stylingcv&utm_medium=website&utm_campaign=cta&utm_content=sales-executive\" style=\"background:linear-gradient(135deg, #268599 0%, #618480 50%, #e8885e 100%);color:#fff;padding:15px 40px;border-radius:50px;text-decoration:none;font-weight:bold\">Commencer gratuitement \u2192<\/a><\/div>\n<p><a href=\"https:\/\/ai.stylingcv.com\/ai-generator\/cover-letter?utm_source=stylingcv&utm_medium=website&utm_campaign=cta&utm_content=sales-executive\" class=\"cta-button\" style=\"background: #f5576c;color: white;padding: 14px 35px;border-radius: 8px;text-decoration: none;font-weight: 600\">Cr\u00e9er ma lettre de motivation<\/a>\n<\/div>\n<div class=\"stylingcv-contextual-cta\" style=\"background:#f7fafc;border-left:4px solid #667eea;padding:20px;margin:25px 0;border-radius:8px\">\n<p style=\"margin:0;font-size:15px;color:#2d3748\">\n        <strong style=\"color:#268599\">\ud83d\udcbc Compl\u00e9tez votre candidature<\/strong><br \/>\n        Une excellente lettre de motivation fait la diff\u00e9rence entre d\u00e9crocher un entretien et \u00eatre ignor\u00e9. <a href=\"https:\/\/ai.stylingcv.com\/ai-generator\/cover-letter?utm_source=stylingcv&utm_medium=website&utm_campaign=cta&utm_content=sales-executive\" style=\"color:#268599;font-weight:600;text-decoration:underline\">Cr\u00e9er ma lettre de motivation<\/a>\n    <\/p>\n<p>\ud83d\udc49 <a href=\"https:\/\/stylingcv.com\/ats-resume-checker\/\">v\u00e9rifiez la compatibilit\u00e9 ATS de votre CV<\/a><\/p>\n<p>\ud83d\udc49 <a href=\"https:\/\/stylingcv.com\/guides\/\">d\u00e9couvrez tous les guides carri\u00e8re<\/a><\/p>\n<p><strong>\ud83d\udca1 Astuce Pro :<\/strong> StylingCV n&#8217;est pas seulement un g\u00e9n\u00e9rateur de CV \u2014 c&#8217;est un g\u00e9n\u00e9rateur IA intelligent qui r\u00e9fl\u00e9chit. <a href=\"https:\/\/stylingcv.com\/resume-builder\/\">G\u00e9n\u00e9rateur de CV IA avec 11 agents intelligents<\/a> en moins de 2 minutes.<\/p>\n<\/div>\n<p><!-- stylingcv-hub-links --><\/p>\n<div class=\"stylingcv-related-resources\" style=\"margin-top:30px;padding:20px;background:#f8f9fa;border-left:4px solid #1abc9c;border-radius:4px;\">\n<h3 style=\"margin-top:0;color:#2c3e50;\">D\u00e9couvrez plus de ressources<\/h3>\n<ul style=\"list-style:none;padding:0;\">\n<li><a href=\"https:\/\/stylingcv.com\/resume-examples\/\">Exemples de CV<\/a> &mdash; Votre guide complet<\/li>\n<li><a href=\"https:\/\/stylingcv.com\/finance-resume-tips-142\/\">Quels sont les conseils cl\u00e9s pour un CV en finance ?<\/a><\/li>\n<li><a href=\"https:\/\/stylingcv.com\/security-engineer\/\">Exemple de CV Ing\u00e9nieur S\u00e9curit\u00e9<\/a><\/li>\n<li><a href=\"https:\/\/stylingcv.com\/finance-resume-tips-22\/\">Quels sont les conseils cl\u00e9s pour un CV en finance ?<\/a><\/li>\n<\/ul>\n<p style=\"margin-bottom:0;font-size:14px;color:#7f8c8d;\">Pas seulement un g\u00e9n\u00e9rateur de CV \u2014 un g\u00e9n\u00e9rateur IA intelligent qui r\u00e9fl\u00e9chit. <a href=\"https:\/\/stylingcv.com\/resume-builder\/\" style=\"color:#1abc9c;font-weight:bold;\">Cr\u00e9ez votre CV en moins de 2 minutes &rarr;<\/a><\/p>\n<\/div>\n<p><!-- \/stylingcv-hub-links --><\/p>\n\n<style>.entry-content a[href*=\"ai.stylingcv.com\"]:not(.scv-exit-cta){transition:transform 0.2s ease,box-shadow 0.2s ease}.entry-content a[href*=\"ai.stylingcv.com\"]:not(.scv-exit-cta):hover{transform:translateY(-2px);box-shadow:0 4px 12px rgba(38,133,153,0.25)}<\/style>","protected":false},"excerpt":{"rendered":"<p>Guide expert sur les mod\u00e8les de CV Responsable Commercial. Conseils pratiques, mod\u00e8les et exemples pour booster votre recherche d&#8217;emploi et carri\u00e8re en 2026.<\/p>\n","protected":false},"author":0,"featured_media":0,"parent":71,"menu_order":0,"comment_status":"closed","ping_status":"closed","template":"","meta":{"footnotes":""},"class_list":["post-508","page","type-page","status-publish","hentry"," c-blog-1-item  nt-post-class"],"yoast_head":"<!-- This site is optimized with the Yoast SEO Premium plugin v26.5 (Yoast SEO v26.5) - https:\/\/yoast.com\/wordpress\/plugins\/seo\/ -->\n<title>Mod\u00e8les de CV Responsable Commercial : CV Vente | StylingCV<\/title>\n<meta name=\"description\" content=\"Guide expert sur les mod\u00e8les de CV Responsable Commercial. Conseils, mod\u00e8les et exemples pour booster votre recherche d&#039;emploi et carri\u00e8re en 2026.\" \/>\n<meta name=\"robots\" content=\"index, follow, max-snippet:-1, max-image-preview:large, max-video-preview:-1\" \/>\n<link rel=\"canonical\" href=\"https:\/\/stylingcv.com\/fr\/resume-examples\/sales-executive\/\" \/>\n<meta property=\"og:locale\" content=\"en_US\" \/>\n<meta property=\"og:type\" content=\"article\" \/>\n<meta property=\"og:title\" content=\"Mod\u00e8les de CV Responsable Commercial : Exemples de CV Vente\" \/>\n<meta property=\"og:description\" content=\"Guide expert sur les mod\u00e8les de CV Responsable Commercial. Conseils, mod\u00e8les et exemples pour booster votre recherche d&#039;emploi et carri\u00e8re en 2026.\" \/>\n<meta property=\"og:url\" content=\"https:\/\/stylingcv.com\/fr\/resume-examples\/sales-executive\/\" \/>\n<meta property=\"og:site_name\" content=\"StylingCV - Fran\u00e7ais\" \/>\n<meta name=\"twitter:card\" content=\"summary_large_image\" \/>\n<meta name=\"twitter:label1\" content=\"Est. reading time\" \/>\n\t<meta name=\"twitter:data1\" content=\"2 minutes\" \/>\n<script type=\"application\/ld+json\" class=\"yoast-schema-graph\">{\"@context\":\"https:\/\/schema.org\",\"@graph\":[{\"@type\":\"WebPage\",\"@id\":\"https:\/\/wp.stylingcv.com\/fr\/resume-examples\/sales-executive\/\",\"url\":\"https:\/\/wp.stylingcv.com\/fr\/resume-examples\/sales-executive\/\",\"name\":\"Mod\u00e8les de CV Responsable Commercial : CV Vente | StylingCV\",\"isPartOf\":{\"@id\":\"https:\/\/wp.stylingcv.com\/fr\/#website\"},\"datePublished\":\"2025-12-14T14:37:28+00:00\",\"description\":\"Guide expert sur les mod\u00e8les de CV Responsable Commercial. Conseils, mod\u00e8les et exemples pour booster votre recherche d'emploi et carri\u00e8re en 2026.\",\"breadcrumb\":{\"@id\":\"https:\/\/wp.stylingcv.com\/fr\/resume-examples\/sales-executive\/#breadcrumb\"},\"inLanguage\":\"en-US\",\"potentialAction\":[{\"@type\":\"ReadAction\",\"target\":[\"https:\/\/wp.stylingcv.com\/fr\/resume-examples\/sales-executive\/\"]}]},{\"@type\":\"BreadcrumbList\",\"@id\":\"https:\/\/wp.stylingcv.com\/fr\/resume-examples\/sales-executive\/#breadcrumb\",\"itemListElement\":[{\"@type\":\"ListItem\",\"position\":1,\"name\":\"Home\",\"item\":\"https:\/\/wp.stylingcv.com\/fr\/\"},{\"@type\":\"ListItem\",\"position\":2,\"name\":\"200+ Exemples de CV pour chaque m\u00e9tier et secteur (2026)\",\"item\":\"https:\/\/wp.stylingcv.com\/fr\/resume-examples\/\"},{\"@type\":\"ListItem\",\"position\":3,\"name\":\"Mod\u00e8les de CV Responsable Commercial : Exemples de CV Vente\"}]},{\"@type\":\"WebSite\",\"@id\":\"https:\/\/wp.stylingcv.com\/fr\/#website\",\"url\":\"https:\/\/wp.stylingcv.com\/fr\/\",\"name\":\"StylingCV - Fran\u00e7ais\",\"description\":\"\",\"potentialAction\":[{\"@type\":\"SearchAction\",\"target\":{\"@type\":\"EntryPoint\",\"urlTemplate\":\"https:\/\/wp.stylingcv.com\/fr\/?s={search_term_string}\"},\"query-input\":{\"@type\":\"PropertyValueSpecification\",\"valueRequired\":true,\"valueName\":\"search_term_string\"}}],\"inLanguage\":\"en-US\"}]}<\/script>\n<!-- \/ Yoast SEO Premium plugin. -->","yoast_head_json":{"title":"Mod\u00e8les de CV Responsable Commercial : CV Vente | StylingCV","description":"Guide expert sur les mod\u00e8les de CV Responsable Commercial. Conseils, mod\u00e8les et exemples pour booster votre recherche d'emploi et carri\u00e8re en 2026.","robots":{"index":"index","follow":"follow","max-snippet":"max-snippet:-1","max-image-preview":"max-image-preview:large","max-video-preview":"max-video-preview:-1"},"canonical":"https:\/\/stylingcv.com\/fr\/resume-examples\/sales-executive\/","og_locale":"en_US","og_type":"article","og_title":"Mod\u00e8les de CV Responsable Commercial : Exemples de CV Vente","og_description":"Guide expert sur les mod\u00e8les de CV Responsable Commercial. Conseils, mod\u00e8les et exemples pour booster votre recherche d'emploi et carri\u00e8re en 2026.","og_url":"https:\/\/stylingcv.com\/fr\/resume-examples\/sales-executive\/","og_site_name":"StylingCV - Fran\u00e7ais","twitter_card":"summary_large_image","twitter_misc":{"Est. reading time":"2 minutes"},"schema":{"@context":"https:\/\/schema.org","@graph":[{"@type":"WebPage","@id":"https:\/\/wp.stylingcv.com\/fr\/resume-examples\/sales-executive\/","url":"https:\/\/wp.stylingcv.com\/fr\/resume-examples\/sales-executive\/","name":"Mod\u00e8les de CV Responsable Commercial : CV Vente | StylingCV","isPartOf":{"@id":"https:\/\/wp.stylingcv.com\/fr\/#website"},"datePublished":"2025-12-14T14:37:28+00:00","description":"Guide expert sur les mod\u00e8les de CV Responsable Commercial. Conseils, mod\u00e8les et exemples pour booster votre recherche d'emploi et carri\u00e8re en 2026.","breadcrumb":{"@id":"https:\/\/wp.stylingcv.com\/fr\/resume-examples\/sales-executive\/#breadcrumb"},"inLanguage":"en-US","potentialAction":[{"@type":"ReadAction","target":["https:\/\/wp.stylingcv.com\/fr\/resume-examples\/sales-executive\/"]}]},{"@type":"BreadcrumbList","@id":"https:\/\/wp.stylingcv.com\/fr\/resume-examples\/sales-executive\/#breadcrumb","itemListElement":[{"@type":"ListItem","position":1,"name":"Home","item":"https:\/\/wp.stylingcv.com\/fr\/"},{"@type":"ListItem","position":2,"name":"200+ Exemples de CV pour chaque m\u00e9tier et secteur (2026)","item":"https:\/\/wp.stylingcv.com\/fr\/resume-examples\/"},{"@type":"ListItem","position":3,"name":"Mod\u00e8les de CV Responsable Commercial : Exemples de CV Vente"}]},{"@type":"WebSite","@id":"https:\/\/wp.stylingcv.com\/fr\/#website","url":"https:\/\/wp.stylingcv.com\/fr\/","name":"StylingCV - Fran\u00e7ais","description":"","potentialAction":[{"@type":"SearchAction","target":{"@type":"EntryPoint","urlTemplate":"https:\/\/wp.stylingcv.com\/fr\/?s={search_term_string}"},"query-input":{"@type":"PropertyValueSpecification","valueRequired":true,"valueName":"search_term_string"}}],"inLanguage":"en-US"}]}},"_links":{"self":[{"href":"https:\/\/wp.stylingcv.com\/fr\/wp-json\/wp\/v2\/pages\/508","targetHints":{"allow":["GET"]}}],"collection":[{"href":"https:\/\/wp.stylingcv.com\/fr\/wp-json\/wp\/v2\/pages"}],"about":[{"href":"https:\/\/wp.stylingcv.com\/fr\/wp-json\/wp\/v2\/types\/page"}],"replies":[{"embeddable":true,"href":"https:\/\/wp.stylingcv.com\/fr\/wp-json\/wp\/v2\/comments?post=508"}],"version-history":[{"count":0,"href":"https:\/\/wp.stylingcv.com\/fr\/wp-json\/wp\/v2\/pages\/508\/revisions"}],"up":[{"embeddable":true,"href":"https:\/\/wp.stylingcv.com\/fr\/wp-json\/wp\/v2\/pages\/71"}],"wp:attachment":[{"href":"https:\/\/wp.stylingcv.com\/fr\/wp-json\/wp\/v2\/media?parent=508"}],"curies":[{"name":"wp","href":"https:\/\/api.w.org\/{rel}","templated":true}]}}