{"id":494,"date":"2025-12-14T14:06:30","date_gmt":"2025-12-14T14:06:30","guid":{"rendered":"https:\/\/stylingcv.com\/fr\/stylingcv-vs-bayt-comparaison-cv\/"},"modified":"2025-12-14T14:06:30","modified_gmt":"2025-12-14T14:06:30","slug":"vs-bayt","status":"publish","type":"page","link":"https:\/\/wp.stylingcv.com\/fr\/compare\/vs-bayt\/","title":{"rendered":"StylingCV vs Bayt\u00a0: Comparaison d\u00e9taill\u00e9e des cr\u00e9ateurs de CV"},"content":{"rendered":"<h1>StylingCV vs Bayt\u00a0: Comparaison des cr\u00e9ateurs de CV<\/h1>\n<p>Bayt est une grande plateforme d&#8217;emploi au Moyen-Orient avec un cr\u00e9ateur de CV int\u00e9gr\u00e9. Comparez-le avec le cr\u00e9ateur de CV d\u00e9di\u00e9 StylingCV.<\/p>\n<h2>Focus de la plateforme<\/h2>\n<p><!-- StylingCV CTA - Auto Inserted --><\/p>\n<div class=\"stylingcv-cta-inline\" style=\"background: #f8f9ff;border-left: 4px solid #667eea;padding: 20px;margin: 24px 0;border-radius: 0 8px 8px 0\">\n    <strong style=\"color: #1a1a2e\">\ud83d\udca1 Astuce Pro\u00a0:<\/strong> <a href=\"https:\/\/ai.stylingcv.com\/ai-generator?utm_source=blog&amp;utm_medium=cta&amp;utm_campaign=resume_inline\" target=\"_blank\" rel=\"noopener\" style=\"color: #268599;text-decoration: none;font-weight: 500\">Essayez le cr\u00e9ateur de CV IA de StylingCV<\/a> pour cr\u00e9er un CV professionnel qui vous permet d&#8217;\u00eatre embauch\u00e9 plus rapidement.<\/p>\n<div class=\"cta-gradient\" style=\"background:linear-gradient(135deg,#667eea 0%,#764ba2 100%);padding:30px;border-radius:12px;margin:30px 0;text-align:center;color:#fff\">\n<h3 style=\"color:#fff;margin:0 0 15px;font-size:24px\">\ud83d\ude80 Arr\u00eatez de faire des erreurs sur votre CV<\/h3>\n<p style=\"font-size:16px;margin:0 0 20px;line-height:1.6\">Cr\u00e9ez votre CV professionnel compatible ATS en 5 minutes. Rejoignez plus de 6\u00a0millions d&#8217;utilisateurs\u00a0!<\/p>\n<p><a href=\"https:\/\/ai.stylingcv.com?utm_source=stylingcv&utm_medium=website&utm_campaign=cta&utm_content=vs-bayt\" style=\"background:#fff;color:#268599;padding:15px 40px;border-radius:50px;text-decoration:none;font-weight:bold;font-size:18px\">Commencer gratuitement \u2728<\/a><\/div>\n<\/div>\n<p>Bayt est principalement un site d&#8217;offres d&#8217;emploi avec la cr\u00e9ation de CV comme fonctionnalit\u00e9 secondaire. StylingCV est un cr\u00e9ateur de CV d\u00e9di\u00e9 avec une IA avanc\u00e9e.<\/p>\n<div class=\"cta-box cta-primary\" style=\"background: linear-gradient(135deg, #667eea 0%, #764ba2 100%);padding: 30px;border-radius: 12px;margin: 40px 0;text-align: center;color: white\">\n<h3 style=\"color: white;margin-bottom: 15px;font-size: 24px\">\u2728 Arr\u00eatez de faire des erreurs sur votre CV<\/h3>\n<p style=\"font-size: 16px;margin-bottom: 20px;opacity: 0.95\">Cr\u00e9ez un CV professionnel et compatible ATS en quelques minutes avec notre cr\u00e9ateur aliment\u00e9 par l&#8217;IA. Aucune comp\u00e9tence en design requise.<\/p>\n<p><a href=\"https:\/\/ai.stylingcv.com\/ai-generatorbuilder?utm_source=stylingcv&utm_medium=website&utm_campaign=cta&utm_content=vs-bayt\" class=\"cta-button\" style=\"background: white;color: #268599;padding: 15px 40px;border-radius: 8px;text-decoration: none;font-weight: 600;font-size: 16px\">Cr\u00e9ez votre CV maintenant &#8211; Gratuit<\/a><\/p>\n<div class=\"stylingcv-contextual-cta\" style=\"background:linear-gradient(135deg,#667eea 0%,#764ba2 100%);padding:30px;border-radius:12px;margin:30px 0;text-align:center;color:#fff\">\n<h3 style=\"color:#fff;margin:0 0 15px;font-size:22px;font-weight:600\">\ud83d\udcc4 Choisissez parmi plus de 39 mod\u00e8les professionnels<\/h3>\n<p style=\"font-size:15px;margin:0 0 20px;line-height:1.6;opacity:0.95\">Trouvez le mod\u00e8le parfait pour votre secteur et votre niveau d&#8217;exp\u00e9rience.<\/p>\n<p>    <a href=\"https:\/\/ai.stylingcv.com\/ai-generatortemplates?utm_source=stylingcv&utm_medium=website&utm_campaign=cta&utm_content=vs-bayt\" style=\"background:#fff;color:#268599;padding:14px 35px;border-radius:50px;text-decoration:none;font-weight:bold;font-size:16px\">Voir les mod\u00e8les \u2192<\/a>\n<\/div>\n<\/div>\n<h2>Comparaison des fonctionnalit\u00e9s<\/h2>\n<ul>\n<li><strong>Fonctionnalit\u00e9s IA\u00a0:<\/strong> StylingCV propose une IA avanc\u00e9e\u00a0; Bayt propose des mod\u00e8les basiques<\/li>\n<li><strong>Optimisation ATS\u00a0:<\/strong> StylingCV est sp\u00e9cialis\u00e9 dans les CV compatibles ATS<\/li>\n<li><strong>Qualit\u00e9 des mod\u00e8les\u00a0:<\/strong> StylingCV propose des designs premium<\/li>\n<\/ul>\n<p><a href=\"\/resume-builder\/\">Essayez StylingCV gratuitement<\/a><\/p>\n<h2>Ressources associ\u00e9es<\/p>\n<div class=\"cta-tip\" style=\"background:#f8f9fa;border-left:4px solid #667eea;padding:20px;margin:25px 0;border-radius:8px\">\n<p style=\"margin:0;font-size:16px;color:#333\"><strong>\ud83d\udca1 Astuce Maligne\u00a0:<\/strong> \u00c9vitez les soucis de mise en page\u00a0! <a href=\"https:\/\/ai.stylingcv.com?utm_source=stylingcv&utm_medium=website&utm_campaign=cta&utm_content=vs-bayt\" style=\"color:#268599;font-weight:bold;text-decoration:underline\">Utilisez notre cr\u00e9ateur de CV IA<\/a> et cr\u00e9ez un CV professionnel en quelques minutes.<\/p>\n<\/div>\n<\/h2>\n<ul>\n<li><a href=\"\/compare\/\">\u2190 Retour aux comparaisons<\/a><\/li>\n<li><a href=\"\/ai-resume\/\">Cr\u00e9ateur de CV IA<\/a><\/li>\n<li><a href=\"\/resume-builder\/\">Essayez le cr\u00e9ateur de CV StylingCV<\/a><\/li>\n<li><a href=\"\/resume-templates\/\">Voir les mod\u00e8les<\/a><\/li>\n<\/ul>\n<p><!-- StylingCV CTA - Auto Inserted --><\/p>\n<div class=\"stylingcv-cta stylingcv-cta-bottom\" style=\"background: #1a1a2e;border-radius: 12px;padding: 40px;margin: 40px 0;text-align: center\">\n<h3 style=\"color: #fff;margin: 0 0 12px;font-size: 26px;font-weight: 600\">Ne laissez pas votre CV vous freiner<\/h3>\n<p style=\"margin: 0 0 24px;font-size: 17px\">Rejoignez plus de 6\u00a0millions de professionnels qui ont cr\u00e9\u00e9 des CV gagnants avec StylingCV<\/p>\n<div class=\"cta-box cta-secondary\" style=\"border: 2px solid #667eea;padding: 25px;border-radius: 10px;margin: 40px 0;text-align: center\">\n<h4 style=\"color: #268599;margin-bottom: 10px;font-size: 20px\">\u26a1 Pr\u00eat \u00e0 cr\u00e9er votre CV professionnel\u00a0?<\/p>\n<div class=\"stylingcv-contextual-cta\" style=\"background:#fff;border:3px solid #667eea;padding:28px;border-radius:12px;margin:30px 0;text-align:center\">\n<h3 style=\"color:#268599;margin:0 0 12px;font-size:21px;font-weight:600\">\ud83c\udfa8 Un design professionnel compte<\/h3>\n<p style=\"font-size:15px;margin:0 0 18px;color:#4a5568;line-height:1.6\">Choisissez parmi des mod\u00e8les compatibles ATS qui sont \u00e9l\u00e9gants et efficaces.<\/p>\n<p>    <a href=\"https:\/\/ai.stylingcv.com?utm_source=stylingcv&utm_medium=website&utm_campaign=cta&utm_content=vs-bayt\" style=\"background:linear-gradient(135deg, #268599 0%, #618480 50%, #e8885e 100%);color:#fff;padding:13px 32px;border-radius:8px;text-decoration:none;font-weight:600;font-size:15px\">Voir la biblioth\u00e8que de mod\u00e8les<\/a>\n<\/div>\n<\/h4>\n<p style=\"margin-bottom: 20px;color: #4a5568\">Rejoignez plus de 6\u00a0millions d&#8217;utilisateurs qui ont cr\u00e9\u00e9 des CV gagnants avec StylingCV<\/p>\n<p><a href=\"https:\/\/ai.stylingcv.com\/ai-generatorbuilder?utm_source=stylingcv&utm_medium=website&utm_campaign=cta&utm_content=vs-bayt\" class=\"cta-button\" style=\"background: linear-gradient(135deg, #268599 0%, #618480 50%, #e8885e 100%);color: white;padding: 12px 35px;border-radius: 8px;text-decoration: none;font-weight: 600\">Commencer &#8211; C&#8217;est gratuit<\/a>\n<\/div>\n<p>    <a href=\"https:\/\/ai.stylingcv.com\/ai-generator?utm_source=blog&amp;utm_medium=cta&amp;utm_campaign=resume_bottom\" target=\"_blank\" rel=\"noopener\" style=\"background: linear-gradient(135deg, #667eea 0%, #764ba2 100%);color: #fff;padding: 16px 40px;border-radius: 8px;text-decoration: none;font-weight: 600;font-size: 16px\">Cr\u00e9ez votre CV maintenant \u2192<\/a>\n<\/div>\n<div class=\"cta-box cta-final\" style=\"background: #f7fafc;border-left: 4px solid #667eea;padding: 30px;margin: 40px 0\">\n<h4 style=\"color: #2d3748;margin-bottom: 15px;font-size: 22px\">\ud83d\udcdd Cr\u00e9ez votre CV en 5 minutes<\/p>\n<div class=\"cta-action\" style=\"background:#fff;border:3px solid #667eea;padding:30px;border-radius:12px;margin:30px 0;text-align:center\">\n<h3 style=\"color:#268599;margin:0 0 15px;font-size:22px\">\u26a1 Cr\u00e9ez votre CV gagnant maintenant<\/h3>\n<p style=\"font-size:15px;margin:0 0 20px;color:#666\">Mod\u00e8les professionnels + optimisation ATS + assistance IA = Votre emploi de r\u00eave\u00a0!<\/p>\n<p><a href=\"https:\/\/ai.stylingcv.com?utm_source=stylingcv&utm_medium=website&utm_campaign=cta&utm_content=vs-bayt\" style=\"background:linear-gradient(135deg, #268599 0%, #618480 50%, #e8885e 100%);color:#fff;padding:15px 40px;border-radius:50px;text-decoration:none;font-weight:bold\">Commencer gratuitement \u2192<\/a><\/div>\n<\/h4>\n<p style=\"margin-bottom: 20px;color: #4a5568;line-height: 1.6\">Ne laissez pas un CV mal format\u00e9 vous freiner. Utilisez notre cr\u00e9ateur de CV intelligent pour cr\u00e9er un CV professionnel qui passe les syst\u00e8mes ATS et impressionne les recruteurs.<\/p>\n<p><a href=\"https:\/\/ai.stylingcv.com\/ai-generatorbuilder?utm_source=stylingcv&utm_medium=website&utm_campaign=cta&utm_content=vs-bayt\" class=\"cta-button\" style=\"background: linear-gradient(135deg, #268599 0%, #618480 50%, #e8885e 100%);color: white;padding: 14px 35px;border-radius: 8px;text-decoration: none;font-weight: 600;margin-right: 15px\">Cr\u00e9er mon CV<\/a><br \/>\n<a href=\"https:\/\/stylingcv.com\/resume-examples\/\" class=\"cta-button-secondary\" style=\"border: 2px solid #667eea;color: #268599;padding: 12px 35px;border-radius: 8px;text-decoration: none;font-weight: 600\">Voir des exemples<\/a>\n<\/div>\n<div class=\"stylingcv-contextual-cta\" style=\"background:#f7fafc;border-left:4px solid #667eea;padding:20px;margin:25px 0;border-radius:8px\">\n<p style=\"margin:0;font-size:15px;color:#2d3748\">\n        <strong style=\"color:#268599\">\u2728 Trouvez votre mod\u00e8le parfait<\/strong><br \/>\n        Des designs modernes et \u00e9pur\u00e9s qui vous permettent de vous d\u00e9marquer tout en restant professionnel. <a href=\"https:\/\/ai.stylingcv.com\/ai-generatortemplates?utm_source=stylingcv&utm_medium=website&utm_campaign=cta&utm_content=vs-bayt\" style=\"color:#268599;font-weight:600;text-decoration:underline\">Explorer les mod\u00e8les<\/a>\n    <\/p>\n<p>\ud83d\udc49 <a href=\"https:\/\/stylingcv.com\/pricing\/\">voir les tarifs<\/a><\/p>\n<p>\ud83d\udc49 <a href=\"https:\/\/stylingcv.com\/11-ai-agents-story\/\">11 agents IA qui cr\u00e9ent votre CV<\/a><\/p>\n<p>\ud83d\udc49 <a href=\"https:\/\/stylingcv.com\/guides\/\">guides experts sur les CV<\/a><\/p>\n<p><strong>\ud83d\udca1 Astuce Pro\u00a0:<\/strong> StylingCV n&#8217;est pas seulement un cr\u00e9ateur de CV \u2014 c&#8217;est un cr\u00e9ateur intelligent qui r\u00e9fl\u00e9chit. <a href=\"https:\/\/stylingcv.com\/resume-builder\/\">Cr\u00e9ateur de CV IA avec 11 agents intelligents<\/a> en moins de 2 minutes.<\/p>\n<\/div>\n<div style=\"background:linear-gradient(135deg,#f8f9fa 0%,#e9ecef 100%);border-radius:12px;padding:25px 30px;margin:30px 0;border-left:4px solid #268599\">\n<h3 style=\"color:#268599;margin-top:0;font-size:1.2rem\">D\u00e9couvrez plus de ressources<\/h3>\n<ul style=\"list-style:none;padding:0;margin:0\">\n<li style=\"margin-bottom:10px\"><a href=\"\/resume-builder\/\" style=\"color:#268599;font-weight:600\">Essayez notre cr\u00e9ateur de CV IA<\/a><\/li>\n<li style=\"margin-bottom:10px\"><a href=\"\/ai-tools\/\" style=\"color:#268599;font-weight:600\">Guide du cr\u00e9ateur de CV IA<\/a><\/li>\n<li style=\"margin-bottom:10px\"><a href=\"\/compare\/\" style=\"color:#268599;font-weight:600\">Comparer les cr\u00e9ateurs de CV IA<\/a><\/li>\n<li style=\"margin-bottom:10px\"><a href=\"\/ats-resume-checker\/\" style=\"color:#268599;font-weight:600\">V\u00e9rificateur ATS aliment\u00e9 par l&#8217;IA<\/a><\/li>\n<\/ul>\n<h4 style=\"color:#495057;margin-top:15px;font-size:1rem\">Outils et guides IA associ\u00e9s\u00a0:<\/h4>\n<ul style=\"list-style:none;padding:0;margin:0\">\n<li style=\"margin-bottom:8px\"><a href=\"\/ai-vs-traditional-resume-builder\/\">IA vs Cr\u00e9ateur de CV traditionnel<\/a><\/li>\n<li style=\"margin-bottom:8px\"><a href=\"\/ai-resume-optimization-before-and-after-examples\/\">Optimisation de CV IA\u00a0: exemples avant\/apr\u00e8s<\/a><\/li>\n<li style=\"margin-bottom:8px\"><a href=\"\/free-ai-resume-builder-tools-top-10-reviewed\/\">Outils gratuits de cr\u00e9ateur de CV IA\u00a0: Top 10 test\u00e9s<\/a><\/li>\n<\/ul>\n<\/div>\n<p><!-- stylingcv-hub-links --><\/p>\n<div class=\"stylingcv-related-resources\" style=\"margin-top:30px;padding:20px;background:#f8f9fa;border-left:4px solid #1abc9c;border-radius:4px;\">\n<h3 style=\"margin-top:0;color:#2c3e50;\">D\u00e9couvrez plus de ressources<\/h3>\n<ul style=\"list-style:none;padding:0;\">\n<li><a href=\"https:\/\/stylingcv.com\/ai-tools-tech\/\">Outils &amp; Tech IA<\/a> &mdash; Votre guide complet<\/li>\n<li><a href=\"https:\/\/stylingcv.com\/ai-resume-builder-pricing-free-vs-paid-options\/\">Tarifs des cr\u00e9ateurs de CV IA\u00a0: Gratuit vs Payant<\/a><\/li>\n<li><a href=\"https:\/\/stylingcv.com\/stylingcv-vs-teal\/\">StylingCV vs Teal\u00a0: Comparaison compl\u00e8te 2026<\/a><\/li>\n<li><a href=\"https:\/\/stylingcv.com\/stylingcv-vs-rezi\/\">StylingCV vs Rezi\u00a0: Quel optimiseur ATS gagne\u00a0?<\/a><\/li>\n<\/ul>\n<p style=\"margin-bottom:0;font-size:14px;color:#7f8c8d;\">Pas seulement un cr\u00e9ateur de CV \u2014 un cr\u00e9ateur intelligent qui r\u00e9fl\u00e9chit. <a href=\"https:\/\/stylingcv.com\/resume-builder\/\" style=\"color:#1abc9c;font-weight:bold;\">Cr\u00e9ez votre CV en moins de 2 minutes &rarr;<\/a><\/p>\n<\/div>\n<p><!-- \/stylingcv-hub-links --><\/p>\n<style>.entry-content a[href*=\"ai.stylingcv.com\"]:not(.scv-exit-cta){transition:transform 0.2s ease,box-shadow 0.2s ease}.entry-content a[href*=\"ai.stylingcv.com\"]:not(.scv-exit-cta):hover{transform:translateY(-2px);box-shadow:0 4px 12px rgba(38,133,153,0.25)}<\/style>","protected":false},"excerpt":{"rendered":"<p>Guide expert sur StylingCV vs Bayt CV Builder. Conseils pratiques, mod\u00e8les et exemples pour booster votre recherche d&#8217;emploi et votre carri\u00e8re en 2026.<\/p>\n","protected":false},"author":0,"featured_media":0,"parent":597,"menu_order":0,"comment_status":"closed","ping_status":"closed","template":"","meta":{"footnotes":""},"class_list":["post-494","page","type-page","status-publish","hentry"," c-blog-1-item  nt-post-class"],"yoast_head":"<!-- This site is optimized with the Yoast SEO Premium plugin v26.5 (Yoast SEO v26.5) - https:\/\/yoast.com\/wordpress\/plugins\/seo\/ -->\n<title>StylingCV vs Bayt CV Builder : Comparaison d\u00e9taill\u00e9e |<\/title>\n<meta name=\"description\" content=\"Guide expert sur StylingCV vs Bayt CV Builder. Conseils, mod\u00e8les et exemples pour booster votre recherche d&#039;emploi et votre carri\u00e8re en 2026.\" \/>\n<meta name=\"robots\" content=\"index, follow, max-snippet:-1, max-image-preview:large, max-video-preview:-1\" \/>\n<link rel=\"canonical\" href=\"https:\/\/stylingcv.com\/fr\/compare\/vs-bayt\/\" \/>\n<meta property=\"og:locale\" content=\"en_US\" \/>\n<meta property=\"og:type\" content=\"article\" \/>\n<meta property=\"og:title\" content=\"StylingCV vs Bayt\u00a0: Comparaison d\u00e9taill\u00e9e des cr\u00e9ateurs de CV\" \/>\n<meta property=\"og:description\" content=\"Guide expert sur StylingCV vs Bayt CV Builder. Conseils, mod\u00e8les et exemples pour booster votre recherche d&#039;emploi et votre carri\u00e8re en 2026.\" \/>\n<meta property=\"og:url\" content=\"https:\/\/stylingcv.com\/fr\/compare\/vs-bayt\/\" \/>\n<meta property=\"og:site_name\" content=\"StylingCV - Fran\u00e7ais\" \/>\n<meta name=\"twitter:card\" content=\"summary_large_image\" \/>\n<meta name=\"twitter:label1\" content=\"Est. reading time\" \/>\n\t<meta name=\"twitter:data1\" content=\"3 minutes\" \/>\n<script type=\"application\/ld+json\" class=\"yoast-schema-graph\">{\"@context\":\"https:\/\/schema.org\",\"@graph\":[{\"@type\":\"WebPage\",\"@id\":\"https:\/\/wp.stylingcv.com\/fr\/compare\/vs-bayt\/\",\"url\":\"https:\/\/wp.stylingcv.com\/fr\/compare\/vs-bayt\/\",\"name\":\"StylingCV vs Bayt CV Builder : Comparaison d\u00e9taill\u00e9e |\",\"isPartOf\":{\"@id\":\"https:\/\/wp.stylingcv.com\/fr\/#website\"},\"datePublished\":\"2025-12-14T14:06:30+00:00\",\"description\":\"Guide expert sur StylingCV vs Bayt CV Builder. Conseils, mod\u00e8les et exemples pour booster votre recherche d'emploi et votre carri\u00e8re en 2026.\",\"breadcrumb\":{\"@id\":\"https:\/\/wp.stylingcv.com\/fr\/compare\/vs-bayt\/#breadcrumb\"},\"inLanguage\":\"en-US\",\"potentialAction\":[{\"@type\":\"ReadAction\",\"target\":[\"https:\/\/wp.stylingcv.com\/fr\/compare\/vs-bayt\/\"]}]},{\"@type\":\"BreadcrumbList\",\"@id\":\"https:\/\/wp.stylingcv.com\/fr\/compare\/vs-bayt\/#breadcrumb\",\"itemListElement\":[{\"@type\":\"ListItem\",\"position\":1,\"name\":\"Home\",\"item\":\"https:\/\/wp.stylingcv.com\/fr\/\"},{\"@type\":\"ListItem\",\"position\":2,\"name\":\"Comparatif des cr\u00e9ateurs de CV : Trouvez votre outil id\u00e9al (2026)\",\"item\":\"https:\/\/wp.stylingcv.com\/fr\/compare\/\"},{\"@type\":\"ListItem\",\"position\":3,\"name\":\"StylingCV vs Bayt\u00a0: Comparaison d\u00e9taill\u00e9e des cr\u00e9ateurs de CV\"}]},{\"@type\":\"WebSite\",\"@id\":\"https:\/\/wp.stylingcv.com\/fr\/#website\",\"url\":\"https:\/\/wp.stylingcv.com\/fr\/\",\"name\":\"StylingCV - Fran\u00e7ais\",\"description\":\"\",\"potentialAction\":[{\"@type\":\"SearchAction\",\"target\":{\"@type\":\"EntryPoint\",\"urlTemplate\":\"https:\/\/wp.stylingcv.com\/fr\/?s={search_term_string}\"},\"query-input\":{\"@type\":\"PropertyValueSpecification\",\"valueRequired\":true,\"valueName\":\"search_term_string\"}}],\"inLanguage\":\"en-US\"}]}<\/script>\n<!-- \/ Yoast SEO Premium plugin. -->","yoast_head_json":{"title":"StylingCV vs Bayt CV Builder : Comparaison d\u00e9taill\u00e9e |","description":"Guide expert sur StylingCV vs Bayt CV Builder. Conseils, mod\u00e8les et exemples pour booster votre recherche d'emploi et votre carri\u00e8re en 2026.","robots":{"index":"index","follow":"follow","max-snippet":"max-snippet:-1","max-image-preview":"max-image-preview:large","max-video-preview":"max-video-preview:-1"},"canonical":"https:\/\/stylingcv.com\/fr\/compare\/vs-bayt\/","og_locale":"en_US","og_type":"article","og_title":"StylingCV vs Bayt\u00a0: Comparaison d\u00e9taill\u00e9e des cr\u00e9ateurs de CV","og_description":"Guide expert sur StylingCV vs Bayt CV Builder. Conseils, mod\u00e8les et exemples pour booster votre recherche d'emploi et votre carri\u00e8re en 2026.","og_url":"https:\/\/stylingcv.com\/fr\/compare\/vs-bayt\/","og_site_name":"StylingCV - Fran\u00e7ais","twitter_card":"summary_large_image","twitter_misc":{"Est. reading time":"3 minutes"},"schema":{"@context":"https:\/\/schema.org","@graph":[{"@type":"WebPage","@id":"https:\/\/wp.stylingcv.com\/fr\/compare\/vs-bayt\/","url":"https:\/\/wp.stylingcv.com\/fr\/compare\/vs-bayt\/","name":"StylingCV vs Bayt CV Builder : Comparaison d\u00e9taill\u00e9e |","isPartOf":{"@id":"https:\/\/wp.stylingcv.com\/fr\/#website"},"datePublished":"2025-12-14T14:06:30+00:00","description":"Guide expert sur StylingCV vs Bayt CV Builder. Conseils, mod\u00e8les et exemples pour booster votre recherche d'emploi et votre carri\u00e8re en 2026.","breadcrumb":{"@id":"https:\/\/wp.stylingcv.com\/fr\/compare\/vs-bayt\/#breadcrumb"},"inLanguage":"en-US","potentialAction":[{"@type":"ReadAction","target":["https:\/\/wp.stylingcv.com\/fr\/compare\/vs-bayt\/"]}]},{"@type":"BreadcrumbList","@id":"https:\/\/wp.stylingcv.com\/fr\/compare\/vs-bayt\/#breadcrumb","itemListElement":[{"@type":"ListItem","position":1,"name":"Home","item":"https:\/\/wp.stylingcv.com\/fr\/"},{"@type":"ListItem","position":2,"name":"Comparatif des cr\u00e9ateurs de CV : Trouvez votre outil id\u00e9al (2026)","item":"https:\/\/wp.stylingcv.com\/fr\/compare\/"},{"@type":"ListItem","position":3,"name":"StylingCV vs Bayt\u00a0: Comparaison d\u00e9taill\u00e9e des cr\u00e9ateurs de CV"}]},{"@type":"WebSite","@id":"https:\/\/wp.stylingcv.com\/fr\/#website","url":"https:\/\/wp.stylingcv.com\/fr\/","name":"StylingCV - Fran\u00e7ais","description":"","potentialAction":[{"@type":"SearchAction","target":{"@type":"EntryPoint","urlTemplate":"https:\/\/wp.stylingcv.com\/fr\/?s={search_term_string}"},"query-input":{"@type":"PropertyValueSpecification","valueRequired":true,"valueName":"search_term_string"}}],"inLanguage":"en-US"}]}},"_links":{"self":[{"href":"https:\/\/wp.stylingcv.com\/fr\/wp-json\/wp\/v2\/pages\/494","targetHints":{"allow":["GET"]}}],"collection":[{"href":"https:\/\/wp.stylingcv.com\/fr\/wp-json\/wp\/v2\/pages"}],"about":[{"href":"https:\/\/wp.stylingcv.com\/fr\/wp-json\/wp\/v2\/types\/page"}],"replies":[{"embeddable":true,"href":"https:\/\/wp.stylingcv.com\/fr\/wp-json\/wp\/v2\/comments?post=494"}],"version-history":[{"count":0,"href":"https:\/\/wp.stylingcv.com\/fr\/wp-json\/wp\/v2\/pages\/494\/revisions"}],"up":[{"embeddable":true,"href":"https:\/\/wp.stylingcv.com\/fr\/wp-json\/wp\/v2\/pages\/597"}],"wp:attachment":[{"href":"https:\/\/wp.stylingcv.com\/fr\/wp-json\/wp\/v2\/media?parent=494"}],"curies":[{"name":"wp","href":"https:\/\/api.w.org\/{rel}","templated":true}]}}