{"id":493,"date":"2025-12-14T14:06:22","date_gmt":"2025-12-14T14:06:22","guid":{"rendered":"https:\/\/stylingcv.com\/fr\/stylingcv-vs-cvgulf-createur-cv-gcc\/"},"modified":"2025-12-14T14:06:22","modified_gmt":"2025-12-14T14:06:22","slug":"vs-cvgulf","status":"publish","type":"page","link":"https:\/\/wp.stylingcv.com\/fr\/compare\/vs-cvgulf\/","title":{"rendered":"StylingCV vs CVGulf : Quel est le meilleur cr\u00e9ateur de CV GCC ?"},"content":{"rendered":"<h1>StylingCV vs CVGulf : Quel cr\u00e9ateur de CV GCC l&#8217;emporte ?<\/h1>\n<p>StylingCV et CVGulf ciblent tous deux le march\u00e9 de l&#8217;emploi dans la r\u00e9gion du Golfe. Comparez leurs fonctionnalit\u00e9s, mod\u00e8les et rapport qualit\u00e9-prix pour trouver le meilleur cr\u00e9ateur de CV pour les emplois dans le GCC.<\/p>\n<h2>Comparaison de la sp\u00e9cialisation r\u00e9gionale<\/h2>\n<p><!-- StylingCV GCC CTA - Auto Inserted --><\/p>\n<div class=\"stylingcv-cta-inline\" style=\"background: #f0f4ff;border-left: 4px solid #1e3c72;padding: 20px;margin: 24px 0;border-radius: 0 8px 8px 0\">\n    <strong style=\"color: #1a1a2e\">\ud83c\udf0d Vous cherchez un emploi dans le GCC ?<\/strong> <a href=\"https:\/\/ai.stylingcv.com\/ai-generator?utm_source=blog&amp;utm_medium=cta&amp;utm_campaign=gcc_inline\" target=\"_blank\" rel=\"noopener\" style=\"color: #1e3c72;text-decoration: none;font-weight: 500\">Cr\u00e9ez un CV adapt\u00e9 pour l&#8217;Arabie Saoudite, les \u00c9mirats &amp; les march\u00e9s du Golfe<\/a> avec StylingCV.<\/p>\n<div class=\"cta-gradient\" style=\"background:linear-gradient(135deg,#667eea 0%,#764ba2 100%);padding:30px;border-radius:12px;margin:30px 0;text-align:center;color:#fff\">\n<h3 style=\"color:#fff;margin:0 0 15px;font-size:24px\">\ud83d\ude80 Arr\u00eatez de faire des erreurs sur votre CV<\/h3>\n<p style=\"font-size:16px;margin:0 0 20px;line-height:1.6\">Cr\u00e9ez votre CV professionnel compatible ATS en 5 minutes. Rejoignez plus de 6 millions d&#8217;utilisateurs !<\/p>\n<p><a href=\"https:\/\/ai.stylingcv.com?utm_source=stylingcv&utm_medium=website&utm_campaign=cta&utm_content=vs-cvgulf\" style=\"background:#fff;color:#268599;padding:15px 40px;border-radius:50px;text-decoration:none;font-weight:bold;font-size:18px\">Commencer gratuitement \u2728<\/a><\/div>\n<\/div>\n<p>StylingCV propose des fonctionnalit\u00e9s avanc\u00e9es d&#8217;IA sp\u00e9cialement entra\u00een\u00e9es sur les march\u00e9s de l&#8217;emploi du GCC, les exigences de la Vision 2030 et les pratiques de recrutement r\u00e9gionales.<\/p>\n<div class=\"cta-box cta-primary\" style=\"background: linear-gradient(135deg, #667eea 0%, #764ba2 100%);padding: 30px;border-radius: 12px;margin: 40px 0;text-align: center;color: white\">\n<h3 style=\"color: white;margin-bottom: 15px;font-size: 24px\">\u2728 Arr\u00eatez de faire des erreurs sur votre CV<\/h3>\n<p style=\"font-size: 16px;margin-bottom: 20px;opacity: 0.95\">Cr\u00e9ez un CV professionnel et compatible ATS en quelques minutes gr\u00e2ce \u00e0 notre g\u00e9n\u00e9rateur aliment\u00e9 par l&#8217;IA. Aucune comp\u00e9tence en design requise.<\/p>\n<p><a href=\"https:\/\/ai.stylingcv.com\/ai-generatorbuilder?utm_source=stylingcv&utm_medium=website&utm_campaign=cta&utm_content=vs-cvgulf\" class=\"cta-button\" style=\"background: white;color: #268599;padding: 15px 40px;border-radius: 8px;text-decoration: none;font-weight: 600;font-size: 16px\">Cr\u00e9ez votre CV maintenant &#8211; Gratuit<\/a><\/p>\n<div class=\"stylingcv-contextual-cta\" style=\"background:linear-gradient(135deg,#667eea 0%,#764ba2 100%);padding:30px;border-radius:12px;margin:30px 0;text-align:center;color:#fff\">\n<h3 style=\"color:#fff;margin:0 0 15px;font-size:22px;font-weight:600\">\ud83d\udcc4 Choisissez parmi plus de 39 mod\u00e8les professionnels<\/h3>\n<p style=\"font-size:15px;margin:0 0 20px;line-height:1.6;opacity:0.95\">Trouvez le mod\u00e8le parfait pour votre secteur et votre niveau d&#8217;exp\u00e9rience.<\/p>\n<p>    <a href=\"https:\/\/ai.stylingcv.com\/ai-generatortemplates?utm_source=stylingcv&utm_medium=website&utm_campaign=cta&utm_content=vs-cvgulf\" style=\"background:#fff;color:#268599;padding:14px 35px;border-radius:50px;text-decoration:none;font-weight:bold;font-size:16px\">Voir les mod\u00e8les \u2192<\/a>\n<\/div>\n<\/div>\n<h2>Principales diff\u00e9rences<\/h2>\n<ul>\n<li><strong>Technologie IA :<\/strong> StylingCV utilise une IA avanc\u00e9e ; CVGulf propose des mod\u00e8les traditionnels<\/li>\n<li><strong>Optimisation ATS :<\/strong> StylingCV garantit la compatibilit\u00e9 ATS<\/li>\n<li><strong>Vari\u00e9t\u00e9 de mod\u00e8les :<\/strong> StylingCV propose des designs plus modernes et professionnels<\/li>\n<\/ul>\n<p><a href=\"\/resume-builder\/\">Essayez StylingCV gratuitement<\/a><\/p>\n<h2>Ressources associ\u00e9es<\/p>\n<div class=\"cta-tip\" style=\"background:#f8f9fa;border-left:4px solid #667eea;padding:20px;margin:25px 0;border-radius:8px\">\n<p style=\"margin:0;font-size:16px;color:#333\"><strong>\ud83d\udca1 Astuce :<\/strong> \u00c9vitez les soucis de mise en page ! <a href=\"https:\/\/ai.stylingcv.com?utm_source=stylingcv&utm_medium=website&utm_campaign=cta&utm_content=vs-cvgulf\" style=\"color:#268599;font-weight:bold;text-decoration:underline\">Utilisez notre g\u00e9n\u00e9rateur de CV IA<\/a> et cr\u00e9ez un CV professionnel en quelques minutes.<\/p>\n<\/div>\n<\/h2>\n<ul>\n<li><a href=\"\/compare\/\">\u2190 Retour aux comparatifs<\/a><\/li>\n<li><a href=\"\/ai-resume\/\">G\u00e9n\u00e9rateur de CV IA<\/a><\/li>\n<li><a href=\"\/resume-builder\/\">Essayez le cr\u00e9ateur de CV StylingCV<\/a><\/li>\n<li><a href=\"\/resume-templates\/\">Voir les mod\u00e8les<\/a><\/li>\n<\/ul>\n<p><!-- StylingCV GCC CTA - Auto Inserted --><\/p>\n<div class=\"stylingcv-cta stylingcv-cta-gcc\" style=\"background: linear-gradient(135deg, #1e3c72 0%, #2a5298 100%);border-radius: 12px;padding: 32px;margin: 32px 0;text-align: center\">\n<h3 style=\"color: #fff;margin: 0 0 12px;font-size: 24px;font-weight: 600\">Cr\u00e9ez votre CV pr\u00eat pour le GCC<\/h3>\n<p style=\"margin: 0 0 20px;font-size: 16px\">Adapt\u00e9 au march\u00e9 de l&#8217;emploi en Arabie Saoudite, aux \u00c9mirats, au Kowe\u00eft &amp; dans la r\u00e9gion du Golfe.<\/p>\n<div class=\"cta-box cta-secondary\" style=\"border: 2px solid #667eea;padding: 25px;border-radius: 10px;margin: 40px 0;text-align: center\">\n<h4 style=\"color: #268599;margin-bottom: 10px;font-size: 20px\">\u26a1 Pr\u00eat \u00e0 cr\u00e9er votre CV professionnel ?<\/p>\n<div class=\"stylingcv-contextual-cta\" style=\"background:#fff;border:3px solid #667eea;padding:28px;border-radius:12px;margin:30px 0;text-align:center\">\n<h3 style=\"color:#268599;margin:0 0 12px;font-size:21px;font-weight:600\">\ud83c\udfa8 Un design professionnel compte<\/h3>\n<p style=\"font-size:15px;margin:0 0 18px;color:#4a5568;line-height:1.6\">Choisissez parmi des mod\u00e8les compatibles ATS qui sont \u00e9l\u00e9gants et efficaces.<\/p>\n<p>    <a href=\"https:\/\/ai.stylingcv.com?utm_source=stylingcv&utm_medium=website&utm_campaign=cta&utm_content=vs-cvgulf\" style=\"background:linear-gradient(135deg, #268599 0%, #618480 50%, #e8885e 100%);color:#fff;padding:13px 32px;border-radius:8px;text-decoration:none;font-weight:600;font-size:15px\">Voir la biblioth\u00e8que de mod\u00e8les<\/a>\n<\/div>\n<\/h4>\n<p style=\"margin-bottom: 20px;color: #4a5568\">Rejoignez plus de 6 millions d&#8217;utilisateurs qui ont cr\u00e9\u00e9 un CV gagnant avec StylingCV<\/p>\n<p><a href=\"https:\/\/ai.stylingcv.com\/ai-generatorbuilder?utm_source=stylingcv&utm_medium=website&utm_campaign=cta&utm_content=vs-cvgulf\" class=\"cta-button\" style=\"background: linear-gradient(135deg, #268599 0%, #618480 50%, #e8885e 100%);color: white;padding: 12px 35px;border-radius: 8px;text-decoration: none;font-weight: 600\">Commencer &#8211; C&#8217;est gratuit<\/a>\n<\/div>\n<p>    <a href=\"https:\/\/ai.stylingcv.com\/ai-generator?utm_source=blog&amp;utm_medium=cta&amp;utm_campaign=gcc_bottom\" target=\"_blank\" rel=\"noopener\" style=\"background: #fff;color: #1e3c72;padding: 14px 32px;border-radius: 8px;text-decoration: none;font-weight: 600;font-size: 16px\">Cr\u00e9er un CV GCC \u2192<\/a>\n<\/div>\n<div class=\"cta-box cta-final\" style=\"background: #f7fafc;border-left: 4px solid #667eea;padding: 30px;margin: 40px 0\">\n<h4 style=\"color: #2d3748;margin-bottom: 15px;font-size: 22px\">\ud83d\udcdd Cr\u00e9ez votre CV en 5 minutes<\/p>\n<div class=\"cta-action\" style=\"background:#fff;border:3px solid #667eea;padding:30px;border-radius:12px;margin:30px 0;text-align:center\">\n<h3 style=\"color:#268599;margin:0 0 15px;font-size:22px\">\u26a1 Cr\u00e9ez votre CV gagnant maintenant<\/h3>\n<p style=\"font-size:15px;margin:0 0 20px;color:#666\">Mod\u00e8les professionnels + optimisation ATS + assistance IA = Votre emploi de r\u00eave !<\/p>\n<p><a href=\"https:\/\/ai.stylingcv.com?utm_source=stylingcv&utm_medium=website&utm_campaign=cta&utm_content=vs-cvgulf\" style=\"background:linear-gradient(135deg, #268599 0%, #618480 50%, #e8885e 100%);color:#fff;padding:15px 40px;border-radius:50px;text-decoration:none;font-weight:bold\">Commencer gratuitement \u2192<\/a><\/div>\n<\/h4>\n<p style=\"margin-bottom: 20px;color: #4a5568;line-height: 1.6\">Ne laissez pas un CV mal format\u00e9 freiner votre carri\u00e8re. Utilisez notre g\u00e9n\u00e9rateur intelligent pour cr\u00e9er un CV professionnel qui passe les syst\u00e8mes ATS et impressionne les recruteurs.<\/p>\n<p><a href=\"https:\/\/ai.stylingcv.com\/ai-generatorbuilder?utm_source=stylingcv&utm_medium=website&utm_campaign=cta&utm_content=vs-cvgulf\" class=\"cta-button\" style=\"background: linear-gradient(135deg, #268599 0%, #618480 50%, #e8885e 100%);color: white;padding: 14px 35px;border-radius: 8px;text-decoration: none;font-weight: 600;margin-right: 15px\">Cr\u00e9er mon CV<\/a><br \/>\n<a href=\"https:\/\/stylingcv.com\/resume-examples\/\" class=\"cta-button-secondary\" style=\"border: 2px solid #667eea;color: #268599;padding: 12px 35px;border-radius: 8px;text-decoration: none;font-weight: 600\">Voir des exemples<\/a>\n<\/div>\n<div class=\"stylingcv-contextual-cta\" style=\"background:#f7fafc;border-left:4px solid #667eea;padding:20px;margin:25px 0;border-radius:8px\">\n<p style=\"margin:0;font-size:15px;color:#2d3748\">\n        <strong style=\"color:#268599\">\u2728 Trouvez le mod\u00e8le parfait<\/strong><br \/>\n        Des designs modernes et \u00e9pur\u00e9s qui vous aident \u00e0 vous d\u00e9marquer tout en restant professionnel. <a href=\"https:\/\/ai.stylingcv.com\/ai-generatortemplates?utm_source=stylingcv&utm_medium=website&utm_campaign=cta&utm_content=vs-cvgulf\" style=\"color:#268599;font-weight:600;text-decoration:underline\">Explorer les mod\u00e8les<\/a>\n    <\/p>\n<p>\ud83d\udc49 <a href=\"https:\/\/stylingcv.com\/gcc-guide\/\">Guide CV pour le Golfe<\/a><\/p>\n<p>\ud83d\udc49 <a href=\"https:\/\/stylingcv.com\/pricing\/\">plans tarifaires<\/a><\/p>\n<p>\ud83d\udc49 <a href=\"https:\/\/stylingcv.com\/11-ai-agents-story\/\">Les 11 agents IA de StylingCV<\/a><\/p>\n<p>\ud83d\udc49 <a href=\"https:\/\/stylingcv.com\/guides\/\">apprendre \u00e0 r\u00e9diger un CV<\/a><\/p>\n<p><strong>\ud83d\udca1 Astuce pro :<\/strong> StylingCV n&#8217;est pas qu&#8217;un cr\u00e9ateur de CV \u2014 c&#8217;est un g\u00e9n\u00e9rateur intelligent qui r\u00e9fl\u00e9chit. <a href=\"https:\/\/stylingcv.com\/resume-builder\/\">StylingCV g\u00e9n\u00e9rateur IA intelligent<\/a> en moins de 2 minutes.<\/p>\n<\/div>\n<p><!-- stylingcv-hub-links --><\/p>\n<div class=\"stylingcv-related-resources\" style=\"margin-top:30px;padding:20px;background:#f8f9fa;border-left:4px solid #1abc9c;border-radius:4px;\">\n<h3 style=\"margin-top:0;color:#2c3e50;\">D\u00e9couvrez plus de ressources<\/h3>\n<ul style=\"list-style:none;padding:0;\">\n<li><a href=\"https:\/\/stylingcv.com\/ai-tools-tech\/\">Outils et technologies IA<\/a> &mdash; Votre guide complet<\/li>\n<li><a href=\"https:\/\/stylingcv.com\/chatgpt-for-resume-writing-complete-guide\/\">ChatGPT pour la r\u00e9daction de CV : Guide complet<\/a><\/li>\n<li><a href=\"https:\/\/stylingcv.com\/unleash-your-achievements-boost-your-career-with-ai-resume-builders\/\">Lib\u00e9rez vos r\u00e9ussites : Boostez votre carri\u00e8re avec l&#8217;IA<\/a><\/li>\n<li><a href=\"https:\/\/stylingcv.com\/top-cv-builders-compared-by-industry\/\">Comparatif des meilleurs cr\u00e9ateurs de CV par secteur<\/a><\/li>\n<\/ul>\n<p style=\"margin-bottom:0;font-size:14px;color:#7f8c8d;\">Pas seulement un cr\u00e9ateur de CV &mdash; un g\u00e9n\u00e9rateur IA intelligent qui r\u00e9fl\u00e9chit. <a href=\"https:\/\/stylingcv.com\/resume-builder\/\" style=\"color:#1abc9c;font-weight:bold;\">Cr\u00e9ez votre CV en moins de 2 minutes &rarr;<\/a><\/p>\n<\/div>\n<p><!-- \/stylingcv-hub-links --><\/p>\n<style>.entry-content a[href*=\"ai.stylingcv.com\"]:not(.scv-exit-cta){transition:transform 0.2s ease,box-shadow 0.2s ease}.entry-content a[href*=\"ai.stylingcv.com\"]:not(.scv-exit-cta):hover{transform:translateY(-2px);box-shadow:0 4px 12px rgba(38,133,153,0.25)}<\/style>","protected":false},"excerpt":{"rendered":"<p>Guide expert sur StylingCV vs CVGulf. Conseils pratiques, mod\u00e8les et exemples pour booster votre recherche d&#8217;emploi et votre carri\u00e8re en 2026.<\/p>\n","protected":false},"author":0,"featured_media":0,"parent":597,"menu_order":0,"comment_status":"closed","ping_status":"closed","template":"","meta":{"footnotes":""},"class_list":["post-493","page","type-page","status-publish","hentry"," c-blog-1-item  nt-post-class"],"yoast_head":"<!-- This site is optimized with the Yoast SEO Premium plugin v26.5 (Yoast SEO v26.5) - https:\/\/yoast.com\/wordpress\/plugins\/seo\/ -->\n<title>StylingCV vs CVGulf : Meilleur cr\u00e9ateur de CV GCC |<\/title>\n<meta name=\"description\" content=\"Guide expert sur StylingCV vs CVGulf. Conseils, mod\u00e8les et exemples pour booster votre recherche d&#039;emploi et votre carri\u00e8re en 2026.\" \/>\n<meta name=\"robots\" content=\"index, follow, max-snippet:-1, max-image-preview:large, max-video-preview:-1\" \/>\n<link rel=\"canonical\" href=\"https:\/\/stylingcv.com\/fr\/compare\/vs-cvgulf\/\" \/>\n<meta property=\"og:locale\" content=\"en_US\" \/>\n<meta property=\"og:type\" content=\"article\" \/>\n<meta property=\"og:title\" content=\"StylingCV vs CVGulf : Quel est le meilleur cr\u00e9ateur de CV GCC ?\" \/>\n<meta property=\"og:description\" content=\"Guide expert sur StylingCV vs CVGulf. Conseils, mod\u00e8les et exemples pour booster votre recherche d&#039;emploi et votre carri\u00e8re en 2026.\" \/>\n<meta property=\"og:url\" content=\"https:\/\/stylingcv.com\/fr\/compare\/vs-cvgulf\/\" \/>\n<meta property=\"og:site_name\" content=\"StylingCV - Fran\u00e7ais\" \/>\n<meta name=\"twitter:card\" content=\"summary_large_image\" \/>\n<meta name=\"twitter:label1\" content=\"Est. reading time\" \/>\n\t<meta name=\"twitter:data1\" content=\"3 minutes\" \/>\n<script type=\"application\/ld+json\" class=\"yoast-schema-graph\">{\"@context\":\"https:\/\/schema.org\",\"@graph\":[{\"@type\":\"WebPage\",\"@id\":\"https:\/\/wp.stylingcv.com\/fr\/compare\/vs-cvgulf\/\",\"url\":\"https:\/\/wp.stylingcv.com\/fr\/compare\/vs-cvgulf\/\",\"name\":\"StylingCV vs CVGulf : Meilleur cr\u00e9ateur de CV GCC |\",\"isPartOf\":{\"@id\":\"https:\/\/wp.stylingcv.com\/fr\/#website\"},\"datePublished\":\"2025-12-14T14:06:22+00:00\",\"description\":\"Guide expert sur StylingCV vs CVGulf. Conseils, mod\u00e8les et exemples pour booster votre recherche d'emploi et votre carri\u00e8re en 2026.\",\"breadcrumb\":{\"@id\":\"https:\/\/wp.stylingcv.com\/fr\/compare\/vs-cvgulf\/#breadcrumb\"},\"inLanguage\":\"en-US\",\"potentialAction\":[{\"@type\":\"ReadAction\",\"target\":[\"https:\/\/wp.stylingcv.com\/fr\/compare\/vs-cvgulf\/\"]}]},{\"@type\":\"BreadcrumbList\",\"@id\":\"https:\/\/wp.stylingcv.com\/fr\/compare\/vs-cvgulf\/#breadcrumb\",\"itemListElement\":[{\"@type\":\"ListItem\",\"position\":1,\"name\":\"Home\",\"item\":\"https:\/\/wp.stylingcv.com\/fr\/\"},{\"@type\":\"ListItem\",\"position\":2,\"name\":\"Comparatif des cr\u00e9ateurs de CV : Trouvez votre outil id\u00e9al (2026)\",\"item\":\"https:\/\/wp.stylingcv.com\/fr\/compare\/\"},{\"@type\":\"ListItem\",\"position\":3,\"name\":\"StylingCV vs CVGulf : Quel est le meilleur cr\u00e9ateur de CV GCC ?\"}]},{\"@type\":\"WebSite\",\"@id\":\"https:\/\/wp.stylingcv.com\/fr\/#website\",\"url\":\"https:\/\/wp.stylingcv.com\/fr\/\",\"name\":\"StylingCV - Fran\u00e7ais\",\"description\":\"\",\"potentialAction\":[{\"@type\":\"SearchAction\",\"target\":{\"@type\":\"EntryPoint\",\"urlTemplate\":\"https:\/\/wp.stylingcv.com\/fr\/?s={search_term_string}\"},\"query-input\":{\"@type\":\"PropertyValueSpecification\",\"valueRequired\":true,\"valueName\":\"search_term_string\"}}],\"inLanguage\":\"en-US\"}]}<\/script>\n<!-- \/ Yoast SEO Premium plugin. -->","yoast_head_json":{"title":"StylingCV vs CVGulf : Meilleur cr\u00e9ateur de CV GCC |","description":"Guide expert sur StylingCV vs CVGulf. Conseils, mod\u00e8les et exemples pour booster votre recherche d'emploi et votre carri\u00e8re en 2026.","robots":{"index":"index","follow":"follow","max-snippet":"max-snippet:-1","max-image-preview":"max-image-preview:large","max-video-preview":"max-video-preview:-1"},"canonical":"https:\/\/stylingcv.com\/fr\/compare\/vs-cvgulf\/","og_locale":"en_US","og_type":"article","og_title":"StylingCV vs CVGulf : Quel est le meilleur cr\u00e9ateur de CV GCC ?","og_description":"Guide expert sur StylingCV vs CVGulf. Conseils, mod\u00e8les et exemples pour booster votre recherche d'emploi et votre carri\u00e8re en 2026.","og_url":"https:\/\/stylingcv.com\/fr\/compare\/vs-cvgulf\/","og_site_name":"StylingCV - Fran\u00e7ais","twitter_card":"summary_large_image","twitter_misc":{"Est. reading time":"3 minutes"},"schema":{"@context":"https:\/\/schema.org","@graph":[{"@type":"WebPage","@id":"https:\/\/wp.stylingcv.com\/fr\/compare\/vs-cvgulf\/","url":"https:\/\/wp.stylingcv.com\/fr\/compare\/vs-cvgulf\/","name":"StylingCV vs CVGulf : Meilleur cr\u00e9ateur de CV GCC |","isPartOf":{"@id":"https:\/\/wp.stylingcv.com\/fr\/#website"},"datePublished":"2025-12-14T14:06:22+00:00","description":"Guide expert sur StylingCV vs CVGulf. Conseils, mod\u00e8les et exemples pour booster votre recherche d'emploi et votre carri\u00e8re en 2026.","breadcrumb":{"@id":"https:\/\/wp.stylingcv.com\/fr\/compare\/vs-cvgulf\/#breadcrumb"},"inLanguage":"en-US","potentialAction":[{"@type":"ReadAction","target":["https:\/\/wp.stylingcv.com\/fr\/compare\/vs-cvgulf\/"]}]},{"@type":"BreadcrumbList","@id":"https:\/\/wp.stylingcv.com\/fr\/compare\/vs-cvgulf\/#breadcrumb","itemListElement":[{"@type":"ListItem","position":1,"name":"Home","item":"https:\/\/wp.stylingcv.com\/fr\/"},{"@type":"ListItem","position":2,"name":"Comparatif des cr\u00e9ateurs de CV : Trouvez votre outil id\u00e9al (2026)","item":"https:\/\/wp.stylingcv.com\/fr\/compare\/"},{"@type":"ListItem","position":3,"name":"StylingCV vs CVGulf : Quel est le meilleur cr\u00e9ateur de CV GCC ?"}]},{"@type":"WebSite","@id":"https:\/\/wp.stylingcv.com\/fr\/#website","url":"https:\/\/wp.stylingcv.com\/fr\/","name":"StylingCV - Fran\u00e7ais","description":"","potentialAction":[{"@type":"SearchAction","target":{"@type":"EntryPoint","urlTemplate":"https:\/\/wp.stylingcv.com\/fr\/?s={search_term_string}"},"query-input":{"@type":"PropertyValueSpecification","valueRequired":true,"valueName":"search_term_string"}}],"inLanguage":"en-US"}]}},"_links":{"self":[{"href":"https:\/\/wp.stylingcv.com\/fr\/wp-json\/wp\/v2\/pages\/493","targetHints":{"allow":["GET"]}}],"collection":[{"href":"https:\/\/wp.stylingcv.com\/fr\/wp-json\/wp\/v2\/pages"}],"about":[{"href":"https:\/\/wp.stylingcv.com\/fr\/wp-json\/wp\/v2\/types\/page"}],"replies":[{"embeddable":true,"href":"https:\/\/wp.stylingcv.com\/fr\/wp-json\/wp\/v2\/comments?post=493"}],"version-history":[{"count":0,"href":"https:\/\/wp.stylingcv.com\/fr\/wp-json\/wp\/v2\/pages\/493\/revisions"}],"up":[{"embeddable":true,"href":"https:\/\/wp.stylingcv.com\/fr\/wp-json\/wp\/v2\/pages\/597"}],"wp:attachment":[{"href":"https:\/\/wp.stylingcv.com\/fr\/wp-json\/wp\/v2\/media?parent=493"}],"curies":[{"name":"wp","href":"https:\/\/api.w.org\/{rel}","templated":true}]}}