{"id":447,"date":"2025-12-01T10:32:02","date_gmt":"2025-12-01T10:32:02","guid":{"rendered":"https:\/\/stylingcv.com\/fr\/redaction-lettre-motivation\/conseils-redaction-cv-guides-lettre-motivation\/"},"modified":"2025-12-01T10:32:02","modified_gmt":"2025-12-01T10:32:02","slug":"resume-writing-tips-guides-cover-letter-examples-interview-prep-strategies","status":"publish","type":"page","link":"https:\/\/wp.stylingcv.com\/fr\/cover-letter-writing\/resume-writing-tips-guides-cover-letter-examples-interview-prep-strategies\/","title":{"rendered":"Conseils et guides pour la r\u00e9daction de CV &#8211; Exemples de lettres de motivation"},"content":{"rendered":"<div class=\"scv-inline-cta scv-cta-compact\">\n<p class=\"scv-cta-eyebrow\">Vous aimez cet exemple ? Cr\u00e9ez le v\u00f4tre en quelques minutes<\/p>\n<h2>Transformez l&#8217;inspiration en action<\/h2>\n<p>Utilisez notre g\u00e9n\u00e9rateur IA pour cr\u00e9er un CV tout aussi impressionnant \u2014 adapt\u00e9 \u00e0 votre exp\u00e9rience.<\/p>\n<div class=\"scv-cta-buttons\">\n    <a href=\"https:\/\/ai.stylingcv.com?utm_source=stylingcv&utm_medium=website&utm_campaign=cta&utm_content=resume-writing-tips-guides-cover-letter-examples-interview-prep-strategies\" class=\"scv-btn-primary\">Cr\u00e9er mon CV<\/a>\n  <\/div>\n<\/div>\n<h1>Conseils professionnels pour la r\u00e9daction de CV &amp; exemples de lettres de motivation pour votre carri\u00e8re<\/h1>\n<p>nn<\/p>\n<h2>Ma\u00eetrisez l&#8217;art de r\u00e9diger un CV professionnel &amp; r\u00e9ussissez votre carri\u00e8re<\/h2>\n<p>Guides complets sur les meilleures pratiques de r\u00e9daction de CV, exemples de lettres de motivation, strat\u00e9gies de pr\u00e9paration aux entretiens et conseils pour le d\u00e9veloppement de carri\u00e8re. D\u00e9couvrez comment surmonter les p\u00e9riodes d&#8217;inactivit\u00e9, r\u00e9diger des candidatures percutantes et vous d\u00e9marquer sur le march\u00e9 du travail concurrentiel d&#8217;aujourd&#8217;hui.<\/p>\n<div class=\"cta-gradient\" style=\"background:linear-gradient(135deg,#f093fb 0%,#f5576c 100%);padding:30px;border-radius:12px;margin:30px 0;text-align:center;color:#fff\">\n<h3 style=\"color:#fff;margin:0 0 15px;font-size:24px\">\u270d\ufe0f Cr\u00e9ez votre lettre de motivation parfaite<\/h3>\n<p style=\"font-size:16px;margin:0 0 20px;line-height:1.6\">D\u00e9marquez-vous avec une lettre de motivation personnalis\u00e9e qui compl\u00e8te parfaitement votre CV !<\/p>\n<p><a href=\"https:\/\/ai.stylingcv.com?utm_source=stylingcv&utm_medium=website&utm_campaign=cta&utm_content=resume-writing-tips-guides-cover-letter-examples-interview-prep-strategies\" style=\"background:#fff;color:#f5576c;padding:15px 40px;border-radius:50px;text-decoration:none;font-weight:bold;font-size:18px\">Commencer gratuitement \u2192<\/a><\/div>\n<\/p>\n<div class=\"related-hubs\" style=\"background: #f3e5f5;padding: 15px;border-radius: 8px;margin: 20px 0;border-left: 3px solid #9c27b0\">\n<strong>\ud83d\udcc4 Mod\u00e8les &amp; Exemples :<\/strong><br \/>\n<a href=\"\/resume-templates\/\" style=\"margin: 0 10px\">Mod\u00e8les de CV<\/a> |<br \/>\n<a href=\"\/resume-examples\/\" style=\"margin: 0 10px\">Exemples de CV<\/a> |<br \/>\n<a href=\"\/resume-builder\/\" style=\"margin: 0 10px\">Cr\u00e9er votre CV<\/a>\n<\/div>\n<div class=\"related-hubs\" style=\"background: #e8f5e9;padding: 15px;border-radius: 8px;margin: 20px 0;border-left: 3px solid #4caf50\">\n<strong>\ud83c\udfaf Pr\u00e9paration \u00e0 l&#8217;entretien :<\/strong><br \/>\n<a href=\"\/interview-tips\/\" style=\"margin: 0 10px\">Conseils d&#8217;entretien<\/a> |<br \/>\n<a href=\"\/resume-examples\/\" style=\"margin: 0 10px\">Exemples de CV<\/a> |<br \/>\n<a href=\"\/ai-tools-tech\/\" style=\"margin: 0 10px\">Outils IA<\/a>\n<\/div>\n<div class=\"stylingcv-contextual-cta\" style=\"background:linear-gradient(135deg,#667eea 0%,#764ba2 100%);padding:30px;border-radius:12px;margin:30px 0;text-align:center;color:#fff\">\n<h3 style=\"color:#fff;margin:0 0 15px;font-size:22px;font-weight:600\">\u270d\ufe0f Cr\u00e9ez votre lettre de motivation parfaite<\/h3>\n<p style=\"font-size:15px;margin:0 0 20px;line-height:1.6;opacity:0.95\">Compl\u00e9tez votre CV avec une lettre de motivation personnalis\u00e9e qui vous fera remarquer.<\/p>\n<p>    <a href=\"https:\/\/ai.stylingcv.com\/ai-generator\/cover-letter?utm_source=stylingcv&utm_medium=website&utm_campaign=cta&utm_content=resume-writing-tips-guides-cover-letter-examples-interview-prep-strategies\" style=\"background:#fff;color:#268599;padding:14px 35px;border-radius:50px;text-decoration:none;font-weight:bold;font-size:16px\">R\u00e9diger ma lettre de motivation \u2192<\/a>\n<\/div>\n<div class=\"related-hubs\" style=\"background: #fff8e6;padding: 15px;border-radius: 8px;margin: 20px 0;border-left: 3px solid #ffc107\">\n<strong>\u2709\ufe0f Ressources lettre de motivation :<\/strong><br \/>\n<a href=\"\/cover-letter\/\" style=\"margin: 0 10px\">Guide lettre de motivation<\/a> |<br \/>\n<a href=\"\/cover-letter-examples\/\" style=\"margin: 0 10px\">Exemples<\/a> |<br \/>\n<a href=\"\/resume-builder\/\" style=\"margin: 0 10px\">Cr\u00e9ateur de CV<\/a>\n<\/div>\n<h3>Ressources essentielles pour la r\u00e9daction de CV<\/h3>\n<ul>\n<li><a href=\"https:\/\/ai.stylingcv.com\/ai-generator-2\/the-ultimate-guide-how-to-make-a-resume-that-gets-you-hired\/?utm_source=stylingcv&utm_medium=website&utm_campaign=cta&utm_content=resume-writing-tips-guides-cover-letter-examples-interview-prep-strategies\">Le guide ultime : comment cr\u00e9er un CV qui vous fait embaucher<\/a> \u2013 Instructions \u00e9tape par \u00e9tape pour cr\u00e9er des CV gagnants<\/li>\n<li><a href=\"https:\/\/ai.stylingcv.com\/ai-generator-2\/how-to-create-an-ats-friendly-resume-in-10-minutes-quick-guide\/?utm_source=stylingcv&utm_medium=website&utm_campaign=cta&utm_content=resume-writing-tips-guides-cover-letter-examples-interview-prep-strategies\">Comment cr\u00e9er un CV compatible ATS en 10 minutes \u2013 Guide rapide<\/a> \u2013 Acc\u00e9l\u00e9rez votre candidature avec des techniques d&#8217;optimisation ATS<\/li>\n<li><a href=\"https:\/\/stylingcv.com\/a-comprehensive-guide-on-how-to-write-a-winning-resume\/\">Guide complet pour r\u00e9diger un CV gagnant<\/a> \u2013 Strat\u00e9gies d&#8217;experts pour r\u00e9diger des CV professionnels<\/li>\n<li><a href=\"https:\/\/stylingcv.com\/expert-qa-the-ultimate-computer-science-resume-format-and-cv-templates\/\">Cr\u00e9er le CV id\u00e9al en informatique : conseils d&#8217;experts<\/a> \u2013 Conseils sp\u00e9cialis\u00e9s pour les professionnels de l&#8217;informatique<\/li>\n<li><a href=\"https:\/\/stylingcv.com\/resume-writing-tips-guides\/resume-writing-tips-guides-expert-strategies-for-career-success\/\">Conseils &amp; guides pour la r\u00e9daction de CV : strat\u00e9gies d&#8217;experts pour r\u00e9ussir sa carri\u00e8re<\/a> \u2013 Strat\u00e9gies avanc\u00e9es de d\u00e9veloppement de carri\u00e8re<\/li>\n<li><a href=\"https:\/\/stylingcv.com\/vision-2030-saudi-jobs-growthbest-resume-templates-for-government-work-in-saudi-arabia-complete-guide-2026\/\">Meilleurs mod\u00e8les de CV pour travailler dans la fonction publique en Arabie Saoudite<\/a> \u2013 Mod\u00e8les sp\u00e9cialis\u00e9s pour les postes gouvernementaux en Arabie Saoudite<\/li>\n<\/ul>\n<p>D\u00e9couvrez nos ressources compl\u00e8tes pour ma\u00eetriser la r\u00e9daction de CV, la cr\u00e9ation de lettres de motivation et les strat\u00e9gies de pr\u00e9paration aux entretiens qui vous aideront \u00e0 d\u00e9crocher l&#8217;emploi de vos r\u00eaves.<\/p>\n<div class=\"cta-tip\" style=\"background:#fff5f5;border-left:4px solid #f5576c;padding:20px;margin:25px 0;border-radius:8px\">\n<p style=\"margin:0;font-size:16px;color:#333\"><strong>\u2728 Astuce de pro :<\/strong> <a href=\"https:\/\/ai.stylingcv.com?utm_source=stylingcv&utm_medium=website&utm_campaign=cta&utm_content=resume-writing-tips-guides-cover-letter-examples-interview-prep-strategies\" style=\"color:#f5576c;font-weight:bold;text-decoration:underline\">G\u00e9n\u00e9rez votre lettre de motivation<\/a> avec l&#8217;IA et personnalisez-la en quelques minutes &#8211; fini les mod\u00e8les g\u00e9n\u00e9riques !<\/p>\n<\/div>\n<div class=\"stylingcv-cta stylingcv-cta-cover-letter\" style=\"background: linear-gradient(135deg, #11998e 0%, #38ef7d 100%);border-radius: 16px;padding: 48px 32px;margin: 48px 0;text-align: center\">\n<h3 style=\"color: #fff;margin: 0 0 16px;font-size: 28px;font-weight: 700\">R\u00e9digez une lettre de motivation qui d\u00e9croche des entretiens<\/h3>\n<p style=\"margin: 0 0 28px;font-size: 17px;line-height: 1.6\">Notre IA g\u00e9n\u00e8re des lettres de motivation personnalis\u00e9es et adapt\u00e9es \u00e0 chaque poste en quelques secondes. D\u00e9marquez-vous de la concurrence !<\/p>\n<div class=\"stylingcv-contextual-cta\" style=\"background:#fff;border:3px solid #667eea;padding:28px;border-radius:12px;margin:30px 0;text-align:center\">\n<h3 style=\"color:#268599;margin:0 0 12px;font-size:21px;font-weight:600\">\ud83d\udce7 D\u00e9marquez-vous avec une excellente lettre de motivation<\/h3>\n<p style=\"font-size:15px;margin:0 0 18px;color:#4a5568;line-height:1.6\">Le g\u00e9n\u00e9rateur de lettres de motivation IA vous aide \u00e0 r\u00e9diger des lettres percutantes et adapt\u00e9es \u00e0 chaque poste.<\/p>\n<p>    <a href=\"https:\/\/ai.stylingcv.com\/ai-generator\/cover-letter?utm_source=stylingcv&utm_medium=website&utm_campaign=cta&utm_content=resume-writing-tips-guides-cover-letter-examples-interview-prep-strategies\" style=\"background:linear-gradient(135deg, #268599 0%, #618480 50%, #e8885e 100%);color:#fff;padding:13px 32px;border-radius:8px;text-decoration:none;font-weight:600;font-size:15px\">Commencer gratuitement<\/a>\n<\/div>\n<p>    <a href=\"https:\/\/ai.stylingcv.com\/ai-generator\/cover-letter?utm_source=blog&amp;utm_medium=cta&amp;utm_campaign=cover_letter_bottom\" target=\"_blank\" rel=\"noopener\" style=\"background: #fff;color: #11998e;padding: 18px 48px;border-radius: 10px;text-decoration: none;font-weight: 700;font-size: 17px\">Cr\u00e9er une lettre de motivation gratuite \u2192<\/a>\n<\/div>\n<div class=\"cta-box cta-final\" style=\"background: #fff5f5;border-left: 4px solid #f5576c;padding: 30px;margin: 40px 0\">\n<h4 style=\"color: #2d3748;margin-bottom: 15px;font-size: 22px\">\ud83c\udfaf Faites ressortir votre lettre de motivation<\/h4>\n<p style=\"margin-bottom: 20px;color: #4a5568;line-height: 1.6\">Une excellente lettre de motivation peut faire la diff\u00e9rence entre obtenir un entretien et \u00eatre ignor\u00e9. Cr\u00e9ez la v\u00f4tre d\u00e8s maintenant.<\/p>\n<div class=\"cta-action\" style=\"background:#fff;border:3px solid #f5576c;padding:30px;border-radius:12px;margin:30px 0;text-align:center\">\n<h3 style=\"color:#f5576c;margin:0 0 15px;font-size:22px\">\ud83d\udcdd Pr\u00eat \u00e0 r\u00e9diger votre lettre de motivation ?<\/h3>\n<p style=\"font-size:15px;margin:0 0 20px;color:#666\">Personnalis\u00e9e + Professionnelle + Efficace = Plus d&#8217;entretiens<\/p>\n<p><a href=\"https:\/\/ai.stylingcv.com?utm_source=stylingcv&utm_medium=website&utm_campaign=cta&utm_content=resume-writing-tips-guides-cover-letter-examples-interview-prep-strategies\" style=\"background:#f5576c;color:#fff;padding:15px 40px;border-radius:50px;text-decoration:none;font-weight:bold\">Cr\u00e9er une lettre de motivation gratuite \u2192<\/a><\/div>\n<\/p>\n<p><a href=\"https:\/\/ai.stylingcv.com\/ai-generator\/cover-letter?utm_source=stylingcv&utm_medium=website&utm_campaign=cta&utm_content=resume-writing-tips-guides-cover-letter-examples-interview-prep-strategies\" class=\"cta-button\" style=\"background: #f5576c;color: white;padding: 14px 35px;border-radius: 8px;text-decoration: none;font-weight: 600\">Cr\u00e9er ma lettre de motivation<\/a>\n<\/div>\n<div class=\"stylingcv-contextual-cta\" style=\"background:#f7fafc;border-left:4px solid #667eea;padding:20px;margin:25px 0;border-radius:8px\">\n<p style=\"margin:0;font-size:15px;color:#2d3748\">\n        <strong style=\"color:#268599\">\ud83d\udcbc Compl\u00e9tez votre candidature<\/strong><br \/>\n        Une excellente lettre de motivation fait la diff\u00e9rence entre obtenir un entretien et \u00eatre ignor\u00e9. <a href=\"https:\/\/ai.stylingcv.com\/ai-generator\/cover-letter?utm_source=stylingcv&utm_medium=website&utm_campaign=cta&utm_content=resume-writing-tips-guides-cover-letter-examples-interview-prep-strategies\" style=\"color:#268599;font-weight:600;text-decoration:underline\">Cr\u00e9er ma lettre de motivation<\/a>\n    <\/p>\n<p>\ud83d\udc49 <a href=\"https:\/\/stylingcv.com\/cover-letter-writing\/\">g\u00e9n\u00e9rateur de lettre de motivation<\/a><\/p>\n<p>\ud83d\udc49 <a href=\"https:\/\/stylingcv.com\/guides\/\">guides CV &amp; carri\u00e8re<\/a><\/p>\n<p><strong>\ud83d\udca1 Astuce :<\/strong> StylingCV n&#8217;est pas seulement un cr\u00e9ateur de CV \u2014 c&#8217;est un g\u00e9n\u00e9rateur IA intelligent. <a href=\"https:\/\/stylingcv.com\/resume-builder\/\">cr\u00e9ez un CV professionnel en 2 minutes<\/a> en moins de 2 minutes.<\/p>\n<\/div>\n<div style=\"background:linear-gradient(135deg,#f8f9fa 0%,#e9ecef 100%);border-radius:12px;padding:25px 30px;margin:30px 0;border-left:4px solid #268599\">\n<h3 style=\"color:#268599;margin-top:0;font-size:1.2rem\">D\u00e9couvrez plus de ressources<\/h3>\n<ul style=\"list-style:none;padding:0;margin:0\">\n<li style=\"margin-bottom:10px\"><a href=\"\/resume-builder\/\" style=\"color:#268599;font-weight:600\">Cr\u00e9ez votre CV maintenant<\/a><\/li>\n<li style=\"margin-bottom:10px\"><a href=\"\/guides\/\" style=\"color:#268599;font-weight:600\">Parcourez tous les guides carri\u00e8re<\/a><\/li>\n<li style=\"margin-bottom:10px\"><a href=\"\/ats-resume-checker\/\" style=\"color:#268599;font-weight:600\">V\u00e9rifiez votre score ATS<\/a><\/li>\n<li style=\"margin-bottom:10px\"><a href=\"\/resume-templates\/\" style=\"color:#268599;font-weight:600\">Voir les mod\u00e8les de CV professionnels<\/a><\/li>\n<li style=\"margin-bottom:10px\"><a href=\"\/resume-examples\/\" style=\"color:#268599;font-weight:600\">Voir tous les exemples de CV<\/a><\/li>\n<\/ul>\n<\/div>\n<p><!-- stylingcv-hub-links --><\/p>\n<div class=\"stylingcv-related-resources\" style=\"margin-top:30px;padding:20px;background:#f8f9fa;border-left:4px solid #1abc9c;border-radius:4px;\">\n<h3 style=\"margin-top:0;color:#2c3e50;\">D\u00e9couvrez plus de ressources<\/h3>\n<ul style=\"list-style:none;padding:0;\">\n<li><a href=\"https:\/\/stylingcv.com\/cover-letter-writing\/\">Guide de r\u00e9daction de lettre de motivation<\/a> &mdash; Votre guide complet<\/li>\n<li><a href=\"https:\/\/stylingcv.com\/cover-letter-length-guide\/\">Longueur d&#8217;une lettre de motivation : quelle taille id\u00e9ale ?<\/a><\/li>\n<li><a href=\"https:\/\/stylingcv.com\/cover-letter-opening-100\/\">Comment r\u00e9diger une introduction efficace pour une lettre de motivation ?<\/a><\/li>\n<li><a href=\"https:\/\/stylingcv.com\/how-to-write-an-effective-cover-letter-in-2026-beginners-guide\/\">Comment r\u00e9diger une lettre de motivation efficace en 2026<\/a><\/li>\n<\/ul>\n<p style=\"margin-bottom:0;font-size:14px;color:#7f8c8d;\">Bien plus qu&#8217;un cr\u00e9ateur de CV &mdash; un g\u00e9n\u00e9rateur IA intelligent. <a href=\"https:\/\/stylingcv.com\/resume-builder\/\" style=\"color:#1abc9c;font-weight:bold;\">Cr\u00e9ez votre CV en moins de 2 minutes &rarr;<\/a><\/p>\n<\/div>\n<p><!-- \/stylingcv-hub-links --><\/p>\n<style>.entry-content a[href*=\"ai.stylingcv.com\"]:not(.scv-exit-cta){transition:transform 0.2s ease,box-shadow 0.2s ease}.entry-content a[href*=\"ai.stylingcv.com\"]:not(.scv-exit-cta):hover{transform:translateY(-2px);box-shadow:0 4px 12px rgba(38,133,153,0.25)}<\/style>","protected":false},"excerpt":{"rendered":"<p>Guide expert sur les conseils et guides pour la r\u00e9daction de CV &#8211; Exemples de lettres de motivation. Conseils pratiques, mod\u00e8les et exemples pour booster votre recherche d&#8217;emploi et votre carri\u00e8re en 2026.<\/p>\n","protected":false},"author":0,"featured_media":0,"parent":62,"menu_order":0,"comment_status":"closed","ping_status":"closed","template":"","meta":{"footnotes":""},"class_list":["post-447","page","type-page","status-publish","hentry"," c-blog-1-item  nt-post-class"],"yoast_head":"<!-- This site is optimized with the Yoast SEO Premium plugin v26.5 (Yoast SEO v26.5) - https:\/\/yoast.com\/wordpress\/plugins\/seo\/ -->\n<title>Conseils r\u00e9daction CV &amp; Guides - Lettre de motivation |<\/title>\n<meta name=\"description\" content=\"Guide expert sur la r\u00e9daction de CV et lettres de motivation. Conseils, mod\u00e8les et exemples pour booster votre recherche d&#039;emploi et carri\u00e8re en 2026.\" \/>\n<meta name=\"robots\" content=\"index, follow, max-snippet:-1, max-image-preview:large, max-video-preview:-1\" \/>\n<link rel=\"canonical\" href=\"https:\/\/stylingcv.com\/fr\/cover-letter-writing\/resume-writing-tips-guides-cover-letter-examples-interview-prep-strategies\/\" \/>\n<meta property=\"og:locale\" content=\"en_US\" \/>\n<meta property=\"og:type\" content=\"article\" \/>\n<meta property=\"og:title\" content=\"Conseils et guides pour la r\u00e9daction de CV - Exemples de lettres de motivation\" \/>\n<meta property=\"og:description\" content=\"Guide expert sur la r\u00e9daction de CV et lettres de motivation. Conseils, mod\u00e8les et exemples pour booster votre recherche d&#039;emploi et carri\u00e8re en 2026.\" \/>\n<meta property=\"og:url\" content=\"https:\/\/stylingcv.com\/fr\/cover-letter-writing\/resume-writing-tips-guides-cover-letter-examples-interview-prep-strategies\/\" \/>\n<meta property=\"og:site_name\" content=\"StylingCV - Fran\u00e7ais\" \/>\n<meta name=\"twitter:card\" content=\"summary_large_image\" \/>\n<meta name=\"twitter:label1\" content=\"Est. reading time\" \/>\n\t<meta name=\"twitter:data1\" content=\"4 minutes\" \/>\n<script type=\"application\/ld+json\" class=\"yoast-schema-graph\">{\"@context\":\"https:\/\/schema.org\",\"@graph\":[{\"@type\":\"WebPage\",\"@id\":\"https:\/\/wp.stylingcv.com\/fr\/cover-letter-writing\/resume-writing-tips-guides-cover-letter-examples-interview-prep-strategies\/\",\"url\":\"https:\/\/wp.stylingcv.com\/fr\/cover-letter-writing\/resume-writing-tips-guides-cover-letter-examples-interview-prep-strategies\/\",\"name\":\"Conseils r\u00e9daction CV & Guides - Lettre de motivation |\",\"isPartOf\":{\"@id\":\"https:\/\/wp.stylingcv.com\/fr\/#website\"},\"datePublished\":\"2025-12-01T10:32:02+00:00\",\"description\":\"Guide expert sur la r\u00e9daction de CV et lettres de motivation. Conseils, mod\u00e8les et exemples pour booster votre recherche d'emploi et carri\u00e8re en 2026.\",\"breadcrumb\":{\"@id\":\"https:\/\/wp.stylingcv.com\/fr\/cover-letter-writing\/resume-writing-tips-guides-cover-letter-examples-interview-prep-strategies\/#breadcrumb\"},\"inLanguage\":\"en-US\",\"potentialAction\":[{\"@type\":\"ReadAction\",\"target\":[\"https:\/\/wp.stylingcv.com\/fr\/cover-letter-writing\/resume-writing-tips-guides-cover-letter-examples-interview-prep-strategies\/\"]}]},{\"@type\":\"BreadcrumbList\",\"@id\":\"https:\/\/wp.stylingcv.com\/fr\/cover-letter-writing\/resume-writing-tips-guides-cover-letter-examples-interview-prep-strategies\/#breadcrumb\",\"itemListElement\":[{\"@type\":\"ListItem\",\"position\":1,\"name\":\"Home\",\"item\":\"https:\/\/wp.stylingcv.com\/fr\/\"},{\"@type\":\"ListItem\",\"position\":2,\"name\":\"R\u00e9daction de Lettre de Motivation\",\"item\":\"https:\/\/wp.stylingcv.com\/fr\/cover-letter-writing\/\"},{\"@type\":\"ListItem\",\"position\":3,\"name\":\"Conseils et guides pour la r\u00e9daction de CV &#8211; Exemples de lettres de motivation\"}]},{\"@type\":\"WebSite\",\"@id\":\"https:\/\/wp.stylingcv.com\/fr\/#website\",\"url\":\"https:\/\/wp.stylingcv.com\/fr\/\",\"name\":\"StylingCV - Fran\u00e7ais\",\"description\":\"\",\"potentialAction\":[{\"@type\":\"SearchAction\",\"target\":{\"@type\":\"EntryPoint\",\"urlTemplate\":\"https:\/\/wp.stylingcv.com\/fr\/?s={search_term_string}\"},\"query-input\":{\"@type\":\"PropertyValueSpecification\",\"valueRequired\":true,\"valueName\":\"search_term_string\"}}],\"inLanguage\":\"en-US\"}]}<\/script>\n<!-- \/ Yoast SEO Premium plugin. -->","yoast_head_json":{"title":"Conseils r\u00e9daction CV & Guides - Lettre de motivation |","description":"Guide expert sur la r\u00e9daction de CV et lettres de motivation. Conseils, mod\u00e8les et exemples pour booster votre recherche d'emploi et carri\u00e8re en 2026.","robots":{"index":"index","follow":"follow","max-snippet":"max-snippet:-1","max-image-preview":"max-image-preview:large","max-video-preview":"max-video-preview:-1"},"canonical":"https:\/\/stylingcv.com\/fr\/cover-letter-writing\/resume-writing-tips-guides-cover-letter-examples-interview-prep-strategies\/","og_locale":"en_US","og_type":"article","og_title":"Conseils et guides pour la r\u00e9daction de CV - Exemples de lettres de motivation","og_description":"Guide expert sur la r\u00e9daction de CV et lettres de motivation. Conseils, mod\u00e8les et exemples pour booster votre recherche d'emploi et carri\u00e8re en 2026.","og_url":"https:\/\/stylingcv.com\/fr\/cover-letter-writing\/resume-writing-tips-guides-cover-letter-examples-interview-prep-strategies\/","og_site_name":"StylingCV - Fran\u00e7ais","twitter_card":"summary_large_image","twitter_misc":{"Est. reading time":"4 minutes"},"schema":{"@context":"https:\/\/schema.org","@graph":[{"@type":"WebPage","@id":"https:\/\/wp.stylingcv.com\/fr\/cover-letter-writing\/resume-writing-tips-guides-cover-letter-examples-interview-prep-strategies\/","url":"https:\/\/wp.stylingcv.com\/fr\/cover-letter-writing\/resume-writing-tips-guides-cover-letter-examples-interview-prep-strategies\/","name":"Conseils r\u00e9daction CV & Guides - Lettre de motivation |","isPartOf":{"@id":"https:\/\/wp.stylingcv.com\/fr\/#website"},"datePublished":"2025-12-01T10:32:02+00:00","description":"Guide expert sur la r\u00e9daction de CV et lettres de motivation. Conseils, mod\u00e8les et exemples pour booster votre recherche d'emploi et carri\u00e8re en 2026.","breadcrumb":{"@id":"https:\/\/wp.stylingcv.com\/fr\/cover-letter-writing\/resume-writing-tips-guides-cover-letter-examples-interview-prep-strategies\/#breadcrumb"},"inLanguage":"en-US","potentialAction":[{"@type":"ReadAction","target":["https:\/\/wp.stylingcv.com\/fr\/cover-letter-writing\/resume-writing-tips-guides-cover-letter-examples-interview-prep-strategies\/"]}]},{"@type":"BreadcrumbList","@id":"https:\/\/wp.stylingcv.com\/fr\/cover-letter-writing\/resume-writing-tips-guides-cover-letter-examples-interview-prep-strategies\/#breadcrumb","itemListElement":[{"@type":"ListItem","position":1,"name":"Home","item":"https:\/\/wp.stylingcv.com\/fr\/"},{"@type":"ListItem","position":2,"name":"R\u00e9daction de Lettre de Motivation","item":"https:\/\/wp.stylingcv.com\/fr\/cover-letter-writing\/"},{"@type":"ListItem","position":3,"name":"Conseils et guides pour la r\u00e9daction de CV &#8211; Exemples de lettres de motivation"}]},{"@type":"WebSite","@id":"https:\/\/wp.stylingcv.com\/fr\/#website","url":"https:\/\/wp.stylingcv.com\/fr\/","name":"StylingCV - Fran\u00e7ais","description":"","potentialAction":[{"@type":"SearchAction","target":{"@type":"EntryPoint","urlTemplate":"https:\/\/wp.stylingcv.com\/fr\/?s={search_term_string}"},"query-input":{"@type":"PropertyValueSpecification","valueRequired":true,"valueName":"search_term_string"}}],"inLanguage":"en-US"}]}},"_links":{"self":[{"href":"https:\/\/wp.stylingcv.com\/fr\/wp-json\/wp\/v2\/pages\/447","targetHints":{"allow":["GET"]}}],"collection":[{"href":"https:\/\/wp.stylingcv.com\/fr\/wp-json\/wp\/v2\/pages"}],"about":[{"href":"https:\/\/wp.stylingcv.com\/fr\/wp-json\/wp\/v2\/types\/page"}],"replies":[{"embeddable":true,"href":"https:\/\/wp.stylingcv.com\/fr\/wp-json\/wp\/v2\/comments?post=447"}],"version-history":[{"count":0,"href":"https:\/\/wp.stylingcv.com\/fr\/wp-json\/wp\/v2\/pages\/447\/revisions"}],"up":[{"embeddable":true,"href":"https:\/\/wp.stylingcv.com\/fr\/wp-json\/wp\/v2\/pages\/62"}],"wp:attachment":[{"href":"https:\/\/wp.stylingcv.com\/fr\/wp-json\/wp\/v2\/media?parent=447"}],"curies":[{"name":"wp","href":"https:\/\/api.w.org\/{rel}","templated":true}]}}