{"id":26,"date":"2024-04-26T08:06:43","date_gmt":"2024-04-26T08:06:43","guid":{"rendered":"https:\/\/stylingcv.com\/fr\/page-faq\/"},"modified":"2024-04-26T08:06:43","modified_gmt":"2024-04-26T08:06:43","slug":"faqs-page","status":"publish","type":"page","link":"https:\/\/wp.stylingcv.com\/fr\/faqs-page\/","title":{"rendered":"Page FAQ"},"content":{"rendered":"<h2>FAQ<\/h2>\r\n\t\t\t\t\t<h2>Questions Fr\u00e9quemment Pos\u00e9es<\/h2>\r\n\t\t\t\t\t<p>Jusqu&#8217;\u00e0 r\u00e9cemment, l&#8217;opinion dominante supposait que le lorem ipsum \u00e9tait n\u00e9 comme un texte sans sens. Ce n&#8217;est pas du latin, m\u00eame si cela y ressemble.<\/p>\r\n\t\t\t\t\t<section>\r\n            <ul>\r\n                                        <li>\r\n                            <a href=\"#faq_general\">\r\n                                G\u00e9n\u00e9ral                            <\/a>\r\n                        <\/li>\r\n                                        <li>\r\n                            <a href=\"#faq_changelog\">\r\n                                Historique des modifications                            <\/a>\r\n                        <\/li>\r\n                                        <li>\r\n                            <a href=\"#faq_condition\">\r\n                                Condition                            <\/a>\r\n                        <\/li>\r\n                            <\/ul>\r\n                            *:not(:last-child)]:mb-5&#8243;&gt;\r\n                                                <h3> Q. Qu&#8217;est-ce qu&#8217;une agence commerciale ? <\/h3>\n\n<div class=\"cta-gradient\" style=\"background:linear-gradient(135deg,#667eea 0%,#764ba2 100%);padding:30px;border-radius:12px;margin:30px 0;text-align:center;color:#fff\"><h3 style=\"color:#fff;margin:0 0 15px;font-size:24px\">\ud83d\ude80 Arr\u00eatez de faire des erreurs sur votre CV<\/h3><p style=\"font-size:16px;margin:0 0 20px;line-height:1.6\">Cr\u00e9ez votre CV professionnel compatible ATS en 5 minutes. Rejoignez plus de 6 millions d&#8217;utilisateurs !<\/p><a href=\"https:\/\/ai.stylingcv.com?utm_source=stylingcv&utm_medium=website&utm_campaign=cta&utm_content=faqs-page\" style=\"background:#fff;color:#268599;padding:15px 40px;border-radius:50px;text-decoration:none;font-weight:bold;font-size:18px\">Commencer gratuitement \u2728<\/a><\/div>\n\n                                                \r\n                                                    \r\n                                                        \r\n                                                    \r\n                                                    \r\n                                                        \r\n                                                    \r\n                                                 Jusqu&#8217;\u00e0 r\u00e9cemment, l&#8217;opinion dominante supposait que le lorem ipsum \u00e9tait n\u00e9 comme un texte sans sens. \u00ab Ce n&#8217;est pas du latin.                                             \r\n                                                <h3> Q. Quels services propose une agence commerciale ? <\/h3>\n<div class=\"stylingcv-cta-inline\" style=\"background: linear-gradient(135deg, #f8f9ff 0%, #f0f3ff 100%);border-left: 4px solid #667eea;padding: 20px;margin: 28px 0;border-radius: 0 10px 10px 0\">\n    <strong style=\"color: #1a1a2e;font-size: 16px\">\ud83d\udca1 Astuce Pro :<\/strong> <a href=\"https:\/\/ai.stylingcv.com\/ai-generator?utm_source=blog&amp;utm_medium=cta&amp;utm_campaign=resume_inline_1\" target=\"_blank\" rel=\"noopener\" style=\"color: #268599;text-decoration: none;font-weight: 600\">Cr\u00e9ez votre CV professionnel<\/a> en seulement 5 minutes avec le g\u00e9n\u00e9rateur intelligent de StylingCV.\n<\/div>\n                                                \r\n                                                    \r\n                                                        \r\n                                                    \r\n                                                    \r\n                                                        \r\n                                                    \r\n                                                 Jusqu&#8217;\u00e0 r\u00e9cemment, l&#8217;opinion dominante supposait que le lorem ipsum \u00e9tait n\u00e9 comme un texte sans sens. \u00ab Ce n&#8217;est pas du latin.                                             \r\n                                                <h3> Q. \u00c0 quelle fr\u00e9quence dois-je mettre \u00e0 jour mon site web ? <\/h3>                                                \r\n                                                    \r\n                                                        \r\n                                                    \r\n                                                    \r\n                                                        \r\n                                                    \r\n                                                 Jusqu&#8217;\u00e0 r\u00e9cemment, l&#8217;opinion dominante supposait que le lorem ipsum \u00e9tait n\u00e9 comme un texte sans sens. \u00ab Ce n&#8217;est pas du latin.                                             \r\n                                                <h3> Q. Comment fonctionnent les abonnements ? \n<div class=\"stylingcv-contextual-cta\" style=\"background:linear-gradient(135deg,#667eea 0%,#764ba2 100%);padding:30px;border-radius:12px;margin:30px 0;text-align:center;color:#fff\">\n    <h3 style=\"color:#fff;margin:0 0 15px;font-size:22px;font-weight:600\">\ud83d\udcc4 Choisissez parmi plus de 39 mod\u00e8les professionnels<\/h3>\n    <p style=\"font-size:15px;margin:0 0 20px;line-height:1.6;opacity:0.95\">Trouvez le mod\u00e8le parfait pour votre secteur et votre niveau d&#8217;exp\u00e9rience.<\/p>\n    <a href=\"https:\/\/ai.stylingcv.com\/ai-generatortemplates?utm_source=stylingcv&utm_medium=website&utm_campaign=cta&utm_content=faqs-page\" style=\"background:#fff;color:#268599;padding:14px 35px;border-radius:50px;text-decoration:none;font-weight:bold;font-size:16px\">Voir les mod\u00e8les \u2192<\/a>\n<\/div>\n<\/h3>                                                \r\n                                                    \r\n                                                        \r\n                                                    \r\n                                                    \r\n                                                        \r\n                                                    \r\n                                                 Jusqu&#8217;\u00e0 r\u00e9cemment, l&#8217;opinion dominante supposait que le lorem ipsum \u00e9tait n\u00e9 comme un texte sans sens. \u00ab Ce n&#8217;est pas du latin.                                             \r\n                                                <h3> Q. Avec quels autres services \u00eates-vous compatible ? <\/h3>                                                \r\n                                                    \r\n                                                        \r\n                                                    \r\n                                                    \r\n                                                        \r\n                                                    \r\n                                                 Jusqu&#8217;\u00e0 r\u00e9cemment, l&#8217;opinion dominante supposait que le lorem ipsum \u00e9tait n\u00e9 comme un texte sans sens. \u00ab Ce n&#8217;est pas du latin.                                             \r\n                            *:not(:last-child)]:mb-5&#8243;&gt;\r\n                                                <h3> Q. Avec quels autres services \u00eates-vous compatible ? <\/h3>\n\n\n\n                                                \r\n                                                    \r\n                                                        \r\n                                                    \r\n                                                    \r\n                                                        \r\n                                                    \r\n                                                 Jusqu&#8217;\u00e0 r\u00e9cemment, l&#8217;opinion dominante supposait que le lorem ipsum \u00e9tait n\u00e9 comme un texte sans sens. \u00ab Ce n&#8217;est pas du latin.                                             \r\n                                                <h3> Q. Comment fonctionnent les abonnements ? <\/h3>                                                \r\n                                                    \r\n                                                        \r\n                                                    \r\n                                                    \r\n                                                        \r\n                                                    \r\n                                                 Jusqu&#8217;\u00e0 r\u00e9cemment, l&#8217;opinion dominante supposait que le lorem ipsum \u00e9tait n\u00e9 comme un texte sans sens. \u00ab Ce n&#8217;est pas du latin.                                             \r\n                                                <h3> Q. Qu&#8217;est-ce qu&#8217;une agence commerciale ? <\/h3>\n<div class=\"stylingcv-cta-inline\" style=\"background: #f8f9ff;border-left: 4px solid #667eea;padding: 20px;margin: 28px 0;border-radius: 0 10px 10px 0\">\n    <strong style=\"color: #1a1a2e\">\ud83d\ude80 Pr\u00eat \u00e0 vous d\u00e9marquer ?<\/strong> <a href=\"https:\/\/ai.stylingcv.com\/ai-generator?utm_source=blog&amp;utm_medium=cta&amp;utm_campaign=resume_inline_2\" target=\"_blank\" rel=\"noopener\" style=\"color: #268599;text-decoration: none;font-weight: 600\">Essayez le g\u00e9n\u00e9rateur de CV IA de StylingCV<\/a> \u2013 approuv\u00e9 par plus de 6 millions de professionnels dans le monde.\n\n\n<div class=\"cta-tip\" style=\"background:#f8f9fa;border-left:4px solid #667eea;padding:20px;margin:25px 0;border-radius:8px\"><p style=\"margin:0;font-size:16px;color:#333\"><strong>\ud83d\udca1 Astuce Maligne :<\/strong> \u00c9vitez les soucis de mise en page ! <a href=\"https:\/\/ai.stylingcv.com?utm_source=stylingcv&utm_medium=website&utm_campaign=cta&utm_content=faqs-page\" style=\"color:#268599;font-weight:bold;text-decoration:underline\">Utilisez notre g\u00e9n\u00e9rateur de CV IA<\/a> et cr\u00e9ez un CV professionnel en quelques minutes.<\/p><\/div>\n\n<\/div>\n                                                \r\n                                                    \r\n                                                        \r\n                                                    \r\n                                                    \r\n                                                        \r\n                                                    \r\n                                                 Jusqu&#8217;\u00e0 r\u00e9cemment, l&#8217;opinion dominante supposait que le lorem ipsum \u00e9tait n\u00e9 comme un texte sans sens. \u00ab Ce n&#8217;est pas du latin.                                             \r\n                                                <h3> Q. Avec quels autres services \u00eates-vous compatible ? <\/h3>                                                \r\n                                                    \r\n                                                        \r\n                                                    \r\n                                                    \r\n                                                        \r\n                                                    \r\n                                                 Jusqu&#8217;\u00e0 r\u00e9cemment, l&#8217;opinion dominante supposait que le lorem ipsum \u00e9tait n\u00e9 comme un texte sans sens. \u00ab Ce n&#8217;est pas du latin.                                             \r\n                            *:not(:last-child)]:mb-5&#8243;&gt;\r\n                                                <h3> Q. Qu&#8217;est-ce qu&#8217;une agence commerciale ? <\/h3>                                                \r\n                                                    \r\n                                                        \r\n                                                    \r\n                                                    \r\n                                                        \r\n                                                    \r\n                                                 Jusqu&#8217;\u00e0 r\u00e9cemment, l&#8217;opinion dominante supposait que le lorem ipsum \u00e9tait n\u00e9 comme un texte sans sens. \u00ab Ce n&#8217;est pas du latin.                                             \r\n                                                <h3> Q. Comment fonctionnent les abonnements ? <\/h3>                                                \r\n                                                    \r\n                                                        \r\n                                                    \r\n                                                    \r\n                                                        \r\n                                                    \r\n                                                 Jusqu&#8217;\u00e0 r\u00e9cemment, l&#8217;opinion dominante supposait que le lorem ipsum \u00e9tait n\u00e9 comme un texte sans sens. \u00ab Ce n&#8217;est pas du latin.                                             \r\n                                                <h3> Q. Qu&#8217;est-ce qu&#8217;une agence commerciale ? \n<div class=\"stylingcv-contextual-cta\" style=\"background:#fff;border:3px solid #667eea;padding:28px;border-radius:12px;margin:30px 0;text-align:center\">\n    <h3 style=\"color:#268599;margin:0 0 12px;font-size:21px;font-weight:600\">\ud83c\udfa8 Un design professionnel compte<\/h3>\n    <p style=\"font-size:15px;margin:0 0 18px;color:#4a5568;line-height:1.6\">Choisissez parmi des mod\u00e8les compatibles ATS qui sont \u00e0 la fois \u00e9l\u00e9gants et efficaces.<\/p>\n    <a href=\"https:\/\/ai.stylingcv.com?utm_source=stylingcv&utm_medium=website&utm_campaign=cta&utm_content=faqs-page\" style=\"background:linear-gradient(135deg, #268599 0%, #618480 50%, #e8885e 100%);color:#fff;padding:13px 32px;border-radius:8px;text-decoration:none;font-weight:600;font-size:15px\">Voir la biblioth\u00e8que de mod\u00e8les<\/a>\n<\/div>\n<\/h3>                                                \r\n                                                    \r\n                                                        \r\n                                                    \r\n                                                    \r\n                                                        \r\n                                                    \r\n                                                 Jusqu&#8217;\u00e0 r\u00e9cemment, l&#8217;opinion dominante supposait que le lorem ipsum \u00e9tait n\u00e9 comme un texte sans sens. \u00ab Ce n&#8217;est pas du latin.                                             \r\n                                                <h3> Q. Avec quels autres services \u00eates-vous compatible ? <\/h3>                                                \r\n                                                    \r\n                                                        \r\n                                                    \r\n                                                    \r\n                                                        \r\n                                                    \r\n                                                 Jusqu&#8217;\u00e0 r\u00e9cemment, l&#8217;opinion dominante supposait que le lorem ipsum \u00e9tait n\u00e9 comme un texte sans sens. \u00ab Ce n&#8217;est pas du latin.                                             \r\n<\/section>\n<div class=\"stylingcv-cta stylingcv-cta-bottom\" style=\"background: linear-gradient(135deg, #1a1a2e 0%, #2d2d44 100%);border-radius: 16px;padding: 48px 32px;margin: 48px 0;text-align: center\">\n    <h3 style=\"color: #fff;margin: 0 0 16px;font-size: 28px;font-weight: 700;letter-spacing: -0.5px\">Pr\u00eat \u00e0 d\u00e9crocher l&#8217;emploi de vos r\u00eaves ?<\/h3>\n    <p style=\"margin: 0 0 28px;font-size: 17px;line-height: 1.6\">Rejoignez plus de 6 millions de professionnels qui ont cr\u00e9\u00e9 un CV gagnant avec StylingCV. Commencez le v\u00f4tre d\u00e8s aujourd&#8217;hui !<\/p>\n    <a href=\"https:\/\/ai.stylingcv.com\/ai-generator?utm_source=blog&amp;utm_medium=cta&amp;utm_campaign=resume_bottom\" target=\"_blank\" rel=\"noopener\" style=\"background: linear-gradient(135deg, #667eea 0%, #764ba2 100%);color: #fff;padding: 18px 48px;border-radius: 10px;text-decoration: none;font-weight: 700;font-size: 17px\">Cr\u00e9ez votre CV gratuitement \u2192<\/a>\n<\/div>\n\n<div class=\"cta-action\" style=\"background:#fff;border:3px solid #667eea;padding:30px;border-radius:12px;margin:30px 0;text-align:center\"><h3 style=\"color:#268599;margin:0 0 15px;font-size:22px\">\u26a1 Cr\u00e9ez votre CV gagnant maintenant<\/h3><p style=\"font-size:15px;margin:0 0 20px;color:#666\">Mod\u00e8les professionnels + optimisation ATS + assistance IA = Votre emploi de r\u00eave !<\/p><a href=\"https:\/\/ai.stylingcv.com?utm_source=stylingcv&utm_medium=website&utm_campaign=cta&utm_content=faqs-page\" style=\"background:linear-gradient(135deg, #268599 0%, #618480 50%, #e8885e 100%);color:#fff;padding:15px 40px;border-radius:50px;text-decoration:none;font-weight:bold\">Commencer gratuitement \u2192<\/a><\/div>\n\n\n\n\n\n\n<div class=\"cta-box cta-final\" style=\"background: #f7fafc;border-left: 4px solid #667eea;padding: 30px;margin: 40px 0\">\n<h4 style=\"color: #2d3748;margin-bottom: 15px;font-size: 22px\">\ud83d\udcdd Cr\u00e9ez votre CV en 5 minutes<\/h4>\n<p style=\"margin-bottom: 20px;color: #4a5568;line-height: 1.6\">Ne laissez pas un CV mal format\u00e9 freiner votre carri\u00e8re. Utilisez notre g\u00e9n\u00e9rateur intelligent pour cr\u00e9er un CV professionnel qui passe les syst\u00e8mes ATS et impressionne les recruteurs.<\/p>\n<a href=\"https:\/\/ai.stylingcv.com\/ai-generatorbuilder?utm_source=stylingcv&utm_medium=website&utm_campaign=cta&utm_content=faqs-page\" class=\"cta-button\" style=\"background: linear-gradient(135deg, #268599 0%, #618480 50%, #e8885e 100%);color: white;padding: 14px 35px;border-radius: 8px;text-decoration: none;font-weight: 600;margin-right: 15px\">Cr\u00e9er mon CV<\/a>\n<a href=\"https:\/\/stylingcv.com\/resume-examples\/\" class=\"cta-button-secondary\" style=\"border: 2px solid #667eea;color: #268599;padding: 12px 35px;border-radius: 8px;text-decoration: none;font-weight: 600\">Voir des exemples<\/a>\n<\/div>\n<div class=\"stylingcv-contextual-cta\" style=\"background:#f7fafc;border-left:4px solid #667eea;padding:20px;margin:25px 0;border-radius:8px\">\n    <p style=\"margin:0;font-size:15px;color:#2d3748\">\n        <strong style=\"color:#268599\">\u2728 Trouvez le mod\u00e8le parfait<\/strong><br>\n        Des designs modernes et \u00e9pur\u00e9s pour vous d\u00e9marquer tout en restant professionnel. <a href=\"https:\/\/ai.stylingcv.com\/ai-generatortemplates?utm_source=stylingcv&utm_medium=website&utm_campaign=cta&utm_content=faqs-page\" style=\"color:#268599;font-weight:600;text-decoration:underline\">Explorer les mod\u00e8les<\/a>\n    <\/p>\n\n\n\n<p>\ud83d\udc49 <a href=\"https:\/\/stylingcv.com\/guides\/\">apprenez \u00e0 r\u00e9diger un CV<\/a><\/p>\n\n<p>\ud83d\udc49 <a href=\"https:\/\/stylingcv.com\/resume-templates\/\">d\u00e9couvrez des mod\u00e8les de CV<\/a><\/p>\n\n<p><strong>\ud83d\udca1 Astuce Pro :<\/strong> StylingCV n&#8217;est pas seulement un g\u00e9n\u00e9rateur de CV \u2014 c&#8217;est un g\u00e9n\u00e9rateur IA intelligent qui r\u00e9fl\u00e9chit. <a href=\"https:\/\/stylingcv.com\/resume-builder\/\">StylingCV g\u00e9n\u00e9rateur IA intelligent<\/a> en moins de 2 minutes.<\/p>\n<\/div>\n\n\n\n<div class=\"scv-related\" style=\"margin-top:40px;padding:24px 28px;background:#f8fafc;border-left:4px solid #268599;border-radius:8px\">\n<h3 style=\"color:#16344c;font-family:'Playfair Display',Georgia,serif;margin-top:0;font-size:1.2em\">Ressources associ\u00e9es<\/h3>\n<ul style=\"padding:0;margin:0\">\n<li style=\"margin-bottom:8px\"><a href=\"https:\/\/stylingcv.com\/guides\/\" style=\"color:#268599;text-decoration:none;font-weight:500\">Guides CV &amp; Carri\u00e8re<\/a><\/li>\n<li style=\"margin-bottom:8px\"><a href=\"https:\/\/stylingcv.com\/resume-builder\/\" style=\"color:#268599;text-decoration:none;font-weight:500\">G\u00e9n\u00e9rateur de CV IA gratuit<\/a><\/li>\n<li style=\"margin-bottom:8px\"><a href=\"https:\/\/stylingcv.com\/career-resources\/\" style=\"color:#268599;text-decoration:none;font-weight:500\">Centre de ressources carri\u00e8re<\/a><\/li>\n<\/ul>\n<\/div>\n<style>.entry-content a[href*=\"ai.stylingcv.com\"]:not(.scv-exit-cta){transition:transform 0.2s ease,box-shadow 0.2s ease}.entry-content a[href*=\"ai.stylingcv.com\"]:not(.scv-exit-cta):hover{transform:translateY(-2px);box-shadow:0 4px 12px rgba(38,133,153,0.25)}<\/style>","protected":false},"excerpt":{"rendered":"<p>Guide expert sur la page FAQ. Conseils pratiques, mod\u00e8les et exemples pour booster votre recherche d&#8217;emploi et votre carri\u00e8re en 2026.<\/p>\n","protected":false},"author":0,"featured_media":0,"parent":0,"menu_order":0,"comment_status":"closed","ping_status":"closed","template":"","meta":{"footnotes":""},"class_list":["post-26","page","type-page","status-publish","hentry"," c-blog-1-item  nt-post-class"],"yoast_head":"<!-- This site is optimized with the Yoast SEO Premium plugin v26.5 (Yoast SEO v26.5) - https:\/\/yoast.com\/wordpress\/plugins\/seo\/ -->\n<title>Page FAQ | StylingCV<\/title>\n<meta name=\"description\" content=\"Guide expert sur la page FAQ. Conseils pratiques, mod\u00e8les et exemples pour booster votre recherche d&#039;emploi et votre carri\u00e8re en 2026.\" \/>\n<meta name=\"robots\" content=\"index, follow, max-snippet:-1, max-image-preview:large, max-video-preview:-1\" \/>\n<link rel=\"canonical\" href=\"https:\/\/stylingcv.com\/fr\/faqs-page\/\" \/>\n<meta property=\"og:locale\" content=\"en_US\" \/>\n<meta property=\"og:type\" content=\"article\" \/>\n<meta property=\"og:title\" content=\"Page FAQ\" \/>\n<meta property=\"og:description\" content=\"Guide expert sur la page FAQ. Conseils pratiques, mod\u00e8les et exemples pour booster votre recherche d&#039;emploi et votre carri\u00e8re en 2026.\" \/>\n<meta property=\"og:url\" content=\"https:\/\/stylingcv.com\/fr\/faqs-page\/\" \/>\n<meta property=\"og:site_name\" content=\"StylingCV - Fran\u00e7ais\" \/>\n<meta name=\"twitter:card\" content=\"summary_large_image\" \/>\n<meta name=\"twitter:label1\" content=\"Est. reading time\" \/>\n\t<meta name=\"twitter:data1\" content=\"4 minutes\" \/>\n<script type=\"application\/ld+json\" class=\"yoast-schema-graph\">{\"@context\":\"https:\/\/schema.org\",\"@graph\":[{\"@type\":\"WebPage\",\"@id\":\"https:\/\/wp.stylingcv.com\/fr\/faqs-page\/\",\"url\":\"https:\/\/wp.stylingcv.com\/fr\/faqs-page\/\",\"name\":\"Page FAQ | StylingCV\",\"isPartOf\":{\"@id\":\"https:\/\/wp.stylingcv.com\/fr\/#website\"},\"datePublished\":\"2024-04-26T08:06:43+00:00\",\"description\":\"Guide expert sur la page FAQ. Conseils pratiques, mod\u00e8les et exemples pour booster votre recherche d'emploi et votre carri\u00e8re en 2026.\",\"breadcrumb\":{\"@id\":\"https:\/\/wp.stylingcv.com\/fr\/faqs-page\/#breadcrumb\"},\"inLanguage\":\"en-US\",\"potentialAction\":[{\"@type\":\"ReadAction\",\"target\":[\"https:\/\/wp.stylingcv.com\/fr\/faqs-page\/\"]}]},{\"@type\":\"BreadcrumbList\",\"@id\":\"https:\/\/wp.stylingcv.com\/fr\/faqs-page\/#breadcrumb\",\"itemListElement\":[{\"@type\":\"ListItem\",\"position\":1,\"name\":\"Home\",\"item\":\"https:\/\/wp.stylingcv.com\/fr\/\"},{\"@type\":\"ListItem\",\"position\":2,\"name\":\"Page FAQ\"}]},{\"@type\":\"WebSite\",\"@id\":\"https:\/\/wp.stylingcv.com\/fr\/#website\",\"url\":\"https:\/\/wp.stylingcv.com\/fr\/\",\"name\":\"StylingCV - Fran\u00e7ais\",\"description\":\"\",\"potentialAction\":[{\"@type\":\"SearchAction\",\"target\":{\"@type\":\"EntryPoint\",\"urlTemplate\":\"https:\/\/wp.stylingcv.com\/fr\/?s={search_term_string}\"},\"query-input\":{\"@type\":\"PropertyValueSpecification\",\"valueRequired\":true,\"valueName\":\"search_term_string\"}}],\"inLanguage\":\"en-US\"}]}<\/script>\n<!-- \/ Yoast SEO Premium plugin. -->","yoast_head_json":{"title":"Page FAQ | StylingCV","description":"Guide expert sur la page FAQ. Conseils pratiques, mod\u00e8les et exemples pour booster votre recherche d'emploi et votre carri\u00e8re en 2026.","robots":{"index":"index","follow":"follow","max-snippet":"max-snippet:-1","max-image-preview":"max-image-preview:large","max-video-preview":"max-video-preview:-1"},"canonical":"https:\/\/stylingcv.com\/fr\/faqs-page\/","og_locale":"en_US","og_type":"article","og_title":"Page FAQ","og_description":"Guide expert sur la page FAQ. Conseils pratiques, mod\u00e8les et exemples pour booster votre recherche d'emploi et votre carri\u00e8re en 2026.","og_url":"https:\/\/stylingcv.com\/fr\/faqs-page\/","og_site_name":"StylingCV - Fran\u00e7ais","twitter_card":"summary_large_image","twitter_misc":{"Est. reading time":"4 minutes"},"schema":{"@context":"https:\/\/schema.org","@graph":[{"@type":"WebPage","@id":"https:\/\/wp.stylingcv.com\/fr\/faqs-page\/","url":"https:\/\/wp.stylingcv.com\/fr\/faqs-page\/","name":"Page FAQ | StylingCV","isPartOf":{"@id":"https:\/\/wp.stylingcv.com\/fr\/#website"},"datePublished":"2024-04-26T08:06:43+00:00","description":"Guide expert sur la page FAQ. Conseils pratiques, mod\u00e8les et exemples pour booster votre recherche d'emploi et votre carri\u00e8re en 2026.","breadcrumb":{"@id":"https:\/\/wp.stylingcv.com\/fr\/faqs-page\/#breadcrumb"},"inLanguage":"en-US","potentialAction":[{"@type":"ReadAction","target":["https:\/\/wp.stylingcv.com\/fr\/faqs-page\/"]}]},{"@type":"BreadcrumbList","@id":"https:\/\/wp.stylingcv.com\/fr\/faqs-page\/#breadcrumb","itemListElement":[{"@type":"ListItem","position":1,"name":"Home","item":"https:\/\/wp.stylingcv.com\/fr\/"},{"@type":"ListItem","position":2,"name":"Page FAQ"}]},{"@type":"WebSite","@id":"https:\/\/wp.stylingcv.com\/fr\/#website","url":"https:\/\/wp.stylingcv.com\/fr\/","name":"StylingCV - Fran\u00e7ais","description":"","potentialAction":[{"@type":"SearchAction","target":{"@type":"EntryPoint","urlTemplate":"https:\/\/wp.stylingcv.com\/fr\/?s={search_term_string}"},"query-input":{"@type":"PropertyValueSpecification","valueRequired":true,"valueName":"search_term_string"}}],"inLanguage":"en-US"}]}},"_links":{"self":[{"href":"https:\/\/wp.stylingcv.com\/fr\/wp-json\/wp\/v2\/pages\/26","targetHints":{"allow":["GET"]}}],"collection":[{"href":"https:\/\/wp.stylingcv.com\/fr\/wp-json\/wp\/v2\/pages"}],"about":[{"href":"https:\/\/wp.stylingcv.com\/fr\/wp-json\/wp\/v2\/types\/page"}],"replies":[{"embeddable":true,"href":"https:\/\/wp.stylingcv.com\/fr\/wp-json\/wp\/v2\/comments?post=26"}],"version-history":[{"count":0,"href":"https:\/\/wp.stylingcv.com\/fr\/wp-json\/wp\/v2\/pages\/26\/revisions"}],"wp:attachment":[{"href":"https:\/\/wp.stylingcv.com\/fr\/wp-json\/wp\/v2\/media?parent=26"}],"curies":[{"name":"wp","href":"https:\/\/api.w.org\/{rel}","templated":true}]}}