{"id":1337,"date":"2025-04-07T02:43:42","date_gmt":"2025-04-07T02:43:42","guid":{"rendered":"https:\/\/stylingcv.com\/fr\/maitriser-lettre-motivation-conseils-modeles\/"},"modified":"2025-04-07T02:43:42","modified_gmt":"2025-04-07T02:43:42","slug":"maitriser-creation-lettre-motivation-conseils-modeles","status":"publish","type":"page","link":"https:\/\/wp.stylingcv.com\/fr\/maitriser-creation-lettre-motivation-conseils-modeles\/","title":{"rendered":"Ma\u00eetrisez la cr\u00e9ation de lettres de motivation : conseils et mod\u00e8les"},"content":{"rendered":"<h1>R\u00e9digez une lettre de motivation gagnante<\/h1>\n\n\n<p>Bienvenue dans notre guide de r\u00e9daction de lettres de motivation \u2013 votre ressource pour cr\u00e9er des lettres convaincantes qui compl\u00e8tent votre CV et vous aident \u00e0 vous d\u00e9marquer aupr\u00e8s des employeurs. Commencez d\u00e8s aujourd&#8217;hui \u00e0 explorer nos <a href=\"\/cover-letter-examples\/\">exemples de lettres de motivation<\/a> et notre <a href=\"\/cover-letter-format-guide\/\">guide du format de lettre de motivation<\/a> et faites un pas important vers l&#8217;obtention de l&#8217;emploi de vos r\u00eaves ! Vous ne savez pas quelles sont les diff\u00e9rences entre un CV et un r\u00e9sum\u00e9 ? Consultez notre <a href=\"\/cv-vs-resume\/\">comparatif complet<\/a> pour choisir le bon document pour votre recherche d&#8217;emploi.<\/p>\n<p><a href=\"https:\/\/stylingcv.com\/cover-letter-writing\/\">guide de la lettre de motivation<\/a><\/p>\n\n<div class=\"related-hubs\" style=\"background: #fff8e6;padding: 15px;border-radius: 8px;margin: 20px 0;border-left: 3px solid #ffc107\">\n<strong>\u2709\ufe0f Ressources sur la lettre de motivation :<\/strong>\n<a href=\"\/cover-letter\/\" style=\"margin: 0 10px\">Guide de la lettre de motivation<\/a> |\n<a href=\"\/cover-letter-examples\/\" style=\"margin: 0 10px\">Exemples<\/a> |\n<a href=\"\/resume-builder\/\" style=\"margin: 0 10px\">Cr\u00e9ateur de CV<\/a>\n<\/div>\n\n\n\n<p>\n\n<div class=\"cta-gradient\" style=\"background:linear-gradient(135deg,#f093fb 0%,#f5576c 100%);padding:30px;border-radius:12px;margin:30px 0;text-align:center;color:#fff\"><h2>Ma\u00eetrisez la cr\u00e9ation de lettres de motivation : conseils et mod\u00e8les<\/h2>\n<h3 style=\"color:#fff;margin:0 0 15px;font-size:24px\">\u270d\ufe0f Cr\u00e9ez votre lettre de motivation parfaite<\/h3><p style=\"font-size:16px;margin:0 0 20px;line-height:1.6\">D\u00e9marquez-vous avec une lettre de motivation personnalis\u00e9e qui compl\u00e8te parfaitement votre CV !<\/p><a href=\"https:\/\/ai.stylingcv.com?utm_source=stylingcv&utm_medium=website&utm_campaign=cta&utm_content=maitriser-creation-lettre-motivation-conseils-modeles\" style=\"background:#fff;color:#f5576c;padding:15px 40px;border-radius:50px;text-decoration:none;font-weight:bold;font-size:18px\">Commencer gratuitement \u2192<\/a><\/div>\n\n<\/p>\n\n<!-- StylingCV Cover Letter CTA - Auto Inserted -->\n<div class=\"stylingcv-cta-inline\" style=\"background: #f0fff4;border-left: 4px solid #38ef7d;padding: 20px;margin: 24px 0;border-radius: 0 8px 8px 0\">\n    <strong style=\"color: #1a1a2e\">\ud83d\udcdd Besoin d&#8217;une lettre de motivation ?<\/strong> <a href=\"https:\/\/ai.stylingcv.com\/ai-generator\/cover-letter?utm_source=blog&amp;utm_medium=cta&amp;utm_campaign=cover_letter_inline\" target=\"_blank\" rel=\"noopener\" style=\"color: #11998e;text-decoration: none;font-weight: 500\">Cr\u00e9ez-en une en quelques minutes avec StylingCV<\/a> \u2013 aliment\u00e9e par l&#8217;IA et adapt\u00e9e \u00e0 chaque poste.\n<\/div>\n\n\n\n\n\n<p>Notre section <a class=\"wpil_keyword_link\" href=\"https:\/\/ai.stylingcv.com\/ai-generator-mastery\/?utm_source=stylingcv&utm_medium=website&utm_campaign=cta&utm_content=maitriser-creation-lettre-motivation-conseils-modeles\" title=\"Cover Letter Mastery\" data-wpil-keyword-link=\"linked\" data-wpil-monitor-id=\"191\">R\u00e9daction de lettre de motivation<\/a> propose :<\/p>\n\n<div class=\"cta-box cta-primary\" style=\"background: linear-gradient(135deg, #f093fb 0%, #f5576c 100%);padding: 30px;border-radius: 12px;margin: 40px 0;text-align: center;color: white\">\n<h3 style=\"color: white;margin-bottom: 15px;font-size: 24px\">\ud83d\udcc4 Cr\u00e9ez votre lettre de motivation parfaite<\/h3>\n<p style=\"font-size: 16px;margin-bottom: 20px;opacity: 0.95\">D\u00e9marquez-vous avec une lettre de motivation personnalis\u00e9e qui compl\u00e8te parfaitement votre CV.\n<div class=\"stylingcv-contextual-cta\" style=\"background:linear-gradient(135deg,#667eea 0%,#764ba2 100%);padding:30px;border-radius:12px;margin:30px 0;text-align:center;color:#fff\">\n    <h3 style=\"color:#fff;margin:0 0 15px;font-size:22px;font-weight:600\">\u270d\ufe0f Cr\u00e9ez votre lettre de motivation parfaite<\/h3>\n    <p style=\"font-size:15px;margin:0 0 20px;line-height:1.6;opacity:0.95\">Compl\u00e9tez votre CV avec une lettre de motivation personnalis\u00e9e qui vous fait remarquer.<\/p>\n    <a href=\"https:\/\/ai.stylingcv.com\/ai-generator\/cover-letter?utm_source=stylingcv&utm_medium=website&utm_campaign=cta&utm_content=maitriser-creation-lettre-motivation-conseils-modeles\" style=\"background:#fff;color:#268599;padding:14px 35px;border-radius:50px;text-decoration:none;font-weight:bold;font-size:16px\">R\u00e9diger ma lettre maintenant \u2192<\/a>\n<\/div>\n<\/p>\n<a href=\"https:\/\/ai.stylingcv.com\/ai-generator\/cover-letter?utm_source=stylingcv&utm_medium=website&utm_campaign=cta&utm_content=maitriser-creation-lettre-motivation-conseils-modeles\" class=\"cta-button\" style=\"background: white;color: #f5576c;padding: 15px 40px;border-radius: 8px;text-decoration: none;font-weight: 600;font-size: 16px\">Cr\u00e9er maintenant &#8211; Gratuit<\/a>\n<\/div>\n\n\n\n\n\n\n\n\n\n\n\n\n\n<ul class=\"wp-block-list\">\n<li>Conseils d&#8217;experts pour r\u00e9diger des introductions percutantes<\/li>\n\n\n\n<li>&#8211; Mod\u00e8les et exemples pour diff\u00e9rents secteurs et niveaux de carri\u00e8re<\/li>\n\n\n\n<li>&#8211; Guide \u00e9tape par \u00e9tape sur la structure et la mise en page<\/li>\n\n\n\n<li>&#8211; Conseils pour aborder les p\u00e9riodes d&#8217;inactivit\u00e9 et les transitions professionnelles<\/li>\n\n\n\n<li>&#8211; Strat\u00e9gies pour personnaliser vos lettres de motivation selon chaque offre<\/li>\n<\/ul>\n\n\n\n<p>Que vous r\u00e9digiez votre premi\u00e8re lettre de motivation ou que vous souhaitiez am\u00e9liorer celle que vous avez d\u00e9j\u00e0, nos ressources compl\u00e8tes vous aideront \u00e0 cr\u00e9er une lettre professionnelle qui met en valeur vos comp\u00e9tences et votre personnalit\u00e9.<\/p>\n\n\n\n<p>\n\n<div class=\"cta-tip\" style=\"background:#fff5f5;border-left:4px solid #f5576c;padding:20px;margin:25px 0;border-radius:8px\"><p style=\"margin:0;font-size:16px;color:#333\"><strong>\u2728 Astuce de pro :<\/strong> <a href=\"https:\/\/ai.stylingcv.com?utm_source=stylingcv&utm_medium=website&utm_campaign=cta&utm_content=maitriser-creation-lettre-motivation-conseils-modeles\" style=\"color:#f5576c;font-weight:bold;text-decoration:underline\">G\u00e9n\u00e9rez votre lettre de motivation<\/a> avec l&#8217;IA et personnalisez-la en quelques minutes \u2013 fini les mod\u00e8les g\u00e9n\u00e9riques !<\/p><\/div>\n\n<\/p>\n\n<div class=\"cta-box cta-secondary\" style=\"border: 2px solid #f5576c;padding: 25px;border-radius: 10px;margin: 40px 0;text-align: center\">\n<h4 style=\"color: #f5576c;margin-bottom: 10px;font-size: 20px\">\u270d\ufe0f N&#8217;envoyez pas de lettres de motivation g\u00e9n\u00e9riques<\/h4>\n<p style=\"margin-bottom: 20px;color: #4a5568\">Personnalisez votre lettre en quelques minutes gr\u00e2ce \u00e0 l&#8217;IA<\/p>\n<a href=\"https:\/\/ai.stylingcv.com\/ai-generator\/cover-letter?utm_source=stylingcv&utm_medium=website&utm_campaign=cta&utm_content=maitriser-creation-lettre-motivation-conseils-modeles\" class=\"cta-button\" style=\"background: #f5576c;color: white;padding: 12px 35px;border-radius: 8px;text-decoration: none;font-weight: 600\">Commencer la r\u00e9daction<\/a>\n<\/div>\n<div class=\"stylingcv-contextual-cta\" style=\"background:#fff;border:3px solid #667eea;padding:28px;border-radius:12px;margin:30px 0;text-align:center\">\n    <h3 style=\"color:#268599;margin:0 0 12px;font-size:21px;font-weight:600\">\ud83d\udce7 D\u00e9marquez-vous avec une excellente lettre de motivation<\/h3>\n    <p style=\"font-size:15px;margin:0 0 18px;color:#4a5568;line-height:1.6\">Le g\u00e9n\u00e9rateur de lettres de motivation aliment\u00e9 par l&#8217;IA vous aide \u00e0 r\u00e9diger des lettres convaincantes et adapt\u00e9es \u00e0 chaque poste.<\/p>\n    <a href=\"https:\/\/ai.stylingcv.com\/ai-generator\/cover-letter?utm_source=stylingcv&utm_medium=website&utm_campaign=cta&utm_content=maitriser-creation-lettre-motivation-conseils-modeles\" style=\"background:linear-gradient(135deg, #268599 0%, #618480 50%, #e8885e 100%);color:#fff;padding:13px 32px;border-radius:8px;text-decoration:none;font-weight:600;font-size:15px\">Commencer gratuitement<\/a>\n<\/div>\n\n\n\n\n\n\n<p>Commencez d\u00e8s aujourd&#8217;hui \u00e0 explorer nos ressources sur la lettre de motivation et faites un pas important vers l&#8217;emploi de vos r\u00eaves !<\/p>\n\n\n<!-- StylingCV Cover Letter CTA - Auto Inserted -->\n<div class=\"stylingcv-cta stylingcv-cta-cover-letter\" style=\"background: linear-gradient(135deg, #11998e 0%, #38ef7d 100%);border-radius: 12px;padding: 32px;margin: 32px 0;text-align: center\">\n    <h3 style=\"color: #fff;margin: 0 0 12px;font-size: 24px;font-weight: 600\">Cr\u00e9ez votre lettre de motivation parfaite<\/h3>\n    <p style=\"margin: 0 0 20px;font-size: 16px\">Notre IA g\u00e9n\u00e8re des lettres de motivation personnalis\u00e9es pour chaque candidature.<\/p>\n    <a href=\"https:\/\/ai.stylingcv.com\/ai-generator\/cover-letter?utm_source=blog&amp;utm_medium=cta&amp;utm_campaign=cover_letter_bottom\" target=\"_blank\" rel=\"noopener\" style=\"background: #fff;color: #11998e;padding: 14px 32px;border-radius: 8px;text-decoration: none;font-weight: 600;font-size: 16px\">R\u00e9diger gratuitement \u2192<\/a>\n<\/div>\n\n\n\n\n<div class=\"cta-box cta-final\" style=\"background: #fff5f5;border-left: 4px solid #f5576c;padding: 30px;margin: 40px 0\">\n<h4 style=\"color: #2d3748;margin-bottom: 15px;font-size: 22px\">\ud83c\udfaf Faites ressortir votre lettre de motivation\n\n<div class=\"cta-action\" style=\"background:#fff;border:3px solid #f5576c;padding:30px;border-radius:12px;margin:30px 0;text-align:center\"><h3 style=\"color:#f5576c;margin:0 0 15px;font-size:22px\">\ud83d\udcdd Pr\u00eat \u00e0 r\u00e9diger votre lettre de motivation ?<\/h3><p style=\"font-size:15px;margin:0 0 20px;color:#666\">Personnalis\u00e9e + Professionnelle + Efficace = Plus d&#8217;entretiens<\/p><a href=\"https:\/\/ai.stylingcv.com?utm_source=stylingcv&utm_medium=website&utm_campaign=cta&utm_content=maitriser-creation-lettre-motivation-conseils-modeles\" style=\"background:#f5576c;color:#fff;padding:15px 40px;border-radius:50px;text-decoration:none;font-weight:bold\">Cr\u00e9er ma lettre gratuitement \u2192<\/a><\/div>\n\n<\/h4>\n<p style=\"margin-bottom: 20px;color: #4a5568;line-height: 1.6\">Une excellente lettre de motivation peut faire la diff\u00e9rence entre obtenir un entretien ou \u00eatre ignor\u00e9. Cr\u00e9ez la v\u00f4tre d\u00e8s maintenant.<\/p>\n<a href=\"https:\/\/ai.stylingcv.com\/ai-generator\/cover-letter?utm_source=stylingcv&utm_medium=website&utm_campaign=cta&utm_content=maitriser-creation-lettre-motivation-conseils-modeles\" class=\"cta-button\" style=\"background: #f5576c;color: white;padding: 14px 35px;border-radius: 8px;text-decoration: none;font-weight: 600\">Cr\u00e9er ma lettre de motivation<\/a>\n<\/div>\n<div class=\"stylingcv-contextual-cta\" style=\"background:#f7fafc;border-left:4px solid #667eea;padding:20px;margin:25px 0;border-radius:8px\">\n    <p style=\"margin:0;font-size:15px;color:#2d3748\">\n        <strong style=\"color:#268599\">\ud83d\udcbc Compl\u00e9tez votre candidature<\/strong><br>\n        Une bonne lettre de motivation fait la diff\u00e9rence entre obtenir un entretien ou \u00eatre ignor\u00e9. <a href=\"https:\/\/ai.stylingcv.com\/ai-generator\/cover-letter?utm_source=stylingcv&utm_medium=website&utm_campaign=cta&utm_content=maitriser-creation-lettre-motivation-conseils-modeles\" style=\"color:#268599;font-weight:600;text-decoration:underline\">Cr\u00e9er ma lettre de motivation<\/a>\n    <\/p>\n\n<p>\ud83d\udc49 <a href=\"https:\/\/stylingcv.com\/resume-templates\/\">mod\u00e8les de CV gratuits<\/a><\/p>\n\n<p>\ud83d\udc49 <a href=\"https:\/\/stylingcv.com\/guides\/\">guides de r\u00e9daction de CV<\/a><\/p>\n\n<p><strong>\ud83d\udca1 Astuce de pro :<\/strong> StylingCV n&#8217;est pas seulement un cr\u00e9ateur de CV \u2014 c&#8217;est un g\u00e9n\u00e9rateur intelligent qui r\u00e9fl\u00e9chit. <a href=\"https:\/\/stylingcv.com\/resume-builder\/\">meilleur cr\u00e9ateur de CV IA 2026<\/a> en moins de 2 minutes.<\/p>\n<\/div>\n<div style=\"background:linear-gradient(135deg,#f8f9fa 0%,#e9ecef 100%);border-radius:12px;padding:25px 30px;margin:30px 0;border-left:4px solid #268599\"><h3 style=\"color:#268599;margin-top:0;font-size:1.2rem\">D\u00e9couvrez plus de ressources<\/h3><ul style=\"padding:0;margin:0\"><li style=\"margin-bottom:10px\"><a href=\"\/resume-builder\/\" style=\"color:#268599;font-weight:600\">Cr\u00e9ez votre CV maintenant<\/a><\/li><li style=\"margin-bottom:10px\"><a href=\"\/guides\/\" style=\"color:#268599;font-weight:600\">Parcourez tous les guides carri\u00e8re<\/a><\/li><li style=\"margin-bottom:10px\"><a href=\"\/ats-resume-checker\/\" style=\"color:#268599;font-weight:600\">V\u00e9rifiez votre score ATS<\/a><\/li><li style=\"margin-bottom:10px\"><a href=\"\/resume-templates\/\" style=\"color:#268599;font-weight:600\">D\u00e9couvrez nos mod\u00e8les de CV professionnels<\/a><\/li><li style=\"margin-bottom:10px\"><a href=\"\/resume-examples\/\" style=\"color:#268599;font-weight:600\">Voir tous les exemples de CV<\/a><\/li><\/ul><\/div><!-- stylingcv-hub-links --><div class=\"stylingcv-related-resources\" style=\"margin-top:30px;padding:20px;background:#f8f9fa;border-left:4px solid #1abc9c;border-radius:4px\"><h3 style=\"margin-top:0;color:#2c3e50\">D\u00e9couvrez plus de ressources<\/h3><ul style=\"padding:0\"><li><a href=\"https:\/\/stylingcv.com\/cover-letter-writing\/\">Guide de r\u00e9daction de lettre de motivation<\/a> &mdash; Votre guide complet<\/li><li><a href=\"https:\/\/stylingcv.com\/cover-letter-type-11\/\">Comment r\u00e9diger une lettre de motivation convaincante pour une mobilit\u00e9 interne&#8230;<\/a><\/li><li><a href=\"https:\/\/stylingcv.com\/cover-letter-closing-52\/\">Comment bien conclure une lettre de motivation ?<\/a><\/li><li><a href=\"https:\/\/stylingcv.com\/cover-letter-storytelling-156\/\">Comment raconter une histoire dans une lettre de motivation ?<\/a><\/li><\/ul><p style=\"margin-bottom:0;font-size:14px;color:#7f8c8d\">Bien plus qu&#8217;un cr\u00e9ateur de CV &mdash; un g\u00e9n\u00e9rateur intelligent qui r\u00e9fl\u00e9chit. <a href=\"https:\/\/stylingcv.com\/resume-builder\/\" style=\"color:#1abc9c;font-weight:bold\">Cr\u00e9ez votre CV en moins de 2 minutes &rarr;<\/a><\/p><\/div><!-- \/stylingcv-hub-links -->\n\n<style>.entry-content a[href*=\"ai.stylingcv.com\"]:not(.scv-exit-cta){transition:transform 0.2s ease,box-shadow 0.2s ease}.entry-content a[href*=\"ai.stylingcv.com\"]:not(.scv-exit-cta):hover{transform:translateY(-2px);box-shadow:0 4px 12px rgba(38,133,153,0.25)}<\/style>","protected":false},"excerpt":{"rendered":"<p>Ma\u00eetrisez la lettre de motivation avec des conseils d&#8217;experts, des mod\u00e8les et des guides de mise en page. Personnalisez, comblez les trous, d\u00e9marquez-vous aupr\u00e8s des employeurs.<\/p>\n","protected":false},"author":0,"featured_media":0,"parent":0,"menu_order":0,"comment_status":"closed","ping_status":"closed","template":"","meta":{"footnotes":""},"class_list":["post-1337","page","type-page","status-publish","hentry"," c-blog-1-item  nt-post-class"],"yoast_head":"<!-- This site is optimized with the Yoast SEO Premium plugin v26.5 (Yoast SEO v26.5) - https:\/\/yoast.com\/wordpress\/plugins\/seo\/ -->\n<title>Ma\u00eetrisez la cr\u00e9ation de lettre de motivation : conseils &amp;<\/title>\n<meta name=\"description\" content=\"Guide expert pour ma\u00eetriser la cr\u00e9ation de lettre de motivation. Conseils pratiques, mod\u00e8les et exemples pour booster votre recherche d&#039;emploi et votre\" \/>\n<meta name=\"robots\" content=\"index, follow, max-snippet:-1, max-image-preview:large, max-video-preview:-1\" \/>\n<link rel=\"canonical\" href=\"https:\/\/stylingcv.com\/fr\/maitriser-creation-lettre-motivation-conseils-modeles\/\" \/>\n<meta property=\"og:locale\" content=\"en_US\" \/>\n<meta property=\"og:type\" content=\"article\" \/>\n<meta property=\"og:title\" content=\"Ma\u00eetrisez la cr\u00e9ation de lettres de motivation : conseils et mod\u00e8les\" \/>\n<meta property=\"og:description\" content=\"Guide expert pour ma\u00eetriser la cr\u00e9ation de lettre de motivation. Conseils pratiques, mod\u00e8les et exemples pour booster votre recherche d&#039;emploi et votre\" \/>\n<meta property=\"og:url\" content=\"https:\/\/stylingcv.com\/fr\/maitriser-creation-lettre-motivation-conseils-modeles\/\" \/>\n<meta property=\"og:site_name\" content=\"StylingCV - Fran\u00e7ais\" \/>\n<meta name=\"twitter:card\" content=\"summary_large_image\" \/>\n<meta name=\"twitter:label1\" content=\"Est. reading time\" \/>\n\t<meta name=\"twitter:data1\" content=\"3 minutes\" \/>\n<script type=\"application\/ld+json\" class=\"yoast-schema-graph\">{\"@context\":\"https:\/\/schema.org\",\"@graph\":[{\"@type\":\"WebPage\",\"@id\":\"https:\/\/wp.stylingcv.com\/fr\/maitriser-creation-lettre-motivation-conseils-modeles\/\",\"url\":\"https:\/\/wp.stylingcv.com\/fr\/maitriser-creation-lettre-motivation-conseils-modeles\/\",\"name\":\"Ma\u00eetrisez la cr\u00e9ation de lettre de motivation : conseils &\",\"isPartOf\":{\"@id\":\"https:\/\/wp.stylingcv.com\/fr\/#website\"},\"datePublished\":\"2025-04-07T02:43:42+00:00\",\"description\":\"Guide expert pour ma\u00eetriser la cr\u00e9ation de lettre de motivation. Conseils pratiques, mod\u00e8les et exemples pour booster votre recherche d'emploi et votre\",\"breadcrumb\":{\"@id\":\"https:\/\/wp.stylingcv.com\/fr\/maitriser-creation-lettre-motivation-conseils-modeles\/#breadcrumb\"},\"inLanguage\":\"en-US\",\"potentialAction\":[{\"@type\":\"ReadAction\",\"target\":[\"https:\/\/wp.stylingcv.com\/fr\/maitriser-creation-lettre-motivation-conseils-modeles\/\"]}]},{\"@type\":\"BreadcrumbList\",\"@id\":\"https:\/\/wp.stylingcv.com\/fr\/maitriser-creation-lettre-motivation-conseils-modeles\/#breadcrumb\",\"itemListElement\":[{\"@type\":\"ListItem\",\"position\":1,\"name\":\"Home\",\"item\":\"https:\/\/wp.stylingcv.com\/fr\/\"},{\"@type\":\"ListItem\",\"position\":2,\"name\":\"Ma\u00eetrisez la cr\u00e9ation de lettres de motivation : conseils et mod\u00e8les\"}]},{\"@type\":\"WebSite\",\"@id\":\"https:\/\/wp.stylingcv.com\/fr\/#website\",\"url\":\"https:\/\/wp.stylingcv.com\/fr\/\",\"name\":\"StylingCV - Fran\u00e7ais\",\"description\":\"\",\"potentialAction\":[{\"@type\":\"SearchAction\",\"target\":{\"@type\":\"EntryPoint\",\"urlTemplate\":\"https:\/\/wp.stylingcv.com\/fr\/?s={search_term_string}\"},\"query-input\":{\"@type\":\"PropertyValueSpecification\",\"valueRequired\":true,\"valueName\":\"search_term_string\"}}],\"inLanguage\":\"en-US\"}]}<\/script>\n<!-- \/ Yoast SEO Premium plugin. -->","yoast_head_json":{"title":"Ma\u00eetrisez la cr\u00e9ation de lettre de motivation : conseils &","description":"Guide expert pour ma\u00eetriser la cr\u00e9ation de lettre de motivation. Conseils pratiques, mod\u00e8les et exemples pour booster votre recherche d'emploi et votre","robots":{"index":"index","follow":"follow","max-snippet":"max-snippet:-1","max-image-preview":"max-image-preview:large","max-video-preview":"max-video-preview:-1"},"canonical":"https:\/\/stylingcv.com\/fr\/maitriser-creation-lettre-motivation-conseils-modeles\/","og_locale":"en_US","og_type":"article","og_title":"Ma\u00eetrisez la cr\u00e9ation de lettres de motivation : conseils et mod\u00e8les","og_description":"Guide expert pour ma\u00eetriser la cr\u00e9ation de lettre de motivation. Conseils pratiques, mod\u00e8les et exemples pour booster votre recherche d'emploi et votre","og_url":"https:\/\/stylingcv.com\/fr\/maitriser-creation-lettre-motivation-conseils-modeles\/","og_site_name":"StylingCV - Fran\u00e7ais","twitter_card":"summary_large_image","twitter_misc":{"Est. reading time":"3 minutes"},"schema":{"@context":"https:\/\/schema.org","@graph":[{"@type":"WebPage","@id":"https:\/\/wp.stylingcv.com\/fr\/maitriser-creation-lettre-motivation-conseils-modeles\/","url":"https:\/\/wp.stylingcv.com\/fr\/maitriser-creation-lettre-motivation-conseils-modeles\/","name":"Ma\u00eetrisez la cr\u00e9ation de lettre de motivation : conseils &","isPartOf":{"@id":"https:\/\/wp.stylingcv.com\/fr\/#website"},"datePublished":"2025-04-07T02:43:42+00:00","description":"Guide expert pour ma\u00eetriser la cr\u00e9ation de lettre de motivation. Conseils pratiques, mod\u00e8les et exemples pour booster votre recherche d'emploi et votre","breadcrumb":{"@id":"https:\/\/wp.stylingcv.com\/fr\/maitriser-creation-lettre-motivation-conseils-modeles\/#breadcrumb"},"inLanguage":"en-US","potentialAction":[{"@type":"ReadAction","target":["https:\/\/wp.stylingcv.com\/fr\/maitriser-creation-lettre-motivation-conseils-modeles\/"]}]},{"@type":"BreadcrumbList","@id":"https:\/\/wp.stylingcv.com\/fr\/maitriser-creation-lettre-motivation-conseils-modeles\/#breadcrumb","itemListElement":[{"@type":"ListItem","position":1,"name":"Home","item":"https:\/\/wp.stylingcv.com\/fr\/"},{"@type":"ListItem","position":2,"name":"Ma\u00eetrisez la cr\u00e9ation de lettres de motivation : conseils et mod\u00e8les"}]},{"@type":"WebSite","@id":"https:\/\/wp.stylingcv.com\/fr\/#website","url":"https:\/\/wp.stylingcv.com\/fr\/","name":"StylingCV - Fran\u00e7ais","description":"","potentialAction":[{"@type":"SearchAction","target":{"@type":"EntryPoint","urlTemplate":"https:\/\/wp.stylingcv.com\/fr\/?s={search_term_string}"},"query-input":{"@type":"PropertyValueSpecification","valueRequired":true,"valueName":"search_term_string"}}],"inLanguage":"en-US"}]}},"_links":{"self":[{"href":"https:\/\/wp.stylingcv.com\/fr\/wp-json\/wp\/v2\/pages\/1337","targetHints":{"allow":["GET"]}}],"collection":[{"href":"https:\/\/wp.stylingcv.com\/fr\/wp-json\/wp\/v2\/pages"}],"about":[{"href":"https:\/\/wp.stylingcv.com\/fr\/wp-json\/wp\/v2\/types\/page"}],"replies":[{"embeddable":true,"href":"https:\/\/wp.stylingcv.com\/fr\/wp-json\/wp\/v2\/comments?post=1337"}],"version-history":[{"count":0,"href":"https:\/\/wp.stylingcv.com\/fr\/wp-json\/wp\/v2\/pages\/1337\/revisions"}],"wp:attachment":[{"href":"https:\/\/wp.stylingcv.com\/fr\/wp-json\/wp\/v2\/media?parent=1337"}],"curies":[{"name":"wp","href":"https:\/\/api.w.org\/{rel}","templated":true}]}}