{"id":1274,"date":"2026-03-18T19:25:30","date_gmt":"2026-03-18T19:25:30","guid":{"rendered":"https:\/\/stylingcv.com\/fr\/toutes-les-pages\/"},"modified":"2026-03-18T19:25:30","modified_gmt":"2026-03-18T19:25:30","slug":"all-pages","status":"publish","type":"page","link":"https:\/\/wp.stylingcv.com\/fr\/all-pages\/","title":{"rendered":"toutes les pages"},"content":{"rendered":"\n [stylingcv_page_list]","protected":false},"excerpt":{"rendered":"<p>[stylingcv_page_list]<\/p>\n","protected":false},"author":0,"featured_media":0,"parent":0,"menu_order":0,"comment_status":"closed","ping_status":"closed","template":"","meta":{"footnotes":""},"class_list":["post-1274","page","type-page","status-publish","hentry"," c-blog-1-item  nt-post-class"],"yoast_head":"<!-- This site is optimized with the Yoast SEO Premium plugin v26.5 (Yoast SEO v26.5) - https:\/\/yoast.com\/wordpress\/plugins\/seo\/ -->\n<title>toutes les pages<\/title>\n<meta name=\"description\" content=\"D\u00e9couvrez toutes les pages disponibles sur StylingCV pour g\u00e9rer et cr\u00e9er votre CV facilement.\" \/>\n<meta name=\"robots\" content=\"index, follow, max-snippet:-1, max-image-preview:large, max-video-preview:-1\" \/>\n<link rel=\"canonical\" href=\"https:\/\/stylingcv.com\/fr\/all-pages\/\" \/>\n<meta property=\"og:locale\" content=\"en_US\" \/>\n<meta property=\"og:type\" content=\"article\" \/>\n<meta property=\"og:title\" content=\"toutes les pages\" \/>\n<meta property=\"og:description\" content=\"D\u00e9couvrez toutes les pages disponibles sur StylingCV pour g\u00e9rer et cr\u00e9er votre CV facilement.\" \/>\n<meta property=\"og:url\" content=\"https:\/\/stylingcv.com\/fr\/all-pages\/\" \/>\n<meta property=\"og:site_name\" content=\"StylingCV - Fran\u00e7ais\" \/>\n<meta name=\"twitter:card\" content=\"summary_large_image\" \/>\n<script type=\"application\/ld+json\" class=\"yoast-schema-graph\">{\"@context\":\"https:\/\/schema.org\",\"@graph\":[{\"@type\":\"WebPage\",\"@id\":\"https:\/\/wp.stylingcv.com\/fr\/all-pages\/\",\"url\":\"https:\/\/wp.stylingcv.com\/fr\/all-pages\/\",\"name\":\"toutes les pages\",\"isPartOf\":{\"@id\":\"https:\/\/wp.stylingcv.com\/fr\/#website\"},\"datePublished\":\"2026-03-18T19:25:30+00:00\",\"description\":\"D\u00e9couvrez toutes les pages disponibles sur StylingCV pour g\u00e9rer et cr\u00e9er votre CV facilement.\",\"breadcrumb\":{\"@id\":\"https:\/\/wp.stylingcv.com\/fr\/all-pages\/#breadcrumb\"},\"inLanguage\":\"en-US\",\"potentialAction\":[{\"@type\":\"ReadAction\",\"target\":[\"https:\/\/wp.stylingcv.com\/fr\/all-pages\/\"]}]},{\"@type\":\"BreadcrumbList\",\"@id\":\"https:\/\/wp.stylingcv.com\/fr\/all-pages\/#breadcrumb\",\"itemListElement\":[{\"@type\":\"ListItem\",\"position\":1,\"name\":\"Home\",\"item\":\"https:\/\/wp.stylingcv.com\/fr\/\"},{\"@type\":\"ListItem\",\"position\":2,\"name\":\"toutes les pages\"}]},{\"@type\":\"WebSite\",\"@id\":\"https:\/\/wp.stylingcv.com\/fr\/#website\",\"url\":\"https:\/\/wp.stylingcv.com\/fr\/\",\"name\":\"StylingCV - Fran\u00e7ais\",\"description\":\"\",\"potentialAction\":[{\"@type\":\"SearchAction\",\"target\":{\"@type\":\"EntryPoint\",\"urlTemplate\":\"https:\/\/wp.stylingcv.com\/fr\/?s={search_term_string}\"},\"query-input\":{\"@type\":\"PropertyValueSpecification\",\"valueRequired\":true,\"valueName\":\"search_term_string\"}}],\"inLanguage\":\"en-US\"}]}<\/script>\n<!-- \/ Yoast SEO Premium plugin. -->","yoast_head_json":{"title":"toutes les pages","description":"D\u00e9couvrez toutes les pages disponibles sur StylingCV pour g\u00e9rer et cr\u00e9er votre CV facilement.","robots":{"index":"index","follow":"follow","max-snippet":"max-snippet:-1","max-image-preview":"max-image-preview:large","max-video-preview":"max-video-preview:-1"},"canonical":"https:\/\/stylingcv.com\/fr\/all-pages\/","og_locale":"en_US","og_type":"article","og_title":"toutes les pages","og_description":"D\u00e9couvrez toutes les pages disponibles sur StylingCV pour g\u00e9rer et cr\u00e9er votre CV facilement.","og_url":"https:\/\/stylingcv.com\/fr\/all-pages\/","og_site_name":"StylingCV - Fran\u00e7ais","twitter_card":"summary_large_image","schema":{"@context":"https:\/\/schema.org","@graph":[{"@type":"WebPage","@id":"https:\/\/wp.stylingcv.com\/fr\/all-pages\/","url":"https:\/\/wp.stylingcv.com\/fr\/all-pages\/","name":"toutes les pages","isPartOf":{"@id":"https:\/\/wp.stylingcv.com\/fr\/#website"},"datePublished":"2026-03-18T19:25:30+00:00","description":"D\u00e9couvrez toutes les pages disponibles sur StylingCV pour g\u00e9rer et cr\u00e9er votre CV facilement.","breadcrumb":{"@id":"https:\/\/wp.stylingcv.com\/fr\/all-pages\/#breadcrumb"},"inLanguage":"en-US","potentialAction":[{"@type":"ReadAction","target":["https:\/\/wp.stylingcv.com\/fr\/all-pages\/"]}]},{"@type":"BreadcrumbList","@id":"https:\/\/wp.stylingcv.com\/fr\/all-pages\/#breadcrumb","itemListElement":[{"@type":"ListItem","position":1,"name":"Home","item":"https:\/\/wp.stylingcv.com\/fr\/"},{"@type":"ListItem","position":2,"name":"toutes les pages"}]},{"@type":"WebSite","@id":"https:\/\/wp.stylingcv.com\/fr\/#website","url":"https:\/\/wp.stylingcv.com\/fr\/","name":"StylingCV - Fran\u00e7ais","description":"","potentialAction":[{"@type":"SearchAction","target":{"@type":"EntryPoint","urlTemplate":"https:\/\/wp.stylingcv.com\/fr\/?s={search_term_string}"},"query-input":{"@type":"PropertyValueSpecification","valueRequired":true,"valueName":"search_term_string"}}],"inLanguage":"en-US"}]}},"_links":{"self":[{"href":"https:\/\/wp.stylingcv.com\/fr\/wp-json\/wp\/v2\/pages\/1274","targetHints":{"allow":["GET"]}}],"collection":[{"href":"https:\/\/wp.stylingcv.com\/fr\/wp-json\/wp\/v2\/pages"}],"about":[{"href":"https:\/\/wp.stylingcv.com\/fr\/wp-json\/wp\/v2\/types\/page"}],"replies":[{"embeddable":true,"href":"https:\/\/wp.stylingcv.com\/fr\/wp-json\/wp\/v2\/comments?post=1274"}],"version-history":[{"count":0,"href":"https:\/\/wp.stylingcv.com\/fr\/wp-json\/wp\/v2\/pages\/1274\/revisions"}],"wp:attachment":[{"href":"https:\/\/wp.stylingcv.com\/fr\/wp-json\/wp\/v2\/media?parent=1274"}],"curies":[{"name":"wp","href":"https:\/\/api.w.org\/{rel}","templated":true}]}}