{"id":1179,"date":"2026-02-25T03:49:21","date_gmt":"2026-02-25T03:49:21","guid":{"rendered":"https:\/\/stylingcv.com\/fr\/faq\/longueur-lettre-motivation-efficace-2\/"},"modified":"2026-02-25T03:49:21","modified_gmt":"2026-02-25T03:49:21","slug":"cover-letter-length-84","status":"publish","type":"page","link":"https:\/\/wp.stylingcv.com\/fr\/faq\/cover-letter-length-84\/","title":{"rendered":"Quelle est la longueur id\u00e9ale pour une lettre de motivation efficace\u00a0?"},"content":{"rendered":"\n<style>\n.faq-hero{background:linear-gradient(135deg,#0d2b3e 0%,#0d4f6e 50%,#0a7c6b 100%);padding:48px 40px 40px;border-radius:0 0 24px 24px;position:relative;overflow:hidden}\n.faq-hero::before{content:'';position:absolute;top:-50%;right:-10%;width:400px;height:400px;background:radial-gradient(circle,rgba(20,184,166,.15),transparent 70%);border-radius:50%}\n.faq-breadcrumb{display:flex;align-items:center;gap:8px;margin-bottom:20px;font-size:13px;color:rgba(255,255,255,.6);flex-wrap:wrap}\n.faq-breadcrumb a{color:rgba(255,255,255,.7);text-decoration:none}.faq-breadcrumb a:hover{color:#14b8a6}\n.faq-breadcrumb .sep{color:rgba(255,255,255,.35)}\n.faq-category-badge{display:inline-flex;align-items:center;gap:6px;background:rgba(20,184,166,.2);color:#14b8a6;border:1px solid rgba(20,184,166,.3);border-radius:20px;padding:4px 14px;font-size:12px;font-weight:600;letter-spacing:.5px;text-transform:uppercase;margin-bottom:16px}\n.faq-hero-title{font-size:clamp(22px,3.5vw,36px);font-weight:800;color:#fff;line-height:1.25;margin:0 0 8px;max-width:800px}\n.faq-meta{display:flex;gap:20px;margin-top:16px;flex-wrap:wrap}\n.faq-meta-item{color:rgba(255,255,255,.55);font-size:13px}\n.faq-content-wrap{max-width:860px;margin:0 auto;padding:0 20px 60px}\n.faq-quick-answer{background:linear-gradient(135deg,#f0fdfa,#e6fffa);border-left:4px solid #14b8a6;border-radius:0 12px 12px 0;padding:20px 24px;margin:32px 0}\n.faq-quick-answer::before{content:'\u26a1 Quick Answer';display:block;font-size:11px;font-weight:700;color:#0d9488;letter-spacing:1px;text-transform:uppercase;margin-bottom:10px}\n.faq-quick-answer p{margin:0;color:#134e4a;font-size:15px;line-height:1.7;font-weight:500}\n.faq-answer-card{background:#fff;border-radius:16px;padding:32px;margin:0 0 28px;box-shadow:0 2px 20px rgba(0,0,0,.06);border:1px solid #f1f5f9}\n.faq-answer-card h3{font-size:17px;font-weight:700;color:#0f2744;margin:0 0 12px;padding-bottom:10px;border-bottom:2px solid #f1f5f9}\n.faq-answer-card p{color:#374151;line-height:1.75;font-size:15px;margin:0 0 12px}.faq-answer-card p:last-child{margin:0}\n.faq-related{background:#f8fafc;border-radius:16px;padding:28px 32px;margin:28px 0}\n.faq-related h3{font-size:16px;font-weight:700;color:#0f2744;margin:0 0 16px}\n.faq-related-grid{display:grid;grid-template-columns:repeat(auto-fit,minmax(200px,1fr));gap:10px}\n.faq-related-link{display:flex;align-items:center;gap:8px;padding:10px 14px;background:#fff;border-radius:10px;text-decoration:none;color:#0d4f6e;font-size:13px;font-weight:500;border:1px solid #e2e8f0;transition:.2s}\n.faq-related-link:hover{border-color:#14b8a6;color:#0a7c6b;background:#f0fdfa}\n.faq-related-link::before{content:'\u2192';color:#14b8a6;font-weight:700;flex-shrink:0}\n.faq-cta-box{background:linear-gradient(135deg,#0d2b3e,#0a7c6b);border-radius:20px;padding:36px;text-align:center;margin:36px 0 0}\n.faq-cta-box h3{color:#fff;font-size:22px;font-weight:800;margin:0 0 8px}\n.faq-cta-box p{color:rgba(255,255,255,.75);font-size:14px;margin:0 0 20px}\n.faq-cta-btn{display:inline-flex;align-items:center;gap:8px;background:#e8713a;color:#fff;padding:14px 28px;border-radius:10px;font-weight:700;font-size:15px;text-decoration:none}\n.faq-cta-btn:hover{background:#d4622b}\n@media(max-width:640px){.faq-hero{padding:32px 20px 28px}.faq-content-wrap{padding:0 12px 40px}.faq-answer-card,.faq-cta-box{padding:20px}}\n<\/style>\n<div class=\"faq-hero\">\n  <div class=\"faq-breadcrumb\"><a href=\"https:\/\/stylingcv.com\/\">Accueil<\/a><span class=\"sep\">\u203a<\/span><a href=\"https:\/\/stylingcv.com\/faq\/\">FAQ<\/a><span class=\"sep\">\u203a<\/span><span>FAQ<\/span><\/div>\n  <div class=\"faq-category-badge\">\ud83d\udccb FAQ<\/div>\n  <h1 class=\"faq-hero-title\">Quelle est la longueur id\u00e9ale pour une lettre de motivation efficace\u00a0?<\/h1>\n  <div class=\"faq-meta\"><span class=\"faq-meta-item\">\ud83d\udcc5 Mis \u00e0 jour en mars 2026<\/span> &nbsp; <span class=\"faq-meta-item\">\u23f1 3 min de lecture<\/span> &nbsp; <span class=\"faq-meta-item\">\u2705 V\u00e9rifi\u00e9 par un expert<\/span><\/div>\n<\/div>\n\n\n\n<div class=\"faq-content-wrap\">\n  <div class=\"faq-quick-answer\"><p>R\u00e9diger une lettre de motivation efficace n\u00e9cessite de comprendre son objectif et les meilleures pratiques. D\u00e8s l\u2019introduction, captez l\u2019attention du lecteur avec des connaissances pr\u00e9cises sur l\u2019entreprise et une r\u00e9elle motivation pour le poste \u2013 \u00e9vitez&#8230;<\/p><\/div>\n  <div class=\"faq-answer-card\"><h3>\ud83d\udcd6 R\u00e9ponse compl\u00e8te<\/h3>\n    <p>R\u00e9diger une lettre de motivation efficace n\u00e9cessite de comprendre son objectif et les meilleures pratiques. D\u00e8s l\u2019introduction, captez l\u2019attention du lecteur avec des connaissances pr\u00e9cises sur l\u2019entreprise et une r\u00e9elle motivation pour le poste \u2013 \u00e9vitez les formules g\u00e9n\u00e9riques du type \u00ab Je vous \u00e9cris pour postuler \u00bb. Dans le corps du texte, fournissez 2 \u00e0 3 exemples concrets de r\u00e9alisations r\u00e9pondant directement aux exigences du poste, avec des r\u00e9sultats chiffr\u00e9s. Pour la conclusion, r\u00e9affirmez votre int\u00e9r\u00eat, incluez un appel \u00e0 l\u2019action et remerciez le recruteur pour sa consid\u00e9ration.<\/p>\n    <p>Pour le ton, trouvez l\u2019\u00e9quilibre entre le professionnel et le conversationnel \u2013 \u00e9crivez d\u2019humain \u00e0 humain tout en restant respectueux et formel. Pour la longueur, limitez-vous \u00e0 une page, 3 \u00e0 4 paragraphes, 250 \u00e0 400 mots maximum. Pour la personnalisation, adaptez chaque lettre \u00e0 l\u2019entreprise et au poste en utilisant leur vocabulaire, en r\u00e9pondant \u00e0 leurs enjeux et en reliant votre exp\u00e9rience \u00e0 leurs besoins. Pour le storytelling, tissez un r\u00e9cit coh\u00e9rent expliquant pourquoi vous \u00eates la personne id\u00e9ale, en pr\u00e9sentant votre parcours et vos motivations de fa\u00e7on authentique.<\/p>\n    <p>C\u00f4t\u00e9 format, utilisez la structure classique d\u2019une lettre professionnelle\u00a0: vos coordonn\u00e9es, la date, les coordonn\u00e9es du destinataire, une formule d\u2019appel, 3 \u00e0 4 paragraphes, une formule de politesse. Pour les exemples, consultez des mod\u00e8les de lettres de motivation dans votre secteur mais ne copiez jamais \u2013 inspirez-vous de la structure tout en gardant un contenu original et personnel. Pour \u00e9viter les erreurs, relisez plusieurs fois, v\u00e9rifiez l\u2019orthographe du nom du destinataire, assurez-vous de ne pas avoir laiss\u00e9 de texte g\u00e9n\u00e9rique, et que vous mentionnez la bonne entreprise et le bon poste. Une lettre de motivation solide compl\u00e8te votre CV en ajoutant de la personnalit\u00e9, du contexte et en explicitant le lien entre vos comp\u00e9tences et leurs besoins.<\/p>\n  <\/div>\n  <div class=\"faq-cta-box\">\n    <h3>\ud83d\ude80 Pr\u00eat \u00e0 d\u00e9crocher le job de vos r\u00eaves\u00a0?<\/h3>\n    <p>Cr\u00e9ez un CV professionnel optimis\u00e9 ATS en quelques minutes avec StylingCV AI \u2014 d\u00e9j\u00e0 adopt\u00e9 par plus de 6\u00a0millions de candidats dans le monde.<\/p>\n    <a class=\"faq-cta-btn\" href=\"https:\/\/ai.stylingcv.com\/ai-generatorsignup?utm_source=stylingcv&utm_medium=website&utm_campaign=cta&utm_content=cover-letter-length-84\" target=\"_blank\" rel=\"noopener\">Essayez StylingCV AI gratuitement \u2192<\/a>\n  <\/div>\n<\/div>\n\n\n\n<script type=\"application\/ld+json\">\n{\n  \"@context\": \"https:\/\/schema.org\",\n  \"@type\": \"FAQPage\",\n  \"mainEntity\": [{\n    \"@type\": \"Question\",\n    \"name\": \"Quelle est la longueur id\u00e9ale pour une lettre de motivation efficace\u00a0?\",\n    \"acceptedAnswer\": {\n      \"@type\": \"Answer\",\n      \"text\": \"R\u00e9diger une lettre de motivation efficace n\u00e9cessite de comprendre son objectif et les meilleures pratiques. D\u00e8s l\u2019introduction, captez l\u2019attention du lecteur avec des connaissances pr\u00e9cises sur l\u2019entreprise et une r\u00e9elle motivation pour le poste \u2013 \u00e9vitez les formules g\u00e9n\u00e9riques du type \u2018Je vous \u00e9cris pour postuler\u2019. Dans le corps du texte, fournissez 2 \u00e0 3 exemples concrets de r\u00e9alisations r\u00e9pondant directement aux exigences du poste, avec des r\u00e9sultats chiffr\u00e9s. Pour la conclusion, r\u00e9affirmez votre int\u00e9r\u00eat, incluez un appel \u00e0 l\u2019action et remerciez le recruteur pour sa consid\u00e9ration. Pour le ton, trouvez l\u2019\u00e9quilibre entre le professionnel et le conversationnel \u2013 \u00e9crivez d\u2019humain \u00e0 humain tout en restant respectueux et formel. Pour la longueur, limitez-vous \u00e0 une page, 3 \u00e0 4 paragraphes, 250 \u00e0 400 mots maximum. Pour la personnalisation, adaptez chaque lettre \u00e0 l\u2019entreprise et au poste en utilisant leur vocabulaire, en r\u00e9pondant \u00e0 leurs enjeux et en reliant votre exp\u00e9rience \u00e0 leurs besoins. Pour le storytelling, tissez un r\u00e9cit coh\u00e9rent expliquant pourquoi vous \u00eates la personne id\u00e9ale, en pr\u00e9sentant votre parcours et vos motivations de fa\u00e7on authentique. C\u00f4t\u00e9 format, utilisez la structure classique d\u2019une lettre professionnelle\u00a0: vos coordonn\u00e9es, la date, les coordonn\u00e9es du destinataire, une formule d\u2019appel, 3 \u00e0 4 paragraphes, une formule de politesse. Pour les exemples, consultez des mod\u00e8les de lettres de motivation dans votre secteur mais ne copiez jamais \u2013 inspirez-vous de la structure tout en gardant un contenu original et personnel. Pour \u00e9viter les erreurs, relisez plusieurs fois, v\u00e9rifiez l\u2019orthographe du nom du destinataire, assurez-vous de ne pas avoir laiss\u00e9 de texte g\u00e9n\u00e9rique, et que vous mentionnez la bonne entreprise et le bon poste. Une lettre de motivation solide compl\u00e8te votre CV en ajoutant de la personnalit\u00e9, du contexte et en explicitant le lien entre vos comp\u00e9tences et leurs besoins.\"\n    }\n  }]\n}\n<\/script>\n<style>.entry-content a[href*=\"ai.stylingcv.com\"]:not(.scv-exit-cta){transition:transform 0.2s ease,box-shadow 0.2s ease}.entry-content a[href*=\"ai.stylingcv.com\"]:not(.scv-exit-cta):hover{transform:translateY(-2px);box-shadow:0 4px 12px rgba(38,133,153,0.25)}<\/style>","protected":false},"excerpt":{"rendered":"<p>Accueil\u203aFAQ\u203aFAQ \ud83d\udccb FAQ Quelle est la longueur id\u00e9ale pour une lettre de motivation efficace\u00a0? \ud83d\udcc5 Mis \u00e0 jour en mars 2026 &nbsp; \u23f1 3 min de lecture &nbsp; \u2705 V\u00e9rifi\u00e9 par un expert R\u00e9diger une lettre de motivation efficace n\u00e9cessite de comprendre son objectif et les meilleures pratiques. D\u00e8s l\u2019introduction, captez l\u2019attention du lecteur avec&#8230;<\/p>\n","protected":false},"author":0,"featured_media":0,"parent":844,"menu_order":0,"comment_status":"closed","ping_status":"closed","template":"","meta":{"footnotes":""},"class_list":["post-1179","page","type-page","status-publish","hentry"," c-blog-1-item  nt-post-class"],"yoast_head":"<!-- This site is optimized with the Yoast SEO Premium plugin v26.5 (Yoast SEO v26.5) - https:\/\/yoast.com\/wordpress\/plugins\/seo\/ -->\n<title>Longueur id\u00e9ale d&#039;une lettre de motivation efficace<\/title>\n<meta name=\"description\" content=\"D\u00e9couvrez comment r\u00e9diger une lettre de motivation efficace : longueur id\u00e9ale, structure, conseils de personnalisation et erreurs \u00e0 \u00e9viter pour convaincre les\" \/>\n<meta name=\"robots\" content=\"index, follow, max-snippet:-1, max-image-preview:large, max-video-preview:-1\" \/>\n<link rel=\"canonical\" href=\"https:\/\/stylingcv.com\/fr\/faq\/cover-letter-length-84\/\" \/>\n<meta property=\"og:locale\" content=\"en_US\" \/>\n<meta property=\"og:type\" content=\"article\" \/>\n<meta property=\"og:title\" content=\"Quelle est la longueur id\u00e9ale pour une lettre de motivation efficace\u00a0?\" \/>\n<meta property=\"og:description\" content=\"D\u00e9couvrez comment r\u00e9diger une lettre de motivation efficace : longueur id\u00e9ale, structure, conseils de personnalisation et erreurs \u00e0 \u00e9viter pour convaincre les\" \/>\n<meta property=\"og:url\" content=\"https:\/\/stylingcv.com\/fr\/faq\/cover-letter-length-84\/\" \/>\n<meta property=\"og:site_name\" content=\"StylingCV - Fran\u00e7ais\" \/>\n<meta name=\"twitter:card\" content=\"summary_large_image\" \/>\n<meta name=\"twitter:label1\" content=\"Est. reading time\" \/>\n\t<meta name=\"twitter:data1\" content=\"2 minutes\" \/>\n<script type=\"application\/ld+json\" class=\"yoast-schema-graph\">{\"@context\":\"https:\/\/schema.org\",\"@graph\":[{\"@type\":\"WebPage\",\"@id\":\"https:\/\/wp.stylingcv.com\/fr\/faq\/cover-letter-length-84\/\",\"url\":\"https:\/\/wp.stylingcv.com\/fr\/faq\/cover-letter-length-84\/\",\"name\":\"Longueur id\u00e9ale d'une lettre de motivation efficace\",\"isPartOf\":{\"@id\":\"https:\/\/wp.stylingcv.com\/fr\/#website\"},\"datePublished\":\"2026-02-25T03:49:21+00:00\",\"description\":\"D\u00e9couvrez comment r\u00e9diger une lettre de motivation efficace : longueur id\u00e9ale, structure, conseils de personnalisation et erreurs \u00e0 \u00e9viter pour convaincre les\",\"breadcrumb\":{\"@id\":\"https:\/\/wp.stylingcv.com\/fr\/faq\/cover-letter-length-84\/#breadcrumb\"},\"inLanguage\":\"en-US\",\"potentialAction\":[{\"@type\":\"ReadAction\",\"target\":[\"https:\/\/wp.stylingcv.com\/fr\/faq\/cover-letter-length-84\/\"]}]},{\"@type\":\"BreadcrumbList\",\"@id\":\"https:\/\/wp.stylingcv.com\/fr\/faq\/cover-letter-length-84\/#breadcrumb\",\"itemListElement\":[{\"@type\":\"ListItem\",\"position\":1,\"name\":\"Home\",\"item\":\"https:\/\/wp.stylingcv.com\/fr\/\"},{\"@type\":\"ListItem\",\"position\":2,\"name\":\"FAQ\",\"item\":\"https:\/\/wp.stylingcv.com\/fr\/faq\/\"},{\"@type\":\"ListItem\",\"position\":3,\"name\":\"Quelle est la longueur id\u00e9ale pour une lettre de motivation efficace\u00a0?\"}]},{\"@type\":\"WebSite\",\"@id\":\"https:\/\/wp.stylingcv.com\/fr\/#website\",\"url\":\"https:\/\/wp.stylingcv.com\/fr\/\",\"name\":\"StylingCV - Fran\u00e7ais\",\"description\":\"\",\"potentialAction\":[{\"@type\":\"SearchAction\",\"target\":{\"@type\":\"EntryPoint\",\"urlTemplate\":\"https:\/\/wp.stylingcv.com\/fr\/?s={search_term_string}\"},\"query-input\":{\"@type\":\"PropertyValueSpecification\",\"valueRequired\":true,\"valueName\":\"search_term_string\"}}],\"inLanguage\":\"en-US\"}]}<\/script>\n<!-- \/ Yoast SEO Premium plugin. -->","yoast_head_json":{"title":"Longueur id\u00e9ale d'une lettre de motivation efficace","description":"D\u00e9couvrez comment r\u00e9diger une lettre de motivation efficace : longueur id\u00e9ale, structure, conseils de personnalisation et erreurs \u00e0 \u00e9viter pour convaincre les","robots":{"index":"index","follow":"follow","max-snippet":"max-snippet:-1","max-image-preview":"max-image-preview:large","max-video-preview":"max-video-preview:-1"},"canonical":"https:\/\/stylingcv.com\/fr\/faq\/cover-letter-length-84\/","og_locale":"en_US","og_type":"article","og_title":"Quelle est la longueur id\u00e9ale pour une lettre de motivation efficace\u00a0?","og_description":"D\u00e9couvrez comment r\u00e9diger une lettre de motivation efficace : longueur id\u00e9ale, structure, conseils de personnalisation et erreurs \u00e0 \u00e9viter pour convaincre les","og_url":"https:\/\/stylingcv.com\/fr\/faq\/cover-letter-length-84\/","og_site_name":"StylingCV - Fran\u00e7ais","twitter_card":"summary_large_image","twitter_misc":{"Est. reading time":"2 minutes"},"schema":{"@context":"https:\/\/schema.org","@graph":[{"@type":"WebPage","@id":"https:\/\/wp.stylingcv.com\/fr\/faq\/cover-letter-length-84\/","url":"https:\/\/wp.stylingcv.com\/fr\/faq\/cover-letter-length-84\/","name":"Longueur id\u00e9ale d'une lettre de motivation efficace","isPartOf":{"@id":"https:\/\/wp.stylingcv.com\/fr\/#website"},"datePublished":"2026-02-25T03:49:21+00:00","description":"D\u00e9couvrez comment r\u00e9diger une lettre de motivation efficace : longueur id\u00e9ale, structure, conseils de personnalisation et erreurs \u00e0 \u00e9viter pour convaincre les","breadcrumb":{"@id":"https:\/\/wp.stylingcv.com\/fr\/faq\/cover-letter-length-84\/#breadcrumb"},"inLanguage":"en-US","potentialAction":[{"@type":"ReadAction","target":["https:\/\/wp.stylingcv.com\/fr\/faq\/cover-letter-length-84\/"]}]},{"@type":"BreadcrumbList","@id":"https:\/\/wp.stylingcv.com\/fr\/faq\/cover-letter-length-84\/#breadcrumb","itemListElement":[{"@type":"ListItem","position":1,"name":"Home","item":"https:\/\/wp.stylingcv.com\/fr\/"},{"@type":"ListItem","position":2,"name":"FAQ","item":"https:\/\/wp.stylingcv.com\/fr\/faq\/"},{"@type":"ListItem","position":3,"name":"Quelle est la longueur id\u00e9ale pour une lettre de motivation efficace\u00a0?"}]},{"@type":"WebSite","@id":"https:\/\/wp.stylingcv.com\/fr\/#website","url":"https:\/\/wp.stylingcv.com\/fr\/","name":"StylingCV - Fran\u00e7ais","description":"","potentialAction":[{"@type":"SearchAction","target":{"@type":"EntryPoint","urlTemplate":"https:\/\/wp.stylingcv.com\/fr\/?s={search_term_string}"},"query-input":{"@type":"PropertyValueSpecification","valueRequired":true,"valueName":"search_term_string"}}],"inLanguage":"en-US"}]}},"_links":{"self":[{"href":"https:\/\/wp.stylingcv.com\/fr\/wp-json\/wp\/v2\/pages\/1179","targetHints":{"allow":["GET"]}}],"collection":[{"href":"https:\/\/wp.stylingcv.com\/fr\/wp-json\/wp\/v2\/pages"}],"about":[{"href":"https:\/\/wp.stylingcv.com\/fr\/wp-json\/wp\/v2\/types\/page"}],"replies":[{"embeddable":true,"href":"https:\/\/wp.stylingcv.com\/fr\/wp-json\/wp\/v2\/comments?post=1179"}],"version-history":[{"count":0,"href":"https:\/\/wp.stylingcv.com\/fr\/wp-json\/wp\/v2\/pages\/1179\/revisions"}],"up":[{"embeddable":true,"href":"https:\/\/wp.stylingcv.com\/fr\/wp-json\/wp\/v2\/pages\/844"}],"wp:attachment":[{"href":"https:\/\/wp.stylingcv.com\/fr\/wp-json\/wp\/v2\/media?parent=1179"}],"curies":[{"name":"wp","href":"https:\/\/api.w.org\/{rel}","templated":true}]}}