{"id":1131,"date":"2026-02-25T03:47:47","date_gmt":"2026-02-25T03:47:47","guid":{"rendered":"https:\/\/stylingcv.com\/fr\/redaction-lettre-motivation\/lettre-motivation-storytelling-efficace\/"},"modified":"2026-02-25T03:47:47","modified_gmt":"2026-02-25T03:47:47","slug":"cover-letter-storytelling-36","status":"publish","type":"page","link":"https:\/\/wp.stylingcv.com\/fr\/cover-letter-writing\/cover-letter-storytelling-36\/","title":{"rendered":"Comment r\u00e9diger une lettre de motivation efficace en racontant une histoire ?"},"content":{"rendered":"\n<p class=\"faq-category\"><strong>Cat\u00e9gorie&nbsp;:<\/strong> FAQ Lettre de motivation<\/p>\n\n\n\n<h2 class=\"wp-block-heading\">Comment r\u00e9diger une lettre de motivation efficace en racontant une histoire&nbsp;?<\/h2>\n\n\n\n<p>R\u00e9diger une lettre de motivation efficace en storytelling n\u00e9cessite de comprendre son objectif et les meilleures pratiques. Pour l\u2019introduction, captez l\u2019attention du lecteur d\u00e8s le d\u00e9but avec une connaissance pr\u00e9cise de l\u2019entreprise et un r\u00e9el enthousiasme pour le poste&nbsp;\u2013 \u00e9vitez les formules g\u00e9n\u00e9riques comme \u00ab&nbsp;Je vous \u00e9cris pour postuler&nbsp;\u00bb. Dans les paragraphes centraux, fournissez 2 \u00e0 3 exemples concrets de r\u00e9alisations r\u00e9pondant directement aux exigences du poste, avec des r\u00e9sultats chiffr\u00e9s. Pour la conclusion, r\u00e9affirmez votre int\u00e9r\u00eat, incluez un appel \u00e0 l\u2019action et remerciez le recruteur pour sa consid\u00e9ration. Adoptez un ton \u00e0 la fois professionnel et conversationnel&nbsp;: \u00e9crivez d\u2019humain \u00e0 humain tout en gardant respect et formalit\u00e9. Pour la longueur, limitez-vous \u00e0 une page, 3 \u00e0 4 paragraphes, 250 \u00e0 400 mots maximum. Personnalisez chaque lettre pour l\u2019entreprise et le poste vis\u00e9s en utilisant leur vocabulaire, en abordant leurs enjeux et en reliant votre exp\u00e9rience \u00e0 leurs besoins. Pour le storytelling, tissez un r\u00e9cit coh\u00e9rent expliquant pourquoi vous \u00eates la personne id\u00e9ale, en pr\u00e9sentant votre parcours professionnel et vos motivations de fa\u00e7on authentique. Respectez la structure classique d\u2019une lettre professionnelle&nbsp;: vos coordonn\u00e9es, la date, leurs coordonn\u00e9es, une formule d\u2019appel, 3 \u00e0 4 paragraphes, une formule de politesse. Inspirez-vous de lettres de motivation types de votre secteur sans jamais copier&nbsp;: gardez un contenu original et personnel. Pour \u00e9viter les erreurs, relisez plusieurs fois, v\u00e9rifiez l\u2019orthographe du nom du destinataire, assurez-vous de ne pas avoir laiss\u00e9 de texte g\u00e9n\u00e9rique, et que vous mentionnez la bonne entreprise et le bon poste. Une lettre de motivation solide compl\u00e8te votre CV en ajoutant de la personnalit\u00e9, du contexte et un lien explicite entre vos qualifications et leurs besoins.<\/p>\n\n\n\n<hr class=\"wp-block-separator has-alpha-channel-opacity\"\/>\n\n\n\n<h3 class=\"wp-block-heading\">Besoin d\u2019aide pour votre CV&nbsp;?<\/h3>\n\n\n\n<p>Notre cr\u00e9ateur de CV aliment\u00e9 par l\u2019IA sur <a href=\"https:\/\/ai.stylingcv.com\/ai-generatorsignup?utm_source=stylingcv&utm_medium=website&utm_campaign=cta&utm_content=cover-letter-storytelling-36\" target=\"_blank\" rel=\"noopener\">StylingCV AI<\/a> peut vous aider \u00e0 cr\u00e9er un CV professionnel optimis\u00e9 ATS en quelques minutes. Commencez d\u00e8s aujourd\u2019hui&nbsp;!<\/p>\n\n\n\n<div class=\"wp-block-buttons is-layout-flex wp-block-buttons-is-layout-flex\">\n\n<div class=\"wp-block-button cta-button\"><a class=\"wp-block-button__link has-primary-background-color has-background wp-element-button\" href=\"https:\/\/ai.stylingcv.com\/ai-generatorsignup?utm_source=stylingcv&utm_medium=website&utm_campaign=cta&utm_content=cover-letter-storytelling-36\" target=\"_blank\" rel=\"noopener\">Essayez StylingCV AI Gratuitement \u2192<\/a><\/div>\n\n\n\n\n<p>\ud83d\udc49 <a href=\"https:\/\/stylingcv.com\/cover-letter-writing\/\">g\u00e9n\u00e9rateur de lettre de motivation<\/a><\/p>\n\n<p>\ud83d\udc49 <a href=\"https:\/\/stylingcv.com\/guides\/\">guides d\u2019experts pour CV<\/a><\/p>\n\n<p>\ud83d\udc49 <a href=\"https:\/\/stylingcv.com\/resume-templates\/\">mod\u00e8les de CV<\/a><\/p>\n\n<p><strong>\ud83d\udca1 Astuce Pro&nbsp;:<\/strong> StylingCV n\u2019est pas seulement un cr\u00e9ateur de CV&nbsp;\u2014 c\u2019est un g\u00e9n\u00e9rateur intelligent qui r\u00e9fl\u00e9chit. <a href=\"https:\/\/stylingcv.com\/resume-builder\/\">meilleur cr\u00e9ateur de CV IA 2026<\/a> en moins de 2 minutes.<\/p>\n<\/div>\n\n\n\n<script type=\"application\/ld+json\">\n{\n  \"@context\": \"https:\/\/schema.org\",\n  \"@type\": \"FAQPage\",\n  \"mainEntity\": [{\n    \"@type\": \"Question\",\n    \"name\": \"How do I write an effective cover letter storytelling?\",\n    \"acceptedAnswer\": {\n      \"@type\": \"Answer\",\n      \"text\": \"Writing effective cover letter storytelling requires understanding its purpose and best practices. For openings, hook the reader immediately with specific knowledge about the company and genuine enthusiasm for the role - avoid generic 'I am writing to apply.' For body paragraphs, provide 2-3 concrete examples of achievements directly addressing job requirements with quantified results. For closings, reiterate strong interest, include call to action, and thank them for consideration. For tone, balance professional and conversational - write as human to human while maintaining respect and formality. For length, keep to one page, 3-4 paragraphs, 250-400 words maximum. For customization, tailor every letter to the specific company and role using their language, addressing their challenges, and connecting your experience to their needs. For storytelling, weave a cohesive narrative about why you're perfect for this role, explaining your career journey and motivations authentically. For format, use standard business letter structure with your contact info, date, their contact info, formal greeting, 3-4 body paragraphs, professional closing. For examples, research sample cover letters for your industry but never copy directly - use as inspiration for structure while keeping content original and personal. For avoiding mistakes, proofread multiple times, check recipient name spelling, ensure you haven't left placeholder text, verify you're discussing the right company and role. A strong cover letter complements your resume by adding personality, context, and explicit connection between your qualifications and their needs.\"\n    }\n  }]\n}\n<\/script>\n\n\n\n<p class=\"faq-keywords\"><small><strong>Li\u00e9&nbsp;:<\/strong> storytelling lettre de motivation, lettre de candidature, r\u00e9daction lettre de motivation, conseils lettre, correspondance professionnelle<\/small><\/p>\n<!-- stylingcv-hub-links --><div class=\"stylingcv-related-resources\" style=\"margin-top:30px;padding:20px;background:#f8f9fa;border-left:4px solid #1abc9c;border-radius:4px;\"><h3 style=\"margin-top:0;color:#2c3e50;\">D\u00e9couvrez plus de ressources<\/h3><ul style=\"list-style:none;padding:0;\"><li><a href=\"https:\/\/stylingcv.com\/cover-letter-writing\/\">Guide de r\u00e9daction de lettre de motivation<\/a> &mdash; Votre guide complet<\/li><li><a href=\"https:\/\/stylingcv.com\/cover-letter-builder\/\">G\u00e9n\u00e9rateur de lettre de motivation IA gratuit &#8211; Cr\u00e9ez une lettre professionnelle<\/a><\/li><li><a href=\"https:\/\/stylingcv.com\/cover-letter-type-41\/\">Comment r\u00e9diger une lettre de motivation convaincante pour une \u00e9volution interne&#8230;<\/a><\/li><li><a href=\"https:\/\/stylingcv.com\/cover-letter-storytelling-156\/\">Comment r\u00e9diger une lettre de motivation efficace en racontant une histoire&nbsp;?<\/a><\/li><\/ul><p style=\"margin-bottom:0;font-size:14px;color:#7f8c8d;\">Pas seulement un cr\u00e9ateur de CV&nbsp;\u2014 un g\u00e9n\u00e9rateur intelligent qui r\u00e9fl\u00e9chit. <a href=\"https:\/\/stylingcv.com\/resume-builder\/\" style=\"color:#1abc9c;font-weight:bold;\">Cr\u00e9ez votre CV en moins de 2 minutes &rarr;<\/a><\/p><\/div><!-- \/stylingcv-hub-links --><style>.entry-content a[href*=\"ai.stylingcv.com\"]:not(.scv-exit-cta){transition:transform 0.2s ease,box-shadow 0.2s ease}.entry-content a[href*=\"ai.stylingcv.com\"]:not(.scv-exit-cta):hover{transform:translateY(-2px);box-shadow:0 4px 12px rgba(38,133,153,0.25)}<\/style>","protected":false},"excerpt":{"rendered":"<p>Ma\u00eetrisez l\u2019art du storytelling dans votre lettre de motivation pour captiver les recruteurs. D\u00e9couvrez des techniques narratives pour rendre votre candidature m\u00e9morable.<\/p>\n","protected":false},"author":0,"featured_media":0,"parent":62,"menu_order":0,"comment_status":"closed","ping_status":"closed","template":"","meta":{"footnotes":""},"class_list":["post-1131","page","type-page","status-publish","hentry"," c-blog-1-item  nt-post-class"],"yoast_head":"<!-- This site is optimized with the Yoast SEO Premium plugin v26.5 (Yoast SEO v26.5) - https:\/\/yoast.com\/wordpress\/plugins\/seo\/ -->\n<title>Techniques de storytelling pour lettre de motivation |<\/title>\n<meta name=\"description\" content=\"Ma\u00eetrisez l\u2019art du storytelling dans votre lettre de motivation. D\u00e9couvrez comment engager les recruteurs avec des r\u00e9cits percutants qui d\u00e9crochent des\" \/>\n<meta name=\"robots\" content=\"index, follow, max-snippet:-1, max-image-preview:large, max-video-preview:-1\" \/>\n<link rel=\"canonical\" href=\"https:\/\/stylingcv.com\/fr\/cover-letter-writing\/cover-letter-storytelling-36\/\" \/>\n<meta property=\"og:locale\" content=\"en_US\" \/>\n<meta property=\"og:type\" content=\"article\" \/>\n<meta property=\"og:title\" content=\"Comment r\u00e9diger une lettre de motivation efficace en racontant une histoire ?\" \/>\n<meta property=\"og:description\" content=\"Ma\u00eetrisez l\u2019art du storytelling dans votre lettre de motivation. D\u00e9couvrez comment engager les recruteurs avec des r\u00e9cits percutants qui d\u00e9crochent des\" \/>\n<meta property=\"og:url\" content=\"https:\/\/stylingcv.com\/fr\/cover-letter-writing\/cover-letter-storytelling-36\/\" \/>\n<meta property=\"og:site_name\" content=\"StylingCV - Fran\u00e7ais\" \/>\n<meta name=\"twitter:card\" content=\"summary_large_image\" \/>\n<meta name=\"twitter:label1\" content=\"Est. reading time\" \/>\n\t<meta name=\"twitter:data1\" content=\"3 minutes\" \/>\n<script type=\"application\/ld+json\" class=\"yoast-schema-graph\">{\"@context\":\"https:\/\/schema.org\",\"@graph\":[{\"@type\":\"WebPage\",\"@id\":\"https:\/\/wp.stylingcv.com\/fr\/cover-letter-writing\/cover-letter-storytelling-36\/\",\"url\":\"https:\/\/wp.stylingcv.com\/fr\/cover-letter-writing\/cover-letter-storytelling-36\/\",\"name\":\"Techniques de storytelling pour lettre de motivation |\",\"isPartOf\":{\"@id\":\"https:\/\/wp.stylingcv.com\/fr\/#website\"},\"datePublished\":\"2026-02-25T03:47:47+00:00\",\"description\":\"Ma\u00eetrisez l\u2019art du storytelling dans votre lettre de motivation. D\u00e9couvrez comment engager les recruteurs avec des r\u00e9cits percutants qui d\u00e9crochent des\",\"breadcrumb\":{\"@id\":\"https:\/\/wp.stylingcv.com\/fr\/cover-letter-writing\/cover-letter-storytelling-36\/#breadcrumb\"},\"inLanguage\":\"en-US\",\"potentialAction\":[{\"@type\":\"ReadAction\",\"target\":[\"https:\/\/wp.stylingcv.com\/fr\/cover-letter-writing\/cover-letter-storytelling-36\/\"]}]},{\"@type\":\"BreadcrumbList\",\"@id\":\"https:\/\/wp.stylingcv.com\/fr\/cover-letter-writing\/cover-letter-storytelling-36\/#breadcrumb\",\"itemListElement\":[{\"@type\":\"ListItem\",\"position\":1,\"name\":\"Home\",\"item\":\"https:\/\/wp.stylingcv.com\/fr\/\"},{\"@type\":\"ListItem\",\"position\":2,\"name\":\"R\u00e9daction de Lettre de Motivation\",\"item\":\"https:\/\/wp.stylingcv.com\/fr\/cover-letter-writing\/\"},{\"@type\":\"ListItem\",\"position\":3,\"name\":\"Comment r\u00e9diger une lettre de motivation efficace en racontant une histoire ?\"}]},{\"@type\":\"WebSite\",\"@id\":\"https:\/\/wp.stylingcv.com\/fr\/#website\",\"url\":\"https:\/\/wp.stylingcv.com\/fr\/\",\"name\":\"StylingCV - Fran\u00e7ais\",\"description\":\"\",\"potentialAction\":[{\"@type\":\"SearchAction\",\"target\":{\"@type\":\"EntryPoint\",\"urlTemplate\":\"https:\/\/wp.stylingcv.com\/fr\/?s={search_term_string}\"},\"query-input\":{\"@type\":\"PropertyValueSpecification\",\"valueRequired\":true,\"valueName\":\"search_term_string\"}}],\"inLanguage\":\"en-US\"}]}<\/script>\n<!-- \/ Yoast SEO Premium plugin. -->","yoast_head_json":{"title":"Techniques de storytelling pour lettre de motivation |","description":"Ma\u00eetrisez l\u2019art du storytelling dans votre lettre de motivation. D\u00e9couvrez comment engager les recruteurs avec des r\u00e9cits percutants qui d\u00e9crochent des","robots":{"index":"index","follow":"follow","max-snippet":"max-snippet:-1","max-image-preview":"max-image-preview:large","max-video-preview":"max-video-preview:-1"},"canonical":"https:\/\/stylingcv.com\/fr\/cover-letter-writing\/cover-letter-storytelling-36\/","og_locale":"en_US","og_type":"article","og_title":"Comment r\u00e9diger une lettre de motivation efficace en racontant une histoire ?","og_description":"Ma\u00eetrisez l\u2019art du storytelling dans votre lettre de motivation. D\u00e9couvrez comment engager les recruteurs avec des r\u00e9cits percutants qui d\u00e9crochent des","og_url":"https:\/\/stylingcv.com\/fr\/cover-letter-writing\/cover-letter-storytelling-36\/","og_site_name":"StylingCV - Fran\u00e7ais","twitter_card":"summary_large_image","twitter_misc":{"Est. reading time":"3 minutes"},"schema":{"@context":"https:\/\/schema.org","@graph":[{"@type":"WebPage","@id":"https:\/\/wp.stylingcv.com\/fr\/cover-letter-writing\/cover-letter-storytelling-36\/","url":"https:\/\/wp.stylingcv.com\/fr\/cover-letter-writing\/cover-letter-storytelling-36\/","name":"Techniques de storytelling pour lettre de motivation |","isPartOf":{"@id":"https:\/\/wp.stylingcv.com\/fr\/#website"},"datePublished":"2026-02-25T03:47:47+00:00","description":"Ma\u00eetrisez l\u2019art du storytelling dans votre lettre de motivation. D\u00e9couvrez comment engager les recruteurs avec des r\u00e9cits percutants qui d\u00e9crochent des","breadcrumb":{"@id":"https:\/\/wp.stylingcv.com\/fr\/cover-letter-writing\/cover-letter-storytelling-36\/#breadcrumb"},"inLanguage":"en-US","potentialAction":[{"@type":"ReadAction","target":["https:\/\/wp.stylingcv.com\/fr\/cover-letter-writing\/cover-letter-storytelling-36\/"]}]},{"@type":"BreadcrumbList","@id":"https:\/\/wp.stylingcv.com\/fr\/cover-letter-writing\/cover-letter-storytelling-36\/#breadcrumb","itemListElement":[{"@type":"ListItem","position":1,"name":"Home","item":"https:\/\/wp.stylingcv.com\/fr\/"},{"@type":"ListItem","position":2,"name":"R\u00e9daction de Lettre de Motivation","item":"https:\/\/wp.stylingcv.com\/fr\/cover-letter-writing\/"},{"@type":"ListItem","position":3,"name":"Comment r\u00e9diger une lettre de motivation efficace en racontant une histoire ?"}]},{"@type":"WebSite","@id":"https:\/\/wp.stylingcv.com\/fr\/#website","url":"https:\/\/wp.stylingcv.com\/fr\/","name":"StylingCV - Fran\u00e7ais","description":"","potentialAction":[{"@type":"SearchAction","target":{"@type":"EntryPoint","urlTemplate":"https:\/\/wp.stylingcv.com\/fr\/?s={search_term_string}"},"query-input":{"@type":"PropertyValueSpecification","valueRequired":true,"valueName":"search_term_string"}}],"inLanguage":"en-US"}]}},"_links":{"self":[{"href":"https:\/\/wp.stylingcv.com\/fr\/wp-json\/wp\/v2\/pages\/1131","targetHints":{"allow":["GET"]}}],"collection":[{"href":"https:\/\/wp.stylingcv.com\/fr\/wp-json\/wp\/v2\/pages"}],"about":[{"href":"https:\/\/wp.stylingcv.com\/fr\/wp-json\/wp\/v2\/types\/page"}],"replies":[{"embeddable":true,"href":"https:\/\/wp.stylingcv.com\/fr\/wp-json\/wp\/v2\/comments?post=1131"}],"version-history":[{"count":0,"href":"https:\/\/wp.stylingcv.com\/fr\/wp-json\/wp\/v2\/pages\/1131\/revisions"}],"up":[{"embeddable":true,"href":"https:\/\/wp.stylingcv.com\/fr\/wp-json\/wp\/v2\/pages\/62"}],"wp:attachment":[{"href":"https:\/\/wp.stylingcv.com\/fr\/wp-json\/wp\/v2\/media?parent=1131"}],"curies":[{"name":"wp","href":"https:\/\/api.w.org\/{rel}","templated":true}]}}