{"id":1113,"date":"2026-02-25T03:47:11","date_gmt":"2026-02-25T03:47:11","guid":{"rendered":"https:\/\/stylingcv.com\/fr\/guides-cv-carriere-ressources-experts\/meilleures-pratiques-strategie-recherche-emploi\/"},"modified":"2026-02-25T03:47:11","modified_gmt":"2026-02-25T03:47:11","slug":"job-search-strategy-18","status":"publish","type":"page","link":"https:\/\/wp.stylingcv.com\/fr\/guides\/job-search-strategy-18\/","title":{"rendered":"Quelles sont les meilleures pratiques pour la strat\u00e9gie dans ma recherche d&#8217;emploi\u00a0?"},"content":{"rendered":"\n<p class=\"faq-category\"><strong>Cat\u00e9gorie\u00a0:<\/strong> FAQ sur la strat\u00e9gie de recherche d&#8217;emploi<\/p>\n\n\n\n<h2 class=\"wp-block-heading\">Quelles sont les meilleures pratiques pour la strat\u00e9gie dans ma recherche d&#8217;emploi\u00a0?<\/h2>\n\n\n\n<p>Une strat\u00e9gie efficace n\u00e9cessite une approche syst\u00e9matique et de la r\u00e9gularit\u00e9. Recherchez les plateformes et strat\u00e9gies les plus pertinentes pour votre secteur et les postes vis\u00e9s. Pour les sites d&#8217;emploi, utilisez \u00e0 la fois des sites g\u00e9n\u00e9ralistes (LinkedIn, Indeed) et des plateformes sp\u00e9cialis\u00e9es pour obtenir des opportunit\u00e9s de meilleure qualit\u00e9. Pour le r\u00e9seautage, participez \u00e0 des \u00e9v\u00e9nements professionnels, rejoignez des associations, sollicitez des entretiens d&#8217;information et exploitez vos connexions LinkedIn. Pour les candidatures, personnalisez chaque CV et lettre de motivation en fonction des exigences du poste et des mots-cl\u00e9s. Pour le suivi, tenez un tableau d\u00e9taill\u00e9 avec les noms des entreprises, les postes, les dates de candidature, les contacts, les mises \u00e0 jour de statut et les dates de relance. Pour le timing, postulez rapidement (dans les 48 premi\u00e8res heures suivant la publication), privil\u00e9giez les jours optimaux (mardi-jeudi) et relancez apr\u00e8s 1 \u00e0 2 semaines sans r\u00e9ponse. Pour la recherche, renseignez-vous en profondeur sur les entreprises cibl\u00e9es via leurs sites web, articles de presse, r\u00e9seaux sociaux, avis Glassdoor et contacts internes. Pour le ciblage, identifiez 20 \u00e0 30 entreprises o\u00f9 vous aimeriez travailler et surveillez activement leurs offres. Pour la strat\u00e9gie, r\u00e9partissez votre temps entre les activit\u00e9s\u00a0: 30\u00a0% candidatures, 40\u00a0% r\u00e9seautage, 20\u00a0% d\u00e9veloppement de comp\u00e9tences, 10\u00a0% recherche. Pour l&#8217;organisation, mettez en place des routines quotidiennes, documentez l&#8217;avancement de votre pipeline et mesurez l&#8217;efficacit\u00e9 (taux de conversion candidature-entretien). Ajustez votre strat\u00e9gie selon les r\u00e9sultats tous les 2 \u00e0 4\u00a0semaines.<\/p>\n\n\n\n<hr class=\"wp-block-separator has-alpha-channel-opacity\"\/>\n\n\n\n<h3 class=\"wp-block-heading\">Besoin d&#8217;aide pour votre CV\u00a0?<\/h3>\n\n\n\n<p>Notre cr\u00e9ateur de CV aliment\u00e9 par l&#8217;IA sur <a href=\"https:\/\/ai.stylingcv.com\/ai-generatorsignup?utm_source=stylingcv&utm_medium=website&utm_campaign=cta&utm_content=job-search-strategy-18\" target=\"_blank\" rel=\"noopener\">StylingCV AI<\/a> peut vous aider \u00e0 cr\u00e9er un CV professionnel optimis\u00e9 ATS en quelques minutes. Commencez d\u00e8s aujourd&#8217;hui\u00a0!<\/p>\n\n\n\n<div class=\"wp-block-buttons is-layout-flex wp-block-buttons-is-layout-flex\">\n\n<div class=\"wp-block-button cta-button\"><a class=\"wp-block-button__link has-primary-background-color has-background wp-element-button\" href=\"https:\/\/ai.stylingcv.com\/ai-generatorsignup?utm_source=stylingcv&utm_medium=website&utm_campaign=cta&utm_content=job-search-strategy-18\" target=\"_blank\" rel=\"noopener\">Essayez StylingCV AI gratuitement \u2192<\/a><\/div>\n\n\n\n\n<p>\ud83d\udc49 <a href=\"https:\/\/stylingcv.com\/guides\/\">guides experts pour le CV<\/a><\/p>\n\n<p>\ud83d\udc49 <a href=\"https:\/\/stylingcv.com\/resume-templates\/\">mod\u00e8les de CV<\/a><\/p>\n\n<p><strong>\ud83d\udca1 Astuce Pro\u00a0:<\/strong> StylingCV n&#8217;est pas seulement un cr\u00e9ateur de CV \u2014 c&#8217;est un cr\u00e9ateur intelligent qui r\u00e9fl\u00e9chit. <a href=\"https:\/\/stylingcv.com\/resume-builder\/\">cr\u00e9ez votre CV en moins de 2\u00a0minutes<\/a> en moins de 2\u00a0minutes.<\/p>\n<\/div>\n\n\n\n<script type=\"application\/ld+json\">\n{\n  \"@context\": \"https:\/\/schema.org\",\n  \"@type\": \"FAQPage\",\n  \"mainEntity\": [{\n    \"@type\": \"Question\",\n    \"name\": \"What are the best practices for strategy in my job search?\",\n    \"acceptedAnswer\": {\n      \"@type\": \"Answer\",\n      \"text\": \"Effective strategy requires systematic approach and consistency. Research the most relevant platforms and strategies for your target industry and roles. For job boards, use both general sites (LinkedIn, Indeed) and industry-specific boards for better quality leads. For networking, attend industry events, join professional associations, reach out for informational interviews, and leverage LinkedIn connections. For applications, customize each resume and cover letter to match job requirements and keywords. For tracking, maintain a detailed spreadsheet with company names, positions, dates applied, contacts, status updates, and follow-up dates. For timing, apply early (within first 48 hours of posting), use optimal days (Tuesday-Thursday), and follow up after 1-2 weeks if no response. For research, thoroughly investigate target companies through their websites, news articles, social media, Glassdoor reviews, and employee connections. For targeting, identify 20-30 companies you'd love to work for and monitor their openings proactively. For strategy, allocate time across activities: 30% applications, 40% networking, 20% skill building, 10% research. For organization, create systems for daily job search routines, document pipeline progress, and measure effectiveness metrics like application-to-interview conversion rate. Adjust strategy based on results every 2-4 weeks.\"\n    }\n  }]\n}\n<\/script>\n\n\n\n<p class=\"faq-keywords\"><small><strong>Li\u00e9\u00a0:<\/strong> strat\u00e9gie de recherche d&#8217;emploi, recherche d&#8217;emploi, trouver un emploi, recherche de carri\u00e8re, strat\u00e9gie de candidature<\/small><\/p>\n<!-- stylingcv-hub-links --><div class=\"stylingcv-related-resources\" style=\"margin-top:30px;padding:20px;background:#f8f9fa;border-left:4px solid #1abc9c;border-radius:4px;\"><h3 style=\"margin-top:0;color:#2c3e50;\">D\u00e9couvrez plus de ressources<\/h3><ul style=\"list-style:none;padding:0;\"><li><a href=\"https:\/\/stylingcv.com\/guides\/\">Guides de carri\u00e8re<\/a> &mdash; Votre guide complet<\/li><li><a href=\"https:\/\/stylingcv.com\/job-application-tracker\/\">Suivi de candidatures &#8211; Organisez votre recherche d&#8217;emploi<\/a><\/li><li><a href=\"https:\/\/stylingcv.com\/kuwait-job-market-guide\/\">Guide du march\u00e9 de l&#8217;emploi au Kowe\u00eft<\/a><\/li><li><a href=\"https:\/\/stylingcv.com\/application-follow-up\/\">Quelles sont les meilleures pratiques pour relancer une candidature\u00a0?<\/a><\/li><\/ul><p style=\"margin-bottom:0;font-size:14px;color:#7f8c8d;\">Pas seulement un cr\u00e9ateur de CV \u2014 un cr\u00e9ateur intelligent qui r\u00e9fl\u00e9chit. <a href=\"https:\/\/stylingcv.com\/resume-builder\/\" style=\"color:#1abc9c;font-weight:bold;\">Cr\u00e9ez votre CV en moins de 2\u00a0minutes &rarr;<\/a><\/p><\/div><!-- \/stylingcv-hub-links --><style>.entry-content a[href*=\"ai.stylingcv.com\"]:not(.scv-exit-cta){transition:transform 0.2s ease,box-shadow 0.2s ease}.entry-content a[href*=\"ai.stylingcv.com\"]:not(.scv-exit-cta):hover{transform:translateY(-2px);box-shadow:0 4px 12px rgba(38,133,153,0.25)}<\/style>","protected":false},"excerpt":{"rendered":"<p>\u00c9laborez une strat\u00e9gie de recherche d&#8217;emploi efficace qui donne des r\u00e9sultats. Techniques \u00e9prouv\u00e9es pour organiser votre recherche, cibler les bons postes et d\u00e9crocher des entretiens.<\/p>\n","protected":false},"author":0,"featured_media":0,"parent":484,"menu_order":0,"comment_status":"closed","ping_status":"closed","template":"","meta":{"footnotes":""},"class_list":["post-1113","page","type-page","status-publish","hentry"," c-blog-1-item  nt-post-class"],"yoast_head":"<!-- This site is optimized with the Yoast SEO Premium plugin v26.5 (Yoast SEO v26.5) - https:\/\/yoast.com\/wordpress\/plugins\/seo\/ -->\n<title>Strat\u00e9gie de recherche d&#039;emploi : plan \u00e9tape par \u00e9tape |<\/title>\n<meta name=\"description\" content=\"Cr\u00e9ez une strat\u00e9gie de recherche d&#039;emploi efficace avec notre guide. Fixez vos objectifs, ciblez les entreprises et suivez vos candidatures pour des r\u00e9sultats\" \/>\n<meta name=\"robots\" content=\"index, follow, max-snippet:-1, max-image-preview:large, max-video-preview:-1\" \/>\n<link rel=\"canonical\" href=\"https:\/\/stylingcv.com\/fr\/guides\/job-search-strategy-18\/\" \/>\n<meta property=\"og:locale\" content=\"en_US\" \/>\n<meta property=\"og:type\" content=\"article\" \/>\n<meta property=\"og:title\" content=\"Quelles sont les meilleures pratiques pour la strat\u00e9gie dans ma recherche d&#039;emploi\u00a0?\" \/>\n<meta property=\"og:description\" content=\"Cr\u00e9ez une strat\u00e9gie de recherche d&#039;emploi efficace avec notre guide. Fixez vos objectifs, ciblez les entreprises et suivez vos candidatures pour des r\u00e9sultats\" \/>\n<meta property=\"og:url\" content=\"https:\/\/stylingcv.com\/fr\/guides\/job-search-strategy-18\/\" \/>\n<meta property=\"og:site_name\" content=\"StylingCV - Fran\u00e7ais\" \/>\n<meta name=\"twitter:card\" content=\"summary_large_image\" \/>\n<meta name=\"twitter:label1\" content=\"Est. reading time\" \/>\n\t<meta name=\"twitter:data1\" content=\"2 minutes\" \/>\n<script type=\"application\/ld+json\" class=\"yoast-schema-graph\">{\"@context\":\"https:\/\/schema.org\",\"@graph\":[{\"@type\":\"WebPage\",\"@id\":\"https:\/\/wp.stylingcv.com\/fr\/guides\/job-search-strategy-18\/\",\"url\":\"https:\/\/wp.stylingcv.com\/fr\/guides\/job-search-strategy-18\/\",\"name\":\"Strat\u00e9gie de recherche d'emploi : plan \u00e9tape par \u00e9tape |\",\"isPartOf\":{\"@id\":\"https:\/\/wp.stylingcv.com\/fr\/#website\"},\"datePublished\":\"2026-02-25T03:47:11+00:00\",\"description\":\"Cr\u00e9ez une strat\u00e9gie de recherche d'emploi efficace avec notre guide. Fixez vos objectifs, ciblez les entreprises et suivez vos candidatures pour des r\u00e9sultats\",\"breadcrumb\":{\"@id\":\"https:\/\/wp.stylingcv.com\/fr\/guides\/job-search-strategy-18\/#breadcrumb\"},\"inLanguage\":\"en-US\",\"potentialAction\":[{\"@type\":\"ReadAction\",\"target\":[\"https:\/\/wp.stylingcv.com\/fr\/guides\/job-search-strategy-18\/\"]}]},{\"@type\":\"BreadcrumbList\",\"@id\":\"https:\/\/wp.stylingcv.com\/fr\/guides\/job-search-strategy-18\/#breadcrumb\",\"itemListElement\":[{\"@type\":\"ListItem\",\"position\":1,\"name\":\"Home\",\"item\":\"https:\/\/wp.stylingcv.com\/fr\/\"},{\"@type\":\"ListItem\",\"position\":2,\"name\":\"Guides CV &#038; Carri\u00e8re : Ressources d\u2019Experts pour Candidats\",\"item\":\"https:\/\/wp.stylingcv.com\/fr\/guides\/\"},{\"@type\":\"ListItem\",\"position\":3,\"name\":\"Quelles sont les meilleures pratiques pour la strat\u00e9gie dans ma recherche d&#8217;emploi\u00a0?\"}]},{\"@type\":\"WebSite\",\"@id\":\"https:\/\/wp.stylingcv.com\/fr\/#website\",\"url\":\"https:\/\/wp.stylingcv.com\/fr\/\",\"name\":\"StylingCV - Fran\u00e7ais\",\"description\":\"\",\"potentialAction\":[{\"@type\":\"SearchAction\",\"target\":{\"@type\":\"EntryPoint\",\"urlTemplate\":\"https:\/\/wp.stylingcv.com\/fr\/?s={search_term_string}\"},\"query-input\":{\"@type\":\"PropertyValueSpecification\",\"valueRequired\":true,\"valueName\":\"search_term_string\"}}],\"inLanguage\":\"en-US\"}]}<\/script>\n<!-- \/ Yoast SEO Premium plugin. -->","yoast_head_json":{"title":"Strat\u00e9gie de recherche d'emploi : plan \u00e9tape par \u00e9tape |","description":"Cr\u00e9ez une strat\u00e9gie de recherche d'emploi efficace avec notre guide. Fixez vos objectifs, ciblez les entreprises et suivez vos candidatures pour des r\u00e9sultats","robots":{"index":"index","follow":"follow","max-snippet":"max-snippet:-1","max-image-preview":"max-image-preview:large","max-video-preview":"max-video-preview:-1"},"canonical":"https:\/\/stylingcv.com\/fr\/guides\/job-search-strategy-18\/","og_locale":"en_US","og_type":"article","og_title":"Quelles sont les meilleures pratiques pour la strat\u00e9gie dans ma recherche d'emploi\u00a0?","og_description":"Cr\u00e9ez une strat\u00e9gie de recherche d'emploi efficace avec notre guide. Fixez vos objectifs, ciblez les entreprises et suivez vos candidatures pour des r\u00e9sultats","og_url":"https:\/\/stylingcv.com\/fr\/guides\/job-search-strategy-18\/","og_site_name":"StylingCV - Fran\u00e7ais","twitter_card":"summary_large_image","twitter_misc":{"Est. reading time":"2 minutes"},"schema":{"@context":"https:\/\/schema.org","@graph":[{"@type":"WebPage","@id":"https:\/\/wp.stylingcv.com\/fr\/guides\/job-search-strategy-18\/","url":"https:\/\/wp.stylingcv.com\/fr\/guides\/job-search-strategy-18\/","name":"Strat\u00e9gie de recherche d'emploi : plan \u00e9tape par \u00e9tape |","isPartOf":{"@id":"https:\/\/wp.stylingcv.com\/fr\/#website"},"datePublished":"2026-02-25T03:47:11+00:00","description":"Cr\u00e9ez une strat\u00e9gie de recherche d'emploi efficace avec notre guide. Fixez vos objectifs, ciblez les entreprises et suivez vos candidatures pour des r\u00e9sultats","breadcrumb":{"@id":"https:\/\/wp.stylingcv.com\/fr\/guides\/job-search-strategy-18\/#breadcrumb"},"inLanguage":"en-US","potentialAction":[{"@type":"ReadAction","target":["https:\/\/wp.stylingcv.com\/fr\/guides\/job-search-strategy-18\/"]}]},{"@type":"BreadcrumbList","@id":"https:\/\/wp.stylingcv.com\/fr\/guides\/job-search-strategy-18\/#breadcrumb","itemListElement":[{"@type":"ListItem","position":1,"name":"Home","item":"https:\/\/wp.stylingcv.com\/fr\/"},{"@type":"ListItem","position":2,"name":"Guides CV &#038; Carri\u00e8re : Ressources d\u2019Experts pour Candidats","item":"https:\/\/wp.stylingcv.com\/fr\/guides\/"},{"@type":"ListItem","position":3,"name":"Quelles sont les meilleures pratiques pour la strat\u00e9gie dans ma recherche d&#8217;emploi\u00a0?"}]},{"@type":"WebSite","@id":"https:\/\/wp.stylingcv.com\/fr\/#website","url":"https:\/\/wp.stylingcv.com\/fr\/","name":"StylingCV - Fran\u00e7ais","description":"","potentialAction":[{"@type":"SearchAction","target":{"@type":"EntryPoint","urlTemplate":"https:\/\/wp.stylingcv.com\/fr\/?s={search_term_string}"},"query-input":{"@type":"PropertyValueSpecification","valueRequired":true,"valueName":"search_term_string"}}],"inLanguage":"en-US"}]}},"_links":{"self":[{"href":"https:\/\/wp.stylingcv.com\/fr\/wp-json\/wp\/v2\/pages\/1113","targetHints":{"allow":["GET"]}}],"collection":[{"href":"https:\/\/wp.stylingcv.com\/fr\/wp-json\/wp\/v2\/pages"}],"about":[{"href":"https:\/\/wp.stylingcv.com\/fr\/wp-json\/wp\/v2\/types\/page"}],"replies":[{"embeddable":true,"href":"https:\/\/wp.stylingcv.com\/fr\/wp-json\/wp\/v2\/comments?post=1113"}],"version-history":[{"count":0,"href":"https:\/\/wp.stylingcv.com\/fr\/wp-json\/wp\/v2\/pages\/1113\/revisions"}],"up":[{"embeddable":true,"href":"https:\/\/wp.stylingcv.com\/fr\/wp-json\/wp\/v2\/pages\/484"}],"wp:attachment":[{"href":"https:\/\/wp.stylingcv.com\/fr\/wp-json\/wp\/v2\/media?parent=1113"}],"curies":[{"name":"wp","href":"https:\/\/api.w.org\/{rel}","templated":true}]}}