{"id":1109,"date":"2026-02-25T03:47:03","date_gmt":"2026-02-25T03:47:03","guid":{"rendered":"https:\/\/stylingcv.com\/fr\/exemples-cv-2\/conseils-cv-vente\/"},"modified":"2026-02-25T03:47:03","modified_gmt":"2026-02-25T03:47:03","slug":"sales-resume-tips-14","status":"publish","type":"page","link":"https:\/\/wp.stylingcv.com\/fr\/resume-examples\/sales-resume-tips-14\/","title":{"rendered":"Quels sont les conseils cl\u00e9s pour un CV de professionnel de la vente\u00a0?"},"content":{"rendered":"\n<p class=\"faq-category\"><strong>Cat\u00e9gorie&nbsp;:<\/strong> FAQ R\u00e9daction de CV<\/p>\n\n\n\n<h2 class=\"wp-block-heading\">Quels sont les conseils cl\u00e9s pour un CV de professionnel de la vente&nbsp;?<\/h2>\n\n\n\n<p>Les conseils pour un CV dans la vente n\u00e9cessitent de comprendre les attentes et mots-cl\u00e9s propres au secteur. Recherchez la terminologie courante, les comp\u00e9tences requises et les certifications valoris\u00e9es dans la vente. Mettez en avant les comp\u00e9tences techniques, outils et m\u00e9thodes sp\u00e9cifiques au domaine. Quantifiez vos r\u00e9alisations avec des indicateurs pertinents pour la vente&nbsp;: impact sur le chiffre d&#8217;affaires, taux de conversion, respect des objectifs, taux d&#8217;engagement ou autres KPI sp\u00e9cifiques au secteur. Mettez en avant vos certifications, licences ou dipl\u00f4mes pertinents de fa\u00e7on visible. Citez explicitement les logiciels et plateformes standards du secteur. Adaptez vos points de r\u00e9ussite pour r\u00e9pondre aux d\u00e9fis et priorit\u00e9s courants de la vente. Pour les domaines techniques, listez les langages de programmation, frameworks et technologies. Pour la sant\u00e9, incluez les proc\u00e9dures m\u00e9dicales, types de patients et syst\u00e8mes cliniques. Pour la finance, mentionnez les instruments financiers, r\u00e9glementations et m\u00e9thodes d&#8217;analyse. Pour les m\u00e9tiers cr\u00e9atifs, ajoutez un lien vers votre portfolio et mettez en avant les outils de design. Pour la vente, insistez fortement sur l&#8217;atteinte des quotas et les chiffres de revenus. Pour l&#8217;\u00e9ducation, soulignez le d\u00e9veloppement de programmes et les r\u00e9sultats des \u00e9tudiants. Structurez votre CV pour mettre en avant ce que recherchent les employeurs du secteur. R\u00e9seautez au sein d&#8217;associations et groupes de vente. Analysez les offres d&#8217;emploi pour rep\u00e9rer les mots-cl\u00e9s r\u00e9currents et int\u00e9grez-les. Pensez aux diff\u00e9rents domaines fonctionnels de la vente et adaptez votre CV en cons\u00e9quence. Restez \u00e0 jour sur les tendances et comp\u00e9tences \u00e9mergentes du secteur. Votre CV doit imm\u00e9diatement montrer que vous comprenez et appartenez au monde de la vente.<\/p>\n\n\n\n<hr class=\"wp-block-separator has-alpha-channel-opacity\" \/>\n\n\n\n<h3 class=\"wp-block-heading\">Besoin d&#8217;aide pour votre CV&nbsp;?<\/h3>\n\n\n\n<p>Notre cr\u00e9ateur de CV aliment\u00e9 par l&#8217;IA sur <a href=\"https:\/\/ai.stylingcv.com\/ai-generatorsignup?utm_source=stylingcv&utm_medium=website&utm_campaign=cta&utm_content=sales-resume-tips-14\" target=\"_blank\" rel=\"noopener\">StylingCV AI<\/a> peut vous aider \u00e0 cr\u00e9er un CV professionnel optimis\u00e9 ATS en quelques minutes. Commencez d\u00e8s aujourd&#8217;hui&nbsp;!<\/p>\n\n\n\n<div class=\"wp-block-buttons is-layout-flex wp-block-buttons-is-layout-flex\">\n\n<div class=\"wp-block-button cta-button\"><a class=\"wp-block-button__link has-primary-background-color has-background wp-element-button\" href=\"https:\/\/ai.stylingcv.com\/ai-generatorsignup?utm_source=stylingcv&utm_medium=website&utm_campaign=cta&utm_content=sales-resume-tips-14\" target=\"_blank\" rel=\"noopener\">Essayez StylingCV AI Gratuitement \u2192<\/a><\/div>\n\n\n\n\n<p>\ud83d\udc49 <a href=\"https:\/\/stylingcv.com\/guides\/\">guides de carri\u00e8re<\/a><\/p>\n\n<p>\ud83d\udc49 <a href=\"https:\/\/stylingcv.com\/resume-templates\/\">mod\u00e8les de CV 2026<\/a><\/p>\n\n<p><strong>\ud83d\udca1 Astuce Pro&nbsp;:<\/strong> StylingCV n&#8217;est pas seulement un cr\u00e9ateur de CV \u2014 c&#8217;est un g\u00e9n\u00e9rateur intelligent qui r\u00e9fl\u00e9chit. <a href=\"https:\/\/stylingcv.com\/resume-builder\/\">Cr\u00e9ateur de CV IA optimis\u00e9 ATS<\/a> en moins de 2 minutes.<\/p>\n<\/div>\n\n\n\n\n{\n  &#8220;@context&#8221;: &#8220;https:\/\/schema.org&#8221;,\n  &#8220;@type&#8221;: &#8220;FAQPage&#8221;,\n  &#8220;mainEntity&#8221;: [{\n    &#8220;@type&#8221;: &#8220;Question&#8221;,\n    &#8220;name&#8221;: &#8220;Quels sont les conseils cl\u00e9s pour un CV de professionnel de la vente&nbsp;?&#8221;,\n    &#8220;acceptedAnswer&#8221;: {\n      &#8220;@type&#8221;: &#8220;Answer&#8221;,\n      &#8220;text&#8221;: &#8220;Les conseils pour un CV dans la vente n\u00e9cessitent de comprendre les attentes et mots-cl\u00e9s propres au secteur. Recherchez la terminologie courante, les comp\u00e9tences requises et les certifications valoris\u00e9es dans la vente. Mettez en avant les comp\u00e9tences techniques, outils et m\u00e9thodes sp\u00e9cifiques au domaine. Quantifiez vos r\u00e9alisations avec des indicateurs pertinents pour la vente&nbsp;: impact sur le chiffre d&#8217;affaires, taux de conversion, respect des objectifs, taux d&#8217;engagement ou autres KPI sp\u00e9cifiques au secteur. Mettez en avant vos certifications, licences ou dipl\u00f4mes pertinents de fa\u00e7on visible. Citez explicitement les logiciels et plateformes standards du secteur. Adaptez vos points de r\u00e9ussite pour r\u00e9pondre aux d\u00e9fis et priorit\u00e9s courants de la vente. Pour les domaines techniques, listez les langages de programmation, frameworks et technologies. Pour la sant\u00e9, incluez les proc\u00e9dures m\u00e9dicales, types de patients et syst\u00e8mes cliniques. Pour la finance, mentionnez les instruments financiers, r\u00e9glementations et m\u00e9thodes d&#8217;analyse. Pour les m\u00e9tiers cr\u00e9atifs, ajoutez un lien vers votre portfolio et mettez en avant les outils de design. Pour la vente, insistez fortement sur l&#8217;atteinte des quotas et les chiffres de revenus. Pour l&#8217;\u00e9ducation, soulignez le d\u00e9veloppement de programmes et les r\u00e9sultats des \u00e9tudiants. Structurez votre CV pour mettre en avant ce que recherchent les employeurs du secteur. R\u00e9seautez au sein d&#8217;associations et groupes de vente. Analysez les offres d&#8217;emploi pour rep\u00e9rer les mots-cl\u00e9s r\u00e9currents et int\u00e9grez-les. Pensez aux diff\u00e9rents domaines fonctionnels de la vente et adaptez votre CV en cons\u00e9quence. Restez \u00e0 jour sur les tendances et comp\u00e9tences \u00e9mergentes du secteur. Votre CV doit imm\u00e9diatement montrer que vous comprenez et appartenez au monde de la vente.&#8221;\n    }\n  }]\n}\n\n\n\n\n<p class=\"faq-keywords\"><small><strong>Li\u00e9&nbsp;:<\/strong> CV vente, emplois vente, CV secteur sp\u00e9cifique, carri\u00e8re vente, CV professionnel<\/small><\/p>\n<!-- stylingcv-hub-links --><div class=\"stylingcv-related-resources\" style=\"margin-top:30px;padding:20px;background:#f8f9fa;border-left:4px solid #1abc9c;border-radius:4px\"><h3 style=\"margin-top:0;color:#2c3e50\">D\u00e9couvrez plus de ressources<\/h3><ul style=\"padding:0\"><li><a href=\"https:\/\/stylingcv.com\/resume-examples\/\">Exemples de CV<\/a> &mdash; Votre guide complet<\/li><li><a href=\"https:\/\/stylingcv.com\/school-counselor\/\">Exemple de CV Conseiller scolaire<\/a><\/li><li><a href=\"https:\/\/stylingcv.com\/devops-engineer\/\">Exemple de CV Ing\u00e9nieur DevOps<\/a><\/li><li><a href=\"https:\/\/stylingcv.com\/sales-manager\/\">Exemple de CV Responsable des ventes<\/a><\/li><\/ul><p style=\"margin-bottom:0;font-size:14px;color:#7f8c8d\">Pas seulement un cr\u00e9ateur de CV &mdash; un g\u00e9n\u00e9rateur intelligent qui r\u00e9fl\u00e9chit. <a href=\"https:\/\/stylingcv.com\/resume-builder\/\" style=\"color:#1abc9c;font-weight:bold\">Cr\u00e9ez votre CV en moins de 2 minutes &rarr;<\/a><\/p><\/div><!-- \/stylingcv-hub-links -->\n\n<p>Pr\u00eat \u00e0 cr\u00e9er le v\u00f4tre&nbsp;? Utilisez notre <a href=\"\/resume-builder\">cr\u00e9ateur de CV IA<\/a>, d\u00e9couvrez nos <a href=\"\/resume-templates\">mod\u00e8les de CV<\/a>, <a href=\"\/ats-resume-checker\">v\u00e9rifiez votre score ATS<\/a>, ou consultez tous les <a href=\"\/resume-examples\">exemples de CV<\/a>.<\/p>\n\n<style>.entry-content a[href*=\"ai.stylingcv.com\"]:not(.scv-exit-cta){transition:transform 0.2s ease,box-shadow 0.2s ease}.entry-content a[href*=\"ai.stylingcv.com\"]:not(.scv-exit-cta):hover{transform:translateY(-2px);box-shadow:0 4px 12px rgba(38,133,153,0.25)}<\/style>","protected":false},"excerpt":{"rendered":"<p>Cr\u00e9ez un CV de vente ax\u00e9 sur les r\u00e9sultats qui d\u00e9croche des entretiens. Mettez en avant vos succ\u00e8s en chiffre d&#8217;affaires, vos indicateurs et vos comp\u00e9tences en closing.<\/p>\n","protected":false},"author":0,"featured_media":0,"parent":71,"menu_order":0,"comment_status":"closed","ping_status":"closed","template":"","meta":{"footnotes":""},"class_list":["post-1109","page","type-page","status-publish","hentry"," c-blog-1-item  nt-post-class"],"yoast_head":"<!-- This site is optimized with the Yoast SEO Premium plugin v26.5 (Yoast SEO v26.5) - https:\/\/yoast.com\/wordpress\/plugins\/seo\/ -->\n<title>Conseils CV vente : d\u00e9crochez plus d&#039;entretiens | StylingCV<\/title>\n<meta name=\"description\" content=\"Conseils de CV pour professionnels de la vente. Mettez en avant vos chiffres, r\u00e9ussites clients et quotas pour un CV de vente ax\u00e9 sur les r\u00e9sultats.\" \/>\n<meta name=\"robots\" content=\"index, follow, max-snippet:-1, max-image-preview:large, max-video-preview:-1\" \/>\n<link rel=\"canonical\" href=\"https:\/\/stylingcv.com\/fr\/resume-examples\/sales-resume-tips-14\/\" \/>\n<meta property=\"og:locale\" content=\"en_US\" \/>\n<meta property=\"og:type\" content=\"article\" \/>\n<meta property=\"og:title\" content=\"Quels sont les conseils cl\u00e9s pour un CV de professionnel de la vente\u00a0?\" \/>\n<meta property=\"og:description\" content=\"Conseils de CV pour professionnels de la vente. Mettez en avant vos chiffres, r\u00e9ussites clients et quotas pour un CV de vente ax\u00e9 sur les r\u00e9sultats.\" \/>\n<meta property=\"og:url\" content=\"https:\/\/stylingcv.com\/fr\/resume-examples\/sales-resume-tips-14\/\" \/>\n<meta property=\"og:site_name\" content=\"StylingCV - Fran\u00e7ais\" \/>\n<meta name=\"twitter:card\" content=\"summary_large_image\" \/>\n<meta name=\"twitter:label1\" content=\"Est. reading time\" \/>\n\t<meta name=\"twitter:data1\" content=\"4 minutes\" \/>\n<script type=\"application\/ld+json\" class=\"yoast-schema-graph\">{\"@context\":\"https:\/\/schema.org\",\"@graph\":[{\"@type\":\"WebPage\",\"@id\":\"https:\/\/wp.stylingcv.com\/fr\/resume-examples\/sales-resume-tips-14\/\",\"url\":\"https:\/\/wp.stylingcv.com\/fr\/resume-examples\/sales-resume-tips-14\/\",\"name\":\"Conseils CV vente : d\u00e9crochez plus d'entretiens | StylingCV\",\"isPartOf\":{\"@id\":\"https:\/\/wp.stylingcv.com\/fr\/#website\"},\"datePublished\":\"2026-02-25T03:47:03+00:00\",\"description\":\"Conseils de CV pour professionnels de la vente. Mettez en avant vos chiffres, r\u00e9ussites clients et quotas pour un CV de vente ax\u00e9 sur les r\u00e9sultats.\",\"breadcrumb\":{\"@id\":\"https:\/\/wp.stylingcv.com\/fr\/resume-examples\/sales-resume-tips-14\/#breadcrumb\"},\"inLanguage\":\"en-US\",\"potentialAction\":[{\"@type\":\"ReadAction\",\"target\":[\"https:\/\/wp.stylingcv.com\/fr\/resume-examples\/sales-resume-tips-14\/\"]}]},{\"@type\":\"BreadcrumbList\",\"@id\":\"https:\/\/wp.stylingcv.com\/fr\/resume-examples\/sales-resume-tips-14\/#breadcrumb\",\"itemListElement\":[{\"@type\":\"ListItem\",\"position\":1,\"name\":\"Home\",\"item\":\"https:\/\/wp.stylingcv.com\/fr\/\"},{\"@type\":\"ListItem\",\"position\":2,\"name\":\"200+ Exemples de CV pour chaque m\u00e9tier et secteur (2026)\",\"item\":\"https:\/\/wp.stylingcv.com\/fr\/resume-examples\/\"},{\"@type\":\"ListItem\",\"position\":3,\"name\":\"Quels sont les conseils cl\u00e9s pour un CV de professionnel de la vente\u00a0?\"}]},{\"@type\":\"WebSite\",\"@id\":\"https:\/\/wp.stylingcv.com\/fr\/#website\",\"url\":\"https:\/\/wp.stylingcv.com\/fr\/\",\"name\":\"StylingCV - Fran\u00e7ais\",\"description\":\"\",\"potentialAction\":[{\"@type\":\"SearchAction\",\"target\":{\"@type\":\"EntryPoint\",\"urlTemplate\":\"https:\/\/wp.stylingcv.com\/fr\/?s={search_term_string}\"},\"query-input\":{\"@type\":\"PropertyValueSpecification\",\"valueRequired\":true,\"valueName\":\"search_term_string\"}}],\"inLanguage\":\"en-US\"}]}<\/script>\n<!-- \/ Yoast SEO Premium plugin. -->","yoast_head_json":{"title":"Conseils CV vente : d\u00e9crochez plus d'entretiens | StylingCV","description":"Conseils de CV pour professionnels de la vente. Mettez en avant vos chiffres, r\u00e9ussites clients et quotas pour un CV de vente ax\u00e9 sur les r\u00e9sultats.","robots":{"index":"index","follow":"follow","max-snippet":"max-snippet:-1","max-image-preview":"max-image-preview:large","max-video-preview":"max-video-preview:-1"},"canonical":"https:\/\/stylingcv.com\/fr\/resume-examples\/sales-resume-tips-14\/","og_locale":"en_US","og_type":"article","og_title":"Quels sont les conseils cl\u00e9s pour un CV de professionnel de la vente\u00a0?","og_description":"Conseils de CV pour professionnels de la vente. Mettez en avant vos chiffres, r\u00e9ussites clients et quotas pour un CV de vente ax\u00e9 sur les r\u00e9sultats.","og_url":"https:\/\/stylingcv.com\/fr\/resume-examples\/sales-resume-tips-14\/","og_site_name":"StylingCV - Fran\u00e7ais","twitter_card":"summary_large_image","twitter_misc":{"Est. reading time":"4 minutes"},"schema":{"@context":"https:\/\/schema.org","@graph":[{"@type":"WebPage","@id":"https:\/\/wp.stylingcv.com\/fr\/resume-examples\/sales-resume-tips-14\/","url":"https:\/\/wp.stylingcv.com\/fr\/resume-examples\/sales-resume-tips-14\/","name":"Conseils CV vente : d\u00e9crochez plus d'entretiens | StylingCV","isPartOf":{"@id":"https:\/\/wp.stylingcv.com\/fr\/#website"},"datePublished":"2026-02-25T03:47:03+00:00","description":"Conseils de CV pour professionnels de la vente. Mettez en avant vos chiffres, r\u00e9ussites clients et quotas pour un CV de vente ax\u00e9 sur les r\u00e9sultats.","breadcrumb":{"@id":"https:\/\/wp.stylingcv.com\/fr\/resume-examples\/sales-resume-tips-14\/#breadcrumb"},"inLanguage":"en-US","potentialAction":[{"@type":"ReadAction","target":["https:\/\/wp.stylingcv.com\/fr\/resume-examples\/sales-resume-tips-14\/"]}]},{"@type":"BreadcrumbList","@id":"https:\/\/wp.stylingcv.com\/fr\/resume-examples\/sales-resume-tips-14\/#breadcrumb","itemListElement":[{"@type":"ListItem","position":1,"name":"Home","item":"https:\/\/wp.stylingcv.com\/fr\/"},{"@type":"ListItem","position":2,"name":"200+ Exemples de CV pour chaque m\u00e9tier et secteur (2026)","item":"https:\/\/wp.stylingcv.com\/fr\/resume-examples\/"},{"@type":"ListItem","position":3,"name":"Quels sont les conseils cl\u00e9s pour un CV de professionnel de la vente\u00a0?"}]},{"@type":"WebSite","@id":"https:\/\/wp.stylingcv.com\/fr\/#website","url":"https:\/\/wp.stylingcv.com\/fr\/","name":"StylingCV - Fran\u00e7ais","description":"","potentialAction":[{"@type":"SearchAction","target":{"@type":"EntryPoint","urlTemplate":"https:\/\/wp.stylingcv.com\/fr\/?s={search_term_string}"},"query-input":{"@type":"PropertyValueSpecification","valueRequired":true,"valueName":"search_term_string"}}],"inLanguage":"en-US"}]}},"_links":{"self":[{"href":"https:\/\/wp.stylingcv.com\/fr\/wp-json\/wp\/v2\/pages\/1109","targetHints":{"allow":["GET"]}}],"collection":[{"href":"https:\/\/wp.stylingcv.com\/fr\/wp-json\/wp\/v2\/pages"}],"about":[{"href":"https:\/\/wp.stylingcv.com\/fr\/wp-json\/wp\/v2\/types\/page"}],"replies":[{"embeddable":true,"href":"https:\/\/wp.stylingcv.com\/fr\/wp-json\/wp\/v2\/comments?post=1109"}],"version-history":[{"count":0,"href":"https:\/\/wp.stylingcv.com\/fr\/wp-json\/wp\/v2\/pages\/1109\/revisions"}],"up":[{"embeddable":true,"href":"https:\/\/wp.stylingcv.com\/fr\/wp-json\/wp\/v2\/pages\/71"}],"wp:attachment":[{"href":"https:\/\/wp.stylingcv.com\/fr\/wp-json\/wp\/v2\/media?parent=1109"}],"curies":[{"name":"wp","href":"https:\/\/api.w.org\/{rel}","templated":true}]}}