{"id":1098,"date":"2026-02-25T03:46:41","date_gmt":"2026-02-25T03:46:41","guid":{"rendered":"https:\/\/stylingcv.com\/fr\/guides-cv-carriere-ressources-experts\/ajouter-cv-linkedin\/optimiser-connexions-linkedin\/"},"modified":"2026-02-25T03:46:41","modified_gmt":"2026-02-25T03:46:41","slug":"linkedin-connections-3","status":"publish","type":"page","link":"https:\/\/wp.stylingcv.com\/fr\/guides\/add-resume-to-linkedin\/linkedin-connections-3\/","title":{"rendered":"Comment optimiser mes connexions LinkedIn\u00a0?"},"content":{"rendered":"\n<p class=\"faq-category\"><strong>Cat\u00e9gorie&nbsp;:<\/strong> FAQ LinkedIn &#038; R\u00e9seautage<\/p>\n\n\n\n<h2 class=\"wp-block-heading\">Comment optimiser mes connexions LinkedIn&nbsp;?<\/h2>\n\n\n\n<p>Optimiser vos connexions LinkedIn ne consiste pas simplement \u00e0 accumuler des contacts&nbsp;: il s&#8217;agit de construire strat\u00e9giquement un r\u00e9seau professionnel solide qui augmente consid\u00e9rablement votre visibilit\u00e9, ouvre la porte \u00e0 de nouvelles opportunit\u00e9s et \u00e9tablit votre marque personnelle. Une pr\u00e9sence LinkedIn bien optimis\u00e9e agit comme un CV num\u00e9rique dynamique et un outil de r\u00e9seautage puissant. D\u00e9couvrons une strat\u00e9gie compl\u00e8te pour dynamiser vos connexions LinkedIn et votre profil global, afin de vous assurer de vous d\u00e9marquer dans un environnement professionnel comp\u00e9titif.<\/p>\n<!--\n\n\n<p>\ud83d\udc49 <a href=\"https:\/\/stylingcv.com\/guides\/\">guides CV & carri\u00e8re<\/a><\/p>\n\n<p>\ud83d\udc49 <a href=\"https:\/\/stylingcv.com\/resume-templates\/\">mod\u00e8les de CV compatibles ATS<\/a><\/p>\n\n<p><strong>\ud83d\udca1 Astuce&nbsp;:<\/strong> StylingCV n'est pas seulement un cr\u00e9ateur de CV \u2014 c'est un cr\u00e9ateur intelligent dot\u00e9 d'une IA qui r\u00e9fl\u00e9chit. <a href=\"https:\/\/stylingcv.com\/resume-builder\/\">Cr\u00e9ateur de CV IA avec 11 agents intelligents<\/a> en moins de 2 minutes.<\/p>\n<!-- stylingcv-hub-links --><div class=\"stylingcv-related-resources\" style=\"margin-top:30px;padding:20px;background:#f8f9fa;border-left:4px solid #1abc9c;border-radius:4px;\"><h3 style=\"margin-top:0;color:#2c3e50;\">D\u00e9couvrez plus de ressources<\/h3><ul style=\"list-style:none;padding:0;\"><li><a href=\"https:\/\/stylingcv.com\/add-resume-to-linkedin\/\">Optimisation LinkedIn<\/a> &mdash; Votre guide complet<\/li><li><a href=\"https:\/\/stylingcv.com\/linkedin-engagement-35\/\">Comment optimiser mon engagement LinkedIn&nbsp;?<\/a><\/li><li><a href=\"https:\/\/stylingcv.com\/linkedin-use-2\/\">Comment utiliser LinkedIn pour le personal branding&nbsp;?<\/a><\/li><li><a href=\"https:\/\/stylingcv.com\/linkedin-visibility-19\/\">Comment optimiser ma visibilit\u00e9 LinkedIn&nbsp;?<\/a><\/li><\/ul><p style=\"margin-bottom:0;font-size:14px;color:#7f8c8d;\">Pas seulement un cr\u00e9ateur de CV &mdash; un cr\u00e9ateur intelligent dot\u00e9 d&#8217;une IA qui r\u00e9fl\u00e9chit. <a href=\"https:\/\/stylingcv.com\/resume-builder\/\" style=\"color:#1abc9c;font-weight:bold;\">Cr\u00e9ez votre CV en moins de 2 minutes &rarr;<\/a><\/p><\/div><!-- \/stylingcv-hub-links -->","protected":false},"excerpt":{"rendered":"<p>Cr\u00e9ez des connexions LinkedIn significatives pour faire avancer votre carri\u00e8re. Strat\u00e9gies d&#8217;experts pour se connecter avec des recruteurs, pairs et leaders du secteur.<\/p>\n","protected":false},"author":0,"featured_media":0,"parent":618,"menu_order":0,"comment_status":"closed","ping_status":"closed","template":"","meta":{"footnotes":""},"class_list":["post-1098","page","type-page","status-publish","hentry"," c-blog-1-item  nt-post-class"],"yoast_head":"<!-- This site is optimized with the Yoast SEO Premium plugin v26.5 (Yoast SEO v26.5) - https:\/\/yoast.com\/wordpress\/plugins\/seo\/ -->\n<title>Connexions LinkedIn : D\u00e9veloppez votre r\u00e9seau | StylingCV<\/title>\n<meta name=\"description\" content=\"D\u00e9veloppez vos connexions LinkedIn de fa\u00e7on strat\u00e9gique. Conseils pour envoyer des demandes, relancer et b\u00e2tir un r\u00e9seau professionnel.\" \/>\n<meta name=\"robots\" content=\"index, follow, max-snippet:-1, max-image-preview:large, max-video-preview:-1\" \/>\n<link rel=\"canonical\" href=\"https:\/\/stylingcv.com\/fr\/guides\/add-resume-to-linkedin\/linkedin-connections-3\/\" \/>\n<meta property=\"og:locale\" content=\"en_US\" \/>\n<meta property=\"og:type\" content=\"article\" \/>\n<meta property=\"og:title\" content=\"Comment optimiser mes connexions LinkedIn\u00a0?\" \/>\n<meta property=\"og:description\" content=\"D\u00e9veloppez vos connexions LinkedIn de fa\u00e7on strat\u00e9gique. Conseils pour envoyer des demandes, relancer et b\u00e2tir un r\u00e9seau professionnel.\" \/>\n<meta property=\"og:url\" content=\"https:\/\/stylingcv.com\/fr\/guides\/add-resume-to-linkedin\/linkedin-connections-3\/\" \/>\n<meta property=\"og:site_name\" content=\"StylingCV - Fran\u00e7ais\" \/>\n<meta name=\"twitter:card\" content=\"summary_large_image\" \/>\n<meta name=\"twitter:label1\" content=\"Est. reading time\" \/>\n\t<meta name=\"twitter:data1\" content=\"1 minute\" \/>\n<script type=\"application\/ld+json\" class=\"yoast-schema-graph\">{\"@context\":\"https:\/\/schema.org\",\"@graph\":[{\"@type\":\"WebPage\",\"@id\":\"https:\/\/wp.stylingcv.com\/fr\/guides\/add-resume-to-linkedin\/linkedin-connections-3\/\",\"url\":\"https:\/\/wp.stylingcv.com\/fr\/guides\/add-resume-to-linkedin\/linkedin-connections-3\/\",\"name\":\"Connexions LinkedIn : D\u00e9veloppez votre r\u00e9seau | StylingCV\",\"isPartOf\":{\"@id\":\"https:\/\/wp.stylingcv.com\/fr\/#website\"},\"datePublished\":\"2026-02-25T03:46:41+00:00\",\"description\":\"D\u00e9veloppez vos connexions LinkedIn de fa\u00e7on strat\u00e9gique. Conseils pour envoyer des demandes, relancer et b\u00e2tir un r\u00e9seau professionnel.\",\"breadcrumb\":{\"@id\":\"https:\/\/wp.stylingcv.com\/fr\/guides\/add-resume-to-linkedin\/linkedin-connections-3\/#breadcrumb\"},\"inLanguage\":\"en-US\",\"potentialAction\":[{\"@type\":\"ReadAction\",\"target\":[\"https:\/\/wp.stylingcv.com\/fr\/guides\/add-resume-to-linkedin\/linkedin-connections-3\/\"]}]},{\"@type\":\"BreadcrumbList\",\"@id\":\"https:\/\/wp.stylingcv.com\/fr\/guides\/add-resume-to-linkedin\/linkedin-connections-3\/#breadcrumb\",\"itemListElement\":[{\"@type\":\"ListItem\",\"position\":1,\"name\":\"Home\",\"item\":\"https:\/\/wp.stylingcv.com\/fr\/\"},{\"@type\":\"ListItem\",\"position\":2,\"name\":\"Guides CV &#038; Carri\u00e8re : Ressources d\u2019Experts pour Candidats\",\"item\":\"https:\/\/wp.stylingcv.com\/fr\/guides\/\"},{\"@type\":\"ListItem\",\"position\":3,\"name\":\"Comment ajouter votre CV sur LinkedIn (Guide \u00e9tape par \u00e9tape)\",\"item\":\"https:\/\/wp.stylingcv.com\/fr\/guides\/add-resume-to-linkedin\/\"},{\"@type\":\"ListItem\",\"position\":4,\"name\":\"Comment optimiser mes connexions LinkedIn\u00a0?\"}]},{\"@type\":\"WebSite\",\"@id\":\"https:\/\/wp.stylingcv.com\/fr\/#website\",\"url\":\"https:\/\/wp.stylingcv.com\/fr\/\",\"name\":\"StylingCV - Fran\u00e7ais\",\"description\":\"\",\"potentialAction\":[{\"@type\":\"SearchAction\",\"target\":{\"@type\":\"EntryPoint\",\"urlTemplate\":\"https:\/\/wp.stylingcv.com\/fr\/?s={search_term_string}\"},\"query-input\":{\"@type\":\"PropertyValueSpecification\",\"valueRequired\":true,\"valueName\":\"search_term_string\"}}],\"inLanguage\":\"en-US\"}]}<\/script>\n<!-- \/ Yoast SEO Premium plugin. -->","yoast_head_json":{"title":"Connexions LinkedIn : D\u00e9veloppez votre r\u00e9seau | StylingCV","description":"D\u00e9veloppez vos connexions LinkedIn de fa\u00e7on strat\u00e9gique. Conseils pour envoyer des demandes, relancer et b\u00e2tir un r\u00e9seau professionnel.","robots":{"index":"index","follow":"follow","max-snippet":"max-snippet:-1","max-image-preview":"max-image-preview:large","max-video-preview":"max-video-preview:-1"},"canonical":"https:\/\/stylingcv.com\/fr\/guides\/add-resume-to-linkedin\/linkedin-connections-3\/","og_locale":"en_US","og_type":"article","og_title":"Comment optimiser mes connexions LinkedIn\u00a0?","og_description":"D\u00e9veloppez vos connexions LinkedIn de fa\u00e7on strat\u00e9gique. Conseils pour envoyer des demandes, relancer et b\u00e2tir un r\u00e9seau professionnel.","og_url":"https:\/\/stylingcv.com\/fr\/guides\/add-resume-to-linkedin\/linkedin-connections-3\/","og_site_name":"StylingCV - Fran\u00e7ais","twitter_card":"summary_large_image","twitter_misc":{"Est. reading time":"1 minute"},"schema":{"@context":"https:\/\/schema.org","@graph":[{"@type":"WebPage","@id":"https:\/\/wp.stylingcv.com\/fr\/guides\/add-resume-to-linkedin\/linkedin-connections-3\/","url":"https:\/\/wp.stylingcv.com\/fr\/guides\/add-resume-to-linkedin\/linkedin-connections-3\/","name":"Connexions LinkedIn : D\u00e9veloppez votre r\u00e9seau | StylingCV","isPartOf":{"@id":"https:\/\/wp.stylingcv.com\/fr\/#website"},"datePublished":"2026-02-25T03:46:41+00:00","description":"D\u00e9veloppez vos connexions LinkedIn de fa\u00e7on strat\u00e9gique. Conseils pour envoyer des demandes, relancer et b\u00e2tir un r\u00e9seau professionnel.","breadcrumb":{"@id":"https:\/\/wp.stylingcv.com\/fr\/guides\/add-resume-to-linkedin\/linkedin-connections-3\/#breadcrumb"},"inLanguage":"en-US","potentialAction":[{"@type":"ReadAction","target":["https:\/\/wp.stylingcv.com\/fr\/guides\/add-resume-to-linkedin\/linkedin-connections-3\/"]}]},{"@type":"BreadcrumbList","@id":"https:\/\/wp.stylingcv.com\/fr\/guides\/add-resume-to-linkedin\/linkedin-connections-3\/#breadcrumb","itemListElement":[{"@type":"ListItem","position":1,"name":"Home","item":"https:\/\/wp.stylingcv.com\/fr\/"},{"@type":"ListItem","position":2,"name":"Guides CV &#038; Carri\u00e8re : Ressources d\u2019Experts pour Candidats","item":"https:\/\/wp.stylingcv.com\/fr\/guides\/"},{"@type":"ListItem","position":3,"name":"Comment ajouter votre CV sur LinkedIn (Guide \u00e9tape par \u00e9tape)","item":"https:\/\/wp.stylingcv.com\/fr\/guides\/add-resume-to-linkedin\/"},{"@type":"ListItem","position":4,"name":"Comment optimiser mes connexions LinkedIn\u00a0?"}]},{"@type":"WebSite","@id":"https:\/\/wp.stylingcv.com\/fr\/#website","url":"https:\/\/wp.stylingcv.com\/fr\/","name":"StylingCV - Fran\u00e7ais","description":"","potentialAction":[{"@type":"SearchAction","target":{"@type":"EntryPoint","urlTemplate":"https:\/\/wp.stylingcv.com\/fr\/?s={search_term_string}"},"query-input":{"@type":"PropertyValueSpecification","valueRequired":true,"valueName":"search_term_string"}}],"inLanguage":"en-US"}]}},"_links":{"self":[{"href":"https:\/\/wp.stylingcv.com\/fr\/wp-json\/wp\/v2\/pages\/1098","targetHints":{"allow":["GET"]}}],"collection":[{"href":"https:\/\/wp.stylingcv.com\/fr\/wp-json\/wp\/v2\/pages"}],"about":[{"href":"https:\/\/wp.stylingcv.com\/fr\/wp-json\/wp\/v2\/types\/page"}],"replies":[{"embeddable":true,"href":"https:\/\/wp.stylingcv.com\/fr\/wp-json\/wp\/v2\/comments?post=1098"}],"version-history":[{"count":0,"href":"https:\/\/wp.stylingcv.com\/fr\/wp-json\/wp\/v2\/pages\/1098\/revisions"}],"up":[{"embeddable":true,"href":"https:\/\/wp.stylingcv.com\/fr\/wp-json\/wp\/v2\/pages\/618"}],"wp:attachment":[{"href":"https:\/\/wp.stylingcv.com\/fr\/wp-json\/wp\/v2\/media?parent=1098"}],"curies":[{"name":"wp","href":"https:\/\/api.w.org\/{rel}","templated":true}]}}