{"id":1083,"date":"2026-02-25T03:46:11","date_gmt":"2026-02-25T03:46:11","guid":{"rendered":"https:\/\/stylingcv.com\/fr\/faq\/utiliser-linkedin-recherche-sectorielle\/"},"modified":"2026-02-25T03:46:11","modified_gmt":"2026-02-25T03:46:11","slug":"linkedin-use-38","status":"publish","type":"page","link":"https:\/\/wp.stylingcv.com\/fr\/faq\/linkedin-use-38\/","title":{"rendered":"Comment utiliser LinkedIn pour la recherche sectorielle\u00a0?"},"content":{"rendered":"\n<style>\n.faq-hero{background:linear-gradient(135deg,#0d2b3e 0%,#0d4f6e 50%,#0a7c6b 100%);padding:48px 40px 40px;border-radius:0 0 24px 24px;position:relative;overflow:hidden}\n.faq-hero::before{content:'';position:absolute;top:-50%;right:-10%;width:400px;height:400px;background:radial-gradient(circle,rgba(20,184,166,.15),transparent 70%);border-radius:50%}\n.faq-breadcrumb{display:flex;align-items:center;gap:8px;margin-bottom:20px;font-size:13px;color:rgba(255,255,255,.6);flex-wrap:wrap}\n.faq-breadcrumb a{color:rgba(255,255,255,.7);text-decoration:none}.faq-breadcrumb a:hover{color:#14b8a6}\n.faq-breadcrumb .sep{color:rgba(255,255,255,.35)}\n.faq-category-badge{display:inline-flex;align-items:center;gap:6px;background:rgba(20,184,166,.2);color:#14b8a6;border:1px solid rgba(20,184,166,.3);border-radius:20px;padding:4px 14px;font-size:12px;font-weight:600;letter-spacing:.5px;text-transform:uppercase;margin-bottom:16px}\n.faq-hero-title{font-size:clamp(22px,3.5vw,36px);font-weight:800;color:#fff;line-height:1.25;margin:0 0 8px;max-width:800px}\n.faq-meta{display:flex;gap:20px;margin-top:16px;flex-wrap:wrap}\n.faq-meta-item{color:rgba(255,255,255,.55);font-size:13px}\n.faq-content-wrap{max-width:860px;margin:0 auto;padding:0 20px 60px}\n.faq-quick-answer{background:linear-gradient(135deg,#f0fdfa,#e6fffa);border-left:4px solid #14b8a6;border-radius:0 12px 12px 0;padding:20px 24px;margin:32px 0}\n.faq-quick-answer::before{content:'\u26a1 Quick Answer';display:block;font-size:11px;font-weight:700;color:#0d9488;letter-spacing:1px;text-transform:uppercase;margin-bottom:10px}\n.faq-quick-answer p{margin:0;color:#134e4a;font-size:15px;line-height:1.7;font-weight:500}\n.faq-answer-card{background:#fff;border-radius:16px;padding:32px;margin:0 0 28px;box-shadow:0 2px 20px rgba(0,0,0,.06);border:1px solid #f1f5f9}\n.faq-answer-card h3{font-size:17px;font-weight:700;color:#0f2744;margin:0 0 12px;padding-bottom:10px;border-bottom:2px solid #f1f5f9}\n.faq-answer-card p{color:#374151;line-height:1.75;font-size:15px;margin:0 0 12px}.faq-answer-card p:last-child{margin:0}\n.faq-related{background:#f8fafc;border-radius:16px;padding:28px 32px;margin:28px 0}\n.faq-related h3{font-size:16px;font-weight:700;color:#0f2744;margin:0 0 16px}\n.faq-related-grid{display:grid;grid-template-columns:repeat(auto-fit,minmax(200px,1fr));gap:10px}\n.faq-related-link{display:flex;align-items:center;gap:8px;padding:10px 14px;background:#fff;border-radius:10px;text-decoration:none;color:#0d4f6e;font-size:13px;font-weight:500;border:1px solid #e2e8f0;transition:.2s}\n.faq-related-link:hover{border-color:#14b8a6;color:#0a7c6b;background:#f0fdfa}\n.faq-related-link::before{content:'\u2192';color:#14b8a6;font-weight:700;flex-shrink:0}\n.faq-cta-box{background:linear-gradient(135deg,#0d2b3e,#0a7c6b);border-radius:20px;padding:36px;text-align:center;margin:36px 0 0}\n.faq-cta-box h3{color:#fff;font-size:22px;font-weight:800;margin:0 0 8px}\n.faq-cta-box p{color:rgba(255,255,255,.75);font-size:14px;margin:0 0 20px}\n.faq-cta-btn{display:inline-flex;align-items:center;gap:8px;background:#e8713a;color:#fff;padding:14px 28px;border-radius:10px;font-weight:700;font-size:15px;text-decoration:none}\n.faq-cta-btn:hover{background:#d4622b}\n@media(max-width:640px){.faq-hero{padding:32px 20px 28px}.faq-content-wrap{padding:0 12px 40px}.faq-answer-card,.faq-cta-box{padding:20px}}\n<\/style>\n<div class=\"faq-hero\">\n  <div class=\"faq-breadcrumb\"><a href=\"https:\/\/stylingcv.com\/\">Accueil<\/a><span class=\"sep\">\u203a<\/span><a href=\"https:\/\/stylingcv.com\/faq\/\">FAQ<\/a><span class=\"sep\">\u203a<\/span><span>FAQ<\/span><\/div>\n  <div class=\"faq-category-badge\">\ud83d\udccb FAQ<\/div>\n  <h1 class=\"faq-hero-title\">Comment utiliser LinkedIn pour la recherche sectorielle\u00a0?<\/h1>\n  <div class=\"faq-meta\"><span class=\"faq-meta-item\">\ud83d\udcc5 Mis \u00e0 jour en mars 2026<\/span> &nbsp; <span class=\"faq-meta-item\">\u23f1 3 min de lecture<\/span> &nbsp; <span class=\"faq-meta-item\">\u2705 V\u00e9rifi\u00e9 par un expert<\/span><\/div>\n<\/div>\n\n\n\n<div class=\"faq-content-wrap\">\n  <div class=\"faq-quick-answer\"><p>LinkedIn est une plateforme puissante lorsqu&#8217;elle est utilis\u00e9e strat\u00e9giquement. Optimisez votre profil avec une photo professionnelle, un titre accrocheur avec des mots-cl\u00e9s, une section \u00c0 propos d\u00e9taill\u00e9e mettant en avant votre expertise, une exp\u00e9rience professionnelle compl\u00e8te avec&#8230;<\/p><\/div>\n  <div class=\"faq-answer-card\"><h3>\ud83d\udcd6 R\u00e9ponse compl\u00e8te<\/h3>\n    <p>LinkedIn est une plateforme puissante lorsqu&#8217;elle est utilis\u00e9e strat\u00e9giquement. Optimisez votre profil avec une photo professionnelle, un titre accrocheur avec des mots-cl\u00e9s, une section \u00c0 propos d\u00e9taill\u00e9e mettant en avant votre expertise, une exp\u00e9rience professionnelle compl\u00e8te avec des r\u00e9alisations, des comp\u00e9tences pertinentes valid\u00e9es par vos relations et des recommandations de coll\u00e8gues. Pour la recherche d&#8217;emploi, utilisez les filtres avanc\u00e9s, configurez des alertes, postulez rapidement aux nouvelles offres et contactez directement les recruteurs. Pour le r\u00e9seautage, envoyez des invitations personnalis\u00e9es, interagissez de mani\u00e8re authentique avec le contenu des autres, partagez des informations utiles, participez \u00e0 des groupes et assistez \u00e0 des \u00e9v\u00e9nements virtuels.<\/p>\n    <p>D\u00e9veloppez votre marque personnelle en publiant r\u00e9guli\u00e8rement 2 \u00e0 4 fois par semaine, en partageant des analyses sectorielles et des le\u00e7ons apprises, en utilisant des hashtags pertinents, en r\u00e9pondant aux commentaires et en affirmant votre expertise dans votre domaine. Cr\u00e9ez du contenu \u00e0 forte valeur ajout\u00e9e\u00a0: guides pratiques, analyses sectorielles, conseils de carri\u00e8re et r\u00e9cits personnels avec des enseignements. Pour le recrutement ou le d\u00e9veloppement commercial, constituez des listes de contacts cibl\u00e9es, partagez du contenu de leadership \u00e9clair\u00e9 et interagissez r\u00e9guli\u00e8rement. Utilisez LinkedIn Learning pour d\u00e9velopper vos comp\u00e9tences.<\/p>\n    <p>Faites des recherches sur les entreprises et les secteurs en suivant des organisations, en surveillant les activit\u00e9s des concurrents et en suivant les tendances. Mesurez votre succ\u00e8s gr\u00e2ce aux vues de profil, \u00e0 la croissance de votre r\u00e9seau, \u00e0 l&#8217;engagement sur vos publications et aux opportunit\u00e9s g\u00e9n\u00e9r\u00e9es.<\/p>\n  <\/div>\n  <div class=\"faq-cta-box\">\n    <h3>\ud83d\ude80 Pr\u00eat \u00e0 d\u00e9crocher l&#8217;emploi de vos r\u00eaves\u00a0?<\/h3>\n    <p>Cr\u00e9ez un CV professionnel et optimis\u00e9 ATS en quelques minutes avec StylingCV AI \u2014 approuv\u00e9 par plus de 6\u00a0millions de chercheurs d&#8217;emploi dans le monde.<\/p>\n    <a class=\"faq-cta-btn\" href=\"https:\/\/ai.stylingcv.com\/ai-generatorsignup?utm_source=stylingcv&utm_medium=website&utm_campaign=cta&utm_content=linkedin-use-38\" target=\"_blank\" rel=\"noopener\">Essayez StylingCV AI gratuitement\u00a0\u2192<\/a>\n  <\/div>\n<\/div>\n\n\n\n<script type=\"application\/ld+json\">\n{\n  \"@context\": \"https:\/\/schema.org\",\n  \"@type\": \"FAQPage\",\n  \"mainEntity\": [{\n    \"@type\": \"Question\",\n    \"name\": \"Comment utiliser LinkedIn pour la recherche sectorielle\u00a0?\",\n    \"acceptedAnswer\": {\n      \"@type\": \"Answer\",\n      \"text\": \"LinkedIn est une plateforme puissante lorsqu'elle est utilis\u00e9e strat\u00e9giquement. Optimisez votre profil avec une photo professionnelle, un titre accrocheur avec des mots-cl\u00e9s, une section \u00c0 propos d\u00e9taill\u00e9e mettant en avant votre expertise, une exp\u00e9rience professionnelle compl\u00e8te avec des r\u00e9alisations, des comp\u00e9tences pertinentes valid\u00e9es par vos relations et des recommandations de coll\u00e8gues. Pour la recherche d'emploi, utilisez les filtres avanc\u00e9s, configurez des alertes, postulez rapidement aux nouvelles offres et contactez directement les recruteurs. Pour le r\u00e9seautage, envoyez des invitations personnalis\u00e9es, interagissez de mani\u00e8re authentique avec le contenu des autres, partagez des informations utiles, participez \u00e0 des groupes et assistez \u00e0 des \u00e9v\u00e9nements virtuels. D\u00e9veloppez votre marque personnelle en publiant r\u00e9guli\u00e8rement 2 \u00e0 4 fois par semaine, en partageant des analyses sectorielles et des le\u00e7ons apprises, en utilisant des hashtags pertinents, en r\u00e9pondant aux commentaires et en affirmant votre expertise dans votre domaine. Cr\u00e9ez du contenu \u00e0 forte valeur ajout\u00e9e\u00a0: guides pratiques, analyses sectorielles, conseils de carri\u00e8re et r\u00e9cits personnels avec des enseignements. Pour le recrutement ou le d\u00e9veloppement commercial, constituez des listes de contacts cibl\u00e9es, partagez du contenu de leadership \u00e9clair\u00e9 et interagissez r\u00e9guli\u00e8rement. Utilisez LinkedIn Learning pour d\u00e9velopper vos comp\u00e9tences. Faites des recherches sur les entreprises et les secteurs en suivant des organisations, en surveillant les activit\u00e9s des concurrents et en suivant les tendances. Mesurez votre succ\u00e8s gr\u00e2ce aux vues de profil, \u00e0 la croissance de votre r\u00e9seau, \u00e0 l'engagement sur vos publications et aux opportunit\u00e9s g\u00e9n\u00e9r\u00e9es.\"\n    }\n  }]\n}\n<\/script>\n<style>.entry-content a[href*=\"ai.stylingcv.com\"]:not(.scv-exit-cta){transition:transform 0.2s ease,box-shadow 0.2s ease}.entry-content a[href*=\"ai.stylingcv.com\"]:not(.scv-exit-cta):hover{transform:translateY(-2px);box-shadow:0 4px 12px rgba(38,133,153,0.25)}<\/style>","protected":false},"excerpt":{"rendered":"<p>Accueil\u203aFAQ\u203aFAQ \ud83d\udccb FAQ Comment utiliser LinkedIn pour la recherche sectorielle\u00a0? \ud83d\udcc5 Mis \u00e0 jour en mars 2026 &nbsp; \u23f1 3 min de lecture &nbsp; \u2705 V\u00e9rifi\u00e9 par un expert LinkedIn est une plateforme puissante lorsqu&#8217;elle est utilis\u00e9e strat\u00e9giquement. Optimisez votre profil avec une photo professionnelle, un titre accrocheur avec des mots-cl\u00e9s, une section \u00c0 propos&#8230;<\/p>\n","protected":false},"author":0,"featured_media":0,"parent":844,"menu_order":0,"comment_status":"closed","ping_status":"closed","template":"","meta":{"footnotes":""},"class_list":["post-1083","page","type-page","status-publish","hentry"," c-blog-1-item  nt-post-class"],"yoast_head":"<!-- This site is optimized with the Yoast SEO Premium plugin v26.5 (Yoast SEO v26.5) - https:\/\/yoast.com\/wordpress\/plugins\/seo\/ -->\n<title>Comment utiliser LinkedIn pour la recherche sectorielle ?<\/title>\n<meta name=\"description\" content=\"D\u00e9couvrez comment exploiter LinkedIn pour la recherche sectorielle : optimisation du profil, veille concurrentielle, r\u00e9seautage et d\u00e9veloppement de carri\u00e8re.\" \/>\n<meta name=\"robots\" content=\"index, follow, max-snippet:-1, max-image-preview:large, max-video-preview:-1\" \/>\n<link rel=\"canonical\" href=\"https:\/\/stylingcv.com\/fr\/faq\/linkedin-use-38\/\" \/>\n<meta property=\"og:locale\" content=\"en_US\" \/>\n<meta property=\"og:type\" content=\"article\" \/>\n<meta property=\"og:title\" content=\"Comment utiliser LinkedIn pour la recherche sectorielle\u00a0?\" \/>\n<meta property=\"og:description\" content=\"D\u00e9couvrez comment exploiter LinkedIn pour la recherche sectorielle : optimisation du profil, veille concurrentielle, r\u00e9seautage et d\u00e9veloppement de carri\u00e8re.\" \/>\n<meta property=\"og:url\" content=\"https:\/\/stylingcv.com\/fr\/faq\/linkedin-use-38\/\" \/>\n<meta property=\"og:site_name\" content=\"StylingCV - Fran\u00e7ais\" \/>\n<meta name=\"twitter:card\" content=\"summary_large_image\" \/>\n<meta name=\"twitter:label1\" content=\"Est. reading time\" \/>\n\t<meta name=\"twitter:data1\" content=\"2 minutes\" \/>\n<script type=\"application\/ld+json\" class=\"yoast-schema-graph\">{\"@context\":\"https:\/\/schema.org\",\"@graph\":[{\"@type\":\"WebPage\",\"@id\":\"https:\/\/wp.stylingcv.com\/fr\/faq\/linkedin-use-38\/\",\"url\":\"https:\/\/wp.stylingcv.com\/fr\/faq\/linkedin-use-38\/\",\"name\":\"Comment utiliser LinkedIn pour la recherche sectorielle ?\",\"isPartOf\":{\"@id\":\"https:\/\/wp.stylingcv.com\/fr\/#website\"},\"datePublished\":\"2026-02-25T03:46:11+00:00\",\"description\":\"D\u00e9couvrez comment exploiter LinkedIn pour la recherche sectorielle : optimisation du profil, veille concurrentielle, r\u00e9seautage et d\u00e9veloppement de carri\u00e8re.\",\"breadcrumb\":{\"@id\":\"https:\/\/wp.stylingcv.com\/fr\/faq\/linkedin-use-38\/#breadcrumb\"},\"inLanguage\":\"en-US\",\"potentialAction\":[{\"@type\":\"ReadAction\",\"target\":[\"https:\/\/wp.stylingcv.com\/fr\/faq\/linkedin-use-38\/\"]}]},{\"@type\":\"BreadcrumbList\",\"@id\":\"https:\/\/wp.stylingcv.com\/fr\/faq\/linkedin-use-38\/#breadcrumb\",\"itemListElement\":[{\"@type\":\"ListItem\",\"position\":1,\"name\":\"Home\",\"item\":\"https:\/\/wp.stylingcv.com\/fr\/\"},{\"@type\":\"ListItem\",\"position\":2,\"name\":\"FAQ\",\"item\":\"https:\/\/wp.stylingcv.com\/fr\/faq\/\"},{\"@type\":\"ListItem\",\"position\":3,\"name\":\"Comment utiliser LinkedIn pour la recherche sectorielle\u00a0?\"}]},{\"@type\":\"WebSite\",\"@id\":\"https:\/\/wp.stylingcv.com\/fr\/#website\",\"url\":\"https:\/\/wp.stylingcv.com\/fr\/\",\"name\":\"StylingCV - Fran\u00e7ais\",\"description\":\"\",\"potentialAction\":[{\"@type\":\"SearchAction\",\"target\":{\"@type\":\"EntryPoint\",\"urlTemplate\":\"https:\/\/wp.stylingcv.com\/fr\/?s={search_term_string}\"},\"query-input\":{\"@type\":\"PropertyValueSpecification\",\"valueRequired\":true,\"valueName\":\"search_term_string\"}}],\"inLanguage\":\"en-US\"}]}<\/script>\n<!-- \/ Yoast SEO Premium plugin. -->","yoast_head_json":{"title":"Comment utiliser LinkedIn pour la recherche sectorielle ?","description":"D\u00e9couvrez comment exploiter LinkedIn pour la recherche sectorielle : optimisation du profil, veille concurrentielle, r\u00e9seautage et d\u00e9veloppement de carri\u00e8re.","robots":{"index":"index","follow":"follow","max-snippet":"max-snippet:-1","max-image-preview":"max-image-preview:large","max-video-preview":"max-video-preview:-1"},"canonical":"https:\/\/stylingcv.com\/fr\/faq\/linkedin-use-38\/","og_locale":"en_US","og_type":"article","og_title":"Comment utiliser LinkedIn pour la recherche sectorielle\u00a0?","og_description":"D\u00e9couvrez comment exploiter LinkedIn pour la recherche sectorielle : optimisation du profil, veille concurrentielle, r\u00e9seautage et d\u00e9veloppement de carri\u00e8re.","og_url":"https:\/\/stylingcv.com\/fr\/faq\/linkedin-use-38\/","og_site_name":"StylingCV - Fran\u00e7ais","twitter_card":"summary_large_image","twitter_misc":{"Est. reading time":"2 minutes"},"schema":{"@context":"https:\/\/schema.org","@graph":[{"@type":"WebPage","@id":"https:\/\/wp.stylingcv.com\/fr\/faq\/linkedin-use-38\/","url":"https:\/\/wp.stylingcv.com\/fr\/faq\/linkedin-use-38\/","name":"Comment utiliser LinkedIn pour la recherche sectorielle ?","isPartOf":{"@id":"https:\/\/wp.stylingcv.com\/fr\/#website"},"datePublished":"2026-02-25T03:46:11+00:00","description":"D\u00e9couvrez comment exploiter LinkedIn pour la recherche sectorielle : optimisation du profil, veille concurrentielle, r\u00e9seautage et d\u00e9veloppement de carri\u00e8re.","breadcrumb":{"@id":"https:\/\/wp.stylingcv.com\/fr\/faq\/linkedin-use-38\/#breadcrumb"},"inLanguage":"en-US","potentialAction":[{"@type":"ReadAction","target":["https:\/\/wp.stylingcv.com\/fr\/faq\/linkedin-use-38\/"]}]},{"@type":"BreadcrumbList","@id":"https:\/\/wp.stylingcv.com\/fr\/faq\/linkedin-use-38\/#breadcrumb","itemListElement":[{"@type":"ListItem","position":1,"name":"Home","item":"https:\/\/wp.stylingcv.com\/fr\/"},{"@type":"ListItem","position":2,"name":"FAQ","item":"https:\/\/wp.stylingcv.com\/fr\/faq\/"},{"@type":"ListItem","position":3,"name":"Comment utiliser LinkedIn pour la recherche sectorielle\u00a0?"}]},{"@type":"WebSite","@id":"https:\/\/wp.stylingcv.com\/fr\/#website","url":"https:\/\/wp.stylingcv.com\/fr\/","name":"StylingCV - Fran\u00e7ais","description":"","potentialAction":[{"@type":"SearchAction","target":{"@type":"EntryPoint","urlTemplate":"https:\/\/wp.stylingcv.com\/fr\/?s={search_term_string}"},"query-input":{"@type":"PropertyValueSpecification","valueRequired":true,"valueName":"search_term_string"}}],"inLanguage":"en-US"}]}},"_links":{"self":[{"href":"https:\/\/wp.stylingcv.com\/fr\/wp-json\/wp\/v2\/pages\/1083","targetHints":{"allow":["GET"]}}],"collection":[{"href":"https:\/\/wp.stylingcv.com\/fr\/wp-json\/wp\/v2\/pages"}],"about":[{"href":"https:\/\/wp.stylingcv.com\/fr\/wp-json\/wp\/v2\/types\/page"}],"replies":[{"embeddable":true,"href":"https:\/\/wp.stylingcv.com\/fr\/wp-json\/wp\/v2\/comments?post=1083"}],"version-history":[{"count":0,"href":"https:\/\/wp.stylingcv.com\/fr\/wp-json\/wp\/v2\/pages\/1083\/revisions"}],"up":[{"embeddable":true,"href":"https:\/\/wp.stylingcv.com\/fr\/wp-json\/wp\/v2\/pages\/844"}],"wp:attachment":[{"href":"https:\/\/wp.stylingcv.com\/fr\/wp-json\/wp\/v2\/media?parent=1083"}],"curies":[{"name":"wp","href":"https:\/\/api.w.org\/{rel}","templated":true}]}}