{"id":1081,"date":"2026-02-25T03:46:07","date_gmt":"2026-02-25T03:46:07","guid":{"rendered":"https:\/\/stylingcv.com\/fr\/faq\/erreurs-structure-cv-2\/"},"modified":"2026-02-25T03:46:07","modified_gmt":"2026-02-25T03:46:07","slug":"resume-mistake-36","status":"publish","type":"page","link":"https:\/\/wp.stylingcv.com\/fr\/faq\/resume-mistake-36\/","title":{"rendered":"Quelles sont les erreurs courantes de structure dans la r\u00e9daction d\u2019un CV\u00a0?"},"content":{"rendered":"\n<style>\n.faq-hero{background:linear-gradient(135deg,#0d2b3e 0%,#0d4f6e 50%,#0a7c6b 100%);padding:48px 40px 40px;border-radius:0 0 24px 24px;position:relative;overflow:hidden}\n.faq-hero::before{content:'';position:absolute;top:-50%;right:-10%;width:400px;height:400px;background:radial-gradient(circle,rgba(20,184,166,.15),transparent 70%);border-radius:50%}\n.faq-breadcrumb{display:flex;align-items:center;gap:8px;margin-bottom:20px;font-size:13px;color:rgba(255,255,255,.6);flex-wrap:wrap}\n.faq-breadcrumb a{color:rgba(255,255,255,.7);text-decoration:none}.faq-breadcrumb a:hover{color:#14b8a6}\n.faq-breadcrumb .sep{color:rgba(255,255,255,.35)}\n.faq-category-badge{display:inline-flex;align-items:center;gap:6px;background:rgba(20,184,166,.2);color:#14b8a6;border:1px solid rgba(20,184,166,.3);border-radius:20px;padding:4px 14px;font-size:12px;font-weight:600;letter-spacing:.5px;text-transform:uppercase;margin-bottom:16px}\n.faq-hero-title{font-size:clamp(22px,3.5vw,36px);font-weight:800;color:#fff;line-height:1.25;margin:0 0 8px;max-width:800px}\n.faq-meta{display:flex;gap:20px;margin-top:16px;flex-wrap:wrap}\n.faq-meta-item{color:rgba(255,255,255,.55);font-size:13px}\n.faq-content-wrap{max-width:860px;margin:0 auto;padding:0 20px 60px}\n.faq-quick-answer{background:linear-gradient(135deg,#f0fdfa,#e6fffa);border-left:4px solid #14b8a6;border-radius:0 12px 12px 0;padding:20px 24px;margin:32px 0}\n.faq-quick-answer::before{content:'\u26a1 Quick Answer';display:block;font-size:11px;font-weight:700;color:#0d9488;letter-spacing:1px;text-transform:uppercase;margin-bottom:10px}\n.faq-quick-answer p{margin:0;color:#134e4a;font-size:15px;line-height:1.7;font-weight:500}\n.faq-answer-card{background:#fff;border-radius:16px;padding:32px;margin:0 0 28px;box-shadow:0 2px 20px rgba(0,0,0,.06);border:1px solid #f1f5f9}\n.faq-answer-card h3{font-size:17px;font-weight:700;color:#0f2744;margin:0 0 12px;padding-bottom:10px;border-bottom:2px solid #f1f5f9}\n.faq-answer-card p{color:#374151;line-height:1.75;font-size:15px;margin:0 0 12px}.faq-answer-card p:last-child{margin:0}\n.faq-related{background:#f8fafc;border-radius:16px;padding:28px 32px;margin:28px 0}\n.faq-related h3{font-size:16px;font-weight:700;color:#0f2744;margin:0 0 16px}\n.faq-related-grid{display:grid;grid-template-columns:repeat(auto-fit,minmax(200px,1fr));gap:10px}\n.faq-related-link{display:flex;align-items:center;gap:8px;padding:10px 14px;background:#fff;border-radius:10px;text-decoration:none;color:#0d4f6e;font-size:13px;font-weight:500;border:1px solid #e2e8f0;transition:.2s}\n.faq-related-link:hover{border-color:#14b8a6;color:#0a7c6b;background:#f0fdfa}\n.faq-related-link::before{content:'\u2192';color:#14b8a6;font-weight:700;flex-shrink:0}\n.faq-cta-box{background:linear-gradient(135deg,#0d2b3e,#0a7c6b);border-radius:20px;padding:36px;text-align:center;margin:36px 0 0}\n.faq-cta-box h3{color:#fff;font-size:22px;font-weight:800;margin:0 0 8px}\n.faq-cta-box p{color:rgba(255,255,255,.75);font-size:14px;margin:0 0 20px}\n.faq-cta-btn{display:inline-flex;align-items:center;gap:8px;background:#e8713a;color:#fff;padding:14px 28px;border-radius:10px;font-weight:700;font-size:15px;text-decoration:none}\n.faq-cta-btn:hover{background:#d4622b}\n@media(max-width:640px){.faq-hero{padding:32px 20px 28px}.faq-content-wrap{padding:0 12px 40px}.faq-answer-card,.faq-cta-box{padding:20px}}\n<\/style>\n<div class=\"faq-hero\">\n  <div class=\"faq-breadcrumb\"><a href=\"https:\/\/stylingcv.com\/\">Accueil<\/a><span class=\"sep\">\u203a<\/span><a href=\"https:\/\/stylingcv.com\/faq\/\">FAQ<\/a><span class=\"sep\">\u203a<\/span><span>FAQ<\/span><\/div>\n  <div class=\"faq-category-badge\">\ud83d\udccb FAQ<\/div>\n  <h1 class=\"faq-hero-title\">Quelles sont les erreurs courantes de structure dans la r\u00e9daction d\u2019un CV\u00a0?<\/h1>\n  <div class=\"faq-meta\"><span class=\"faq-meta-item\">\ud83d\udcc5 Mis \u00e0 jour en mars 2026<\/span> &nbsp; <span class=\"faq-meta-item\">\u23f1 3 min de lecture<\/span> &nbsp; <span class=\"faq-meta-item\">\u2705 V\u00e9rifi\u00e9 par un expert<\/span><\/div>\n<\/div>\n\n\n\n<div class=\"faq-content-wrap\">\n  <div class=\"faq-quick-answer\"><p>Les erreurs courantes incluent des choix de mise en page qui nuisent \u00e0 la lisibilit\u00e9, un contenu g\u00e9n\u00e9rique qui ne met pas en valeur votre singularit\u00e9, l&#8217;absence de mots-cl\u00e9s essentiels recherch\u00e9s par les ATS, une longueur inadapt\u00e9e au niveau d&#8217;exp\u00e9rience, un design trop complexe qui perturbe les robots de lecture, un ton ou un langage non professionnel, une structure illogique qui masque les informations importantes, des dates incoh\u00e9rentes ou manquantes qui suscitent la m\u00e9fiance, des coordonn\u00e9es obsol\u00e8tes ou peu professionnelles, et des sections mal organis\u00e9es qui ne mettent pas en avant les qualifications cl\u00e9s.<\/p><\/div>\n  <div class=\"faq-answer-card\"><h3>\ud83d\udcd6 R\u00e9ponse compl\u00e8te<\/h3>\n    <p>Les erreurs courantes incluent des choix de mise en page qui nuisent \u00e0 la lisibilit\u00e9, un contenu g\u00e9n\u00e9rique qui ne met pas en valeur votre singularit\u00e9, l&#8217;absence de mots-cl\u00e9s essentiels recherch\u00e9s par les ATS, une longueur inadapt\u00e9e au niveau d&#8217;exp\u00e9rience, un design trop complexe qui perturbe les robots de lecture, un ton ou un langage non professionnel, une structure illogique qui masque les informations importantes, des dates incoh\u00e9rentes ou manquantes qui suscitent la m\u00e9fiance, des coordonn\u00e9es obsol\u00e8tes ou peu professionnelles, et des sections mal organis\u00e9es qui ne mettent pas en avant les qualifications cl\u00e9s.<\/p>\n    <p>Pour y rem\u00e9dier, utilisez une mise en page simple en une colonne, adaptez le contenu \u00e0 chaque candidature, recherchez les mots-cl\u00e9s sp\u00e9cifiques \u00e0 l&#8217;offre, limitez-vous \u00e0 1 ou 2 pages selon l&#8217;exp\u00e9rience, choisissez des mod\u00e8les compatibles ATS, gardez un langage professionnel, organisez avec une hi\u00e9rarchie claire, indiquez des p\u00e9riodes compl\u00e8tes, utilisez une adresse e-mail professionnelle et structurez les sections logiquement en mettant l&#8217;information la plus importante en premier.<\/p>\n    <p>Relisez toujours plusieurs fois et faites relire votre CV par d&#8217;autres personnes pour \u00e9viter ces erreurs fr\u00e9quentes.<\/p>\n  <\/div>\n  <div class=\"faq-cta-box\">\n    <h3>\ud83d\ude80 Pr\u00eat \u00e0 d\u00e9crocher l\u2019emploi de vos r\u00eaves\u00a0?<\/h3>\n    <p>Cr\u00e9ez un CV professionnel optimis\u00e9 pour les ATS en quelques minutes avec StylingCV AI \u2014 approuv\u00e9 par plus de 6\u00a0millions de candidats dans le monde.<\/p>\n    <a class=\"faq-cta-btn\" href=\"https:\/\/ai.stylingcv.com\/ai-generatorsignup?utm_source=stylingcv&utm_medium=website&utm_campaign=cta&utm_content=resume-mistake-36\" target=\"_blank\" rel=\"noopener\">Essayez StylingCV AI gratuitement\u00a0\u2192<\/a>\n  <\/div>\n<\/div>\n\n\n\n<script type=\"application\/ld+json\">\n{\n  \"@context\": \"https:\/\/schema.org\",\n  \"@type\": \"FAQPage\",\n  \"mainEntity\": [{\n    \"@type\": \"Question\",\n    \"name\": \"Quelles sont les erreurs courantes de structure dans la r\u00e9daction d\u2019un CV\u00a0?\",\n    \"acceptedAnswer\": {\n      \"@type\": \"Answer\",\n      \"text\": \"Les erreurs courantes incluent des choix de mise en page qui nuisent \u00e0 la lisibilit\u00e9, un contenu g\u00e9n\u00e9rique qui ne met pas en valeur votre singularit\u00e9, l'absence de mots-cl\u00e9s essentiels recherch\u00e9s par les ATS, une longueur inadapt\u00e9e au niveau d'exp\u00e9rience, un design trop complexe qui perturbe les robots de lecture, un ton ou un langage non professionnel, une structure illogique qui masque les informations importantes, des dates incoh\u00e9rentes ou manquantes qui suscitent la m\u00e9fiance, des coordonn\u00e9es obsol\u00e8tes ou peu professionnelles, et des sections mal organis\u00e9es qui ne mettent pas en avant les qualifications cl\u00e9s. Pour y rem\u00e9dier, utilisez une mise en page simple en une colonne, adaptez le contenu \u00e0 chaque candidature, recherchez les mots-cl\u00e9s sp\u00e9cifiques \u00e0 l'offre, limitez-vous \u00e0 1 ou 2 pages selon l'exp\u00e9rience, choisissez des mod\u00e8les compatibles ATS, gardez un langage professionnel, organisez avec une hi\u00e9rarchie claire, indiquez des p\u00e9riodes compl\u00e8tes, utilisez une adresse e-mail professionnelle et structurez les sections logiquement en mettant l'information la plus importante en premier. Relisez toujours plusieurs fois et faites relire votre CV par d'autres personnes pour \u00e9viter ces erreurs fr\u00e9quentes.\"\n    }\n  }]\n}\n<\/script>\n<style>.entry-content a[href*=\"ai.stylingcv.com\"]:not(.scv-exit-cta){transition:transform 0.2s ease,box-shadow 0.2s ease}.entry-content a[href*=\"ai.stylingcv.com\"]:not(.scv-exit-cta):hover{transform:translateY(-2px);box-shadow:0 4px 12px rgba(38,133,153,0.25)}<\/style>","protected":false},"excerpt":{"rendered":"<p>Accueil\u203aFAQ\u203aFAQ \ud83d\udccb FAQ Quelles sont les erreurs courantes de structure dans la r\u00e9daction d\u2019un CV\u00a0? \ud83d\udcc5 Mis \u00e0 jour en mars 2026 &nbsp; \u23f1 3 min de lecture &nbsp; \u2705 V\u00e9rifi\u00e9 par un expert Les erreurs courantes incluent des choix de mise en page qui nuisent \u00e0 la lisibilit\u00e9, un contenu g\u00e9n\u00e9rique qui ne met&#8230;<\/p>\n","protected":false},"author":0,"featured_media":0,"parent":844,"menu_order":0,"comment_status":"closed","ping_status":"closed","template":"","meta":{"footnotes":""},"class_list":["post-1081","page","type-page","status-publish","hentry"," c-blog-1-item  nt-post-class"],"yoast_head":"<!-- This site is optimized with the Yoast SEO Premium plugin v26.5 (Yoast SEO v26.5) - https:\/\/yoast.com\/wordpress\/plugins\/seo\/ -->\n<title>Erreurs courantes de structure dans la r\u00e9daction d\u2019un CV<\/title>\n<meta name=\"description\" content=\"D\u00e9couvrez les erreurs de structure les plus fr\u00e9quentes dans un CV et comment les \u00e9viter pour maximiser vos chances aupr\u00e8s des recruteurs et des ATS.\" \/>\n<meta name=\"robots\" content=\"index, follow, max-snippet:-1, max-image-preview:large, max-video-preview:-1\" \/>\n<link rel=\"canonical\" href=\"https:\/\/stylingcv.com\/fr\/faq\/resume-mistake-36\/\" \/>\n<meta property=\"og:locale\" content=\"en_US\" \/>\n<meta property=\"og:type\" content=\"article\" \/>\n<meta property=\"og:title\" content=\"Quelles sont les erreurs courantes de structure dans la r\u00e9daction d\u2019un CV\u00a0?\" \/>\n<meta property=\"og:description\" content=\"D\u00e9couvrez les erreurs de structure les plus fr\u00e9quentes dans un CV et comment les \u00e9viter pour maximiser vos chances aupr\u00e8s des recruteurs et des ATS.\" \/>\n<meta property=\"og:url\" content=\"https:\/\/stylingcv.com\/fr\/faq\/resume-mistake-36\/\" \/>\n<meta property=\"og:site_name\" content=\"StylingCV - Fran\u00e7ais\" \/>\n<meta name=\"twitter:card\" content=\"summary_large_image\" \/>\n<meta name=\"twitter:label1\" content=\"Est. reading time\" \/>\n\t<meta name=\"twitter:data1\" content=\"2 minutes\" \/>\n<script type=\"application\/ld+json\" class=\"yoast-schema-graph\">{\"@context\":\"https:\/\/schema.org\",\"@graph\":[{\"@type\":\"WebPage\",\"@id\":\"https:\/\/wp.stylingcv.com\/fr\/faq\/resume-mistake-36\/\",\"url\":\"https:\/\/wp.stylingcv.com\/fr\/faq\/resume-mistake-36\/\",\"name\":\"Erreurs courantes de structure dans la r\u00e9daction d\u2019un CV\",\"isPartOf\":{\"@id\":\"https:\/\/wp.stylingcv.com\/fr\/#website\"},\"datePublished\":\"2026-02-25T03:46:07+00:00\",\"description\":\"D\u00e9couvrez les erreurs de structure les plus fr\u00e9quentes dans un CV et comment les \u00e9viter pour maximiser vos chances aupr\u00e8s des recruteurs et des ATS.\",\"breadcrumb\":{\"@id\":\"https:\/\/wp.stylingcv.com\/fr\/faq\/resume-mistake-36\/#breadcrumb\"},\"inLanguage\":\"en-US\",\"potentialAction\":[{\"@type\":\"ReadAction\",\"target\":[\"https:\/\/wp.stylingcv.com\/fr\/faq\/resume-mistake-36\/\"]}]},{\"@type\":\"BreadcrumbList\",\"@id\":\"https:\/\/wp.stylingcv.com\/fr\/faq\/resume-mistake-36\/#breadcrumb\",\"itemListElement\":[{\"@type\":\"ListItem\",\"position\":1,\"name\":\"Home\",\"item\":\"https:\/\/wp.stylingcv.com\/fr\/\"},{\"@type\":\"ListItem\",\"position\":2,\"name\":\"FAQ\",\"item\":\"https:\/\/wp.stylingcv.com\/fr\/faq\/\"},{\"@type\":\"ListItem\",\"position\":3,\"name\":\"Quelles sont les erreurs courantes de structure dans la r\u00e9daction d\u2019un CV\u00a0?\"}]},{\"@type\":\"WebSite\",\"@id\":\"https:\/\/wp.stylingcv.com\/fr\/#website\",\"url\":\"https:\/\/wp.stylingcv.com\/fr\/\",\"name\":\"StylingCV - Fran\u00e7ais\",\"description\":\"\",\"potentialAction\":[{\"@type\":\"SearchAction\",\"target\":{\"@type\":\"EntryPoint\",\"urlTemplate\":\"https:\/\/wp.stylingcv.com\/fr\/?s={search_term_string}\"},\"query-input\":{\"@type\":\"PropertyValueSpecification\",\"valueRequired\":true,\"valueName\":\"search_term_string\"}}],\"inLanguage\":\"en-US\"}]}<\/script>\n<!-- \/ Yoast SEO Premium plugin. -->","yoast_head_json":{"title":"Erreurs courantes de structure dans la r\u00e9daction d\u2019un CV","description":"D\u00e9couvrez les erreurs de structure les plus fr\u00e9quentes dans un CV et comment les \u00e9viter pour maximiser vos chances aupr\u00e8s des recruteurs et des ATS.","robots":{"index":"index","follow":"follow","max-snippet":"max-snippet:-1","max-image-preview":"max-image-preview:large","max-video-preview":"max-video-preview:-1"},"canonical":"https:\/\/stylingcv.com\/fr\/faq\/resume-mistake-36\/","og_locale":"en_US","og_type":"article","og_title":"Quelles sont les erreurs courantes de structure dans la r\u00e9daction d\u2019un CV\u00a0?","og_description":"D\u00e9couvrez les erreurs de structure les plus fr\u00e9quentes dans un CV et comment les \u00e9viter pour maximiser vos chances aupr\u00e8s des recruteurs et des ATS.","og_url":"https:\/\/stylingcv.com\/fr\/faq\/resume-mistake-36\/","og_site_name":"StylingCV - Fran\u00e7ais","twitter_card":"summary_large_image","twitter_misc":{"Est. reading time":"2 minutes"},"schema":{"@context":"https:\/\/schema.org","@graph":[{"@type":"WebPage","@id":"https:\/\/wp.stylingcv.com\/fr\/faq\/resume-mistake-36\/","url":"https:\/\/wp.stylingcv.com\/fr\/faq\/resume-mistake-36\/","name":"Erreurs courantes de structure dans la r\u00e9daction d\u2019un CV","isPartOf":{"@id":"https:\/\/wp.stylingcv.com\/fr\/#website"},"datePublished":"2026-02-25T03:46:07+00:00","description":"D\u00e9couvrez les erreurs de structure les plus fr\u00e9quentes dans un CV et comment les \u00e9viter pour maximiser vos chances aupr\u00e8s des recruteurs et des ATS.","breadcrumb":{"@id":"https:\/\/wp.stylingcv.com\/fr\/faq\/resume-mistake-36\/#breadcrumb"},"inLanguage":"en-US","potentialAction":[{"@type":"ReadAction","target":["https:\/\/wp.stylingcv.com\/fr\/faq\/resume-mistake-36\/"]}]},{"@type":"BreadcrumbList","@id":"https:\/\/wp.stylingcv.com\/fr\/faq\/resume-mistake-36\/#breadcrumb","itemListElement":[{"@type":"ListItem","position":1,"name":"Home","item":"https:\/\/wp.stylingcv.com\/fr\/"},{"@type":"ListItem","position":2,"name":"FAQ","item":"https:\/\/wp.stylingcv.com\/fr\/faq\/"},{"@type":"ListItem","position":3,"name":"Quelles sont les erreurs courantes de structure dans la r\u00e9daction d\u2019un CV\u00a0?"}]},{"@type":"WebSite","@id":"https:\/\/wp.stylingcv.com\/fr\/#website","url":"https:\/\/wp.stylingcv.com\/fr\/","name":"StylingCV - Fran\u00e7ais","description":"","potentialAction":[{"@type":"SearchAction","target":{"@type":"EntryPoint","urlTemplate":"https:\/\/wp.stylingcv.com\/fr\/?s={search_term_string}"},"query-input":{"@type":"PropertyValueSpecification","valueRequired":true,"valueName":"search_term_string"}}],"inLanguage":"en-US"}]}},"_links":{"self":[{"href":"https:\/\/wp.stylingcv.com\/fr\/wp-json\/wp\/v2\/pages\/1081","targetHints":{"allow":["GET"]}}],"collection":[{"href":"https:\/\/wp.stylingcv.com\/fr\/wp-json\/wp\/v2\/pages"}],"about":[{"href":"https:\/\/wp.stylingcv.com\/fr\/wp-json\/wp\/v2\/types\/page"}],"replies":[{"embeddable":true,"href":"https:\/\/wp.stylingcv.com\/fr\/wp-json\/wp\/v2\/comments?post=1081"}],"version-history":[{"count":0,"href":"https:\/\/wp.stylingcv.com\/fr\/wp-json\/wp\/v2\/pages\/1081\/revisions"}],"up":[{"embeddable":true,"href":"https:\/\/wp.stylingcv.com\/fr\/wp-json\/wp\/v2\/pages\/844"}],"wp:attachment":[{"href":"https:\/\/wp.stylingcv.com\/fr\/wp-json\/wp\/v2\/media?parent=1081"}],"curies":[{"name":"wp","href":"https:\/\/api.w.org\/{rel}","templated":true}]}}