{"id":1076,"date":"2026-02-25T03:45:57","date_gmt":"2026-02-25T03:45:57","guid":{"rendered":"https:\/\/stylingcv.com\/fr\/faq\/gerer-situations-entretien-inattendues\/"},"modified":"2026-02-25T03:45:57","modified_gmt":"2026-02-25T03:45:57","slug":"interview-situation-31","status":"publish","type":"page","link":"https:\/\/wp.stylingcv.com\/fr\/faq\/interview-situation-31\/","title":{"rendered":"Comment g\u00e9rer les situations d&#8217;entretien inattendues\u00a0?"},"content":{"rendered":"\n<style>\n.faq-hero{background:linear-gradient(135deg,#0d2b3e 0%,#0d4f6e 50%,#0a7c6b 100%);padding:48px 40px 40px;border-radius:0 0 24px 24px;position:relative;overflow:hidden}\n.faq-hero::before{content:'';position:absolute;top:-50%;right:-10%;width:400px;height:400px;background:radial-gradient(circle,rgba(20,184,166,.15),transparent 70%);border-radius:50%}\n.faq-breadcrumb{display:flex;align-items:center;gap:8px;margin-bottom:20px;font-size:13px;color:rgba(255,255,255,.6);flex-wrap:wrap}\n.faq-breadcrumb a{color:rgba(255,255,255,.7);text-decoration:none}.faq-breadcrumb a:hover{color:#14b8a6}\n.faq-breadcrumb .sep{color:rgba(255,255,255,.35)}\n.faq-category-badge{display:inline-flex;align-items:center;gap:6px;background:rgba(20,184,166,.2);color:#14b8a6;border:1px solid rgba(20,184,166,.3);border-radius:20px;padding:4px 14px;font-size:12px;font-weight:600;letter-spacing:.5px;text-transform:uppercase;margin-bottom:16px}\n.faq-hero-title{font-size:clamp(22px,3.5vw,36px);font-weight:800;color:#fff;line-height:1.25;margin:0 0 8px;max-width:800px}\n.faq-meta{display:flex;gap:20px;margin-top:16px;flex-wrap:wrap}\n.faq-meta-item{color:rgba(255,255,255,.55);font-size:13px}\n.faq-content-wrap{max-width:860px;margin:0 auto;padding:0 20px 60px}\n.faq-quick-answer{background:linear-gradient(135deg,#f0fdfa,#e6fffa);border-left:4px solid #14b8a6;border-radius:0 12px 12px 0;padding:20px 24px;margin:32px 0}\n.faq-quick-answer::before{content:'\u26a1 Quick Answer';display:block;font-size:11px;font-weight:700;color:#0d9488;letter-spacing:1px;text-transform:uppercase;margin-bottom:10px}\n.faq-quick-answer p{margin:0;color:#134e4a;font-size:15px;line-height:1.7;font-weight:500}\n.faq-answer-card{background:#fff;border-radius:16px;padding:32px;margin:0 0 28px;box-shadow:0 2px 20px rgba(0,0,0,.06);border:1px solid #f1f5f9}\n.faq-answer-card h3{font-size:17px;font-weight:700;color:#0f2744;margin:0 0 12px;padding-bottom:10px;border-bottom:2px solid #f1f5f9}\n.faq-answer-card p{color:#374151;line-height:1.75;font-size:15px;margin:0 0 12px}.faq-answer-card p:last-child{margin:0}\n.faq-related{background:#f8fafc;border-radius:16px;padding:28px 32px;margin:28px 0}\n.faq-related h3{font-size:16px;font-weight:700;color:#0f2744;margin:0 0 16px}\n.faq-related-grid{display:grid;grid-template-columns:repeat(auto-fit,minmax(200px,1fr));gap:10px}\n.faq-related-link{display:flex;align-items:center;gap:8px;padding:10px 14px;background:#fff;border-radius:10px;text-decoration:none;color:#0d4f6e;font-size:13px;font-weight:500;border:1px solid #e2e8f0;transition:.2s}\n.faq-related-link:hover{border-color:#14b8a6;color:#0a7c6b;background:#f0fdfa}\n.faq-related-link::before{content:'\u2192';color:#14b8a6;font-weight:700;flex-shrink:0}\n.faq-cta-box{background:linear-gradient(135deg,#0d2b3e,#0a7c6b);border-radius:20px;padding:36px;text-align:center;margin:36px 0 0}\n.faq-cta-box h3{color:#fff;font-size:22px;font-weight:800;margin:0 0 8px}\n.faq-cta-box p{color:rgba(255,255,255,.75);font-size:14px;margin:0 0 20px}\n.faq-cta-btn{display:inline-flex;align-items:center;gap:8px;background:#e8713a;color:#fff;padding:14px 28px;border-radius:10px;font-weight:700;font-size:15px;text-decoration:none}\n.faq-cta-btn:hover{background:#d4622b}\n@media(max-width:640px){.faq-hero{padding:32px 20px 28px}.faq-content-wrap{padding:0 12px 40px}.faq-answer-card,.faq-cta-box{padding:20px}}\n<\/style>\n<div class=\"faq-hero\">\n  <div class=\"faq-breadcrumb\"><a href=\"https:\/\/stylingcv.com\/\">Accueil<\/a><span class=\"sep\">\u203a<\/span><a href=\"https:\/\/stylingcv.com\/faq\/\">FAQ<\/a><span class=\"sep\">\u203a<\/span><span>FAQ<\/span><\/div>\n  <div class=\"faq-category-badge\">\ud83d\udccb FAQ<\/div>\n  <h1 class=\"faq-hero-title\">Comment g\u00e9rer les situations d&#8217;entretien inattendues\u00a0?<\/h1>\n  <div class=\"faq-meta\"><span class=\"faq-meta-item\">\ud83d\udcc5 Mis \u00e0 jour en mars 2026<\/span> &nbsp; <span class=\"faq-meta-item\">\u23f1 Lecture 3 min<\/span> &nbsp; <span class=\"faq-meta-item\">\u2705 V\u00e9rifi\u00e9 par un expert<\/span><\/div>\n<\/div>\n\n\n\n<div class=\"faq-content-wrap\">\n  <div class=\"faq-quick-answer\"><p>G\u00e9rez les situations d&#8217;entretien difficiles en restant calme, en prenant le temps de r\u00e9fl\u00e9chir avant de r\u00e9pondre, en \u00e9tant honn\u00eate lorsque vous ne savez pas quelque chose, en posant des questions de clarification si n\u00e9cessaire et en maintenant votre professionnalisme tout au long.<\/p><\/div>\n  <div class=\"faq-answer-card\"><h3>\ud83d\udcd6 R\u00e9ponse compl\u00e8te<\/h3>\n    <p>G\u00e9rez les situations d&#8217;entretien difficiles en restant calme, en prenant le temps de r\u00e9fl\u00e9chir avant de r\u00e9pondre, en \u00e9tant honn\u00eate lorsque vous ne savez pas quelque chose, en posant des questions de clarification si n\u00e9cessaire et en maintenant votre professionnalisme tout au long. Pour les questions difficiles, utilisez des cadres comme la m\u00e9thode STAR pour structurer des r\u00e9ponses r\u00e9fl\u00e9chies. Pour les situations inattendues, d\u00e9montrez votre capacit\u00e9 d&#8217;adaptation et de r\u00e9solution de probl\u00e8mes en temps r\u00e9el. Pour les d\u00e9fis techniques, expliquez votre raisonnement m\u00eame si vous ne connaissez pas la r\u00e9ponse compl\u00e8te.<\/p>\n    <p>Pour les sc\u00e9narios comportementaux, pr\u00e9parez \u00e0 l&#8217;avance des histoires couvrant les th\u00e8mes courants. Restez pos\u00e9 sous la pression en vous entra\u00eenant \u00e0 l&#8217;avance et en utilisant des techniques de respiration. Lors d&#8217;entretiens en panel, \u00e9tablissez un contact visuel avec tous les intervieweurs et r\u00e9pondez \u00e0 la personne qui a pos\u00e9 la question tout en incluant les autres. Pour les entretiens t\u00e9l\u00e9phoniques et vid\u00e9o, testez la technologie \u00e0 l&#8217;avance et \u00e9liminez les distractions.<\/p>\n    <p>Pour les entretiens de cas, entra\u00eenez-vous avec des cadres et verbalisez votre processus analytique. En groupe, \u00e9quilibrez votre contribution avec une \u00e9coute active et d\u00e9montrez votre esprit de collaboration. Apr\u00e8s des moments difficiles, ne vous attardez pas dessus\u00a0: recentrez-vous sur la mise en valeur de vos qualifications.<\/p>\n  <\/div>\n  <div class=\"faq-cta-box\">\n    <h3>\ud83d\ude80 Pr\u00eat \u00e0 d\u00e9crocher l&#8217;emploi de vos r\u00eaves\u00a0?<\/h3>\n    <p>Cr\u00e9ez un CV professionnel, optimis\u00e9 ATS en quelques minutes avec StylingCV AI \u2014 approuv\u00e9 par plus de 6\u00a0millions de chercheurs d&#8217;emploi dans le monde.<\/p>\n    <a class=\"faq-cta-btn\" href=\"https:\/\/ai.stylingcv.com\/ai-generatorsignup?utm_source=stylingcv&utm_medium=website&utm_campaign=cta&utm_content=interview-situation-31\" target=\"_blank\" rel=\"noopener\">Essayez StylingCV AI gratuitement\u00a0\u2192<\/a>\n  <\/div>\n<\/div>\n\n\n\n<script type=\"application\/ld+json\">\n{\n  \"@context\": \"https:\/\/schema.org\",\n  \"@type\": \"FAQPage\",\n  \"mainEntity\": [{\n    \"@type\": \"Question\",\n    \"name\": \"How do I handle unexpected interview situations?\",\n    \"acceptedAnswer\": {\n      \"@type\": \"Answer\",\n      \"text\": \"G\u00e9rez les situations d'entretien difficiles en restant calme, en prenant le temps de r\u00e9fl\u00e9chir avant de r\u00e9pondre, en \u00e9tant honn\u00eate lorsque vous ne savez pas quelque chose, en posant des questions de clarification si n\u00e9cessaire et en maintenant votre professionnalisme tout au long. Pour les questions difficiles, utilisez des cadres comme la m\u00e9thode STAR pour structurer des r\u00e9ponses r\u00e9fl\u00e9chies. Pour les situations inattendues, d\u00e9montrez votre capacit\u00e9 d'adaptation et de r\u00e9solution de probl\u00e8mes en temps r\u00e9el. Pour les d\u00e9fis techniques, expliquez votre raisonnement m\u00eame si vous ne connaissez pas la r\u00e9ponse compl\u00e8te. Pour les sc\u00e9narios comportementaux, pr\u00e9parez \u00e0 l'avance des histoires couvrant les th\u00e8mes courants. Restez pos\u00e9 sous la pression en vous entra\u00eenant \u00e0 l'avance et en utilisant des techniques de respiration. Lors d'entretiens en panel, \u00e9tablissez un contact visuel avec tous les intervieweurs et r\u00e9pondez \u00e0 la personne qui a pos\u00e9 la question tout en incluant les autres. Pour les entretiens t\u00e9l\u00e9phoniques et vid\u00e9o, testez la technologie \u00e0 l'avance et \u00e9liminez les distractions. Pour les entretiens de cas, entra\u00eenez-vous avec des cadres et verbalisez votre processus analytique. En groupe, \u00e9quilibrez votre contribution avec une \u00e9coute active et d\u00e9montrez votre esprit de collaboration. Apr\u00e8s des moments difficiles, ne vous attardez pas dessus\u00a0: recentrez-vous sur la mise en valeur de vos qualifications.\"\n    }\n  }]\n}\n<\/script>\n<style>.entry-content a[href*=\"ai.stylingcv.com\"]:not(.scv-exit-cta){transition:transform 0.2s ease,box-shadow 0.2s ease}.entry-content a[href*=\"ai.stylingcv.com\"]:not(.scv-exit-cta):hover{transform:translateY(-2px);box-shadow:0 4px 12px rgba(38,133,153,0.25)}<\/style>","protected":false},"excerpt":{"rendered":"<p>Accueil\u203aFAQ\u203aFAQ \ud83d\udccb FAQ Comment g\u00e9rer les situations d&#8217;entretien inattendues\u00a0? \ud83d\udcc5 Mis \u00e0 jour en mars 2026 &nbsp; \u23f1 Lecture 3 min &nbsp; \u2705 V\u00e9rifi\u00e9 par un expert G\u00e9rez les situations d&#8217;entretien difficiles en restant calme, en prenant le temps de r\u00e9fl\u00e9chir avant de r\u00e9pondre, en \u00e9tant honn\u00eate lorsque vous ne savez pas quelque chose, en&#8230;<\/p>\n","protected":false},"author":0,"featured_media":0,"parent":844,"menu_order":0,"comment_status":"closed","ping_status":"closed","template":"","meta":{"footnotes":""},"class_list":["post-1076","page","type-page","status-publish","hentry"," c-blog-1-item  nt-post-class"],"yoast_head":"<!-- This site is optimized with the Yoast SEO Premium plugin v26.5 (Yoast SEO v26.5) - https:\/\/yoast.com\/wordpress\/plugins\/seo\/ -->\n<title>Comment g\u00e9rer les situations d&#039;entretien inattendues ?<\/title>\n<meta name=\"description\" content=\"D\u00e9couvrez comment rester calme, r\u00e9pondre efficacement et faire preuve d&#039;adaptabilit\u00e9 lors de situations d&#039;entretien impr\u00e9vues gr\u00e2ce \u00e0 nos conseils pratiques.\" \/>\n<meta name=\"robots\" content=\"index, follow, max-snippet:-1, max-image-preview:large, max-video-preview:-1\" \/>\n<link rel=\"canonical\" href=\"https:\/\/stylingcv.com\/fr\/faq\/interview-situation-31\/\" \/>\n<meta property=\"og:locale\" content=\"en_US\" \/>\n<meta property=\"og:type\" content=\"article\" \/>\n<meta property=\"og:title\" content=\"Comment g\u00e9rer les situations d&#039;entretien inattendues\u00a0?\" \/>\n<meta property=\"og:description\" content=\"D\u00e9couvrez comment rester calme, r\u00e9pondre efficacement et faire preuve d&#039;adaptabilit\u00e9 lors de situations d&#039;entretien impr\u00e9vues gr\u00e2ce \u00e0 nos conseils pratiques.\" \/>\n<meta property=\"og:url\" content=\"https:\/\/stylingcv.com\/fr\/faq\/interview-situation-31\/\" \/>\n<meta property=\"og:site_name\" content=\"StylingCV - Fran\u00e7ais\" \/>\n<meta name=\"twitter:card\" content=\"summary_large_image\" \/>\n<meta name=\"twitter:label1\" content=\"Est. reading time\" \/>\n\t<meta name=\"twitter:data1\" content=\"2 minutes\" \/>\n<script type=\"application\/ld+json\" class=\"yoast-schema-graph\">{\"@context\":\"https:\/\/schema.org\",\"@graph\":[{\"@type\":\"WebPage\",\"@id\":\"https:\/\/wp.stylingcv.com\/fr\/faq\/interview-situation-31\/\",\"url\":\"https:\/\/wp.stylingcv.com\/fr\/faq\/interview-situation-31\/\",\"name\":\"Comment g\u00e9rer les situations d'entretien inattendues ?\",\"isPartOf\":{\"@id\":\"https:\/\/wp.stylingcv.com\/fr\/#website\"},\"datePublished\":\"2026-02-25T03:45:57+00:00\",\"description\":\"D\u00e9couvrez comment rester calme, r\u00e9pondre efficacement et faire preuve d'adaptabilit\u00e9 lors de situations d'entretien impr\u00e9vues gr\u00e2ce \u00e0 nos conseils pratiques.\",\"breadcrumb\":{\"@id\":\"https:\/\/wp.stylingcv.com\/fr\/faq\/interview-situation-31\/#breadcrumb\"},\"inLanguage\":\"en-US\",\"potentialAction\":[{\"@type\":\"ReadAction\",\"target\":[\"https:\/\/wp.stylingcv.com\/fr\/faq\/interview-situation-31\/\"]}]},{\"@type\":\"BreadcrumbList\",\"@id\":\"https:\/\/wp.stylingcv.com\/fr\/faq\/interview-situation-31\/#breadcrumb\",\"itemListElement\":[{\"@type\":\"ListItem\",\"position\":1,\"name\":\"Home\",\"item\":\"https:\/\/wp.stylingcv.com\/fr\/\"},{\"@type\":\"ListItem\",\"position\":2,\"name\":\"FAQ\",\"item\":\"https:\/\/wp.stylingcv.com\/fr\/faq\/\"},{\"@type\":\"ListItem\",\"position\":3,\"name\":\"Comment g\u00e9rer les situations d&#8217;entretien inattendues\u00a0?\"}]},{\"@type\":\"WebSite\",\"@id\":\"https:\/\/wp.stylingcv.com\/fr\/#website\",\"url\":\"https:\/\/wp.stylingcv.com\/fr\/\",\"name\":\"StylingCV - Fran\u00e7ais\",\"description\":\"\",\"potentialAction\":[{\"@type\":\"SearchAction\",\"target\":{\"@type\":\"EntryPoint\",\"urlTemplate\":\"https:\/\/wp.stylingcv.com\/fr\/?s={search_term_string}\"},\"query-input\":{\"@type\":\"PropertyValueSpecification\",\"valueRequired\":true,\"valueName\":\"search_term_string\"}}],\"inLanguage\":\"en-US\"}]}<\/script>\n<!-- \/ Yoast SEO Premium plugin. -->","yoast_head_json":{"title":"Comment g\u00e9rer les situations d'entretien inattendues ?","description":"D\u00e9couvrez comment rester calme, r\u00e9pondre efficacement et faire preuve d'adaptabilit\u00e9 lors de situations d'entretien impr\u00e9vues gr\u00e2ce \u00e0 nos conseils pratiques.","robots":{"index":"index","follow":"follow","max-snippet":"max-snippet:-1","max-image-preview":"max-image-preview:large","max-video-preview":"max-video-preview:-1"},"canonical":"https:\/\/stylingcv.com\/fr\/faq\/interview-situation-31\/","og_locale":"en_US","og_type":"article","og_title":"Comment g\u00e9rer les situations d'entretien inattendues\u00a0?","og_description":"D\u00e9couvrez comment rester calme, r\u00e9pondre efficacement et faire preuve d'adaptabilit\u00e9 lors de situations d'entretien impr\u00e9vues gr\u00e2ce \u00e0 nos conseils pratiques.","og_url":"https:\/\/stylingcv.com\/fr\/faq\/interview-situation-31\/","og_site_name":"StylingCV - Fran\u00e7ais","twitter_card":"summary_large_image","twitter_misc":{"Est. reading time":"2 minutes"},"schema":{"@context":"https:\/\/schema.org","@graph":[{"@type":"WebPage","@id":"https:\/\/wp.stylingcv.com\/fr\/faq\/interview-situation-31\/","url":"https:\/\/wp.stylingcv.com\/fr\/faq\/interview-situation-31\/","name":"Comment g\u00e9rer les situations d'entretien inattendues ?","isPartOf":{"@id":"https:\/\/wp.stylingcv.com\/fr\/#website"},"datePublished":"2026-02-25T03:45:57+00:00","description":"D\u00e9couvrez comment rester calme, r\u00e9pondre efficacement et faire preuve d'adaptabilit\u00e9 lors de situations d'entretien impr\u00e9vues gr\u00e2ce \u00e0 nos conseils pratiques.","breadcrumb":{"@id":"https:\/\/wp.stylingcv.com\/fr\/faq\/interview-situation-31\/#breadcrumb"},"inLanguage":"en-US","potentialAction":[{"@type":"ReadAction","target":["https:\/\/wp.stylingcv.com\/fr\/faq\/interview-situation-31\/"]}]},{"@type":"BreadcrumbList","@id":"https:\/\/wp.stylingcv.com\/fr\/faq\/interview-situation-31\/#breadcrumb","itemListElement":[{"@type":"ListItem","position":1,"name":"Home","item":"https:\/\/wp.stylingcv.com\/fr\/"},{"@type":"ListItem","position":2,"name":"FAQ","item":"https:\/\/wp.stylingcv.com\/fr\/faq\/"},{"@type":"ListItem","position":3,"name":"Comment g\u00e9rer les situations d&#8217;entretien inattendues\u00a0?"}]},{"@type":"WebSite","@id":"https:\/\/wp.stylingcv.com\/fr\/#website","url":"https:\/\/wp.stylingcv.com\/fr\/","name":"StylingCV - Fran\u00e7ais","description":"","potentialAction":[{"@type":"SearchAction","target":{"@type":"EntryPoint","urlTemplate":"https:\/\/wp.stylingcv.com\/fr\/?s={search_term_string}"},"query-input":{"@type":"PropertyValueSpecification","valueRequired":true,"valueName":"search_term_string"}}],"inLanguage":"en-US"}]}},"_links":{"self":[{"href":"https:\/\/wp.stylingcv.com\/fr\/wp-json\/wp\/v2\/pages\/1076","targetHints":{"allow":["GET"]}}],"collection":[{"href":"https:\/\/wp.stylingcv.com\/fr\/wp-json\/wp\/v2\/pages"}],"about":[{"href":"https:\/\/wp.stylingcv.com\/fr\/wp-json\/wp\/v2\/types\/page"}],"replies":[{"embeddable":true,"href":"https:\/\/wp.stylingcv.com\/fr\/wp-json\/wp\/v2\/comments?post=1076"}],"version-history":[{"count":0,"href":"https:\/\/wp.stylingcv.com\/fr\/wp-json\/wp\/v2\/pages\/1076\/revisions"}],"up":[{"embeddable":true,"href":"https:\/\/wp.stylingcv.com\/fr\/wp-json\/wp\/v2\/pages\/844"}],"wp:attachment":[{"href":"https:\/\/wp.stylingcv.com\/fr\/wp-json\/wp\/v2\/media?parent=1076"}],"curies":[{"name":"wp","href":"https:\/\/api.w.org\/{rel}","templated":true}]}}