{"id":1044,"date":"2026-02-25T03:44:52","date_gmt":"2026-02-25T03:44:52","guid":{"rendered":"https:\/\/stylingcv.com\/fr\/guides-cv-carriere-ressources-experts\/negocier-date-debut-offre-emploi\/"},"modified":"2026-02-25T03:44:52","modified_gmt":"2026-02-25T03:44:52","slug":"negotiating-start-date","status":"publish","type":"page","link":"https:\/\/wp.stylingcv.com\/fr\/guides\/negotiating-start-date\/","title":{"rendered":"Comment n\u00e9gocier la date de d\u00e9but lors de l\u2019acceptation d\u2019une offre d\u2019emploi\u00a0?"},"content":{"rendered":"\n<p class=\"faq-category\"><strong>Cat\u00e9gorie\u00a0:<\/strong> FAQ Strat\u00e9gie de recherche d&#8217;emploi<\/p>\n\n\n\n<h2 class=\"wp-block-heading\">Comment n\u00e9gocier la date de d\u00e9but lors de l\u2019acceptation d\u2019une offre d\u2019emploi\u00a0?<\/h2>\n\n\n\n<p>La n\u00e9gociation de la date de d\u00e9but est une \u00e9tape courante et souvent accept\u00e9e dans le processus d\u2019offre d\u2019emploi. Bien que les entreprises aient g\u00e9n\u00e9ralement un calendrier id\u00e9al en t\u00eate, elles comprennent que les candidats ont des engagements existants ou ont besoin de temps pour assurer une transition en douceur. Aborder cette conversation de mani\u00e8re strat\u00e9gique et professionnelle peut garantir un r\u00e9sultat positif pour les deux parties.<\/p>\n\n\n\n<p><strong>D\u00e9lais standards \u00e0 prendre en compte\u00a0:<\/strong><\/p>\n<ul>\n<li><strong>Actuellement en poste\u00a0:<\/strong> La plupart des entreprises s\u2019attendent \u00e0 ce que les candidats donnent un pr\u00e9avis de 2 \u00e0 4 semaines \u00e0 leur employeur actuel. C\u2019est une courtoisie professionnelle standard qui permet une passation correcte.<\/li>\n<li><strong>Sans emploi\u00a0:<\/strong> Si vous n\u2019\u00eates pas actuellement en poste, un d\u00e9lai de 1 \u00e0 2 semaines est habituel, ce qui vous laisse le temps de r\u00e9gler vos affaires personnelles et de vous pr\u00e9parer pour le nouveau poste.<\/li>\n<li><strong>Postes seniors ou sp\u00e9cialis\u00e9s\u00a0:<\/strong> Pour les postes de direction, les postes ex\u00e9cutifs ou tr\u00e8s sp\u00e9cialis\u00e9s, 4 \u00e0 6 semaines (voire plus selon la complexit\u00e9 de la transition) peuvent \u00eatre une attente raisonnable.<\/li>\n<\/ul>\n\n\n\n<p><strong>Processus \u00e9tape par \u00e9tape pour n\u00e9gocier votre date de d\u00e9but\u00a0:<\/strong><\/p>\n<ol>\n<li><strong>Exprimez votre enthousiasme, puis exposez votre besoin\u00a0:<\/strong> Lorsque vous recevez l\u2019offre, montrez votre enthousiasme sinc\u00e8re pour le poste et l\u2019entreprise. Ensuite, passez \u00e0 votre demande concernant la date de d\u00e9but. Par exemple\u00a0: <em>\u00ab\u00a0Je suis tr\u00e8s enthousiaste \u00e0 l\u2019id\u00e9e d\u2019accepter cette offre\u00a0! Je dois toutefois donner un pr\u00e9avis appropri\u00e9 \u00e0 mon employeur actuel pour assurer une transition en douceur. Est-ce que le 2026 conviendrait comme date de d\u00e9but\u00a0?\u00a0\u00bb<\/em><\/li>\n<li><strong>Soyez pr\u00e9cis et donnez une raison (concise)\u00a0:<\/strong> \u00c9vitez d\u2019\u00eatre vague. Indiquez clairement la date souhait\u00e9e et fournissez une raison professionnelle et br\u00e8ve. Cela montre votre pr\u00e9paration et votre transparence.<\/li>\n<li><strong>Communiquez votre demande de fa\u00e7on professionnelle\u00a0:<\/strong> Id\u00e9alement, discutez-en d\u2019abord par t\u00e9l\u00e9phone, ce qui permet une conversation plus fluide et de jauger leur r\u00e9action. Confirmez ensuite les d\u00e9tails par e-mail.<\/li>\n<li><strong>Soyez pr\u00eat \u00e0 discuter\u00a0:<\/strong> L\u2019employeur peut proposer une date l\u00e9g\u00e8rement diff\u00e9rente. Soyez flexible et pr\u00eat \u00e0 trouver un compromis si possible.<\/li>\n<li><strong>Obtenez une confirmation \u00e9crite\u00a0:<\/strong> Une fois la nouvelle date de d\u00e9but convenue, assurez-vous qu\u2019elle figure dans votre lettre d\u2019offre finale ou dans un avenant.<\/li>\n<\/ol>\n\n\n\n<p><strong>Raisons valables et courantes pour un report de la date de d\u00e9but\u00a0:<\/strong><\/p>\n<ul>\n<li><strong>L\u2019employeur actuel a besoin d\u2019une p\u00e9riode de transition\u00a0:<\/strong> C\u2019est la raison la plus courante et la mieux comprise. Cela montre votre professionnalisme et le respect de votre poste actuel, ce que les employeurs appr\u00e9cient.<\/li>\n<li><strong>Vacances ou engagement familial pr\u00e9vus\u00a0:<\/strong> Si vous avez un voyage non remboursable ou un \u00e9v\u00e9nement familial important d\u00e9j\u00e0 pr\u00e9vu, il est tout \u00e0 fait raisonnable de demander un report. Fournir une preuve (ex\u00a0: r\u00e9servation de vol) peut parfois aider, mais une demande polie suffit g\u00e9n\u00e9ralement.<\/li>\n<li><strong>Logistique de d\u00e9m\u00e9nagement\u00a0:<\/strong> D\u00e9m\u00e9nager dans une nouvelle ville ou r\u00e9gion n\u00e9cessite du temps pour emballer, d\u00e9m\u00e9nager, trouver un logement et s\u2019installer. Cela peut facilement justifier quelques semaines suppl\u00e9mentaires.<\/li>\n<li><strong>Finalisation d\u2019un projet en cours\u00a0:<\/strong> Montrer que vous souhaitez terminer un projet avant de partir d\u00e9montre un solide sens du travail, ce qui joue en votre faveur.<\/li>\n<li><strong>Fin d\u2019un programme de formation\u00a0:<\/strong> Si vous terminez un cours, une certification ou un dipl\u00f4me qui renforcera vos comp\u00e9tences pour le nouveau poste, c\u2019est une raison l\u00e9gitime.<\/li>\n<li><strong>Obligations personnelles\u00a0:<\/strong> Parfois, des raisons personnelles n\u00e9cessitent un peu plus de temps avant de commencer un nouveau chapitre. Sans entrer dans les d\u00e9tails, une explication professionnelle et br\u00e8ve est utile.<\/li>\n<\/ul>\n\n\n\n<p><strong>Comment formuler votre demande\u00a0:<\/strong><\/p>\n<p>Soyez direct, confiant et professionnel. Par exemple\u00a0: <em>\u00ab\u00a0Je suis ravi d\u2019accepter votre offre pour le poste de [intitul\u00e9 du poste]. J\u2019aimerais savoir s\u2019il serait possible de d\u00e9caler la date de d\u00e9but au 2026 afin de [raison valable et br\u00e8ve, ex\u00a0: \u2018donner un pr\u00e9avis \u00e0 mon employeur actuel et assurer une passation en douceur\u2019 ou \u2018honorer un engagement familial pr\u00e9vu de longue date\u2019]. Est-ce envisageable\u00a0?\u00a0\u00bb<\/em> La plupart des employeurs sont flexibles sur une p\u00e9riode de 4 \u00e0 8 semaines, surtout pour les candidats tr\u00e8s recherch\u00e9s.<\/p>\n\n\n\n<p><strong>Ce qui est g\u00e9n\u00e9ralement consid\u00e9r\u00e9 comme raisonnable\u00a0:<\/strong><\/p>\n<ul>\n<li><strong>Report de 2 \u00e0 6 semaines\u00a0:<\/strong> Ce d\u00e9lai est presque toujours accept\u00e9 et suscite rarement des inqui\u00e9tudes.<\/li>\n<li><strong>Report de 6 \u00e0 12 semaines\u00a0:<\/strong> Cela n\u00e9cessite g\u00e9n\u00e9ralement une raison valable et pr\u00e9cise, mais c\u2019est souvent accept\u00e9, surtout pour les postes seniors ou si vous \u00eates tr\u00e8s recherch\u00e9.<\/li>\n<li><strong>Plus de 3 mois\u00a0:<\/strong> Bien que ce ne soit pas impossible, un report de plus de trois mois augmente consid\u00e9rablement le risque que l\u2019offre soit reconsid\u00e9r\u00e9e ou retir\u00e9e, car les entreprises ont souvent des besoins imm\u00e9diats.<\/li>\n<\/ul>\n\n\n\n<p><strong>Erreurs courantes \u00e0 \u00e9viter (signaux d\u2019alerte pour les employeurs)\u00a0:<\/strong><\/p>\n<ul>\n<li><strong>\u00catre vague\u00a0:<\/strong> Dire \u00ab\u00a0J\u2019ai juste besoin de plus de temps\u00a0\u00bb sans raison claire peut donner l\u2019impression que vous n\u2019\u00eates pas engag\u00e9 ou d\u00e9sorganis\u00e9.<\/li>\n<li><strong>Reporter la date \u00e0 plusieurs reprises\u00a0:<\/strong> Une fois la date fix\u00e9e, respectez-la. Des reports successifs (sauf circonstances exceptionnelles) sont un signal d\u2019alerte majeur.<\/li>\n<li><strong>Refuser de donner un d\u00e9lai raisonnable\u00a0:<\/strong> \u00catre inflexible ou exiger un report tr\u00e8s long et injustifi\u00e9 peut laisser penser que vous serez difficile \u00e0 g\u00e9rer.<\/li>\n<li><strong>Quitter son employeur actuel de fa\u00e7on abrupte\u00a0:<\/strong> M\u00eame si ce n\u2019est pas une erreur directe de n\u00e9gociation, partir sans professionnalisme peut nuire \u00e0 votre r\u00e9putation et \u00e0 vos futures r\u00e9f\u00e9rences.<\/li>\n<\/ul>\n\n\n\n<p>Une fois la date de d\u00e9but convenue et confirm\u00e9e par \u00e9crit, respectez-la. Ce n\u2019est qu\u2019en cas de circonstances exceptionnelles et in\u00e9vitables que vous devriez envisager un nouveau report, et dans ce cas, communiquez imm\u00e9diatement et avec transparence.<\/p>\n\n\n\n<p>Pour plus de conseils sur la gestion des offres d\u2019emploi et pour garantir la qualit\u00e9 de vos documents professionnels, explorez les ressources StylingCV sur les <a href=\"https:\/\/stylingcv.com\/ar\/blog\/ats-resume-tips\/\" target=\"_blank\" rel=\"noopener\">strat\u00e9gies de n\u00e9gociation d\u2019offre<\/a> et les <a href=\"https:\/\/stylingcv.com\/ar\/blog\/resume-writing-guide\/\" target=\"_blank\" rel=\"noopener\">mod\u00e8les de communication professionnelle<\/a>.<\/p>\n\n\n\n<h3 class=\"wp-block-heading\">Bonnes pratiques pour une transition r\u00e9ussie<\/h3>\n\n\n\n<ul class=\"wp-block-list\">\n<li><strong>Restez professionnel\u00a0:<\/strong> Soyez toujours poli, respectueux et \u00e0 l\u2019\u00e9coute des besoins de l\u2019entreprise.<\/li>\n<li><strong>Soyez proactif\u00a0:<\/strong> Abordez la question de la date de d\u00e9but t\u00f4t dans le processus d\u2019acceptation de l\u2019offre.<\/li>\n<li><strong>Ayez un plan B\u00a0:<\/strong> Si votre date id\u00e9ale n\u2019est pas possible, sachez quelle est votre deuxi\u00e8me meilleure option.<\/li>\n<li><strong>Confirmez tout par \u00e9crit\u00a0:<\/strong> Prot\u00e9gez-vous et l\u2019employeur en consignant tous les termes convenus, y compris la date de d\u00e9but, par \u00e9crit.<\/li>\n<li><strong>G\u00e9rez les attentes\u00a0:<\/strong> Soyez r\u00e9aliste sur la flexibilit\u00e9 que l\u2019employeur peut offrir.<\/li>\n<\/ul>\n\n\n\n<h3 class=\"wp-block-heading\">Consid\u00e9rations sp\u00e9cifiques au secteur pour les dates de d\u00e9but<\/h3>\n\n\n\n<p>Bien que les recommandations g\u00e9n\u00e9rales s\u2019appliquent, certains secteurs peuvent avoir des attentes particuli\u00e8res concernant les dates de d\u00e9but en raison des cycles de projet, des exigences r\u00e9glementaires ou de l\u2019urgence des recrutements.<\/p>\n\n\n\n<figure class=\"wp-block-table\"><table><thead><tr><th>Secteur\/Niveau de poste<\/th><th>D\u00e9lai de pr\u00e9avis typique (employeur actuel)<\/th><th>Fen\u00eatre de date de d\u00e9but attendue (nouvel employeur)<\/th><th>Points cl\u00e9s \u00e0 consid\u00e9rer<\/th><\/tr><\/thead><tbody><tr><td>Tech\/Startups<\/td><td>2-3 semaines<\/td><td>2-4 semaines<\/td><td>Souvent dynamique, mais le travail \u00e0 distance peut offrir plus de flexibilit\u00e9. Le recrutement par projet peut \u00eatre urgent.<\/td><\/tr><tr><td>Corporate\/Finance<\/td><td>2-4 semaines<\/td><td>3-6 semaines<\/td><td>Les d\u00e9lais de pr\u00e9avis standards sont courants. La fin de trimestre ou l\u2019ann\u00e9e fiscale peuvent influencer l\u2019urgence.<\/td><\/tr><tr><td>Sant\u00e9<\/td><td>4-6 semaines (pour les postes r\u00e9glement\u00e9s)<\/td><td>4-8 semaines<\/td><td>Les d\u00e9marches administratives, les accr\u00e9ditations et la continuit\u00e9 des soins n\u00e9cessitent souvent plus de temps.<\/td><\/tr><tr><td>Acad\u00e9mique\/\u00c9ducation<\/td><td>1-3 mois (souvent li\u00e9 aux semestres)<\/td><td>2-4 mois<\/td><td>Les calendriers acad\u00e9miques dictent fortement les dates de d\u00e9but\u00a0; peu de flexibilit\u00e9 hors vacances scolaires.<\/td><\/tr><tr><td>Postes seniors\/dirigeants<\/td><td>1-3 mois (ou plus)<\/td><td>6-12 semaines<\/td><td>Transitions complexes, passations et \u00e9ventuelles clauses de non-concurrence n\u00e9cessitent souvent des d\u00e9lais plus longs.<\/td><\/tr><\/tbody><\/table><\/figure>\n\n\n\n<h3 class=\"wp-block-heading\">Comprendre la flexibilit\u00e9 des employeurs\u00a0: \u00e0 faire et \u00e0 \u00e9viter<\/h3>\n\n\n\n<figure class=\"wp-block-table\"><table><thead><tr><th>\u00c0 faire lors de la n\u00e9gociation de la date de d\u00e9but<\/th><th>\u00c0 \u00e9viter lors de la n\u00e9gociation de la date de d\u00e9but<\/th><\/tr><\/thead><tbody><tr><td><strong>Soyez professionnel et courtois\u00a0:<\/strong> Formulez votre demande avec respect.<\/td><td><strong>Soyez exigeant\u00a0:<\/strong> \u00c9vitez les ultimatums ou un ton autoritaire.<\/td><\/tr><tr><td><strong>Proposez une date pr\u00e9cise\u00a0:<\/strong> Montrez que vous avez r\u00e9fl\u00e9chi \u00e0 la question.<\/td><td><strong>Soyez vague\u00a0:<\/strong> \u00ab\u00a0J\u2019ai besoin de plus de temps\u00a0\u00bb sans date ni raison n\u2019aide pas.<\/td><\/tr><tr><td><strong>Donnez une raison valable et br\u00e8ve\u00a0:<\/strong> La transparence inspire confiance.<\/td><td><strong>Inventez des raisons\u00a0:<\/strong> Les employeurs d\u00e9tectent souvent le manque de sinc\u00e9rit\u00e9.<\/td><\/tr><tr><td><strong>Soyez flexible (dans la mesure du raisonnable)\u00a0:<\/strong> Soyez ouvert au compromis.<\/td><td><strong>Soyez inflexible\u00a0:<\/strong> Refuser tout compromis peut nuire \u00e0 l\u2019offre.<\/td><\/tr><tr><td><strong>Confirmez par \u00e9crit\u00a0:<\/strong> Assurez-vous que la date convenue est document\u00e9e.<\/td><td><strong>Supposez l\u2019accord\u00a0:<\/strong> V\u00e9rifiez toujours que la nouvelle date est officielle.<\/td><\/tr><tr><td><strong>Prenez en compte les besoins de l\u2019employeur\u00a0:<\/strong> Reconnaissez leur urgence.<\/td><td><strong>Reportez \u00e0 r\u00e9p\u00e9tition\u00a0:<\/strong> Une fois la date fix\u00e9e, respectez-la.<\/td><\/tr><\/tbody><\/table><\/figure>\n\n\n\n<h3 class=\"wp-block-heading\">Exemples concrets de n\u00e9gociation de date de d\u00e9but<\/h3>\n\n\n\n<ul class=\"wp-block-list\">\n<li><strong>Exemple 1 (pr\u00e9avis standard)\u00a0:<\/strong> \u00ab\u00a0Merci beaucoup pour l\u2019offre\u00a0! Je suis ravi d\u2019accepter. Mon poste actuel n\u00e9cessite un pr\u00e9avis de deux semaines, je pourrais donc commencer le [date, ex<\/li>\n<\/ul>\n\n<p>\ud83d\udc49 <a href=\"https:\/\/stylingcv.com\/guides\/\">apprendre \u00e0 r\u00e9diger un CV<\/a><\/p>\n\n<p>\ud83d\udc49 <a href=\"https:\/\/stylingcv.com\/resume-templates\/\">mod\u00e8les de CV 2026<\/a><\/p>\n\n<p><strong>\ud83d\udca1 Astuce\u00a0:<\/strong> StylingCV n\u2019est pas seulement un cr\u00e9ateur de CV \u2014 c\u2019est un cr\u00e9ateur intelligent dot\u00e9 d\u2019une IA qui r\u00e9fl\u00e9chit. <a href=\"https:\/\/stylingcv.com\/resume-builder\/\">Cr\u00e9ateur de CV IA avec 11 agents intelligents<\/a> en moins de 2 minutes.<\/p>\n<!-- stylingcv-hub-links --><div class=\"stylingcv-related-resources\" style=\"margin-top:30px;padding:20px;background:#f8f9fa;border-left:4px solid #1abc9c;border-radius:4px;\"><h3 style=\"margin-top:0;color:#2c3e50;\">D\u00e9couvrez plus de ressources<\/h3><ul style=\"list-style:none;padding:0;\"><li><a href=\"https:\/\/stylingcv.com\/guides\/\">Guides carri\u00e8re<\/a> &mdash; Votre guide complet<\/li><li><a href=\"https:\/\/stylingcv.com\/benefits-package-151\/\">Comment aborder les discussions et d\u00e9cisions sur les avantages sociaux\u00a0?<\/a><\/li><li><a href=\"https:\/\/stylingcv.com\/job-search-strategy-9\/\">Quelles strat\u00e9gies efficaces pour la recherche d\u2019emploi dans la fonction publique\u00a0?<\/a><\/li><li><a href=\"https:\/\/stylingcv.com\/career-planning-39-2\/\">Comment aborder la planification de carri\u00e8re et les d\u00e9cisions associ\u00e9es\u00a0?<\/a><\/li><\/ul><p style=\"margin-bottom:0;font-size:14px;color:#7f8c8d;\">Pas seulement un cr\u00e9ateur de CV \u2014 un cr\u00e9ateur intelligent dot\u00e9 d\u2019une IA qui r\u00e9fl\u00e9chit. <a href=\"https:\/\/stylingcv.com\/resume-builder\/\" style=\"color:#1abc9c;font-weight:bold;\">Cr\u00e9ez votre CV en moins de 2 minutes &rarr;<\/a><\/p><\/div><!-- \/stylingcv-hub-links -->","protected":false},"excerpt":{"rendered":"<p>N\u00e9gociez votre date de d\u00e9but de fa\u00e7on professionnelle lors de l\u2019acceptation d\u2019une offre d\u2019emploi. D\u00e9couvrez quand et comment demander de la flexibilit\u00e9 sans risquer l\u2019offre.<\/p>\n","protected":false},"author":0,"featured_media":0,"parent":484,"menu_order":0,"comment_status":"closed","ping_status":"closed","template":"","meta":{"footnotes":""},"class_list":["post-1044","page","type-page","status-publish","hentry"," c-blog-1-item  nt-post-class"],"yoast_head":"<!-- This site is optimized with the Yoast SEO Premium plugin v26.5 (Yoast SEO v26.5) - https:\/\/yoast.com\/wordpress\/plugins\/seo\/ -->\n<title>Comment n\u00e9gocier votre date de d\u00e9but | StylingCV<\/title>\n<meta name=\"description\" content=\"Cat\u00e9gorie : FAQ Strat\u00e9gie de recherche d&#039;emploi. Comment n\u00e9gocier la date de d\u00e9but lors de l\u2019acceptation d\u2019une offre d\u2019emploi ?\" \/>\n<meta name=\"robots\" content=\"index, follow, max-snippet:-1, max-image-preview:large, max-video-preview:-1\" \/>\n<link rel=\"canonical\" href=\"https:\/\/stylingcv.com\/fr\/guides\/negotiating-start-date\/\" \/>\n<meta property=\"og:locale\" content=\"en_US\" \/>\n<meta property=\"og:type\" content=\"article\" \/>\n<meta property=\"og:title\" content=\"Comment n\u00e9gocier la date de d\u00e9but lors de l\u2019acceptation d\u2019une offre d\u2019emploi\u00a0?\" \/>\n<meta property=\"og:description\" content=\"Cat\u00e9gorie : FAQ Strat\u00e9gie de recherche d&#039;emploi. Comment n\u00e9gocier la date de d\u00e9but lors de l\u2019acceptation d\u2019une offre d\u2019emploi ?\" \/>\n<meta property=\"og:url\" content=\"https:\/\/stylingcv.com\/fr\/guides\/negotiating-start-date\/\" \/>\n<meta property=\"og:site_name\" content=\"StylingCV - Fran\u00e7ais\" \/>\n<meta name=\"twitter:card\" content=\"summary_large_image\" \/>\n<meta name=\"twitter:label1\" content=\"Est. reading time\" \/>\n\t<meta name=\"twitter:data1\" content=\"9 minutes\" \/>\n<script type=\"application\/ld+json\" class=\"yoast-schema-graph\">{\"@context\":\"https:\/\/schema.org\",\"@graph\":[{\"@type\":\"WebPage\",\"@id\":\"https:\/\/wp.stylingcv.com\/fr\/guides\/negotiating-start-date\/\",\"url\":\"https:\/\/wp.stylingcv.com\/fr\/guides\/negotiating-start-date\/\",\"name\":\"Comment n\u00e9gocier votre date de d\u00e9but | StylingCV\",\"isPartOf\":{\"@id\":\"https:\/\/wp.stylingcv.com\/fr\/#website\"},\"datePublished\":\"2026-02-25T03:44:52+00:00\",\"description\":\"Cat\u00e9gorie : FAQ Strat\u00e9gie de recherche d'emploi. Comment n\u00e9gocier la date de d\u00e9but lors de l\u2019acceptation d\u2019une offre d\u2019emploi ?\",\"breadcrumb\":{\"@id\":\"https:\/\/wp.stylingcv.com\/fr\/guides\/negotiating-start-date\/#breadcrumb\"},\"inLanguage\":\"en-US\",\"potentialAction\":[{\"@type\":\"ReadAction\",\"target\":[\"https:\/\/wp.stylingcv.com\/fr\/guides\/negotiating-start-date\/\"]}]},{\"@type\":\"BreadcrumbList\",\"@id\":\"https:\/\/wp.stylingcv.com\/fr\/guides\/negotiating-start-date\/#breadcrumb\",\"itemListElement\":[{\"@type\":\"ListItem\",\"position\":1,\"name\":\"Home\",\"item\":\"https:\/\/wp.stylingcv.com\/fr\/\"},{\"@type\":\"ListItem\",\"position\":2,\"name\":\"Guides CV &#038; Carri\u00e8re : Ressources d\u2019Experts pour Candidats\",\"item\":\"https:\/\/wp.stylingcv.com\/fr\/guides\/\"},{\"@type\":\"ListItem\",\"position\":3,\"name\":\"Comment n\u00e9gocier la date de d\u00e9but lors de l\u2019acceptation d\u2019une offre d\u2019emploi\u00a0?\"}]},{\"@type\":\"WebSite\",\"@id\":\"https:\/\/wp.stylingcv.com\/fr\/#website\",\"url\":\"https:\/\/wp.stylingcv.com\/fr\/\",\"name\":\"StylingCV - Fran\u00e7ais\",\"description\":\"\",\"potentialAction\":[{\"@type\":\"SearchAction\",\"target\":{\"@type\":\"EntryPoint\",\"urlTemplate\":\"https:\/\/wp.stylingcv.com\/fr\/?s={search_term_string}\"},\"query-input\":{\"@type\":\"PropertyValueSpecification\",\"valueRequired\":true,\"valueName\":\"search_term_string\"}}],\"inLanguage\":\"en-US\"}]}<\/script>\n<!-- \/ Yoast SEO Premium plugin. -->","yoast_head_json":{"title":"Comment n\u00e9gocier votre date de d\u00e9but | StylingCV","description":"Cat\u00e9gorie : FAQ Strat\u00e9gie de recherche d'emploi. Comment n\u00e9gocier la date de d\u00e9but lors de l\u2019acceptation d\u2019une offre d\u2019emploi ?","robots":{"index":"index","follow":"follow","max-snippet":"max-snippet:-1","max-image-preview":"max-image-preview:large","max-video-preview":"max-video-preview:-1"},"canonical":"https:\/\/stylingcv.com\/fr\/guides\/negotiating-start-date\/","og_locale":"en_US","og_type":"article","og_title":"Comment n\u00e9gocier la date de d\u00e9but lors de l\u2019acceptation d\u2019une offre d\u2019emploi\u00a0?","og_description":"Cat\u00e9gorie : FAQ Strat\u00e9gie de recherche d'emploi. Comment n\u00e9gocier la date de d\u00e9but lors de l\u2019acceptation d\u2019une offre d\u2019emploi ?","og_url":"https:\/\/stylingcv.com\/fr\/guides\/negotiating-start-date\/","og_site_name":"StylingCV - Fran\u00e7ais","twitter_card":"summary_large_image","twitter_misc":{"Est. reading time":"9 minutes"},"schema":{"@context":"https:\/\/schema.org","@graph":[{"@type":"WebPage","@id":"https:\/\/wp.stylingcv.com\/fr\/guides\/negotiating-start-date\/","url":"https:\/\/wp.stylingcv.com\/fr\/guides\/negotiating-start-date\/","name":"Comment n\u00e9gocier votre date de d\u00e9but | StylingCV","isPartOf":{"@id":"https:\/\/wp.stylingcv.com\/fr\/#website"},"datePublished":"2026-02-25T03:44:52+00:00","description":"Cat\u00e9gorie : FAQ Strat\u00e9gie de recherche d'emploi. Comment n\u00e9gocier la date de d\u00e9but lors de l\u2019acceptation d\u2019une offre d\u2019emploi ?","breadcrumb":{"@id":"https:\/\/wp.stylingcv.com\/fr\/guides\/negotiating-start-date\/#breadcrumb"},"inLanguage":"en-US","potentialAction":[{"@type":"ReadAction","target":["https:\/\/wp.stylingcv.com\/fr\/guides\/negotiating-start-date\/"]}]},{"@type":"BreadcrumbList","@id":"https:\/\/wp.stylingcv.com\/fr\/guides\/negotiating-start-date\/#breadcrumb","itemListElement":[{"@type":"ListItem","position":1,"name":"Home","item":"https:\/\/wp.stylingcv.com\/fr\/"},{"@type":"ListItem","position":2,"name":"Guides CV &#038; Carri\u00e8re : Ressources d\u2019Experts pour Candidats","item":"https:\/\/wp.stylingcv.com\/fr\/guides\/"},{"@type":"ListItem","position":3,"name":"Comment n\u00e9gocier la date de d\u00e9but lors de l\u2019acceptation d\u2019une offre d\u2019emploi\u00a0?"}]},{"@type":"WebSite","@id":"https:\/\/wp.stylingcv.com\/fr\/#website","url":"https:\/\/wp.stylingcv.com\/fr\/","name":"StylingCV - Fran\u00e7ais","description":"","potentialAction":[{"@type":"SearchAction","target":{"@type":"EntryPoint","urlTemplate":"https:\/\/wp.stylingcv.com\/fr\/?s={search_term_string}"},"query-input":{"@type":"PropertyValueSpecification","valueRequired":true,"valueName":"search_term_string"}}],"inLanguage":"en-US"}]}},"_links":{"self":[{"href":"https:\/\/wp.stylingcv.com\/fr\/wp-json\/wp\/v2\/pages\/1044","targetHints":{"allow":["GET"]}}],"collection":[{"href":"https:\/\/wp.stylingcv.com\/fr\/wp-json\/wp\/v2\/pages"}],"about":[{"href":"https:\/\/wp.stylingcv.com\/fr\/wp-json\/wp\/v2\/types\/page"}],"replies":[{"embeddable":true,"href":"https:\/\/wp.stylingcv.com\/fr\/wp-json\/wp\/v2\/comments?post=1044"}],"version-history":[{"count":0,"href":"https:\/\/wp.stylingcv.com\/fr\/wp-json\/wp\/v2\/pages\/1044\/revisions"}],"up":[{"embeddable":true,"href":"https:\/\/wp.stylingcv.com\/fr\/wp-json\/wp\/v2\/pages\/484"}],"wp:attachment":[{"href":"https:\/\/wp.stylingcv.com\/fr\/wp-json\/wp\/v2\/media?parent=1044"}],"curies":[{"name":"wp","href":"https:\/\/api.w.org\/{rel}","templated":true}]}}