{"id":1038,"date":"2026-02-25T03:44:41","date_gmt":"2026-02-25T03:44:41","guid":{"rendered":"https:\/\/stylingcv.com\/fr\/resume-builder-2\/cv-travailleur-independant\/"},"modified":"2026-02-25T03:44:41","modified_gmt":"2026-02-25T03:44:41","slug":"self-employed-resume","status":"publish","type":"page","link":"https:\/\/wp.stylingcv.com\/fr\/resume-builder\/self-employed-resume\/","title":{"rendered":"Comment r\u00e9diger un CV si j&#8217;ai \u00e9t\u00e9 travailleur ind\u00e9pendant ?"},"content":{"rendered":"\n<p class=\"faq-category\"><strong>Cat\u00e9gorie&nbsp;:<\/strong> FAQ R\u00e9daction de CV<\/p>\n\n\n\n<h2 class=\"wp-block-heading\">Comment r\u00e9diger un CV si j&#8217;ai \u00e9t\u00e9 travailleur ind\u00e9pendant&nbsp;?<\/h2>\n\n\n\n<p>L&#8217;exp\u00e9rience en tant qu&#8217;ind\u00e9pendant doit \u00eatre pr\u00e9sent\u00e9e de mani\u00e8re professionnelle pour d\u00e9montrer votre sens des affaires et vos comp\u00e9tences pertinentes. Listez votre activit\u00e9 comme vous le feriez pour tout employeur&nbsp;: \u00ab&nbsp;Fondateur &#038; Consultant Principal | Nom de votre entreprise | 2020-Pr\u00e9sent&nbsp;\u00bb ou \u00ab&nbsp;Consultant Marketing Ind\u00e9pendant | Travailleur Ind\u00e9pendant | 2020-Pr\u00e9sent&nbsp;\u00bb. Dans la description, traitez-la comme un emploi&nbsp;: d\u00e9crivez vos services, vos clients cibles et vos r\u00e9alisations. Quantifiez tout&nbsp;: nombre de clients servis, chiffre d&#8217;affaires g\u00e9n\u00e9r\u00e9, projets r\u00e9alis\u00e9s. Exemples de puces&nbsp;: \u00ab&nbsp;Cr\u00e9ation d&#8217;un cabinet de conseil au service de plus de 20 petites entreprises pour un chiffre d&#8217;affaires cumul\u00e9 de 500&nbsp;000&nbsp;$&nbsp;\u00bb, \u00ab&nbsp;D\u00e9veloppement de strat\u00e9gies marketing sur mesure ayant g\u00e9n\u00e9r\u00e9 en moyenne 40&nbsp;% de croissance pour les clients&nbsp;\u00bb, \u00ab&nbsp;Gestion de l&#8217;ensemble des op\u00e9rations commerciales, y compris les ventes, la prestation et la finance&nbsp;\u00bb. Si vous avez eu des clients notables, mentionnez-les (si ce n&#8217;est pas confidentiel)&nbsp;: \u00ab&nbsp;Clients incluant des entreprises du Fortune 500 et des startups soutenues par des fonds de capital-risque&nbsp;\u00bb. Mettez en avant vos comp\u00e9tences en gestion d&#8217;entreprise&nbsp;: acquisition de clients, gestion de projet, gestion P&#038;L, relations fournisseurs. Si vous souhaitez revenir \u00e0 un emploi salari\u00e9, insistez sur les comp\u00e9tences transf\u00e9rables plut\u00f4t que sur les aspects entrepreneuriaux. Ajoutez toute r\u00e9alisation particuli\u00e8re&nbsp;: prix, passages dans les m\u00e9dias, interventions en tant qu&#8217;orateur. Si votre activit\u00e9 est toujours en cours mais que vous cherchez un emploi, pr\u00e9parez-vous \u00e0 aborder ce sujet en entretien&nbsp;: les employeurs peuvent s&#8217;interroger sur votre engagement ou un \u00e9ventuel conflit d&#8217;int\u00e9r\u00eat.<\/p>\n\n\n\n<hr class=\"wp-block-separator has-alpha-channel-opacity\"\/>\n\n\n\n<h3 class=\"wp-block-heading\">Besoin d&#8217;aide pour votre CV&nbsp;?<\/h3>\n\n\n\n<p>Notre cr\u00e9ateur de CV aliment\u00e9 par l&#8217;IA sur <a href=\"https:\/\/ai.stylingcv.com\/ai-generatorsignup?utm_source=stylingcv&utm_medium=website&utm_campaign=cta&utm_content=self-employed-resume\" target=\"_blank\" rel=\"noopener\">StylingCV AI<\/a> peut vous aider \u00e0 cr\u00e9er un CV professionnel optimis\u00e9 ATS en quelques minutes. Commencez d\u00e8s aujourd&#8217;hui&nbsp;!<\/p>\n\n\n\n<div class=\"wp-block-buttons is-layout-flex wp-block-buttons-is-layout-flex\">\n\n<div class=\"wp-block-button cta-button\"><a class=\"wp-block-button__link has-primary-background-color has-background wp-element-button\" href=\"https:\/\/ai.stylingcv.com\/ai-generatorsignup?utm_source=stylingcv&utm_medium=website&utm_campaign=cta&utm_content=self-employed-resume\" target=\"_blank\" rel=\"noopener\">Essayez StylingCV AI gratuitement&nbsp;\u2192<\/a><\/div>\n\n\n\n\n<p>\ud83d\udc49 <a href=\"https:\/\/stylingcv.com\/guides\/\">guides d&#8217;experts pour CV<\/a><\/p>\n\n<p>\ud83d\udc49 <a href=\"https:\/\/stylingcv.com\/resume-templates\/\">mod\u00e8les de CV 2026<\/a><\/p>\n\n<p><strong>\ud83d\udca1 Astuce Pro&nbsp;:<\/strong> StylingCV n&#8217;est pas seulement un cr\u00e9ateur de CV \u2014 c&#8217;est un cr\u00e9ateur intelligent qui r\u00e9fl\u00e9chit. <a href=\"https:\/\/stylingcv.com\/resume-builder\/\">cr\u00e9ez votre CV en moins de 2 minutes<\/a> en moins de 2 minutes.<\/p>\n<\/div>\n\n\n\n<script type=\"application\/ld+json\">\n{\n  \"@context\": \"https:\/\/schema.org\",\n  \"@type\": \"FAQPage\",\n  \"mainEntity\": [{\n    \"@type\": \"Question\",\n    \"name\": \"How do I write a resume if I was self-employed?\",\n    \"acceptedAnswer\": {\n      \"@type\": \"Answer\",\n      \"text\": \"Self-employment should be presented professionally to demonstrate business acumen and relevant skills. List your business as you would any employer: 'Founder & Principal Consultant | Your Business Name | 2020-Present' or 'Independent Marketing Consultant | Self-Employed | 2020-Present.' In the description, treat it like a job: describe your services, target clients, and achievements. Quantify everything: number of clients served, revenue generated, projects completed. Example bullets: 'Built consulting practice serving 20+ small business clients with combined revenue of $500K,' 'Developed custom marketing strategies resulting in average 40% client growth,' 'Managed all business operations including sales, delivery, and finance.' If you had notable clients, list them (if not confidential): 'Clients included Fortune 500 companies and venture-backed startups.' Show business skills: client acquisition, project management, P&L management, vendor relationships. If transitioning back to traditional employment, emphasize skills transferable to employee roles rather than entrepreneurial aspects. Include any special achievements: awards, media features, speaking engagements. If your business is ongoing but you're seeking employment, be prepared to address this in interviews - employers may worry about your commitment or potential competition.\"\n    }\n  }]\n}\n<\/script>\n\n\n\n<p class=\"faq-keywords\"><small><strong>Li\u00e9&nbsp;:<\/strong> CV travailleur ind\u00e9pendant, CV entrepreneur, activit\u00e9 freelance, CV chef d&#8217;entreprise, consultant ind\u00e9pendant<\/small><\/p>\n<!-- stylingcv-hub-links --><div class=\"stylingcv-related-resources\" style=\"margin-top:30px;padding:20px;background:#f8f9fa;border-left:4px solid #1abc9c;border-radius:4px;\"><h3 style=\"margin-top:0;color:#2c3e50;\">D\u00e9couvrez plus de ressources<\/h3><ul style=\"list-style:none;padding:0;\"><li><a href=\"https:\/\/stylingcv.com\/resume-builder\/\">Cr\u00e9ateur de CV<\/a> &mdash; Votre guide complet<\/li><li><a href=\"https:\/\/stylingcv.com\/faq-resume-basics-3\/\">FAQ Bases du CV &#8211; StylingCV<\/a><\/li><li><a href=\"https:\/\/stylingcv.com\/remote-work-resume-guide-2\/\">Que dois-je inclure dans un CV pour le travail \u00e0 distance qui est diff&#8230;<\/a><\/li><li><a href=\"https:\/\/stylingcv.com\/volunteer-work-resume\/\">Dois-je inclure le b\u00e9n\u00e9volat sur mon CV&nbsp;?<\/a><\/li><\/ul><p style=\"margin-bottom:0;font-size:14px;color:#7f8c8d;\">Pas seulement un cr\u00e9ateur de CV &mdash; un cr\u00e9ateur intelligent qui r\u00e9fl\u00e9chit. <a href=\"https:\/\/stylingcv.com\/resume-builder\/\" style=\"color:#1abc9c;font-weight:bold;\">Cr\u00e9ez votre CV en moins de 2 minutes &rarr;<\/a><\/p><\/div><!-- \/stylingcv-hub-links --><style>.entry-content a[href*=\"ai.stylingcv.com\"]:not(.scv-exit-cta){transition:transform 0.2s ease,box-shadow 0.2s ease}.entry-content a[href*=\"ai.stylingcv.com\"]:not(.scv-exit-cta):hover{transform:translateY(-2px);box-shadow:0 4px 12px rgba(38,133,153,0.25)}<\/style>","protected":false},"excerpt":{"rendered":"<p>R\u00e9digez un CV professionnel en tant qu&#8217;ind\u00e9pendant. Mettez en avant votre exp\u00e9rience freelance, les r\u00e9sultats clients et vos comp\u00e9tences entrepreneuriales.<\/p>\n","protected":false},"author":0,"featured_media":0,"parent":45,"menu_order":0,"comment_status":"closed","ping_status":"closed","template":"","meta":{"footnotes":""},"class_list":["post-1038","page","type-page","status-publish","hentry"," c-blog-1-item  nt-post-class"],"yoast_head":"<!-- This site is optimized with the Yoast SEO Premium plugin v26.5 (Yoast SEO v26.5) - https:\/\/yoast.com\/wordpress\/plugins\/seo\/ -->\n<title>CV Travailleur Ind\u00e9pendant : Comment le r\u00e9diger | StylingCV<\/title>\n<meta name=\"description\" content=\"Cat\u00e9gorie : FAQ R\u00e9daction de CV. Comment r\u00e9diger un CV si j&#039;ai \u00e9t\u00e9 travailleur ind\u00e9pendant ?\" \/>\n<meta name=\"robots\" content=\"index, follow, max-snippet:-1, max-image-preview:large, max-video-preview:-1\" \/>\n<link rel=\"canonical\" href=\"https:\/\/stylingcv.com\/fr\/resume-builder\/self-employed-resume\/\" \/>\n<meta property=\"og:locale\" content=\"en_US\" \/>\n<meta property=\"og:type\" content=\"article\" \/>\n<meta property=\"og:title\" content=\"Comment r\u00e9diger un CV si j&#039;ai \u00e9t\u00e9 travailleur ind\u00e9pendant ?\" \/>\n<meta property=\"og:description\" content=\"Cat\u00e9gorie : FAQ R\u00e9daction de CV. Comment r\u00e9diger un CV si j&#039;ai \u00e9t\u00e9 travailleur ind\u00e9pendant ?\" \/>\n<meta property=\"og:url\" content=\"https:\/\/stylingcv.com\/fr\/resume-builder\/self-employed-resume\/\" \/>\n<meta property=\"og:site_name\" content=\"StylingCV - Fran\u00e7ais\" \/>\n<meta name=\"twitter:card\" content=\"summary_large_image\" \/>\n<meta name=\"twitter:label1\" content=\"Est. reading time\" \/>\n\t<meta name=\"twitter:data1\" content=\"2 minutes\" \/>\n<script type=\"application\/ld+json\" class=\"yoast-schema-graph\">{\"@context\":\"https:\/\/schema.org\",\"@graph\":[{\"@type\":\"WebPage\",\"@id\":\"https:\/\/wp.stylingcv.com\/fr\/resume-builder\/self-employed-resume\/\",\"url\":\"https:\/\/wp.stylingcv.com\/fr\/resume-builder\/self-employed-resume\/\",\"name\":\"CV Travailleur Ind\u00e9pendant : Comment le r\u00e9diger | StylingCV\",\"isPartOf\":{\"@id\":\"https:\/\/wp.stylingcv.com\/fr\/#website\"},\"datePublished\":\"2026-02-25T03:44:41+00:00\",\"description\":\"Cat\u00e9gorie : FAQ R\u00e9daction de CV. Comment r\u00e9diger un CV si j'ai \u00e9t\u00e9 travailleur ind\u00e9pendant ?\",\"breadcrumb\":{\"@id\":\"https:\/\/wp.stylingcv.com\/fr\/resume-builder\/self-employed-resume\/#breadcrumb\"},\"inLanguage\":\"en-US\",\"potentialAction\":[{\"@type\":\"ReadAction\",\"target\":[\"https:\/\/wp.stylingcv.com\/fr\/resume-builder\/self-employed-resume\/\"]}]},{\"@type\":\"BreadcrumbList\",\"@id\":\"https:\/\/wp.stylingcv.com\/fr\/resume-builder\/self-employed-resume\/#breadcrumb\",\"itemListElement\":[{\"@type\":\"ListItem\",\"position\":1,\"name\":\"Home\",\"item\":\"https:\/\/wp.stylingcv.com\/fr\/\"},{\"@type\":\"ListItem\",\"position\":2,\"name\":\"Cr\u00e9ateur de CV IA Gratuit \u2014 Cr\u00e9ez des CV Optimis\u00e9s ATS en Ligne | StylingCV\",\"item\":\"https:\/\/wp.stylingcv.com\/fr\/resume-builder\/\"},{\"@type\":\"ListItem\",\"position\":3,\"name\":\"Comment r\u00e9diger un CV si j&#8217;ai \u00e9t\u00e9 travailleur ind\u00e9pendant ?\"}]},{\"@type\":\"WebSite\",\"@id\":\"https:\/\/wp.stylingcv.com\/fr\/#website\",\"url\":\"https:\/\/wp.stylingcv.com\/fr\/\",\"name\":\"StylingCV - Fran\u00e7ais\",\"description\":\"\",\"potentialAction\":[{\"@type\":\"SearchAction\",\"target\":{\"@type\":\"EntryPoint\",\"urlTemplate\":\"https:\/\/wp.stylingcv.com\/fr\/?s={search_term_string}\"},\"query-input\":{\"@type\":\"PropertyValueSpecification\",\"valueRequired\":true,\"valueName\":\"search_term_string\"}}],\"inLanguage\":\"en-US\"}]}<\/script>\n<!-- \/ Yoast SEO Premium plugin. -->","yoast_head_json":{"title":"CV Travailleur Ind\u00e9pendant : Comment le r\u00e9diger | StylingCV","description":"Cat\u00e9gorie : FAQ R\u00e9daction de CV. Comment r\u00e9diger un CV si j'ai \u00e9t\u00e9 travailleur ind\u00e9pendant ?","robots":{"index":"index","follow":"follow","max-snippet":"max-snippet:-1","max-image-preview":"max-image-preview:large","max-video-preview":"max-video-preview:-1"},"canonical":"https:\/\/stylingcv.com\/fr\/resume-builder\/self-employed-resume\/","og_locale":"en_US","og_type":"article","og_title":"Comment r\u00e9diger un CV si j'ai \u00e9t\u00e9 travailleur ind\u00e9pendant ?","og_description":"Cat\u00e9gorie : FAQ R\u00e9daction de CV. Comment r\u00e9diger un CV si j'ai \u00e9t\u00e9 travailleur ind\u00e9pendant ?","og_url":"https:\/\/stylingcv.com\/fr\/resume-builder\/self-employed-resume\/","og_site_name":"StylingCV - Fran\u00e7ais","twitter_card":"summary_large_image","twitter_misc":{"Est. reading time":"2 minutes"},"schema":{"@context":"https:\/\/schema.org","@graph":[{"@type":"WebPage","@id":"https:\/\/wp.stylingcv.com\/fr\/resume-builder\/self-employed-resume\/","url":"https:\/\/wp.stylingcv.com\/fr\/resume-builder\/self-employed-resume\/","name":"CV Travailleur Ind\u00e9pendant : Comment le r\u00e9diger | StylingCV","isPartOf":{"@id":"https:\/\/wp.stylingcv.com\/fr\/#website"},"datePublished":"2026-02-25T03:44:41+00:00","description":"Cat\u00e9gorie : FAQ R\u00e9daction de CV. Comment r\u00e9diger un CV si j'ai \u00e9t\u00e9 travailleur ind\u00e9pendant ?","breadcrumb":{"@id":"https:\/\/wp.stylingcv.com\/fr\/resume-builder\/self-employed-resume\/#breadcrumb"},"inLanguage":"en-US","potentialAction":[{"@type":"ReadAction","target":["https:\/\/wp.stylingcv.com\/fr\/resume-builder\/self-employed-resume\/"]}]},{"@type":"BreadcrumbList","@id":"https:\/\/wp.stylingcv.com\/fr\/resume-builder\/self-employed-resume\/#breadcrumb","itemListElement":[{"@type":"ListItem","position":1,"name":"Home","item":"https:\/\/wp.stylingcv.com\/fr\/"},{"@type":"ListItem","position":2,"name":"Cr\u00e9ateur de CV IA Gratuit \u2014 Cr\u00e9ez des CV Optimis\u00e9s ATS en Ligne | StylingCV","item":"https:\/\/wp.stylingcv.com\/fr\/resume-builder\/"},{"@type":"ListItem","position":3,"name":"Comment r\u00e9diger un CV si j&#8217;ai \u00e9t\u00e9 travailleur ind\u00e9pendant ?"}]},{"@type":"WebSite","@id":"https:\/\/wp.stylingcv.com\/fr\/#website","url":"https:\/\/wp.stylingcv.com\/fr\/","name":"StylingCV - Fran\u00e7ais","description":"","potentialAction":[{"@type":"SearchAction","target":{"@type":"EntryPoint","urlTemplate":"https:\/\/wp.stylingcv.com\/fr\/?s={search_term_string}"},"query-input":{"@type":"PropertyValueSpecification","valueRequired":true,"valueName":"search_term_string"}}],"inLanguage":"en-US"}]}},"_links":{"self":[{"href":"https:\/\/wp.stylingcv.com\/fr\/wp-json\/wp\/v2\/pages\/1038","targetHints":{"allow":["GET"]}}],"collection":[{"href":"https:\/\/wp.stylingcv.com\/fr\/wp-json\/wp\/v2\/pages"}],"about":[{"href":"https:\/\/wp.stylingcv.com\/fr\/wp-json\/wp\/v2\/types\/page"}],"replies":[{"embeddable":true,"href":"https:\/\/wp.stylingcv.com\/fr\/wp-json\/wp\/v2\/comments?post=1038"}],"version-history":[{"count":0,"href":"https:\/\/wp.stylingcv.com\/fr\/wp-json\/wp\/v2\/pages\/1038\/revisions"}],"up":[{"embeddable":true,"href":"https:\/\/wp.stylingcv.com\/fr\/wp-json\/wp\/v2\/pages\/45"}],"wp:attachment":[{"href":"https:\/\/wp.stylingcv.com\/fr\/wp-json\/wp\/v2\/media?parent=1038"}],"curies":[{"name":"wp","href":"https:\/\/api.w.org\/{rel}","templated":true}]}}