{"id":1031,"date":"2026-02-25T03:44:28","date_gmt":"2026-02-25T03:44:28","guid":{"rendered":"https:\/\/stylingcv.com\/fr\/resume-builder-2\/formule-xyz-puces-cv\/"},"modified":"2026-02-25T03:44:28","modified_gmt":"2026-02-25T03:44:28","slug":"xyz-formula-guide","status":"publish","type":"page","link":"https:\/\/wp.stylingcv.com\/fr\/resume-builder\/xyz-formula-guide\/","title":{"rendered":"Comment r\u00e9diger des puces de CV avec la formule XYZ\u00a0?"},"content":{"rendered":"\n<p class=\"faq-category\"><strong>Cat\u00e9gorie&nbsp;:<\/strong> FAQ R\u00e9daction de CV<\/p>\n\n\n\n<h2 class=\"wp-block-heading\">Comment r\u00e9diger des puces de CV avec la formule XYZ&nbsp;?<\/h2>\n\n\n\n<p>La formule XYZ aide \u00e0 cr\u00e9er des phrases d\u2019accomplissement percutantes&nbsp;: \u00ab&nbsp;Accompli [X] mesur\u00e9 par [Y] en faisant [Z].&nbsp;\u00bb Cette structure vous oblige \u00e0 inclure les trois \u00e9l\u00e9ments les plus importants&nbsp;: ce que vous avez accompli, comment vous l\u2019avez mesur\u00e9 et comment vous l\u2019avez r\u00e9alis\u00e9. Exemples&nbsp;: Au lieu de \u00ab&nbsp;G\u00e9r\u00e9 des campagnes marketing&nbsp;\u00bb, \u00e9crivez \u00ab&nbsp;Augmentation de la g\u00e9n\u00e9ration de prospects de 45&nbsp;% (Y) gr\u00e2ce \u00e0 la mise en place d\u2019une strat\u00e9gie publicitaire cibl\u00e9e sur LinkedIn (Z) ayant atteint 500&nbsp;000 professionnels (X).&nbsp;\u00bb Au lieu de \u00ab&nbsp;Am\u00e9lioration du service client&nbsp;\u00bb, \u00e9crivez \u00ab&nbsp;R\u00e9duction des r\u00e9clamations clients de 60&nbsp;% (Y) en r\u00e9organisant le flux de tickets de support (Z) et en formant une \u00e9quipe de 12 personnes aux nouveaux protocoles (X).&nbsp;\u00bb La formule est flexible&nbsp;: vous pouvez r\u00e9organiser l\u2019ordre&nbsp;: \u00ab&nbsp;En mettant en place un cadre de tests automatis\u00e9s (Z), r\u00e9duction des bugs logiciels de 75&nbsp;% (Y) et acc\u00e9l\u00e9ration des cycles de publication de mensuels \u00e0 hebdomadaires (X).&nbsp;\u00bb Toutes les puces n\u2019ont pas besoin de suivre exactement cette formule, mais essayez d\u2019inclure les trois \u00e9l\u00e9ments dans plus de 70&nbsp;% de vos puces. Si vous manquez de mesures pr\u00e9cises (Y), utilisez des comparaisons relatives&nbsp;: \u00ab&nbsp;Transformation d\u2019une \u00e9quipe sous-performante (X) de la derni\u00e8re \u00e0 la premi\u00e8re place dans les classements r\u00e9gionaux (Y) gr\u00e2ce \u00e0 la mise en place de s\u00e9ances de coaching quotidiennes et d\u2019incitations \u00e0 la performance (Z).&nbsp;\u00bb La formule XYZ permet naturellement de produire des puces fortes et quantifiables qui d\u00e9montrent votre impact.<\/p>\n\n\n\n<hr class=\"wp-block-separator has-alpha-channel-opacity\"\/>\n\n\n\n<h3 class=\"wp-block-heading\">Besoin d\u2019aide pour votre CV&nbsp;?<\/h3>\n\n\n\n<p>Notre cr\u00e9ateur de CV aliment\u00e9 par l\u2019IA sur <a href=\"https:\/\/ai.stylingcv.com\/ai-generatorsignup?utm_source=stylingcv&utm_medium=website&utm_campaign=cta&utm_content=xyz-formula-guide\" target=\"_blank\" rel=\"noopener\">StylingCV AI<\/a> peut vous aider \u00e0 cr\u00e9er un CV professionnel optimis\u00e9 ATS en quelques minutes. Commencez d\u00e8s aujourd\u2019hui&nbsp;!<\/p>\n\n\n\n<div class=\"wp-block-buttons is-layout-flex wp-block-buttons-is-layout-flex\">\n\n<div class=\"wp-block-button cta-button\"><a class=\"wp-block-button__link has-primary-background-color has-background wp-element-button\" href=\"https:\/\/ai.stylingcv.com\/ai-generatorsignup?utm_source=stylingcv&utm_medium=website&utm_campaign=cta&utm_content=xyz-formula-guide\" target=\"_blank\" rel=\"noopener\">Essayez StylingCV AI Gratuitement \u2192<\/a><\/div>\n\n\n\n\n<p>\ud83d\udc49 <a href=\"https:\/\/stylingcv.com\/guides\/\">apprenez \u00e0 r\u00e9diger un CV<\/a><\/p>\n\n<p>\ud83d\udc49 <a href=\"https:\/\/stylingcv.com\/resume-templates\/\">d\u00e9couvrez des mod\u00e8les de CV<\/a><\/p>\n\n<p><strong>\ud83d\udca1 Astuce Pro&nbsp;:<\/strong> StylingCV n\u2019est pas seulement un cr\u00e9ateur de CV \u2014 c\u2019est un cr\u00e9ateur intelligent qui r\u00e9fl\u00e9chit. <a href=\"https:\/\/stylingcv.com\/resume-builder\/\">cr\u00e9ez votre CV en moins de 2 minutes<\/a> en moins de 2 minutes.<\/p>\n<\/div>\n\n\n\n<script type=\"application\/ld+json\">\n{\n  \"@context\": \"https:\/\/schema.org\",\n  \"@type\": \"FAQPage\",\n  \"mainEntity\": [{\n    \"@type\": \"Question\",\n    \"name\": \"Comment r\u00e9diger des puces de CV avec la formule XYZ&nbsp;?\",\n    \"acceptedAnswer\": {\n      \"@type\": \"Answer\",\n      \"text\": \"La formule XYZ aide \u00e0 cr\u00e9er des phrases d\u2019accomplissement percutantes&nbsp;: \u2018Accompli [X] mesur\u00e9 par [Y] en faisant [Z].\u2019 Cette structure vous oblige \u00e0 inclure les trois \u00e9l\u00e9ments les plus importants&nbsp;: ce que vous avez accompli, comment vous l\u2019avez mesur\u00e9 et comment vous l\u2019avez r\u00e9alis\u00e9. Exemples&nbsp;: Au lieu de \u2018G\u00e9r\u00e9 des campagnes marketing\u2019, \u00e9crivez \u2018Augmentation de la g\u00e9n\u00e9ration de prospects de 45&nbsp;% (Y) gr\u00e2ce \u00e0 la mise en place d\u2019une strat\u00e9gie publicitaire cibl\u00e9e sur LinkedIn (Z) ayant atteint 500&nbsp;000 professionnels (X).\u2019 Au lieu de \u2018Am\u00e9lioration du service client\u2019, \u00e9crivez \u2018R\u00e9duction des r\u00e9clamations clients de 60&nbsp;% (Y) en r\u00e9organisant le flux de tickets de support (Z) et en formant une \u00e9quipe de 12 personnes aux nouveaux protocoles (X).\u2019 La formule est flexible&nbsp;: vous pouvez r\u00e9organiser l\u2019ordre&nbsp;: \u2018En mettant en place un cadre de tests automatis\u00e9s (Z), r\u00e9duction des bugs logiciels de 75&nbsp;% (Y) et acc\u00e9l\u00e9ration des cycles de publication de mensuels \u00e0 hebdomadaires (X).\u2019 Toutes les puces n\u2019ont pas besoin de suivre exactement cette formule, mais essayez d\u2019inclure les trois \u00e9l\u00e9ments dans plus de 70&nbsp;% de vos puces. Si vous manquez de mesures pr\u00e9cises (Y), utilisez des comparaisons relatives&nbsp;: \u2018Transformation d\u2019une \u00e9quipe sous-performante (X) de la derni\u00e8re \u00e0 la premi\u00e8re place dans les classements r\u00e9gionaux (Y) gr\u00e2ce \u00e0 la mise en place de s\u00e9ances de coaching quotidiennes et d\u2019incitations \u00e0 la performance (Z).\u2019 La formule XYZ permet naturellement de produire des puces fortes et quantifiables qui d\u00e9montrent votre impact.\n      \"\n    }\n  }]\n}\n<\/script>\n\n\n\n<p class=\"faq-keywords\"><small><strong>Li\u00e9&nbsp;:<\/strong> formule XYZ, puces de CV, formule d\u2019accomplissement, phrases d\u2019impact, r\u00e9sultats quantifiables<\/small><\/p>\n<!-- stylingcv-hub-links --><div class=\"stylingcv-related-resources\" style=\"margin-top:30px;padding:20px;background:#f8f9fa;border-left:4px solid #1abc9c;border-radius:4px;\"><h3 style=\"margin-top:0;color:#2c3e50;\">D\u00e9couvrez plus de ressources<\/h3><ul style=\"list-style:none;padding:0;\"><li><a href=\"https:\/\/stylingcv.com\/resume-builder\/\">Cr\u00e9ateur de CV<\/a> &mdash; Votre guide complet<\/li><li><a href=\"https:\/\/stylingcv.com\/standing-out-resume\/\">Comment faire ressortir mon CV si j\u2019ai un poste courant&#8230;<\/a><\/li><li><a href=\"https:\/\/stylingcv.com\/elevate-your-resume-with-ai-enhanced-formatting-for-2026\/\">Am\u00e9liorez votre CV avec une mise en forme IA pour 2026<\/a><\/li><li><a href=\"https:\/\/stylingcv.com\/how-to-write-a-motivation-letter-2026-examples\/\">Comment r\u00e9diger une lettre de motivation 2026 &amp;amp; exemples<\/a><\/li><\/ul><p style=\"margin-bottom:0;font-size:14px;color:#7f8c8d;\">Pas seulement un cr\u00e9ateur de CV &mdash; un cr\u00e9ateur intelligent qui r\u00e9fl\u00e9chit. <a href=\"https:\/\/stylingcv.com\/resume-builder\/\" style=\"color:#1abc9c;font-weight:bold;\">Cr\u00e9ez votre CV en moins de 2 minutes &rarr;<\/a><\/p><\/div><!-- \/stylingcv-hub-links --><style>.entry-content a[href*=\"ai.stylingcv.com\"]:not(.scv-exit-cta){transition:transform 0.2s ease,box-shadow 0.2s ease}.entry-content a[href*=\"ai.stylingcv.com\"]:not(.scv-exit-cta):hover{transform:translateY(-2px);box-shadow:0 4px 12px rgba(38,133,153,0.25)}<\/style>","protected":false},"excerpt":{"rendered":"<p>R\u00e9digez des puces de CV percutantes avec la formule XYZ. Transformez des descriptions de poste en r\u00e9alisations qui impressionnent les recruteurs.<\/p>\n","protected":false},"author":0,"featured_media":0,"parent":45,"menu_order":0,"comment_status":"closed","ping_status":"closed","template":"","meta":{"footnotes":""},"class_list":["post-1031","page","type-page","status-publish","hentry"," c-blog-1-item  nt-post-class"],"yoast_head":"<!-- This site is optimized with the Yoast SEO Premium plugin v26.5 (Yoast SEO v26.5) - https:\/\/yoast.com\/wordpress\/plugins\/seo\/ -->\n<title>Formule XYZ pour les puces de CV | StylingCV<\/title>\n<meta name=\"description\" content=\"Cat\u00e9gorie : FAQ R\u00e9daction de CV. Comment r\u00e9diger des puces de CV avec la formule XYZ ?\" \/>\n<meta name=\"robots\" content=\"index, follow, max-snippet:-1, max-image-preview:large, max-video-preview:-1\" \/>\n<link rel=\"canonical\" href=\"https:\/\/stylingcv.com\/fr\/resume-builder\/xyz-formula-guide\/\" \/>\n<meta property=\"og:locale\" content=\"en_US\" \/>\n<meta property=\"og:type\" content=\"article\" \/>\n<meta property=\"og:title\" content=\"Comment r\u00e9diger des puces de CV avec la formule XYZ\u00a0?\" \/>\n<meta property=\"og:description\" content=\"Cat\u00e9gorie : FAQ R\u00e9daction de CV. Comment r\u00e9diger des puces de CV avec la formule XYZ ?\" \/>\n<meta property=\"og:url\" content=\"https:\/\/stylingcv.com\/fr\/resume-builder\/xyz-formula-guide\/\" \/>\n<meta property=\"og:site_name\" content=\"StylingCV - Fran\u00e7ais\" \/>\n<meta name=\"twitter:card\" content=\"summary_large_image\" \/>\n<meta name=\"twitter:label1\" content=\"Est. reading time\" \/>\n\t<meta name=\"twitter:data1\" content=\"2 minutes\" \/>\n<script type=\"application\/ld+json\" class=\"yoast-schema-graph\">{\"@context\":\"https:\/\/schema.org\",\"@graph\":[{\"@type\":\"WebPage\",\"@id\":\"https:\/\/wp.stylingcv.com\/fr\/resume-builder\/xyz-formula-guide\/\",\"url\":\"https:\/\/wp.stylingcv.com\/fr\/resume-builder\/xyz-formula-guide\/\",\"name\":\"Formule XYZ pour les puces de CV | StylingCV\",\"isPartOf\":{\"@id\":\"https:\/\/wp.stylingcv.com\/fr\/#website\"},\"datePublished\":\"2026-02-25T03:44:28+00:00\",\"description\":\"Cat\u00e9gorie : FAQ R\u00e9daction de CV. Comment r\u00e9diger des puces de CV avec la formule XYZ ?\",\"breadcrumb\":{\"@id\":\"https:\/\/wp.stylingcv.com\/fr\/resume-builder\/xyz-formula-guide\/#breadcrumb\"},\"inLanguage\":\"en-US\",\"potentialAction\":[{\"@type\":\"ReadAction\",\"target\":[\"https:\/\/wp.stylingcv.com\/fr\/resume-builder\/xyz-formula-guide\/\"]}]},{\"@type\":\"BreadcrumbList\",\"@id\":\"https:\/\/wp.stylingcv.com\/fr\/resume-builder\/xyz-formula-guide\/#breadcrumb\",\"itemListElement\":[{\"@type\":\"ListItem\",\"position\":1,\"name\":\"Home\",\"item\":\"https:\/\/wp.stylingcv.com\/fr\/\"},{\"@type\":\"ListItem\",\"position\":2,\"name\":\"Cr\u00e9ateur de CV IA Gratuit \u2014 Cr\u00e9ez des CV Optimis\u00e9s ATS en Ligne | StylingCV\",\"item\":\"https:\/\/wp.stylingcv.com\/fr\/resume-builder\/\"},{\"@type\":\"ListItem\",\"position\":3,\"name\":\"Comment r\u00e9diger des puces de CV avec la formule XYZ\u00a0?\"}]},{\"@type\":\"WebSite\",\"@id\":\"https:\/\/wp.stylingcv.com\/fr\/#website\",\"url\":\"https:\/\/wp.stylingcv.com\/fr\/\",\"name\":\"StylingCV - Fran\u00e7ais\",\"description\":\"\",\"potentialAction\":[{\"@type\":\"SearchAction\",\"target\":{\"@type\":\"EntryPoint\",\"urlTemplate\":\"https:\/\/wp.stylingcv.com\/fr\/?s={search_term_string}\"},\"query-input\":{\"@type\":\"PropertyValueSpecification\",\"valueRequired\":true,\"valueName\":\"search_term_string\"}}],\"inLanguage\":\"en-US\"}]}<\/script>\n<!-- \/ Yoast SEO Premium plugin. -->","yoast_head_json":{"title":"Formule XYZ pour les puces de CV | StylingCV","description":"Cat\u00e9gorie : FAQ R\u00e9daction de CV. Comment r\u00e9diger des puces de CV avec la formule XYZ ?","robots":{"index":"index","follow":"follow","max-snippet":"max-snippet:-1","max-image-preview":"max-image-preview:large","max-video-preview":"max-video-preview:-1"},"canonical":"https:\/\/stylingcv.com\/fr\/resume-builder\/xyz-formula-guide\/","og_locale":"en_US","og_type":"article","og_title":"Comment r\u00e9diger des puces de CV avec la formule XYZ\u00a0?","og_description":"Cat\u00e9gorie : FAQ R\u00e9daction de CV. Comment r\u00e9diger des puces de CV avec la formule XYZ ?","og_url":"https:\/\/stylingcv.com\/fr\/resume-builder\/xyz-formula-guide\/","og_site_name":"StylingCV - Fran\u00e7ais","twitter_card":"summary_large_image","twitter_misc":{"Est. reading time":"2 minutes"},"schema":{"@context":"https:\/\/schema.org","@graph":[{"@type":"WebPage","@id":"https:\/\/wp.stylingcv.com\/fr\/resume-builder\/xyz-formula-guide\/","url":"https:\/\/wp.stylingcv.com\/fr\/resume-builder\/xyz-formula-guide\/","name":"Formule XYZ pour les puces de CV | StylingCV","isPartOf":{"@id":"https:\/\/wp.stylingcv.com\/fr\/#website"},"datePublished":"2026-02-25T03:44:28+00:00","description":"Cat\u00e9gorie : FAQ R\u00e9daction de CV. Comment r\u00e9diger des puces de CV avec la formule XYZ ?","breadcrumb":{"@id":"https:\/\/wp.stylingcv.com\/fr\/resume-builder\/xyz-formula-guide\/#breadcrumb"},"inLanguage":"en-US","potentialAction":[{"@type":"ReadAction","target":["https:\/\/wp.stylingcv.com\/fr\/resume-builder\/xyz-formula-guide\/"]}]},{"@type":"BreadcrumbList","@id":"https:\/\/wp.stylingcv.com\/fr\/resume-builder\/xyz-formula-guide\/#breadcrumb","itemListElement":[{"@type":"ListItem","position":1,"name":"Home","item":"https:\/\/wp.stylingcv.com\/fr\/"},{"@type":"ListItem","position":2,"name":"Cr\u00e9ateur de CV IA Gratuit \u2014 Cr\u00e9ez des CV Optimis\u00e9s ATS en Ligne | StylingCV","item":"https:\/\/wp.stylingcv.com\/fr\/resume-builder\/"},{"@type":"ListItem","position":3,"name":"Comment r\u00e9diger des puces de CV avec la formule XYZ\u00a0?"}]},{"@type":"WebSite","@id":"https:\/\/wp.stylingcv.com\/fr\/#website","url":"https:\/\/wp.stylingcv.com\/fr\/","name":"StylingCV - Fran\u00e7ais","description":"","potentialAction":[{"@type":"SearchAction","target":{"@type":"EntryPoint","urlTemplate":"https:\/\/wp.stylingcv.com\/fr\/?s={search_term_string}"},"query-input":{"@type":"PropertyValueSpecification","valueRequired":true,"valueName":"search_term_string"}}],"inLanguage":"en-US"}]}},"_links":{"self":[{"href":"https:\/\/wp.stylingcv.com\/fr\/wp-json\/wp\/v2\/pages\/1031","targetHints":{"allow":["GET"]}}],"collection":[{"href":"https:\/\/wp.stylingcv.com\/fr\/wp-json\/wp\/v2\/pages"}],"about":[{"href":"https:\/\/wp.stylingcv.com\/fr\/wp-json\/wp\/v2\/types\/page"}],"replies":[{"embeddable":true,"href":"https:\/\/wp.stylingcv.com\/fr\/wp-json\/wp\/v2\/comments?post=1031"}],"version-history":[{"count":0,"href":"https:\/\/wp.stylingcv.com\/fr\/wp-json\/wp\/v2\/pages\/1031\/revisions"}],"up":[{"embeddable":true,"href":"https:\/\/wp.stylingcv.com\/fr\/wp-json\/wp\/v2\/pages\/45"}],"wp:attachment":[{"href":"https:\/\/wp.stylingcv.com\/fr\/wp-json\/wp\/v2\/media?parent=1031"}],"curies":[{"name":"wp","href":"https:\/\/api.w.org\/{rel}","templated":true}]}}