{"id":1029,"date":"2026-02-25T03:44:24","date_gmt":"2026-02-25T03:44:24","guid":{"rendered":"https:\/\/stylingcv.com\/fr\/exemples-cv-2\/cv-vente-comment-rediger\/"},"modified":"2026-02-25T03:44:24","modified_gmt":"2026-02-25T03:44:24","slug":"sales-resume-guide","status":"publish","type":"page","link":"https:\/\/wp.stylingcv.com\/fr\/resume-examples\/sales-resume-guide\/","title":{"rendered":"Comment r\u00e9diger un CV pour un poste en vente\u00a0?"},"content":{"rendered":"\n<p class=\"faq-category\"><strong>Cat\u00e9gorie :<\/strong> FAQ sur la r\u00e9daction de CV<\/p>\n\n\n\n<h2 class=\"wp-block-heading\">Comment r\u00e9diger un CV pour un poste en vente\u00a0?<\/h2>\n\n\n\n<p>Les CV de vente doivent prouver que vous pouvez conclure des affaires et g\u00e9n\u00e9rer des revenus. Il ne s&#8217;agit pas seulement d&#8217;affirmer que vous \u00eates dou\u00e9 pour la vente ; il s&#8217;agit de fournir des preuves irr\u00e9futables \u00e0 travers des chiffres, des r\u00e9alisations et de l&#8217;impact. Les recruteurs et responsables du recrutement pour les postes en vente recherchent avant tout des r\u00e9sultats quantifiables. Votre CV doit \u00eatre un document ax\u00e9 sur les donn\u00e9es qui met en avant votre capacit\u00e9 \u00e0 atteindre et d\u00e9passer les objectifs, \u00e0 d\u00e9velopper des territoires et \u00e0 \u00e9tablir de solides relations clients.<\/p>\n\n\n\n<h3 class=\"wp-block-heading\">Structure et contenu pour un CV de vente percutant<\/h3>\n\n\n\n<p>Voici comment structurer votre CV de vente pour un impact maximal :<\/p>\n\n\n\n<h4 class=\"wp-block-heading\">1. R\u00e9sum\u00e9 professionnel : commencez par vos r\u00e9sultats<\/h4>\n\n\n\n<p>Votre r\u00e9sum\u00e9 professionnel (aussi appel\u00e9 r\u00e9sum\u00e9 de CV ou r\u00e9sum\u00e9 ex\u00e9cutif) est votre argument \u00e9clair. Il doit imm\u00e9diatement attirer l&#8217;attention en mettant en avant vos r\u00e9alisations commerciales les plus impressionnantes et vos comp\u00e9tences cl\u00e9s. Ce n&#8217;est pas une d\u00e9claration g\u00e9n\u00e9rique de vos aspirations\u00a0; c&#8217;est un aper\u00e7u concis en 3-4 phrases de vos points forts de carri\u00e8re. Quantifiez tout d\u00e8s le d\u00e9but. Par exemple\u00a0: \u00ab\u00a0Repr\u00e9sentant commercial performant avec 5 ans d&#8217;exp\u00e9rience en B2B SaaS. A d\u00e9pass\u00e9 les quotas de 30\u00a0%+ et class\u00e9 n\u00b01 dans la r\u00e9gion en 2026. Capacit\u00e9 prouv\u00e9e \u00e0 g\u00e9n\u00e9rer des revenus de plusieurs millions de dollars et \u00e0 construire des portefeuilles clients solides.\u00a0\u00bb Indiquez votre expertise sectorielle, vos comp\u00e9tences cl\u00e9s et le type de poste recherch\u00e9.<\/p>\n\n\n\n<h4 class=\"wp-block-heading\">2. Exp\u00e9rience professionnelle : quantifiez chaque point<\/h4>\n\n\n\n<p>C&#8217;est le c\u0153ur de votre CV de vente. Chaque point sous chaque poste doit \u00eatre une r\u00e9alisation, pas seulement une t\u00e2che, et il *doit* inclure des chiffres. La vente est sans doute le m\u00e9tier le plus quantifiable \u2013 profitez-en. Pensez en termes de r\u00e9sultats, d&#8217;impact et de mesures sp\u00e9cifiques. Utilisez mentalement la m\u00e9thode STAR (Situation, T\u00e2che, Action, R\u00e9sultat) pour structurer vos points, en mettant toujours l&#8217;accent sur le \u00ab\u00a0R\u00e9sultat\u00a0\u00bb avec des donn\u00e9es.<\/p>\n\n\n\n<ul class=\"wp-block-list\">\n<li><strong>G\u00e9n\u00e9ration de revenus :<\/strong> \u00ab\u00a0G\u00e9n\u00e9r\u00e9 2,5\u00a0M$ de nouveaux revenus (125\u00a0% du quota) sur un march\u00e9 concurrentiel.\u00a0\u00bb<\/li>\n<li><strong>Classements &amp; performance :<\/strong> \u00ab\u00a0Class\u00e9 n\u00b02 sur 45 repr\u00e9sentants au niveau national pour la performance T4 2026.\u00a0\u00bb<\/li>\n<li><strong>Croissance &amp; expansion :<\/strong> \u00ab\u00a0D\u00e9veloppement du territoire de 500\u00a0K$ \u00e0 1,8\u00a0M$ de revenus r\u00e9currents annuels (ARR) en 18 mois.\u00a0\u00bb<\/li>\n<li><strong>Taux de r\u00e9ussite &amp; efficacit\u00e9 :<\/strong> \u00ab\u00a0Maintenu un taux de conclusion de 32\u00a0% sur les prospects qualifi\u00e9s, soit 12\u00a0% au-dessus de la moyenne de l&#8217;\u00e9quipe.\u00a0\u00bb<\/li>\n<li><strong>Taille des contrats :<\/strong> \u00ab\u00a0Conclu des contrats de 50\u00a0K$ \u00e0 500\u00a0K$, avec une moyenne de 180\u00a0K$.\u00a0\u00bb<\/li>\n<li><strong>Atteinte des quotas :<\/strong> \u00ab\u00a0D\u00e9passement du quota trimestriel 11 trimestres sur 12, avec une moyenne de 115\u00a0% d&#8217;atteinte.\u00a0\u00bb<\/li>\n<li><strong>Gestion du pipeline :<\/strong> \u00ab\u00a0Cr\u00e9ation et gestion d&#8217;un pipeline solide de plus de 5\u00a0M$ d&#8217;opportunit\u00e9s qualifi\u00e9es.\u00a0\u00bb<\/li>\n<li><strong>M\u00e9triques clients :<\/strong> \u00ab\u00a0Gestion d&#8217;un portefeuille de 35 comptes grands comptes, avec un taux de fid\u00e9lisation de 95\u00a0%.\u00a0\u00bb<\/li>\n<li><strong>Part de march\u00e9 :<\/strong> \u00ab\u00a0Augmentation de la part de march\u00e9 de 15\u00a0% sur la cible d\u00e9mographique gr\u00e2ce \u00e0 une prospection strat\u00e9gique.\u00a0\u00bb<\/li>\n<li><strong>Cycle de vente :<\/strong> \u00ab\u00a0R\u00e9duction de la dur\u00e9e moyenne du cycle de vente de 20\u00a0% gr\u00e2ce \u00e0 l&#8217;optimisation des processus de qualification.\u00a0\u00bb<\/li>\n<\/ul>\n\n\n\n<h5 class=\"wp-block-heading\">M\u00e9triques essentielles \u00e0 quantifier en vente<\/h5>\n\n\n\n<p>Voici un tableau pr\u00e9sentant les principales m\u00e9triques et exemples pour vous aider \u00e0 quantifier vos r\u00e9ussites commerciales :<\/p>\n\n\n\n<figure class=\"wp-block-table\"><table><thead><tr><th>Cat\u00e9gorie de m\u00e9trique<\/th><th>Description<\/th><th>Exemple de point sur le CV<\/th><\/tr><\/thead><tbody><tr><td><strong>G\u00e9n\u00e9ration de revenus<\/strong><\/td><td>Nouveaux contrats, ventes additionnelles, ARR, MRR<\/td><td>G\u00e9n\u00e9r\u00e9 2,5\u00a0M$ de nouveaux ARR, d\u00e9passant le quota de 125\u00a0% en 2026.<\/td><\/tr><tr><td><strong>Atteinte des quotas<\/strong><\/td><td>Pourcentage d&#8217;objectif atteint, performance r\u00e9guli\u00e8re<\/td><td>D\u00e9passement r\u00e9gulier du quota trimestriel avec une moyenne de 115\u00a0% sur 3 ans cons\u00e9cutifs.<\/td><\/tr><tr><td><strong>Gestion du pipeline<\/strong><\/td><td>Taille, sant\u00e9 et conversion du pipeline commercial<\/td><td>Cr\u00e9ation et gestion d&#8217;un pipeline solide de plus de 5\u00a0M$ d&#8217;opportunit\u00e9s qualifi\u00e9es, avec 30\u00a0% de conversion en contrats sign\u00e9s.<\/td><\/tr><\/tr><tr><td><strong>Taux de r\u00e9ussite \/ taux de conclusion<\/strong><\/td><td>Pourcentage de propositions ou opportunit\u00e9s converties<\/td><td>Atteint un taux de conclusion de 32\u00a0% sur les prospects qualifi\u00e9s, soit 12\u00a0% au-dessus de la moyenne de l&#8217;\u00e9quipe.<\/td><\/tr><tr><td><strong>Taille des contrats<\/strong><\/td><td>Moyenne ou fourchette des valeurs des contrats conclus<\/td><td>Conclu des contrats grands comptes de 50\u00a0K$ \u00e0 500\u00a0K$, avec une moyenne de 180\u00a0K$.<\/td><\/tr><tr><td><strong>Croissance &amp; expansion<\/strong><\/td><td>Croissance du territoire, augmentation de la part de march\u00e9, expansion du portefeuille client<\/td><td>Augmentation du chiffre d&#8217;affaires du territoire de 150\u00a0%, passant de 500\u00a0K$ \u00e0 1,8\u00a0M$ en 18 mois.<\/td><\/tr><tr><td><strong>Efficacit\u00e9 commerciale<\/strong><\/td><td>Dur\u00e9e du cycle de vente, taux de conversion, co\u00fbt d&#8217;acquisition<\/td><td>R\u00e9duction de la dur\u00e9e moyenne du cycle de vente de 20\u00a0% (de 90 \u00e0 72 jours) gr\u00e2ce \u00e0 l&#8217;optimisation des processus.<\/td><\/tr><tr><td><strong>Fid\u00e9lisation client<\/strong><\/td><td>Maintien des relations clients et renouvellements<\/td><td>Maintien d&#8217;un taux de fid\u00e9lisation de 95\u00a0% sur un portefeuille de 35 grands comptes.<\/td><\/tr><\/tbody><\/table><\/figure>\n\n\n\n<h4 class=\"wp-block-heading\">3. Section comp\u00e9tences : au-del\u00e0 des bases<\/h4>\n\n\n\n<p>Votre section comp\u00e9tences doit \u00eatre compl\u00e8te et adapt\u00e9e \u00e0 l&#8217;offre d&#8217;emploi. Ne vous contentez pas de lister \u00ab\u00a0comp\u00e9tences en vente\u00a0\u00bb. D\u00e9taillez-les par cat\u00e9gories sp\u00e9cifiques :<\/p>\n\n<ul>\n<li><strong>M\u00e9thodologies de vente :<\/strong> SPIN Selling, Challenger Sale, Solution Selling, MEDDIC, Vente consultative, Sandler Selling.<\/li>\n<li><strong>Plateformes CRM :<\/strong> Salesforce, HubSpot CRM, Microsoft Dynamics 365, Zoho CRM, Pipedrive.<\/li>\n<li><strong>Outils de prospection &amp; d&#8217;approche :<\/strong> LinkedIn Sales Navigator, ZoomInfo, Salesloft, Outreach, Apollo.io.<\/li>\n<li><strong>Expertise sectorielle :<\/strong> B2B SaaS, FinTech, Sant\u00e9, Retail, Industrie, etc.<\/li>\n<li><strong>Connaissance produit :<\/strong> Logiciels, mat\u00e9riels ou cat\u00e9gories de services sp\u00e9cifiques que vous avez vendus.<\/li>\n<li><strong>Comp\u00e9tences relationnelles :<\/strong> N\u00e9gociation, Communication, \u00c9coute active, Persuasion, R\u00e9silience, Cr\u00e9ation de relations, Gestion des objections.<\/li>\n<\/ul>\n<!-- \/wp:post-content -->\n\n<!-- wp:heading {\"level\":5} -->\n<h5>Matrice des comp\u00e9tences et outils cl\u00e9s en vente<\/h5>\n<!-- \/wp:heading -->\n\n<!-- wp:table -->\n<figure class=\"wp-block-table\">\n\n\n<p>\ud83d\udc49 <a href=\"https:\/\/stylingcv.com\/guides\/\">guides de r\u00e9daction de CV<\/a><\/p>\n\n<p>\ud83d\udc49 <a href=\"https:\/\/stylingcv.com\/resume-templates\/\">mod\u00e8les de CV professionnels<\/a><\/p>\n\n<p><strong>\ud83d\udca1 Astuce :<\/strong> StylingCV n&#8217;est pas seulement un cr\u00e9ateur de CV \u2014 c&#8217;est un cr\u00e9ateur intelligent avec IA. <a href=\"https:\/\/stylingcv.com\/resume-builder\/\">StylingCV smart AI builder<\/a> en moins de 2 minutes.<\/p>\n<!-- stylingcv-hub-links --><div class=\"stylingcv-related-resources\" style=\"margin-top:30px;padding:20px;background:#f8f9fa;border-left:4px solid #1abc9c;border-radius:4px\"><h3 style=\"margin-top:0;color:#2c3e50\">D\u00e9couvrez plus de ressources<\/h3><ul style=\"padding:0\"><li><a href=\"https:\/\/stylingcv.com\/resume-examples\/\">Exemples de CV<\/a> &mdash; Guide complet<\/li><li><a href=\"https:\/\/stylingcv.com\/site-reliability-engineer\/\">Exemple de CV ing\u00e9nieur fiabilit\u00e9 de site<\/a><\/li><li><a href=\"https:\/\/stylingcv.com\/plumber\/\">Exemple de CV plombier<\/a><\/li><li><a href=\"https:\/\/stylingcv.com\/healthcare-resume-guide\/\">Comment r\u00e9diger un CV pour le secteur de la sant\u00e9\u00a0?<\/a><\/li><\/ul><p style=\"margin-bottom:0;font-size:14px;color:#7f8c8d\">Pas seulement un cr\u00e9ateur de CV &mdash; un cr\u00e9ateur intelligent avec IA. <a href=\"https:\/\/stylingcv.com\/resume-builder\/\" style=\"color:#1abc9c;font-weight:bold\">Cr\u00e9ez votre CV en moins de 2 minutes &rarr;<\/a><\/p><\/div><!-- \/stylingcv-hub-links -->\n<!-- wp:paragraph -->\n<p>Pr\u00eat \u00e0 cr\u00e9er le v\u00f4tre\u00a0? Utilisez notre <a href=\"\/resume-builder\">cr\u00e9ateur de CV IA<\/a>, parcourez les <a href=\"\/resume-templates\">mod\u00e8les de CV<\/a>, <a href=\"\/ats-resume-checker\">v\u00e9rifiez votre score ATS<\/a>, ou consultez tous les <a href=\"\/resume-examples\">exemples de CV<\/a>.<\/p>\n<!-- \/wp:paragraph -->\n","protected":false},"excerpt":{"rendered":"<p>R\u00e9digez un CV de vente qui fait la diff\u00e9rence. Mettez en avant vos quotas, vos r\u00e9ussites en chiffre d&#8217;affaires et vos comp\u00e9tences relationnelles recherch\u00e9es par les recruteurs.<\/p>\n","protected":false},"author":0,"featured_media":0,"parent":71,"menu_order":0,"comment_status":"closed","ping_status":"closed","template":"","meta":{"footnotes":""},"class_list":["post-1029","page","type-page","status-publish","hentry"," c-blog-1-item  nt-post-class"],"yoast_head":"<!-- This site is optimized with the Yoast SEO Premium plugin v26.5 (Yoast SEO v26.5) - https:\/\/yoast.com\/wordpress\/plugins\/seo\/ -->\n<title>Guide CV Vente : d\u00e9crochez le poste de vos r\u00eaves | StylingCV<\/title>\n<meta name=\"description\" content=\"Cat\u00e9gorie : FAQ r\u00e9daction de CV. Comment r\u00e9diger un CV pour un poste en vente ? Un CV de vente doit prouver votre capacit\u00e9 \u00e0 conclure et g\u00e9n\u00e9rer du chiffre.\" \/>\n<meta name=\"robots\" content=\"index, follow, max-snippet:-1, max-image-preview:large, max-video-preview:-1\" \/>\n<link rel=\"canonical\" href=\"https:\/\/stylingcv.com\/fr\/resume-examples\/sales-resume-guide\/\" \/>\n<meta property=\"og:locale\" content=\"en_US\" \/>\n<meta property=\"og:type\" content=\"article\" \/>\n<meta property=\"og:title\" content=\"Comment r\u00e9diger un CV pour un poste en vente\u00a0?\" \/>\n<meta property=\"og:description\" content=\"Cat\u00e9gorie : FAQ r\u00e9daction de CV. Comment r\u00e9diger un CV pour un poste en vente ? Un CV de vente doit prouver votre capacit\u00e9 \u00e0 conclure et g\u00e9n\u00e9rer du chiffre.\" \/>\n<meta property=\"og:url\" content=\"https:\/\/stylingcv.com\/fr\/resume-examples\/sales-resume-guide\/\" \/>\n<meta property=\"og:site_name\" content=\"StylingCV - Fran\u00e7ais\" \/>\n<meta name=\"twitter:card\" content=\"summary_large_image\" \/>\n<meta name=\"twitter:label1\" content=\"Est. reading time\" \/>\n\t<meta name=\"twitter:data1\" content=\"5 minutes\" \/>\n<script type=\"application\/ld+json\" class=\"yoast-schema-graph\">{\"@context\":\"https:\/\/schema.org\",\"@graph\":[{\"@type\":\"WebPage\",\"@id\":\"https:\/\/wp.stylingcv.com\/fr\/resume-examples\/sales-resume-guide\/\",\"url\":\"https:\/\/wp.stylingcv.com\/fr\/resume-examples\/sales-resume-guide\/\",\"name\":\"Guide CV Vente : d\u00e9crochez le poste de vos r\u00eaves | StylingCV\",\"isPartOf\":{\"@id\":\"https:\/\/wp.stylingcv.com\/fr\/#website\"},\"datePublished\":\"2026-02-25T03:44:24+00:00\",\"description\":\"Cat\u00e9gorie : FAQ r\u00e9daction de CV. Comment r\u00e9diger un CV pour un poste en vente ? Un CV de vente doit prouver votre capacit\u00e9 \u00e0 conclure et g\u00e9n\u00e9rer du chiffre.\",\"breadcrumb\":{\"@id\":\"https:\/\/wp.stylingcv.com\/fr\/resume-examples\/sales-resume-guide\/#breadcrumb\"},\"inLanguage\":\"en-US\",\"potentialAction\":[{\"@type\":\"ReadAction\",\"target\":[\"https:\/\/wp.stylingcv.com\/fr\/resume-examples\/sales-resume-guide\/\"]}]},{\"@type\":\"BreadcrumbList\",\"@id\":\"https:\/\/wp.stylingcv.com\/fr\/resume-examples\/sales-resume-guide\/#breadcrumb\",\"itemListElement\":[{\"@type\":\"ListItem\",\"position\":1,\"name\":\"Home\",\"item\":\"https:\/\/wp.stylingcv.com\/fr\/\"},{\"@type\":\"ListItem\",\"position\":2,\"name\":\"200+ Exemples de CV pour chaque m\u00e9tier et secteur (2026)\",\"item\":\"https:\/\/wp.stylingcv.com\/fr\/resume-examples\/\"},{\"@type\":\"ListItem\",\"position\":3,\"name\":\"Comment r\u00e9diger un CV pour un poste en vente\u00a0?\"}]},{\"@type\":\"WebSite\",\"@id\":\"https:\/\/wp.stylingcv.com\/fr\/#website\",\"url\":\"https:\/\/wp.stylingcv.com\/fr\/\",\"name\":\"StylingCV - Fran\u00e7ais\",\"description\":\"\",\"potentialAction\":[{\"@type\":\"SearchAction\",\"target\":{\"@type\":\"EntryPoint\",\"urlTemplate\":\"https:\/\/wp.stylingcv.com\/fr\/?s={search_term_string}\"},\"query-input\":{\"@type\":\"PropertyValueSpecification\",\"valueRequired\":true,\"valueName\":\"search_term_string\"}}],\"inLanguage\":\"en-US\"}]}<\/script>\n<!-- \/ Yoast SEO Premium plugin. -->","yoast_head_json":{"title":"Guide CV Vente : d\u00e9crochez le poste de vos r\u00eaves | StylingCV","description":"Cat\u00e9gorie : FAQ r\u00e9daction de CV. Comment r\u00e9diger un CV pour un poste en vente ? Un CV de vente doit prouver votre capacit\u00e9 \u00e0 conclure et g\u00e9n\u00e9rer du chiffre.","robots":{"index":"index","follow":"follow","max-snippet":"max-snippet:-1","max-image-preview":"max-image-preview:large","max-video-preview":"max-video-preview:-1"},"canonical":"https:\/\/stylingcv.com\/fr\/resume-examples\/sales-resume-guide\/","og_locale":"en_US","og_type":"article","og_title":"Comment r\u00e9diger un CV pour un poste en vente\u00a0?","og_description":"Cat\u00e9gorie : FAQ r\u00e9daction de CV. Comment r\u00e9diger un CV pour un poste en vente ? Un CV de vente doit prouver votre capacit\u00e9 \u00e0 conclure et g\u00e9n\u00e9rer du chiffre.","og_url":"https:\/\/stylingcv.com\/fr\/resume-examples\/sales-resume-guide\/","og_site_name":"StylingCV - Fran\u00e7ais","twitter_card":"summary_large_image","twitter_misc":{"Est. reading time":"5 minutes"},"schema":{"@context":"https:\/\/schema.org","@graph":[{"@type":"WebPage","@id":"https:\/\/wp.stylingcv.com\/fr\/resume-examples\/sales-resume-guide\/","url":"https:\/\/wp.stylingcv.com\/fr\/resume-examples\/sales-resume-guide\/","name":"Guide CV Vente : d\u00e9crochez le poste de vos r\u00eaves | StylingCV","isPartOf":{"@id":"https:\/\/wp.stylingcv.com\/fr\/#website"},"datePublished":"2026-02-25T03:44:24+00:00","description":"Cat\u00e9gorie : FAQ r\u00e9daction de CV. Comment r\u00e9diger un CV pour un poste en vente ? Un CV de vente doit prouver votre capacit\u00e9 \u00e0 conclure et g\u00e9n\u00e9rer du chiffre.","breadcrumb":{"@id":"https:\/\/wp.stylingcv.com\/fr\/resume-examples\/sales-resume-guide\/#breadcrumb"},"inLanguage":"en-US","potentialAction":[{"@type":"ReadAction","target":["https:\/\/wp.stylingcv.com\/fr\/resume-examples\/sales-resume-guide\/"]}]},{"@type":"BreadcrumbList","@id":"https:\/\/wp.stylingcv.com\/fr\/resume-examples\/sales-resume-guide\/#breadcrumb","itemListElement":[{"@type":"ListItem","position":1,"name":"Home","item":"https:\/\/wp.stylingcv.com\/fr\/"},{"@type":"ListItem","position":2,"name":"200+ Exemples de CV pour chaque m\u00e9tier et secteur (2026)","item":"https:\/\/wp.stylingcv.com\/fr\/resume-examples\/"},{"@type":"ListItem","position":3,"name":"Comment r\u00e9diger un CV pour un poste en vente\u00a0?"}]},{"@type":"WebSite","@id":"https:\/\/wp.stylingcv.com\/fr\/#website","url":"https:\/\/wp.stylingcv.com\/fr\/","name":"StylingCV - Fran\u00e7ais","description":"","potentialAction":[{"@type":"SearchAction","target":{"@type":"EntryPoint","urlTemplate":"https:\/\/wp.stylingcv.com\/fr\/?s={search_term_string}"},"query-input":{"@type":"PropertyValueSpecification","valueRequired":true,"valueName":"search_term_string"}}],"inLanguage":"en-US"}]}},"_links":{"self":[{"href":"https:\/\/wp.stylingcv.com\/fr\/wp-json\/wp\/v2\/pages\/1029","targetHints":{"allow":["GET"]}}],"collection":[{"href":"https:\/\/wp.stylingcv.com\/fr\/wp-json\/wp\/v2\/pages"}],"about":[{"href":"https:\/\/wp.stylingcv.com\/fr\/wp-json\/wp\/v2\/types\/page"}],"replies":[{"embeddable":true,"href":"https:\/\/wp.stylingcv.com\/fr\/wp-json\/wp\/v2\/comments?post=1029"}],"version-history":[{"count":0,"href":"https:\/\/wp.stylingcv.com\/fr\/wp-json\/wp\/v2\/pages\/1029\/revisions"}],"up":[{"embeddable":true,"href":"https:\/\/wp.stylingcv.com\/fr\/wp-json\/wp\/v2\/pages\/71"}],"wp:attachment":[{"href":"https:\/\/wp.stylingcv.com\/fr\/wp-json\/wp\/v2\/media?parent=1029"}],"curies":[{"name":"wp","href":"https:\/\/api.w.org\/{rel}","templated":true}]}}