{"id":1024,"date":"2026-02-25T03:44:15","date_gmt":"2026-02-25T03:44:15","guid":{"rendered":"https:\/\/stylingcv.com\/fr\/redaction-lettre-motivation\/lettre-motivation-sans-nom-recruteur\/"},"modified":"2026-02-25T03:44:15","modified_gmt":"2026-02-25T03:44:15","slug":"cover-letter-no-name","status":"publish","type":"page","link":"https:\/\/wp.stylingcv.com\/fr\/cover-letter-writing\/cover-letter-no-name\/","title":{"rendered":"Comment r\u00e9diger une lettre de motivation sans conna\u00eetre le nom du recruteur ?"},"content":{"rendered":"\n<p class=\"faq-category\"><strong>Cat\u00e9gorie :<\/strong> FAQ Lettre de motivation<\/p>\n\n\n\n<h2 class=\"wp-block-heading\">Comment r\u00e9diger une lettre de motivation sans conna\u00eetre le nom du recruteur ?<\/h2>\n\n\n\n<p>Dans le march\u00e9 du travail concurrentiel d&#8217;aujourd&#8217;hui, la personnalisation est essentielle pour faire ressortir votre candidature. Adresser votre lettre de motivation directement au recruteur d\u00e9montre de l&#8217;initiative, de l&#8217;attention aux d\u00e9tails et un r\u00e9el int\u00e9r\u00eat pour le poste et l&#8217;entreprise. M\u00eame si cela peut sembler un d\u00e9tail mineur, cela peut avoir un impact significatif sur la perception de votre candidature. Une lettre de motivation bien adress\u00e9e montre imm\u00e9diatement au recruteur que vous avez fait vos recherches et que vous ne postulez pas de mani\u00e8re g\u00e9n\u00e9rique.<\/p>\n\n\n\n<h3 class=\"wp-block-heading\">\u00c9tape par \u00e9tape : strat\u00e9gies pour trouver le nom du recruteur<\/h3>\n\n\n\n<p>Votre premi\u00e8re \u00e9tape doit toujours \u00eatre d&#8217;essayer de d\u00e9couvrir le nom pr\u00e9cis de la personne responsable du recrutement. Cela d\u00e9montre une recherche proactive et un engagement dans le processus de candidature. Voici une approche d\u00e9taill\u00e9e :<\/p>\n\n\n\n<ul class=\"wp-block-list\">\n<li><strong>Examinez attentivement l&#8217;offre d&#8217;emploi :<\/strong> Lisez attentivement la description du poste et le site de l&#8217;entreprise. Parfois, le nom du recruteur ou d&#8217;une personne de contact est mentionn\u00e9 explicitement, ou il peut \u00eatre subtilement indiqu\u00e9 dans les sections \u00ab \u00c0 propos \u00bb ou \u00ab Notre \u00e9quipe \u00bb. Recherchez des phrases comme \u00ab sous la responsabilit\u00e9 de [Nom] \u00bb ou \u00ab pour toute question, contactez [Nom] \u00bb.<\/li>\n<li><strong>Utilisez LinkedIn :<\/strong> C&#8217;est souvent votre outil le plus puissant.\n<ul>\n<li><strong>Page entreprise :<\/strong> Rendez-vous sur la page LinkedIn de l&#8217;entreprise et cliquez sur \u00ab Personnes \u00bb. Cherchez des personnes avec des titres comme \u00ab Responsable du recrutement \u00bb, \u00ab Recruteur \u00bb, \u00ab Sp\u00e9cialiste acquisition de talents \u00bb ou le responsable du d\u00e9partement concern\u00e9 (ex. : \u00ab Directeur Marketing \u00bb, \u00ab Responsable Ing\u00e9nierie \u00bb).<\/li>\n<li><strong>Recherche cibl\u00e9e :<\/strong> Cherchez \u00ab [Intitul\u00e9 du poste] [Nom de l&#8217;entreprise] \u00bb (ex. : \u00ab Responsable ing\u00e9nierie logicielle Apple \u00bb) pour trouver le responsable probable de cette \u00e9quipe.<\/li>\n<li><strong>Contactez les recruteurs :<\/strong> Si vous trouvez un recruteur de l&#8217;entreprise, vous pouvez envoyer une demande de connexion polie avec un message expliquant que vous postulez \u00e0 un poste pr\u00e9cis et que vous aimeriez savoir \u00e0 qui adresser votre lettre de motivation.<\/li>\n<\/ul>\n<\/li>\n<li><strong>Explorez le site web de l&#8217;entreprise :<\/strong> Rendez-vous sur les pages \u00ab \u00c0 propos \u00bb, \u00ab \u00c9quipe \u00bb, \u00ab Direction \u00bb ou \u00ab Carri\u00e8res \u00bb. Les grandes entreprises listent souvent les responsables de d\u00e9partement ou les chefs d&#8217;\u00e9quipe. Parfois, m\u00eame des communiqu\u00e9s de presse ou des articles de blog peuvent r\u00e9v\u00e9ler qui dirige certains projets ou \u00e9quipes.<\/li>\n<li><strong>Passez un appel t\u00e9l\u00e9phonique poli :<\/strong> Si vous ne trouvez pas le nom en ligne, un appel rapide et professionnel au standard de l&#8217;entreprise peut \u00eatre efficace.\n<ul>\n<li><strong>Script :<\/strong> \u00ab Bonjour, je m&#8217;appelle [Votre nom] et je postule au poste de [Nom du poste]. J&#8217;aimerais m&#8217;assurer que ma lettre de motivation est bien adress\u00e9e. Pourriez-vous me dire qui est le recruteur pour ce poste, ou \u00e0 qui je dois adresser la lettre ? \u00bb<\/li>\n<li><strong>Restez respectueux :<\/strong> Il se peut qu&#8217;on ne vous donne pas le nom, mais la d\u00e9marche en elle-m\u00eame est d\u00e9j\u00e0 tr\u00e8s appr\u00e9ci\u00e9e.<\/li>\n<\/ul>\n<\/li>\n<li><strong>Utilisez Google :<\/strong> Employez des techniques de recherche avanc\u00e9e. Essayez \u00ab [Intitul\u00e9 du poste] recruteur [Nom de l&#8217;entreprise] \u00bb ou \u00ab responsable [Nom du d\u00e9partement] [Nom de l&#8217;entreprise] \u00bb. Parfois, des articles de presse, des interviews ou m\u00eame des publications acad\u00e9miques peuvent r\u00e9v\u00e9ler des noms par inadvertance.<\/li>\n<li><strong>R\u00e9seautage :<\/strong> Si vous connaissez quelqu&#8217;un dans l&#8217;entreprise (m\u00eame de fa\u00e7on informelle), contactez-le. Il pourra peut-\u00eatre vous donner le nom ou vous orienter. C&#8217;est aussi un excellent moyen d&#8217;obtenir des informations sur la culture de l&#8217;entreprise.<\/li>\n<\/ul>\n\n\n\n<h3 class=\"wp-block-heading\">Que faire si vous ne trouvez vraiment pas le nom<\/h3>\n\n\n\n<p>M\u00eame apr\u00e8s des recherches approfondies, il arrive que le nom du recruteur reste introuvable. Dans ce cas, choisissez une formule d&#8217;appel g\u00e9n\u00e9rique professionnelle et appropri\u00e9e. L&#8217;objectif est de rester professionnel et inclusif.<\/p>\n\n\n\n<figure class=\"wp-block-table\"><table><thead><tr><th>Meilleures options (recommand\u00e9)<\/th><th>Options acceptables<\/th><th>D\u00e9suet\/\u00c0 \u00e9viter<\/th><th>\u00c0 ne jamais utiliser<\/th><\/tr><\/thead><tbody><tr><td>\u00ab Madame, Monsieur, responsable du recrutement, \u00bb<\/td><td>\u00ab Madame, Monsieur, \u00e9quipe recrutement [Nom de l&#8217;entreprise], \u00bb<\/td><td>\u00ab \u00c0 qui de droit, \u00bb<\/td><td>\u00ab Madame, Monsieur, \u00bb (seul)<\/td><\/tr><tr><td>\u00ab Madame, Monsieur, \u00e9quipe [D\u00e9partement], \u00bb (ex. : \u00ab Madame, Monsieur, \u00e9quipe marketing, \u00bb)<\/td><td>\u00ab Bonjour, \u00bb (moins courant, mais professionnel)<\/td><td>\u00ab Madame, Monsieur, \u00bb (suppose le genre)<\/td><td>\u00ab Salut, \u00bb \/ \u00ab Bonjour, \u00bb \/ \u00ab Coucou, \u00bb<\/td><\/tr><tr><td>\u00ab Madame, Monsieur, \u00e9quipe recrutement [Nom de l&#8217;\u00e9quipe], \u00bb (ex. : \u00ab Madame, Monsieur, \u00e9quipe recrutement d\u00e9veloppement produit, \u00bb)<\/td><td><\/td><td><\/td><td>\u00ab Monsieur\/Madame [Pr\u00e9nom uniquement] \u00bb<\/td><\/tr><\/tbody><\/table><\/figure>\n\n\n\n<p><strong>Pourquoi \u00e9viter certaines formules ?<\/strong><\/p>\n\n\n\n<ul class=\"wp-block-list\">\n<li><strong>\u00ab \u00c0 qui de droit \u00bb :<\/strong> Cette formule est trop formelle, impersonnelle et montre que vous n&#8217;avez pas fait l&#8217;effort de personnaliser la lettre. Elle est souvent associ\u00e9e \u00e0 des documents juridiques ou \u00e0 des correspondances tr\u00e8s g\u00e9n\u00e9riques, pas aux candidatures.<\/li>\n<li><strong>\u00ab Madame, Monsieur \u00bb :<\/strong> Cette formule est d\u00e9su\u00e8te et probl\u00e9matique car elle suppose le genre du destinataire. Dans un environnement professionnel diversifi\u00e9, il est crucial d&#8217;utiliser un langage neutre. Utiliser \u00ab Madame \u00bb ou \u00ab Monsieur \u00bb seul est encore pire pour les m\u00eames raisons.<\/li>\n<li><strong>Formules famili\u00e8res (\u00ab Salut \u00bb, \u00ab Bonjour \u00bb) :<\/strong> Elles sont totalement inappropri\u00e9es pour une lettre de motivation professionnelle. Elles sugg\u00e8rent un manque de professionnalisme et de s\u00e9rieux.<\/li>\n<\/ul>\n\n\n\n<h3 class=\"wp-block-heading\">Erreurs courantes \u00e0 \u00e9viter<\/h3>\n\n\n\n<ul class=\"wp-block-list\">\n<li><strong>Supposer le genre :<\/strong> Si vous trouvez un nom comme \u00ab Alex Johnson \u00bb et que vous n&#8217;\u00eates pas s\u00fbr du genre, ne devinez pas et n&#8217;utilisez pas \u00ab Monsieur \u00bb ou \u00ab Madame \u00bb. Utilisez plut\u00f4t le nom complet : \u00ab Madame, Monsieur, Alex Johnson, \u00bb. Les profils LinkedIn indiquent parfois les pronoms, ce qui peut aider.<\/li>\n<li><strong>Mal orthographier le nom :<\/strong> V\u00e9rifiez toujours l&#8217;orthographe du nom du recruteur. Une faute d&#8217;orthographe est un signe \u00e9vident de n\u00e9gligence et peut laisser une mauvaise impression.<\/li>\n<li><strong>Formules g\u00e9n\u00e9riques trop complexes :<\/strong> Restez sur les options professionnelles recommand\u00e9es. N&#8217;essayez pas d&#8217;inventer une nouvelle formule g\u00e9n\u00e9rique compliqu\u00e9e.<\/li>\n<li><strong>Ne pas montrer vos recherches :<\/strong> M\u00eame sans nom, votre premi\u00e8re phrase doit imm\u00e9diatement prouver que vous avez recherch\u00e9 l&#8217;entreprise et le poste. Par exemple : \u00ab J&#8217;ai \u00e9t\u00e9 ravi de d\u00e9couvrir votre offre pour [poste] chez [Nom de l&#8217;entreprise] en raison de votre approche innovante de [valeur\/projet sp\u00e9cifique de l&#8217;entreprise]. \u00bb Cela montre un r\u00e9el int\u00e9r\u00eat.<\/li>\n<\/ul>\n\n\n\n<h3 class=\"wp-block-heading\">Conseils sectoriels pour les formules d&#8217;appel<\/h3>\n\n\n\n<p>Le niveau de formalit\u00e9 de votre formule d&#8217;appel peut parfois varier selon le secteur vis\u00e9. Bien que \u00ab Madame, Monsieur, responsable du recrutement \u00bb soit toujours s\u00fbr, voici quelques nuances :<\/p>\n\n\n\n<ul class=\"wp-block-list\">\n<li><strong>Tech &#038; Startups :<\/strong> Ces environnements sont souvent plus d\u00e9contract\u00e9s. Bien que \u00ab Madame, Monsieur, responsable du recrutement \u00bb soit parfaitement acceptable, si vous avez fait beaucoup de recherches et que la culture de l&#8217;entreprise est tr\u00e8s informelle, \u00ab Bonjour \u00e9quipe [Nom de l&#8217;\u00e9quipe], \u00bb peut parfois \u00eatre utilis\u00e9, mais avec prudence. Privil\u00e9giez toujours la formalit\u00e9 professionnelle.<\/li>\n<li><strong>Entreprises traditionnelles (Finance, Droit, Administration) :<\/strong> Restez sur les formules les plus formelles et \u00e9prouv\u00e9es. \u00ab Madame, Monsieur, responsable du recrutement \u00bb ou \u00ab Madame, Monsieur, \u00e9quipe [Nom du d\u00e9partement] \u00bb sont id\u00e9ales si le nom est inconnu. \u00c9vitez tout ce qui pourrait para\u00eetre trop informel.<\/li>\n<li><strong>Secteurs cr\u00e9atifs (Design, Marketing, M\u00e9dias) :<\/strong> M\u00eame si la cr\u00e9ativit\u00e9 est valoris\u00e9e, le professionnalisme reste crucial. Une approche personnalis\u00e9e et bien document\u00e9e est toujours pr\u00e9f\u00e9rable. Si le nom est vraiment inconnu, \u00ab Madame, Monsieur, \u00e9quipe [D\u00e9partement] \u00bb (ex. : \u00ab Madame, Monsieur, \u00e9quipe cr\u00e9ative \u00bb) fonctionne bien, car cela cible le groupe concern\u00e9.<\/li>\n<li><strong>Associatif &#038; \u00c9ducation :<\/strong> Ces secteurs appr\u00e9cient g\u00e9n\u00e9ralement un ton respectueux et l\u00e9g\u00e8rement formel. \u00ab Madame, Monsieur, responsable du recrutement \u00bb ou \u00ab Madame, Monsieur, comit\u00e9 de s\u00e9lection \u00bb (pour les postes acad\u00e9miques) sont des choix standards et s\u00fbrs.<\/li>\n<\/ul>\n\n\n\n<h3 class=\"wp-block-heading\">Exemples concrets d&#8217;accroches efficaces (sans nom)<\/h3>\n\n\n\n<ul class=\"wp-block-list\">\n<li>\u00ab Madame, Monsieur, responsable du recrutement,<br>Je vous \u00e9cris pour exprimer mon vif int\u00e9r\u00eat pour le poste de Sp\u00e9cialiste Marketing chez StylingCV, tel qu&#8217;annonc\u00e9 sur LinkedIn. Votre engagement \u00e0 accompagner les chercheurs d&#8217;emploi gr\u00e2ce \u00e0 des outils aliment\u00e9s par l&#8217;IA fait \u00e9cho \u00e0 ma passion pour les solutions innovantes de d\u00e9veloppement de carri\u00e8re. \u00bb<\/li>\n<li>\u00ab Madame, Monsieur, \u00e9quipe ing\u00e9nierie,<br>Suivant le travail novateur de [Nom de l&#8217;entreprise] dans l&#8217;\u00e9nergie durable depuis un certain temps, j&#8217;ai \u00e9t\u00e9 particuli\u00e8rement attir\u00e9 par votre r\u00e9cente offre pour un poste de Senior Software Engineer. Mon exp\u00e9rience dans le d\u00e9veloppement de syst\u00e8mes backend robustes correspond parfaitement aux exigences d\u00e9crites dans l&#8217;offre. \u00bb<\/li>\n<li>\u00ab Madame, Monsieur, \u00e9quipe recrutement,<br>Avec une solide exp\u00e9rience en relation client et une bonne connaissance du secteur des services financiers, je souhaite postuler au poste de Responsable de comptes chez [Nom de l&#8217;entreprise]. Votre r\u00e9putation d&#8217;excellence centr\u00e9e sur le client est une valeur que j&#8217;admire. \u00bb<\/li>\n<\/ul>\n\n\n\n<p>Remarquez comment chaque exemple relie imm\u00e9diatement l&#8217;int\u00e9r\u00eat et les comp\u00e9tences du candidat \u00e0 l&#8217;entreprise et au poste, m\u00eame sans conna\u00eetre de nom pr\u00e9cis. Cela d\u00e9montre une d\u00e9marche proactive et des recherches approfondies.<\/p>\n\n\n\n<h3 class=\"wp-block-heading\">Bonnes pratiques pour personnaliser sa lettre de motivation<\/h3>\n\n\n\n<ul class=\"wp-block-list\">\n<li><strong>Priorisez la recherche :<\/strong> Faites toujours un r\u00e9el effort pour trouver le nom. La d\u00e9marche en elle-m\u00eame montre votre s\u00e9rieux.<\/li>\n<li><strong>Professionnalisme avant tout :<\/strong> En cas de doute, optez toujours pour une formule plus formelle et professionnelle. Il vaut mieux \u00eatre trop formel que trop familier.<\/li>\n<li><strong>Montrez, ne vous contentez pas de dire :<\/strong> M\u00eame avec une formule g\u00e9n\u00e9rique, le corps de votre lettre doit \u00eatre tr\u00e8s personnalis\u00e9. Faites r\u00e9f\u00e9rence \u00e0 des projets, valeurs ou r\u00e9ussites sp\u00e9cifiques de l&#8217;entreprise. Expliquez pourquoi vous \u00eates un bon candidat pour cette entreprise et ce poste en particulier, et pas n&#8217;importe lequel.<\/li>\n<li><strong>Relisez avec soin :<\/strong> Une seule faute dans un nom ou une formule d&#8217;appel peut ruiner tous vos efforts.<\/li>\n<li><strong>Utilisez les outils d&#8217;IA :<\/strong> Des outils comme <a href=\"https:\/\/ai.stylingcv.com\/ai-generatorsignup?utm_source=stylingcv&utm_medium=website&utm_campaign=cta&utm_content=cover-letter-no-name\" target=\"_blank\" rel=\"noopener\">StylingCV AI<\/a> peuvent vous aider \u00e0 adapter le contenu de votre lettre de motivation \u00e0 chaque offre, pour une personnalisation et une optimisation ATS, m\u00eame avec une formule g\u00e9n\u00e9rique.<\/li>\n<\/ul>\n\n\n\n<hr class=\"wp-block-separator has-alpha-channel-opacity\"\/>\n\n\n\n<h2 class=\"wp-block-heading\">FAQ \u00e9tendue sur la formule d&#8217;appel de la lettre de motivation<\/h2>\n\n\n\n<h3 class=\"wp-block-heading\">Que faire si je trouve plusieurs recruteurs potentiels ?<\/h3>\n\n\n\n<p>Si vos recherches r\u00e9v\u00e8lent plusieurs noms possibles (ex. : chef d&#8217;\u00e9quipe, responsable de d\u00e9partement, recruteur), il est g\u00e9n\u00e9ralement pr\u00e9f\u00e9rable d&#8217;adresser la lettre \u00e0 la personne la plus senior directement responsable de l&#8217;\u00e9quipe que vous rejoindriez. Si vous n&#8217;\u00eates pas s\u00fbr, ou si le poste d\u00e9pend de plusieurs personnes, vous avez plusieurs options :\n<ol><li><strong>Choisissez le manager le plus direct :<\/strong> Visez la personne qui serait votre sup\u00e9rieur hi\u00e9rarchique direct.<\/li><li><strong>Utilisez une formule collective :<\/strong> \u00ab Madame, Monsieur, \u00e9quipe recrutement [Nom du d\u00e9partement], \u00bb est une option s\u00fbre et inclusive.<\/li><li><strong>Adressez-vous au recruteur :<\/strong> Si vous avez \u00e9t\u00e9 en contact direct avec un recruteur, ou si son nom est mis en avant dans l&#8217;offre comme contact principal, vous pouvez lui adresser la lettre. Toutefois, si ce n&#8217;est qu&#8217;un interm\u00e9diaire, le manager est souvent pr\u00e9f\u00e9rable.<\/li><\/ol>\n\u00c9vitez de lister plusieurs noms dans la formule d&#8217;appel (ex. : \u00ab Madame, Monsieur, John\n\n\n<p>\ud83d\udc49 <a href=\"https:\/\/stylingcv.com\/cover-letter-writing\/\">guide lettre de motivation<\/a><\/p>\n\n<p>\ud83d\udc49 <a href=\"https:\/\/stylingcv.com\/guides\/\">guides carri\u00e8re<\/a><\/p>\n\n<p>\ud83d\udc49 <a href=\"https:\/\/stylingcv.com\/resume-templates\/\">mod\u00e8les de CV<\/a><\/p>\n\n<p><strong>\ud83d\udca1 Astuce :<\/strong> StylingCV n&#8217;est pas qu&#8217;un cr\u00e9ateur de CV \u2014 c&#8217;est un cr\u00e9ateur intelligent qui r\u00e9fl\u00e9chit. <a href=\"https:\/\/stylingcv.com\/resume-builder\/\">cr\u00e9ez votre CV en moins de 2 minutes<\/a> en moins de 2 minutes.<\/p>\n<!-- stylingcv-hub-links --><div class=\"stylingcv-related-resources\" style=\"margin-top:30px;padding:20px;background:#f8f9fa;border-left:4px solid #1abc9c;border-radius:4px;\"><h3 style=\"margin-top:0;color:#2c3e50;\">D\u00e9couvrez plus de ressources<\/h3><ul style=\"list-style:none;padding:0;\"><li><a href=\"https:\/\/stylingcv.com\/cover-letter-writing\/\">Guide de r\u00e9daction de lettre de motivation<\/a> &mdash; Votre guide complet<\/li><li><a href=\"https:\/\/stylingcv.com\/cover-letter-closing-52\/\">Comment r\u00e9diger une conclusion efficace de lettre de motivation ?<\/a><\/li><li><a href=\"https:\/\/stylingcv.com\/cover-letter-examples-108\/\">Comment r\u00e9diger des exemples efficaces de lettre de motivation ?<\/a><\/li><li><a href=\"https:\/\/stylingcv.com\/cover-letter-type-11\/\">Comment r\u00e9diger une lettre de motivation convaincante pour une mobilit\u00e9 interne&#8230;<\/a><\/li><\/ul><p style=\"margin-bottom:0;font-size:14px;color:#7f8c8d;\">Pas seulement un cr\u00e9ateur de CV &mdash; un cr\u00e9ateur intelligent qui r\u00e9fl\u00e9chit. <a href=\"https:\/\/stylingcv.com\/resume-builder\/\" style=\"color:#1abc9c;font-weight:bold;\">Cr\u00e9ez votre CV en moins de 2 minutes &rarr;<\/a><\/p><\/div><!-- \/stylingcv-hub-links --><style>.entry-content a[href*=\"ai.stylingcv.com\"]:not(.scv-exit-cta){transition:transform 0.2s ease,box-shadow 0.2s ease}.entry-content a[href*=\"ai.stylingcv.com\"]:not(.scv-exit-cta):hover{transform:translateY(-2px);box-shadow:0 4px 12px rgba(38,133,153,0.25)}<\/style>","protected":false},"excerpt":{"rendered":"<p>R\u00e9digez une lettre de motivation professionnelle m\u00eame sans conna\u00eetre le nom du recruteur. Alternatives expertes \u00e0 \u00ab \u00c0 qui de droit \u00bb.<\/p>\n","protected":false},"author":0,"featured_media":0,"parent":62,"menu_order":0,"comment_status":"closed","ping_status":"closed","template":"","meta":{"footnotes":""},"class_list":["post-1024","page","type-page","status-publish","hentry"," c-blog-1-item  nt-post-class"],"yoast_head":"<!-- This site is optimized with the Yoast SEO Premium plugin v26.5 (Yoast SEO v26.5) - https:\/\/yoast.com\/wordpress\/plugins\/seo\/ -->\n<title>Lettre de motivation sans nom du recruteur | StylingCV<\/title>\n<meta name=\"description\" content=\"Cat\u00e9gorie : FAQ Lettre de motivation. Comment r\u00e9diger une lettre de motivation sans conna\u00eetre le nom du recruteur ?\" \/>\n<meta name=\"robots\" content=\"index, follow, max-snippet:-1, max-image-preview:large, max-video-preview:-1\" \/>\n<link rel=\"canonical\" href=\"https:\/\/stylingcv.com\/fr\/cover-letter-writing\/cover-letter-no-name\/\" \/>\n<meta property=\"og:locale\" content=\"en_US\" \/>\n<meta property=\"og:type\" content=\"article\" \/>\n<meta property=\"og:title\" content=\"Comment r\u00e9diger une lettre de motivation sans conna\u00eetre le nom du recruteur ?\" \/>\n<meta property=\"og:description\" content=\"Cat\u00e9gorie : FAQ Lettre de motivation. Comment r\u00e9diger une lettre de motivation sans conna\u00eetre le nom du recruteur ?\" \/>\n<meta property=\"og:url\" content=\"https:\/\/stylingcv.com\/fr\/cover-letter-writing\/cover-letter-no-name\/\" \/>\n<meta property=\"og:site_name\" content=\"StylingCV - Fran\u00e7ais\" \/>\n<meta name=\"twitter:card\" content=\"summary_large_image\" \/>\n<meta name=\"twitter:label1\" content=\"Est. reading time\" \/>\n\t<meta name=\"twitter:data1\" content=\"9 minutes\" \/>\n<script type=\"application\/ld+json\" class=\"yoast-schema-graph\">{\"@context\":\"https:\/\/schema.org\",\"@graph\":[{\"@type\":\"WebPage\",\"@id\":\"https:\/\/wp.stylingcv.com\/fr\/cover-letter-writing\/cover-letter-no-name\/\",\"url\":\"https:\/\/wp.stylingcv.com\/fr\/cover-letter-writing\/cover-letter-no-name\/\",\"name\":\"Lettre de motivation sans nom du recruteur | StylingCV\",\"isPartOf\":{\"@id\":\"https:\/\/wp.stylingcv.com\/fr\/#website\"},\"datePublished\":\"2026-02-25T03:44:15+00:00\",\"description\":\"Cat\u00e9gorie : FAQ Lettre de motivation. Comment r\u00e9diger une lettre de motivation sans conna\u00eetre le nom du recruteur ?\",\"breadcrumb\":{\"@id\":\"https:\/\/wp.stylingcv.com\/fr\/cover-letter-writing\/cover-letter-no-name\/#breadcrumb\"},\"inLanguage\":\"en-US\",\"potentialAction\":[{\"@type\":\"ReadAction\",\"target\":[\"https:\/\/wp.stylingcv.com\/fr\/cover-letter-writing\/cover-letter-no-name\/\"]}]},{\"@type\":\"BreadcrumbList\",\"@id\":\"https:\/\/wp.stylingcv.com\/fr\/cover-letter-writing\/cover-letter-no-name\/#breadcrumb\",\"itemListElement\":[{\"@type\":\"ListItem\",\"position\":1,\"name\":\"Home\",\"item\":\"https:\/\/wp.stylingcv.com\/fr\/\"},{\"@type\":\"ListItem\",\"position\":2,\"name\":\"R\u00e9daction de Lettre de Motivation\",\"item\":\"https:\/\/wp.stylingcv.com\/fr\/cover-letter-writing\/\"},{\"@type\":\"ListItem\",\"position\":3,\"name\":\"Comment r\u00e9diger une lettre de motivation sans conna\u00eetre le nom du recruteur ?\"}]},{\"@type\":\"WebSite\",\"@id\":\"https:\/\/wp.stylingcv.com\/fr\/#website\",\"url\":\"https:\/\/wp.stylingcv.com\/fr\/\",\"name\":\"StylingCV - Fran\u00e7ais\",\"description\":\"\",\"potentialAction\":[{\"@type\":\"SearchAction\",\"target\":{\"@type\":\"EntryPoint\",\"urlTemplate\":\"https:\/\/wp.stylingcv.com\/fr\/?s={search_term_string}\"},\"query-input\":{\"@type\":\"PropertyValueSpecification\",\"valueRequired\":true,\"valueName\":\"search_term_string\"}}],\"inLanguage\":\"en-US\"}]}<\/script>\n<!-- \/ Yoast SEO Premium plugin. -->","yoast_head_json":{"title":"Lettre de motivation sans nom du recruteur | StylingCV","description":"Cat\u00e9gorie : FAQ Lettre de motivation. Comment r\u00e9diger une lettre de motivation sans conna\u00eetre le nom du recruteur ?","robots":{"index":"index","follow":"follow","max-snippet":"max-snippet:-1","max-image-preview":"max-image-preview:large","max-video-preview":"max-video-preview:-1"},"canonical":"https:\/\/stylingcv.com\/fr\/cover-letter-writing\/cover-letter-no-name\/","og_locale":"en_US","og_type":"article","og_title":"Comment r\u00e9diger une lettre de motivation sans conna\u00eetre le nom du recruteur ?","og_description":"Cat\u00e9gorie : FAQ Lettre de motivation. Comment r\u00e9diger une lettre de motivation sans conna\u00eetre le nom du recruteur ?","og_url":"https:\/\/stylingcv.com\/fr\/cover-letter-writing\/cover-letter-no-name\/","og_site_name":"StylingCV - Fran\u00e7ais","twitter_card":"summary_large_image","twitter_misc":{"Est. reading time":"9 minutes"},"schema":{"@context":"https:\/\/schema.org","@graph":[{"@type":"WebPage","@id":"https:\/\/wp.stylingcv.com\/fr\/cover-letter-writing\/cover-letter-no-name\/","url":"https:\/\/wp.stylingcv.com\/fr\/cover-letter-writing\/cover-letter-no-name\/","name":"Lettre de motivation sans nom du recruteur | StylingCV","isPartOf":{"@id":"https:\/\/wp.stylingcv.com\/fr\/#website"},"datePublished":"2026-02-25T03:44:15+00:00","description":"Cat\u00e9gorie : FAQ Lettre de motivation. Comment r\u00e9diger une lettre de motivation sans conna\u00eetre le nom du recruteur ?","breadcrumb":{"@id":"https:\/\/wp.stylingcv.com\/fr\/cover-letter-writing\/cover-letter-no-name\/#breadcrumb"},"inLanguage":"en-US","potentialAction":[{"@type":"ReadAction","target":["https:\/\/wp.stylingcv.com\/fr\/cover-letter-writing\/cover-letter-no-name\/"]}]},{"@type":"BreadcrumbList","@id":"https:\/\/wp.stylingcv.com\/fr\/cover-letter-writing\/cover-letter-no-name\/#breadcrumb","itemListElement":[{"@type":"ListItem","position":1,"name":"Home","item":"https:\/\/wp.stylingcv.com\/fr\/"},{"@type":"ListItem","position":2,"name":"R\u00e9daction de Lettre de Motivation","item":"https:\/\/wp.stylingcv.com\/fr\/cover-letter-writing\/"},{"@type":"ListItem","position":3,"name":"Comment r\u00e9diger une lettre de motivation sans conna\u00eetre le nom du recruteur ?"}]},{"@type":"WebSite","@id":"https:\/\/wp.stylingcv.com\/fr\/#website","url":"https:\/\/wp.stylingcv.com\/fr\/","name":"StylingCV - Fran\u00e7ais","description":"","potentialAction":[{"@type":"SearchAction","target":{"@type":"EntryPoint","urlTemplate":"https:\/\/wp.stylingcv.com\/fr\/?s={search_term_string}"},"query-input":{"@type":"PropertyValueSpecification","valueRequired":true,"valueName":"search_term_string"}}],"inLanguage":"en-US"}]}},"_links":{"self":[{"href":"https:\/\/wp.stylingcv.com\/fr\/wp-json\/wp\/v2\/pages\/1024","targetHints":{"allow":["GET"]}}],"collection":[{"href":"https:\/\/wp.stylingcv.com\/fr\/wp-json\/wp\/v2\/pages"}],"about":[{"href":"https:\/\/wp.stylingcv.com\/fr\/wp-json\/wp\/v2\/types\/page"}],"replies":[{"embeddable":true,"href":"https:\/\/wp.stylingcv.com\/fr\/wp-json\/wp\/v2\/comments?post=1024"}],"version-history":[{"count":0,"href":"https:\/\/wp.stylingcv.com\/fr\/wp-json\/wp\/v2\/pages\/1024\/revisions"}],"up":[{"embeddable":true,"href":"https:\/\/wp.stylingcv.com\/fr\/wp-json\/wp\/v2\/pages\/62"}],"wp:attachment":[{"href":"https:\/\/wp.stylingcv.com\/fr\/wp-json\/wp\/v2\/media?parent=1024"}],"curies":[{"name":"wp","href":"https:\/\/api.w.org\/{rel}","templated":true}]}}