{"id":1010,"date":"2026-02-25T03:43:47","date_gmt":"2026-02-25T03:43:47","guid":{"rendered":"https:\/\/stylingcv.com\/fr\/guides-cv-carriere-ressources-experts\/repondre-question-attentes-salariales\/"},"modified":"2026-02-25T03:43:47","modified_gmt":"2026-02-25T03:43:47","slug":"salary-expectations-question","status":"publish","type":"page","link":"https:\/\/wp.stylingcv.com\/fr\/guides\/salary-expectations-question\/","title":{"rendered":"Comment r\u00e9pondre aux questions sur vos attentes salariales\u00a0?"},"content":{"rendered":"\n<p class=\"faq-category\"><strong>Cat\u00e9gorie\u00a0:<\/strong> FAQ Pr\u00e9paration \u00e0 l&#8217;entretien<\/p>\n\n\n\n<h2 class=\"wp-block-heading\">Comment r\u00e9pondre aux questions sur vos attentes salariales\u00a0?<\/h2>\n\n\n\n<p>Les discussions salariales n\u00e9cessitent une strat\u00e9gie pour \u00e9viter de vous sous-\u00e9valuer ou de vous exclure du processus. Au d\u00e9but, d\u00e9tournez la question\u00a0: \u00ab\u00a0J\u2019aimerais en savoir plus sur le poste et les responsabilit\u00e9s avant d\u2019aborder la question du salaire. Quel est l\u2019\u00e9ventail budg\u00e9t\u00e9 pour ce poste\u00a0?\u00a0\u00bb Cela renvoie la question \u00e0 l\u2019employeur. S\u2019ils insistent pour obtenir un chiffre, donnez une fourchette bas\u00e9e sur vos recherches\u00a0: \u00ab\u00a0D\u2019apr\u00e8s mes recherches sur des postes similaires dans ce march\u00e9, je vise entre X\u00a0\u20ac et Y\u00a0\u20ac, mais je reste flexible selon le package global et les opportunit\u00e9s d\u2019\u00e9volution.\u00a0\u00bb Assurez-vous que votre fourchette est r\u00e9aliste (utilisez Glassdoor, Salary.com, PayScale) et que le bas de la fourchette vous convient r\u00e9ellement \u2013 ils proposeront souvent le minimum. Si vous devez indiquer votre salaire actuel (certaines r\u00e9gions interdisent cette question), vous pouvez\u00a0: \u00catre honn\u00eate si vous \u00eates \u00e0 l\u2019aise, Refuser poliment\u00a0: \u00ab\u00a0Je pr\u00e9f\u00e8re discuter de la r\u00e9mun\u00e9ration pour ce poste plut\u00f4t que de mon salaire actuel,\u00a0\u00bb ou inclure la r\u00e9mun\u00e9ration totale si cela vous avantage\u00a0: \u00ab\u00a0Mon fixe est de X, mais ma r\u00e9mun\u00e9ration totale, bonus et actions inclus, est de Y.\u00a0\u00bb Une fois l\u2019offre re\u00e7ue, n\u2019acceptez jamais imm\u00e9diatement. Dites\u00a0: \u00ab\u00a0Merci, je suis ravi(e) de cette opportunit\u00e9. J\u2019aimerais examiner tous les d\u00e9tails de l\u2019offre et je vous reviens d\u2019ici 2026.\u00a0\u00bb Cela vous donne un levier pour n\u00e9gocier. Si l\u2019offre est basse, faites une contre-proposition argument\u00e9e\u00a0: \u00ab\u00a0Compte tenu de mon exp\u00e9rience avec X et Y, ainsi que des taux du march\u00e9 pour ce poste, j\u2019esp\u00e9rais plut\u00f4t Z\u00a0\u20ac. Peut-on en discuter\u00a0?\u00a0\u00bb<\/p>\n\n\n\n<hr class=\"wp-block-separator has-alpha-channel-opacity\"\/>\n\n\n\n<h3 class=\"wp-block-heading\">Besoin d\u2019aide pour votre CV\u00a0?<\/h3>\n\n\n\n<p>Notre cr\u00e9ateur de CV aliment\u00e9 par l\u2019IA sur <a href=\"https:\/\/ai.stylingcv.com\/ai-generatorsignup?utm_source=stylingcv&utm_medium=website&utm_campaign=cta&utm_content=salary-expectations-question\" target=\"_blank\" rel=\"noopener\">StylingCV AI<\/a> peut vous aider \u00e0 cr\u00e9er un CV professionnel optimis\u00e9 ATS en quelques minutes. Commencez d\u00e8s aujourd\u2019hui\u00a0!<\/p>\n\n\n\n<div class=\"wp-block-buttons is-layout-flex wp-block-buttons-is-layout-flex\">\n\n<div class=\"wp-block-button cta-button\"><a class=\"wp-block-button__link has-primary-background-color has-background wp-element-button\" href=\"https:\/\/ai.stylingcv.com\/ai-generatorsignup?utm_source=stylingcv&utm_medium=website&utm_campaign=cta&utm_content=salary-expectations-question\" target=\"_blank\" rel=\"noopener\">Essayez StylingCV AI gratuitement\u00a0\u2192<\/a><\/div>\n\n\n\n\n<p>\ud83d\udc49 <a href=\"https:\/\/stylingcv.com\/guides\/\">guides d\u2019experts pour le CV<\/a><\/p>\n\n<p>\ud83d\udc49 <a href=\"https:\/\/stylingcv.com\/resume-templates\/\">mod\u00e8les de CV gratuits<\/a><\/p>\n\n<p><strong>\ud83d\udca1 Astuce Pro\u00a0:<\/strong> StylingCV n\u2019est pas seulement un cr\u00e9ateur de CV \u2014 c\u2019est un cr\u00e9ateur intelligent qui r\u00e9fl\u00e9chit. <a href=\"https:\/\/stylingcv.com\/resume-builder\/\">cr\u00e9ez votre CV en moins de 2 minutes<\/a> en moins de 2 minutes.<\/p>\n<\/div>\n\n\n\n<script type=\"application\/ld+json\">\n{\n  \"@context\": \"https:\/\/schema.org\",\n  \"@type\": \"FAQPage\",\n  \"mainEntity\": [{\n    \"@type\": \"Question\",\n    \"name\": \"How do I handle answering questions about salary expectations?\",\n    \"acceptedAnswer\": {\n      \"@type\": \"Answer\",\n      \"text\": \"Salary discussions require strategy to avoid anchoring yourself too low or pricing yourself out. Early in the process, deflect: 'I'd like to learn more about the role and responsibilities before discussing salary. What's the budgeted range for this position?' This flips the question back. If they insist on a number, provide a researched range: 'Based on my research of similar roles in this market, I'm targeting $X to $Y, but I'm flexible depending on the full compensation package and growth opportunities.' Make sure your range is realistic (use Glassdoor, Salary.com, PayScale) and that the low end is actually acceptable to you - they'll likely offer near the bottom. If you must share current salary (some states have banned this question), you can: Be honest if comfortable, Politely decline: 'I'd prefer to discuss this role's compensation rather than my current salary,' Include total compensation if it helps: 'My base is X, but my total comp including bonus and equity is Y.' Once they make an offer, never accept immediately. Say: 'Thank you, I'm excited about this opportunity. I'd like to review the full offer details and will get back to you by [specific date].' This gives you leverage to negotiate. If their offer is low, counter with specific justification: 'Based on my experience with X and Y, plus market rates for this role, I was hoping for $Z. Can we discuss?'\"\n    }\n  }]\n}\n<\/script>\n\n\n\n<p class=\"faq-keywords\"><small><strong>Li\u00e9\u00a0:<\/strong> attentes salariales, question de salaire, discussion sur la r\u00e9mun\u00e9ration, n\u00e9gociation salariale, exigences salariales<\/small><\/p>\n<!-- stylingcv-hub-links --><div class=\"stylingcv-related-resources\" style=\"margin-top:30px;padding:20px;background:#f8f9fa;border-left:4px solid #1abc9c;border-radius:4px;\"><h3 style=\"margin-top:0;color:#2c3e50;\">D\u00e9couvrez plus de ressources<\/h3><ul style=\"list-style:none;padding:0;\"><li><a href=\"https:\/\/stylingcv.com\/guides\/\">Guides de carri\u00e8re<\/a> &mdash; Votre guide complet<\/li><li><a href=\"https:\/\/stylingcv.com\/job-search-websites-3\/\">Quels sont les meilleurs sites et strat\u00e9gies pour la recherche d\u2019emploi&#8230;<\/a><\/li><li><a href=\"https:\/\/stylingcv.com\/ksa-saudi\/\">Emplois et CV en Arabie Saoudite\u00a0: votre guide pour travailler en Arabie<\/a><\/li><li><a href=\"https:\/\/stylingcv.com\/networking-strategies-2\/\">Quelle est l\u2019importance du r\u00e9seau pour trouver un emploi et comment&#8230;<\/a><\/li><\/ul><p style=\"margin-bottom:0;font-size:14px;color:#7f8c8d;\">Pas seulement un cr\u00e9ateur de CV \u2014 un cr\u00e9ateur intelligent qui r\u00e9fl\u00e9chit. <a href=\"https:\/\/stylingcv.com\/resume-builder\/\" style=\"color:#1abc9c;font-weight:bold;\">Cr\u00e9ez votre CV en moins de 2 minutes &rarr;<\/a><\/p><\/div><!-- \/stylingcv-hub-links --><style>.entry-content a[href*=\"ai.stylingcv.com\"]:not(.scv-exit-cta){transition:transform 0.2s ease,box-shadow 0.2s ease}.entry-content a[href*=\"ai.stylingcv.com\"]:not(.scv-exit-cta):hover{transform:translateY(-2px);box-shadow:0 4px 12px rgba(38,133,153,0.25)}<\/style>","protected":false},"excerpt":{"rendered":"<p>R\u00e9pondez aux questions sur vos attentes salariales comme un pro. D\u00e9couvrez quand partager un chiffre, comment rechercher les fourchettes et maximiser votre offre.<\/p>\n","protected":false},"author":0,"featured_media":0,"parent":484,"menu_order":0,"comment_status":"closed","ping_status":"closed","template":"","meta":{"footnotes":""},"class_list":["post-1010","page","type-page","status-publish","hentry"," c-blog-1-item  nt-post-class"],"yoast_head":"<!-- This site is optimized with the Yoast SEO Premium plugin v26.5 (Yoast SEO v26.5) - https:\/\/yoast.com\/wordpress\/plugins\/seo\/ -->\n<title>Comment r\u00e9pondre \u00e0 la question des attentes salariales |<\/title>\n<meta name=\"description\" content=\"Cat\u00e9gorie : FAQ Pr\u00e9paration \u00e0 l&#039;entretien. Comment r\u00e9pondre aux questions sur vos attentes salariales ?\" \/>\n<meta name=\"robots\" content=\"index, follow, max-snippet:-1, max-image-preview:large, max-video-preview:-1\" \/>\n<link rel=\"canonical\" href=\"https:\/\/stylingcv.com\/fr\/guides\/salary-expectations-question\/\" \/>\n<meta property=\"og:locale\" content=\"en_US\" \/>\n<meta property=\"og:type\" content=\"article\" \/>\n<meta property=\"og:title\" content=\"Comment r\u00e9pondre aux questions sur vos attentes salariales\u00a0?\" \/>\n<meta property=\"og:description\" content=\"Cat\u00e9gorie : FAQ Pr\u00e9paration \u00e0 l&#039;entretien. Comment r\u00e9pondre aux questions sur vos attentes salariales ?\" \/>\n<meta property=\"og:url\" content=\"https:\/\/stylingcv.com\/fr\/guides\/salary-expectations-question\/\" \/>\n<meta property=\"og:site_name\" content=\"StylingCV - Fran\u00e7ais\" \/>\n<meta name=\"twitter:card\" content=\"summary_large_image\" \/>\n<meta name=\"twitter:label1\" content=\"Est. reading time\" \/>\n\t<meta name=\"twitter:data1\" content=\"2 minutes\" \/>\n<script type=\"application\/ld+json\" class=\"yoast-schema-graph\">{\"@context\":\"https:\/\/schema.org\",\"@graph\":[{\"@type\":\"WebPage\",\"@id\":\"https:\/\/wp.stylingcv.com\/fr\/guides\/salary-expectations-question\/\",\"url\":\"https:\/\/wp.stylingcv.com\/fr\/guides\/salary-expectations-question\/\",\"name\":\"Comment r\u00e9pondre \u00e0 la question des attentes salariales |\",\"isPartOf\":{\"@id\":\"https:\/\/wp.stylingcv.com\/fr\/#website\"},\"datePublished\":\"2026-02-25T03:43:47+00:00\",\"description\":\"Cat\u00e9gorie : FAQ Pr\u00e9paration \u00e0 l'entretien. Comment r\u00e9pondre aux questions sur vos attentes salariales ?\",\"breadcrumb\":{\"@id\":\"https:\/\/wp.stylingcv.com\/fr\/guides\/salary-expectations-question\/#breadcrumb\"},\"inLanguage\":\"en-US\",\"potentialAction\":[{\"@type\":\"ReadAction\",\"target\":[\"https:\/\/wp.stylingcv.com\/fr\/guides\/salary-expectations-question\/\"]}]},{\"@type\":\"BreadcrumbList\",\"@id\":\"https:\/\/wp.stylingcv.com\/fr\/guides\/salary-expectations-question\/#breadcrumb\",\"itemListElement\":[{\"@type\":\"ListItem\",\"position\":1,\"name\":\"Home\",\"item\":\"https:\/\/wp.stylingcv.com\/fr\/\"},{\"@type\":\"ListItem\",\"position\":2,\"name\":\"Guides CV &#038; Carri\u00e8re : Ressources d\u2019Experts pour Candidats\",\"item\":\"https:\/\/wp.stylingcv.com\/fr\/guides\/\"},{\"@type\":\"ListItem\",\"position\":3,\"name\":\"Comment r\u00e9pondre aux questions sur vos attentes salariales\u00a0?\"}]},{\"@type\":\"WebSite\",\"@id\":\"https:\/\/wp.stylingcv.com\/fr\/#website\",\"url\":\"https:\/\/wp.stylingcv.com\/fr\/\",\"name\":\"StylingCV - Fran\u00e7ais\",\"description\":\"\",\"potentialAction\":[{\"@type\":\"SearchAction\",\"target\":{\"@type\":\"EntryPoint\",\"urlTemplate\":\"https:\/\/wp.stylingcv.com\/fr\/?s={search_term_string}\"},\"query-input\":{\"@type\":\"PropertyValueSpecification\",\"valueRequired\":true,\"valueName\":\"search_term_string\"}}],\"inLanguage\":\"en-US\"}]}<\/script>\n<!-- \/ Yoast SEO Premium plugin. -->","yoast_head_json":{"title":"Comment r\u00e9pondre \u00e0 la question des attentes salariales |","description":"Cat\u00e9gorie : FAQ Pr\u00e9paration \u00e0 l'entretien. Comment r\u00e9pondre aux questions sur vos attentes salariales ?","robots":{"index":"index","follow":"follow","max-snippet":"max-snippet:-1","max-image-preview":"max-image-preview:large","max-video-preview":"max-video-preview:-1"},"canonical":"https:\/\/stylingcv.com\/fr\/guides\/salary-expectations-question\/","og_locale":"en_US","og_type":"article","og_title":"Comment r\u00e9pondre aux questions sur vos attentes salariales\u00a0?","og_description":"Cat\u00e9gorie : FAQ Pr\u00e9paration \u00e0 l'entretien. Comment r\u00e9pondre aux questions sur vos attentes salariales ?","og_url":"https:\/\/stylingcv.com\/fr\/guides\/salary-expectations-question\/","og_site_name":"StylingCV - Fran\u00e7ais","twitter_card":"summary_large_image","twitter_misc":{"Est. reading time":"2 minutes"},"schema":{"@context":"https:\/\/schema.org","@graph":[{"@type":"WebPage","@id":"https:\/\/wp.stylingcv.com\/fr\/guides\/salary-expectations-question\/","url":"https:\/\/wp.stylingcv.com\/fr\/guides\/salary-expectations-question\/","name":"Comment r\u00e9pondre \u00e0 la question des attentes salariales |","isPartOf":{"@id":"https:\/\/wp.stylingcv.com\/fr\/#website"},"datePublished":"2026-02-25T03:43:47+00:00","description":"Cat\u00e9gorie : FAQ Pr\u00e9paration \u00e0 l'entretien. Comment r\u00e9pondre aux questions sur vos attentes salariales ?","breadcrumb":{"@id":"https:\/\/wp.stylingcv.com\/fr\/guides\/salary-expectations-question\/#breadcrumb"},"inLanguage":"en-US","potentialAction":[{"@type":"ReadAction","target":["https:\/\/wp.stylingcv.com\/fr\/guides\/salary-expectations-question\/"]}]},{"@type":"BreadcrumbList","@id":"https:\/\/wp.stylingcv.com\/fr\/guides\/salary-expectations-question\/#breadcrumb","itemListElement":[{"@type":"ListItem","position":1,"name":"Home","item":"https:\/\/wp.stylingcv.com\/fr\/"},{"@type":"ListItem","position":2,"name":"Guides CV &#038; Carri\u00e8re : Ressources d\u2019Experts pour Candidats","item":"https:\/\/wp.stylingcv.com\/fr\/guides\/"},{"@type":"ListItem","position":3,"name":"Comment r\u00e9pondre aux questions sur vos attentes salariales\u00a0?"}]},{"@type":"WebSite","@id":"https:\/\/wp.stylingcv.com\/fr\/#website","url":"https:\/\/wp.stylingcv.com\/fr\/","name":"StylingCV - Fran\u00e7ais","description":"","potentialAction":[{"@type":"SearchAction","target":{"@type":"EntryPoint","urlTemplate":"https:\/\/wp.stylingcv.com\/fr\/?s={search_term_string}"},"query-input":{"@type":"PropertyValueSpecification","valueRequired":true,"valueName":"search_term_string"}}],"inLanguage":"en-US"}]}},"_links":{"self":[{"href":"https:\/\/wp.stylingcv.com\/fr\/wp-json\/wp\/v2\/pages\/1010","targetHints":{"allow":["GET"]}}],"collection":[{"href":"https:\/\/wp.stylingcv.com\/fr\/wp-json\/wp\/v2\/pages"}],"about":[{"href":"https:\/\/wp.stylingcv.com\/fr\/wp-json\/wp\/v2\/types\/page"}],"replies":[{"embeddable":true,"href":"https:\/\/wp.stylingcv.com\/fr\/wp-json\/wp\/v2\/comments?post=1010"}],"version-history":[{"count":0,"href":"https:\/\/wp.stylingcv.com\/fr\/wp-json\/wp\/v2\/pages\/1010\/revisions"}],"up":[{"embeddable":true,"href":"https:\/\/wp.stylingcv.com\/fr\/wp-json\/wp\/v2\/pages\/484"}],"wp:attachment":[{"href":"https:\/\/wp.stylingcv.com\/fr\/wp-json\/wp\/v2\/media?parent=1010"}],"curies":[{"name":"wp","href":"https:\/\/api.w.org\/{rel}","templated":true}]}}