{"id":1009,"date":"2026-02-25T03:43:45","date_gmt":"2026-02-25T03:43:45","guid":{"rendered":"https:\/\/stylingcv.com\/fr\/resume-builder-2\/signaux-alerte-cv-recruteurs\/"},"modified":"2026-02-25T03:43:45","modified_gmt":"2026-02-25T03:43:45","slug":"resume-red-flags","status":"publish","type":"page","link":"https:\/\/wp.stylingcv.com\/fr\/resume-builder\/resume-red-flags\/","title":{"rendered":"Quels sont les signaux d\u2019alerte que les recruteurs recherchent sur les CV\u00a0?"},"content":{"rendered":"\n<p class=\"faq-category\"><strong>Cat\u00e9gorie :<\/strong> FAQ R\u00e9daction de CV<\/p>\n\n\n\n<h2 class=\"wp-block-heading\">Quels sont les signaux d\u2019alerte que les recruteurs recherchent sur les CV\u00a0?<\/h2>\n\n\n\n<p>Les recruteurs examinent les CV en 6 \u00e0 10 secondes, \u00e0 la recherche de signaux d\u2019alerte qui entra\u00eenent un rejet imm\u00e9diat. Principaux signaux d\u2019alerte\u00a0: trous inexpliqu\u00e9s dans le parcours professionnel de plus de 6 mois, changements d\u2019emploi fr\u00e9quents (plusieurs postes de moins d\u2019un an), fautes de frappe et erreurs grammaticales (sugg\u00e8rent un manque de soin), adresse e-mail non professionnelle, absence de r\u00e9alisations sp\u00e9cifiques ou de r\u00e9sultats quantifiables, CV trop long (plus de 3 pages pour des postes non acad\u00e9miques), exp\u00e9riences professionnelles non pertinentes par rapport au poste, mise en page incoh\u00e9rente ou erreurs \u00e9videntes de mod\u00e8le, dates manquantes ou p\u00e9riodes floues, objectifs g\u00e9n\u00e9riques, affirmations trop belles pour \u00eatre vraies ou mots \u00e0 la mode sans contenu, comp\u00e9tences ou technologies obsol\u00e8tes, CV qui semble avoir \u00e9t\u00e9 copi\u00e9-coll\u00e9 avec de mauvais noms d\u2019entreprise ou d\u00e9tails, surqualification sans explication, \u00e9cart entre l\u2019obtention du dipl\u00f4me et le premier emploi sans explication, r\u00e9f\u00e9rences \u00e0 l\u2019\u00e2ge, au statut marital, \u00e0 la photo (aux \u00c9tats-Unis), plusieurs adresses e-mail ou num\u00e9ros de t\u00e9l\u00e9phone, mauvais nom de fichier (\u00ab\u00a0resume.pdf\u00a0\u00bb au lieu de \u00ab\u00a0PrenomNom_Resume.pdf\u00a0\u00bb). Signaux d\u2019alerte moins \u00e9vidents\u00a0: intitul\u00e9s de poste ou responsabilit\u00e9s en baisse, trop de r\u00e9alisations pour le niveau du poste (survente), absence de profil LinkedIn ou \u00e9carts majeurs entre le CV et LinkedIn, comp\u00e9tences list\u00e9es qui ne figurent pas dans les descriptions de poste r\u00e9elles, formation mentionn\u00e9e mais non termin\u00e9e sans pr\u00e9ciser l\u2019inach\u00e8vement. \u00c9vitez ces erreurs et vous passerez la premi\u00e8re s\u00e9lection.<\/p>\n\n\n\n<hr class=\"wp-block-separator has-alpha-channel-opacity\"\/>\n\n\n\n<h3 class=\"wp-block-heading\">Besoin d\u2019aide pour votre CV\u00a0?<\/h3>\n\n\n\n<p>Notre cr\u00e9ateur de CV aliment\u00e9 par l\u2019IA sur <a href=\"https:\/\/ai.stylingcv.com\/ai-generatorsignup?utm_source=stylingcv&utm_medium=website&utm_campaign=cta&utm_content=resume-red-flags\" target=\"_blank\" rel=\"noopener\">StylingCV AI<\/a> peut vous aider \u00e0 cr\u00e9er un CV professionnel optimis\u00e9 ATS en quelques minutes. Commencez d\u00e8s aujourd\u2019hui\u00a0!<\/p>\n\n\n\n<div class=\"wp-block-buttons is-layout-flex wp-block-buttons-is-layout-flex\">\n\n<div class=\"wp-block-button cta-button\"><a class=\"wp-block-button__link has-primary-background-color has-background wp-element-button\" href=\"https:\/\/ai.stylingcv.com\/ai-generatorsignup?utm_source=stylingcv&utm_medium=website&utm_campaign=cta&utm_content=resume-red-flags\" target=\"_blank\" rel=\"noopener\">Essayez StylingCV AI gratuitement \u2192<\/a><\/div>\n\n\n\n\n<p>\ud83d\udc49 <a href=\"https:\/\/stylingcv.com\/guides\/\">apprenez \u00e0 r\u00e9diger un CV<\/a><\/p>\n\n<p>\ud83d\udc49 <a href=\"https:\/\/stylingcv.com\/resume-templates\/\">mod\u00e8les de CV<\/a><\/p>\n\n<p><strong>\ud83d\udca1 Astuce Pro :<\/strong> StylingCV n\u2019est pas seulement un cr\u00e9ateur de CV \u2014 c\u2019est un cr\u00e9ateur intelligent qui r\u00e9fl\u00e9chit. <a href=\"https:\/\/stylingcv.com\/resume-builder\/\">Cr\u00e9ateur de CV IA avec 11 agents intelligents<\/a> en moins de 2 minutes.<\/p>\n<\/div>\n\n\n\n<script type=\"application\/ld+json\">\n{\n  \"@context\": \"https:\/\/schema.org\",\n  \"@type\": \"FAQPage\",\n  \"mainEntity\": [{\n    \"@type\": \"Question\",\n    \"name\": \"What are the red flags recruiters look for on resumes?\",\n    \"acceptedAnswer\": {\n      \"@type\": \"Answer\",\n      \"text\": \"Recruiters screen resumes in 6-10 seconds, looking for red flags that trigger immediate rejection. Major red flags: Unexplained employment gaps of 6+ months, Frequent job hopping (multiple jobs lasting less than 1 year), Typos and grammatical errors (suggests carelessness), Unprofessional email address, Lack of specific achievements or quantifiable results, Overly long resume (3+ pages for non-academic roles), Irrelevant work experience that doesn't match the role, Inconsistent formatting or obvious template errors, Missing dates or vague timeframes, Generic objective statements, Claims that sound too good to be true or vague buzzwords without substance, Outdated skills or technologies, Resume that looks copy-pasted with wrong company names or details, Overqualification without explanation, Gaps between degree completion and first job with no explanation, References to age, marital status, photo (in US), Multiple email addresses or phone numbers, Poor file naming ('resume.pdf' instead of 'FirstLast_Resume.pdf'). Less obvious red flags: Declining job titles or responsibilities, Too many accomplishments for position level (overselling), No LinkedIn profile or major discrepancies between resume and LinkedIn, Listed skills that don't appear in actual job descriptions, Education listed but not completed without noting incomplete. Avoid these and you'll pass the initial screen.\"\n    }\n  }]\n}\n<\/script>\n\n\n\n<p class=\"faq-keywords\"><small><strong>Li\u00e9\u00a0:<\/strong> signaux d\u2019alerte, erreurs de CV, s\u00e9lection des recruteurs, erreurs de candidature, raisons de rejet<\/small><\/p>\n<!-- stylingcv-hub-links --><div class=\"stylingcv-related-resources\" style=\"margin-top:30px;padding:20px;background:#f8f9fa;border-left:4px solid #1abc9c;border-radius:4px;\"><h3 style=\"margin-top:0;color:#2c3e50;\">D\u00e9couvrez plus de ressources<\/h3><ul style=\"list-style:none;padding:0;\"><li><a href=\"https:\/\/stylingcv.com\/resume-builder\/\">Cr\u00e9ateur de CV<\/a> &mdash; Votre guide complet<\/li><li><a href=\"https:\/\/stylingcv.com\/career-change-resume-tips-2\/\">Comment r\u00e9diger un CV pour une reconversion professionnelle lorsque mon exp\u00e9&#8230;<\/a><\/li><li><a href=\"https:\/\/stylingcv.com\/how-long-should-a-cv-be-the-answer-depends-on-your-career-level\/\">Quelle longueur pour un CV\u00a0? La r\u00e9ponse d\u00e9pend de votre niveau<\/a><\/li><li><a href=\"https:\/\/stylingcv.com\/how-do-i-create-a-skills-section-that-is-effective\/\">Comment cr\u00e9er une section comp\u00e9tences efficace\u00a0?<\/a><\/li><\/ul><p style=\"margin-bottom:0;font-size:14px;color:#7f8c8d;\">Pas seulement un cr\u00e9ateur de CV \u2014 un cr\u00e9ateur intelligent qui r\u00e9fl\u00e9chit. <a href=\"https:\/\/stylingcv.com\/resume-builder\/\" style=\"color:#1abc9c;font-weight:bold;\">Cr\u00e9ez votre CV en moins de 2 minutes &rarr;<\/a><\/p><\/div><!-- \/stylingcv-hub-links --><style>.entry-content a[href*=\"ai.stylingcv.com\"]:not(.scv-exit-cta){transition:transform 0.2s ease,box-shadow 0.2s ease}.entry-content a[href*=\"ai.stylingcv.com\"]:not(.scv-exit-cta):hover{transform:translateY(-2px);box-shadow:0 4px 12px rgba(38,133,153,0.25)}<\/style>","protected":false},"excerpt":{"rendered":"<p>\u00c9vitez les signaux d\u2019alerte sur votre CV qui m\u00e8nent au rejet. D\u00e9couvrez ce que recherchent les recruteurs et comment corriger les probl\u00e8mes courants.<\/p>\n","protected":false},"author":0,"featured_media":0,"parent":45,"menu_order":0,"comment_status":"closed","ping_status":"closed","template":"","meta":{"footnotes":""},"class_list":["post-1009","page","type-page","status-publish","hentry"," c-blog-1-item  nt-post-class"],"yoast_head":"<!-- This site is optimized with the Yoast SEO Premium plugin v26.5 (Yoast SEO v26.5) - https:\/\/yoast.com\/wordpress\/plugins\/seo\/ -->\n<title>Signaux d\u2019alerte sur le CV rep\u00e9r\u00e9s par les recruteurs |<\/title>\n<meta name=\"description\" content=\"Cat\u00e9gorie : FAQ R\u00e9daction de CV. Quels sont les signaux d\u2019alerte que les recruteurs recherchent sur les CV ?\" \/>\n<meta name=\"robots\" content=\"index, follow, max-snippet:-1, max-image-preview:large, max-video-preview:-1\" \/>\n<link rel=\"canonical\" href=\"https:\/\/stylingcv.com\/fr\/resume-builder\/resume-red-flags\/\" \/>\n<meta property=\"og:locale\" content=\"en_US\" \/>\n<meta property=\"og:type\" content=\"article\" \/>\n<meta property=\"og:title\" content=\"Quels sont les signaux d\u2019alerte que les recruteurs recherchent sur les CV\u00a0?\" \/>\n<meta property=\"og:description\" content=\"Cat\u00e9gorie : FAQ R\u00e9daction de CV. Quels sont les signaux d\u2019alerte que les recruteurs recherchent sur les CV ?\" \/>\n<meta property=\"og:url\" content=\"https:\/\/stylingcv.com\/fr\/resume-builder\/resume-red-flags\/\" \/>\n<meta property=\"og:site_name\" content=\"StylingCV - Fran\u00e7ais\" \/>\n<meta name=\"twitter:card\" content=\"summary_large_image\" \/>\n<meta name=\"twitter:label1\" content=\"Est. reading time\" \/>\n\t<meta name=\"twitter:data1\" content=\"2 minutes\" \/>\n<script type=\"application\/ld+json\" class=\"yoast-schema-graph\">{\"@context\":\"https:\/\/schema.org\",\"@graph\":[{\"@type\":\"WebPage\",\"@id\":\"https:\/\/wp.stylingcv.com\/fr\/resume-builder\/resume-red-flags\/\",\"url\":\"https:\/\/wp.stylingcv.com\/fr\/resume-builder\/resume-red-flags\/\",\"name\":\"Signaux d\u2019alerte sur le CV rep\u00e9r\u00e9s par les recruteurs |\",\"isPartOf\":{\"@id\":\"https:\/\/wp.stylingcv.com\/fr\/#website\"},\"datePublished\":\"2026-02-25T03:43:45+00:00\",\"description\":\"Cat\u00e9gorie : FAQ R\u00e9daction de CV. Quels sont les signaux d\u2019alerte que les recruteurs recherchent sur les CV ?\",\"breadcrumb\":{\"@id\":\"https:\/\/wp.stylingcv.com\/fr\/resume-builder\/resume-red-flags\/#breadcrumb\"},\"inLanguage\":\"en-US\",\"potentialAction\":[{\"@type\":\"ReadAction\",\"target\":[\"https:\/\/wp.stylingcv.com\/fr\/resume-builder\/resume-red-flags\/\"]}]},{\"@type\":\"BreadcrumbList\",\"@id\":\"https:\/\/wp.stylingcv.com\/fr\/resume-builder\/resume-red-flags\/#breadcrumb\",\"itemListElement\":[{\"@type\":\"ListItem\",\"position\":1,\"name\":\"Home\",\"item\":\"https:\/\/wp.stylingcv.com\/fr\/\"},{\"@type\":\"ListItem\",\"position\":2,\"name\":\"Cr\u00e9ateur de CV IA Gratuit \u2014 Cr\u00e9ez des CV Optimis\u00e9s ATS en Ligne | StylingCV\",\"item\":\"https:\/\/wp.stylingcv.com\/fr\/resume-builder\/\"},{\"@type\":\"ListItem\",\"position\":3,\"name\":\"Quels sont les signaux d\u2019alerte que les recruteurs recherchent sur les CV\u00a0?\"}]},{\"@type\":\"WebSite\",\"@id\":\"https:\/\/wp.stylingcv.com\/fr\/#website\",\"url\":\"https:\/\/wp.stylingcv.com\/fr\/\",\"name\":\"StylingCV - Fran\u00e7ais\",\"description\":\"\",\"potentialAction\":[{\"@type\":\"SearchAction\",\"target\":{\"@type\":\"EntryPoint\",\"urlTemplate\":\"https:\/\/wp.stylingcv.com\/fr\/?s={search_term_string}\"},\"query-input\":{\"@type\":\"PropertyValueSpecification\",\"valueRequired\":true,\"valueName\":\"search_term_string\"}}],\"inLanguage\":\"en-US\"}]}<\/script>\n<!-- \/ Yoast SEO Premium plugin. -->","yoast_head_json":{"title":"Signaux d\u2019alerte sur le CV rep\u00e9r\u00e9s par les recruteurs |","description":"Cat\u00e9gorie : FAQ R\u00e9daction de CV. Quels sont les signaux d\u2019alerte que les recruteurs recherchent sur les CV ?","robots":{"index":"index","follow":"follow","max-snippet":"max-snippet:-1","max-image-preview":"max-image-preview:large","max-video-preview":"max-video-preview:-1"},"canonical":"https:\/\/stylingcv.com\/fr\/resume-builder\/resume-red-flags\/","og_locale":"en_US","og_type":"article","og_title":"Quels sont les signaux d\u2019alerte que les recruteurs recherchent sur les CV\u00a0?","og_description":"Cat\u00e9gorie : FAQ R\u00e9daction de CV. Quels sont les signaux d\u2019alerte que les recruteurs recherchent sur les CV ?","og_url":"https:\/\/stylingcv.com\/fr\/resume-builder\/resume-red-flags\/","og_site_name":"StylingCV - Fran\u00e7ais","twitter_card":"summary_large_image","twitter_misc":{"Est. reading time":"2 minutes"},"schema":{"@context":"https:\/\/schema.org","@graph":[{"@type":"WebPage","@id":"https:\/\/wp.stylingcv.com\/fr\/resume-builder\/resume-red-flags\/","url":"https:\/\/wp.stylingcv.com\/fr\/resume-builder\/resume-red-flags\/","name":"Signaux d\u2019alerte sur le CV rep\u00e9r\u00e9s par les recruteurs |","isPartOf":{"@id":"https:\/\/wp.stylingcv.com\/fr\/#website"},"datePublished":"2026-02-25T03:43:45+00:00","description":"Cat\u00e9gorie : FAQ R\u00e9daction de CV. Quels sont les signaux d\u2019alerte que les recruteurs recherchent sur les CV ?","breadcrumb":{"@id":"https:\/\/wp.stylingcv.com\/fr\/resume-builder\/resume-red-flags\/#breadcrumb"},"inLanguage":"en-US","potentialAction":[{"@type":"ReadAction","target":["https:\/\/wp.stylingcv.com\/fr\/resume-builder\/resume-red-flags\/"]}]},{"@type":"BreadcrumbList","@id":"https:\/\/wp.stylingcv.com\/fr\/resume-builder\/resume-red-flags\/#breadcrumb","itemListElement":[{"@type":"ListItem","position":1,"name":"Home","item":"https:\/\/wp.stylingcv.com\/fr\/"},{"@type":"ListItem","position":2,"name":"Cr\u00e9ateur de CV IA Gratuit \u2014 Cr\u00e9ez des CV Optimis\u00e9s ATS en Ligne | StylingCV","item":"https:\/\/wp.stylingcv.com\/fr\/resume-builder\/"},{"@type":"ListItem","position":3,"name":"Quels sont les signaux d\u2019alerte que les recruteurs recherchent sur les CV\u00a0?"}]},{"@type":"WebSite","@id":"https:\/\/wp.stylingcv.com\/fr\/#website","url":"https:\/\/wp.stylingcv.com\/fr\/","name":"StylingCV - Fran\u00e7ais","description":"","potentialAction":[{"@type":"SearchAction","target":{"@type":"EntryPoint","urlTemplate":"https:\/\/wp.stylingcv.com\/fr\/?s={search_term_string}"},"query-input":{"@type":"PropertyValueSpecification","valueRequired":true,"valueName":"search_term_string"}}],"inLanguage":"en-US"}]}},"_links":{"self":[{"href":"https:\/\/wp.stylingcv.com\/fr\/wp-json\/wp\/v2\/pages\/1009","targetHints":{"allow":["GET"]}}],"collection":[{"href":"https:\/\/wp.stylingcv.com\/fr\/wp-json\/wp\/v2\/pages"}],"about":[{"href":"https:\/\/wp.stylingcv.com\/fr\/wp-json\/wp\/v2\/types\/page"}],"replies":[{"embeddable":true,"href":"https:\/\/wp.stylingcv.com\/fr\/wp-json\/wp\/v2\/comments?post=1009"}],"version-history":[{"count":0,"href":"https:\/\/wp.stylingcv.com\/fr\/wp-json\/wp\/v2\/pages\/1009\/revisions"}],"up":[{"embeddable":true,"href":"https:\/\/wp.stylingcv.com\/fr\/wp-json\/wp\/v2\/pages\/45"}],"wp:attachment":[{"href":"https:\/\/wp.stylingcv.com\/fr\/wp-json\/wp\/v2\/media?parent=1009"}],"curies":[{"name":"wp","href":"https:\/\/api.w.org\/{rel}","templated":true}]}}