{"id":1004,"date":"2026-02-25T03:43:35","date_gmt":"2026-02-25T03:43:35","guid":{"rendered":"https:\/\/stylingcv.com\/fr\/resume-builder-2\/rediger-enonces-accomplissement-cv\/"},"modified":"2026-02-25T03:43:35","modified_gmt":"2026-02-25T03:43:35","slug":"achievement-statements-guide","status":"publish","type":"page","link":"https:\/\/wp.stylingcv.com\/fr\/resume-builder\/achievement-statements-guide\/","title":{"rendered":"Comment r\u00e9diger des \u00e9nonc\u00e9s d\u2019accomplissement percutants pour mon CV\u00a0?"},"content":{"rendered":"\n<p class=\"faq-category\"><strong>Cat\u00e9gorie\u00a0:<\/strong> FAQ R\u00e9daction de CV<\/p>\n\n\n\n<h2 class=\"wp-block-heading\">Comment r\u00e9diger des \u00e9nonc\u00e9s d\u2019accomplissement percutants pour mon CV\u00a0?<\/h2>\n\n\n\n<p>Transformez des descriptions de t\u00e2ches ennuyeuses en r\u00e9alisations percutantes en utilisant la m\u00e9thode CAR ou PAR\u00a0: Contexte\/Probl\u00e8me, Action, R\u00e9sultat. Commencez par identifier la situation ou le probl\u00e8me rencontr\u00e9, d\u00e9crivez ensuite vos actions sp\u00e9cifiques, puis quantifiez le r\u00e9sultat positif obtenu. Faible\u00a0: \u00ab\u00a0G\u00e9r\u00e9 les comptes de r\u00e9seaux sociaux.\u00a0\u00bb Fort\u00a0: \u00ab\u00a0Relanc\u00e9 une pr\u00e9sence sur les r\u00e9seaux sociaux inactive, mis en place un calendrier de contenu bas\u00e9 sur les donn\u00e9es qui a augment\u00e9 l\u2019engagement de 300\u00a0% et g\u00e9n\u00e9r\u00e9 50 prospects qualifi\u00e9s en 6 mois.\u00a0\u00bb Utilisez la formule XYZ\u00a0: \u00ab\u00a0R\u00e9alis\u00e9 X mesur\u00e9 par Y en faisant Z.\u00a0\u00bb Par exemple\u00a0: \u00ab\u00a0Augmentation de la fid\u00e9lisation client de 25\u00a0% gr\u00e2ce \u00e0 la mise en place d\u2019un programme d\u2019int\u00e9gration personnalis\u00e9 pour plus de 500 nouveaux clients.\u00a0\u00bb Quantifiez tout ce qui est possible\u00a0: pourcentages, montants en dollars, temps \u00e9conomis\u00e9, volume, comparaisons avant\/apr\u00e8s, classements, scores de satisfaction client. Si les chiffres ne sont pas disponibles, montrez l\u2019\u00e9chelle\u00a0: \u00ab\u00a0Dirig\u00e9 une \u00e9quipe de 5\u00a0\u00bb, \u00ab\u00a0g\u00e9r\u00e9 un budget de 500\u00a0000\u00a0$\u00a0\u00bb, \u00ab\u00a0servi plus de 1\u00a0000 clients.\u00a0\u00bb Utilisez des verbes d\u2019action forts et la voix active. Soyez pr\u00e9cis sur votre contribution individuelle, surtout dans les projets d\u2019\u00e9quipe. Comparez-vous aux autres si possible\u00a0: \u00ab\u00a0d\u00e9passement des objectifs trimestriels de 40\u00a0% alors que l\u2019\u00e9quipe atteignait 10\u00a0%\u00a0\u00bb ou \u00ab\u00a0obtenu les meilleurs scores de satisfaction client de l\u2019\u00e9quipe.\u00a0\u00bb Mettez en avant l\u2019information la plus impressionnante en premier. Assurez-vous que chaque \u00e9nonc\u00e9 r\u00e9ponde au test \u00ab\u00a0Et alors\u00a0?\u00a0\u00bb\u00a0: pourquoi cela compte-t-il pour un futur employeur\u00a0?<\/p>\n\n\n\n<hr class=\"wp-block-separator has-alpha-channel-opacity\"\/>\n\n\n\n<h3 class=\"wp-block-heading\">Besoin d\u2019aide pour votre CV\u00a0?<\/h3>\n\n\n\n<p>Notre cr\u00e9ateur de CV aliment\u00e9 par l\u2019IA sur <a href=\"https:\/\/ai.stylingcv.com\/ai-generatorsignup?utm_source=stylingcv&utm_medium=website&utm_campaign=cta&utm_content=achievement-statements-guide\" target=\"_blank\" rel=\"noopener\">StylingCV AI<\/a> peut vous aider \u00e0 cr\u00e9er un CV professionnel optimis\u00e9 ATS en quelques minutes. Commencez d\u00e8s aujourd\u2019hui\u00a0!<\/p>\n\n\n\n<div class=\"wp-block-buttons is-layout-flex wp-block-buttons-is-layout-flex\">\n\n<div class=\"wp-block-button cta-button\"><a class=\"wp-block-button__link has-primary-background-color has-background wp-element-button\" href=\"https:\/\/ai.stylingcv.com\/ai-generatorsignup?utm_source=stylingcv&utm_medium=website&utm_campaign=cta&utm_content=achievement-statements-guide\" target=\"_blank\" rel=\"noopener\">Essayez StylingCV AI Gratuitement \u2192<\/a><\/div>\n\n\n\n\n<p>\ud83d\udc49 <a href=\"https:\/\/stylingcv.com\/guides\/\">guides d\u2019experts pour CV<\/a><\/p>\n\n<p>\ud83d\udc49 <a href=\"https:\/\/stylingcv.com\/resume-templates\/\">parcourir les mod\u00e8les de CV<\/a><\/p>\n\n<p><strong>\ud83d\udca1 Astuce Pro\u00a0:<\/strong> StylingCV n\u2019est pas seulement un cr\u00e9ateur de CV \u2014 c\u2019est un cr\u00e9ateur intelligent qui r\u00e9fl\u00e9chit. <a href=\"https:\/\/stylingcv.com\/resume-builder\/\">cr\u00e9ateur de CV intelligent en moins de 2 minutes<\/a>.<\/p>\n<\/div>\n\n\n\n<script type=\"application\/ld+json\">\n{\n  \"@context\": \"https:\/\/schema.org\",\n  \"@type\": \"FAQPage\",\n  \"mainEntity\": [{\n    \"@type\": \"Question\",\n    \"name\": \"How do I write compelling achievement statements for my resume?\",\n    \"acceptedAnswer\": {\n      \"@type\": \"Answer\",\n      \"text\": \"Transform boring duty statements into compelling achievements using the CAR or PAR framework: Context\/Problem, Action, Result. Start by identifying what situation or problem you faced, then describe your specific actions, finally quantify the positive result. Weak: 'Managed social media accounts.' Strong: 'Revitalized dormant social media presence, implementing data-driven content calendar that increased engagement 300% and generated 50 qualified leads in 6 months.' Use the XYZ formula: 'Accomplished X as measured by Y by doing Z.' For example: 'Increased customer retention by 25% through implementing personalized onboarding program for 500+ new customers.' Quantify everything possible: percentages, dollar amounts, time saved, volume, before\/after comparisons, rankings, customer satisfaction scores. When numbers aren't available, show scale: 'Led team of 5,' 'managed budget of $500K,' 'served 1,000+ customers.' Use strong action verbs and active voice. Be specific about your individual contribution, especially in team projects. Compare to others when possible: 'exceeded quarterly goals by 40% while team averaged 10%' or 'achieved highest customer satisfaction scores on team.' Front-load important information - put the most impressive result first. Ensure every statement passes the 'So what?' test - why does this matter to a future employer?\"\n    }\n  }]\n}\n<\/script>\n\n\n\n<p class=\"faq-keywords\"><small><strong>Li\u00e9\u00a0:<\/strong> \u00e9nonc\u00e9s d\u2019accomplissement, r\u00e9alisations, puces de CV, r\u00e9sultats quantifiables, \u00e9nonc\u00e9s d\u2019impact<\/small><\/p>\n<!-- stylingcv-hub-links --><div class=\"stylingcv-related-resources\" style=\"margin-top:30px;padding:20px;background:#f8f9fa;border-left:4px solid #1abc9c;border-radius:4px;\"><h3 style=\"margin-top:0;color:#2c3e50;\">D\u00e9couvrez plus de ressources<\/h3><ul style=\"list-style:none;padding:0;\"><li><a href=\"https:\/\/stylingcv.com\/resume-builder\/\">Cr\u00e9ateur de CV<\/a> &mdash; Votre guide complet<\/li><li><a href=\"https:\/\/stylingcv.com\/resume-sections-152\/\">Comment g\u00e9rer efficacement les sections de mon CV\u00a0?<\/a><\/li><li><a href=\"https:\/\/stylingcv.com\/mid-career-resume\/\">CV pour mi-carri\u00e8re\u00a0: faites avancer votre parcours professionnel<\/a><\/li><li><a href=\"https:\/\/stylingcv.com\/how-do-i-explain-difficult-situation-firing-career-gap-etc-on-my-resume\/\">Comment expliquer [situation difficile\u00a0: licenciement, trou dans la carri\u00e8re, etc.] sur mon CV\u00a0?<\/a><\/li><\/ul><p style=\"margin-bottom:0;font-size:14px;color:#7f8c8d;\">Pas seulement un cr\u00e9ateur de CV &mdash; un cr\u00e9ateur intelligent qui r\u00e9fl\u00e9chit. <a href=\"https:\/\/stylingcv.com\/resume-builder\/\" style=\"color:#1abc9c;font-weight:bold;\">Cr\u00e9ez votre CV en moins de 2 minutes &rarr;<\/a><\/p><\/div><!-- \/stylingcv-hub-links --><style>.entry-content a[href*=\"ai.stylingcv.com\"]:not(.scv-exit-cta){transition:transform 0.2s ease,box-shadow 0.2s ease}.entry-content a[href*=\"ai.stylingcv.com\"]:not(.scv-exit-cta):hover{transform:translateY(-2px);box-shadow:0 4px 12px rgba(38,133,153,0.25)}<\/style>","protected":false},"excerpt":{"rendered":"<p>Ma\u00eetrisez l\u2019art de r\u00e9diger des \u00e9nonc\u00e9s d\u2019accomplissement puissants qui quantifient votre impact. Transformez les t\u00e2ches en r\u00e9sultats concrets remarqu\u00e9s par les employeurs.<\/p>\n","protected":false},"author":0,"featured_media":0,"parent":45,"menu_order":0,"comment_status":"closed","ping_status":"closed","template":"","meta":{"footnotes":""},"class_list":["post-1004","page","type-page","status-publish","hentry"," c-blog-1-item  nt-post-class"],"yoast_head":"<!-- This site is optimized with the Yoast SEO Premium plugin v26.5 (Yoast SEO v26.5) - https:\/\/yoast.com\/wordpress\/plugins\/seo\/ -->\n<title>R\u00e9diger des \u00e9nonc\u00e9s d\u2019accomplissement percutants pour CV |<\/title>\n<meta name=\"description\" content=\"Cat\u00e9gorie : FAQ R\u00e9daction de CV. Comment r\u00e9diger des \u00e9nonc\u00e9s d\u2019accomplissement percutants pour mon CV ?\" \/>\n<meta name=\"robots\" content=\"index, follow, max-snippet:-1, max-image-preview:large, max-video-preview:-1\" \/>\n<link rel=\"canonical\" href=\"https:\/\/stylingcv.com\/fr\/resume-builder\/achievement-statements-guide\/\" \/>\n<meta property=\"og:locale\" content=\"en_US\" \/>\n<meta property=\"og:type\" content=\"article\" \/>\n<meta property=\"og:title\" content=\"Comment r\u00e9diger des \u00e9nonc\u00e9s d\u2019accomplissement percutants pour mon CV\u00a0?\" \/>\n<meta property=\"og:description\" content=\"Cat\u00e9gorie : FAQ R\u00e9daction de CV. Comment r\u00e9diger des \u00e9nonc\u00e9s d\u2019accomplissement percutants pour mon CV ?\" \/>\n<meta property=\"og:url\" content=\"https:\/\/stylingcv.com\/fr\/resume-builder\/achievement-statements-guide\/\" \/>\n<meta property=\"og:site_name\" content=\"StylingCV - Fran\u00e7ais\" \/>\n<meta name=\"twitter:card\" content=\"summary_large_image\" \/>\n<meta name=\"twitter:label1\" content=\"Est. reading time\" \/>\n\t<meta name=\"twitter:data1\" content=\"2 minutes\" \/>\n<script type=\"application\/ld+json\" class=\"yoast-schema-graph\">{\"@context\":\"https:\/\/schema.org\",\"@graph\":[{\"@type\":\"WebPage\",\"@id\":\"https:\/\/wp.stylingcv.com\/fr\/resume-builder\/achievement-statements-guide\/\",\"url\":\"https:\/\/wp.stylingcv.com\/fr\/resume-builder\/achievement-statements-guide\/\",\"name\":\"R\u00e9diger des \u00e9nonc\u00e9s d\u2019accomplissement percutants pour CV |\",\"isPartOf\":{\"@id\":\"https:\/\/wp.stylingcv.com\/fr\/#website\"},\"datePublished\":\"2026-02-25T03:43:35+00:00\",\"description\":\"Cat\u00e9gorie : FAQ R\u00e9daction de CV. Comment r\u00e9diger des \u00e9nonc\u00e9s d\u2019accomplissement percutants pour mon CV ?\",\"breadcrumb\":{\"@id\":\"https:\/\/wp.stylingcv.com\/fr\/resume-builder\/achievement-statements-guide\/#breadcrumb\"},\"inLanguage\":\"en-US\",\"potentialAction\":[{\"@type\":\"ReadAction\",\"target\":[\"https:\/\/wp.stylingcv.com\/fr\/resume-builder\/achievement-statements-guide\/\"]}]},{\"@type\":\"BreadcrumbList\",\"@id\":\"https:\/\/wp.stylingcv.com\/fr\/resume-builder\/achievement-statements-guide\/#breadcrumb\",\"itemListElement\":[{\"@type\":\"ListItem\",\"position\":1,\"name\":\"Home\",\"item\":\"https:\/\/wp.stylingcv.com\/fr\/\"},{\"@type\":\"ListItem\",\"position\":2,\"name\":\"Cr\u00e9ateur de CV IA Gratuit \u2014 Cr\u00e9ez des CV Optimis\u00e9s ATS en Ligne | StylingCV\",\"item\":\"https:\/\/wp.stylingcv.com\/fr\/resume-builder\/\"},{\"@type\":\"ListItem\",\"position\":3,\"name\":\"Comment r\u00e9diger des \u00e9nonc\u00e9s d\u2019accomplissement percutants pour mon CV\u00a0?\"}]},{\"@type\":\"WebSite\",\"@id\":\"https:\/\/wp.stylingcv.com\/fr\/#website\",\"url\":\"https:\/\/wp.stylingcv.com\/fr\/\",\"name\":\"StylingCV - Fran\u00e7ais\",\"description\":\"\",\"potentialAction\":[{\"@type\":\"SearchAction\",\"target\":{\"@type\":\"EntryPoint\",\"urlTemplate\":\"https:\/\/wp.stylingcv.com\/fr\/?s={search_term_string}\"},\"query-input\":{\"@type\":\"PropertyValueSpecification\",\"valueRequired\":true,\"valueName\":\"search_term_string\"}}],\"inLanguage\":\"en-US\"}]}<\/script>\n<!-- \/ Yoast SEO Premium plugin. -->","yoast_head_json":{"title":"R\u00e9diger des \u00e9nonc\u00e9s d\u2019accomplissement percutants pour CV |","description":"Cat\u00e9gorie : FAQ R\u00e9daction de CV. Comment r\u00e9diger des \u00e9nonc\u00e9s d\u2019accomplissement percutants pour mon CV ?","robots":{"index":"index","follow":"follow","max-snippet":"max-snippet:-1","max-image-preview":"max-image-preview:large","max-video-preview":"max-video-preview:-1"},"canonical":"https:\/\/stylingcv.com\/fr\/resume-builder\/achievement-statements-guide\/","og_locale":"en_US","og_type":"article","og_title":"Comment r\u00e9diger des \u00e9nonc\u00e9s d\u2019accomplissement percutants pour mon CV\u00a0?","og_description":"Cat\u00e9gorie : FAQ R\u00e9daction de CV. Comment r\u00e9diger des \u00e9nonc\u00e9s d\u2019accomplissement percutants pour mon CV ?","og_url":"https:\/\/stylingcv.com\/fr\/resume-builder\/achievement-statements-guide\/","og_site_name":"StylingCV - Fran\u00e7ais","twitter_card":"summary_large_image","twitter_misc":{"Est. reading time":"2 minutes"},"schema":{"@context":"https:\/\/schema.org","@graph":[{"@type":"WebPage","@id":"https:\/\/wp.stylingcv.com\/fr\/resume-builder\/achievement-statements-guide\/","url":"https:\/\/wp.stylingcv.com\/fr\/resume-builder\/achievement-statements-guide\/","name":"R\u00e9diger des \u00e9nonc\u00e9s d\u2019accomplissement percutants pour CV |","isPartOf":{"@id":"https:\/\/wp.stylingcv.com\/fr\/#website"},"datePublished":"2026-02-25T03:43:35+00:00","description":"Cat\u00e9gorie : FAQ R\u00e9daction de CV. Comment r\u00e9diger des \u00e9nonc\u00e9s d\u2019accomplissement percutants pour mon CV ?","breadcrumb":{"@id":"https:\/\/wp.stylingcv.com\/fr\/resume-builder\/achievement-statements-guide\/#breadcrumb"},"inLanguage":"en-US","potentialAction":[{"@type":"ReadAction","target":["https:\/\/wp.stylingcv.com\/fr\/resume-builder\/achievement-statements-guide\/"]}]},{"@type":"BreadcrumbList","@id":"https:\/\/wp.stylingcv.com\/fr\/resume-builder\/achievement-statements-guide\/#breadcrumb","itemListElement":[{"@type":"ListItem","position":1,"name":"Home","item":"https:\/\/wp.stylingcv.com\/fr\/"},{"@type":"ListItem","position":2,"name":"Cr\u00e9ateur de CV IA Gratuit \u2014 Cr\u00e9ez des CV Optimis\u00e9s ATS en Ligne | StylingCV","item":"https:\/\/wp.stylingcv.com\/fr\/resume-builder\/"},{"@type":"ListItem","position":3,"name":"Comment r\u00e9diger des \u00e9nonc\u00e9s d\u2019accomplissement percutants pour mon CV\u00a0?"}]},{"@type":"WebSite","@id":"https:\/\/wp.stylingcv.com\/fr\/#website","url":"https:\/\/wp.stylingcv.com\/fr\/","name":"StylingCV - Fran\u00e7ais","description":"","potentialAction":[{"@type":"SearchAction","target":{"@type":"EntryPoint","urlTemplate":"https:\/\/wp.stylingcv.com\/fr\/?s={search_term_string}"},"query-input":{"@type":"PropertyValueSpecification","valueRequired":true,"valueName":"search_term_string"}}],"inLanguage":"en-US"}]}},"_links":{"self":[{"href":"https:\/\/wp.stylingcv.com\/fr\/wp-json\/wp\/v2\/pages\/1004","targetHints":{"allow":["GET"]}}],"collection":[{"href":"https:\/\/wp.stylingcv.com\/fr\/wp-json\/wp\/v2\/pages"}],"about":[{"href":"https:\/\/wp.stylingcv.com\/fr\/wp-json\/wp\/v2\/types\/page"}],"replies":[{"embeddable":true,"href":"https:\/\/wp.stylingcv.com\/fr\/wp-json\/wp\/v2\/comments?post=1004"}],"version-history":[{"count":0,"href":"https:\/\/wp.stylingcv.com\/fr\/wp-json\/wp\/v2\/pages\/1004\/revisions"}],"up":[{"embeddable":true,"href":"https:\/\/wp.stylingcv.com\/fr\/wp-json\/wp\/v2\/pages\/45"}],"wp:attachment":[{"href":"https:\/\/wp.stylingcv.com\/fr\/wp-json\/wp\/v2\/media?parent=1004"}],"curies":[{"name":"wp","href":"https:\/\/api.w.org\/{rel}","templated":true}]}}