{"id":916,"date":"2026-02-25T03:48:11","date_gmt":"2026-02-25T03:48:11","guid":{"rendered":"https:\/\/stylingcv.com\/es\/preguntas-frecuentes\/personalizacion-curriculum-efectiva\/"},"modified":"2026-02-25T03:48:11","modified_gmt":"2026-02-25T03:48:11","slug":"resume-customization-48-2","status":"publish","type":"page","link":"https:\/\/wp.stylingcv.com\/es\/faq\/resume-customization-48-2\/","title":{"rendered":"\u00bfC\u00f3mo manejo la personalizaci\u00f3n en mi curr\u00edculum de manera efectiva?"},"content":{"rendered":"\n<style>\n.faq-hero{background:linear-gradient(135deg,#0d2b3e 0%,#0d4f6e 50%,#0a7c6b 100%);padding:48px 40px 40px;border-radius:0 0 24px 24px;position:relative;overflow:hidden}\n.faq-hero::before{content:'';position:absolute;top:-50%;right:-10%;width:400px;height:400px;background:radial-gradient(circle,rgba(20,184,166,.15),transparent 70%);border-radius:50%}\n.faq-breadcrumb{display:flex;align-items:center;gap:8px;margin-bottom:20px;font-size:13px;color:rgba(255,255,255,.6);flex-wrap:wrap}\n.faq-breadcrumb a{color:rgba(255,255,255,.7);text-decoration:none}.faq-breadcrumb a:hover{color:#14b8a6}\n.faq-breadcrumb .sep{color:rgba(255,255,255,.35)}\n.faq-category-badge{display:inline-flex;align-items:center;gap:6px;background:rgba(20,184,166,.2);color:#14b8a6;border:1px solid rgba(20,184,166,.3);border-radius:20px;padding:4px 14px;font-size:12px;font-weight:600;letter-spacing:.5px;text-transform:uppercase;margin-bottom:16px}\n.faq-hero-title{font-size:clamp(22px,3.5vw,36px);font-weight:800;color:#fff;line-height:1.25;margin:0 0 8px;max-width:800px}\n.faq-meta{display:flex;gap:20px;margin-top:16px;flex-wrap:wrap}\n.faq-meta-item{color:rgba(255,255,255,.55);font-size:13px}\n.faq-content-wrap{max-width:860px;margin:0 auto;padding:0 20px 60px}\n.faq-quick-answer{background:linear-gradient(135deg,#f0fdfa,#e6fffa);border-left:4px solid #14b8a6;border-radius:0 12px 12px 0;padding:20px 24px;margin:32px 0}\n.faq-quick-answer::before{content:'\u26a1 Quick Answer';display:block;font-size:11px;font-weight:700;color:#0d9488;letter-spacing:1px;text-transform:uppercase;margin-bottom:10px}\n.faq-quick-answer p{margin:0;color:#134e4a;font-size:15px;line-height:1.7;font-weight:500}\n.faq-answer-card{background:#fff;border-radius:16px;padding:32px;margin:0 0 28px;box-shadow:0 2px 20px rgba(0,0,0,.06);border:1px solid #f1f5f9}\n.faq-answer-card h3{font-size:17px;font-weight:700;color:#0f2744;margin:0 0 12px;padding-bottom:10px;border-bottom:2px solid #f1f5f9}\n.faq-answer-card p{color:#374151;line-height:1.75;font-size:15px;margin:0 0 12px}.faq-answer-card p:last-child{margin:0}\n.faq-related{background:#f8fafc;border-radius:16px;padding:28px 32px;margin:28px 0}\n.faq-related h3{font-size:16px;font-weight:700;color:#0f2744;margin:0 0 16px}\n.faq-related-grid{display:grid;grid-template-columns:repeat(auto-fit,minmax(200px,1fr));gap:10px}\n.faq-related-link{display:flex;align-items:center;gap:8px;padding:10px 14px;background:#fff;border-radius:10px;text-decoration:none;color:#0d4f6e;font-size:13px;font-weight:500;border:1px solid #e2e8f0;transition:.2s}\n.faq-related-link:hover{border-color:#14b8a6;color:#0a7c6b;background:#f0fdfa}\n.faq-related-link::before{content:'\u2192';color:#14b8a6;font-weight:700;flex-shrink:0}\n.faq-cta-box{background:linear-gradient(135deg,#0d2b3e,#0a7c6b);border-radius:20px;padding:36px;text-align:center;margin:36px 0 0}\n.faq-cta-box h3{color:#fff;font-size:22px;font-weight:800;margin:0 0 8px}\n.faq-cta-box p{color:rgba(255,255,255,.75);font-size:14px;margin:0 0 20px}\n.faq-cta-btn{display:inline-flex;align-items:center;gap:8px;background:#e8713a;color:#fff;padding:14px 28px;border-radius:10px;font-weight:700;font-size:15px;text-decoration:none}\n.faq-cta-btn:hover{background:#d4622b}\n@media(max-width:640px){.faq-hero{padding:32px 20px 28px}.faq-content-wrap{padding:0 12px 40px}.faq-answer-card,.faq-cta-box{padding:20px}}\n<\/style>\n<div class=\"faq-hero\">\n  <div class=\"faq-breadcrumb\"><a href=\"https:\/\/stylingcv.com\/\">Inicio<\/a><span class=\"sep\">\u203a<\/span><a href=\"https:\/\/stylingcv.com\/faq\/\">Preguntas Frecuentes<\/a><span class=\"sep\">\u203a<\/span><span>Preguntas Frecuentes<\/span><\/div>\n  <div class=\"faq-category-badge\">\ud83d\udccb Preguntas Frecuentes<\/div>\n  <h1 class=\"faq-hero-title\">\u00bfC\u00f3mo manejo la personalizaci\u00f3n en mi curr\u00edculum de manera efectiva?<\/h1>\n  <div class=\"faq-meta\"><span class=\"faq-meta-item\">\ud83d\udcc5 Actualizado marzo 2026<\/span> &nbsp; <span class=\"faq-meta-item\">\u23f1 3 min de lectura<\/span> &nbsp; <span class=\"faq-meta-item\">\u2705 Verificado por expertos<\/span><\/div>\n<\/div>\n\n\n\n<div class=\"faq-content-wrap\">\n  <div class=\"faq-quick-answer\"><p>La personalizaci\u00f3n efectiva del curr\u00edculum requiere pensamiento estrat\u00e9gico y atenci\u00f3n al detalle. Investiga las mejores pr\u00e1cticas para tu sector y nivel de experiencia. Para el formato, utiliza dise\u00f1os limpios de una sola columna con fuentes est\u00e1ndar y espaciado consistente&#8230;<\/p><\/div>\n  <div class=\"faq-answer-card\"><h3>\ud83d\udcd6 Respuesta Completa<\/h3>\n    <p>La personalizaci\u00f3n efectiva del curr\u00edculum requiere pensamiento estrat\u00e9gico y atenci\u00f3n al detalle. Investiga las mejores pr\u00e1cticas para tu sector y nivel de experiencia. Para el formato, utiliza dise\u00f1os limpios de una sola columna con fuentes est\u00e1ndar y espaciado consistente. En el contenido, enf\u00f3cate en logros con resultados cuantificables en lugar de solo funciones. Estructura las secciones de forma l\u00f3gica, colocando la informaci\u00f3n m\u00e1s importante primero: normalmente, datos de contacto, resumen profesional, experiencia laboral, educaci\u00f3n, habilidades y certificaciones.<\/p>\n    <p>Redacta los logros usando verbos de acci\u00f3n y la f\u00f3rmula XYZ: logr\u00e9 X medido por Y haciendo Z. Enumera las habilidades expl\u00edcitamente, incluyendo tanto habilidades t\u00e9cnicas como blandas relevantes. Coloca la educaci\u00f3n cerca del inicio si eres reci\u00e9n graduado, m\u00e1s abajo si tienes experiencia profesional. Incluye certificaciones relevantes de forma destacada, especialmente las requeridas en tu sector. Investiga las descripciones de los puestos para identificar palabras clave cr\u00edticas e incorp\u00f3ralas de manera natural en todo el curr\u00edculum.<\/p>\n    <p>Personaliza tu curr\u00edculum para cada postulaci\u00f3n reordenando los puntos, ajustando palabras clave y adaptando tu resumen. Mant\u00e9n la extensi\u00f3n en 1 p\u00e1gina si tienes menos de 10 a\u00f1os de experiencia, 2 p\u00e1ginas para cargos senior. Revisa varias veces y pide a otros que lo revisen. Haz pruebas con esc\u00e1neres ATS. Recuerda que tu curr\u00edculum debe superar tanto la revisi\u00f3n autom\u00e1tica como la humana, as\u00ed que optimiza para ambos p\u00fablicos.<\/p>\n  <\/div>\n  <div class=\"faq-cta-box\">\n    <h3>\ud83d\ude80 \u00bfListo para conseguir el trabajo de tus sue\u00f1os?<\/h3>\n    <p>Crea un curr\u00edculum profesional optimizado para ATS en minutos con StylingCV AI \u2014 confiado por m\u00e1s de 6 millones de buscadores de empleo en todo el mundo.<\/p>\n    <a class=\"faq-cta-btn\" href=\"https:\/\/ai.stylingcv.com\/ai-generatorsignup?utm_source=stylingcv&utm_medium=website&utm_campaign=cta&utm_content=resume-customization-48-2\" target=\"_blank\" rel=\"noopener\">Prueba StylingCV AI Gratis \u2192<\/a>\n  <\/div>\n<\/div>\n\n\n\n<script type=\"application\/ld+json\">\n{\n  \"@context\": \"https:\/\/schema.org\",\n  \"@type\": \"FAQPage\",\n  \"mainEntity\": [{\n    \"@type\": \"Question\",\n    \"name\": \"\u00bfC\u00f3mo manejo la personalizaci\u00f3n en mi curr\u00edculum de manera efectiva?\",\n    \"acceptedAnswer\": {\n      \"@type\": \"Answer\",\n      \"text\": \"La personalizaci\u00f3n efectiva del curr\u00edculum requiere pensamiento estrat\u00e9gico y atenci\u00f3n al detalle. Investiga las mejores pr\u00e1cticas para tu sector y nivel de experiencia. Para el formato, utiliza dise\u00f1os limpios de una sola columna con fuentes est\u00e1ndar y espaciado consistente. En el contenido, enf\u00f3cate en logros con resultados cuantificables en lugar de solo funciones. Estructura las secciones de forma l\u00f3gica, colocando la informaci\u00f3n m\u00e1s importante primero: normalmente, datos de contacto, resumen profesional, experiencia laboral, educaci\u00f3n, habilidades y certificaciones. Redacta los logros usando verbos de acci\u00f3n y la f\u00f3rmula XYZ: logr\u00e9 X medido por Y haciendo Z. Enumera las habilidades expl\u00edcitamente, incluyendo tanto habilidades t\u00e9cnicas como blandas relevantes. Coloca la educaci\u00f3n cerca del inicio si eres reci\u00e9n graduado, m\u00e1s abajo si tienes experiencia profesional. Incluye certificaciones relevantes de forma destacada, especialmente las requeridas en tu sector. Investiga las descripciones de los puestos para identificar palabras clave cr\u00edticas e incorp\u00f3ralas de manera natural en todo el curr\u00edculum. Personaliza tu curr\u00edculum para cada postulaci\u00f3n reordenando los puntos, ajustando palabras clave y adaptando tu resumen. Mant\u00e9n la extensi\u00f3n en 1 p\u00e1gina si tienes menos de 10 a\u00f1os de experiencia, 2 p\u00e1ginas para cargos senior. Revisa varias veces y pide a otros que lo revisen. Haz pruebas con esc\u00e1neres ATS. Recuerda que tu curr\u00edculum debe superar tanto la revisi\u00f3n autom\u00e1tica como la humana, as\u00ed que optimiza para ambos p\u00fablicos.\"\n    }\n  }]\n}\n<\/script>\n<style>.entry-content a[href*=\"ai.stylingcv.com\"]:not(.scv-exit-cta){transition:transform 0.2s ease,box-shadow 0.2s ease}.entry-content a[href*=\"ai.stylingcv.com\"]:not(.scv-exit-cta):hover{transform:translateY(-2px);box-shadow:0 4px 12px rgba(38,133,153,0.25)}<\/style>","protected":false},"excerpt":{"rendered":"<p>Inicio\u203aPreguntas Frecuentes\u203aPreguntas Frecuentes \ud83d\udccb Preguntas Frecuentes \u00bfC\u00f3mo manejo la personalizaci\u00f3n en mi curr\u00edculum de manera efectiva? \ud83d\udcc5 Actualizado marzo 2026 &nbsp; \u23f1 3 min de lectura &nbsp; \u2705 Verificado por expertos La personalizaci\u00f3n efectiva del curr\u00edculum requiere pensamiento estrat\u00e9gico y atenci\u00f3n al detalle. Investiga las mejores pr\u00e1cticas para tu sector y nivel de experiencia. Para&#8230;<\/p>\n","protected":false},"author":0,"featured_media":0,"parent":639,"menu_order":0,"comment_status":"closed","ping_status":"closed","template":"","meta":{"footnotes":""},"class_list":["post-916","page","type-page","status-publish","hentry"," c-blog-1-item  nt-post-class"],"yoast_head":"<!-- This site is optimized with the Yoast SEO Premium plugin v26.5 (Yoast SEO v26.5) - https:\/\/yoast.com\/wordpress\/plugins\/seo\/ -->\n<title>\u00bfC\u00f3mo personalizar tu curr\u00edculum de forma efectiva?<\/title>\n<meta name=\"description\" content=\"Descubre c\u00f3mo personalizar tu curr\u00edculum de manera efectiva: consejos de formato, contenido, palabras clave y optimizaci\u00f3n para ATS y reclutadores.\" \/>\n<meta name=\"robots\" content=\"index, follow, max-snippet:-1, max-image-preview:large, max-video-preview:-1\" \/>\n<link rel=\"canonical\" href=\"https:\/\/stylingcv.com\/es\/faq\/resume-customization-48-2\/\" \/>\n<meta property=\"og:locale\" content=\"en_US\" \/>\n<meta property=\"og:type\" content=\"article\" \/>\n<meta property=\"og:title\" content=\"\u00bfC\u00f3mo manejo la personalizaci\u00f3n en mi curr\u00edculum de manera efectiva?\" \/>\n<meta property=\"og:description\" content=\"Descubre c\u00f3mo personalizar tu curr\u00edculum de manera efectiva: consejos de formato, contenido, palabras clave y optimizaci\u00f3n para ATS y reclutadores.\" \/>\n<meta property=\"og:url\" content=\"https:\/\/stylingcv.com\/es\/faq\/resume-customization-48-2\/\" \/>\n<meta property=\"og:site_name\" content=\"StylingCV - Espa\u00f1ol\" \/>\n<meta name=\"twitter:card\" content=\"summary_large_image\" \/>\n<meta name=\"twitter:label1\" content=\"Est. reading time\" \/>\n\t<meta name=\"twitter:data1\" content=\"2 minutes\" \/>\n<script type=\"application\/ld+json\" class=\"yoast-schema-graph\">{\"@context\":\"https:\/\/schema.org\",\"@graph\":[{\"@type\":\"WebPage\",\"@id\":\"https:\/\/wp.stylingcv.com\/es\/faq\/resume-customization-48-2\/\",\"url\":\"https:\/\/wp.stylingcv.com\/es\/faq\/resume-customization-48-2\/\",\"name\":\"\u00bfC\u00f3mo personalizar tu curr\u00edculum de forma efectiva?\",\"isPartOf\":{\"@id\":\"https:\/\/wp.stylingcv.com\/es\/#website\"},\"datePublished\":\"2026-02-25T03:48:11+00:00\",\"description\":\"Descubre c\u00f3mo personalizar tu curr\u00edculum de manera efectiva: consejos de formato, contenido, palabras clave y optimizaci\u00f3n para ATS y reclutadores.\",\"breadcrumb\":{\"@id\":\"https:\/\/wp.stylingcv.com\/es\/faq\/resume-customization-48-2\/#breadcrumb\"},\"inLanguage\":\"en-US\",\"potentialAction\":[{\"@type\":\"ReadAction\",\"target\":[\"https:\/\/wp.stylingcv.com\/es\/faq\/resume-customization-48-2\/\"]}]},{\"@type\":\"BreadcrumbList\",\"@id\":\"https:\/\/wp.stylingcv.com\/es\/faq\/resume-customization-48-2\/#breadcrumb\",\"itemListElement\":[{\"@type\":\"ListItem\",\"position\":1,\"name\":\"Home\",\"item\":\"https:\/\/wp.stylingcv.com\/es\/\"},{\"@type\":\"ListItem\",\"position\":2,\"name\":\"Preguntas Frecuentes\",\"item\":\"https:\/\/wp.stylingcv.com\/es\/faq\/\"},{\"@type\":\"ListItem\",\"position\":3,\"name\":\"\u00bfC\u00f3mo manejo la personalizaci\u00f3n en mi curr\u00edculum de manera efectiva?\"}]},{\"@type\":\"WebSite\",\"@id\":\"https:\/\/wp.stylingcv.com\/es\/#website\",\"url\":\"https:\/\/wp.stylingcv.com\/es\/\",\"name\":\"StylingCV - Espa\u00f1ol\",\"description\":\"\",\"potentialAction\":[{\"@type\":\"SearchAction\",\"target\":{\"@type\":\"EntryPoint\",\"urlTemplate\":\"https:\/\/wp.stylingcv.com\/es\/?s={search_term_string}\"},\"query-input\":{\"@type\":\"PropertyValueSpecification\",\"valueRequired\":true,\"valueName\":\"search_term_string\"}}],\"inLanguage\":\"en-US\"}]}<\/script>\n<!-- \/ Yoast SEO Premium plugin. -->","yoast_head_json":{"title":"\u00bfC\u00f3mo personalizar tu curr\u00edculum de forma efectiva?","description":"Descubre c\u00f3mo personalizar tu curr\u00edculum de manera efectiva: consejos de formato, contenido, palabras clave y optimizaci\u00f3n para ATS y reclutadores.","robots":{"index":"index","follow":"follow","max-snippet":"max-snippet:-1","max-image-preview":"max-image-preview:large","max-video-preview":"max-video-preview:-1"},"canonical":"https:\/\/stylingcv.com\/es\/faq\/resume-customization-48-2\/","og_locale":"en_US","og_type":"article","og_title":"\u00bfC\u00f3mo manejo la personalizaci\u00f3n en mi curr\u00edculum de manera efectiva?","og_description":"Descubre c\u00f3mo personalizar tu curr\u00edculum de manera efectiva: consejos de formato, contenido, palabras clave y optimizaci\u00f3n para ATS y reclutadores.","og_url":"https:\/\/stylingcv.com\/es\/faq\/resume-customization-48-2\/","og_site_name":"StylingCV - Espa\u00f1ol","twitter_card":"summary_large_image","twitter_misc":{"Est. reading time":"2 minutes"},"schema":{"@context":"https:\/\/schema.org","@graph":[{"@type":"WebPage","@id":"https:\/\/wp.stylingcv.com\/es\/faq\/resume-customization-48-2\/","url":"https:\/\/wp.stylingcv.com\/es\/faq\/resume-customization-48-2\/","name":"\u00bfC\u00f3mo personalizar tu curr\u00edculum de forma efectiva?","isPartOf":{"@id":"https:\/\/wp.stylingcv.com\/es\/#website"},"datePublished":"2026-02-25T03:48:11+00:00","description":"Descubre c\u00f3mo personalizar tu curr\u00edculum de manera efectiva: consejos de formato, contenido, palabras clave y optimizaci\u00f3n para ATS y reclutadores.","breadcrumb":{"@id":"https:\/\/wp.stylingcv.com\/es\/faq\/resume-customization-48-2\/#breadcrumb"},"inLanguage":"en-US","potentialAction":[{"@type":"ReadAction","target":["https:\/\/wp.stylingcv.com\/es\/faq\/resume-customization-48-2\/"]}]},{"@type":"BreadcrumbList","@id":"https:\/\/wp.stylingcv.com\/es\/faq\/resume-customization-48-2\/#breadcrumb","itemListElement":[{"@type":"ListItem","position":1,"name":"Home","item":"https:\/\/wp.stylingcv.com\/es\/"},{"@type":"ListItem","position":2,"name":"Preguntas Frecuentes","item":"https:\/\/wp.stylingcv.com\/es\/faq\/"},{"@type":"ListItem","position":3,"name":"\u00bfC\u00f3mo manejo la personalizaci\u00f3n en mi curr\u00edculum de manera efectiva?"}]},{"@type":"WebSite","@id":"https:\/\/wp.stylingcv.com\/es\/#website","url":"https:\/\/wp.stylingcv.com\/es\/","name":"StylingCV - Espa\u00f1ol","description":"","potentialAction":[{"@type":"SearchAction","target":{"@type":"EntryPoint","urlTemplate":"https:\/\/wp.stylingcv.com\/es\/?s={search_term_string}"},"query-input":{"@type":"PropertyValueSpecification","valueRequired":true,"valueName":"search_term_string"}}],"inLanguage":"en-US"}]}},"_links":{"self":[{"href":"https:\/\/wp.stylingcv.com\/es\/wp-json\/wp\/v2\/pages\/916","targetHints":{"allow":["GET"]}}],"collection":[{"href":"https:\/\/wp.stylingcv.com\/es\/wp-json\/wp\/v2\/pages"}],"about":[{"href":"https:\/\/wp.stylingcv.com\/es\/wp-json\/wp\/v2\/types\/page"}],"replies":[{"embeddable":true,"href":"https:\/\/wp.stylingcv.com\/es\/wp-json\/wp\/v2\/comments?post=916"}],"version-history":[{"count":0,"href":"https:\/\/wp.stylingcv.com\/es\/wp-json\/wp\/v2\/pages\/916\/revisions"}],"up":[{"embeddable":true,"href":"https:\/\/wp.stylingcv.com\/es\/wp-json\/wp\/v2\/pages\/639"}],"wp:attachment":[{"href":"https:\/\/wp.stylingcv.com\/es\/wp-json\/wp\/v2\/media?parent=916"}],"curies":[{"name":"wp","href":"https:\/\/api.w.org\/{rel}","templated":true}]}}