{"id":898,"date":"2026-02-25T03:47:31","date_gmt":"2026-02-25T03:47:31","guid":{"rendered":"https:\/\/stylingcv.com\/es\/ejemplos-carta-presentacion-efectiva\/"},"modified":"2026-02-25T03:47:31","modified_gmt":"2026-02-25T03:47:31","slug":"cover-letter-examples-28","status":"publish","type":"page","link":"https:\/\/wp.stylingcv.com\/es\/cover-letter-examples-28\/","title":{"rendered":"\u00bfC\u00f3mo escribir ejemplos efectivos de carta de presentaci\u00f3n?"},"content":{"rendered":"\n<p class=\"faq-category\"><strong>Categor\u00eda:<\/strong> Preguntas frecuentes sobre cartas de presentaci\u00f3n<\/p>\n\n\n\n<h2 class=\"wp-block-heading\">\u00bfC\u00f3mo escribir ejemplos efectivos de carta de presentaci\u00f3n?<\/h2>\n\n\n\n<p>Escribir ejemplos efectivos de carta de presentaci\u00f3n requiere comprender su prop\u00f3sito y las mejores pr\u00e1cticas. Para la apertura, capta la atenci\u00f3n del lector de inmediato mostrando conocimiento espec\u00edfico sobre la empresa y entusiasmo genuino por el puesto; evita frases gen\u00e9ricas como &#8216;Me dirijo a usted para postularme&#8217;. En los p\u00e1rrafos centrales, proporciona 2-3 ejemplos concretos de logros que respondan directamente a los requisitos del puesto, con resultados cuantificables. Para el cierre, reitera tu inter\u00e9s, incluye un llamado a la acci\u00f3n y agradece por la consideraci\u00f3n. En cuanto al tono, equilibra lo profesional y lo conversacional: escribe de persona a persona manteniendo el respeto y la formalidad. En cuanto a la extensi\u00f3n, limita la carta a una p\u00e1gina, 3-4 p\u00e1rrafos, m\u00e1ximo 250-400 palabras. Personaliza cada carta para la empresa y el puesto espec\u00edfico usando su propio lenguaje, abordando sus desaf\u00edos y conectando tu experiencia con sus necesidades. En cuanto a la narrativa, teje una historia coherente sobre por qu\u00e9 eres perfecto para el puesto, explicando tu trayectoria profesional y motivaciones de forma aut\u00e9ntica. En el formato, utiliza la estructura est\u00e1ndar de carta comercial con tus datos de contacto, fecha, datos de contacto del destinatario, saludo formal, 3-4 p\u00e1rrafos centrales y un cierre profesional. Para ejemplos, investiga cartas de presentaci\u00f3n de tu sector, pero nunca copies directamente: \u00fasalas como inspiraci\u00f3n para la estructura, manteniendo el contenido original y personal. Para evitar errores, revisa varias veces, verifica la ortograf\u00eda del nombre del destinatario, aseg\u00farate de no dejar texto de marcador de posici\u00f3n y confirma que hablas de la empresa y el puesto correctos. Una carta de presentaci\u00f3n s\u00f3lida complementa tu curr\u00edculum a\u00f1adiendo personalidad, contexto y una conexi\u00f3n expl\u00edcita entre tus cualificaciones y sus necesidades.<\/p>\n\n\n\n<hr class=\"wp-block-separator has-alpha-channel-opacity\"\/>\n\n\n\n<h3 class=\"wp-block-heading\">\u00bfNecesitas ayuda con tu curr\u00edculum?<\/h3>\n\n\n\n<p>Nuestro creador de curr\u00edculums impulsado por IA en <a href=\"https:\/\/ai.stylingcv.com\/ai-generatorsignup?utm_source=stylingcv&utm_medium=website&utm_campaign=cta&utm_content=cover-letter-examples-28\" target=\"_blank\" rel=\"noopener\">StylingCV AI<\/a> puede ayudarte a crear un curr\u00edculum profesional optimizado para ATS en minutos. \u00a1Empieza hoy mismo!<\/p>\n\n\n\n<div class=\"wp-block-buttons is-layout-flex wp-block-buttons-is-layout-flex\">\n\n<div class=\"wp-block-button cta-button\"><a class=\"wp-block-button__link has-primary-background-color has-background wp-element-button\" href=\"https:\/\/ai.stylingcv.com\/ai-generatorsignup?utm_source=stylingcv&utm_medium=website&utm_campaign=cta&utm_content=cover-letter-examples-28\" target=\"_blank\" rel=\"noopener\">Prueba StylingCV AI Gratis \u2192<\/a><\/div>\n\n\n\n\n<p>\ud83d\udc49 <a href=\"https:\/\/stylingcv.com\/cover-letter-writing\/\">gu\u00eda de cartas de presentaci\u00f3n<\/a><\/p>\n\n<p>\ud83d\udc49 <a href=\"https:\/\/stylingcv.com\/guides\/\">ver todas las gu\u00edas de carrera<\/a><\/p>\n\n<p>\ud83d\udc49 <a href=\"https:\/\/stylingcv.com\/resume-templates\/\">plantillas de curr\u00edculum gratis<\/a><\/p>\n\n<p><strong>\ud83d\udca1 Consejo profesional:<\/strong> StylingCV no es solo un creador de curr\u00edculums \u2014 es un creador inteligente con IA que piensa. <a href=\"https:\/\/stylingcv.com\/resume-builder\/\">Creador de curr\u00edculums con IA optimizado para ATS<\/a> en menos de 2 minutos.<\/p>\n<\/div>\n\n\n\n<script type=\"application\/ld+json\">\n{\n  \"@context\": \"https:\/\/schema.org\",\n  \"@type\": \"FAQPage\",\n  \"mainEntity\": [{\n    \"@type\": \"Question\",\n    \"name\": \"How do I write an effective cover letter examples?\",\n    \"acceptedAnswer\": {\n      \"@type\": \"Answer\",\n      \"text\": \"Writing effective cover letter examples requires understanding its purpose and best practices. For openings, hook the reader immediately with specific knowledge about the company and genuine enthusiasm for the role - avoid generic 'I am writing to apply.' For body paragraphs, provide 2-3 concrete examples of achievements directly addressing job requirements with quantified results. For closings, reiterate strong interest, include call to action, and thank them for consideration. For tone, balance professional and conversational - write as human to human while maintaining respect and formality. For length, keep to one page, 3-4 paragraphs, 250-400 words maximum. For customization, tailor every letter to the specific company and role using their language, addressing their challenges, and connecting your experience to their needs. For storytelling, weave a cohesive narrative about why you're perfect for this role, explaining your career journey and motivations authentically. For format, use standard business letter structure with your contact info, date, their contact info, formal greeting, 3-4 body paragraphs, professional closing. For examples, research sample cover letters for your industry but never copy directly - use as inspiration for structure while keeping content original and personal. For avoiding mistakes, proofread multiple times, check recipient name spelling, ensure you haven't left placeholder text, verify you're discussing the right company and role. A strong cover letter complements your resume by adding personality, context, and explicit connection between your qualifications and their needs.\"\n    }\n  }]\n}\n<\/script>\n\n\n\n<p class=\"faq-keywords\"><small><strong>Relacionado:<\/strong> ejemplos de carta de presentaci\u00f3n, carta de solicitud, redacci\u00f3n de cartas de presentaci\u00f3n, consejos para cartas, correspondencia profesional<\/small><\/p>\n<!-- stylingcv-hub-links --><div class=\"stylingcv-related-resources\" style=\"margin-top:30px;padding:20px;background:#f8f9fa;border-left:4px solid #1abc9c;border-radius:4px;\"><h3 style=\"margin-top:0;color:#2c3e50;\">Explora m\u00e1s recursos<\/h3><ul style=\"list-style:none;padding:0;\"><li><a href=\"https:\/\/stylingcv.com\/cover-letter-writing\/\">Gu\u00eda para escribir cartas de presentaci\u00f3n<\/a> &mdash; Tu gu\u00eda completa<\/li><li><a href=\"https:\/\/stylingcv.com\/how-to-begin-a-cover-letter-for-a-job-2\/\">C\u00f3mo empezar una carta de presentaci\u00f3n para un trabajo<\/a><\/li><li><a href=\"https:\/\/stylingcv.com\/cover-letter-remote-jobs\/\">Carta de presentaci\u00f3n para trabajos remotos: c\u00f3mo destacar<\/a><\/li><li><a href=\"https:\/\/stylingcv.com\/cover-letter-opening-100\/\">\u00bfC\u00f3mo escribir una apertura efectiva de carta de presentaci\u00f3n?<\/a><\/li><\/ul><p style=\"margin-bottom:0;font-size:14px;color:#7f8c8d;\">No solo un creador de curr\u00edculums &mdash; un creador inteligente con IA que piensa. <a href=\"https:\/\/stylingcv.com\/resume-builder\/\" style=\"color:#1abc9c;font-weight:bold;\">Crea tu curr\u00edculum en menos de 2 minutos &rarr;<\/a><\/p><\/div><!-- \/stylingcv-hub-links --><style>.entry-content a[href*=\"ai.stylingcv.com\"]:not(.scv-exit-cta){transition:transform 0.2s ease,box-shadow 0.2s ease}.entry-content a[href*=\"ai.stylingcv.com\"]:not(.scv-exit-cta):hover{transform:translateY(-2px);box-shadow:0 4px 12px rgba(38,133,153,0.25)}<\/style>","protected":false},"excerpt":{"rendered":"<p>Explora ejemplos efectivos de carta de presentaci\u00f3n para cada sector y nivel profesional. Usa nuestras plantillas probadas para crear tu propia carta ganadora.<\/p>\n","protected":false},"author":0,"featured_media":0,"parent":0,"menu_order":0,"comment_status":"closed","ping_status":"closed","template":"","meta":{"footnotes":""},"class_list":["post-898","page","type-page","status-publish","hentry"," c-blog-1-item  nt-post-class"],"yoast_head":"<!-- This site is optimized with the Yoast SEO Premium plugin v26.5 (Yoast SEO v26.5) - https:\/\/yoast.com\/wordpress\/plugins\/seo\/ -->\n<title>Ejemplos de carta de presentaci\u00f3n por sector 2026 |<\/title>\n<meta name=\"description\" content=\"Explora ejemplos profesionales de carta de presentaci\u00f3n para cada sector. Plantillas y consejos para marketing, tecnolog\u00eda, finanzas y salud.\" \/>\n<meta name=\"robots\" content=\"index, follow, max-snippet:-1, max-image-preview:large, max-video-preview:-1\" \/>\n<link rel=\"canonical\" href=\"https:\/\/stylingcv.com\/es\/cover-letter-examples-28\/\" \/>\n<meta property=\"og:locale\" content=\"en_US\" \/>\n<meta property=\"og:type\" content=\"article\" \/>\n<meta property=\"og:title\" content=\"\u00bfC\u00f3mo escribir ejemplos efectivos de carta de presentaci\u00f3n?\" \/>\n<meta property=\"og:description\" content=\"Explora ejemplos profesionales de carta de presentaci\u00f3n para cada sector. Plantillas y consejos para marketing, tecnolog\u00eda, finanzas y salud.\" \/>\n<meta property=\"og:url\" content=\"https:\/\/stylingcv.com\/es\/cover-letter-examples-28\/\" \/>\n<meta property=\"og:site_name\" content=\"StylingCV - Espa\u00f1ol\" \/>\n<meta name=\"twitter:card\" content=\"summary_large_image\" \/>\n<meta name=\"twitter:label1\" content=\"Est. reading time\" \/>\n\t<meta name=\"twitter:data1\" content=\"3 minutes\" \/>\n<script type=\"application\/ld+json\" class=\"yoast-schema-graph\">{\"@context\":\"https:\/\/schema.org\",\"@graph\":[{\"@type\":\"WebPage\",\"@id\":\"https:\/\/wp.stylingcv.com\/es\/cover-letter-examples-28\/\",\"url\":\"https:\/\/wp.stylingcv.com\/es\/cover-letter-examples-28\/\",\"name\":\"Ejemplos de carta de presentaci\u00f3n por sector 2026 |\",\"isPartOf\":{\"@id\":\"https:\/\/wp.stylingcv.com\/es\/#website\"},\"datePublished\":\"2026-02-25T03:47:31+00:00\",\"description\":\"Explora ejemplos profesionales de carta de presentaci\u00f3n para cada sector. Plantillas y consejos para marketing, tecnolog\u00eda, finanzas y salud.\",\"breadcrumb\":{\"@id\":\"https:\/\/wp.stylingcv.com\/es\/cover-letter-examples-28\/#breadcrumb\"},\"inLanguage\":\"en-US\",\"potentialAction\":[{\"@type\":\"ReadAction\",\"target\":[\"https:\/\/wp.stylingcv.com\/es\/cover-letter-examples-28\/\"]}]},{\"@type\":\"BreadcrumbList\",\"@id\":\"https:\/\/wp.stylingcv.com\/es\/cover-letter-examples-28\/#breadcrumb\",\"itemListElement\":[{\"@type\":\"ListItem\",\"position\":1,\"name\":\"Home\",\"item\":\"https:\/\/wp.stylingcv.com\/es\/\"},{\"@type\":\"ListItem\",\"position\":2,\"name\":\"\u00bfC\u00f3mo escribir ejemplos efectivos de carta de presentaci\u00f3n?\"}]},{\"@type\":\"WebSite\",\"@id\":\"https:\/\/wp.stylingcv.com\/es\/#website\",\"url\":\"https:\/\/wp.stylingcv.com\/es\/\",\"name\":\"StylingCV - Espa\u00f1ol\",\"description\":\"\",\"potentialAction\":[{\"@type\":\"SearchAction\",\"target\":{\"@type\":\"EntryPoint\",\"urlTemplate\":\"https:\/\/wp.stylingcv.com\/es\/?s={search_term_string}\"},\"query-input\":{\"@type\":\"PropertyValueSpecification\",\"valueRequired\":true,\"valueName\":\"search_term_string\"}}],\"inLanguage\":\"en-US\"}]}<\/script>\n<!-- \/ Yoast SEO Premium plugin. -->","yoast_head_json":{"title":"Ejemplos de carta de presentaci\u00f3n por sector 2026 |","description":"Explora ejemplos profesionales de carta de presentaci\u00f3n para cada sector. Plantillas y consejos para marketing, tecnolog\u00eda, finanzas y salud.","robots":{"index":"index","follow":"follow","max-snippet":"max-snippet:-1","max-image-preview":"max-image-preview:large","max-video-preview":"max-video-preview:-1"},"canonical":"https:\/\/stylingcv.com\/es\/cover-letter-examples-28\/","og_locale":"en_US","og_type":"article","og_title":"\u00bfC\u00f3mo escribir ejemplos efectivos de carta de presentaci\u00f3n?","og_description":"Explora ejemplos profesionales de carta de presentaci\u00f3n para cada sector. Plantillas y consejos para marketing, tecnolog\u00eda, finanzas y salud.","og_url":"https:\/\/stylingcv.com\/es\/cover-letter-examples-28\/","og_site_name":"StylingCV - Espa\u00f1ol","twitter_card":"summary_large_image","twitter_misc":{"Est. reading time":"3 minutes"},"schema":{"@context":"https:\/\/schema.org","@graph":[{"@type":"WebPage","@id":"https:\/\/wp.stylingcv.com\/es\/cover-letter-examples-28\/","url":"https:\/\/wp.stylingcv.com\/es\/cover-letter-examples-28\/","name":"Ejemplos de carta de presentaci\u00f3n por sector 2026 |","isPartOf":{"@id":"https:\/\/wp.stylingcv.com\/es\/#website"},"datePublished":"2026-02-25T03:47:31+00:00","description":"Explora ejemplos profesionales de carta de presentaci\u00f3n para cada sector. Plantillas y consejos para marketing, tecnolog\u00eda, finanzas y salud.","breadcrumb":{"@id":"https:\/\/wp.stylingcv.com\/es\/cover-letter-examples-28\/#breadcrumb"},"inLanguage":"en-US","potentialAction":[{"@type":"ReadAction","target":["https:\/\/wp.stylingcv.com\/es\/cover-letter-examples-28\/"]}]},{"@type":"BreadcrumbList","@id":"https:\/\/wp.stylingcv.com\/es\/cover-letter-examples-28\/#breadcrumb","itemListElement":[{"@type":"ListItem","position":1,"name":"Home","item":"https:\/\/wp.stylingcv.com\/es\/"},{"@type":"ListItem","position":2,"name":"\u00bfC\u00f3mo escribir ejemplos efectivos de carta de presentaci\u00f3n?"}]},{"@type":"WebSite","@id":"https:\/\/wp.stylingcv.com\/es\/#website","url":"https:\/\/wp.stylingcv.com\/es\/","name":"StylingCV - Espa\u00f1ol","description":"","potentialAction":[{"@type":"SearchAction","target":{"@type":"EntryPoint","urlTemplate":"https:\/\/wp.stylingcv.com\/es\/?s={search_term_string}"},"query-input":{"@type":"PropertyValueSpecification","valueRequired":true,"valueName":"search_term_string"}}],"inLanguage":"en-US"}]}},"_links":{"self":[{"href":"https:\/\/wp.stylingcv.com\/es\/wp-json\/wp\/v2\/pages\/898","targetHints":{"allow":["GET"]}}],"collection":[{"href":"https:\/\/wp.stylingcv.com\/es\/wp-json\/wp\/v2\/pages"}],"about":[{"href":"https:\/\/wp.stylingcv.com\/es\/wp-json\/wp\/v2\/types\/page"}],"replies":[{"embeddable":true,"href":"https:\/\/wp.stylingcv.com\/es\/wp-json\/wp\/v2\/comments?post=898"}],"version-history":[{"count":0,"href":"https:\/\/wp.stylingcv.com\/es\/wp-json\/wp\/v2\/pages\/898\/revisions"}],"wp:attachment":[{"href":"https:\/\/wp.stylingcv.com\/es\/wp-json\/wp\/v2\/media?parent=898"}],"curies":[{"name":"wp","href":"https:\/\/api.w.org\/{rel}","templated":true}]}}