{"id":896,"date":"2026-02-25T03:47:27","date_gmt":"2026-02-25T03:47:27","guid":{"rendered":"https:\/\/stylingcv.com\/es\/guias-curriculum-carrera\/mejores-practicas-investigacion-busqueda-empleo\/"},"modified":"2026-02-25T03:47:27","modified_gmt":"2026-02-25T03:47:27","slug":"job-search-research-26","status":"publish","type":"page","link":"https:\/\/wp.stylingcv.com\/es\/guides\/job-search-research-26\/","title":{"rendered":"\u00bfCu\u00e1les son las mejores pr\u00e1cticas de investigaci\u00f3n en mi b\u00fasqueda de empleo?"},"content":{"rendered":"\n<p class=\"faq-category\"><strong>Categor\u00eda:<\/strong> Preguntas frecuentes sobre estrategias de b\u00fasqueda de empleo<\/p>\n\n\n\n<h2 class=\"wp-block-heading\">\u00bfCu\u00e1les son las mejores pr\u00e1cticas de investigaci\u00f3n en mi b\u00fasqueda de empleo?<\/h2>\n\n\n\n<p>Una investigaci\u00f3n efectiva requiere un enfoque sistem\u00e1tico y constancia. Investiga las plataformas y estrategias m\u00e1s relevantes para tu industria y puestos objetivo. Para portales de empleo, utiliza tanto sitios generales (LinkedIn, Indeed) como portales espec\u00edficos del sector para obtener mejores oportunidades. Para el networking, asiste a eventos del sector, \u00fanete a asociaciones profesionales, solicita entrevistas informativas y aprovecha tus conexiones en LinkedIn. Para las postulaciones, personaliza cada curr\u00edculum y carta de presentaci\u00f3n para que coincidan con los requisitos y palabras clave de la vacante. Para el seguimiento, mant\u00e9n una hoja de c\u00e1lculo detallada con nombres de empresas, puestos, fechas de postulaci\u00f3n, contactos, actualizaciones de estado y fechas de seguimiento. En cuanto al tiempo, post\u00falate temprano (dentro de las primeras 48 horas de la publicaci\u00f3n), utiliza los d\u00edas \u00f3ptimos (martes a jueves) y haz seguimiento despu\u00e9s de 1-2 semanas si no recibes respuesta. Para la investigaci\u00f3n, investiga a fondo las empresas objetivo a trav\u00e9s de sus sitios web, art\u00edculos de noticias, redes sociales, rese\u00f1as en Glassdoor y contactos con empleados. Para el enfoque, identifica 20-30 empresas en las que te gustar\u00eda trabajar y monitorea sus vacantes de manera proactiva. En cuanto a la estrategia, distribuye tu tiempo entre actividades: 30% postulaciones, 40% networking, 20% desarrollo de habilidades, 10% investigaci\u00f3n. Para la organizaci\u00f3n, crea sistemas para rutinas diarias de b\u00fasqueda de empleo, documenta el progreso de tu pipeline y mide m\u00e9tricas de efectividad como la tasa de conversi\u00f3n de postulaciones a entrevistas. Ajusta tu estrategia seg\u00fan los resultados cada 2-4 semanas.<\/p>\n\n\n\n<hr class=\"wp-block-separator has-alpha-channel-opacity\"\/>\n\n\n\n<h3 class=\"wp-block-heading\">\u00bfNecesitas ayuda con tu curr\u00edculum?<\/h3>\n\n\n\n<p>Nuestro creador de curr\u00edculums impulsado por IA en <a href=\"https:\/\/ai.stylingcv.com\/ai-generatorsignup?utm_source=stylingcv&utm_medium=website&utm_campaign=cta&utm_content=job-search-research-26\" target=\"_blank\" rel=\"noopener\">StylingCV AI<\/a> puede ayudarte a crear un curr\u00edculum profesional optimizado para ATS en minutos. \u00a1Comienza hoy!<\/p>\n\n\n\n<div class=\"wp-block-buttons is-layout-flex wp-block-buttons-is-layout-flex\">\n\n<div class=\"wp-block-button cta-button\"><a class=\"wp-block-button__link has-primary-background-color has-background wp-element-button\" href=\"https:\/\/ai.stylingcv.com\/ai-generatorsignup?utm_source=stylingcv&utm_medium=website&utm_campaign=cta&utm_content=job-search-research-26\" target=\"_blank\" rel=\"noopener\">Prueba StylingCV AI Gratis \u2192<\/a><\/div>\n\n\n\n\n<p>\ud83d\udc49 <a href=\"https:\/\/stylingcv.com\/guides\/\">gu\u00edas expertas de curr\u00edculum<\/a><\/p>\n\n<p>\ud83d\udc49 <a href=\"https:\/\/stylingcv.com\/resume-templates\/\">plantillas de curr\u00edculum 2026<\/a><\/p>\n\n<p><strong>\ud83d\udca1 Consejo Pro:<\/strong> StylingCV no es solo un creador de curr\u00edculums \u2014 es un creador inteligente con IA que piensa. <a href=\"https:\/\/stylingcv.com\/resume-builder\/\">creador de curr\u00edculums inteligente con IA que piensa<\/a> en menos de 2 minutos.<\/p>\n<\/div>\n\n\n\n<script type=\"application\/ld+json\">\n{\n  \"@context\": \"https:\/\/schema.org\",\n  \"@type\": \"FAQPage\",\n  \"mainEntity\": [{\n    \"@type\": \"Question\",\n    \"name\": \"What are the best practices for research in my job search?\",\n    \"acceptedAnswer\": {\n      \"@type\": \"Answer\",\n      \"text\": \"Effective research requires systematic approach and consistency. Research the most relevant platforms and strategies for your target industry and roles. For job boards, use both general sites (LinkedIn, Indeed) and industry-specific boards for better quality leads. For networking, attend industry events, join professional associations, reach out for informational interviews, and leverage LinkedIn connections. For applications, customize each resume and cover letter to match job requirements and keywords. For tracking, maintain a detailed spreadsheet with company names, positions, dates applied, contacts, status updates, and follow-up dates. For timing, apply early (within first 48 hours of posting), use optimal days (Tuesday-Thursday), and follow up after 1-2 weeks if no response. For research, thoroughly investigate target companies through their websites, news articles, social media, Glassdoor reviews, and employee connections. For targeting, identify 20-30 companies you'd love to work for and monitor their openings proactively. For strategy, allocate time across activities: 30% applications, 40% networking, 20% skill building, 10% research. For organization, create systems for daily job search routines, document pipeline progress, and measure effectiveness metrics like application-to-interview conversion rate. Adjust strategy based on results every 2-4 weeks.\"\n    }\n  }]\n}\n<\/script>\n\n\n\n<p class=\"faq-keywords\"><small><strong>Relacionado:<\/strong> investigaci\u00f3n de b\u00fasqueda de empleo, b\u00fasqueda de trabajo, encontrar empleo, b\u00fasqueda de carrera, estrategia de postulaci\u00f3n<\/small><\/p>\n<!-- stylingcv-hub-links --><div class=\"stylingcv-related-resources\" style=\"margin-top:30px;padding:20px;background:#f8f9fa;border-left:4px solid #1abc9c;border-radius:4px;\"><h3 style=\"margin-top:0;color:#2c3e50;\">Explora m\u00e1s recursos<\/h3><ul style=\"list-style:none;padding:0;\"><li><a href=\"https:\/\/stylingcv.com\/guides\/\">Gu\u00edas de Carrera<\/a> &mdash; Tu gu\u00eda completa<\/li><li><a href=\"https:\/\/stylingcv.com\/saudization-explained-2026\/\">Saudizaci\u00f3n 2026: Sistema Nitaqat, reglas de contrataci\u00f3n y empleos<\/a><\/li><li><a href=\"https:\/\/stylingcv.com\/career-questions\/\">Preguntas de Carrera &amp;amp; Preguntas frecuentes sobre b\u00fasqueda de empleo: Respuestas de expertos para&#8230;<\/a><\/li><li><a href=\"https:\/\/stylingcv.com\/indeed-jobs\/\">Guarda empleos de Indeed al instante<\/a><\/li><\/ul><p style=\"margin-bottom:0;font-size:14px;color:#7f8c8d;\">No solo un creador de curr\u00edculums &mdash; un creador inteligente con IA que piensa. <a href=\"https:\/\/stylingcv.com\/resume-builder\/\" style=\"color:#1abc9c;font-weight:bold;\">Crea tu curr\u00edculum en menos de 2 minutos &rarr;<\/a><\/p><\/div><!-- \/stylingcv-hub-links --><style>.entry-content a[href*=\"ai.stylingcv.com\"]:not(.scv-exit-cta){transition:transform 0.2s ease,box-shadow 0.2s ease}.entry-content a[href*=\"ai.stylingcv.com\"]:not(.scv-exit-cta):hover{transform:translateY(-2px);box-shadow:0 4px 12px rgba(38,133,153,0.25)}<\/style>","protected":false},"excerpt":{"rendered":"<p>Investiga empresas y puestos de forma efectiva antes de postularte. Descubre c\u00f3mo una investigaci\u00f3n exhaustiva mejora tus postulaciones y entrevistas.<\/p>\n","protected":false},"author":0,"featured_media":0,"parent":295,"menu_order":0,"comment_status":"closed","ping_status":"closed","template":"","meta":{"footnotes":""},"class_list":["post-896","page","type-page","status-publish","hentry"," c-blog-1-item  nt-post-class"],"yoast_head":"<!-- This site is optimized with the Yoast SEO Premium plugin v26.5 (Yoast SEO v26.5) - https:\/\/yoast.com\/wordpress\/plugins\/seo\/ -->\n<title>Investigaci\u00f3n para la B\u00fasqueda de Empleo: Gu\u00eda de Empresas<\/title>\n<meta name=\"description\" content=\"Descubre c\u00f3mo investigar empresas antes de postularte. Consejos para evaluar cultura, rangos salariales y oportunidades de crecimiento en tu b\u00fasqueda laboral.\" \/>\n<meta name=\"robots\" content=\"index, follow, max-snippet:-1, max-image-preview:large, max-video-preview:-1\" \/>\n<link rel=\"canonical\" href=\"https:\/\/stylingcv.com\/es\/guides\/job-search-research-26\/\" \/>\n<meta property=\"og:locale\" content=\"en_US\" \/>\n<meta property=\"og:type\" content=\"article\" \/>\n<meta property=\"og:title\" content=\"\u00bfCu\u00e1les son las mejores pr\u00e1cticas de investigaci\u00f3n en mi b\u00fasqueda de empleo?\" \/>\n<meta property=\"og:description\" content=\"Descubre c\u00f3mo investigar empresas antes de postularte. Consejos para evaluar cultura, rangos salariales y oportunidades de crecimiento en tu b\u00fasqueda laboral.\" \/>\n<meta property=\"og:url\" content=\"https:\/\/stylingcv.com\/es\/guides\/job-search-research-26\/\" \/>\n<meta property=\"og:site_name\" content=\"StylingCV - Espa\u00f1ol\" \/>\n<meta name=\"twitter:card\" content=\"summary_large_image\" \/>\n<meta name=\"twitter:label1\" content=\"Est. reading time\" \/>\n\t<meta name=\"twitter:data1\" content=\"2 minutes\" \/>\n<script type=\"application\/ld+json\" class=\"yoast-schema-graph\">{\"@context\":\"https:\/\/schema.org\",\"@graph\":[{\"@type\":\"WebPage\",\"@id\":\"https:\/\/wp.stylingcv.com\/es\/guides\/job-search-research-26\/\",\"url\":\"https:\/\/wp.stylingcv.com\/es\/guides\/job-search-research-26\/\",\"name\":\"Investigaci\u00f3n para la B\u00fasqueda de Empleo: Gu\u00eda de Empresas\",\"isPartOf\":{\"@id\":\"https:\/\/wp.stylingcv.com\/es\/#website\"},\"datePublished\":\"2026-02-25T03:47:27+00:00\",\"description\":\"Descubre c\u00f3mo investigar empresas antes de postularte. Consejos para evaluar cultura, rangos salariales y oportunidades de crecimiento en tu b\u00fasqueda laboral.\",\"breadcrumb\":{\"@id\":\"https:\/\/wp.stylingcv.com\/es\/guides\/job-search-research-26\/#breadcrumb\"},\"inLanguage\":\"en-US\",\"potentialAction\":[{\"@type\":\"ReadAction\",\"target\":[\"https:\/\/wp.stylingcv.com\/es\/guides\/job-search-research-26\/\"]}]},{\"@type\":\"BreadcrumbList\",\"@id\":\"https:\/\/wp.stylingcv.com\/es\/guides\/job-search-research-26\/#breadcrumb\",\"itemListElement\":[{\"@type\":\"ListItem\",\"position\":1,\"name\":\"Home\",\"item\":\"https:\/\/wp.stylingcv.com\/es\/\"},{\"@type\":\"ListItem\",\"position\":2,\"name\":\"Gu\u00edas de Curr\u00edculum y Carrera: Recursos Expertos para Buscadores de Empleo\",\"item\":\"https:\/\/wp.stylingcv.com\/es\/guides\/\"},{\"@type\":\"ListItem\",\"position\":3,\"name\":\"\u00bfCu\u00e1les son las mejores pr\u00e1cticas de investigaci\u00f3n en mi b\u00fasqueda de empleo?\"}]},{\"@type\":\"WebSite\",\"@id\":\"https:\/\/wp.stylingcv.com\/es\/#website\",\"url\":\"https:\/\/wp.stylingcv.com\/es\/\",\"name\":\"StylingCV - Espa\u00f1ol\",\"description\":\"\",\"potentialAction\":[{\"@type\":\"SearchAction\",\"target\":{\"@type\":\"EntryPoint\",\"urlTemplate\":\"https:\/\/wp.stylingcv.com\/es\/?s={search_term_string}\"},\"query-input\":{\"@type\":\"PropertyValueSpecification\",\"valueRequired\":true,\"valueName\":\"search_term_string\"}}],\"inLanguage\":\"en-US\"}]}<\/script>\n<!-- \/ Yoast SEO Premium plugin. -->","yoast_head_json":{"title":"Investigaci\u00f3n para la B\u00fasqueda de Empleo: Gu\u00eda de Empresas","description":"Descubre c\u00f3mo investigar empresas antes de postularte. Consejos para evaluar cultura, rangos salariales y oportunidades de crecimiento en tu b\u00fasqueda laboral.","robots":{"index":"index","follow":"follow","max-snippet":"max-snippet:-1","max-image-preview":"max-image-preview:large","max-video-preview":"max-video-preview:-1"},"canonical":"https:\/\/stylingcv.com\/es\/guides\/job-search-research-26\/","og_locale":"en_US","og_type":"article","og_title":"\u00bfCu\u00e1les son las mejores pr\u00e1cticas de investigaci\u00f3n en mi b\u00fasqueda de empleo?","og_description":"Descubre c\u00f3mo investigar empresas antes de postularte. Consejos para evaluar cultura, rangos salariales y oportunidades de crecimiento en tu b\u00fasqueda laboral.","og_url":"https:\/\/stylingcv.com\/es\/guides\/job-search-research-26\/","og_site_name":"StylingCV - Espa\u00f1ol","twitter_card":"summary_large_image","twitter_misc":{"Est. reading time":"2 minutes"},"schema":{"@context":"https:\/\/schema.org","@graph":[{"@type":"WebPage","@id":"https:\/\/wp.stylingcv.com\/es\/guides\/job-search-research-26\/","url":"https:\/\/wp.stylingcv.com\/es\/guides\/job-search-research-26\/","name":"Investigaci\u00f3n para la B\u00fasqueda de Empleo: Gu\u00eda de Empresas","isPartOf":{"@id":"https:\/\/wp.stylingcv.com\/es\/#website"},"datePublished":"2026-02-25T03:47:27+00:00","description":"Descubre c\u00f3mo investigar empresas antes de postularte. Consejos para evaluar cultura, rangos salariales y oportunidades de crecimiento en tu b\u00fasqueda laboral.","breadcrumb":{"@id":"https:\/\/wp.stylingcv.com\/es\/guides\/job-search-research-26\/#breadcrumb"},"inLanguage":"en-US","potentialAction":[{"@type":"ReadAction","target":["https:\/\/wp.stylingcv.com\/es\/guides\/job-search-research-26\/"]}]},{"@type":"BreadcrumbList","@id":"https:\/\/wp.stylingcv.com\/es\/guides\/job-search-research-26\/#breadcrumb","itemListElement":[{"@type":"ListItem","position":1,"name":"Home","item":"https:\/\/wp.stylingcv.com\/es\/"},{"@type":"ListItem","position":2,"name":"Gu\u00edas de Curr\u00edculum y Carrera: Recursos Expertos para Buscadores de Empleo","item":"https:\/\/wp.stylingcv.com\/es\/guides\/"},{"@type":"ListItem","position":3,"name":"\u00bfCu\u00e1les son las mejores pr\u00e1cticas de investigaci\u00f3n en mi b\u00fasqueda de empleo?"}]},{"@type":"WebSite","@id":"https:\/\/wp.stylingcv.com\/es\/#website","url":"https:\/\/wp.stylingcv.com\/es\/","name":"StylingCV - Espa\u00f1ol","description":"","potentialAction":[{"@type":"SearchAction","target":{"@type":"EntryPoint","urlTemplate":"https:\/\/wp.stylingcv.com\/es\/?s={search_term_string}"},"query-input":{"@type":"PropertyValueSpecification","valueRequired":true,"valueName":"search_term_string"}}],"inLanguage":"en-US"}]}},"_links":{"self":[{"href":"https:\/\/wp.stylingcv.com\/es\/wp-json\/wp\/v2\/pages\/896","targetHints":{"allow":["GET"]}}],"collection":[{"href":"https:\/\/wp.stylingcv.com\/es\/wp-json\/wp\/v2\/pages"}],"about":[{"href":"https:\/\/wp.stylingcv.com\/es\/wp-json\/wp\/v2\/types\/page"}],"replies":[{"embeddable":true,"href":"https:\/\/wp.stylingcv.com\/es\/wp-json\/wp\/v2\/comments?post=896"}],"version-history":[{"count":0,"href":"https:\/\/wp.stylingcv.com\/es\/wp-json\/wp\/v2\/pages\/896\/revisions"}],"up":[{"embeddable":true,"href":"https:\/\/wp.stylingcv.com\/es\/wp-json\/wp\/v2\/pages\/295"}],"wp:attachment":[{"href":"https:\/\/wp.stylingcv.com\/es\/wp-json\/wp\/v2\/media?parent=896"}],"curies":[{"name":"wp","href":"https:\/\/api.w.org\/{rel}","templated":true}]}}