{"id":889,"date":"2026-02-25T03:47:13","date_gmt":"2026-02-25T03:47:13","guid":{"rendered":"https:\/\/stylingcv.com\/es\/guias-curriculum-carrera\/como-anadir-curriculum-linkedin\/optimizar-visibilidad-linkedin\/"},"modified":"2026-02-25T03:47:13","modified_gmt":"2026-02-25T03:47:13","slug":"linkedin-visibility-19","status":"publish","type":"page","link":"https:\/\/wp.stylingcv.com\/es\/guides\/add-resume-to-linkedin\/linkedin-visibility-19\/","title":{"rendered":"\u00bfC\u00f3mo optimizo mi visibilidad en LinkedIn?"},"content":{"rendered":"\n<p class=\"faq-category\"><strong>Categor\u00eda:<\/strong> Preguntas frecuentes sobre LinkedIn y Networking<\/p>\n\n\n\n<h2 class=\"wp-block-heading\">\u00bfC\u00f3mo optimizo mi visibilidad en LinkedIn?<\/h2>\n\n\n\n<p>Optimizar tu visibilidad en LinkedIn aumenta dr\u00e1sticamente tu presencia profesional y tus oportunidades, actuando como un potente curr\u00edculum digital y herramienta de networking. En el competitivo mercado laboral y entorno profesional actual, un perfil de LinkedIn bien optimizado ya no es un lujo, sino una necesidad para el crecimiento profesional y la marca personal. Te asegura ser descubierto por reclutadores, colegas del sector y posibles colaboradores, permiti\u00e9ndote ser un participante activo en tu trayectoria profesional en lugar de un observador pasivo.<\/p>\n\n<p>Para aprovechar realmente el potencial de LinkedIn, se requiere un enfoque multifac\u00e9tico, que abarque desde los elementos fundamentales de tu perfil hasta tu estrategia de interacci\u00f3n diaria. Esta gu\u00eda te llevar\u00e1 a trav\u00e9s de un proceso paso a paso, destacar\u00e1 errores comunes a evitar, ofrecer\u00e1 perspectivas espec\u00edficas de la industria y brindar\u00e1 mejores pr\u00e1cticas para que tu perfil destaque y atraiga la atenci\u00f3n adecuada.<\/p>\n\n\n\n<h3 class=\"wp-block-heading\">Proceso paso a paso para optimizar LinkedIn<\/h3>\n\n\n\n<p>Impulsar tu visibilidad en LinkedIn es un proceso continuo. Sigue estos pasos para construir una base s\u00f3lida y mantener una presencia activa:<\/p>\n\n\n\n<h4 class=\"wp-block-heading\">Fase 1: Construyendo la base de tu perfil<\/h4>\n\n\n\n<ul class=\"wp-block-list\">\n<li><strong>Foto profesional y banner:<\/strong> Tu foto de perfil es tu primera impresi\u00f3n. Aseg\u00farate de que sea una foto profesional de alta calidad, con una expresi\u00f3n amigable y accesible. Usa buena iluminaci\u00f3n y un fondo limpio y ordenado. Para tu imagen de banner, considera usar un gr\u00e1fico profesional que refleje tu sector, empresa o marca personal, o simplemente un dise\u00f1o limpio y minimalista. Evita selfies o fotos informales.<\/li>\n<li><strong>Titular atractivo (220 caracteres):<\/strong> Este es un espacio clave. M\u00e1s all\u00e1 de tu puesto actual, utiliza los 220 caracteres para mostrar tu rol, especializaci\u00f3n, habilidades clave y propuesta de valor \u00fanica. Incorpora palabras clave que los reclutadores de tu sector objetivo buscan con frecuencia. Por ejemplo, en lugar de &#8220;Gerente de Marketing&#8221;, prueba &#8220;Gerente Senior de Marketing | Experto en Crecimiento B2B SaaS | SEO, Estrategia de Contenidos, Anal\u00edtica | Impulsando ingresos y notoriedad de marca&#8221;.<\/li>\n<li><strong>Secci\u00f3n Acerca de (Resumen) detallada:<\/strong> Escribe de 3 a 5 p\u00e1rrafos en primera persona. Esta secci\u00f3n debe contar tu historia profesional, destacando tu experiencia, logros clave, pasiones y lo que te hace \u00fanico. Usa palabras clave estrat\u00e9gicamente.\n<ul>\n<li><strong>P\u00e1rrafo 1:<\/strong> Qui\u00e9n eres y a qu\u00e9 te dedicas.<\/li>\n<li><strong>P\u00e1rrafo 2:<\/strong> Tus habilidades principales, \u00e1reas de experiencia y c\u00f3mo las aplicas.<\/li>\n<li><strong>P\u00e1rrafo 3:<\/strong> Logros cuantificables e impactos que has generado.<\/li>\n<li><strong>P\u00e1rrafo 4:<\/strong> Tu filosof\u00eda profesional, aspiraciones de carrera o propuesta de valor \u00fanica.<\/li>\n<li><strong>P\u00e1rrafo 5:<\/strong> Un llamado a la acci\u00f3n claro (por ejemplo, &#8220;Con\u00e9ctate conmigo para hablar sobre [tema]&#8221;, &#8220;Visita mi portafolio en [enlace]&#8221;).<\/li>\n<\/ul>\n<\/li>\n<li><strong>Secci\u00f3n de experiencia completa:<\/strong> No te limites a listar cargos y fechas. Para cada puesto, utiliza vi\u00f1etas con verbos de acci\u00f3n y resultados cuantificables. Emplea el m\u00e9todo STAR (Situaci\u00f3n, Tarea, Acci\u00f3n, Resultado) para describir logros. Adapta estas descripciones con palabras clave relevantes para los roles que deseas. Aseg\u00farate de que esta secci\u00f3n sea tan detallada como tu curr\u00edculum. (\u00bfNecesitas ayuda para redactar logros impactantes? Consulta nuestro <a href=\"https:\/\/stylingcv.com\/ar\/blog\/ats-resume-tips\/\">creador de curr\u00edculums con IA<\/a> para inspirarte).<\/li>\n<li><strong>Habilidades y validaciones relevantes:<\/strong> A\u00f1ade al menos 10-15 habilidades relevantes, apuntando a un m\u00e1ximo de 50. Prioriza las habilidades cruciales para tus roles objetivo. Busca activamente validaciones de colegas y supervisores para estas habilidades. Considera realizar evaluaciones de habilidades de LinkedIn para validar tu dominio, lo que a\u00f1ade una insignia visible a tu perfil.<\/li>\n<li><strong>Educaci\u00f3n, licencias y certificaciones:<\/strong> Completa completamente estas secciones. Enumera todos los t\u00edtulos, certificaciones y licencias profesionales relevantes. Esto demuestra aprendizaje continuo y cumplimiento en el sector.<\/li>\n<li><strong>Recomendaciones:<\/strong> Solicita testimonios espec\u00edficos a supervisores, colegas y clientes. P\u00eddeles que se centren en habilidades o proyectos concretos donde hayas destacado. Apunta a 3-5 recomendaciones de alta calidad que muestren diferentes facetas de tus capacidades profesionales.<\/li>\n<\/ul>\n\n\n\n<h4 class=\"wp-block-heading\">Fase 2: Estrategia de red y participaci\u00f3n<\/h4>\n\n\n\n<ul class=\"wp-block-list\">\n<li><strong>Conexiones estrat\u00e9gicas (apunta a 500+):<\/strong> Prioriza la calidad sobre la cantidad. Con\u00e9ctate con colegas, exalumnos, profesionales del sector, reclutadores de tu \u00e1rea y empleados de empresas objetivo. Siempre env\u00eda una solicitud personalizada explicando por qu\u00e9 deseas conectar.<\/li>\n<li><strong>Creaci\u00f3n de contenido constante (2-4 veces por semana):<\/strong> Comparte ideas del sector, lecciones profesionales, consejos \u00fatiles y liderazgo de pensamiento. Los tipos de contenido pueden incluir publicaciones de texto, art\u00edculos, im\u00e1genes, videos y documentos. Usa hashtags relevantes para aumentar la visibilidad. Publicar de forma constante te posiciona como experto y mantiene tu perfil activo en los feeds de tu red.<\/li>\n<li><strong>Participaci\u00f3n activa:<\/strong> No seas un observador pasivo. Comenta de manera reflexiva en publicaciones de otros, responde a los comentarios en tu propio contenido, da &#8220;me gusta&#8221; y comparte publicaciones relevantes de tu red, y participa activamente en Grupos de LinkedIn relacionados con tu sector o intereses. La participaci\u00f3n genuina fomenta relaciones y aumenta tu visibilidad.<\/li>\n<\/ul>\n\n\n\n<h4 class=\"wp-block-heading\">Fase 3: Aprovechando oportunidades y estrategias avanzadas<\/h4>\n\n\n\n<ul class=\"wp-block-list\">\n<li><strong>Funci\u00f3n &#8220;Open to Work&#8221;:<\/strong> Si buscas empleo activamente, habilita la funci\u00f3n &#8220;Open to Work&#8221;. Puedes elegir que sea visible para todos los miembros de LinkedIn o solo para reclutadores, seg\u00fan tu situaci\u00f3n laboral actual.<\/li>\n<li><strong>B\u00fasqueda avanzada de empleo:<\/strong> Utiliza los filtros avanzados de b\u00fasqueda de LinkedIn para encontrar roles, empresas y ubicaciones espec\u00edficas. Configura alertas de empleo para nuevas vacantes que coincidan con tus criterios y post\u00falate r\u00e1pidamente, especialmente a las ofertas recientes.<\/li>\n<li><strong>Entrevistas informativas:<\/strong> Contacta a profesionales en roles o empresas que admires para entrevistas informativas. Es una poderosa herramienta de networking para obtener informaci\u00f3n y ampliar tu red sin pedir trabajo directamente.<\/li>\n<li><strong>Investigaci\u00f3n de empresas:<\/strong> Sigue a empresas objetivo e investiga a sus empleados para comprender su cultura e identificar posibles conexiones.<\/li>\n<\/ul>\n\n\n\n<h3 class=\"wp-block-heading\">Errores comunes a evitar en LinkedIn<\/h3>\n\n\n\n<p>Aunque tengas buenas intenciones, muchos profesionales cometen errores comunes que perjudican su visibilidad e impacto en LinkedIn. Aseg\u00farate de evitar estos errores:<\/p>\n\n<p>\ud83d\udc49 <a href=\"https:\/\/stylingcv.com\/guides\/\">gu\u00edas de curr\u00edculum y carrera<\/a><\/p>\n\n<p>\ud83d\udc49 <a href=\"https:\/\/stylingcv.com\/resume-templates\/\">ver plantillas de curr\u00edculum<\/a><\/p>\n\n<p><strong>\ud83d\udca1 Consejo profesional:<\/strong> StylingCV no es solo un creador de curr\u00edculums \u2014 es un creador inteligente con IA que piensa. <a href=\"https:\/\/stylingcv.com\/resume-builder\/\">creador de curr\u00edculums inteligente con IA que piensa<\/a> en menos de 2 minutos.<\/p>\n<!-- stylingcv-hub-links --><div class=\"stylingcv-related-resources\" style=\"margin-top:30px;padding:20px;background:#f8f9fa;border-left:4px solid #1abc9c;border-radius:4px;\"><h3 style=\"margin-top:0;color:#2c3e50;\">Explora m\u00e1s recursos<\/h3><ul style=\"list-style:none;padding:0;\"><li><a href=\"https:\/\/stylingcv.com\/add-resume-to-linkedin\/\">Optimizaci\u00f3n de LinkedIn<\/a> &mdash; Tu gu\u00eda completa<\/li><li><a href=\"https:\/\/stylingcv.com\/linkedin-use-8\/\">\u00bfC\u00f3mo uso LinkedIn para investigar sectores?<\/a><\/li><li><a href=\"https:\/\/stylingcv.com\/linkedin-recommendations\/\">\u00bfCu\u00e1l es la mejor manera de usar las recomendaciones de LinkedIn?<\/a><\/li><li><a href=\"https:\/\/stylingcv.com\/faq-linkedin-optimization\/\">Preguntas frecuentes sobre optimizaci\u00f3n de LinkedIn &#8211; StylingCV<\/a><\/li><\/ul><p style=\"margin-bottom:0;font-size:14px;color:#7f8c8d;\">No solo un creador de curr\u00edculums &mdash; un creador inteligente con IA que piensa. <a href=\"https:\/\/stylingcv.com\/resume-builder\/\" style=\"color:#1abc9c;font-weight:bold;\">Crea tu curr\u00edculum en menos de 2 minutos &rarr;<\/a><\/p><\/div><!-- \/stylingcv-hub-links -->","protected":false},"excerpt":{"rendered":"<p>Aumenta tu visibilidad en LinkedIn para atraer m\u00e1s reclutadores. Optimiza tu perfil, palabras clave y actividad para aparecer en m\u00e1s b\u00fasquedas.<\/p>\n","protected":false},"author":0,"featured_media":0,"parent":424,"menu_order":0,"comment_status":"closed","ping_status":"closed","template":"","meta":{"footnotes":""},"class_list":["post-889","page","type-page","status-publish","hentry"," c-blog-1-item  nt-post-class"],"yoast_head":"<!-- This site is optimized with the Yoast SEO Premium plugin v26.5 (Yoast SEO v26.5) - https:\/\/yoast.com\/wordpress\/plugins\/seo\/ -->\n<title>Visibilidad en LinkedIn: Destaca ante reclutadores |<\/title>\n<meta name=\"description\" content=\"Mejora tu visibilidad en LinkedIn y destaca ante reclutadores. Consejos de optimizaci\u00f3n de perfil, estrategias de palabras clave y recomendaciones de actividad.\" \/>\n<meta name=\"robots\" content=\"index, follow, max-snippet:-1, max-image-preview:large, max-video-preview:-1\" \/>\n<link rel=\"canonical\" href=\"https:\/\/stylingcv.com\/es\/guides\/add-resume-to-linkedin\/linkedin-visibility-19\/\" \/>\n<meta property=\"og:locale\" content=\"en_US\" \/>\n<meta property=\"og:type\" content=\"article\" \/>\n<meta property=\"og:title\" content=\"\u00bfC\u00f3mo optimizo mi visibilidad en LinkedIn?\" \/>\n<meta property=\"og:description\" content=\"Mejora tu visibilidad en LinkedIn y destaca ante reclutadores. Consejos de optimizaci\u00f3n de perfil, estrategias de palabras clave y recomendaciones de actividad.\" \/>\n<meta property=\"og:url\" content=\"https:\/\/stylingcv.com\/es\/guides\/add-resume-to-linkedin\/linkedin-visibility-19\/\" \/>\n<meta property=\"og:site_name\" content=\"StylingCV - Espa\u00f1ol\" \/>\n<meta name=\"twitter:card\" content=\"summary_large_image\" \/>\n<meta name=\"twitter:label1\" content=\"Est. reading time\" \/>\n\t<meta name=\"twitter:data1\" content=\"6 minutes\" \/>\n<script type=\"application\/ld+json\" class=\"yoast-schema-graph\">{\"@context\":\"https:\/\/schema.org\",\"@graph\":[{\"@type\":\"WebPage\",\"@id\":\"https:\/\/wp.stylingcv.com\/es\/guides\/add-resume-to-linkedin\/linkedin-visibility-19\/\",\"url\":\"https:\/\/wp.stylingcv.com\/es\/guides\/add-resume-to-linkedin\/linkedin-visibility-19\/\",\"name\":\"Visibilidad en LinkedIn: Destaca ante reclutadores |\",\"isPartOf\":{\"@id\":\"https:\/\/wp.stylingcv.com\/es\/#website\"},\"datePublished\":\"2026-02-25T03:47:13+00:00\",\"description\":\"Mejora tu visibilidad en LinkedIn y destaca ante reclutadores. Consejos de optimizaci\u00f3n de perfil, estrategias de palabras clave y recomendaciones de actividad.\",\"breadcrumb\":{\"@id\":\"https:\/\/wp.stylingcv.com\/es\/guides\/add-resume-to-linkedin\/linkedin-visibility-19\/#breadcrumb\"},\"inLanguage\":\"en-US\",\"potentialAction\":[{\"@type\":\"ReadAction\",\"target\":[\"https:\/\/wp.stylingcv.com\/es\/guides\/add-resume-to-linkedin\/linkedin-visibility-19\/\"]}]},{\"@type\":\"BreadcrumbList\",\"@id\":\"https:\/\/wp.stylingcv.com\/es\/guides\/add-resume-to-linkedin\/linkedin-visibility-19\/#breadcrumb\",\"itemListElement\":[{\"@type\":\"ListItem\",\"position\":1,\"name\":\"Home\",\"item\":\"https:\/\/wp.stylingcv.com\/es\/\"},{\"@type\":\"ListItem\",\"position\":2,\"name\":\"Gu\u00edas de Curr\u00edculum y Carrera: Recursos Expertos para Buscadores de Empleo\",\"item\":\"https:\/\/wp.stylingcv.com\/es\/guides\/\"},{\"@type\":\"ListItem\",\"position\":3,\"name\":\"C\u00f3mo A\u00f1adir tu Curr\u00edculum a LinkedIn (Gu\u00eda Paso a Paso)\",\"item\":\"https:\/\/wp.stylingcv.com\/es\/guides\/add-resume-to-linkedin\/\"},{\"@type\":\"ListItem\",\"position\":4,\"name\":\"\u00bfC\u00f3mo optimizo mi visibilidad en LinkedIn?\"}]},{\"@type\":\"WebSite\",\"@id\":\"https:\/\/wp.stylingcv.com\/es\/#website\",\"url\":\"https:\/\/wp.stylingcv.com\/es\/\",\"name\":\"StylingCV - Espa\u00f1ol\",\"description\":\"\",\"potentialAction\":[{\"@type\":\"SearchAction\",\"target\":{\"@type\":\"EntryPoint\",\"urlTemplate\":\"https:\/\/wp.stylingcv.com\/es\/?s={search_term_string}\"},\"query-input\":{\"@type\":\"PropertyValueSpecification\",\"valueRequired\":true,\"valueName\":\"search_term_string\"}}],\"inLanguage\":\"en-US\"}]}<\/script>\n<!-- \/ Yoast SEO Premium plugin. -->","yoast_head_json":{"title":"Visibilidad en LinkedIn: Destaca ante reclutadores |","description":"Mejora tu visibilidad en LinkedIn y destaca ante reclutadores. Consejos de optimizaci\u00f3n de perfil, estrategias de palabras clave y recomendaciones de actividad.","robots":{"index":"index","follow":"follow","max-snippet":"max-snippet:-1","max-image-preview":"max-image-preview:large","max-video-preview":"max-video-preview:-1"},"canonical":"https:\/\/stylingcv.com\/es\/guides\/add-resume-to-linkedin\/linkedin-visibility-19\/","og_locale":"en_US","og_type":"article","og_title":"\u00bfC\u00f3mo optimizo mi visibilidad en LinkedIn?","og_description":"Mejora tu visibilidad en LinkedIn y destaca ante reclutadores. Consejos de optimizaci\u00f3n de perfil, estrategias de palabras clave y recomendaciones de actividad.","og_url":"https:\/\/stylingcv.com\/es\/guides\/add-resume-to-linkedin\/linkedin-visibility-19\/","og_site_name":"StylingCV - Espa\u00f1ol","twitter_card":"summary_large_image","twitter_misc":{"Est. reading time":"6 minutes"},"schema":{"@context":"https:\/\/schema.org","@graph":[{"@type":"WebPage","@id":"https:\/\/wp.stylingcv.com\/es\/guides\/add-resume-to-linkedin\/linkedin-visibility-19\/","url":"https:\/\/wp.stylingcv.com\/es\/guides\/add-resume-to-linkedin\/linkedin-visibility-19\/","name":"Visibilidad en LinkedIn: Destaca ante reclutadores |","isPartOf":{"@id":"https:\/\/wp.stylingcv.com\/es\/#website"},"datePublished":"2026-02-25T03:47:13+00:00","description":"Mejora tu visibilidad en LinkedIn y destaca ante reclutadores. Consejos de optimizaci\u00f3n de perfil, estrategias de palabras clave y recomendaciones de actividad.","breadcrumb":{"@id":"https:\/\/wp.stylingcv.com\/es\/guides\/add-resume-to-linkedin\/linkedin-visibility-19\/#breadcrumb"},"inLanguage":"en-US","potentialAction":[{"@type":"ReadAction","target":["https:\/\/wp.stylingcv.com\/es\/guides\/add-resume-to-linkedin\/linkedin-visibility-19\/"]}]},{"@type":"BreadcrumbList","@id":"https:\/\/wp.stylingcv.com\/es\/guides\/add-resume-to-linkedin\/linkedin-visibility-19\/#breadcrumb","itemListElement":[{"@type":"ListItem","position":1,"name":"Home","item":"https:\/\/wp.stylingcv.com\/es\/"},{"@type":"ListItem","position":2,"name":"Gu\u00edas de Curr\u00edculum y Carrera: Recursos Expertos para Buscadores de Empleo","item":"https:\/\/wp.stylingcv.com\/es\/guides\/"},{"@type":"ListItem","position":3,"name":"C\u00f3mo A\u00f1adir tu Curr\u00edculum a LinkedIn (Gu\u00eda Paso a Paso)","item":"https:\/\/wp.stylingcv.com\/es\/guides\/add-resume-to-linkedin\/"},{"@type":"ListItem","position":4,"name":"\u00bfC\u00f3mo optimizo mi visibilidad en LinkedIn?"}]},{"@type":"WebSite","@id":"https:\/\/wp.stylingcv.com\/es\/#website","url":"https:\/\/wp.stylingcv.com\/es\/","name":"StylingCV - Espa\u00f1ol","description":"","potentialAction":[{"@type":"SearchAction","target":{"@type":"EntryPoint","urlTemplate":"https:\/\/wp.stylingcv.com\/es\/?s={search_term_string}"},"query-input":{"@type":"PropertyValueSpecification","valueRequired":true,"valueName":"search_term_string"}}],"inLanguage":"en-US"}]}},"_links":{"self":[{"href":"https:\/\/wp.stylingcv.com\/es\/wp-json\/wp\/v2\/pages\/889","targetHints":{"allow":["GET"]}}],"collection":[{"href":"https:\/\/wp.stylingcv.com\/es\/wp-json\/wp\/v2\/pages"}],"about":[{"href":"https:\/\/wp.stylingcv.com\/es\/wp-json\/wp\/v2\/types\/page"}],"replies":[{"embeddable":true,"href":"https:\/\/wp.stylingcv.com\/es\/wp-json\/wp\/v2\/comments?post=889"}],"version-history":[{"count":0,"href":"https:\/\/wp.stylingcv.com\/es\/wp-json\/wp\/v2\/pages\/889\/revisions"}],"up":[{"embeddable":true,"href":"https:\/\/wp.stylingcv.com\/es\/wp-json\/wp\/v2\/pages\/424"}],"wp:attachment":[{"href":"https:\/\/wp.stylingcv.com\/es\/wp-json\/wp\/v2\/media?parent=889"}],"curies":[{"name":"wp","href":"https:\/\/api.w.org\/{rel}","templated":true}]}}