{"id":871,"date":"2026-02-25T03:46:30","date_gmt":"2026-02-25T03:46:30","guid":{"rendered":"https:\/\/stylingcv.com\/es\/preguntas-frecuentes\/errores-comunes-informacion-contacto-curriculum\/"},"modified":"2026-02-25T03:46:30","modified_gmt":"2026-02-25T03:46:30","slug":"resume-mistake-48","status":"publish","type":"page","link":"https:\/\/wp.stylingcv.com\/es\/faq\/resume-mistake-48\/","title":{"rendered":"\u00bfCu\u00e1les son los errores comunes al escribir la informaci\u00f3n de contacto en un curr\u00edculum?"},"content":{"rendered":"\n<style>\n.faq-hero{background:linear-gradient(135deg,#0d2b3e 0%,#0d4f6e 50%,#0a7c6b 100%);padding:48px 40px 40px;border-radius:0 0 24px 24px;position:relative;overflow:hidden}\n.faq-hero::before{content:'';position:absolute;top:-50%;right:-10%;width:400px;height:400px;background:radial-gradient(circle,rgba(20,184,166,.15),transparent 70%);border-radius:50%}\n.faq-breadcrumb{display:flex;align-items:center;gap:8px;margin-bottom:20px;font-size:13px;color:rgba(255,255,255,.6);flex-wrap:wrap}\n.faq-breadcrumb a{color:rgba(255,255,255,.7);text-decoration:none}.faq-breadcrumb a:hover{color:#14b8a6}\n.faq-breadcrumb .sep{color:rgba(255,255,255,.35)}\n.faq-category-badge{display:inline-flex;align-items:center;gap:6px;background:rgba(20,184,166,.2);color:#14b8a6;border:1px solid rgba(20,184,166,.3);border-radius:20px;padding:4px 14px;font-size:12px;font-weight:600;letter-spacing:.5px;text-transform:uppercase;margin-bottom:16px}\n.faq-hero-title{font-size:clamp(22px,3.5vw,36px);font-weight:800;color:#fff;line-height:1.25;margin:0 0 8px;max-width:800px}\n.faq-meta{display:flex;gap:20px;margin-top:16px;flex-wrap:wrap}\n.faq-meta-item{color:rgba(255,255,255,.55);font-size:13px}\n.faq-content-wrap{max-width:860px;margin:0 auto;padding:0 20px 60px}\n.faq-quick-answer{background:linear-gradient(135deg,#f0fdfa,#e6fffa);border-left:4px solid #14b8a6;border-radius:0 12px 12px 0;padding:20px 24px;margin:32px 0}\n.faq-quick-answer::before{content:'\u26a1 Quick Answer';display:block;font-size:11px;font-weight:700;color:#0d9488;letter-spacing:1px;text-transform:uppercase;margin-bottom:10px}\n.faq-quick-answer p{margin:0;color:#134e4a;font-size:15px;line-height:1.7;font-weight:500}\n.faq-answer-card{background:#fff;border-radius:16px;padding:32px;margin:0 0 28px;box-shadow:0 2px 20px rgba(0,0,0,.06);border:1px solid #f1f5f9}\n.faq-answer-card h3{font-size:17px;font-weight:700;color:#0f2744;margin:0 0 12px;padding-bottom:10px;border-bottom:2px solid #f1f5f9}\n.faq-answer-card p{color:#374151;line-height:1.75;font-size:15px;margin:0 0 12px}.faq-answer-card p:last-child{margin:0}\n.faq-related{background:#f8fafc;border-radius:16px;padding:28px 32px;margin:28px 0}\n.faq-related h3{font-size:16px;font-weight:700;color:#0f2744;margin:0 0 16px}\n.faq-related-grid{display:grid;grid-template-columns:repeat(auto-fit,minmax(200px,1fr));gap:10px}\n.faq-related-link{display:flex;align-items:center;gap:8px;padding:10px 14px;background:#fff;border-radius:10px;text-decoration:none;color:#0d4f6e;font-size:13px;font-weight:500;border:1px solid #e2e8f0;transition:.2s}\n.faq-related-link:hover{border-color:#14b8a6;color:#0a7c6b;background:#f0fdfa}\n.faq-related-link::before{content:'\u2192';color:#14b8a6;font-weight:700;flex-shrink:0}\n.faq-cta-box{background:linear-gradient(135deg,#0d2b3e,#0a7c6b);border-radius:20px;padding:36px;text-align:center;margin:36px 0 0}\n.faq-cta-box h3{color:#fff;font-size:22px;font-weight:800;margin:0 0 8px}\n.faq-cta-box p{color:rgba(255,255,255,.75);font-size:14px;margin:0 0 20px}\n.faq-cta-btn{display:inline-flex;align-items:center;gap:8px;background:#e8713a;color:#fff;padding:14px 28px;border-radius:10px;font-weight:700;font-size:15px;text-decoration:none}\n.faq-cta-btn:hover{background:#d4622b}\n@media(max-width:640px){.faq-hero{padding:32px 20px 28px}.faq-content-wrap{padding:0 12px 40px}.faq-answer-card,.faq-cta-box{padding:20px}}\n<\/style>\n<div class=\"faq-hero\">\n  <div class=\"faq-breadcrumb\"><a href=\"https:\/\/stylingcv.com\/\">Inicio<\/a><span class=\"sep\">\u203a<\/span><a href=\"https:\/\/stylingcv.com\/faq\/\">FAQ<\/a><span class=\"sep\">\u203a<\/span><span>FAQ<\/span><\/div>\n  <div class=\"faq-category-badge\">\ud83d\udccb FAQ<\/div>\n  <h1 class=\"faq-hero-title\">\u00bfCu\u00e1les son los errores comunes al escribir la informaci\u00f3n de contacto en un curr\u00edculum?<\/h1>\n  <div class=\"faq-meta\"><span class=\"faq-meta-item\">\ud83d\udcc5 Actualizado marzo 2026<\/span> &nbsp; <span class=\"faq-meta-item\">\u23f1 3 min de lectura<\/span> &nbsp; <span class=\"faq-meta-item\">\u2705 Verificado por expertos<\/span><\/div>\n<\/div>\n\n\n\n<div class=\"faq-content-wrap\">\n  <div class=\"faq-quick-answer\"><p>Los errores comunes incluyen elecciones de formato que dificultan la lectura, contenido gen\u00e9rico que no muestra tu valor \u00fanico, falta de palabras clave importantes que buscan los sistemas ATS, longitud inapropiada seg\u00fan el nivel de experiencia, dise\u00f1o demasiado complejo que confunde a los sistemas, tono o lenguaje poco profesional, estructura il\u00f3gica que oculta informaci\u00f3n relevante, fechas inconsistentes o ausentes que generan dudas, informaci\u00f3n de contacto desactualizada o poco profesional y secciones mal organizadas que no destacan las principales cualificaciones.<\/p><\/div>\n  <div class=\"faq-answer-card\"><h3>\ud83d\udcd6 Respuesta completa<\/h3>\n    <p>Los errores comunes incluyen elecciones de formato que dificultan la lectura, contenido gen\u00e9rico que no muestra tu valor \u00fanico, falta de palabras clave importantes que buscan los sistemas ATS, longitud inapropiada seg\u00fan el nivel de experiencia, dise\u00f1o demasiado complejo que confunde a los sistemas, tono o lenguaje poco profesional, estructura il\u00f3gica que oculta informaci\u00f3n relevante, fechas inconsistentes o ausentes que generan dudas, informaci\u00f3n de contacto desactualizada o poco profesional y secciones mal organizadas que no destacan las principales cualificaciones.<\/p>\n    <p>Soluciona estos errores usando un dise\u00f1o limpio de una sola columna, adaptando el contenido a cada postulaci\u00f3n, investigando palabras clave espec\u00edficas del puesto, manteniendo el curr\u00edculum en 1-2 p\u00e1ginas seg\u00fan tu experiencia, utilizando plantillas compatibles con ATS, manteniendo un lenguaje profesional, organizando con jerarqu\u00eda clara, proporcionando rangos de fechas completos, usando direcciones de correo electr\u00f3nico profesionales y estructurando las secciones de manera l\u00f3gica con la informaci\u00f3n m\u00e1s importante al inicio.<\/p>\n    <p>Siempre revisa varias veces y pide a otras personas que revisen tu curr\u00edculum para detectar estos errores comunes.<\/p>\n  <\/div>\n  <div class=\"faq-cta-box\">\n    <h3>\ud83d\ude80 \u00bfListo para conseguir el trabajo de tus sue\u00f1os?<\/h3>\n    <p>Crea un curr\u00edculum profesional y optimizado para ATS en minutos con StylingCV AI \u2014 confiado por m\u00e1s de 6 millones de buscadores de empleo en todo el mundo.<\/p>\n    <a class=\"faq-cta-btn\" href=\"https:\/\/ai.stylingcv.com\/ai-generatorsignup?utm_source=stylingcv&utm_medium=website&utm_campaign=cta&utm_content=resume-mistake-48\" target=\"_blank\" rel=\"noopener\">Prueba StylingCV AI gratis \u2192<\/a>\n  <\/div>\n<\/div>\n\n\n\n<script type=\"application\/ld+json\">\n{\n  \"@context\": \"https:\/\/schema.org\",\n  \"@type\": \"FAQPage\",\n  \"mainEntity\": [{\n    \"@type\": \"Question\",\n    \"name\": \"\u00bfCu\u00e1les son los errores comunes al escribir la informaci\u00f3n de contacto en un curr\u00edculum?\",\n    \"acceptedAnswer\": {\n      \"@type\": \"Answer\",\n      \"text\": \"Los errores comunes incluyen elecciones de formato que dificultan la lectura, contenido gen\u00e9rico que no muestra tu valor \u00fanico, falta de palabras clave importantes que buscan los sistemas ATS, longitud inapropiada seg\u00fan el nivel de experiencia, dise\u00f1o demasiado complejo que confunde a los sistemas, tono o lenguaje poco profesional, estructura il\u00f3gica que oculta informaci\u00f3n relevante, fechas inconsistentes o ausentes que generan dudas, informaci\u00f3n de contacto desactualizada o poco profesional y secciones mal organizadas que no destacan las principales cualificaciones. Soluciona estos errores usando un dise\u00f1o limpio de una sola columna, adaptando el contenido a cada postulaci\u00f3n, investigando palabras clave espec\u00edficas del puesto, manteniendo el curr\u00edculum en 1-2 p\u00e1ginas seg\u00fan tu experiencia, utilizando plantillas compatibles con ATS, manteniendo un lenguaje profesional, organizando con jerarqu\u00eda clara, proporcionando rangos de fechas completos, usando direcciones de correo electr\u00f3nico profesionales y estructurando las secciones de manera l\u00f3gica con la informaci\u00f3n m\u00e1s importante al inicio. Siempre revisa varias veces y pide a otras personas que revisen tu curr\u00edculum para detectar estos errores comunes.\"\n    }\n  }]\n}\n<\/script>\n<style>.entry-content a[href*=\"ai.stylingcv.com\"]:not(.scv-exit-cta){transition:transform 0.2s ease,box-shadow 0.2s ease}.entry-content a[href*=\"ai.stylingcv.com\"]:not(.scv-exit-cta):hover{transform:translateY(-2px);box-shadow:0 4px 12px rgba(38,133,153,0.25)}<\/style>","protected":false},"excerpt":{"rendered":"<p>Inicio\u203aFAQ\u203aFAQ \ud83d\udccb FAQ \u00bfCu\u00e1les son los errores comunes al escribir la informaci\u00f3n de contacto en un curr\u00edculum? \ud83d\udcc5 Actualizado marzo 2026 &nbsp; \u23f1 3 min de lectura &nbsp; \u2705 Verificado por expertos Los errores comunes incluyen elecciones de formato que dificultan la lectura, contenido gen\u00e9rico que no muestra tu valor \u00fanico, falta de palabras clave&#8230;<\/p>\n","protected":false},"author":0,"featured_media":0,"parent":639,"menu_order":0,"comment_status":"closed","ping_status":"closed","template":"","meta":{"footnotes":""},"class_list":["post-871","page","type-page","status-publish","hentry"," c-blog-1-item  nt-post-class"],"yoast_head":"<!-- This site is optimized with the Yoast SEO Premium plugin v26.5 (Yoast SEO v26.5) - https:\/\/yoast.com\/wordpress\/plugins\/seo\/ -->\n<title>Errores comunes en la informaci\u00f3n de contacto del curr\u00edculum<\/title>\n<meta name=\"description\" content=\"Descubre los errores m\u00e1s comunes al escribir la informaci\u00f3n de contacto en tu curr\u00edculum y aprende c\u00f3mo evitarlos para destacar en tu b\u00fasqueda de empleo.\" \/>\n<meta name=\"robots\" content=\"index, follow, max-snippet:-1, max-image-preview:large, max-video-preview:-1\" \/>\n<link rel=\"canonical\" href=\"https:\/\/stylingcv.com\/es\/faq\/resume-mistake-48\/\" \/>\n<meta property=\"og:locale\" content=\"en_US\" \/>\n<meta property=\"og:type\" content=\"article\" \/>\n<meta property=\"og:title\" content=\"\u00bfCu\u00e1les son los errores comunes al escribir la informaci\u00f3n de contacto en un curr\u00edculum?\" \/>\n<meta property=\"og:description\" content=\"Descubre los errores m\u00e1s comunes al escribir la informaci\u00f3n de contacto en tu curr\u00edculum y aprende c\u00f3mo evitarlos para destacar en tu b\u00fasqueda de empleo.\" \/>\n<meta property=\"og:url\" content=\"https:\/\/stylingcv.com\/es\/faq\/resume-mistake-48\/\" \/>\n<meta property=\"og:site_name\" content=\"StylingCV - Espa\u00f1ol\" \/>\n<meta name=\"twitter:card\" content=\"summary_large_image\" \/>\n<meta name=\"twitter:label1\" content=\"Est. reading time\" \/>\n\t<meta name=\"twitter:data1\" content=\"2 minutes\" \/>\n<script type=\"application\/ld+json\" class=\"yoast-schema-graph\">{\"@context\":\"https:\/\/schema.org\",\"@graph\":[{\"@type\":\"WebPage\",\"@id\":\"https:\/\/wp.stylingcv.com\/es\/faq\/resume-mistake-48\/\",\"url\":\"https:\/\/wp.stylingcv.com\/es\/faq\/resume-mistake-48\/\",\"name\":\"Errores comunes en la informaci\u00f3n de contacto del curr\u00edculum\",\"isPartOf\":{\"@id\":\"https:\/\/wp.stylingcv.com\/es\/#website\"},\"datePublished\":\"2026-02-25T03:46:30+00:00\",\"description\":\"Descubre los errores m\u00e1s comunes al escribir la informaci\u00f3n de contacto en tu curr\u00edculum y aprende c\u00f3mo evitarlos para destacar en tu b\u00fasqueda de empleo.\",\"breadcrumb\":{\"@id\":\"https:\/\/wp.stylingcv.com\/es\/faq\/resume-mistake-48\/#breadcrumb\"},\"inLanguage\":\"en-US\",\"potentialAction\":[{\"@type\":\"ReadAction\",\"target\":[\"https:\/\/wp.stylingcv.com\/es\/faq\/resume-mistake-48\/\"]}]},{\"@type\":\"BreadcrumbList\",\"@id\":\"https:\/\/wp.stylingcv.com\/es\/faq\/resume-mistake-48\/#breadcrumb\",\"itemListElement\":[{\"@type\":\"ListItem\",\"position\":1,\"name\":\"Home\",\"item\":\"https:\/\/wp.stylingcv.com\/es\/\"},{\"@type\":\"ListItem\",\"position\":2,\"name\":\"Preguntas Frecuentes\",\"item\":\"https:\/\/wp.stylingcv.com\/es\/faq\/\"},{\"@type\":\"ListItem\",\"position\":3,\"name\":\"\u00bfCu\u00e1les son los errores comunes al escribir la informaci\u00f3n de contacto en un curr\u00edculum?\"}]},{\"@type\":\"WebSite\",\"@id\":\"https:\/\/wp.stylingcv.com\/es\/#website\",\"url\":\"https:\/\/wp.stylingcv.com\/es\/\",\"name\":\"StylingCV - Espa\u00f1ol\",\"description\":\"\",\"potentialAction\":[{\"@type\":\"SearchAction\",\"target\":{\"@type\":\"EntryPoint\",\"urlTemplate\":\"https:\/\/wp.stylingcv.com\/es\/?s={search_term_string}\"},\"query-input\":{\"@type\":\"PropertyValueSpecification\",\"valueRequired\":true,\"valueName\":\"search_term_string\"}}],\"inLanguage\":\"en-US\"}]}<\/script>\n<!-- \/ Yoast SEO Premium plugin. -->","yoast_head_json":{"title":"Errores comunes en la informaci\u00f3n de contacto del curr\u00edculum","description":"Descubre los errores m\u00e1s comunes al escribir la informaci\u00f3n de contacto en tu curr\u00edculum y aprende c\u00f3mo evitarlos para destacar en tu b\u00fasqueda de empleo.","robots":{"index":"index","follow":"follow","max-snippet":"max-snippet:-1","max-image-preview":"max-image-preview:large","max-video-preview":"max-video-preview:-1"},"canonical":"https:\/\/stylingcv.com\/es\/faq\/resume-mistake-48\/","og_locale":"en_US","og_type":"article","og_title":"\u00bfCu\u00e1les son los errores comunes al escribir la informaci\u00f3n de contacto en un curr\u00edculum?","og_description":"Descubre los errores m\u00e1s comunes al escribir la informaci\u00f3n de contacto en tu curr\u00edculum y aprende c\u00f3mo evitarlos para destacar en tu b\u00fasqueda de empleo.","og_url":"https:\/\/stylingcv.com\/es\/faq\/resume-mistake-48\/","og_site_name":"StylingCV - Espa\u00f1ol","twitter_card":"summary_large_image","twitter_misc":{"Est. reading time":"2 minutes"},"schema":{"@context":"https:\/\/schema.org","@graph":[{"@type":"WebPage","@id":"https:\/\/wp.stylingcv.com\/es\/faq\/resume-mistake-48\/","url":"https:\/\/wp.stylingcv.com\/es\/faq\/resume-mistake-48\/","name":"Errores comunes en la informaci\u00f3n de contacto del curr\u00edculum","isPartOf":{"@id":"https:\/\/wp.stylingcv.com\/es\/#website"},"datePublished":"2026-02-25T03:46:30+00:00","description":"Descubre los errores m\u00e1s comunes al escribir la informaci\u00f3n de contacto en tu curr\u00edculum y aprende c\u00f3mo evitarlos para destacar en tu b\u00fasqueda de empleo.","breadcrumb":{"@id":"https:\/\/wp.stylingcv.com\/es\/faq\/resume-mistake-48\/#breadcrumb"},"inLanguage":"en-US","potentialAction":[{"@type":"ReadAction","target":["https:\/\/wp.stylingcv.com\/es\/faq\/resume-mistake-48\/"]}]},{"@type":"BreadcrumbList","@id":"https:\/\/wp.stylingcv.com\/es\/faq\/resume-mistake-48\/#breadcrumb","itemListElement":[{"@type":"ListItem","position":1,"name":"Home","item":"https:\/\/wp.stylingcv.com\/es\/"},{"@type":"ListItem","position":2,"name":"Preguntas Frecuentes","item":"https:\/\/wp.stylingcv.com\/es\/faq\/"},{"@type":"ListItem","position":3,"name":"\u00bfCu\u00e1les son los errores comunes al escribir la informaci\u00f3n de contacto en un curr\u00edculum?"}]},{"@type":"WebSite","@id":"https:\/\/wp.stylingcv.com\/es\/#website","url":"https:\/\/wp.stylingcv.com\/es\/","name":"StylingCV - Espa\u00f1ol","description":"","potentialAction":[{"@type":"SearchAction","target":{"@type":"EntryPoint","urlTemplate":"https:\/\/wp.stylingcv.com\/es\/?s={search_term_string}"},"query-input":{"@type":"PropertyValueSpecification","valueRequired":true,"valueName":"search_term_string"}}],"inLanguage":"en-US"}]}},"_links":{"self":[{"href":"https:\/\/wp.stylingcv.com\/es\/wp-json\/wp\/v2\/pages\/871","targetHints":{"allow":["GET"]}}],"collection":[{"href":"https:\/\/wp.stylingcv.com\/es\/wp-json\/wp\/v2\/pages"}],"about":[{"href":"https:\/\/wp.stylingcv.com\/es\/wp-json\/wp\/v2\/types\/page"}],"replies":[{"embeddable":true,"href":"https:\/\/wp.stylingcv.com\/es\/wp-json\/wp\/v2\/comments?post=871"}],"version-history":[{"count":0,"href":"https:\/\/wp.stylingcv.com\/es\/wp-json\/wp\/v2\/pages\/871\/revisions"}],"up":[{"embeddable":true,"href":"https:\/\/wp.stylingcv.com\/es\/wp-json\/wp\/v2\/pages\/639"}],"wp:attachment":[{"href":"https:\/\/wp.stylingcv.com\/es\/wp-json\/wp\/v2\/media?parent=871"}],"curies":[{"name":"wp","href":"https:\/\/api.w.org\/{rel}","templated":true}]}}