{"id":852,"date":"2026-02-25T03:45:53","date_gmt":"2026-02-25T03:45:53","guid":{"rendered":"https:\/\/stylingcv.com\/es\/carta-presentacion-oportunidad-internacional\/"},"modified":"2026-02-25T03:45:53","modified_gmt":"2026-02-25T03:45:53","slug":"cover-letter-type-29","status":"publish","type":"page","link":"https:\/\/wp.stylingcv.com\/es\/cover-letter-type-29\/","title":{"rendered":"\u00bfC\u00f3mo escribo una carta de presentaci\u00f3n convincente para una oportunidad internacional?"},"content":{"rendered":"\n<p class=\"faq-category\"><strong>Categor\u00eda:<\/strong> Preguntas frecuentes sobre cartas de presentaci\u00f3n<\/p>\n\n\n\n<h2 class=\"wp-block-heading\">\u00bfC\u00f3mo escribo una carta de presentaci\u00f3n convincente para una oportunidad internacional?<\/h2>\n\n\n\n<p>Una carta de presentaci\u00f3n convincente complementa tu curr\u00edculum contando tu historia \u00fanica y presentando un argumento s\u00f3lido de por qu\u00e9 eres el candidato ideal, especialmente al buscar una oportunidad internacional. Es tu oportunidad de cerrar brechas culturales, demostrar conciencia global y mostrar tu adaptabilidad. Aunque los principios b\u00e1sicos de una carta de presentaci\u00f3n s\u00f3lida se mantienen, una postulaci\u00f3n internacional requiere un nivel adicional de personalizaci\u00f3n estrat\u00e9gica y sensibilidad cultural.<\/p>\n\n\n\n<p><strong>La base: estructura y tono<\/strong><\/p>\n\n\n\n<p>Tu carta de presentaci\u00f3n debe seguir generalmente una estructura profesional est\u00e1ndar, normalmente de 3 a 4 p\u00e1rrafos, en una sola p\u00e1gina (250-400 palabras es un buen objetivo). Escribe en un tono profesional pero conversacional, permitiendo que tu personalidad se refleje sin perder la formalidad. Recuerda, eres una persona comunic\u00e1ndote con otra, a menudo a trav\u00e9s de fronteras. Siempre dirige la carta al responsable de selecci\u00f3n por su nombre si es posible; una b\u00fasqueda r\u00e1pida en LinkedIn suele revelar esta informaci\u00f3n. Las cartas gen\u00e9ricas rara vez son efectivas y, para puestos internacionales, pueden indicar falta de inter\u00e9s genuino o comprensi\u00f3n. Enf\u00f3cate en lo que puedes aportar al empleador y a su equipo internacional, no solo en tu deseo de vivir una nueva experiencia. Utiliza voz activa y verbos de acci\u00f3n fuertes para transmitir confianza e impacto. Revisa cuidadosamente varias veces; los errores son especialmente perjudiciales en aplicaciones internacionales, ya que pueden percibirse como falta de atenci\u00f3n al detalle o de habilidades de comunicaci\u00f3n.<\/p>\n\n\n\n<p><strong>Gu\u00eda paso a paso para crear tu carta de presentaci\u00f3n internacional<\/strong><\/p>\n\n\n\n<p>Escribir una carta de presentaci\u00f3n para un puesto internacional requiere un enfoque met\u00f3dico, asegurando que cada elemento est\u00e9 adaptado para lograr el m\u00e1ximo impacto.<\/p>\n\n\n\n<ul class=\"wp-block-list\">\n<li><strong>Paso 1: Investigaci\u00f3n profunda (empresa, puesto y cultura):<\/strong> M\u00e1s all\u00e1 de comprender la descripci\u00f3n del puesto, investiga la presencia global de la empresa, sus valores, proyectos internacionales recientes e incluso la cultura empresarial general del pa\u00eds de destino. Busca noticias, iniciativas o productos que conecten con tu experiencia y entusiasmo. Por ejemplo, si la empresa se expandi\u00f3 recientemente a un nuevo mercado, menciona c\u00f3mo tus habilidades en comunicaci\u00f3n intercultural podr\u00edan apoyar ese crecimiento. Entender los matices culturales de la comunicaci\u00f3n empresarial en el pa\u00eds objetivo (por ejemplo, estilos de comunicaci\u00f3n directos vs. indirectos, niveles de formalidad) es crucial.<\/li>\n<li><strong>Paso 2: Define tus puntos clave de venta (con enfoque global):<\/strong> Identifica 2-3 de tus logros m\u00e1s relevantes que respondan directamente a los requisitos del puesto. Para roles internacionales, enfatiza experiencias que demuestren adaptabilidad, resiliencia, colaboraci\u00f3n intercultural, habilidades ling\u00fc\u00edsticas o trabajo con equipos diversos. Piensa en proyectos donde superaste barreras geogr\u00e1ficas o te comunicaste eficazmente con hablantes no nativos.<\/li>\n<li><strong>Paso 3: Redacta un p\u00e1rrafo inicial impactante:<\/strong> Este es tu gancho. Comienza expresando entusiasmo genuino por el puesto y la empresa espec\u00edficos. Demuestra tu investigaci\u00f3n mencionando un logro reciente de la empresa, un producto espec\u00edfico o una iniciativa internacional que te entusiasme. Es fundamental conectar esto con tus aspiraciones de carrera internacional.\n    <br><em>Ejemplo: &#8220;Habiendo seguido de cerca la innovadora expansi\u00f3n de [Nombre de la empresa] en el mercado APAC, me atrajo especialmente el puesto de [T\u00edtulo del puesto]. Mi experiencia liderando equipos de proyectos diversos en varios continentes, junto con mi dominio de [idioma relevante], se alinea perfectamente con su misi\u00f3n de fomentar la colaboraci\u00f3n global y potenciar el crecimiento en mercados desafiantes.&#8221;<\/em><\/li>\n<li><strong>Paso 4: Desarrolla p\u00e1rrafos intermedios s\u00f3lidos (muestra, no solo cuentes):<\/strong> Proporciona 2-3 ejemplos concretos de logros relevantes. Utiliza el m\u00e9todo STAR (Situaci\u00f3n, Tarea, Acci\u00f3n, Resultado) para estructurar tus historias, cuantificando los resultados con m\u00e9tricas espec\u00edficas siempre que sea posible.\n    <br><em>Ejemplo: &#8220;En mi puesto anterior como [Tu puesto anterior] en [Empresa anterior], lider\u00e9 una iniciativa para integrar un nuevo sistema CRM en nuestras oficinas europeas. Esto implic\u00f3 navegar diferentes marcos regulatorios y estilos de comunicaci\u00f3n cultural, logrando una mejora del 15% en la consistencia de los datos y una reducci\u00f3n del 10% en los costos operativos en seis meses.&#8221;<\/em>\n    <br>Conecta expl\u00edcitamente tu experiencia con lo que el empleador internacional necesita. Si tienes experiencia viviendo o trabajando en el extranjero, destaca c\u00f3mo eso te ha preparado para este puesto. Explica cualquier transici\u00f3n de carrera o aspectos \u00fanicos de tu perfil, present\u00e1ndolos como fortalezas que contribuyen a tu perspectiva global.<\/li>\n<li><strong>Paso 5: Exp\u00f3n tu encaje global y aborda aspectos pr\u00e1cticos:<\/strong> Aqu\u00ed es donde el aspecto internacional realmente destaca.\n    <ul>\n        <li><strong>Dominio de idiomas:<\/strong> Indica claramente cualquier habilidad ling\u00fc\u00edstica relevante y tu nivel de fluidez, especialmente si el puesto lo requiere.<\/li>\n        <li><strong>Adaptabilidad cultural:<\/strong> Proporciona ejemplos de tu capacidad para adaptarte a nuevos entornos, estilos de trabajo o normas culturales.<\/li>\n        <li><strong>Visa\/Traslado:<\/strong> Aborda de forma breve y segura tu elegibilidad para trabajar en el pa\u00eds de destino. Si necesitas patrocinio, lo mejor es indicar tu comprensi\u00f3n del proceso y tu disposici\u00f3n a colaborar, en lugar de hacerlo el tema principal. Si ya tienes autorizaci\u00f3n de trabajo o est\u00e1s dispuesto a mudarte por tu cuenta, ind\u00edcalo claramente para disipar posibles preocupaciones.<\/li>\n        <li><strong>Entusiasmo por la ubicaci\u00f3n:<\/strong> Muestra inter\u00e9s genuino por el pa\u00eds o ciudad, mencionando alg\u00fan aspecto espec\u00edfico que te atraiga profesional o personalmente (por ejemplo, su ecosistema tecnol\u00f3gico, diversidad cultural, industria espec\u00edfica).<\/li>\n    <\/ul>\n<\/li>\n<li><strong>Paso 6: Redacta un p\u00e1rrafo de cierre potente:<\/strong> Reitera tu gran inter\u00e9s en el puesto y la empresa espec\u00edficos, enfatizando tus cualificaciones \u00fanicas para una posici\u00f3n internacional. Incluye un llamado a la acci\u00f3n claro, expresando tu deseo de participar en una entrevista para conversar c\u00f3mo tus habilidades y mentalidad global pueden contribuir a su \u00e9xito.<\/li>\n<li><strong>Paso 7: Revisa y perfecciona:<\/strong> M\u00e1s all\u00e1 de la gram\u00e1tica y ortograf\u00eda, revisa la adecuaci\u00f3n cultural. Si es posible, pide a un hablante nativo que revise el tono y la claridad. Aseg\u00farate de que el texto fluya de manera l\u00f3gica y persuasiva. Utiliza herramientas como el <a href=\"https:\/\/stylingcv.com\/ar\/blog\/ats-resume-tips\/\" target=\"_blank\" rel=\"noopener\">asistente de redacci\u00f3n con IA de StylingCV<\/a> para pulir tu lenguaje y garantizar la concisi\u00f3n.<\/li>\n<\/ul>\n\n\n\n<h3 class=\"wp-block-heading\">Errores comunes a evitar en cartas de presentaci\u00f3n internacionales<\/h3>\n\n\n\n<p>Navegar el mercado laboral global implica evitar errores comunes que pueden descarrilar una postulaci\u00f3n por lo dem\u00e1s s\u00f3lida.<\/p>\n\n\n\n<ul class=\"wp-block-list\">\n<li><strong>Ser gen\u00e9rico:<\/strong> Una carta &#8220;para todos&#8221; demuestra falta de inter\u00e9s serio. Cada postulaci\u00f3n internacional exige personalizaci\u00f3n.<\/li>\n<li><strong>Ignorar los matices culturales:<\/strong> Lo que es aceptable en un pa\u00eds puede ser ofensivo en otro. Investiga estilos de comunicaci\u00f3n, formalidad y lo que se valora en las interacciones profesionales.<\/li>\n<li><strong>No abordar la autorizaci\u00f3n de trabajo:<\/strong> Si necesitas visa, ignorarlo no lo har\u00e1 desaparecer. Indica brevemente tu situaci\u00f3n y tu disposici\u00f3n a gestionar el proceso. Si no necesitas patrocinio, d\u00e9jalo claro.<\/li>\n<li><strong>Enfocarse solo en el deseo de viajar:<\/strong> Aunque tu deseo de una experiencia internacional es v\u00e1lido, la carta debe centrarse principalmente en lo que puedes aportar a la empresa. Expresa tus aspiraciones globales en t\u00e9rminos de crecimiento profesional y contribuci\u00f3n.<\/li>\n<li><strong>Errores gramaticales y ortogr\u00e1ficos:<\/strong> Siempre son perjudiciales, pero para roles internacionales pueden percibirse como falta de profesionalismo o de habilidades de comunicaci\u00f3n, especialmente si el puesto requiere dominio del ingl\u00e9s o del idioma local.<\/li>\n<li><strong>Exagerar habilidades ling\u00fc\u00edsticas:<\/strong> S\u00e9 honesto sobre tu nivel. Un conocimiento b\u00e1sico es diferente a la fluidez profesional.<\/li>\n<li><strong>Ignorar el formato local:<\/strong> Aunque es menos com\u00fan en aplicaciones internacionales en ingl\u00e9s, algunos pa\u00edses tienen expectativas espec\u00edficas para la correspondencia profesional. Una b\u00fasqueda r\u00e1pida puede confirmar si aplica alguna variaci\u00f3n local.<\/li>\n<\/ul>\n\n\n\n<h3 class=\"wp-block-heading\">Consejos por sector para cartas de presentaci\u00f3n internacionales<\/h3>\n\n\n\n<p>Adaptar tu carta de presentaci\u00f3n a tu sector espec\u00edfico, combinado con un enfoque internacional, puede aumentar significativamente tus posibilidades.<\/p>\n\n\n\n<ul class=\"wp-block-list\">\n<li><strong>Tecnolog\u00eda e IT:<\/strong> Destaca experiencia con equipos remotos, metodolog\u00edas \u00e1giles, contribuciones a proyectos open-source y tecnolog\u00edas relevantes para plataformas globales. Enfatiza la resoluci\u00f3n de problemas en diferentes zonas horarias y contextos culturales.<\/li>\n<li><strong>Finanzas y banca:<\/strong> Enf\u00f3cate en el conocimiento de mercados internacionales, cumplimiento normativo (por ejemplo, GDPR, leyes financieras locales), transacciones transfronterizas y experiencia con instrumentos financieros globales. Destaca integridad y gesti\u00f3n de riesgos.<\/li>\n<li><strong>Marketing y ventas:<\/strong> Muestra experiencia en campa\u00f1as internacionales, estrategias de entrada a mercados, adaptaci\u00f3n de mensajes para audiencias diversas y comprensi\u00f3n del comportamiento global del consumidor. Las habilidades ling\u00fc\u00edsticas suelen ser muy valoradas aqu\u00ed.<\/li>\n<li><strong>Salud y farmac\u00e9utica:<\/strong> Enfatiza el cumplimiento de est\u00e1ndares internacionales de salud, experiencia con poblaciones de pacientes diversas, ensayos cl\u00ednicos globales o modelos de atenci\u00f3n sanitaria intercultural.<\/li>\n<li><strong>ONG y desarrollo:<\/strong> Destaca experiencia en entornos multiculturales, participaci\u00f3n comunitaria, gesti\u00f3n de proyectos en contextos globales desafiantes y un fuerte compromiso con objetivos humanitarios o de desarrollo.<\/li>\n<\/ul>\n\n\n\n<h3 class=\"wp-block-heading\">Buenas pr\u00e1cticas para cartas de presentaci\u00f3n internacionales<\/h3>\n\n\n\n<ul class=\"wp-block-list\">\n<li><strong>La personalizaci\u00f3n es clave:<\/strong> Nunca env\u00edes una carta gen\u00e9rica. Investiga a fondo la empresa, el puesto y el pa\u00eds.<\/li>\n<li><strong>Destaca la adaptabilidad:<\/strong> Proporciona ejemplos concretos de c\u00f3mo has navegado con \u00e9xito nuevos entornos, culturas o desaf\u00edos.<\/li>\n<li><strong>Muestra habilidades ling\u00fc\u00edsticas:<\/strong> Indica claramente tu nivel en los idiomas relevantes.<\/li>\n<li><strong>Aborda la autorizaci\u00f3n de trabajo proactivamente:<\/strong> S\u00e9 claro y conciso sobre tu estatus de visa o disposici\u00f3n a mudarte.<\/li>\n<li><strong>Enf\u00f3cate en &#8220;ellos&#8221;:<\/strong> Demuestra c\u00f3mo tus habilidades y perspectiva internacional beneficiar\u00e1n al empleador.<\/li>\n<li><strong>Revisa meticulosamente:<\/strong> Los errores minan tu profesionalismo, especialmente al postular internacionalmente.<\/li>\n<li><strong>Usa verbos de acci\u00f3n fuertes:<\/strong> Transmite confianza e impacto.<\/li>\n<li><strong>Mant\u00e9n un tono profesional pero cercano:<\/strong> S\u00e9 humano, pero siempre profesional.<\/li>\n<li><strong>Aprovecha tu red:<\/strong> Si conoces a alguien en la empresa, menciona tu referencia (con su permiso).<\/li>\n<\/ul>\n\n\n\n<p>Siguiendo estas pautas, tu carta de presentaci\u00f3n internacional destacar\u00e1, demostrando no solo tus cualificaciones sino tambi\u00e9n tu preparaci\u00f3n global e inteligencia cultural.<\/p>\n\n\n\n<hr class=\"wp-block-separator has-alpha-channel-opacity\"\/>\n\n\n\n<h3 class=\"wp-block-heading\">Diferencias clave: cartas de presentaci\u00f3n nacionales vs. internacionales<\/h3>\n\n\n\n<figure class=\"wp-block-table\"><table><thead><tr><th>Aspecto<\/th><th>Carta de presentaci\u00f3n nacional<\/th><th>Carta de presentaci\u00f3n internacional<\/th><\/tr><\/thead><tbody><tr><td><strong>Enfoque principal<\/strong><\/td><td>Coincidencia de habilidades con el puesto, encaje con la empresa<\/td><td>Coincidencia de habilidades, encaje cultural, adaptabilidad, perspectiva global<\/td><\/tr><tr><td><strong>Alcance de la investigaci\u00f3n<\/strong><\/td><td>Empresa, puesto, tendencias locales del sector<\/td><td>Empresa, puesto, sector local, cultura empresarial del pa\u00eds, factores de posible traslado<\/td><\/tr><tr><td><strong>Habilidades enfatizadas<\/strong><\/td><td>Habilidades t\u00e9cnicas\/blandas espec\u00edficas del puesto<\/td><td>Habilidades espec\u00edficas del puesto + comunicaci\u00f3n intercultural, adaptabilidad, dominio de idiomas, experiencia en proyectos globales<\/td><\/tr><tr><td><strong>Visa\/Permiso de trabajo<\/strong><\/td><td>Rara vez se menciona (se asume elegibilidad)<\/td><td>A menudo requiere menci\u00f3n expl\u00edcita y breve del estatus o disposici\u00f3n a obtenerlo<\/td><\/tr><tr><td><strong>Conciencia cultural<\/strong><\/td><td>Entendimiento impl\u00edcito de las normas locales<\/td><td>Demostraci\u00f3n expl\u00edcita de sensibilidad cultural y comprensi\u00f3n del pa\u00eds de destino<\/td><\/tr><tr><td><strong>Traslado\/viajes<\/strong><\/td><td>Si aplica, menci\u00f3n breve<\/td><td>Suele ser un punto clave; expresa entusiasmo por el traslado y el nuevo entorno<\/td><\/tr><tr><td><strong>Tono\/formalidad<\/strong><\/td><td>Puede variar seg\u00fan sector\/empresa<\/td><td>Puede requerir ajuste seg\u00fan el estilo de comunicaci\u00f3n empresarial del pa\u00eds objetivo<\/td><\/tr><tr><td><strong>Idioma<\/strong><\/td><td>Idioma nativo del pa\u00eds de postulaci\u00f3n<\/td><td>A menudo ingl\u00e9s, pero el dominio del idioma local puede ser un gran activo y debe destacarse<\/td><\/tr><\/tbody><\/table><\/figure>\n\n\n\n<h3 class=\"wp-block-heading\">Errores comunes en cartas de presentaci\u00f3n internacionales y c\u00f3mo solucionarlos<\/h3>\n\n\n\n<figure class=\"wp-block-table\"><table><thead><tr><th>Error<\/th><th>Por qu\u00e9 es perjudicial<\/th><th>C\u00f3mo solucionarlo<\/th><\/tr><\/thead><tbody><tr><td><strong>Apertura gen\u00e9rica<\/strong><\/td><td>Indica falta de inter\u00e9s genuino en el puesto\/empresa internacional.<\/td><td>Menciona noticias espec\u00edficas de la empresa, proyectos internacionales o valores que te inspiren.<\/td><\/tr><tr><td><strong>Ignorar el contexto cultural<\/strong><\/td><td>Puede llevar a un tono inapropiado, ejemplos fuera de lugar o incluso falta de respeto percibida.<\/td><td>Investiga la etiqueta empresarial del pa\u00eds objetivo y adapta tu lenguaje\/ejemplos en consecuencia.<\/td><\/tr><tr><td><strong>Habilidades ling\u00fc\u00edsticas vagas<\/strong><\/td><td>Los reclutadores necesitan saber tu nivel exacto, especialmente para equipos globales.<\/td><td>Especifica idiomas y niveles de dominio (por ejemplo, &#8220;Fluido en espa\u00f1ol&#8221;, &#8220;Competencia profesional en mandar\u00edn&#8221;).<\/td><\/tr><tr><td><strong>No abordar el permiso de trabajo<\/strong><\/td><td>Deja una pregunta cr\u00edtica sin responder, lo que puede llevar a un rechazo inmediato.<\/td><td>Indica brevemente tu estatus de autorizaci\u00f3n laboral o disposici\u00f3n a gestionar las visas necesarias.<\/td><\/tr><\/tbody><\/table><\/figure>\n\n<p>\ud83d\udc49 <a href=\"https:\/\/stylingcv.com\/cover-letter-writing\/\">creador de cartas de presentaci\u00f3n<\/a><\/p>\n\n<p>\ud83d\udc49 <a href=\"https:\/\/stylingcv.com\/guides\/\">gu\u00edas para escribir curr\u00edculums<\/a><\/p>\n\n<p>\ud83d\udc49 <a href=\"https:\/\/stylingcv.com\/resume-templates\/\">plantillas de curr\u00edculum compatibles con ATS<\/a><\/p>\n\n<p><strong>\ud83d\udca1 Consejo profesional:<\/strong> StylingCV no es solo un creador de curr\u00edculums \u2014 es un creador inteligente con IA que piensa. <a href=\"https:\/\/stylingcv.com\/resume-builder\/\">Creador de curr\u00edculums con IA optimizado para ATS<\/a> en menos de 2 minutos.<\/p>\n<!-- stylingcv-hub-links --><div class=\"stylingcv-related-resources\" style=\"margin-top:30px;padding:20px;background:#f8f9fa;border-left:4px solid #1abc9c;border-radius:4px;\"><h3 style=\"margin-top:0;color:#2c3e50;\">Explora m\u00e1s recursos<\/h3><ul style=\"list-style:none;padding:0;\"><li><a href=\"https:\/\/stylingcv.com\/cover-letter-writing\/\">Gu\u00eda para escribir cartas de presentaci\u00f3n<\/a> &mdash; Tu gu\u00eda completa<\/li><li><a href=\"https:\/\/stylingcv.com\/cover-letter-template-marketing\/\">Plantilla de carta de presentaci\u00f3n para marketing: digital y marca<\/a><\/li><li><a href=\"https:\/\/stylingcv.com\/cover-letter-type-35\/\">\u00bfC\u00f3mo escribo una carta de presentaci\u00f3n convincente para un puesto creativo?<\/a><\/li><li><a href=\"https:\/\/stylingcv.com\/cover-letter-career-change\/\">C\u00f3mo escribir una carta de presentaci\u00f3n para cambio de carrera: completo<\/a><\/li><\/ul><p style=\"margin-bottom:0;font-size:14px;color:#7f8c8d;\">No solo un creador de curr\u00edculums &mdash; un creador inteligente con IA que piensa. <a href=\"https:\/\/stylingcv.com\/resume-builder\/\" style=\"color:#1abc9c;font-weight:bold;\">Crea tu curr\u00edculum en menos de 2 minutos &rarr;<\/a><\/p><\/div><!-- \/stylingcv-hub-links -->","protected":false},"excerpt":{"rendered":"<p>Redacta una carta de presentaci\u00f3n convincente para oportunidades internacionales. Aborda habilidades interculturales y experiencia global que valoran los empleadores.<\/p>\n","protected":false},"author":0,"featured_media":0,"parent":0,"menu_order":0,"comment_status":"closed","ping_status":"closed","template":"","meta":{"footnotes":""},"class_list":["post-852","page","type-page","status-publish","hentry"," c-blog-1-item  nt-post-class"],"yoast_head":"<!-- This site is optimized with the Yoast SEO Premium plugin v26.5 (Yoast SEO v26.5) - https:\/\/yoast.com\/wordpress\/plugins\/seo\/ -->\n<title>Carta de presentaci\u00f3n internacional: empleos globales |<\/title>\n<meta name=\"description\" content=\"Redacta una carta de presentaci\u00f3n para empleos internacionales. Consejos para postulaciones transfronterizas, matices culturales y patrocinio de visa.\" \/>\n<meta name=\"robots\" content=\"index, follow, max-snippet:-1, max-image-preview:large, max-video-preview:-1\" \/>\n<link rel=\"canonical\" href=\"https:\/\/stylingcv.com\/es\/cover-letter-type-29\/\" \/>\n<meta property=\"og:locale\" content=\"en_US\" \/>\n<meta property=\"og:type\" content=\"article\" \/>\n<meta property=\"og:title\" content=\"\u00bfC\u00f3mo escribo una carta de presentaci\u00f3n convincente para una oportunidad internacional?\" \/>\n<meta property=\"og:description\" content=\"Redacta una carta de presentaci\u00f3n para empleos internacionales. Consejos para postulaciones transfronterizas, matices culturales y patrocinio de visa.\" \/>\n<meta property=\"og:url\" content=\"https:\/\/stylingcv.com\/es\/cover-letter-type-29\/\" \/>\n<meta property=\"og:site_name\" content=\"StylingCV - Espa\u00f1ol\" \/>\n<meta name=\"twitter:card\" content=\"summary_large_image\" \/>\n<meta name=\"twitter:label1\" content=\"Est. reading time\" \/>\n\t<meta name=\"twitter:data1\" content=\"11 minutes\" \/>\n<script type=\"application\/ld+json\" class=\"yoast-schema-graph\">{\"@context\":\"https:\/\/schema.org\",\"@graph\":[{\"@type\":\"WebPage\",\"@id\":\"https:\/\/wp.stylingcv.com\/es\/cover-letter-type-29\/\",\"url\":\"https:\/\/wp.stylingcv.com\/es\/cover-letter-type-29\/\",\"name\":\"Carta de presentaci\u00f3n internacional: empleos globales |\",\"isPartOf\":{\"@id\":\"https:\/\/wp.stylingcv.com\/es\/#website\"},\"datePublished\":\"2026-02-25T03:45:53+00:00\",\"description\":\"Redacta una carta de presentaci\u00f3n para empleos internacionales. Consejos para postulaciones transfronterizas, matices culturales y patrocinio de visa.\",\"breadcrumb\":{\"@id\":\"https:\/\/wp.stylingcv.com\/es\/cover-letter-type-29\/#breadcrumb\"},\"inLanguage\":\"en-US\",\"potentialAction\":[{\"@type\":\"ReadAction\",\"target\":[\"https:\/\/wp.stylingcv.com\/es\/cover-letter-type-29\/\"]}]},{\"@type\":\"BreadcrumbList\",\"@id\":\"https:\/\/wp.stylingcv.com\/es\/cover-letter-type-29\/#breadcrumb\",\"itemListElement\":[{\"@type\":\"ListItem\",\"position\":1,\"name\":\"Home\",\"item\":\"https:\/\/wp.stylingcv.com\/es\/\"},{\"@type\":\"ListItem\",\"position\":2,\"name\":\"\u00bfC\u00f3mo escribo una carta de presentaci\u00f3n convincente para una oportunidad internacional?\"}]},{\"@type\":\"WebSite\",\"@id\":\"https:\/\/wp.stylingcv.com\/es\/#website\",\"url\":\"https:\/\/wp.stylingcv.com\/es\/\",\"name\":\"StylingCV - Espa\u00f1ol\",\"description\":\"\",\"potentialAction\":[{\"@type\":\"SearchAction\",\"target\":{\"@type\":\"EntryPoint\",\"urlTemplate\":\"https:\/\/wp.stylingcv.com\/es\/?s={search_term_string}\"},\"query-input\":{\"@type\":\"PropertyValueSpecification\",\"valueRequired\":true,\"valueName\":\"search_term_string\"}}],\"inLanguage\":\"en-US\"}]}<\/script>\n<!-- \/ Yoast SEO Premium plugin. -->","yoast_head_json":{"title":"Carta de presentaci\u00f3n internacional: empleos globales |","description":"Redacta una carta de presentaci\u00f3n para empleos internacionales. Consejos para postulaciones transfronterizas, matices culturales y patrocinio de visa.","robots":{"index":"index","follow":"follow","max-snippet":"max-snippet:-1","max-image-preview":"max-image-preview:large","max-video-preview":"max-video-preview:-1"},"canonical":"https:\/\/stylingcv.com\/es\/cover-letter-type-29\/","og_locale":"en_US","og_type":"article","og_title":"\u00bfC\u00f3mo escribo una carta de presentaci\u00f3n convincente para una oportunidad internacional?","og_description":"Redacta una carta de presentaci\u00f3n para empleos internacionales. Consejos para postulaciones transfronterizas, matices culturales y patrocinio de visa.","og_url":"https:\/\/stylingcv.com\/es\/cover-letter-type-29\/","og_site_name":"StylingCV - Espa\u00f1ol","twitter_card":"summary_large_image","twitter_misc":{"Est. reading time":"11 minutes"},"schema":{"@context":"https:\/\/schema.org","@graph":[{"@type":"WebPage","@id":"https:\/\/wp.stylingcv.com\/es\/cover-letter-type-29\/","url":"https:\/\/wp.stylingcv.com\/es\/cover-letter-type-29\/","name":"Carta de presentaci\u00f3n internacional: empleos globales |","isPartOf":{"@id":"https:\/\/wp.stylingcv.com\/es\/#website"},"datePublished":"2026-02-25T03:45:53+00:00","description":"Redacta una carta de presentaci\u00f3n para empleos internacionales. Consejos para postulaciones transfronterizas, matices culturales y patrocinio de visa.","breadcrumb":{"@id":"https:\/\/wp.stylingcv.com\/es\/cover-letter-type-29\/#breadcrumb"},"inLanguage":"en-US","potentialAction":[{"@type":"ReadAction","target":["https:\/\/wp.stylingcv.com\/es\/cover-letter-type-29\/"]}]},{"@type":"BreadcrumbList","@id":"https:\/\/wp.stylingcv.com\/es\/cover-letter-type-29\/#breadcrumb","itemListElement":[{"@type":"ListItem","position":1,"name":"Home","item":"https:\/\/wp.stylingcv.com\/es\/"},{"@type":"ListItem","position":2,"name":"\u00bfC\u00f3mo escribo una carta de presentaci\u00f3n convincente para una oportunidad internacional?"}]},{"@type":"WebSite","@id":"https:\/\/wp.stylingcv.com\/es\/#website","url":"https:\/\/wp.stylingcv.com\/es\/","name":"StylingCV - Espa\u00f1ol","description":"","potentialAction":[{"@type":"SearchAction","target":{"@type":"EntryPoint","urlTemplate":"https:\/\/wp.stylingcv.com\/es\/?s={search_term_string}"},"query-input":{"@type":"PropertyValueSpecification","valueRequired":true,"valueName":"search_term_string"}}],"inLanguage":"en-US"}]}},"_links":{"self":[{"href":"https:\/\/wp.stylingcv.com\/es\/wp-json\/wp\/v2\/pages\/852","targetHints":{"allow":["GET"]}}],"collection":[{"href":"https:\/\/wp.stylingcv.com\/es\/wp-json\/wp\/v2\/pages"}],"about":[{"href":"https:\/\/wp.stylingcv.com\/es\/wp-json\/wp\/v2\/types\/page"}],"replies":[{"embeddable":true,"href":"https:\/\/wp.stylingcv.com\/es\/wp-json\/wp\/v2\/comments?post=852"}],"version-history":[{"count":0,"href":"https:\/\/wp.stylingcv.com\/es\/wp-json\/wp\/v2\/pages\/852\/revisions"}],"wp:attachment":[{"href":"https:\/\/wp.stylingcv.com\/es\/wp-json\/wp\/v2\/media?parent=852"}],"curies":[{"name":"wp","href":"https:\/\/api.w.org\/{rel}","templated":true}]}}