{"id":849,"date":"2026-02-25T03:45:48","date_gmt":"2026-02-25T03:45:48","guid":{"rendered":"https:\/\/stylingcv.com\/es\/guias-curriculum-carrera\/como-anadir-curriculum-linkedin\/como-usar-linkedin-para-ventas\/"},"modified":"2026-02-25T03:45:48","modified_gmt":"2026-02-25T03:45:48","slug":"linkedin-use-26","status":"publish","type":"page","link":"https:\/\/wp.stylingcv.com\/es\/guides\/add-resume-to-linkedin\/linkedin-use-26\/","title":{"rendered":"\u00bfC\u00f3mo uso LinkedIn para ventas?"},"content":{"rendered":"\n<p class=\"faq-category\"><strong>Categor\u00eda:<\/strong> Preguntas frecuentes sobre LinkedIn y Networking<\/p>\n\n\n\n<h2 class=\"wp-block-heading\">\u00bfC\u00f3mo uso LinkedIn para ventas?<\/h2>\n\n\n\n<p>LinkedIn es una plataforma poderosa cuando se utiliza estrat\u00e9gicamente. Optimiza tu perfil con una foto profesional, un titular atractivo con palabras clave, una secci\u00f3n Acerca de detallada que muestre tu experiencia, experiencia laboral completa con logros, habilidades relevantes avaladas por tus contactos y recomendaciones de colegas. Para la b\u00fasqueda de empleo, utiliza filtros avanzados, configura alertas, post\u00falate r\u00e1pidamente a nuevas ofertas y contacta directamente a los responsables de contrataci\u00f3n. Para hacer networking, env\u00eda solicitudes de conexi\u00f3n personalizadas, interact\u00faa de manera aut\u00e9ntica con el contenido de otros, comparte ideas valiosas, participa en grupos y asiste a eventos virtuales. Construye tu marca personal publicando de manera constante de 2 a 4 veces por semana, compartiendo conocimientos del sector y lecciones aprendidas, usando hashtags relevantes, interactuando con los comentarios y estableciendo tu experiencia en tu nicho. Crea contenido que aporte valor: gu\u00edas pr\u00e1cticas, an\u00e1lisis de la industria, consejos de carrera e historias personales con aprendizajes. Para reclutamiento o desarrollo de negocios, construye listas de conexiones espec\u00edficas, comparte contenido de liderazgo de pensamiento e interact\u00faa regularmente. Utiliza LinkedIn Learning para desarrollar habilidades. Investiga empresas e industrias siguiendo organizaciones, monitoreando actividades de la competencia y siguiendo tendencias. Mide el \u00e9xito a trav\u00e9s de las visualizaciones de tu perfil, el crecimiento de conexiones, la interacci\u00f3n en tus publicaciones y las oportunidades generadas.<\/p>\n\n\n\n<hr class=\"wp-block-separator has-alpha-channel-opacity\"\/>\n\n\n\n<h3 class=\"wp-block-heading\">\u00bfNecesitas ayuda con tu curr\u00edculum?<\/h3>\n\n\n\n<p>Nuestro creador de curr\u00edculums impulsado por IA en <a href=\"https:\/\/ai.stylingcv.com\/ai-generatorsignup?utm_source=stylingcv&utm_medium=website&utm_campaign=cta&utm_content=linkedin-use-26\" target=\"_blank\" rel=\"noopener\">StylingCV AI<\/a> puede ayudarte a crear un curr\u00edculum profesional optimizado para ATS en minutos. \u00a1Empieza hoy!<\/p>\n\n\n\n<div class=\"wp-block-buttons is-layout-flex wp-block-buttons-is-layout-flex\">\n\n<div class=\"wp-block-button cta-button\"><a class=\"wp-block-button__link has-primary-background-color has-background wp-element-button\" href=\"https:\/\/ai.stylingcv.com\/ai-generatorsignup?utm_source=stylingcv&utm_medium=website&utm_campaign=cta&utm_content=linkedin-use-26\" target=\"_blank\" rel=\"noopener\">Prueba StylingCV AI Gratis \u2192<\/a><\/div>\n\n\n\n\n<p>\ud83d\udc49 <a href=\"https:\/\/stylingcv.com\/guides\/\">gu\u00edas expertas de curr\u00edculum<\/a><\/p>\n\n<p>\ud83d\udc49 <a href=\"https:\/\/stylingcv.com\/resume-templates\/\">plantillas de curr\u00edculum<\/a><\/p>\n\n<p><strong>\ud83d\udca1 Consejo Pro:<\/strong> StylingCV no es solo un creador de curr\u00edculums \u2014 es un creador inteligente con IA que piensa. <a href=\"https:\/\/stylingcv.com\/resume-builder\/\">crea tu curr\u00edculum en menos de 2 minutos<\/a> en menos de 2 minutos.<\/p>\n<\/div>\n\n\n\n<script type=\"application\/ld+json\">\n{\n  \"@context\": \"https:\/\/schema.org\",\n  \"@type\": \"FAQPage\",\n  \"mainEntity\": [{\n    \"@type\": \"Question\",\n    \"name\": \"\u00bfC\u00f3mo uso LinkedIn para ventas?\",\n    \"acceptedAnswer\": {\n      \"@type\": \"Answer\",\n      \"text\": \"LinkedIn es una plataforma poderosa cuando se utiliza estrat\u00e9gicamente. Optimiza tu perfil con una foto profesional, un titular atractivo con palabras clave, una secci\u00f3n Acerca de detallada que muestre tu experiencia, experiencia laboral completa con logros, habilidades relevantes avaladas por tus contactos y recomendaciones de colegas. Para la b\u00fasqueda de empleo, utiliza filtros avanzados, configura alertas, post\u00falate r\u00e1pidamente a nuevas ofertas y contacta directamente a los responsables de contrataci\u00f3n. Para hacer networking, env\u00eda solicitudes de conexi\u00f3n personalizadas, interact\u00faa de manera aut\u00e9ntica con el contenido de otros, comparte ideas valiosas, participa en grupos y asiste a eventos virtuales. Construye tu marca personal publicando de manera constante de 2 a 4 veces por semana, compartiendo conocimientos del sector y lecciones aprendidas, usando hashtags relevantes, interactuando con los comentarios y estableciendo tu experiencia en tu nicho. Crea contenido que aporte valor: gu\u00edas pr\u00e1cticas, an\u00e1lisis de la industria, consejos de carrera e historias personales con aprendizajes. Para reclutamiento o desarrollo de negocios, construye listas de conexiones espec\u00edficas, comparte contenido de liderazgo de pensamiento e interact\u00faa regularmente. Utiliza LinkedIn Learning para desarrollar habilidades. Investiga empresas e industrias siguiendo organizaciones, monitoreando actividades de la competencia y siguiendo tendencias. Mide el \u00e9xito a trav\u00e9s de las visualizaciones de tu perfil, el crecimiento de conexiones, la interacci\u00f3n en tus publicaciones y las oportunidades generadas.\"\n    }\n  }]\n}\n<\/script>\n\n\n\n<p class=\"faq-keywords\"><small><strong>Relacionado:<\/strong> Estrategia en LinkedIn, networking profesional, optimizaci\u00f3n de LinkedIn, consejos de LinkedIn, networking de carrera<\/small><\/p>\n<!-- stylingcv-hub-links --><div class=\"stylingcv-related-resources\" style=\"margin-top:30px;padding:20px;background:#f8f9fa;border-left:4px solid #1abc9c;border-radius:4px;\"><h3 style=\"margin-top:0;color:#2c3e50;\">Explora m\u00e1s recursos<\/h3><ul style=\"list-style:none;padding:0;\"><li><a href=\"https:\/\/stylingcv.com\/add-resume-to-linkedin\/\">Optimizaci\u00f3n de LinkedIn<\/a> &mdash; Tu gu\u00eda completa<\/li><li><a href=\"https:\/\/stylingcv.com\/linkedin-headline-51\/\">\u00bfC\u00f3mo optimizo mi titular de LinkedIn?<\/a><\/li><li><a href=\"https:\/\/stylingcv.com\/linkedin-profile-optimization-2026-get-your-dream-job-stylingcv\/\">Optimizaci\u00f3n de perfil de LinkedIn 2026: Consigue tu trabajo so\u00f1ado | &#8230;<\/a><\/li><li><a href=\"https:\/\/stylingcv.com\/linkedin-headline-11\/\">\u00bfC\u00f3mo optimizo mi titular de LinkedIn?<\/a><\/li><\/ul><p style=\"margin-bottom:0;font-size:14px;color:#7f8c8d;\">No solo un creador de curr\u00edculums &mdash; un creador inteligente con IA que piensa. <a href=\"https:\/\/stylingcv.com\/resume-builder\/\" style=\"color:#1abc9c;font-weight:bold;\">Crea tu curr\u00edculum en menos de 2 minutos &rarr;<\/a><\/p><\/div><!-- \/stylingcv-hub-links --><style>.entry-content a[href*=\"ai.stylingcv.com\"]:not(.scv-exit-cta){transition:transform 0.2s ease,box-shadow 0.2s ease}.entry-content a[href*=\"ai.stylingcv.com\"]:not(.scv-exit-cta):hover{transform:translateY(-2px);box-shadow:0 4px 12px rgba(38,133,153,0.25)}<\/style>","protected":false},"excerpt":{"rendered":"<p>Aprovecha LinkedIn para la prospecci\u00f3n de ventas y generaci\u00f3n de leads. Construye tu marca personal y conecta eficazmente con los responsables de decisi\u00f3n.<\/p>\n","protected":false},"author":0,"featured_media":0,"parent":424,"menu_order":0,"comment_status":"closed","ping_status":"closed","template":"","meta":{"footnotes":""},"class_list":["post-849","page","type-page","status-publish","hentry"," c-blog-1-item  nt-post-class"],"yoast_head":"<!-- This site is optimized with the Yoast SEO Premium plugin v26.5 (Yoast SEO v26.5) - https:\/\/yoast.com\/wordpress\/plugins\/seo\/ -->\n<title>LinkedIn para profesionales de ventas | StylingCV<\/title>\n<meta name=\"description\" content=\"Utiliza LinkedIn para impulsar tu carrera en ventas. Consejos de social selling, estrategias de prospecci\u00f3n y optimizaci\u00f3n de perfil para profesionales de\" \/>\n<meta name=\"robots\" content=\"index, follow, max-snippet:-1, max-image-preview:large, max-video-preview:-1\" \/>\n<link rel=\"canonical\" href=\"https:\/\/stylingcv.com\/es\/guides\/add-resume-to-linkedin\/linkedin-use-26\/\" \/>\n<meta property=\"og:locale\" content=\"en_US\" \/>\n<meta property=\"og:type\" content=\"article\" \/>\n<meta property=\"og:title\" content=\"\u00bfC\u00f3mo uso LinkedIn para ventas?\" \/>\n<meta property=\"og:description\" content=\"Utiliza LinkedIn para impulsar tu carrera en ventas. Consejos de social selling, estrategias de prospecci\u00f3n y optimizaci\u00f3n de perfil para profesionales de\" \/>\n<meta property=\"og:url\" content=\"https:\/\/stylingcv.com\/es\/guides\/add-resume-to-linkedin\/linkedin-use-26\/\" \/>\n<meta property=\"og:site_name\" content=\"StylingCV - Espa\u00f1ol\" \/>\n<meta name=\"twitter:card\" content=\"summary_large_image\" \/>\n<meta name=\"twitter:label1\" content=\"Est. reading time\" \/>\n\t<meta name=\"twitter:data1\" content=\"2 minutes\" \/>\n<script type=\"application\/ld+json\" class=\"yoast-schema-graph\">{\"@context\":\"https:\/\/schema.org\",\"@graph\":[{\"@type\":\"WebPage\",\"@id\":\"https:\/\/wp.stylingcv.com\/es\/guides\/add-resume-to-linkedin\/linkedin-use-26\/\",\"url\":\"https:\/\/wp.stylingcv.com\/es\/guides\/add-resume-to-linkedin\/linkedin-use-26\/\",\"name\":\"LinkedIn para profesionales de ventas | StylingCV\",\"isPartOf\":{\"@id\":\"https:\/\/wp.stylingcv.com\/es\/#website\"},\"datePublished\":\"2026-02-25T03:45:48+00:00\",\"description\":\"Utiliza LinkedIn para impulsar tu carrera en ventas. Consejos de social selling, estrategias de prospecci\u00f3n y optimizaci\u00f3n de perfil para profesionales de\",\"breadcrumb\":{\"@id\":\"https:\/\/wp.stylingcv.com\/es\/guides\/add-resume-to-linkedin\/linkedin-use-26\/#breadcrumb\"},\"inLanguage\":\"en-US\",\"potentialAction\":[{\"@type\":\"ReadAction\",\"target\":[\"https:\/\/wp.stylingcv.com\/es\/guides\/add-resume-to-linkedin\/linkedin-use-26\/\"]}]},{\"@type\":\"BreadcrumbList\",\"@id\":\"https:\/\/wp.stylingcv.com\/es\/guides\/add-resume-to-linkedin\/linkedin-use-26\/#breadcrumb\",\"itemListElement\":[{\"@type\":\"ListItem\",\"position\":1,\"name\":\"Home\",\"item\":\"https:\/\/wp.stylingcv.com\/es\/\"},{\"@type\":\"ListItem\",\"position\":2,\"name\":\"Gu\u00edas de Curr\u00edculum y Carrera: Recursos Expertos para Buscadores de Empleo\",\"item\":\"https:\/\/wp.stylingcv.com\/es\/guides\/\"},{\"@type\":\"ListItem\",\"position\":3,\"name\":\"C\u00f3mo A\u00f1adir tu Curr\u00edculum a LinkedIn (Gu\u00eda Paso a Paso)\",\"item\":\"https:\/\/wp.stylingcv.com\/es\/guides\/add-resume-to-linkedin\/\"},{\"@type\":\"ListItem\",\"position\":4,\"name\":\"\u00bfC\u00f3mo uso LinkedIn para ventas?\"}]},{\"@type\":\"WebSite\",\"@id\":\"https:\/\/wp.stylingcv.com\/es\/#website\",\"url\":\"https:\/\/wp.stylingcv.com\/es\/\",\"name\":\"StylingCV - Espa\u00f1ol\",\"description\":\"\",\"potentialAction\":[{\"@type\":\"SearchAction\",\"target\":{\"@type\":\"EntryPoint\",\"urlTemplate\":\"https:\/\/wp.stylingcv.com\/es\/?s={search_term_string}\"},\"query-input\":{\"@type\":\"PropertyValueSpecification\",\"valueRequired\":true,\"valueName\":\"search_term_string\"}}],\"inLanguage\":\"en-US\"}]}<\/script>\n<!-- \/ Yoast SEO Premium plugin. -->","yoast_head_json":{"title":"LinkedIn para profesionales de ventas | StylingCV","description":"Utiliza LinkedIn para impulsar tu carrera en ventas. Consejos de social selling, estrategias de prospecci\u00f3n y optimizaci\u00f3n de perfil para profesionales de","robots":{"index":"index","follow":"follow","max-snippet":"max-snippet:-1","max-image-preview":"max-image-preview:large","max-video-preview":"max-video-preview:-1"},"canonical":"https:\/\/stylingcv.com\/es\/guides\/add-resume-to-linkedin\/linkedin-use-26\/","og_locale":"en_US","og_type":"article","og_title":"\u00bfC\u00f3mo uso LinkedIn para ventas?","og_description":"Utiliza LinkedIn para impulsar tu carrera en ventas. Consejos de social selling, estrategias de prospecci\u00f3n y optimizaci\u00f3n de perfil para profesionales de","og_url":"https:\/\/stylingcv.com\/es\/guides\/add-resume-to-linkedin\/linkedin-use-26\/","og_site_name":"StylingCV - Espa\u00f1ol","twitter_card":"summary_large_image","twitter_misc":{"Est. reading time":"2 minutes"},"schema":{"@context":"https:\/\/schema.org","@graph":[{"@type":"WebPage","@id":"https:\/\/wp.stylingcv.com\/es\/guides\/add-resume-to-linkedin\/linkedin-use-26\/","url":"https:\/\/wp.stylingcv.com\/es\/guides\/add-resume-to-linkedin\/linkedin-use-26\/","name":"LinkedIn para profesionales de ventas | StylingCV","isPartOf":{"@id":"https:\/\/wp.stylingcv.com\/es\/#website"},"datePublished":"2026-02-25T03:45:48+00:00","description":"Utiliza LinkedIn para impulsar tu carrera en ventas. Consejos de social selling, estrategias de prospecci\u00f3n y optimizaci\u00f3n de perfil para profesionales de","breadcrumb":{"@id":"https:\/\/wp.stylingcv.com\/es\/guides\/add-resume-to-linkedin\/linkedin-use-26\/#breadcrumb"},"inLanguage":"en-US","potentialAction":[{"@type":"ReadAction","target":["https:\/\/wp.stylingcv.com\/es\/guides\/add-resume-to-linkedin\/linkedin-use-26\/"]}]},{"@type":"BreadcrumbList","@id":"https:\/\/wp.stylingcv.com\/es\/guides\/add-resume-to-linkedin\/linkedin-use-26\/#breadcrumb","itemListElement":[{"@type":"ListItem","position":1,"name":"Home","item":"https:\/\/wp.stylingcv.com\/es\/"},{"@type":"ListItem","position":2,"name":"Gu\u00edas de Curr\u00edculum y Carrera: Recursos Expertos para Buscadores de Empleo","item":"https:\/\/wp.stylingcv.com\/es\/guides\/"},{"@type":"ListItem","position":3,"name":"C\u00f3mo A\u00f1adir tu Curr\u00edculum a LinkedIn (Gu\u00eda Paso a Paso)","item":"https:\/\/wp.stylingcv.com\/es\/guides\/add-resume-to-linkedin\/"},{"@type":"ListItem","position":4,"name":"\u00bfC\u00f3mo uso LinkedIn para ventas?"}]},{"@type":"WebSite","@id":"https:\/\/wp.stylingcv.com\/es\/#website","url":"https:\/\/wp.stylingcv.com\/es\/","name":"StylingCV - Espa\u00f1ol","description":"","potentialAction":[{"@type":"SearchAction","target":{"@type":"EntryPoint","urlTemplate":"https:\/\/wp.stylingcv.com\/es\/?s={search_term_string}"},"query-input":{"@type":"PropertyValueSpecification","valueRequired":true,"valueName":"search_term_string"}}],"inLanguage":"en-US"}]}},"_links":{"self":[{"href":"https:\/\/wp.stylingcv.com\/es\/wp-json\/wp\/v2\/pages\/849","targetHints":{"allow":["GET"]}}],"collection":[{"href":"https:\/\/wp.stylingcv.com\/es\/wp-json\/wp\/v2\/pages"}],"about":[{"href":"https:\/\/wp.stylingcv.com\/es\/wp-json\/wp\/v2\/types\/page"}],"replies":[{"embeddable":true,"href":"https:\/\/wp.stylingcv.com\/es\/wp-json\/wp\/v2\/comments?post=849"}],"version-history":[{"count":0,"href":"https:\/\/wp.stylingcv.com\/es\/wp-json\/wp\/v2\/pages\/849\/revisions"}],"up":[{"embeddable":true,"href":"https:\/\/wp.stylingcv.com\/es\/wp-json\/wp\/v2\/pages\/424"}],"wp:attachment":[{"href":"https:\/\/wp.stylingcv.com\/es\/wp-json\/wp\/v2\/media?parent=849"}],"curies":[{"name":"wp","href":"https:\/\/api.w.org\/{rel}","templated":true}]}}