{"id":840,"date":"2026-02-25T03:45:30","date_gmt":"2026-02-25T03:45:30","guid":{"rendered":"https:\/\/stylingcv.com\/es\/carta-presentacion-ventas\/"},"modified":"2026-02-25T03:45:30","modified_gmt":"2026-02-25T03:45:30","slug":"cover-letter-type-17","status":"publish","type":"page","link":"https:\/\/wp.stylingcv.com\/es\/cover-letter-type-17\/","title":{"rendered":"\u00bfC\u00f3mo escribo una carta de presentaci\u00f3n convincente para un puesto de ventas?"},"content":{"rendered":"\n<p class=\"faq-category\"><strong>Categor\u00eda:<\/strong> Preguntas frecuentes sobre cartas de presentaci\u00f3n<\/p>\n\n\n\n<h2 class=\"wp-block-heading\">\u00bfC\u00f3mo escribo una carta de presentaci\u00f3n convincente para un puesto de ventas?<\/h2>\n\n\n\n<p>Una carta de presentaci\u00f3n convincente complementa tu curr\u00edculum contando tu historia y argumentando por qu\u00e9 eres el candidato ideal para un puesto de ventas. Es tu oportunidad de expresar tu pasi\u00f3n por las ventas, mostrar tu propuesta de valor \u00fanica y conectar tus logros pasados directamente con las necesidades del empleador potencial. Mientras tu curr\u00edculum enumera tus logros, tu carta de presentaci\u00f3n proporciona la narrativa, demostrando tu comprensi\u00f3n del puesto y de la empresa.<\/p>\n\n\n\n<h3 class=\"wp-block-heading\">Proceso paso a paso para crear una carta de presentaci\u00f3n ganadora en ventas<\/h3>\n\n\n\n<p>Crear una carta de presentaci\u00f3n de ventas realmente impactante implica m\u00e1s que solo enumerar tus cualificaciones. Requiere pensamiento estrat\u00e9gico y una comprensi\u00f3n clara de lo que buscan los responsables de contrataci\u00f3n en ventas. Sigue estos pasos para asegurarte de que tu carta destaque:<\/p>\n\n\n\n<h4 class=\"wp-block-heading\">Paso 1: Investiga como un profesional de ventas (antes de escribir)<\/h4>\n\n\n\n<p>Antes de escribir una sola palabra, sum\u00e9rgete en la investigaci\u00f3n. Esto es crucial para personalizar tu carta y demostrar inter\u00e9s genuino, una caracter\u00edstica clave para cualquier profesional exitoso en ventas.<\/p>\n<ul>\n<li><strong>Investiga a fondo la empresa:<\/strong> Ve m\u00e1s all\u00e1 de la p\u00e1gina &#8220;Sobre nosotros&#8221;. Explora sus noticias recientes, lanzamientos de productos, posici\u00f3n en el mercado, cultura de empresa, valores e incluso su presencia en redes sociales. \u00bfCu\u00e1les son sus desaf\u00edos actuales o iniciativas de crecimiento? Mencionar estos aspectos demuestra que has hecho tu tarea y entiendes su entorno empresarial.<\/li>\n<li><strong>Analiza la descripci\u00f3n del puesto:<\/strong> Identifica las responsabilidades clave, habilidades requeridas y m\u00e9tricas espec\u00edficas mencionadas. Estas son las palabras clave y temas que debes incorporar en tu carta. Para roles de ventas, busca t\u00e9rminos como &#8220;cumplimiento de cuota&#8221;, &#8220;generaci\u00f3n de leads&#8221;, &#8220;manejo de CRM&#8221;, &#8220;adquisici\u00f3n de clientes&#8221;, &#8220;crecimiento de ingresos&#8221; y &#8220;negociaci\u00f3n&#8221;.<\/li>\n<li><strong>Identifica al responsable de contrataci\u00f3n:<\/strong> Siempre que sea posible, dirige tu carta a una persona espec\u00edfica. Usa LinkedIn o el sitio web de la empresa para encontrar el nombre y cargo del responsable de contrataci\u00f3n o del jefe del departamento de ventas. Un saludo personalizado capta la atenci\u00f3n de inmediato. Si no puedes encontrar un nombre, &#8220;Estimado responsable de selecci\u00f3n&#8221; o &#8220;Estimado comit\u00e9 de contrataci\u00f3n de ventas&#8221; es aceptable.<\/li>\n<\/ul>\n\n\n\n<h4 class=\"wp-block-heading\">Paso 2: Esquematiza tu narrativa (planifica tu argumento)<\/h4>\n\n\n\n<p>Piensa en tu carta de presentaci\u00f3n como un argumento de ventas sobre ti mismo. \u00bfCu\u00e1les son los puntos clave que quieres transmitir? Esquematiza tus p\u00e1rrafos antes de redactar.<\/p>\n<ul>\n<li><strong>Gancho inicial:<\/strong> \u00bfC\u00f3mo captar\u00e1s su atenci\u00f3n de inmediato? Esto debe expresar entusiasmo genuino por el puesto y la empresa, y mencionar brevemente por qu\u00e9 eres el candidato ideal.<\/li>\n<li><strong>P\u00e1rrafos centrales (2-3):<\/strong> Aqu\u00ed es donde proporcionas ejemplos concretos de tus logros relevantes. Usa el <a href=\"https:\/\/www.stylingcv.com\/blog\/star-method-examples-for-resume\" target=\"_blank\" rel=\"noopener\">[INTERNAL_LINK_1: M\u00e9todo STAR]<\/a> o el m\u00e9todo PAR (Problema-Acci\u00f3n-Resultado). Enf\u00f3cate en resultados cuantificables. Para ventas, esto significa n\u00fameros: ingresos generados, porcentaje de aumento en ventas, n\u00famero de nuevos clientes, cumplimiento de cuota, tama\u00f1o promedio de acuerdos o tasas de retenci\u00f3n de clientes.<\/li>\n<li><strong>Cierre con llamado a la acci\u00f3n:<\/strong> Reitera tu gran inter\u00e9s y expresa claramente lo que deseas que suceda a continuaci\u00f3n (por ejemplo, una entrevista).<\/li>\n<\/ul>\n\n\n\n<h4 class=\"wp-block-heading\">Paso 3: Redacta con impacto (cuenta tu historia de ventas)<\/h4>\n\n\n\n<p>Ahora, ponte manos a la obra y redacta tu historia convincente.<\/p>\n<ul>\n<li><strong>P\u00e1rrafo inicial:<\/strong> Capta la atenci\u00f3n del lector con entusiasmo genuino y conocimiento espec\u00edfico sobre la empresa o el puesto. Demuestra que has investigado mencionando noticias recientes, productos o iniciativas de la empresa que te entusiasman. Por ejemplo: <em>&#8220;Escribo con gran entusiasmo para expresar mi inter\u00e9s en el puesto de Ejecutivo Senior de Cuentas en [Nombre de la Empresa], especialmente motivado por su reciente \u00e9xito con [Producto\/Iniciativa Espec\u00edfica] y su enfoque innovador hacia [Tendencia del Mercado].&#8221;<\/em><\/li>\n<li><strong>P\u00e1rrafos centrales:<\/strong> Proporciona 2-3 ejemplos concretos de logros relevantes que respondan directamente a los requisitos clave del puesto. Usa m\u00e9tricas y resultados espec\u00edficos. Conecta tu experiencia expl\u00edcitamente con lo que necesitan. Explica cualquier transici\u00f3n o aspecto \u00fanico de tu trayectoria. Enf\u00f3cate en c\u00f3mo tus habilidades en ventas se traducen directamente en sus necesidades. Usa voz activa y verbos de acci\u00f3n fuertes.<\/li>\n<li><strong>P\u00e1rrafo final:<\/strong> Reitera tu inter\u00e9s y a\u00f1ade un llamado a la acci\u00f3n claro. Expresa tu entusiasmo por una entrevista para conversar sobre c\u00f3mo tus habilidades contribuir\u00e1n a sus objetivos de ventas. Por ejemplo: <em>&#8220;Estoy seguro de que mi historial comprobado superando metas de ventas y construyendo relaciones duraderas con clientes se alinea perfectamente con las exigencias de este puesto. Me encantar\u00eda conversar en una entrevista sobre c\u00f3mo mi experiencia puede aportar un valor significativo a los objetivos de ventas de [Nombre de la Empresa].&#8221;<\/em><\/li>\n<\/ul>\n\n\n\n<h4 class=\"wp-block-heading\">Paso 4: Revisa y perfecciona (asegura un argumento impecable)<\/h4>\n\n\n\n<p>Un profesional de ventas presta atenci\u00f3n al detalle. Tu carta de presentaci\u00f3n debe reflejarlo.<\/p>\n<ul>\n<li><strong>Optimizaci\u00f3n para ATS:<\/strong> Integra de forma natural palabras clave relevantes de la descripci\u00f3n del puesto a lo largo de tu carta para asegurar que pase los sistemas de seguimiento de candidatos (ATS).<\/li>\n<li><strong>Revisa varias veces:<\/strong> Los errores en cartas de presentaci\u00f3n son especialmente perjudiciales, ya que indican falta de atenci\u00f3n al detalle. L\u00e9ela en voz alta, usa correctores gramaticales y pide a un amigo o colega de confianza que la revise.<\/li>\n<li><strong>Longitud y formato:<\/strong> Mant\u00e9n la extensi\u00f3n total en una p\u00e1gina, normalmente 3-4 p\u00e1rrafos, 250-400 palabras. Escribe en un tono profesional pero conversacional: eres una persona hablando con otra persona. Muestra personalidad manteniendo la profesionalidad.<\/li>\n<\/ul>\n\n\n\n<h3 class=\"wp-block-heading\">Errores comunes que debes evitar en tu carta de presentaci\u00f3n de ventas<\/h3>\n\n\n\n<p>Incluso los profesionales de ventas m\u00e1s experimentados pueden cometer errores al redactar sus cartas de presentaci\u00f3n. Ten en cuenta estos errores comunes:<\/p>\n\n\n\n<ul class=\"wp-block-list\">\n<li><strong>Ser gen\u00e9rico:<\/strong> Una carta &#8220;para todos&#8221; le dice al responsable de selecci\u00f3n que no te interesa realmente su puesto. La personalizaci\u00f3n es imprescindible en ventas.<\/li>\n<li><strong>Repetir tu curr\u00edculum:<\/strong> Tu carta de presentaci\u00f3n debe ampliar tu curr\u00edculum, no solo repetir puntos. \u00dasala para dar contexto, contar historias y explicar tus motivaciones.<\/li>\n<li><strong>Enfocarse en el &#8220;yo&#8221;:<\/strong> Aunque se trata de tus cualificaciones, las mejores cartas de ventas se centran en lo que puedes aportar a la empresa, no en lo que la empresa puede hacer por ti. Cambia la perspectiva hacia sus necesidades y c\u00f3mo las resuelves.<\/li>\n<li><strong>Falta de resultados cuantificables:<\/strong> Las ventas son cuesti\u00f3n de n\u00fameros. Declaraciones vagas como &#8220;Aument\u00e9 las ventas&#8221; son d\u00e9biles. &#8220;Aument\u00e9 las ventas un 25% interanual, superando mi cuota en un 15% durante tres trimestres consecutivos&#8221; es potente.<\/li>\n<li><strong>Errores ortogr\u00e1ficos y gramaticales:<\/strong> Estos minan tu profesionalismo y atenci\u00f3n al detalle. Revisa, revisa y revisa.<\/li>\n<li><strong>Tono inapropiado:<\/strong> Aunque un tono profesional y conversacional es bueno, evita ser demasiado informal o demasiado r\u00edgido. Busca confianza y entusiasmo sin arrogancia.<\/li>\n<\/ul>\n\n\n\n<h3 class=\"wp-block-heading\">Consejos espec\u00edficos por sector: destaca en cartas de presentaci\u00f3n de ventas<\/h3>\n\n\n\n<p>Los puestos de ventas tienen requisitos y expectativas \u00fanicos. Adapta tu carta para resaltar estos atributos espec\u00edficos:<\/p>\n\n\n\n<ul class=\"wp-block-list\">\n<li><strong>Cuantifica todo:<\/strong> Esto es fundamental en ventas. Cada logro debe estar respaldado por un n\u00famero. Ingresos generados, porcentaje de cumplimiento de cuota, n\u00famero de nuevas cuentas, crecimiento porcentual en el territorio, tama\u00f1o promedio de acuerdos, rapidez en el cierre de ventas.<\/li>\n<li><strong>Destaca habilidades clave de ventas:<\/strong> Resalta habilidades cruciales para el \u00e9xito en ventas, como:\n<ul>\n<li><strong>Prospecci\u00f3n y generaci\u00f3n de leads:<\/strong> Tu capacidad para encontrar y calificar clientes potenciales.<\/li>\n<li><strong>Negociaci\u00f3n y cierre:<\/strong> Tu historial asegurando acuerdos y superando objeciones.<\/li>\n<li><strong>Construcci\u00f3n de relaciones y retenci\u00f3n de clientes:<\/strong> C\u00f3mo fomentas asociaciones a largo plazo.<\/li>\n<li><strong>Conocimiento de producto y del mercado:<\/strong> Tu capacidad para comprender r\u00e1pidamente ofertas complejas y din\u00e1micas de mercado.<\/li>\n<li><strong>Manejo de CRM:<\/strong> Menciona herramientas espec\u00edficas de CRM (por ejemplo, Salesforce, HubSpot) en las que tienes experiencia.<\/li>\n<li><strong>Resiliencia y motivaci\u00f3n:<\/strong> Las ventas pueden ser desafiantes; demuestra tu capacidad para perseverar y mantener una actitud positiva.<\/li>\n<\/ul>\n<\/li>\n<li><strong>Demuestra visi\u00f3n de negocio:<\/strong> Muestra comprensi\u00f3n del ciclo de ventas, tendencias del mercado y c\u00f3mo tu rol contribuye a los objetivos generales de la empresa.<\/li>\n<li><strong>Demuestra mentalidad &#8220;hunter&#8221; o &#8220;farmer&#8221;:<\/strong> Seg\u00fan el puesto (desarrollo de nuevos negocios vs. gesti\u00f3n de cuentas), resalta el enfoque relevante.<\/li>\n<\/ul>\n\n\n\n<h3 class=\"wp-block-heading\">Ejemplos reales y mejores pr\u00e1cticas<\/h3>\n\n\n\n<p>Veamos c\u00f3mo aplicar estos principios con ejemplos pr\u00e1cticos y mejores pr\u00e1cticas.<\/p>\n\n\n\n<h4 class=\"wp-block-heading\">Ejemplo: transformar una frase gen\u00e9rica en un logro de ventas<\/h4>\n\n\n\n<figure class=\"wp-block-table\"><table><thead><tr><th>Frase gen\u00e9rica<\/th><th>Logro de ventas convincente (con m\u00e9tricas)<\/th><\/tr><\/thead><tbody><tr><td>&#8220;Aument\u00e9 las ventas en mi puesto anterior.&#8221;<\/td><td>&#8220;Super\u00e9 la cuota anual de ventas en un promedio del 18% durante tres a\u00f1os, ubic\u00e1ndome consistentemente en el top 10% de un equipo de ventas de 50 personas.&#8221;<\/td><\/tr><tr><td>&#8220;Soy bueno encontrando nuevos clientes.&#8221;<\/td><td>&#8220;Gener\u00e9 con \u00e9xito m\u00e1s de 50 leads calificados al mes mediante prospecci\u00f3n en fr\u00edo y networking, logrando 15 nuevas adquisiciones de clientes en el primer a\u00f1o.&#8221;<\/td><\/tr><tr><td>&#8220;Gestion\u00e9 un territorio de ventas.&#8221;<\/td><td>&#8220;Hice crecer un territorio Mid-Market desafiante en un 35% de ingresos en 18 meses, implementando una estrategia de cuentas clave y optimizando el uso de CRM.&#8221;<\/td><\/tr><tr>\n\n\n<p>\ud83d\udc49 <a href=\"https:\/\/stylingcv.com\/cover-letter-writing\/\">plantillas de cartas de presentaci\u00f3n<\/a><\/p>\n\n<p>\ud83d\udc49 <a href=\"https:\/\/stylingcv.com\/guides\/\">ver todas las gu\u00edas de carrera<\/a><\/p>\n\n<p>\ud83d\udc49 <a href=\"https:\/\/stylingcv.com\/resume-templates\/\">plantillas de curr\u00edculum profesionales<\/a><\/p>\n\n<p><strong>\ud83d\udca1 Consejo profesional:<\/strong> StylingCV no es solo un creador de curr\u00edculums \u2014 es un generador inteligente con IA. <a href=\"https:\/\/stylingcv.com\/resume-builder\/\">crea tu curr\u00edculum en menos de 2 minutos<\/a> en menos de 2 minutos.<\/p>\n<!-- stylingcv-hub-links --><div class=\"stylingcv-related-resources\" style=\"margin-top:30px;padding:20px;background:#f8f9fa;border-left:4px solid #1abc9c;border-radius:4px;\"><h3 style=\"margin-top:0;color:#2c3e50;\">Explora m\u00e1s recursos<\/h3><ul style=\"list-style:none;padding:0;\"><li><a href=\"https:\/\/stylingcv.com\/cover-letter-writing\/\">Gu\u00eda para escribir cartas de presentaci\u00f3n<\/a> &mdash; Tu gu\u00eda completa<\/li><li><a href=\"https:\/\/stylingcv.com\/ai-cover-letter-generator-guide\/\">Generador de cartas de presentaci\u00f3n con IA: mejores herramientas y c\u00f3mo usarlas<\/a><\/li><li><a href=\"https:\/\/stylingcv.com\/cover-letter-type-23\/\">\u00bfC\u00f3mo escribo una carta de presentaci\u00f3n convincente para un puesto ejecutivo?<\/a><\/li><li><a href=\"https:\/\/stylingcv.com\/cover-letter-template-that-you-can-edit-today\/\">Plantilla de carta de presentaci\u00f3n editable hoy<\/a><\/li><\/ul><p style=\"margin-bottom:0;font-size:14px;color:#7f8c8d;\">No solo un creador de curr\u00edculums &mdash; un generador inteligente con IA. <a href=\"https:\/\/stylingcv.com\/resume-builder\/\" style=\"color:#1abc9c;font-weight:bold;\">Crea tu curr\u00edculum en menos de 2 minutos &rarr;<\/a><\/p><\/div><!-- \/stylingcv-hub-links -->","protected":false},"excerpt":{"rendered":"<p>Redacta una carta de presentaci\u00f3n para ventas orientada a resultados. Destaca tus logros en ingresos y habilidades de cierre con nuestra plantilla probada.<\/p>\n","protected":false},"author":0,"featured_media":0,"parent":0,"menu_order":0,"comment_status":"closed","ping_status":"closed","template":"","meta":{"footnotes":""},"class_list":["post-840","page","type-page","status-publish","hentry"," c-blog-1-item  nt-post-class"],"yoast_head":"<!-- This site is optimized with the Yoast SEO Premium plugin v26.5 (Yoast SEO v26.5) - https:\/\/yoast.com\/wordpress\/plugins\/seo\/ -->\n<title>Carta de presentaci\u00f3n para ventas: Cierra el trato |<\/title>\n<meta name=\"description\" content=\"Redacta una carta de presentaci\u00f3n para ventas que cierre el trato. Ejemplos con m\u00e9tricas, plantillas para contacto en fr\u00edo y t\u00e9cnicas de persuasi\u00f3n.\" \/>\n<meta name=\"robots\" content=\"index, follow, max-snippet:-1, max-image-preview:large, max-video-preview:-1\" \/>\n<link rel=\"canonical\" href=\"https:\/\/stylingcv.com\/es\/cover-letter-type-17\/\" \/>\n<meta property=\"og:locale\" content=\"en_US\" \/>\n<meta property=\"og:type\" content=\"article\" \/>\n<meta property=\"og:title\" content=\"\u00bfC\u00f3mo escribo una carta de presentaci\u00f3n convincente para un puesto de ventas?\" \/>\n<meta property=\"og:description\" content=\"Redacta una carta de presentaci\u00f3n para ventas que cierre el trato. Ejemplos con m\u00e9tricas, plantillas para contacto en fr\u00edo y t\u00e9cnicas de persuasi\u00f3n.\" \/>\n<meta property=\"og:url\" content=\"https:\/\/stylingcv.com\/es\/cover-letter-type-17\/\" \/>\n<meta property=\"og:site_name\" content=\"StylingCV - Espa\u00f1ol\" \/>\n<meta name=\"twitter:card\" content=\"summary_large_image\" \/>\n<meta name=\"twitter:label1\" content=\"Est. reading time\" \/>\n\t<meta name=\"twitter:data1\" content=\"8 minutes\" \/>\n<script type=\"application\/ld+json\" class=\"yoast-schema-graph\">{\"@context\":\"https:\/\/schema.org\",\"@graph\":[{\"@type\":\"WebPage\",\"@id\":\"https:\/\/wp.stylingcv.com\/es\/cover-letter-type-17\/\",\"url\":\"https:\/\/wp.stylingcv.com\/es\/cover-letter-type-17\/\",\"name\":\"Carta de presentaci\u00f3n para ventas: Cierra el trato |\",\"isPartOf\":{\"@id\":\"https:\/\/wp.stylingcv.com\/es\/#website\"},\"datePublished\":\"2026-02-25T03:45:30+00:00\",\"description\":\"Redacta una carta de presentaci\u00f3n para ventas que cierre el trato. Ejemplos con m\u00e9tricas, plantillas para contacto en fr\u00edo y t\u00e9cnicas de persuasi\u00f3n.\",\"breadcrumb\":{\"@id\":\"https:\/\/wp.stylingcv.com\/es\/cover-letter-type-17\/#breadcrumb\"},\"inLanguage\":\"en-US\",\"potentialAction\":[{\"@type\":\"ReadAction\",\"target\":[\"https:\/\/wp.stylingcv.com\/es\/cover-letter-type-17\/\"]}]},{\"@type\":\"BreadcrumbList\",\"@id\":\"https:\/\/wp.stylingcv.com\/es\/cover-letter-type-17\/#breadcrumb\",\"itemListElement\":[{\"@type\":\"ListItem\",\"position\":1,\"name\":\"Home\",\"item\":\"https:\/\/wp.stylingcv.com\/es\/\"},{\"@type\":\"ListItem\",\"position\":2,\"name\":\"\u00bfC\u00f3mo escribo una carta de presentaci\u00f3n convincente para un puesto de ventas?\"}]},{\"@type\":\"WebSite\",\"@id\":\"https:\/\/wp.stylingcv.com\/es\/#website\",\"url\":\"https:\/\/wp.stylingcv.com\/es\/\",\"name\":\"StylingCV - Espa\u00f1ol\",\"description\":\"\",\"potentialAction\":[{\"@type\":\"SearchAction\",\"target\":{\"@type\":\"EntryPoint\",\"urlTemplate\":\"https:\/\/wp.stylingcv.com\/es\/?s={search_term_string}\"},\"query-input\":{\"@type\":\"PropertyValueSpecification\",\"valueRequired\":true,\"valueName\":\"search_term_string\"}}],\"inLanguage\":\"en-US\"}]}<\/script>\n<!-- \/ Yoast SEO Premium plugin. -->","yoast_head_json":{"title":"Carta de presentaci\u00f3n para ventas: Cierra el trato |","description":"Redacta una carta de presentaci\u00f3n para ventas que cierre el trato. Ejemplos con m\u00e9tricas, plantillas para contacto en fr\u00edo y t\u00e9cnicas de persuasi\u00f3n.","robots":{"index":"index","follow":"follow","max-snippet":"max-snippet:-1","max-image-preview":"max-image-preview:large","max-video-preview":"max-video-preview:-1"},"canonical":"https:\/\/stylingcv.com\/es\/cover-letter-type-17\/","og_locale":"en_US","og_type":"article","og_title":"\u00bfC\u00f3mo escribo una carta de presentaci\u00f3n convincente para un puesto de ventas?","og_description":"Redacta una carta de presentaci\u00f3n para ventas que cierre el trato. Ejemplos con m\u00e9tricas, plantillas para contacto en fr\u00edo y t\u00e9cnicas de persuasi\u00f3n.","og_url":"https:\/\/stylingcv.com\/es\/cover-letter-type-17\/","og_site_name":"StylingCV - Espa\u00f1ol","twitter_card":"summary_large_image","twitter_misc":{"Est. reading time":"8 minutes"},"schema":{"@context":"https:\/\/schema.org","@graph":[{"@type":"WebPage","@id":"https:\/\/wp.stylingcv.com\/es\/cover-letter-type-17\/","url":"https:\/\/wp.stylingcv.com\/es\/cover-letter-type-17\/","name":"Carta de presentaci\u00f3n para ventas: Cierra el trato |","isPartOf":{"@id":"https:\/\/wp.stylingcv.com\/es\/#website"},"datePublished":"2026-02-25T03:45:30+00:00","description":"Redacta una carta de presentaci\u00f3n para ventas que cierre el trato. Ejemplos con m\u00e9tricas, plantillas para contacto en fr\u00edo y t\u00e9cnicas de persuasi\u00f3n.","breadcrumb":{"@id":"https:\/\/wp.stylingcv.com\/es\/cover-letter-type-17\/#breadcrumb"},"inLanguage":"en-US","potentialAction":[{"@type":"ReadAction","target":["https:\/\/wp.stylingcv.com\/es\/cover-letter-type-17\/"]}]},{"@type":"BreadcrumbList","@id":"https:\/\/wp.stylingcv.com\/es\/cover-letter-type-17\/#breadcrumb","itemListElement":[{"@type":"ListItem","position":1,"name":"Home","item":"https:\/\/wp.stylingcv.com\/es\/"},{"@type":"ListItem","position":2,"name":"\u00bfC\u00f3mo escribo una carta de presentaci\u00f3n convincente para un puesto de ventas?"}]},{"@type":"WebSite","@id":"https:\/\/wp.stylingcv.com\/es\/#website","url":"https:\/\/wp.stylingcv.com\/es\/","name":"StylingCV - Espa\u00f1ol","description":"","potentialAction":[{"@type":"SearchAction","target":{"@type":"EntryPoint","urlTemplate":"https:\/\/wp.stylingcv.com\/es\/?s={search_term_string}"},"query-input":{"@type":"PropertyValueSpecification","valueRequired":true,"valueName":"search_term_string"}}],"inLanguage":"en-US"}]}},"_links":{"self":[{"href":"https:\/\/wp.stylingcv.com\/es\/wp-json\/wp\/v2\/pages\/840","targetHints":{"allow":["GET"]}}],"collection":[{"href":"https:\/\/wp.stylingcv.com\/es\/wp-json\/wp\/v2\/pages"}],"about":[{"href":"https:\/\/wp.stylingcv.com\/es\/wp-json\/wp\/v2\/types\/page"}],"replies":[{"embeddable":true,"href":"https:\/\/wp.stylingcv.com\/es\/wp-json\/wp\/v2\/comments?post=840"}],"version-history":[{"count":0,"href":"https:\/\/wp.stylingcv.com\/es\/wp-json\/wp\/v2\/pages\/840\/revisions"}],"wp:attachment":[{"href":"https:\/\/wp.stylingcv.com\/es\/wp-json\/wp\/v2\/media?parent=840"}],"curies":[{"name":"wp","href":"https:\/\/api.w.org\/{rel}","templated":true}]}}