{"id":834,"date":"2026-02-25T03:45:15","date_gmt":"2026-02-25T03:45:15","guid":{"rendered":"https:\/\/stylingcv.com\/es\/carta-presentacion-promocion-interna\/"},"modified":"2026-02-25T03:45:15","modified_gmt":"2026-02-25T03:45:15","slug":"cover-letter-type-11","status":"publish","type":"page","link":"https:\/\/wp.stylingcv.com\/es\/cover-letter-type-11\/","title":{"rendered":"\u00bfC\u00f3mo escribo una carta de presentaci\u00f3n convincente para una promoci\u00f3n interna?"},"content":{"rendered":"\n<p class=\"faq-category\"><strong>Categor\u00eda:<\/strong> Preguntas frecuentes sobre cartas de presentaci\u00f3n<\/p>\n\n\n\n<h2 class=\"wp-block-heading\">\u00bfC\u00f3mo escribo una carta de presentaci\u00f3n convincente para una promoci\u00f3n interna?<\/h2>\n\n\n\n<p>Una promoci\u00f3n interna es un paso importante en tu desarrollo profesional, que ofrece una oportunidad \u00fanica para aprovechar tu conocimiento existente, relaciones y trayectoria dentro de tu empresa. Una carta de presentaci\u00f3n convincente para una promoci\u00f3n interna no es solo una formalidad; es tu ventaja estrat\u00e9gica. Complementa tu curr\u00edculum contando tu historia \u00fanica, conectando tus contribuciones pasadas con tu potencial futuro y presentando un argumento s\u00f3lido de por qu\u00e9 eres el candidato ideal listo para el siguiente nivel.<\/p>\n\n\n\n<p>A diferencia de las postulaciones externas, una carta de presentaci\u00f3n interna te permite aprovechar tu conocimiento institucional y demostrar una comprensi\u00f3n m\u00e1s profunda de la cultura, los objetivos y los desaf\u00edos de la empresa. Es tu oportunidad de articular no solo lo que has hecho, sino c\u00f3mo tus contribuciones espec\u00edficas han impactado a la organizaci\u00f3n y c\u00f3mo planeas aportar a\u00fan m\u00e1s valor estrat\u00e9gico en el nuevo puesto. Esta gu\u00eda te ayudar\u00e1 a redactar una carta de presentaci\u00f3n convincente que resalte tu preparaci\u00f3n para avanzar en tu carrera y asegurar esa promoci\u00f3n interna.<\/p>\n\n\n\n<h3 class=\"wp-block-heading\">La ventaja \u00fanica de una carta de presentaci\u00f3n interna<\/h3>\n\n\n\n<p>Al postularte para una promoci\u00f3n interna, tienes una ventaja distintiva: la familiaridad. Conoces la misi\u00f3n, los valores y, a menudo, a los principales interesados de la empresa. Tu carta de presentaci\u00f3n debe aprovechar esto mostrando:<\/p>\n<ul>\n<li><strong>Conocimiento institucional profundo:<\/strong> Haz referencia a proyectos, desaf\u00edos o iniciativas espec\u00edficas de la empresa de una manera que un candidato externo no podr\u00eda.<\/li>\n<li><strong>Historial comprobado:<\/strong> Tienes una trayectoria dentro de la empresa. Util\u00edzala para demostrar un desempe\u00f1o y crecimiento constantes.<\/li>\n<li><strong>Encaje cultural:<\/strong> Ya encarnas la cultura de la empresa. Destaca c\u00f3mo tus valores se alinean y c\u00f3mo contribuyes positivamente al ambiente laboral.<\/li>\n<li><strong>Relaciones existentes:<\/strong> Aunque no lo menciones expl\u00edcitamente en la carta, el responsable de selecci\u00f3n (u otros involucrados) puede que ya te conozcan, lo que da m\u00e1s peso a tus palabras.<\/li>\n<\/ul>\n\n\n\n<h3 class=\"wp-block-heading\">Gu\u00eda paso a paso para redactar tu carta de presentaci\u00f3n para promoci\u00f3n interna<\/h3>\n\n\n\n<p>Sigue estos pasos para asegurarte de que tu carta de presentaci\u00f3n sea impactante y persuasiva:<\/p>\n\n\n\n<h4 class=\"wp-block-heading\">Paso 1: Comprende el puesto y tu &#8220;por qu\u00e9&#8221;<\/h4>\n\n\n\n<p>Antes de escribir una sola palabra, analiza detenidamente la descripci\u00f3n del puesto para la promoci\u00f3n. Identifica las responsabilidades clave, habilidades requeridas y resultados deseados. Luego, reflexiona sobre tu propio &#8220;por qu\u00e9&#8221;: \u00bfPor qu\u00e9 quieres este puesto espec\u00edfico? \u00bfQu\u00e9 valor \u00fanico aportas? \u00bfC\u00f3mo se alinea con tu desarrollo profesional dentro de la empresa? Tu carta de presentaci\u00f3n debe articular claramente tu entusiasmo genuino y conocimiento espec\u00edfico sobre la empresa o el puesto. Demuestra que has investigado mencionando noticias recientes de la empresa, productos o iniciativas que te entusiasmen y se relacionen directamente con el nuevo cargo.<\/p>\n\n\n\n<h4 class=\"wp-block-heading\">Paso 2: Eng\u00e1nchalos en el primer p\u00e1rrafo<\/h4>\n\n\n\n<p>Tu primer p\u00e1rrafo debe captar la atenci\u00f3n del lector de inmediato. Indica claramente el puesto al que postulas y expresa tu gran inter\u00e9s. Es fundamental conectar tu puesto actual y antig\u00fcedad con tu preparaci\u00f3n para este avance espec\u00edfico. Por ejemplo:<\/p>\n\n\n\n<blockquote class=\"wp-block-quote is-layout-flow wp-block-quote-is-layout-flow\"><p><em>&#8220;Como Coordinador Senior de Proyectos dedicado con [X] a\u00f1os en [Nombre de la Empresa], escribo para expresar mi entusiasta inter\u00e9s en el puesto de Gerente de Proyectos anunciado en nuestro portal interno de carreras. Habiendo liderado con \u00e9xito equipos multifuncionales en iniciativas como [Proyecto A] y [Proyecto B], conf\u00edo en que mi capacidad comprobada para obtener resultados y mi profundo conocimiento de nuestros procesos operativos me convierten en el candidato ideal para asumir los desaf\u00edos estrat\u00e9gicos de este puesto.&#8221;<\/em><\/p><\/blockquote>\n\n\n\n<p>Dir\u00edgete al responsable de selecci\u00f3n por su nombre siempre que sea posible. Si no sabes qui\u00e9n es, un saludo profesional como &#8220;Estimado responsable de selecci\u00f3n&#8221; o &#8220;Estimado equipo de [Nombre del Departamento]&#8221; es aceptable, pero siempre intenta encontrar un nombre espec\u00edfico a trav\u00e9s de directorios internos o colegas.<\/p>\n\n\n\n<h4 class=\"wp-block-heading\">Paso 3: Demuestra tu valor con ejemplos concretos (p\u00e1rrafos centrales)<\/h4>\n\n\n\n<p>Los p\u00e1rrafos centrales son donde presentas tu caso. Proporciona 2-3 ejemplos concretos de logros relevantes que respondan directamente a los requisitos clave del nuevo puesto. Aqu\u00ed es donde tu conocimiento interno realmente destaca. Utiliza el <a href=\"https:\/\/blog.stylingcv.com\/star-method-interview-questions\/\" target=\"_blank\" rel=\"noopener\">m\u00e9todo STAR (Situaci\u00f3n, Tarea, Acci\u00f3n, Resultado)<\/a> para estructurar tus logros. Enf\u00f3cate en m\u00e9tricas y resultados espec\u00edficos: cuantifica tu impacto siempre que sea posible.<\/p>\n\n\n\n<p>Por ejemplo, en lugar de decir &#8220;Mejor\u00e9 la eficiencia&#8221;, di &#8220;Optimiz\u00e9 el proceso de incorporaci\u00f3n de clientes, reduciendo el tiempo promedio de configuraci\u00f3n en un 20% y aumentando la satisfacci\u00f3n del cliente en un 15% en el tercer trimestre&#8221;. Relaciona tu experiencia expl\u00edcitamente con lo que necesitan en el nuevo puesto. Explica cualquier transici\u00f3n o aspecto \u00fanico de tu trayectoria que te haga especialmente apto para la promoci\u00f3n.<\/p>\n\n\n\n<h4 class=\"wp-block-heading\">Paso 4: Conecta tu pasado con su futuro<\/h4>\n\n\n\n<p>Esto es crucial para las promociones internas. No te limites a enumerar lo que has hecho; explica c\u00f3mo esas experiencias te han preparado para el *siguiente nivel* y c\u00f3mo las aplicar\u00e1s a los desaf\u00edos del *nuevo puesto*. Destaca tu potencial de liderazgo, pensamiento estrat\u00e9gico y preparaci\u00f3n para asumir mayores responsabilidades. Resalta c\u00f3mo tu comprensi\u00f3n de los proyectos actuales y la direcci\u00f3n futura de la empresa te posiciona para aportar desde el primer d\u00eda y contribuir de inmediato.<\/p>\n\n\n\n<h4 class=\"wp-block-heading\">Paso 5: Redacta un cierre potente y una llamada a la acci\u00f3n<\/h4>\n\n\n\n<p>El \u00faltimo p\u00e1rrafo debe reiterar tu gran inter\u00e9s y entusiasmo por el puesto y el futuro de la empresa. Resume brevemente por qu\u00e9 eres el mejor candidato. Incluye una llamada a la acci\u00f3n clara, expresando tu disposici\u00f3n a conversar m\u00e1s sobre tus cualificaciones en una entrevista. Agradece su tiempo y consideraci\u00f3n. Mant\u00e9n la carta en una p\u00e1gina, 3-4 p\u00e1rrafos, 250-400 palabras.<\/p>\n\n\n\n<h3 class=\"wp-block-heading\">Mejores pr\u00e1cticas para candidatos internos<\/h3>\n\n\n\n<ul class=\"wp-block-list\">\n<li><strong>Aprovecha el conocimiento institucional:<\/strong> Haz referencia a iniciativas, valores o incluso jerga interna (de manera apropiada) para demostrar tu comprensi\u00f3n profunda.<\/li>\n<li><strong>Destaca el encaje cultural:<\/strong> Ya conoces y representas la cultura de la empresa. Resalta c\u00f3mo tus aportes se alinean con los valores y la misi\u00f3n de la compa\u00f1\u00eda.<\/li>\n<li><strong>Comunicaci\u00f3n proactiva:<\/strong> Si es apropiado y permitido por la pol\u00edtica de la empresa, conversa con tu jefe actual antes de postularte. Esto demuestra respeto y puede brindarte apoyo.<\/li>\n<li><strong>Muestra potencial de liderazgo:<\/strong> Incluso si tu puesto actual no es de gesti\u00f3n, destaca ocasiones en las que tomaste la iniciativa, orientaste a colegas o lideraste proyectos de manera informal.<\/li>\n<li><strong>Personaliza cada carta:<\/strong> Las cartas gen\u00e9ricas son peores que ninguna. Cada postulaci\u00f3n interna merece una carta de presentaci\u00f3n \u00fanica y adaptada.<\/li>\n<li><strong>Enf\u00f3cate en &#8220;ellos&#8221;, no en &#8220;ti&#8221;:<\/strong> Aunque se trata de tu avance, presenta tus habilidades y logros en t\u00e9rminos de c\u00f3mo beneficiar\u00e1n al departamento y a la empresa en el nuevo puesto.<\/li>\n<li><strong>Usa voz activa y verbos de acci\u00f3n:<\/strong> Esto hace que tu redacci\u00f3n sea m\u00e1s din\u00e1mica e impactante.<\/li>\n<\/ul>\n\n\n\n<h3 class=\"wp-block-heading\">Errores comunes que debes evitar<\/h3>\n\n\n\n<ul class=\"wp-block-list\">\n<li><strong>Ser demasiado informal:<\/strong> Aunque seas interno, mant\u00e9n un tono profesional. Es una postulaci\u00f3n formal.<\/li>\n<li><strong>Asumir familiaridad:<\/strong> No des por hecho que el responsable de selecci\u00f3n conoce todos tus logros. Articula claramente tu impacto.<\/li>\n<li><strong>Enfocarte en el derecho:<\/strong> Evita frases que sugieran que &#8220;mereces&#8221; la promoci\u00f3n. Enf\u00f3cate en lo que *aportar\u00e1s* al puesto.<\/li>\n<li><strong>Falta de especificidad:<\/strong> Declaraciones generales como &#8220;soy trabajador&#8221; son d\u00e9biles. Proporciona ejemplos concretos y m\u00e9tricas.<\/li>\n<li><strong>Ignorar la pol\u00edtica interna:<\/strong> S\u00e9 consciente de c\u00f3mo puede percibirse tu postulaci\u00f3n. Mant\u00e9n siempre la profesionalidad y el respeto hacia colegas y directivos.<\/li>\n<li><strong>Errores:<\/strong> Revisa varias veces. Los errores en cartas de presentaci\u00f3n son especialmente da\u00f1inos porque reflejan poca atenci\u00f3n al detalle.<\/li>\n<\/ul>\n\n\n\n<h3 class=\"wp-block-heading\">Consejos espec\u00edficos por sector (breve)<\/h3>\n\n\n\n<ul class=\"wp-block-list\">\n<li><strong>Puestos tecnol\u00f3gicos:<\/strong> Destaca contribuciones a productos, bases de c\u00f3digo o implementaciones exitosas. Resalta la resoluci\u00f3n de problemas e innovaci\u00f3n.<\/li>\n<li><strong>Ventas\/Marketing:<\/strong> Cuantifica ingresos generados, aumento de cuota de mercado o ROI de campa\u00f1as exitosas. Demuestra pensamiento estrat\u00e9gico y gesti\u00f3n de relaciones con clientes.<\/li>\n<li><strong>Operaciones\/Log\u00edstica:<\/strong> Enf\u00f3cate en mejoras de procesos, reducci\u00f3n de costos, aumento de eficiencia y gesti\u00f3n de riesgos.<\/li>\n<li><strong>Creativo\/Dise\u00f1o:<\/strong> Menciona proyectos espec\u00edficos, portafolios o c\u00f3mo tu filosof\u00eda de dise\u00f1o se alinea con la visi\u00f3n de marca de la empresa.<\/li>\n<\/ul>\n\n\n\n<h3 class=\"wp-block-heading\">Comparando cartas de presentaci\u00f3n internas vs. externas<\/h3>\n\n\n\n<p>Comprender las diferencias entre una carta de presentaci\u00f3n interna y una externa puede aumentar significativamente tus posibilidades de \u00e9xito. Aqu\u00ed tienes una comparaci\u00f3n r\u00e1pida:<\/p>\n\n\n\n<figure class=\"wp-block-table\"><table><thead><tr><th>Caracter\u00edstica<\/th><th>Carta de promoci\u00f3n interna<\/th><th>Carta de postulaci\u00f3n externa<\/th><\/tr><\/thead><tbody><tr><td><strong>Conocimiento del destinatario<\/strong><\/td><td>A menudo conocen tu trabajo, reputaci\u00f3n y la cultura de la empresa.<\/td><td>No tienen conocimiento previo de ti ni de tu trabajo.<\/td><\/tr><tr><td><strong>Tono<\/strong><\/td><td>Profesional pero puede ser un poco m\u00e1s personal, aprovechando el contexto compartido.<\/td><td>Estr\u00edctamente profesional, formal.<\/td><\/tr><tr><td><strong>Enfoque del contenido<\/strong><\/td><td>Destacar logros internos, proyectos espec\u00edficos de la empresa, encaje cultural y preparaci\u00f3n para liderazgo dentro de la organizaci\u00f3n.<\/td><td>Demostrar habilidades transferibles, experiencia amplia en el sector y c\u00f3mo encajas en una nueva cultura empresarial.<\/td><\/tr><tr><td><strong>Ejemplos<\/strong><\/td><td>Puedes referenciar equipos internos, sistemas o proyectos propios.<\/td><td>Generaliza experiencias; evita detalles confidenciales a menos que est\u00e9n autorizados.<\/td><\/tr><tr><td><strong>Elemento &#8220;\u00bfPor qu\u00e9 nosotros?&#8221;<\/strong><\/td><td>Enfatiza lealtad, comprensi\u00f3n de la direcci\u00f3n de la empresa y deseo de seguir creciendo en la organizaci\u00f3n.<\/td><td>Enf\u00f3cate en la investigaci\u00f3n sobre la misi\u00f3n, valores y c\u00f3mo tus habilidades se alinean con la marca externa.<\/td><\/tr><\/tbody><\/table><\/figure>\n\n\n\n<h3 class=\"wp-block-heading\">Aplicando el m\u00e9todo STAR para promociones internas<\/h3>\n\n\n\n<p>El m\u00e9todo STAR es especialmente efectivo para promociones internas, ya que te permite mostrar resultados tangibles en el contexto de la empresa. As\u00ed puedes estructurar tus logros:<\/p>\n\n\n\n<figure class=\"wp-block-table\"><table><thead><tr><th>Elemento STAR<\/th><th>Descripci\u00f3n<\/th><th>Ejemplo de promoci\u00f3n interna<\/th><\/tr><\/thead><tbody><tr><td><strong>Situaci\u00f3n<\/strong><\/td><td>Describe brevemente\n\n\n<p>\ud83d\udc49 <a href=\"https:\/\/stylingcv.com\/cover-letter-writing\/\">gu\u00eda para cartas de presentaci\u00f3n<\/a><\/p>\n\n<p>\ud83d\udc49 <a href=\"https:\/\/stylingcv.com\/guides\/\">gu\u00edas de carrera<\/a><\/p>\n\n<p>\ud83d\udc49 <a href=\"https:\/\/stylingcv.com\/resume-templates\/\">plantillas de curr\u00edculum<\/a><\/p>\n\n<p><strong>\ud83d\udca1 Consejo:<\/strong> StylingCV no es solo un creador de curr\u00edculums \u2014 es un creador inteligente con IA que piensa. <a href=\"https:\/\/stylingcv.com\/resume-builder\/\">crea un curr\u00edculum profesional en 2 minutos<\/a> en menos de 2 minutos.<\/p>\n<!-- stylingcv-hub-links --><div class=\"stylingcv-related-resources\" style=\"margin-top:30px;padding:20px;background:#f8f9fa;border-left:4px solid #1abc9c;border-radius:4px;\"><h3 style=\"margin-top:0;color:#2c3e50;\">Explora m\u00e1s recursos<\/h3><ul style=\"list-style:none;padding:0;\"><li><a href=\"https:\/\/stylingcv.com\/cover-letter-writing\/\">Gu\u00eda para escribir cartas de presentaci\u00f3n<\/a> &mdash; Tu gu\u00eda completa<\/li><li><a href=\"https:\/\/stylingcv.com\/cover-letter-remote-jobs\/\">Carta de presentaci\u00f3n para trabajos remotos: c\u00f3mo destacar<\/a><\/li><li><a href=\"https:\/\/stylingcv.com\/cover-letter-closing-12\/\">\u00bfC\u00f3mo escribo un cierre efectivo para una carta de presentaci\u00f3n?<\/a><\/li><li><a href=\"https:\/\/stylingcv.com\/cover-letter-closing-52\/\">\u00bfC\u00f3mo escribo un cierre efectivo para una carta de presentaci\u00f3n?<\/a><\/li><\/ul><p style=\"margin-bottom:0;font-size:14px;color:#7f8c8d;\">No solo un creador de curr\u00edculums &mdash; un creador inteligente con IA que piensa. <a href=\"https:\/\/stylingcv.com\/resume-builder\/\" style=\"color:#1abc9c;font-weight:bold;\">Crea tu curr\u00edculum en menos de 2 minutos &rarr;<\/a><\/p><\/div><!-- \/stylingcv-hub-links -->","protected":false},"excerpt":{"rendered":"<p>Redacta una carta de presentaci\u00f3n convincente para una promoci\u00f3n interna. Destaca tus aportes y potencial de crecimiento para avanzar en tu empresa.<\/p>\n","protected":false},"author":0,"featured_media":0,"parent":0,"menu_order":0,"comment_status":"closed","ping_status":"closed","template":"","meta":{"footnotes":""},"class_list":["post-834","page","type-page","status-publish","hentry"," c-blog-1-item  nt-post-class"],"yoast_head":"<!-- This site is optimized with the Yoast SEO Premium plugin v26.5 (Yoast SEO v26.5) - https:\/\/yoast.com\/wordpress\/plugins\/seo\/ -->\n<title>Carta de presentaci\u00f3n para promoci\u00f3n interna | StylingCV<\/title>\n<meta name=\"description\" content=\"Categor\u00eda: Preguntas frecuentes sobre cartas de presentaci\u00f3n. \u00bfC\u00f3mo escribir una carta de presentaci\u00f3n convincente para una promoci\u00f3n interna?\" \/>\n<meta name=\"robots\" content=\"index, follow, max-snippet:-1, max-image-preview:large, max-video-preview:-1\" \/>\n<link rel=\"canonical\" href=\"https:\/\/stylingcv.com\/es\/cover-letter-type-11\/\" \/>\n<meta property=\"og:locale\" content=\"en_US\" \/>\n<meta property=\"og:type\" content=\"article\" \/>\n<meta property=\"og:title\" content=\"\u00bfC\u00f3mo escribo una carta de presentaci\u00f3n convincente para una promoci\u00f3n interna?\" \/>\n<meta property=\"og:description\" content=\"Categor\u00eda: Preguntas frecuentes sobre cartas de presentaci\u00f3n. \u00bfC\u00f3mo escribir una carta de presentaci\u00f3n convincente para una promoci\u00f3n interna?\" \/>\n<meta property=\"og:url\" content=\"https:\/\/stylingcv.com\/es\/cover-letter-type-11\/\" \/>\n<meta property=\"og:site_name\" content=\"StylingCV - Espa\u00f1ol\" \/>\n<meta name=\"twitter:card\" content=\"summary_large_image\" \/>\n<meta name=\"twitter:label1\" content=\"Est. reading time\" \/>\n\t<meta name=\"twitter:data1\" content=\"9 minutes\" \/>\n<script type=\"application\/ld+json\" class=\"yoast-schema-graph\">{\"@context\":\"https:\/\/schema.org\",\"@graph\":[{\"@type\":\"WebPage\",\"@id\":\"https:\/\/wp.stylingcv.com\/es\/cover-letter-type-11\/\",\"url\":\"https:\/\/wp.stylingcv.com\/es\/cover-letter-type-11\/\",\"name\":\"Carta de presentaci\u00f3n para promoci\u00f3n interna | StylingCV\",\"isPartOf\":{\"@id\":\"https:\/\/wp.stylingcv.com\/es\/#website\"},\"datePublished\":\"2026-02-25T03:45:15+00:00\",\"description\":\"Categor\u00eda: Preguntas frecuentes sobre cartas de presentaci\u00f3n. \u00bfC\u00f3mo escribir una carta de presentaci\u00f3n convincente para una promoci\u00f3n interna?\",\"breadcrumb\":{\"@id\":\"https:\/\/wp.stylingcv.com\/es\/cover-letter-type-11\/#breadcrumb\"},\"inLanguage\":\"en-US\",\"potentialAction\":[{\"@type\":\"ReadAction\",\"target\":[\"https:\/\/wp.stylingcv.com\/es\/cover-letter-type-11\/\"]}]},{\"@type\":\"BreadcrumbList\",\"@id\":\"https:\/\/wp.stylingcv.com\/es\/cover-letter-type-11\/#breadcrumb\",\"itemListElement\":[{\"@type\":\"ListItem\",\"position\":1,\"name\":\"Home\",\"item\":\"https:\/\/wp.stylingcv.com\/es\/\"},{\"@type\":\"ListItem\",\"position\":2,\"name\":\"\u00bfC\u00f3mo escribo una carta de presentaci\u00f3n convincente para una promoci\u00f3n interna?\"}]},{\"@type\":\"WebSite\",\"@id\":\"https:\/\/wp.stylingcv.com\/es\/#website\",\"url\":\"https:\/\/wp.stylingcv.com\/es\/\",\"name\":\"StylingCV - Espa\u00f1ol\",\"description\":\"\",\"potentialAction\":[{\"@type\":\"SearchAction\",\"target\":{\"@type\":\"EntryPoint\",\"urlTemplate\":\"https:\/\/wp.stylingcv.com\/es\/?s={search_term_string}\"},\"query-input\":{\"@type\":\"PropertyValueSpecification\",\"valueRequired\":true,\"valueName\":\"search_term_string\"}}],\"inLanguage\":\"en-US\"}]}<\/script>\n<!-- \/ Yoast SEO Premium plugin. -->","yoast_head_json":{"title":"Carta de presentaci\u00f3n para promoci\u00f3n interna | StylingCV","description":"Categor\u00eda: Preguntas frecuentes sobre cartas de presentaci\u00f3n. \u00bfC\u00f3mo escribir una carta de presentaci\u00f3n convincente para una promoci\u00f3n interna?","robots":{"index":"index","follow":"follow","max-snippet":"max-snippet:-1","max-image-preview":"max-image-preview:large","max-video-preview":"max-video-preview:-1"},"canonical":"https:\/\/stylingcv.com\/es\/cover-letter-type-11\/","og_locale":"en_US","og_type":"article","og_title":"\u00bfC\u00f3mo escribo una carta de presentaci\u00f3n convincente para una promoci\u00f3n interna?","og_description":"Categor\u00eda: Preguntas frecuentes sobre cartas de presentaci\u00f3n. \u00bfC\u00f3mo escribir una carta de presentaci\u00f3n convincente para una promoci\u00f3n interna?","og_url":"https:\/\/stylingcv.com\/es\/cover-letter-type-11\/","og_site_name":"StylingCV - Espa\u00f1ol","twitter_card":"summary_large_image","twitter_misc":{"Est. reading time":"9 minutes"},"schema":{"@context":"https:\/\/schema.org","@graph":[{"@type":"WebPage","@id":"https:\/\/wp.stylingcv.com\/es\/cover-letter-type-11\/","url":"https:\/\/wp.stylingcv.com\/es\/cover-letter-type-11\/","name":"Carta de presentaci\u00f3n para promoci\u00f3n interna | StylingCV","isPartOf":{"@id":"https:\/\/wp.stylingcv.com\/es\/#website"},"datePublished":"2026-02-25T03:45:15+00:00","description":"Categor\u00eda: Preguntas frecuentes sobre cartas de presentaci\u00f3n. \u00bfC\u00f3mo escribir una carta de presentaci\u00f3n convincente para una promoci\u00f3n interna?","breadcrumb":{"@id":"https:\/\/wp.stylingcv.com\/es\/cover-letter-type-11\/#breadcrumb"},"inLanguage":"en-US","potentialAction":[{"@type":"ReadAction","target":["https:\/\/wp.stylingcv.com\/es\/cover-letter-type-11\/"]}]},{"@type":"BreadcrumbList","@id":"https:\/\/wp.stylingcv.com\/es\/cover-letter-type-11\/#breadcrumb","itemListElement":[{"@type":"ListItem","position":1,"name":"Home","item":"https:\/\/wp.stylingcv.com\/es\/"},{"@type":"ListItem","position":2,"name":"\u00bfC\u00f3mo escribo una carta de presentaci\u00f3n convincente para una promoci\u00f3n interna?"}]},{"@type":"WebSite","@id":"https:\/\/wp.stylingcv.com\/es\/#website","url":"https:\/\/wp.stylingcv.com\/es\/","name":"StylingCV - Espa\u00f1ol","description":"","potentialAction":[{"@type":"SearchAction","target":{"@type":"EntryPoint","urlTemplate":"https:\/\/wp.stylingcv.com\/es\/?s={search_term_string}"},"query-input":{"@type":"PropertyValueSpecification","valueRequired":true,"valueName":"search_term_string"}}],"inLanguage":"en-US"}]}},"_links":{"self":[{"href":"https:\/\/wp.stylingcv.com\/es\/wp-json\/wp\/v2\/pages\/834","targetHints":{"allow":["GET"]}}],"collection":[{"href":"https:\/\/wp.stylingcv.com\/es\/wp-json\/wp\/v2\/pages"}],"about":[{"href":"https:\/\/wp.stylingcv.com\/es\/wp-json\/wp\/v2\/types\/page"}],"replies":[{"embeddable":true,"href":"https:\/\/wp.stylingcv.com\/es\/wp-json\/wp\/v2\/comments?post=834"}],"version-history":[{"count":0,"href":"https:\/\/wp.stylingcv.com\/es\/wp-json\/wp\/v2\/pages\/834\/revisions"}],"wp:attachment":[{"href":"https:\/\/wp.stylingcv.com\/es\/wp-json\/wp\/v2\/media?parent=834"}],"curies":[{"name":"wp","href":"https:\/\/api.w.org\/{rel}","templated":true}]}}