{"id":833,"date":"2026-02-25T03:45:13","date_gmt":"2026-02-25T03:45:13","guid":{"rendered":"https:\/\/stylingcv.com\/es\/preguntas-frecuentes\/optimizar-curriculum-ats-tecnologia-2\/"},"modified":"2026-02-25T03:45:13","modified_gmt":"2026-02-25T03:45:13","slug":"ats-industry-10-2","status":"publish","type":"page","link":"https:\/\/wp.stylingcv.com\/es\/faq\/ats-industry-10-2\/","title":{"rendered":"\u00bfC\u00f3mo optimizo mi curr\u00edculum para sistemas ATS en el sector tecnol\u00f3gico?"},"content":{"rendered":"\n<style>\n.faq-hero{background:linear-gradient(135deg,#0d2b3e 0%,#0d4f6e 50%,#0a7c6b 100%);padding:48px 40px 40px;border-radius:0 0 24px 24px;position:relative;overflow:hidden}\n.faq-hero::before{content:'';position:absolute;top:-50%;right:-10%;width:400px;height:400px;background:radial-gradient(circle,rgba(20,184,166,.15),transparent 70%);border-radius:50%}\n.faq-breadcrumb{display:flex;align-items:center;gap:8px;margin-bottom:20px;font-size:13px;color:rgba(255,255,255,.6);flex-wrap:wrap}\n.faq-breadcrumb a{color:rgba(255,255,255,.7);text-decoration:none}.faq-breadcrumb a:hover{color:#14b8a6}\n.faq-breadcrumb .sep{color:rgba(255,255,255,.35)}\n.faq-category-badge{display:inline-flex;align-items:center;gap:6px;background:rgba(20,184,166,.2);color:#14b8a6;border:1px solid rgba(20,184,166,.3);border-radius:20px;padding:4px 14px;font-size:12px;font-weight:600;letter-spacing:.5px;text-transform:uppercase;margin-bottom:16px}\n.faq-hero-title{font-size:clamp(22px,3.5vw,36px);font-weight:800;color:#fff;line-height:1.25;margin:0 0 8px;max-width:800px}\n.faq-meta{display:flex;gap:20px;margin-top:16px;flex-wrap:wrap}\n.faq-meta-item{color:rgba(255,255,255,.55);font-size:13px}\n.faq-content-wrap{max-width:860px;margin:0 auto;padding:0 20px 60px}\n.faq-quick-answer{background:linear-gradient(135deg,#f0fdfa,#e6fffa);border-left:4px solid #14b8a6;border-radius:0 12px 12px 0;padding:20px 24px;margin:32px 0}\n.faq-quick-answer::before{content:'\u26a1 Quick Answer';display:block;font-size:11px;font-weight:700;color:#0d9488;letter-spacing:1px;text-transform:uppercase;margin-bottom:10px}\n.faq-quick-answer p{margin:0;color:#134e4a;font-size:15px;line-height:1.7;font-weight:500}\n.faq-answer-card{background:#fff;border-radius:16px;padding:32px;margin:0 0 28px;box-shadow:0 2px 20px rgba(0,0,0,.06);border:1px solid #f1f5f9}\n.faq-answer-card h3{font-size:17px;font-weight:700;color:#0f2744;margin:0 0 12px;padding-bottom:10px;border-bottom:2px solid #f1f5f9}\n.faq-answer-card p{color:#374151;line-height:1.75;font-size:15px;margin:0 0 12px}.faq-answer-card p:last-child{margin:0}\n.faq-related{background:#f8fafc;border-radius:16px;padding:28px 32px;margin:28px 0}\n.faq-related h3{font-size:16px;font-weight:700;color:#0f2744;margin:0 0 16px}\n.faq-related-grid{display:grid;grid-template-columns:repeat(auto-fit,minmax(200px,1fr));gap:10px}\n.faq-related-link{display:flex;align-items:center;gap:8px;padding:10px 14px;background:#fff;border-radius:10px;text-decoration:none;color:#0d4f6e;font-size:13px;font-weight:500;border:1px solid #e2e8f0;transition:.2s}\n.faq-related-link:hover{border-color:#14b8a6;color:#0a7c6b;background:#f0fdfa}\n.faq-related-link::before{content:'\u2192';color:#14b8a6;font-weight:700;flex-shrink:0}\n.faq-cta-box{background:linear-gradient(135deg,#0d2b3e,#0a7c6b);border-radius:20px;padding:36px;text-align:center;margin:36px 0 0}\n.faq-cta-box h3{color:#fff;font-size:22px;font-weight:800;margin:0 0 8px}\n.faq-cta-box p{color:rgba(255,255,255,.75);font-size:14px;margin:0 0 20px}\n.faq-cta-btn{display:inline-flex;align-items:center;gap:8px;background:#e8713a;color:#fff;padding:14px 28px;border-radius:10px;font-weight:700;font-size:15px;text-decoration:none}\n.faq-cta-btn:hover{background:#d4622b}\n@media(max-width:640px){.faq-hero{padding:32px 20px 28px}.faq-content-wrap{padding:0 12px 40px}.faq-answer-card,.faq-cta-box{padding:20px}}\n<\/style>\n<div class=\"faq-hero\">\n  <div class=\"faq-breadcrumb\"><a href=\"https:\/\/stylingcv.com\/\">Inicio<\/a><span class=\"sep\">\u203a<\/span><a href=\"https:\/\/stylingcv.com\/faq\/\">FAQ<\/a><span class=\"sep\">\u203a<\/span><span>FAQ<\/span><\/div>\n  <div class=\"faq-category-badge\">\ud83d\udccb FAQ<\/div>\n  <h1 class=\"faq-hero-title\">\u00bfC\u00f3mo optimizo mi curr\u00edculum para sistemas ATS en el sector tecnol\u00f3gico?<\/h1>\n  <div class=\"faq-meta\"><span class=\"faq-meta-item\">\ud83d\udcc5 Actualizado marzo 2026<\/span> &nbsp; <span class=\"faq-meta-item\">\u23f1 3 min de lectura<\/span> &nbsp; <span class=\"faq-meta-item\">\u2705 Verificado por expertos<\/span><\/div>\n<\/div>\n\n\n\n<div class=\"faq-content-wrap\">\n  <div class=\"faq-quick-answer\"><p>La optimizaci\u00f3n para ATS requiere investigaci\u00f3n de palabras clave espec\u00edficas del sector junto con un formato adecuado. Comienza analizando entre 10 y 15 ofertas de empleo en tu \u00e1rea objetivo para identificar palabras clave comunes, habilidades requeridas y terminolog\u00eda del sector.<\/p><\/div>\n  <div class=\"faq-answer-card\"><h3>\ud83d\udcd6 Respuesta Completa<\/h3>\n    <p>La optimizaci\u00f3n para ATS requiere investigaci\u00f3n de palabras clave espec\u00edficas del sector junto con un formato adecuado. Comienza analizando entre 10 y 15 ofertas de empleo en tu \u00e1rea objetivo para identificar palabras clave comunes, habilidades requeridas y terminolog\u00eda del sector. Incluye tanto acr\u00f3nimos como versiones escritas de los t\u00e9rminos clave. Utiliza encabezados de secci\u00f3n est\u00e1ndar que los sistemas ATS reconozcan. Mant\u00e9n un formato sencillo: una sola columna, fuentes est\u00e1ndar, sin tablas ni cuadros de texto, vi\u00f1etas est\u00e1ndar, sin im\u00e1genes ni gr\u00e1ficos. Enumera tus habilidades expl\u00edcitamente en una secci\u00f3n dedicada en lugar de solo incluirlas en p\u00e1rrafos.<\/p>\n    <p>Utiliza frases exactas de las descripciones de trabajo cuando sea preciso. Incluye certificaciones, herramientas y tecnolog\u00edas relevantes de forma destacada. Para campos t\u00e9cnicos, enumera lenguajes de programaci\u00f3n, frameworks y plataformas. Para salud, incluye terminolog\u00eda m\u00e9dica, procedimientos y sistemas. Para finanzas, menciona instrumentos financieros, regulaciones y software. Para \u00e1reas creativas, enumera herramientas y metodolog\u00edas de dise\u00f1o.<\/p>\n    <p>Guarda el archivo como .docx para una mejor compatibilidad de an\u00e1lisis. Prueba tu curr\u00edculum con esc\u00e1neres ATS gratuitos para identificar problemas de lectura. Recuerda que pasar el ATS es solo el primer paso: tu curr\u00edculum tambi\u00e9n debe impresionar a los reclutadores con logros claros y resultados cuantificables. Equilibra la optimizaci\u00f3n de palabras clave con la legibilidad y un contenido atractivo.<\/p>\n  <\/div>\n  <div class=\"faq-cta-box\">\n    <h3>\ud83d\ude80 \u00bfListo para conseguir el trabajo de tus sue\u00f1os?<\/h3>\n    <p>Crea un curr\u00edculum profesional optimizado para ATS en minutos con StylingCV AI \u2014 confiado por m\u00e1s de 6 millones de buscadores de empleo en todo el mundo.<\/p>\n    <a class=\"faq-cta-btn\" href=\"https:\/\/ai.stylingcv.com\/ai-generatorsignup?utm_source=stylingcv&utm_medium=website&utm_campaign=cta&utm_content=ats-industry-10-2\" target=\"_blank\" rel=\"noopener\">Prueba StylingCV AI Gratis \u2192<\/a>\n  <\/div>\n<\/div>\n\n\n\n<script type=\"application\/ld+json\">\n{\n  \"@context\": \"https:\/\/schema.org\",\n  \"@type\": \"FAQPage\",\n  \"mainEntity\": [{\n    \"@type\": \"Question\",\n    \"name\": \"\u00bfC\u00f3mo optimizo mi curr\u00edculum para sistemas ATS en el sector tecnol\u00f3gico?\",\n    \"acceptedAnswer\": {\n      \"@type\": \"Answer\",\n      \"text\": \"La optimizaci\u00f3n para ATS requiere investigaci\u00f3n de palabras clave espec\u00edficas del sector junto con un formato adecuado. Comienza analizando entre 10 y 15 ofertas de empleo en tu \u00e1rea objetivo para identificar palabras clave comunes, habilidades requeridas y terminolog\u00eda del sector. Incluye tanto acr\u00f3nimos como versiones escritas de los t\u00e9rminos clave. Utiliza encabezados de secci\u00f3n est\u00e1ndar que los sistemas ATS reconozcan. Mant\u00e9n un formato sencillo: una sola columna, fuentes est\u00e1ndar, sin tablas ni cuadros de texto, vi\u00f1etas est\u00e1ndar, sin im\u00e1genes ni gr\u00e1ficos. Enumera tus habilidades expl\u00edcitamente en una secci\u00f3n dedicada en lugar de solo incluirlas en p\u00e1rrafos. Utiliza frases exactas de las descripciones de trabajo cuando sea preciso. Incluye certificaciones, herramientas y tecnolog\u00edas relevantes de forma destacada. Para campos t\u00e9cnicos, enumera lenguajes de programaci\u00f3n, frameworks y plataformas. Para salud, incluye terminolog\u00eda m\u00e9dica, procedimientos y sistemas. Para finanzas, menciona instrumentos financieros, regulaciones y software. Para \u00e1reas creativas, enumera herramientas y metodolog\u00edas de dise\u00f1o. Guarda el archivo como .docx para una mejor compatibilidad de an\u00e1lisis. Prueba tu curr\u00edculum con esc\u00e1neres ATS gratuitos para identificar problemas de lectura. Recuerda que pasar el ATS es solo el primer paso: tu curr\u00edculum tambi\u00e9n debe impresionar a los reclutadores con logros claros y resultados cuantificables. Equilibra la optimizaci\u00f3n de palabras clave con la legibilidad y un contenido atractivo.\"\n    }\n  }]\n}\n<\/script>\n<style>.entry-content a[href*=\"ai.stylingcv.com\"]:not(.scv-exit-cta){transition:transform 0.2s ease,box-shadow 0.2s ease}.entry-content a[href*=\"ai.stylingcv.com\"]:not(.scv-exit-cta):hover{transform:translateY(-2px);box-shadow:0 4px 12px rgba(38,133,153,0.25)}<\/style>","protected":false},"excerpt":{"rendered":"<p>Inicio\u203aFAQ\u203aFAQ \ud83d\udccb FAQ \u00bfC\u00f3mo optimizo mi curr\u00edculum para sistemas ATS en el sector tecnol\u00f3gico? \ud83d\udcc5 Actualizado marzo 2026 &nbsp; \u23f1 3 min de lectura &nbsp; \u2705 Verificado por expertos La optimizaci\u00f3n para ATS requiere investigaci\u00f3n de palabras clave espec\u00edficas del sector junto con un formato adecuado. Comienza analizando entre 10 y 15 ofertas de empleo&#8230;<\/p>\n","protected":false},"author":0,"featured_media":0,"parent":639,"menu_order":0,"comment_status":"closed","ping_status":"closed","template":"","meta":{"footnotes":""},"class_list":["post-833","page","type-page","status-publish","hentry"," c-blog-1-item  nt-post-class"],"yoast_head":"<!-- This site is optimized with the Yoast SEO Premium plugin v26.5 (Yoast SEO v26.5) - https:\/\/yoast.com\/wordpress\/plugins\/seo\/ -->\n<title>\u00bfC\u00f3mo optimizo mi curr\u00edculum para ATS en tecnolog\u00eda?<\/title>\n<meta name=\"description\" content=\"Aprende a optimizar tu curr\u00edculum para sistemas ATS en el sector tecnol\u00f3gico: palabras clave, formato, consejos y herramientas para destacar en tu b\u00fasqueda\" \/>\n<meta name=\"robots\" content=\"index, follow, max-snippet:-1, max-image-preview:large, max-video-preview:-1\" \/>\n<link rel=\"canonical\" href=\"https:\/\/stylingcv.com\/es\/faq\/ats-industry-10-2\/\" \/>\n<meta property=\"og:locale\" content=\"en_US\" \/>\n<meta property=\"og:type\" content=\"article\" \/>\n<meta property=\"og:title\" content=\"\u00bfC\u00f3mo optimizo mi curr\u00edculum para sistemas ATS en el sector tecnol\u00f3gico?\" \/>\n<meta property=\"og:description\" content=\"Aprende a optimizar tu curr\u00edculum para sistemas ATS en el sector tecnol\u00f3gico: palabras clave, formato, consejos y herramientas para destacar en tu b\u00fasqueda\" \/>\n<meta property=\"og:url\" content=\"https:\/\/stylingcv.com\/es\/faq\/ats-industry-10-2\/\" \/>\n<meta property=\"og:site_name\" content=\"StylingCV - Espa\u00f1ol\" \/>\n<meta name=\"twitter:card\" content=\"summary_large_image\" \/>\n<meta name=\"twitter:label1\" content=\"Est. reading time\" \/>\n\t<meta name=\"twitter:data1\" content=\"2 minutes\" \/>\n<script type=\"application\/ld+json\" class=\"yoast-schema-graph\">{\"@context\":\"https:\/\/schema.org\",\"@graph\":[{\"@type\":\"WebPage\",\"@id\":\"https:\/\/wp.stylingcv.com\/es\/faq\/ats-industry-10-2\/\",\"url\":\"https:\/\/wp.stylingcv.com\/es\/faq\/ats-industry-10-2\/\",\"name\":\"\u00bfC\u00f3mo optimizo mi curr\u00edculum para ATS en tecnolog\u00eda?\",\"isPartOf\":{\"@id\":\"https:\/\/wp.stylingcv.com\/es\/#website\"},\"datePublished\":\"2026-02-25T03:45:13+00:00\",\"description\":\"Aprende a optimizar tu curr\u00edculum para sistemas ATS en el sector tecnol\u00f3gico: palabras clave, formato, consejos y herramientas para destacar en tu b\u00fasqueda\",\"breadcrumb\":{\"@id\":\"https:\/\/wp.stylingcv.com\/es\/faq\/ats-industry-10-2\/#breadcrumb\"},\"inLanguage\":\"en-US\",\"potentialAction\":[{\"@type\":\"ReadAction\",\"target\":[\"https:\/\/wp.stylingcv.com\/es\/faq\/ats-industry-10-2\/\"]}]},{\"@type\":\"BreadcrumbList\",\"@id\":\"https:\/\/wp.stylingcv.com\/es\/faq\/ats-industry-10-2\/#breadcrumb\",\"itemListElement\":[{\"@type\":\"ListItem\",\"position\":1,\"name\":\"Home\",\"item\":\"https:\/\/wp.stylingcv.com\/es\/\"},{\"@type\":\"ListItem\",\"position\":2,\"name\":\"Preguntas Frecuentes\",\"item\":\"https:\/\/wp.stylingcv.com\/es\/faq\/\"},{\"@type\":\"ListItem\",\"position\":3,\"name\":\"\u00bfC\u00f3mo optimizo mi curr\u00edculum para sistemas ATS en el sector tecnol\u00f3gico?\"}]},{\"@type\":\"WebSite\",\"@id\":\"https:\/\/wp.stylingcv.com\/es\/#website\",\"url\":\"https:\/\/wp.stylingcv.com\/es\/\",\"name\":\"StylingCV - Espa\u00f1ol\",\"description\":\"\",\"potentialAction\":[{\"@type\":\"SearchAction\",\"target\":{\"@type\":\"EntryPoint\",\"urlTemplate\":\"https:\/\/wp.stylingcv.com\/es\/?s={search_term_string}\"},\"query-input\":{\"@type\":\"PropertyValueSpecification\",\"valueRequired\":true,\"valueName\":\"search_term_string\"}}],\"inLanguage\":\"en-US\"}]}<\/script>\n<!-- \/ Yoast SEO Premium plugin. -->","yoast_head_json":{"title":"\u00bfC\u00f3mo optimizo mi curr\u00edculum para ATS en tecnolog\u00eda?","description":"Aprende a optimizar tu curr\u00edculum para sistemas ATS en el sector tecnol\u00f3gico: palabras clave, formato, consejos y herramientas para destacar en tu b\u00fasqueda","robots":{"index":"index","follow":"follow","max-snippet":"max-snippet:-1","max-image-preview":"max-image-preview:large","max-video-preview":"max-video-preview:-1"},"canonical":"https:\/\/stylingcv.com\/es\/faq\/ats-industry-10-2\/","og_locale":"en_US","og_type":"article","og_title":"\u00bfC\u00f3mo optimizo mi curr\u00edculum para sistemas ATS en el sector tecnol\u00f3gico?","og_description":"Aprende a optimizar tu curr\u00edculum para sistemas ATS en el sector tecnol\u00f3gico: palabras clave, formato, consejos y herramientas para destacar en tu b\u00fasqueda","og_url":"https:\/\/stylingcv.com\/es\/faq\/ats-industry-10-2\/","og_site_name":"StylingCV - Espa\u00f1ol","twitter_card":"summary_large_image","twitter_misc":{"Est. reading time":"2 minutes"},"schema":{"@context":"https:\/\/schema.org","@graph":[{"@type":"WebPage","@id":"https:\/\/wp.stylingcv.com\/es\/faq\/ats-industry-10-2\/","url":"https:\/\/wp.stylingcv.com\/es\/faq\/ats-industry-10-2\/","name":"\u00bfC\u00f3mo optimizo mi curr\u00edculum para ATS en tecnolog\u00eda?","isPartOf":{"@id":"https:\/\/wp.stylingcv.com\/es\/#website"},"datePublished":"2026-02-25T03:45:13+00:00","description":"Aprende a optimizar tu curr\u00edculum para sistemas ATS en el sector tecnol\u00f3gico: palabras clave, formato, consejos y herramientas para destacar en tu b\u00fasqueda","breadcrumb":{"@id":"https:\/\/wp.stylingcv.com\/es\/faq\/ats-industry-10-2\/#breadcrumb"},"inLanguage":"en-US","potentialAction":[{"@type":"ReadAction","target":["https:\/\/wp.stylingcv.com\/es\/faq\/ats-industry-10-2\/"]}]},{"@type":"BreadcrumbList","@id":"https:\/\/wp.stylingcv.com\/es\/faq\/ats-industry-10-2\/#breadcrumb","itemListElement":[{"@type":"ListItem","position":1,"name":"Home","item":"https:\/\/wp.stylingcv.com\/es\/"},{"@type":"ListItem","position":2,"name":"Preguntas Frecuentes","item":"https:\/\/wp.stylingcv.com\/es\/faq\/"},{"@type":"ListItem","position":3,"name":"\u00bfC\u00f3mo optimizo mi curr\u00edculum para sistemas ATS en el sector tecnol\u00f3gico?"}]},{"@type":"WebSite","@id":"https:\/\/wp.stylingcv.com\/es\/#website","url":"https:\/\/wp.stylingcv.com\/es\/","name":"StylingCV - Espa\u00f1ol","description":"","potentialAction":[{"@type":"SearchAction","target":{"@type":"EntryPoint","urlTemplate":"https:\/\/wp.stylingcv.com\/es\/?s={search_term_string}"},"query-input":{"@type":"PropertyValueSpecification","valueRequired":true,"valueName":"search_term_string"}}],"inLanguage":"en-US"}]}},"_links":{"self":[{"href":"https:\/\/wp.stylingcv.com\/es\/wp-json\/wp\/v2\/pages\/833","targetHints":{"allow":["GET"]}}],"collection":[{"href":"https:\/\/wp.stylingcv.com\/es\/wp-json\/wp\/v2\/pages"}],"about":[{"href":"https:\/\/wp.stylingcv.com\/es\/wp-json\/wp\/v2\/types\/page"}],"replies":[{"embeddable":true,"href":"https:\/\/wp.stylingcv.com\/es\/wp-json\/wp\/v2\/comments?post=833"}],"version-history":[{"count":0,"href":"https:\/\/wp.stylingcv.com\/es\/wp-json\/wp\/v2\/pages\/833\/revisions"}],"up":[{"embeddable":true,"href":"https:\/\/wp.stylingcv.com\/es\/wp-json\/wp\/v2\/pages\/639"}],"wp:attachment":[{"href":"https:\/\/wp.stylingcv.com\/es\/wp-json\/wp\/v2\/media?parent=833"}],"curies":[{"name":"wp","href":"https:\/\/api.w.org\/{rel}","templated":true}]}}