{"id":831,"date":"2026-02-25T03:45:10","date_gmt":"2026-02-25T03:45:10","guid":{"rendered":"https:\/\/stylingcv.com\/es\/guias-curriculum-carrera\/como-anadir-curriculum-linkedin\/como-usar-linkedin-investigar-industrias\/"},"modified":"2026-02-25T03:45:10","modified_gmt":"2026-02-25T03:45:10","slug":"linkedin-use-8","status":"publish","type":"page","link":"https:\/\/wp.stylingcv.com\/es\/guides\/add-resume-to-linkedin\/linkedin-use-8\/","title":{"rendered":"\u00bfC\u00f3mo uso LinkedIn para investigar industrias?"},"content":{"rendered":"\n<p class=\"faq-category\"><strong>Categor\u00eda:<\/strong> Preguntas frecuentes sobre LinkedIn y networking<\/p>\n\n\n\n<h2 class=\"wp-block-heading\">\u00bfC\u00f3mo uso LinkedIn para investigar industrias?<\/h2>\n\n\n\n<p>LinkedIn es una plataforma poderosa cuando se utiliza estrat\u00e9gicamente. Optimiza tu perfil con una foto profesional, un titular atractivo con palabras clave, una secci\u00f3n Acerca de detallada que muestre tu experiencia, experiencia laboral completa con logros, habilidades relevantes avaladas por tus contactos y recomendaciones de colegas. Para la b\u00fasqueda de empleo, utiliza los filtros avanzados, configura alertas, post\u00falate r\u00e1pidamente a nuevas ofertas y contacta directamente a los responsables de selecci\u00f3n. Para hacer networking, env\u00eda solicitudes de conexi\u00f3n personalizadas, interact\u00faa de manera aut\u00e9ntica con el contenido de otros, comparte ideas valiosas, participa en grupos y asiste a eventos virtuales. Construye tu marca personal publicando de manera constante de 2 a 4 veces por semana, compartiendo ideas y aprendizajes del sector, usando hashtags relevantes, interactuando con los comentarios y estableciendo tu experiencia en tu nicho. Crea contenido que aporte valor: gu\u00edas pr\u00e1cticas, an\u00e1lisis de la industria, consejos de carrera e historias personales con aprendizajes. Para reclutamiento o desarrollo de negocios, crea listas de conexiones espec\u00edficas, comparte contenido de liderazgo de pensamiento e interact\u00faa regularmente. Utiliza LinkedIn Learning para desarrollar habilidades. Investiga empresas e industrias siguiendo organizaciones, monitoreando actividades de la competencia y rastreando tendencias. Mide el \u00e9xito a trav\u00e9s de las visualizaciones de tu perfil, el crecimiento de conexiones, la interacci\u00f3n en tus publicaciones y las oportunidades generadas.<\/p>\n\n\n\n<hr class=\"wp-block-separator has-alpha-channel-opacity\"\/>\n\n\n\n<h3 class=\"wp-block-heading\">\u00bfNecesitas ayuda con tu curr\u00edculum?<\/h3>\n\n\n\n<p>Nuestro creador de curr\u00edculums con IA en <a href=\"https:\/\/ai.stylingcv.com\/ai-generatorsignup?utm_source=stylingcv&utm_medium=website&utm_campaign=cta&utm_content=linkedin-use-8\" target=\"_blank\" rel=\"noopener\">StylingCV AI<\/a> puede ayudarte a crear un curr\u00edculum profesional optimizado para ATS en minutos. \u00a1Empieza hoy!<\/p>\n\n\n\n<div class=\"wp-block-buttons is-layout-flex wp-block-buttons-is-layout-flex\">\n\n<div class=\"wp-block-button cta-button\"><a class=\"wp-block-button__link has-primary-background-color has-background wp-element-button\" href=\"https:\/\/ai.stylingcv.com\/ai-generatorsignup?utm_source=stylingcv&utm_medium=website&utm_campaign=cta&utm_content=linkedin-use-8\" target=\"_blank\" rel=\"noopener\">Prueba StylingCV AI Gratis \u2192<\/a><\/div>\n\n\n\n\n<p>\ud83d\udc49 <a href=\"https:\/\/stylingcv.com\/guides\/\">explora todas las gu\u00edas de carrera<\/a><\/p>\n\n<p>\ud83d\udc49 <a href=\"https:\/\/stylingcv.com\/resume-templates\/\">plantillas de curr\u00edculum compatibles con ATS<\/a><\/p>\n\n<p><strong>\ud83d\udca1 Consejo profesional:<\/strong> StylingCV no es solo un creador de curr\u00edculums \u2014 es un creador inteligente con IA que piensa. <a href=\"https:\/\/stylingcv.com\/resume-builder\/\">Creador de curr\u00edculums con IA y 11 agentes inteligentes<\/a> en menos de 2 minutos.<\/p>\n<\/div>\n\n\n\n<script type=\"application\/ld+json\">\n{\n  \"@context\": \"https:\/\/schema.org\",\n  \"@type\": \"FAQPage\",\n  \"mainEntity\": [{\n    \"@type\": \"Question\",\n    \"name\": \"\u00bfC\u00f3mo uso LinkedIn para investigar industrias?\",\n    \"acceptedAnswer\": {\n      \"@type\": \"Answer\",\n      \"text\": \"LinkedIn es una plataforma poderosa cuando se utiliza estrat\u00e9gicamente. Optimiza tu perfil con una foto profesional, un titular atractivo con palabras clave, una secci\u00f3n Acerca de detallada que muestre tu experiencia, experiencia laboral completa con logros, habilidades relevantes avaladas por tus contactos y recomendaciones de colegas. Para la b\u00fasqueda de empleo, utiliza los filtros avanzados, configura alertas, post\u00falate r\u00e1pidamente a nuevas ofertas y contacta directamente a los responsables de selecci\u00f3n. Para hacer networking, env\u00eda solicitudes de conexi\u00f3n personalizadas, interact\u00faa de manera aut\u00e9ntica con el contenido de otros, comparte ideas valiosas, participa en grupos y asiste a eventos virtuales. Construye tu marca personal publicando de manera constante de 2 a 4 veces por semana, compartiendo ideas y aprendizajes del sector, usando hashtags relevantes, interactuando con los comentarios y estableciendo tu experiencia en tu nicho. Crea contenido que aporte valor: gu\u00edas pr\u00e1cticas, an\u00e1lisis de la industria, consejos de carrera e historias personales con aprendizajes. Para reclutamiento o desarrollo de negocios, crea listas de conexiones espec\u00edficas, comparte contenido de liderazgo de pensamiento e interact\u00faa regularmente. Utiliza LinkedIn Learning para desarrollar habilidades. Investiga empresas e industrias siguiendo organizaciones, monitoreando actividades de la competencia y rastreando tendencias. Mide el \u00e9xito a trav\u00e9s de las visualizaciones de tu perfil, el crecimiento de conexiones, la interacci\u00f3n en tus publicaciones y las oportunidades generadas.\"\n    }\n  }]\n}\n<\/script>\n\n\n\n<p class=\"faq-keywords\"><small><strong>Relacionado:<\/strong> estrategia en LinkedIn, networking profesional, optimizaci\u00f3n de LinkedIn, consejos de LinkedIn, networking de carrera<\/small><\/p>\n<!-- stylingcv-hub-links --><div class=\"stylingcv-related-resources\" style=\"margin-top:30px;padding:20px;background:#f8f9fa;border-left:4px solid #1abc9c;border-radius:4px;\"><h3 style=\"margin-top:0;color:#2c3e50;\">Explora m\u00e1s recursos<\/h3><ul style=\"list-style:none;padding:0;\"><li><a href=\"https:\/\/stylingcv.com\/add-resume-to-linkedin\/\">Optimizaci\u00f3n de LinkedIn<\/a> &mdash; Tu gu\u00eda completa<\/li><li><a href=\"https:\/\/stylingcv.com\/profile-optimization\/\">Optimizaci\u00f3n de perfil de LinkedIn para b\u00fasqueda de empleo<\/a><\/li><li><a href=\"https:\/\/stylingcv.com\/linkedin-use-14\/\">\u00bfC\u00f3mo uso LinkedIn para reclutamiento?<\/a><\/li><li><a href=\"https:\/\/stylingcv.com\/linkedin-job-search-strategy\/\">\u00bfCu\u00e1les son las mejores estrategias para buscar empleo en LinkedIn?<\/a><\/li><\/ul><p style=\"margin-bottom:0;font-size:14px;color:#7f8c8d;\">No solo un creador de curr\u00edculums &mdash; un creador inteligente con IA que piensa. <a href=\"https:\/\/stylingcv.com\/resume-builder\/\" style=\"color:#1abc9c;font-weight:bold;\">Crea tu curr\u00edculum en menos de 2 minutos &rarr;<\/a><\/p><\/div><!-- \/stylingcv-hub-links --><style>.entry-content a[href*=\"ai.stylingcv.com\"]:not(.scv-exit-cta){transition:transform 0.2s ease,box-shadow 0.2s ease}.entry-content a[href*=\"ai.stylingcv.com\"]:not(.scv-exit-cta):hover{transform:translateY(-2px);box-shadow:0 4px 12px rgba(38,133,153,0.25)}<\/style>","protected":false},"excerpt":{"rendered":"<p>Utiliza LinkedIn para investigar industrias, empresas y tendencias laborales. Obt\u00e9n informaci\u00f3n competitiva que fortalezca tus postulaciones.<\/p>\n","protected":false},"author":0,"featured_media":0,"parent":424,"menu_order":0,"comment_status":"closed","ping_status":"closed","template":"","meta":{"footnotes":""},"class_list":["post-831","page","type-page","status-publish","hentry"," c-blog-1-item  nt-post-class"],"yoast_head":"<!-- This site is optimized with the Yoast SEO Premium plugin v26.5 (Yoast SEO v26.5) - https:\/\/yoast.com\/wordpress\/plugins\/seo\/ -->\n<title>Gu\u00eda para investigar industrias en LinkedIn | StylingCV<\/title>\n<meta name=\"description\" content=\"Categor\u00eda: Preguntas frecuentes sobre LinkedIn y networking. \u00bfC\u00f3mo uso LinkedIn para investigar industrias? LinkedIn es una plataforma poderosa si se usa bien.\" \/>\n<meta name=\"robots\" content=\"index, follow, max-snippet:-1, max-image-preview:large, max-video-preview:-1\" \/>\n<link rel=\"canonical\" href=\"https:\/\/stylingcv.com\/es\/guides\/add-resume-to-linkedin\/linkedin-use-8\/\" \/>\n<meta property=\"og:locale\" content=\"en_US\" \/>\n<meta property=\"og:type\" content=\"article\" \/>\n<meta property=\"og:title\" content=\"\u00bfC\u00f3mo uso LinkedIn para investigar industrias?\" \/>\n<meta property=\"og:description\" content=\"Categor\u00eda: Preguntas frecuentes sobre LinkedIn y networking. \u00bfC\u00f3mo uso LinkedIn para investigar industrias? LinkedIn es una plataforma poderosa si se usa bien.\" \/>\n<meta property=\"og:url\" content=\"https:\/\/stylingcv.com\/es\/guides\/add-resume-to-linkedin\/linkedin-use-8\/\" \/>\n<meta property=\"og:site_name\" content=\"StylingCV - Espa\u00f1ol\" \/>\n<meta name=\"twitter:card\" content=\"summary_large_image\" \/>\n<meta name=\"twitter:label1\" content=\"Est. reading time\" \/>\n\t<meta name=\"twitter:data1\" content=\"2 minutes\" \/>\n<script type=\"application\/ld+json\" class=\"yoast-schema-graph\">{\"@context\":\"https:\/\/schema.org\",\"@graph\":[{\"@type\":\"WebPage\",\"@id\":\"https:\/\/wp.stylingcv.com\/es\/guides\/add-resume-to-linkedin\/linkedin-use-8\/\",\"url\":\"https:\/\/wp.stylingcv.com\/es\/guides\/add-resume-to-linkedin\/linkedin-use-8\/\",\"name\":\"Gu\u00eda para investigar industrias en LinkedIn | StylingCV\",\"isPartOf\":{\"@id\":\"https:\/\/wp.stylingcv.com\/es\/#website\"},\"datePublished\":\"2026-02-25T03:45:10+00:00\",\"description\":\"Categor\u00eda: Preguntas frecuentes sobre LinkedIn y networking. \u00bfC\u00f3mo uso LinkedIn para investigar industrias? LinkedIn es una plataforma poderosa si se usa bien.\",\"breadcrumb\":{\"@id\":\"https:\/\/wp.stylingcv.com\/es\/guides\/add-resume-to-linkedin\/linkedin-use-8\/#breadcrumb\"},\"inLanguage\":\"en-US\",\"potentialAction\":[{\"@type\":\"ReadAction\",\"target\":[\"https:\/\/wp.stylingcv.com\/es\/guides\/add-resume-to-linkedin\/linkedin-use-8\/\"]}]},{\"@type\":\"BreadcrumbList\",\"@id\":\"https:\/\/wp.stylingcv.com\/es\/guides\/add-resume-to-linkedin\/linkedin-use-8\/#breadcrumb\",\"itemListElement\":[{\"@type\":\"ListItem\",\"position\":1,\"name\":\"Home\",\"item\":\"https:\/\/wp.stylingcv.com\/es\/\"},{\"@type\":\"ListItem\",\"position\":2,\"name\":\"Gu\u00edas de Curr\u00edculum y Carrera: Recursos Expertos para Buscadores de Empleo\",\"item\":\"https:\/\/wp.stylingcv.com\/es\/guides\/\"},{\"@type\":\"ListItem\",\"position\":3,\"name\":\"C\u00f3mo A\u00f1adir tu Curr\u00edculum a LinkedIn (Gu\u00eda Paso a Paso)\",\"item\":\"https:\/\/wp.stylingcv.com\/es\/guides\/add-resume-to-linkedin\/\"},{\"@type\":\"ListItem\",\"position\":4,\"name\":\"\u00bfC\u00f3mo uso LinkedIn para investigar industrias?\"}]},{\"@type\":\"WebSite\",\"@id\":\"https:\/\/wp.stylingcv.com\/es\/#website\",\"url\":\"https:\/\/wp.stylingcv.com\/es\/\",\"name\":\"StylingCV - Espa\u00f1ol\",\"description\":\"\",\"potentialAction\":[{\"@type\":\"SearchAction\",\"target\":{\"@type\":\"EntryPoint\",\"urlTemplate\":\"https:\/\/wp.stylingcv.com\/es\/?s={search_term_string}\"},\"query-input\":{\"@type\":\"PropertyValueSpecification\",\"valueRequired\":true,\"valueName\":\"search_term_string\"}}],\"inLanguage\":\"en-US\"}]}<\/script>\n<!-- \/ Yoast SEO Premium plugin. -->","yoast_head_json":{"title":"Gu\u00eda para investigar industrias en LinkedIn | StylingCV","description":"Categor\u00eda: Preguntas frecuentes sobre LinkedIn y networking. \u00bfC\u00f3mo uso LinkedIn para investigar industrias? LinkedIn es una plataforma poderosa si se usa bien.","robots":{"index":"index","follow":"follow","max-snippet":"max-snippet:-1","max-image-preview":"max-image-preview:large","max-video-preview":"max-video-preview:-1"},"canonical":"https:\/\/stylingcv.com\/es\/guides\/add-resume-to-linkedin\/linkedin-use-8\/","og_locale":"en_US","og_type":"article","og_title":"\u00bfC\u00f3mo uso LinkedIn para investigar industrias?","og_description":"Categor\u00eda: Preguntas frecuentes sobre LinkedIn y networking. \u00bfC\u00f3mo uso LinkedIn para investigar industrias? LinkedIn es una plataforma poderosa si se usa bien.","og_url":"https:\/\/stylingcv.com\/es\/guides\/add-resume-to-linkedin\/linkedin-use-8\/","og_site_name":"StylingCV - Espa\u00f1ol","twitter_card":"summary_large_image","twitter_misc":{"Est. reading time":"2 minutes"},"schema":{"@context":"https:\/\/schema.org","@graph":[{"@type":"WebPage","@id":"https:\/\/wp.stylingcv.com\/es\/guides\/add-resume-to-linkedin\/linkedin-use-8\/","url":"https:\/\/wp.stylingcv.com\/es\/guides\/add-resume-to-linkedin\/linkedin-use-8\/","name":"Gu\u00eda para investigar industrias en LinkedIn | StylingCV","isPartOf":{"@id":"https:\/\/wp.stylingcv.com\/es\/#website"},"datePublished":"2026-02-25T03:45:10+00:00","description":"Categor\u00eda: Preguntas frecuentes sobre LinkedIn y networking. \u00bfC\u00f3mo uso LinkedIn para investigar industrias? LinkedIn es una plataforma poderosa si se usa bien.","breadcrumb":{"@id":"https:\/\/wp.stylingcv.com\/es\/guides\/add-resume-to-linkedin\/linkedin-use-8\/#breadcrumb"},"inLanguage":"en-US","potentialAction":[{"@type":"ReadAction","target":["https:\/\/wp.stylingcv.com\/es\/guides\/add-resume-to-linkedin\/linkedin-use-8\/"]}]},{"@type":"BreadcrumbList","@id":"https:\/\/wp.stylingcv.com\/es\/guides\/add-resume-to-linkedin\/linkedin-use-8\/#breadcrumb","itemListElement":[{"@type":"ListItem","position":1,"name":"Home","item":"https:\/\/wp.stylingcv.com\/es\/"},{"@type":"ListItem","position":2,"name":"Gu\u00edas de Curr\u00edculum y Carrera: Recursos Expertos para Buscadores de Empleo","item":"https:\/\/wp.stylingcv.com\/es\/guides\/"},{"@type":"ListItem","position":3,"name":"C\u00f3mo A\u00f1adir tu Curr\u00edculum a LinkedIn (Gu\u00eda Paso a Paso)","item":"https:\/\/wp.stylingcv.com\/es\/guides\/add-resume-to-linkedin\/"},{"@type":"ListItem","position":4,"name":"\u00bfC\u00f3mo uso LinkedIn para investigar industrias?"}]},{"@type":"WebSite","@id":"https:\/\/wp.stylingcv.com\/es\/#website","url":"https:\/\/wp.stylingcv.com\/es\/","name":"StylingCV - Espa\u00f1ol","description":"","potentialAction":[{"@type":"SearchAction","target":{"@type":"EntryPoint","urlTemplate":"https:\/\/wp.stylingcv.com\/es\/?s={search_term_string}"},"query-input":{"@type":"PropertyValueSpecification","valueRequired":true,"valueName":"search_term_string"}}],"inLanguage":"en-US"}]}},"_links":{"self":[{"href":"https:\/\/wp.stylingcv.com\/es\/wp-json\/wp\/v2\/pages\/831","targetHints":{"allow":["GET"]}}],"collection":[{"href":"https:\/\/wp.stylingcv.com\/es\/wp-json\/wp\/v2\/pages"}],"about":[{"href":"https:\/\/wp.stylingcv.com\/es\/wp-json\/wp\/v2\/types\/page"}],"replies":[{"embeddable":true,"href":"https:\/\/wp.stylingcv.com\/es\/wp-json\/wp\/v2\/comments?post=831"}],"version-history":[{"count":0,"href":"https:\/\/wp.stylingcv.com\/es\/wp-json\/wp\/v2\/pages\/831\/revisions"}],"up":[{"embeddable":true,"href":"https:\/\/wp.stylingcv.com\/es\/wp-json\/wp\/v2\/pages\/424"}],"wp:attachment":[{"href":"https:\/\/wp.stylingcv.com\/es\/wp-json\/wp\/v2\/media?parent=831"}],"curies":[{"name":"wp","href":"https:\/\/api.w.org\/{rel}","templated":true}]}}