{"id":829,"date":"2026-02-25T03:45:04","date_gmt":"2026-02-25T03:45:04","guid":{"rendered":"https:\/\/stylingcv.com\/es\/carta-presentacion-puesto-creativo\/"},"modified":"2026-02-25T03:45:04","modified_gmt":"2026-02-25T03:45:04","slug":"cover-letter-type-5","status":"publish","type":"page","link":"https:\/\/wp.stylingcv.com\/es\/cover-letter-type-5\/","title":{"rendered":"\u00bfC\u00f3mo escribo una carta de presentaci\u00f3n atractiva para un puesto creativo?"},"content":{"rendered":"\n<p class=\"faq-category\"><strong>Categor\u00eda:<\/strong> Preguntas frecuentes sobre cartas de presentaci\u00f3n<\/p>\n\n\n\n<h2 class=\"wp-block-heading\">\u00bfC\u00f3mo escribo una carta de presentaci\u00f3n atractiva para un puesto creativo?<\/h2>\n\n\n\n<p>Una carta de presentaci\u00f3n atractiva complementa tu curr\u00edculum contando tu historia \u00fanica y presentando un argumento s\u00f3lido de por qu\u00e9 no eres solo un candidato, sino *el* candidato ideal para un puesto creativo. Es tu oportunidad de mostrar personalidad, demostrar tu comprensi\u00f3n de la empresa y resaltar tu impacto creativo m\u00e1s all\u00e1 de los puntos en el curr\u00edculum. Piensa en ella como tu primer brief creativo para un posible empleador.<\/p>\n\n\n\n<h3 class=\"wp-block-heading\">Gu\u00eda paso a paso para crear tu carta de presentaci\u00f3n creativa<\/h3>\n\n\n\n<p>Escribir una carta de presentaci\u00f3n impactante para un puesto creativo requiere un enfoque estrat\u00e9gico. Sigue estos pasos para asegurarte de que tu carta destaque:<\/p>\n\n\n\n<ul class=\"wp-block-list\">\n<li><strong>Paso 1: Investigaci\u00f3n profunda y personalizaci\u00f3n:<\/strong> Esto es imprescindible para cualquier carta de presentaci\u00f3n creativa. Ve m\u00e1s all\u00e1 de leer la descripci\u00f3n del puesto. Explora el sitio web de la empresa, redes sociales, proyectos recientes, testimonios de clientes e incluso los perfiles de LinkedIn del equipo. Comprende su tono de marca, campa\u00f1as recientes, cultura empresarial y valores principales. \u00bfQu\u00e9 desaf\u00edos enfrentan? \u00bfQu\u00e9 te entusiasma de su trabajo? Usa este conocimiento para infundir entusiasmo genuino y perspectivas espec\u00edficas en tu carta. Una carta gen\u00e9rica es la forma m\u00e1s r\u00e1pida de pasar desapercibido.<\/li>\n<li><strong>Paso 2: Analiza la descripci\u00f3n del puesto:<\/strong> Identifica cuidadosamente los 3-5 requisitos, habilidades y responsabilidades m\u00e1s importantes. Estos ser\u00e1n los pilares de tu carta. Piensa en ejemplos espec\u00edficos de tu experiencia que aborden y demuestren estas \u00e1reas clave. Para roles creativos, piensa en el *impacto* de tu trabajo, no solo en las tareas.<\/li>\n<li><strong>Paso 3: Crea una apertura cautivadora:<\/strong> Evita frases gen\u00e9ricas como &#8220;Me dirijo a usted para postularme al puesto de&#8230;&#8221;. En su lugar, comienza con una frase fuerte y atractiva. Puede ser una pasi\u00f3n compartida, una observaci\u00f3n sobre un proyecto reciente de la empresa, una declaraci\u00f3n breve e impactante sobre c\u00f3mo tu visi\u00f3n creativa se alinea con la suya, o un logro relevante para el puesto. Demuestra que has investigado desde la primera frase.<\/li>\n<li><strong>Paso 4: Narrativa en los p\u00e1rrafos intermedios:<\/strong> Tu carta de presentaci\u00f3n no es solo una lista; es una narrativa. Proporciona 2-3 ejemplos concretos de logros relevantes que aborden directamente los requisitos clave del puesto. Usa el m\u00e9todo CAR (Desaf\u00edo, Acci\u00f3n, Resultado) para contar mini-historias. Cuantifica tus logros siempre que sea posible, incluso en campos creativos (por ejemplo, &#8220;Aument\u00e9 la participaci\u00f3n de usuarios en un 25%&#8221;, &#8220;Entregu\u00e9 m\u00e1s de 10 campa\u00f1as exitosas antes de lo previsto&#8221;, &#8220;Reduje los costos de proyectos en un 15% mediante soluciones de dise\u00f1o innovadoras&#8221;). Enf\u00f3cate en el *impacto* y el *valor* que aportaste. Explica cualquier aspecto \u00fanico de tu trayectoria o cambios de carrera, resaltando habilidades transferibles.<\/li>\n<li><strong>Paso 5: Responde al &#8220;\u00bfPor qu\u00e9 yo, por qu\u00e9 ellos?&#8221;:<\/strong> Conecta expl\u00edcitamente tus habilidades, experiencia y pasi\u00f3n con las necesidades espec\u00edficas de *ellos* y su cultura empresarial. \u00bfQu\u00e9 valor \u00fanico aportas que te diferencia? \u00bfPor qu\u00e9 *ellos* son el lugar perfecto para tu pr\u00f3ximo paso profesional? Demuestra que comprendes c\u00f3mo tus aportes creativos les ayudar\u00e1n a alcanzar sus objetivos.<\/li>\n<li><strong>Paso 6: Llamado a la acci\u00f3n y cierre profesional:<\/strong> Reitera tu inter\u00e9s y entusiasmo por el puesto y la empresa. Expresa tu deseo de tener una entrevista para conversar sobre c\u00f3mo tus talentos creativos pueden beneficiar a su equipo. Agrad\u00e9celes por su tiempo y consideraci\u00f3n. Mant\u00e9n un tono profesional pero seguro.<\/li>\n<li><strong>Paso 7: Revisi\u00f3n y formato meticulosos:<\/strong> Los errores en una carta de presentaci\u00f3n, especialmente para roles creativos donde la atenci\u00f3n al detalle es clave, son especialmente perjudiciales. Revisa varias veces, l\u00e9ela en voz alta y pide a un amigo o colega que la revise. Aseg\u00farate de un formato limpio, espaciado adecuado y uso consistente de fuentes. Mant\u00e9n la extensi\u00f3n en una p\u00e1gina, normalmente 3-4 p\u00e1rrafos, entre 250 y 400 palabras.<\/li>\n<\/ul>\n\n\n\n<h3 class=\"wp-block-heading\">Errores comunes a evitar en cartas de presentaci\u00f3n creativas<\/h3>\n\n\n\n<p>Incluso los creativos m\u00e1s talentosos pueden cometer errores en sus cartas de presentaci\u00f3n. Aqu\u00ed tienes errores clave que debes evitar:<\/p>\n\n\n\n<ul class=\"wp-block-list\">\n<li><strong>Ser gen\u00e9rico:<\/strong> El mayor error. Una carta &#8220;para todos&#8221; indica falta de inter\u00e9s genuino y esfuerzo, lo cual es una se\u00f1al de alerta en campos creativos.<\/li>\n<li><strong>Repetir el curr\u00edculum:<\/strong> Tu carta debe *complementar* tu curr\u00edculum, no repetirlo. \u00dasala para a\u00f1adir narrativa, contexto, personalidad y perspectivas que tu curr\u00edculum no puede transmitir.<\/li>\n<li><strong>Demasiado larga o demasiado corta:<\/strong> Respeta el tiempo del reclutador. Mantente en una p\u00e1gina. Una carta demasiado corta puede parecer desinteresada, mientras que una demasiado larga puede no leerse.<\/li>\n<li><strong>Mal formato y errores:<\/strong> Errores ortogr\u00e1ficos, gramaticales y formato desordenado afectan tu profesionalismo y atenci\u00f3n al detalle. En roles creativos, donde la precisi\u00f3n y la est\u00e9tica son clave, esto es cr\u00edtico.<\/li>\n<li><strong>Enfocarse solo en ti:<\/strong> Aunque se trata de tus habilidades, presenta tus logros y aspiraciones en t\u00e9rminos de c\u00f3mo beneficiar\u00e1n al empleador. \u00bfQu\u00e9 problemas puedes resolver para ellos? \u00bfQu\u00e9 valor puedes aportar?<\/li>\n<li><strong>Falta de personalidad (o exceso):<\/strong> Encuentra el equilibrio. Los roles creativos valoran perspectivas \u00fanicas y voz propia, pero mant\u00e9n la profesionalidad. No temas mostrar tu autenticidad, pero evita un lenguaje demasiado informal o an\u00e9cdotas poco profesionales.<\/li>\n<li><strong>No dirigirse al reclutador por su nombre:<\/strong> Si es posible, dirige la carta directamente al responsable de selecci\u00f3n. Una b\u00fasqueda r\u00e1pida en LinkedIn o una llamada a la empresa puede ayudarte. &#8220;A quien corresponda&#8221; resulta impersonal.<\/li>\n<li><strong>Olvidar tu portafolio:<\/strong> Para la mayor\u00eda de los roles creativos, tu portafolio es tu principal credencial. Aseg\u00farate de enlazarlo de forma visible y correcta.<\/li>\n<\/ul>\n\n\n\n<h3 class=\"wp-block-heading\">Consejos espec\u00edficos por industria para cartas creativas<\/h3>\n\n\n\n<p>Aunque los principios generales aplican, adaptar tu carta a tu disciplina creativa puede aumentar mucho su efectividad:<\/p>\n\n\n\n<ul class=\"wp-block-list\">\n<li><strong>Dise\u00f1o gr\u00e1fico\/UI\/UX:<\/strong> Destaca tus habilidades para resolver problemas a trav\u00e9s del dise\u00f1o, empat\u00eda con el usuario, dominio de software espec\u00edfico (por ejemplo, Figma, Adobe Creative Suite) y el *impacto* de tu trabajo visual en la experiencia del usuario o el reconocimiento de marca. Resalta tu proceso y pensamiento cr\u00edtico. Siempre enlaza tu portafolio online de forma visible.<\/li>\n<li><strong>Redacci\u00f3n de contenidos\/Copywriting:<\/strong> Tu carta *es* una muestra de tu escritura. Demuestra tu capacidad para adaptar el tono, atraer audiencias, impulsar conversiones y comprender buenas pr\u00e1cticas SEO. Usa voz activa y lenguaje convincente. Si es relevante, menciona experiencia con sistemas de gesti\u00f3n de contenidos o herramientas de an\u00e1lisis.<\/li>\n<li><strong>Marketing\/Redes sociales:<\/strong> Destaca tu pensamiento estrat\u00e9gico, experiencia en gesti\u00f3n de campa\u00f1as, t\u00e1cticas de engagement, habilidades de an\u00e1lisis de datos y enfoques innovadores para alcanzar objetivos. Habla de campa\u00f1as exitosas y sus resultados medibles.<\/li>\n<li><strong>Fotograf\u00eda\/Videograf\u00eda:<\/strong> Enf\u00f3cate en tu visi\u00f3n art\u00edstica, dominio t\u00e9cnico, gesti\u00f3n de proyectos de sesiones y capacidad para contar historias visualmente. Menciona equipos o t\u00e9cnicas especializadas que domines. Tu portafolio, que demuestre variedad y calidad, es fundamental.<\/li>\n<li><strong>Bellas artes\/Ilustraci\u00f3n:<\/strong> Habla de tu voz art\u00edstica \u00fanica, pensamiento conceptual, dominio de diferentes medios y c\u00f3mo tu arte comunica ideas o genera emociones. Si postulas a un rol comercial, conecta tus habilidades art\u00edsticas con aplicaciones comerciales.<\/li>\n<\/ul>\n\n\n\n<h3 class=\"wp-block-heading\">Buenas pr\u00e1cticas para una carta creativa destacada<\/h3>\n\n\n\n<ul class=\"wp-block-list\">\n<li><strong>Enf\u00f3cate en &#8220;ellos&#8221;, no en &#8220;ti&#8221;:<\/strong> Aunque se trata de tus habilidades, pres\u00e9ntalas en t\u00e9rminos de c\u00f3mo benefician al empleador. \u00bfQu\u00e9 problemas puedes resolver para ellos? \u00bfQu\u00e9 valor puedes aportar?<\/li>\n<li><strong>Usa voz activa y verbos de acci\u00f3n fuertes:<\/strong> Esto hace que tu escritura sea m\u00e1s din\u00e1mica e impactante. En vez de &#8220;Era responsable de&#8221;, usa &#8220;Lider\u00e9&#8221;, &#8220;Desarroll\u00e9&#8221; o &#8220;Implement\u00e9&#8221;.<\/li>\n<li><strong>Muestra, no solo cuentes:<\/strong> En vez de decir &#8220;Soy un solucionador creativo de problemas&#8221;, describe una situaci\u00f3n donde resolviste creativamente un problema y el resultado positivo.<\/li>\n<li><strong>Destaca habilidades transferibles:<\/strong> Si cambias de carrera o eres principiante, explica tu transici\u00f3n y enfatiza c\u00f3mo habilidades previas (gesti\u00f3n de proyectos, comunicaci\u00f3n, pensamiento cr\u00edtico) aplican al rol creativo.<\/li>\n<li><strong>Habla de roles remotos\/h\u00edbridos:<\/strong> Si el puesto es remoto, resalta tu autonom\u00eda, habilidades para colaborar virtualmente, gesti\u00f3n de plazos y experiencia con herramientas remotas.<\/li>\n<li><strong>Integra tu marca personal:<\/strong> Tu carta debe reflejar tu marca personal e identidad creativa, en coherencia con tu curr\u00edculum y portafolio.<\/li>\n<\/ul>\n\n\n\n<hr class=\"wp-block-separator has-alpha-channel-opacity\"\/>\n\n\n\n<h3 class=\"wp-block-heading\">Lo que debes y no debes hacer en una carta creativa<\/h3>\n\n\n\n<figure class=\"wp-block-table\"><table><thead><tr><th>HAZ<\/th><th>NO HAGAS<\/th><\/tr><\/thead><tbody><tr><td>Personaliza para cada postulaci\u00f3n.<\/td><td>Env\u00edes una carta gen\u00e9rica &#8220;para todos&#8221;.<\/td><\/tr><tr><td>Investiga a fondo la empresa y el puesto.<\/td><td>Te centres solo en lo que la empresa puede hacer por ti.<\/td><\/tr><tr><td>Cuenta mini-historias (m\u00e9todo CAR) para mostrar impacto.<\/td><td>Solo listes responsabilidades de tu curr\u00edculum.<\/td><\/tr><tr><td>Cuantifica logros con m\u00e9tricas (incluso creativas).<\/td><td>Uses lenguaje vago como &#8220;responsable de&#8221;.<\/td><\/tr><tr><td>Muestra personalidad y voz aut\u00e9ntica (profesionalmente).<\/td><td>Seas demasiado formal o sin personalidad.<\/td><\/tr><tr><td>Dir\u00edgete al reclutador por su nombre.<\/td><td>Uses &#8220;A quien corresponda&#8221;.<\/td><\/tr><tr><td>Revisa meticulosamente ortograf\u00eda y gram\u00e1tica.<\/td><td>Env\u00edes con errores; afecta tu credibilidad.<\/td><\/tr><tr><td>Enlaza directamente tu portafolio online.<\/td><td>Olvides incluir el enlace a tu portafolio.<\/td><\/tr><tr><td>Enf\u00f3cate en c\u00f3mo aportas valor a *su* equipo.<\/td><td>Hagas la carta solo sobre tus aspiraciones.<\/td><\/tr><\/tbody><\/table><\/figure>\n\n\n<!-- wp:heading\n\n\n<p>\ud83d\udc49 <a href=\"https:\/\/stylingcv.com\/cover-letter-writing\/\">creador de cartas de presentaci\u00f3n<\/a><\/p>\n\n<p>\ud83d\udc49 <a href=\"https:\/\/stylingcv.com\/guides\/\">gu\u00edas expertas de curr\u00edculum<\/a><\/p>\n\n<p>\ud83d\udc49 <a href=\"https:\/\/stylingcv.com\/resume-templates\/\">ver plantillas de curr\u00edculum<\/a><\/p>\n\n<p><strong>\ud83d\udca1 Consejo profesional:<\/strong> StylingCV no es solo un creador de curr\u00edculums \u2014 es un creador inteligente con IA que piensa. <a href=\"https:\/\/stylingcv.com\/resume-builder\/\">mejor creador de curr\u00edculums IA 2026<\/a> en menos de 2 minutos.<\/p>\n<!-- stylingcv-hub-links --><div class=\"stylingcv-related-resources\" style=\"margin-top:30px;padding:20px;background:#f8f9fa;border-left:4px solid #1abc9c;border-radius:4px;\"><h3 style=\"margin-top:0;color:#2c3e50;\">Explora m\u00e1s recursos<\/h3><ul style=\"list-style:none;padding:0;\"><li><a href=\"https:\/\/stylingcv.com\/cover-letter-writing\/\">Gu\u00eda para escribir cartas de presentaci\u00f3n<\/a> &mdash; Tu gu\u00eda completa<\/li><li><a href=\"https:\/\/stylingcv.com\/cover-letter-remote-jobs\/\">Carta de presentaci\u00f3n para trabajos remotos: c\u00f3mo destacar<\/a><\/li><li><a href=\"https:\/\/stylingcv.com\/cover-letter-vs-resume-differences\/\">Carta de presentaci\u00f3n vs curr\u00edculum: diferencias clave y c\u00f3mo<\/a><\/li><li><a href=\"https:\/\/stylingcv.com\/cover-letter-closing-paragraph\/\">P\u00e1rrafo final de la carta de presentaci\u00f3n: c\u00f3mo cerrar fuerte y<\/a><\/li><\/ul><p style=\"margin-bottom:0;font-size:14px;color:#7f8c8d;\">No solo un creador de curr\u00edculums &mdash; un creador inteligente con IA que piensa. <a href=\"https:\/\/stylingcv.com\/resume-builder\/\" style=\"color:#1abc9c;font-weight:bold;\">Crea tu curr\u00edculum en menos de 2 minutos &rarr;<\/a><\/p><\/div><!-- \/stylingcv-hub-links -->","protected":false},"excerpt":{"rendered":"<p>Escribe una carta de presentaci\u00f3n creativa que muestre tu talento art\u00edstico. Plantillas y consejos para dise\u00f1o, redacci\u00f3n y solicitudes en industrias creativas.<\/p>\n","protected":false},"author":0,"featured_media":0,"parent":0,"menu_order":0,"comment_status":"closed","ping_status":"closed","template":"","meta":{"footnotes":""},"class_list":["post-829","page","type-page","status-publish","hentry"," c-blog-1-item  nt-post-class"],"yoast_head":"<!-- This site is optimized with the Yoast SEO Premium plugin v26.5 (Yoast SEO v26.5) - https:\/\/yoast.com\/wordpress\/plugins\/seo\/ -->\n<title>Carta de presentaci\u00f3n para puestos creativos | StylingCV<\/title>\n<meta name=\"description\" content=\"Categor\u00eda: Preguntas frecuentes sobre cartas de presentaci\u00f3n \u00bfC\u00f3mo escribo una carta de presentaci\u00f3n atractiva para un puesto creativo?\" \/>\n<meta name=\"robots\" content=\"index, follow, max-snippet:-1, max-image-preview:large, max-video-preview:-1\" \/>\n<link rel=\"canonical\" href=\"https:\/\/stylingcv.com\/es\/cover-letter-type-5\/\" \/>\n<meta property=\"og:locale\" content=\"en_US\" \/>\n<meta property=\"og:type\" content=\"article\" \/>\n<meta property=\"og:title\" content=\"\u00bfC\u00f3mo escribo una carta de presentaci\u00f3n atractiva para un puesto creativo?\" \/>\n<meta property=\"og:description\" content=\"Categor\u00eda: Preguntas frecuentes sobre cartas de presentaci\u00f3n \u00bfC\u00f3mo escribo una carta de presentaci\u00f3n atractiva para un puesto creativo?\" \/>\n<meta property=\"og:url\" content=\"https:\/\/stylingcv.com\/es\/cover-letter-type-5\/\" \/>\n<meta property=\"og:site_name\" content=\"StylingCV - Espa\u00f1ol\" \/>\n<meta name=\"twitter:card\" content=\"summary_large_image\" \/>\n<meta name=\"twitter:label1\" content=\"Est. reading time\" \/>\n\t<meta name=\"twitter:data1\" content=\"8 minutes\" \/>\n<script type=\"application\/ld+json\" class=\"yoast-schema-graph\">{\"@context\":\"https:\/\/schema.org\",\"@graph\":[{\"@type\":\"WebPage\",\"@id\":\"https:\/\/wp.stylingcv.com\/es\/cover-letter-type-5\/\",\"url\":\"https:\/\/wp.stylingcv.com\/es\/cover-letter-type-5\/\",\"name\":\"Carta de presentaci\u00f3n para puestos creativos | StylingCV\",\"isPartOf\":{\"@id\":\"https:\/\/wp.stylingcv.com\/es\/#website\"},\"datePublished\":\"2026-02-25T03:45:04+00:00\",\"description\":\"Categor\u00eda: Preguntas frecuentes sobre cartas de presentaci\u00f3n \u00bfC\u00f3mo escribo una carta de presentaci\u00f3n atractiva para un puesto creativo?\",\"breadcrumb\":{\"@id\":\"https:\/\/wp.stylingcv.com\/es\/cover-letter-type-5\/#breadcrumb\"},\"inLanguage\":\"en-US\",\"potentialAction\":[{\"@type\":\"ReadAction\",\"target\":[\"https:\/\/wp.stylingcv.com\/es\/cover-letter-type-5\/\"]}]},{\"@type\":\"BreadcrumbList\",\"@id\":\"https:\/\/wp.stylingcv.com\/es\/cover-letter-type-5\/#breadcrumb\",\"itemListElement\":[{\"@type\":\"ListItem\",\"position\":1,\"name\":\"Home\",\"item\":\"https:\/\/wp.stylingcv.com\/es\/\"},{\"@type\":\"ListItem\",\"position\":2,\"name\":\"\u00bfC\u00f3mo escribo una carta de presentaci\u00f3n atractiva para un puesto creativo?\"}]},{\"@type\":\"WebSite\",\"@id\":\"https:\/\/wp.stylingcv.com\/es\/#website\",\"url\":\"https:\/\/wp.stylingcv.com\/es\/\",\"name\":\"StylingCV - Espa\u00f1ol\",\"description\":\"\",\"potentialAction\":[{\"@type\":\"SearchAction\",\"target\":{\"@type\":\"EntryPoint\",\"urlTemplate\":\"https:\/\/wp.stylingcv.com\/es\/?s={search_term_string}\"},\"query-input\":{\"@type\":\"PropertyValueSpecification\",\"valueRequired\":true,\"valueName\":\"search_term_string\"}}],\"inLanguage\":\"en-US\"}]}<\/script>\n<!-- \/ Yoast SEO Premium plugin. -->","yoast_head_json":{"title":"Carta de presentaci\u00f3n para puestos creativos | StylingCV","description":"Categor\u00eda: Preguntas frecuentes sobre cartas de presentaci\u00f3n \u00bfC\u00f3mo escribo una carta de presentaci\u00f3n atractiva para un puesto creativo?","robots":{"index":"index","follow":"follow","max-snippet":"max-snippet:-1","max-image-preview":"max-image-preview:large","max-video-preview":"max-video-preview:-1"},"canonical":"https:\/\/stylingcv.com\/es\/cover-letter-type-5\/","og_locale":"en_US","og_type":"article","og_title":"\u00bfC\u00f3mo escribo una carta de presentaci\u00f3n atractiva para un puesto creativo?","og_description":"Categor\u00eda: Preguntas frecuentes sobre cartas de presentaci\u00f3n \u00bfC\u00f3mo escribo una carta de presentaci\u00f3n atractiva para un puesto creativo?","og_url":"https:\/\/stylingcv.com\/es\/cover-letter-type-5\/","og_site_name":"StylingCV - Espa\u00f1ol","twitter_card":"summary_large_image","twitter_misc":{"Est. reading time":"8 minutes"},"schema":{"@context":"https:\/\/schema.org","@graph":[{"@type":"WebPage","@id":"https:\/\/wp.stylingcv.com\/es\/cover-letter-type-5\/","url":"https:\/\/wp.stylingcv.com\/es\/cover-letter-type-5\/","name":"Carta de presentaci\u00f3n para puestos creativos | StylingCV","isPartOf":{"@id":"https:\/\/wp.stylingcv.com\/es\/#website"},"datePublished":"2026-02-25T03:45:04+00:00","description":"Categor\u00eda: Preguntas frecuentes sobre cartas de presentaci\u00f3n \u00bfC\u00f3mo escribo una carta de presentaci\u00f3n atractiva para un puesto creativo?","breadcrumb":{"@id":"https:\/\/wp.stylingcv.com\/es\/cover-letter-type-5\/#breadcrumb"},"inLanguage":"en-US","potentialAction":[{"@type":"ReadAction","target":["https:\/\/wp.stylingcv.com\/es\/cover-letter-type-5\/"]}]},{"@type":"BreadcrumbList","@id":"https:\/\/wp.stylingcv.com\/es\/cover-letter-type-5\/#breadcrumb","itemListElement":[{"@type":"ListItem","position":1,"name":"Home","item":"https:\/\/wp.stylingcv.com\/es\/"},{"@type":"ListItem","position":2,"name":"\u00bfC\u00f3mo escribo una carta de presentaci\u00f3n atractiva para un puesto creativo?"}]},{"@type":"WebSite","@id":"https:\/\/wp.stylingcv.com\/es\/#website","url":"https:\/\/wp.stylingcv.com\/es\/","name":"StylingCV - Espa\u00f1ol","description":"","potentialAction":[{"@type":"SearchAction","target":{"@type":"EntryPoint","urlTemplate":"https:\/\/wp.stylingcv.com\/es\/?s={search_term_string}"},"query-input":{"@type":"PropertyValueSpecification","valueRequired":true,"valueName":"search_term_string"}}],"inLanguage":"en-US"}]}},"_links":{"self":[{"href":"https:\/\/wp.stylingcv.com\/es\/wp-json\/wp\/v2\/pages\/829","targetHints":{"allow":["GET"]}}],"collection":[{"href":"https:\/\/wp.stylingcv.com\/es\/wp-json\/wp\/v2\/pages"}],"about":[{"href":"https:\/\/wp.stylingcv.com\/es\/wp-json\/wp\/v2\/types\/page"}],"replies":[{"embeddable":true,"href":"https:\/\/wp.stylingcv.com\/es\/wp-json\/wp\/v2\/comments?post=829"}],"version-history":[{"count":0,"href":"https:\/\/wp.stylingcv.com\/es\/wp-json\/wp\/v2\/pages\/829\/revisions"}],"wp:attachment":[{"href":"https:\/\/wp.stylingcv.com\/es\/wp-json\/wp\/v2\/media?parent=829"}],"curies":[{"name":"wp","href":"https:\/\/api.w.org\/{rel}","templated":true}]}}