{"id":820,"date":"2026-02-25T03:44:47","date_gmt":"2026-02-25T03:44:47","guid":{"rendered":"https:\/\/stylingcv.com\/es\/guias-curriculum-carrera\/como-responder-donde-te-ves-en-5-anos\/"},"modified":"2026-02-25T03:44:47","modified_gmt":"2026-02-25T03:44:47","slug":"five-year-plan-answer","status":"publish","type":"page","link":"https:\/\/wp.stylingcv.com\/es\/guides\/five-year-plan-answer\/","title":{"rendered":"\u00bfC\u00f3mo responder a &#8216;D\u00f3nde te ves en 5 a\u00f1os&#8217;?"},"content":{"rendered":"\n<p class=\"faq-category\"><strong>Categor\u00eda:<\/strong> Preguntas frecuentes sobre preparaci\u00f3n para entrevistas<\/p>\n\n\n\n<h2 class=\"wp-block-heading\">\u00bfC\u00f3mo responder a &#8216;D\u00f3nde te ves en 5 a\u00f1os&#8217;?<\/h2>\n\n\n\n<p>La pregunta &#8220;\u00bfD\u00f3nde te ves en 5 a\u00f1os?&#8221; es un cl\u00e1sico en las entrevistas de trabajo, y con raz\u00f3n. No solo es una prueba de tu ambici\u00f3n; es una consulta estrat\u00e9gica dise\u00f1ada para descubrir varias ideas clave sobre ti como candidato. Los entrevistadores utilizan esta pregunta para evaluar tus metas profesionales, comprender tu compromiso a largo plazo con el puesto y la empresa, y determinar si tus aspiraciones se alinean con las oportunidades disponibles dentro de su organizaci\u00f3n. Tu respuesta ofrece una ventana a tus habilidades de planificaci\u00f3n, tu comprensi\u00f3n de la industria y tu potencial de crecimiento y contribuci\u00f3n. Una respuesta bien elaborada demuestra previsi\u00f3n, profesionalismo y un inter\u00e9s genuino en el puesto m\u00e1s all\u00e1 del futuro inmediato.<\/p>\n\n\n\n<h3 class=\"wp-block-heading\">Comprender la verdadera intenci\u00f3n de la pregunta<\/h3>\n\n\n\n<p>Antes de comenzar a formular una respuesta, es crucial analizar lo que realmente busca el entrevistador. Quieren saber:<\/p>\n<ul>\n<li><strong>Tu ambici\u00f3n y motivaci\u00f3n:<\/strong> \u00bfTienes una visi\u00f3n para tu futuro o solo buscas cualquier trabajo?<\/li>\n<li><strong>Compromiso y retenci\u00f3n:<\/strong> \u00bfEs probable que permanezcas en la empresa durante un per\u00edodo significativo o te ir\u00e1s en cuanto surja algo mejor?<\/li>\n<li><strong>Alineaci\u00f3n con los objetivos de la empresa:<\/strong> \u00bfTus metas profesionales personales resuenan con la misi\u00f3n, los valores y las posibles trayectorias de crecimiento de la empresa?<\/li>\n<li><strong>Potencial de crecimiento:<\/strong> \u00bfTienes la capacidad y el deseo de desarrollar nuevas habilidades, asumir m\u00e1s responsabilidades y, potencialmente, avanzar a roles m\u00e1s senior dentro de la organizaci\u00f3n?<\/li>\n<li><strong>Expectativas realistas:<\/strong> \u00bfTienes una comprensi\u00f3n pr\u00e1ctica del progreso profesional dentro de esta industria y empresa?<\/li>\n<\/ul>\n\n\n\n<h3 class=\"wp-block-heading\">El enfoque paso a paso para elaborar tu respuesta<\/h3>\n\n\n\n<p>Desarrollar una respuesta convincente requiere preparaci\u00f3n y autorreflexi\u00f3n. Sigue estos pasos para construir una respuesta segura y relevante:<\/p>\n\n\n\n<h4 class=\"wp-block-heading\">1. Investiga a fondo el puesto y la empresa<\/h4>\n\n\n\n<p>Antes de la entrevista, profundiza en la descripci\u00f3n del puesto, el sitio web de la empresa, noticias recientes y su misi\u00f3n y valores. Comprende las trayectorias profesionales t\u00edpicas dentro de la empresa y las habilidades requeridas para progresar. Busca menciones de programas de desarrollo profesional, oportunidades de mentor\u00eda o pol\u00edticas de promoci\u00f3n interna. Esta investigaci\u00f3n te ayudar\u00e1 a alinear tus aspiraciones con lo que la empresa puede ofrecerte de manera realista.<\/p>\n\n\n\n<h4 class=\"wp-block-heading\">2. Reflexiona sobre tus aspiraciones profesionales<\/h4>\n\n\n\n<p>T\u00f3mate el tiempo para considerar genuinamente lo que deseas de tu carrera. \u00bfQu\u00e9 habilidades quieres adquirir? \u00bfQu\u00e9 tipo de impacto quieres lograr? \u00bfTe imaginas en un puesto de liderazgo o prefieres convertirte en un experto t\u00e9cnico (v\u00eda Individual Contributor)? S\u00e9 honesto contigo mismo, pero tambi\u00e9n prep\u00e1rate para enmarcar estas aspiraciones de una manera que beneficie al posible empleador. Para ayudarte a trazar tu carrera, explora recursos sobre <a href=\"https:\/\/stylingcv.com\/ar\/blog\/cover-letter-tips\/\" target=\"_blank\" rel=\"noopener\">establecimiento de metas profesionales<\/a>.<\/p>\n\n\n\n<h4 class=\"wp-block-heading\">3. Identifica habilidades clave y \u00e1reas de crecimiento<\/h4>\n\n\n\n<p>Pensa en las habilidades espec\u00edficas mencionadas en la descripci\u00f3n del puesto que deseas dominar o desarrollar m\u00e1s. \u00bfC\u00f3mo este puesto sirve como un trampol\u00edn para esos desarrollos? Por ejemplo, si el puesto implica an\u00e1lisis de datos, podr\u00edas expresar el deseo de volverte competente en modelado estad\u00edstico avanzado o herramientas de visualizaci\u00f3n de datos.<\/p>\n\n\n\n<h4 class=\"wp-block-heading\">4. Formula tu visi\u00f3n<\/h4>\n\n\n\n<p>Combina tu investigaci\u00f3n y autorreflexi\u00f3n en una visi\u00f3n concisa. Enf\u00f3cate en el crecimiento, la contribuci\u00f3n y el aprendizaje. Tu respuesta debe ser ambiciosa pero realista, mostrando una trayectoria clara que beneficie tanto a ti como a la organizaci\u00f3n. Recuerda el mensaje clave: eres lo suficientemente ambicioso para crecer, pero lo suficientemente realista para quedarte.<\/p>\n\n\n\n<h3 class=\"wp-block-heading\">Errores comunes a evitar<\/h3>\n\n\n\n<p>Mientras que una respuesta s\u00f3lida puede impulsar significativamente tu candidatura, ciertas respuestas pueden generar dudas. Ten en cuenta estos errores comunes:<\/p>\n\n\n\n<ul class=\"wp-block-list\">\n<li><strong>Decir que quieres el puesto de tu jefe:<\/strong> Puede percibirse como una amenaza o demasiado agresivo, haciendo que el entrevistador se sienta inc\u00f3modo.<\/li>\n<li><strong>Describir metas no relacionadas con esta carrera:<\/strong> Si tu plan a 5 a\u00f1os implica una industria o puesto completamente diferente, indica que no est\u00e1s comprometido con el puesto y probablemente te ir\u00e1s.<\/li>\n<li><strong>Ser demasiado vago (&#8216;No lo s\u00e9&#8217;):<\/strong> Esto sugiere falta de previsi\u00f3n, ambici\u00f3n o consideraci\u00f3n seria de tu trayectoria profesional.<\/li>\n<li><strong>Ser demasiado espec\u00edfico (cambios de vida):<\/strong> Aunque es bueno tener un plan, la vida es impredecible. Ser demasiado r\u00edgido respecto a un t\u00edtulo, ubicaci\u00f3n o logro personal puede hacerte parecer inflexible.<\/li>\n<li><strong>Enfocarse solo en t\u00edtulos (&#8216;Quiero ser VP&#8217;):<\/strong> Los t\u00edtulos son resultados, no metas. Enf\u00f3cate en las habilidades, responsabilidades y contribuciones que llevan a esos t\u00edtulos.<\/li>\n<li><strong>Expresar el deseo de crear tu propia empresa:<\/strong> A menos que la cultura de la empresa fomente expl\u00edcitamente el intraemprendimiento o sea una incubadora, esto puede indicar que no buscas empleo a largo plazo.<\/li>\n<li><strong>Falta de entusiasmo o energ\u00eda:<\/strong> Incluso si tu respuesta es t\u00e9cnicamente correcta, decirla sin pasi\u00f3n puede hacerte parecer desinteresado.<\/li>\n<\/ul>\n\n\n\n<figure class=\"wp-block-table\"><table><thead><tr><th>Error com\u00fan<\/th><th>Por qu\u00e9 es un problema<\/th><th>C\u00f3mo solucionarlo \/ Mejor enfoque<\/th><\/tr><\/thead><tbody><tr><td>&#8220;Quiero tu puesto.&#8221;<\/td><td>Amenazante, agresivo, muestra falta de respeto por la jerarqu\u00eda.<\/td><td>Enf\u00f3cate en desarrollar habilidades y asumir responsabilidades de liderazgo, no t\u00edtulos espec\u00edficos.<\/td><\/tr><tr><td>&#8220;No lo s\u00e9.&#8221;<\/td><td>Falta de ambici\u00f3n, previsi\u00f3n o planificaci\u00f3n profesional seria.<\/td><td>Demuestra que has pensado en tu crecimiento; enf\u00f3cate en el aprendizaje y la contribuci\u00f3n.<\/td><\/tr><tr><td>&#8220;Quiero ser CEO.&#8221;<\/td><td>Demasiado ambicioso para la mayor\u00eda de los puestos, se enfoca solo en el t\u00edtulo, no en el camino.<\/td><td>Habla sobre ganar experiencia, liderar proyectos, tener impacto estrat\u00e9gico.<\/td><\/tr><tr><td>&#8220;Quiero viajar por el mundo.&#8221;<\/td><td>No relacionado con la carrera, indica falta de compromiso con el puesto.<\/td><td>Mant\u00e9n los objetivos personales separados; enf\u00f3cate en el desarrollo profesional.<\/td><\/tr><tr><td>&#8220;Seguir\u00e9 en este mismo puesto.&#8221;<\/td><td>Falta de ambici\u00f3n, sugiere complacencia.<\/td><td>Expresa el deseo de crecer en el puesto, asumir tareas m\u00e1s complejas.<\/td><\/tr><\/tbody><\/table><\/figure>\n\n\n\n<h3 class=\"wp-block-heading\">C\u00f3mo crear una respuesta ganadora: elementos clave<\/h3>\n\n\n\n<p>Un buen enfoque combina ambici\u00f3n, relevancia e inter\u00e9s por la empresa:<\/p>\n\n\n\n<ul class=\"wp-block-list\">\n<li><strong>Muestra ambici\u00f3n dentro de l\u00edmites realistas:<\/strong> Expresa tu deseo de crecer, asumir m\u00e1s responsabilidades y desarrollar habilidades. Por ejemplo: &#8220;En cinco a\u00f1os, me veo como un colaborador senior en [\u00e1rea], habiendo desarrollado una profunda experiencia en [\u00e1rea relevante] y, potencialmente, asumiendo responsabilidades de mentor\u00eda o liderazgo de equipo.&#8221;<\/li>\n<li><strong>Conecta con el puesto:<\/strong> Explica claramente c\u00f3mo este puesto es un paso crucial hacia tus metas. &#8220;Este puesto es perfecto para desarrollar las [habilidades espec\u00edficas] que me ayudar\u00e1n a alcanzar ese objetivo, especialmente por su enfoque en [responsabilidad clave del puesto].&#8221;<\/li>\n<li><strong>Expresa inter\u00e9s en la empresa:<\/strong> Demuestra que has investigado la empresa y que realmente te interesa crecer con ellos. &#8220;Me entusiasma crecer en esta empresa: sus programas de desarrollo profesional y la cultura de promoci\u00f3n interna sugieren que hay espacio para ese crecimiento aqu\u00ed.&#8221;<\/li>\n<li><strong>Flexibilidad y mentalidad de aprendizaje:<\/strong> Concluye mostrando que est\u00e1s abierto a nuevas oportunidades y al aprendizaje continuo. &#8220;Aunque esta es mi visi\u00f3n actual, tambi\u00e9n estoy dispuesto a asumir nuevos retos y oportunidades de aprendizaje que puedan surgir en una empresa din\u00e1mica como la suya.&#8221;<\/li>\n<\/ul>\n\n\n\n<figure class=\"wp-block-table\"><table><thead><tr><th>Elemento de una respuesta s\u00f3lida<\/th><th>Descripci\u00f3n<\/th><th>Ejemplo de frase<\/th><\/tr><\/thead><tbody><tr><td><strong>Ambici\u00f3n y crecimiento<\/strong><\/td><td>Demuestra deseo de desarrollo profesional y mayor responsabilidad.<\/td><td>&#8220;Aspiro a convertirme en un experto reconocido en [dominio espec\u00edfico].&#8221;<\/td><\/tr><tr><td><strong>Conexi\u00f3n con el puesto<\/strong><\/td><td>Vincula expl\u00edcitamente la oportunidad actual con los objetivos futuros.<\/td><td>&#8220;El enfoque de este puesto en [habilidad] es clave para mi objetivo a largo plazo de [aspiraci\u00f3n].&#8221;<\/td><\/tr><tr><td><strong>Alineaci\u00f3n con la empresa<\/strong><\/td><td>Muestra inter\u00e9s en crecer dentro de la organizaci\u00f3n espec\u00edfica.<\/td><td>&#8220;Me atrae especialmente el compromiso de [Nombre de la empresa] con [valor\/programa].&#8221;<\/td><\/tr><tr><td><strong>Desarrollo de habilidades<\/strong><\/td><td>Destaca \u00e1reas espec\u00edficas de aprendizaje y dominio.<\/td><td>&#8220;Planeo dominar [habilidad A] y desarrollar competencia en [habilidad B].&#8221;<\/td><\/tr><tr><td><strong>Contribuci\u00f3n<\/strong><\/td><td>Enfatiza c\u00f3mo tu crecimiento beneficia a la empresa.<\/td><td>&#8220;Me imagino contribuyendo a [proyecto\/equipo] en una capacidad m\u00e1s estrat\u00e9gica.&#8221;<\/td><\/tr><tr><td><strong>Flexibilidad<\/strong><\/td><td>Reconoce que los planes pueden evolucionar.<\/td><td>&#8220;Aunque esta es mi trayectoria actual, estoy abierto a oportunidades que evolucionen.&#8221;<\/td><\/tr><\/tbody><\/table><\/figure>\n\n\n\n<h3 class=\"wp-block-heading\">Personaliza tu respuesta: consejos seg\u00fan la industria<\/h3>\n\n\n\n<p>Aunque los principios b\u00e1sicos son los mismos, adaptar tu respuesta a la industria puede hacerla a\u00fan m\u00e1s impactante.<\/p>\n\n\n\n<figure class=\"wp-block-table\"><table><thead><tr><th>Industria<\/th><th>\u00c1reas clave para el plan a 5 a\u00f1os<\/th><th>Ejemplo de redacci\u00f3n<\/th><\/tr><\/thead><tbody><tr><td><strong>Tecnolog\u00eda\/IT<\/strong><\/td><td>Especializaci\u00f3n en tecnolog\u00edas emergentes, liderazgo en equipos \u00e1giles, innovaci\u00f3n, mentor\u00eda.<\/td><td>&#8220;Me veo liderando proyectos clave de desarrollo, especializ\u00e1ndome en IA\/ML y guiando a ingenieros junior.&#8221;<\/td><\/tr><tr><td><strong>Marketing\/Ventas<\/strong><\/td><td>Estrategia de campa\u00f1as, an\u00e1lisis de mercado, construcci\u00f3n de relaciones con clientes, crecimiento de ingresos, transformaci\u00f3n digital.<\/td><td>&#8220;Quiero desarrollar experiencia en marketing basado en datos, gestionar una cartera de clientes clave y contribuir a escalar nuestra presencia digital.&#8221;<\/td><\/tr><tr><td><strong>Salud<\/strong><\/td><td>Especializaci\u00f3n en atenci\u00f3n al paciente, contribuciones en investigaci\u00f3n, mejora de procesos, liderazgo de equipos, cumplimiento normativo.<\/td><td>&#8220;Planeo especializarme en [\u00e1rea espec\u00edfica], liderar iniciativas para mejorar resultados de pacientes y, potencialmente, asumir un rol de supervisi\u00f3n.&#8221;<\/td><\/tr><tr><td><strong>Finanzas<\/strong><\/td><td>Modelado financiero, gesti\u00f3n de riesgos, planificaci\u00f3n estrat\u00e9gica, gesti\u00f3n de carteras, conocimiento regulatorio.<\/td><td>&#8220;Me imagino convirti\u00e9ndome en analista senior, contribuyendo a la planificaci\u00f3n financiera estrat\u00e9gica y obteniendo certificaciones como el CFA.&#8221;<\/td><\/tr><tr><td><strong>Creativo\/Dise\u00f1o<\/strong><\/td><td>Dominar nuevas herramientas, liderar proyectos creativos, desarrollar estilos \u00fanicos, colaboraci\u00f3n interdisciplinaria.<\/td><td>&#8220;Me encantar\u00eda liderar un equipo creativo, innovar en dise\u00f1o UX\/UI y contribuir a proyectos galardonados que definan nuestra marca.&#8221;<\/td><\/tr><\/tbody><\/table><\/figure>\n\n\n\n<h3 class=\"wp-block-heading\">Ejemplos del mundo real<\/h3>\n\n\n<!--\n\n\n<p>\ud83d\udc49 <a href=\"https:\/\/stylingcv.com\/guides\/\">gu\u00edas de carrera<\/a><\/p>\n\n<p>\ud83d\udc49 <a href=\"https:\/\/stylingcv.com\/resume-templates\/\">plantillas de curr\u00edculum profesionales<\/a><\/p>\n\n<p><strong>\ud83d\udca1 Consejo profesional:<\/strong> StylingCV no es solo un creador de curr\u00edculums \u2014 es un creador inteligente con IA. <a href=\"https:\/\/stylingcv.com\/resume-builder\/\">Creador de curr\u00edculums con IA optimizado para ATS<\/a> en menos de 2 minutos.<\/p>\n<!-- stylingcv-hub-links --><div class=\"stylingcv-related-resources\" style=\"margin-top:30px;padding:20px;background:#f8f9fa;border-left:4px solid #1abc9c;border-radius:4px;\"><h3 style=\"margin-top:0;color:#2c3e50;\">Explora m\u00e1s recursos<\/h3><ul style=\"list-style:none;padding:0;\"><li><a href=\"https:\/\/stylingcv.com\/guides\/\">Gu\u00edas de carrera<\/a> &mdash; Tu gu\u00eda completa<\/li><li><a href=\"https:\/\/stylingcv.com\/vision-2030-resume-alignment-saudi-arabia\/\">Tu carrera y Visi\u00f3n 2030: c\u00f3mo alinear tu curr\u00edculum<\/a><\/li><li><a href=\"https:\/\/stylingcv.com\/job-search-job-boards-130\/\">\u00bfCu\u00e1les son las mejores pr\u00e1cticas para portales de empleo en mi b\u00fasqueda?<\/a><\/li><li><a href=\"https:\/\/stylingcv.com\/career-planning-39-2\/\">\u00bfC\u00f3mo navegar discusiones y decisiones de planificaci\u00f3n profesional?<\/a><\/li><\/ul><p style=\"margin-bottom:0;font-size:14px;color:#7f8c8d;\">No solo un creador de curr\u00edculums &mdash; un creador inteligente con IA. <a href=\"https:\/\/stylingcv.com\/resume-builder\/\" style=\"color:#1abc9c;font-weight:bold;\">Crea tu curr\u00edculum en menos de 2 minutos &rarr;<\/a><\/p><\/div><!-- \/stylingcv-hub-links -->","protected":false},"excerpt":{"rendered":"<p>Crea la respuesta perfecta a &#8216;\u00bfD\u00f3nde te ves en 5 a\u00f1os?&#8217;. Ejemplos expertos que muestran ambici\u00f3n y alineaci\u00f3n con el puesto.<\/p>\n","protected":false},"author":0,"featured_media":0,"parent":295,"menu_order":0,"comment_status":"closed","ping_status":"closed","template":"","meta":{"footnotes":""},"class_list":["post-820","page","type-page","status-publish","hentry"," c-blog-1-item  nt-post-class"],"yoast_head":"<!-- This site is optimized with the Yoast SEO Premium plugin v26.5 (Yoast SEO v26.5) - https:\/\/yoast.com\/wordpress\/plugins\/seo\/ -->\n<title>\u00bfD\u00f3nde te ves en 5 a\u00f1os? Respuesta | StylingCV<\/title>\n<meta name=\"description\" content=\"Categor\u00eda: Preguntas frecuentes de entrevistas \u00bfC\u00f3mo responder a &#039;D\u00f3nde te ves en 5 a\u00f1os&#039;?\" \/>\n<meta name=\"robots\" content=\"index, follow, max-snippet:-1, max-image-preview:large, max-video-preview:-1\" \/>\n<link rel=\"canonical\" href=\"https:\/\/stylingcv.com\/es\/guides\/five-year-plan-answer\/\" \/>\n<meta property=\"og:locale\" content=\"en_US\" \/>\n<meta property=\"og:type\" content=\"article\" \/>\n<meta property=\"og:title\" content=\"\u00bfC\u00f3mo responder a &#039;D\u00f3nde te ves en 5 a\u00f1os&#039;?\" \/>\n<meta property=\"og:description\" content=\"Categor\u00eda: Preguntas frecuentes de entrevistas \u00bfC\u00f3mo responder a &#039;D\u00f3nde te ves en 5 a\u00f1os&#039;?\" \/>\n<meta property=\"og:url\" content=\"https:\/\/stylingcv.com\/es\/guides\/five-year-plan-answer\/\" \/>\n<meta property=\"og:site_name\" content=\"StylingCV - Espa\u00f1ol\" \/>\n<meta name=\"twitter:card\" content=\"summary_large_image\" \/>\n<meta name=\"twitter:label1\" content=\"Est. reading time\" \/>\n\t<meta name=\"twitter:data1\" content=\"8 minutes\" \/>\n<script type=\"application\/ld+json\" class=\"yoast-schema-graph\">{\"@context\":\"https:\/\/schema.org\",\"@graph\":[{\"@type\":\"WebPage\",\"@id\":\"https:\/\/wp.stylingcv.com\/es\/guides\/five-year-plan-answer\/\",\"url\":\"https:\/\/wp.stylingcv.com\/es\/guides\/five-year-plan-answer\/\",\"name\":\"\u00bfD\u00f3nde te ves en 5 a\u00f1os? Respuesta | StylingCV\",\"isPartOf\":{\"@id\":\"https:\/\/wp.stylingcv.com\/es\/#website\"},\"datePublished\":\"2026-02-25T03:44:47+00:00\",\"description\":\"Categor\u00eda: Preguntas frecuentes de entrevistas \u00bfC\u00f3mo responder a 'D\u00f3nde te ves en 5 a\u00f1os'?\",\"breadcrumb\":{\"@id\":\"https:\/\/wp.stylingcv.com\/es\/guides\/five-year-plan-answer\/#breadcrumb\"},\"inLanguage\":\"en-US\",\"potentialAction\":[{\"@type\":\"ReadAction\",\"target\":[\"https:\/\/wp.stylingcv.com\/es\/guides\/five-year-plan-answer\/\"]}]},{\"@type\":\"BreadcrumbList\",\"@id\":\"https:\/\/wp.stylingcv.com\/es\/guides\/five-year-plan-answer\/#breadcrumb\",\"itemListElement\":[{\"@type\":\"ListItem\",\"position\":1,\"name\":\"Home\",\"item\":\"https:\/\/wp.stylingcv.com\/es\/\"},{\"@type\":\"ListItem\",\"position\":2,\"name\":\"Gu\u00edas de Curr\u00edculum y Carrera: Recursos Expertos para Buscadores de Empleo\",\"item\":\"https:\/\/wp.stylingcv.com\/es\/guides\/\"},{\"@type\":\"ListItem\",\"position\":3,\"name\":\"\u00bfC\u00f3mo responder a &#8216;D\u00f3nde te ves en 5 a\u00f1os&#8217;?\"}]},{\"@type\":\"WebSite\",\"@id\":\"https:\/\/wp.stylingcv.com\/es\/#website\",\"url\":\"https:\/\/wp.stylingcv.com\/es\/\",\"name\":\"StylingCV - Espa\u00f1ol\",\"description\":\"\",\"potentialAction\":[{\"@type\":\"SearchAction\",\"target\":{\"@type\":\"EntryPoint\",\"urlTemplate\":\"https:\/\/wp.stylingcv.com\/es\/?s={search_term_string}\"},\"query-input\":{\"@type\":\"PropertyValueSpecification\",\"valueRequired\":true,\"valueName\":\"search_term_string\"}}],\"inLanguage\":\"en-US\"}]}<\/script>\n<!-- \/ Yoast SEO Premium plugin. -->","yoast_head_json":{"title":"\u00bfD\u00f3nde te ves en 5 a\u00f1os? Respuesta | StylingCV","description":"Categor\u00eda: Preguntas frecuentes de entrevistas \u00bfC\u00f3mo responder a 'D\u00f3nde te ves en 5 a\u00f1os'?","robots":{"index":"index","follow":"follow","max-snippet":"max-snippet:-1","max-image-preview":"max-image-preview:large","max-video-preview":"max-video-preview:-1"},"canonical":"https:\/\/stylingcv.com\/es\/guides\/five-year-plan-answer\/","og_locale":"en_US","og_type":"article","og_title":"\u00bfC\u00f3mo responder a 'D\u00f3nde te ves en 5 a\u00f1os'?","og_description":"Categor\u00eda: Preguntas frecuentes de entrevistas \u00bfC\u00f3mo responder a 'D\u00f3nde te ves en 5 a\u00f1os'?","og_url":"https:\/\/stylingcv.com\/es\/guides\/five-year-plan-answer\/","og_site_name":"StylingCV - Espa\u00f1ol","twitter_card":"summary_large_image","twitter_misc":{"Est. reading time":"8 minutes"},"schema":{"@context":"https:\/\/schema.org","@graph":[{"@type":"WebPage","@id":"https:\/\/wp.stylingcv.com\/es\/guides\/five-year-plan-answer\/","url":"https:\/\/wp.stylingcv.com\/es\/guides\/five-year-plan-answer\/","name":"\u00bfD\u00f3nde te ves en 5 a\u00f1os? Respuesta | StylingCV","isPartOf":{"@id":"https:\/\/wp.stylingcv.com\/es\/#website"},"datePublished":"2026-02-25T03:44:47+00:00","description":"Categor\u00eda: Preguntas frecuentes de entrevistas \u00bfC\u00f3mo responder a 'D\u00f3nde te ves en 5 a\u00f1os'?","breadcrumb":{"@id":"https:\/\/wp.stylingcv.com\/es\/guides\/five-year-plan-answer\/#breadcrumb"},"inLanguage":"en-US","potentialAction":[{"@type":"ReadAction","target":["https:\/\/wp.stylingcv.com\/es\/guides\/five-year-plan-answer\/"]}]},{"@type":"BreadcrumbList","@id":"https:\/\/wp.stylingcv.com\/es\/guides\/five-year-plan-answer\/#breadcrumb","itemListElement":[{"@type":"ListItem","position":1,"name":"Home","item":"https:\/\/wp.stylingcv.com\/es\/"},{"@type":"ListItem","position":2,"name":"Gu\u00edas de Curr\u00edculum y Carrera: Recursos Expertos para Buscadores de Empleo","item":"https:\/\/wp.stylingcv.com\/es\/guides\/"},{"@type":"ListItem","position":3,"name":"\u00bfC\u00f3mo responder a &#8216;D\u00f3nde te ves en 5 a\u00f1os&#8217;?"}]},{"@type":"WebSite","@id":"https:\/\/wp.stylingcv.com\/es\/#website","url":"https:\/\/wp.stylingcv.com\/es\/","name":"StylingCV - Espa\u00f1ol","description":"","potentialAction":[{"@type":"SearchAction","target":{"@type":"EntryPoint","urlTemplate":"https:\/\/wp.stylingcv.com\/es\/?s={search_term_string}"},"query-input":{"@type":"PropertyValueSpecification","valueRequired":true,"valueName":"search_term_string"}}],"inLanguage":"en-US"}]}},"_links":{"self":[{"href":"https:\/\/wp.stylingcv.com\/es\/wp-json\/wp\/v2\/pages\/820","targetHints":{"allow":["GET"]}}],"collection":[{"href":"https:\/\/wp.stylingcv.com\/es\/wp-json\/wp\/v2\/pages"}],"about":[{"href":"https:\/\/wp.stylingcv.com\/es\/wp-json\/wp\/v2\/types\/page"}],"replies":[{"embeddable":true,"href":"https:\/\/wp.stylingcv.com\/es\/wp-json\/wp\/v2\/comments?post=820"}],"version-history":[{"count":0,"href":"https:\/\/wp.stylingcv.com\/es\/wp-json\/wp\/v2\/pages\/820\/revisions"}],"up":[{"embeddable":true,"href":"https:\/\/wp.stylingcv.com\/es\/wp-json\/wp\/v2\/pages\/295"}],"wp:attachment":[{"href":"https:\/\/wp.stylingcv.com\/es\/wp-json\/wp\/v2\/media?parent=820"}],"curies":[{"name":"wp","href":"https:\/\/api.w.org\/{rel}","templated":true}]}}