{"id":809,"date":"2026-02-25T03:44:24","date_gmt":"2026-02-25T03:44:24","guid":{"rendered":"https:\/\/stylingcv.com\/es\/como-escribir-curriculum-ventas\/"},"modified":"2026-02-25T03:44:24","modified_gmt":"2026-02-25T03:44:24","slug":"sales-resume-guide","status":"publish","type":"page","link":"https:\/\/wp.stylingcv.com\/es\/sales-resume-guide\/","title":{"rendered":"\u00bfC\u00f3mo escribo un curr\u00edculum para un puesto de ventas?"},"content":{"rendered":"\n<p class=\"faq-category\"><strong>Categor\u00eda:<\/strong> Preguntas frecuentes sobre redacci\u00f3n de curr\u00edculums<\/p>\n\n\n\n<h2 class=\"wp-block-heading\">\u00bfC\u00f3mo escribo un curr\u00edculum para un puesto de ventas?<\/h2>\n\n\n\n<p>Los curr\u00edculums de ventas deben demostrar que puedes cerrar tratos y generar ingresos. No se trata solo de decir que eres bueno en ventas; se trata de aportar pruebas irrefutables a trav\u00e9s de cifras, logros e impacto. Los reclutadores y gerentes de contrataci\u00f3n en roles de ventas buscan resultados cuantificables por encima de todo. Tu curr\u00edculum debe ser un documento basado en datos que muestre tu capacidad para alcanzar y superar objetivos de manera constante, expandir territorios y construir relaciones s\u00f3lidas con los clientes.<\/p>\n\n\n\n<h3 class=\"wp-block-heading\">Estructura y contenido para un curr\u00edculum de ventas de alto impacto<\/h3>\n\n\n\n<p>Aqu\u00ed tienes un desglose de c\u00f3mo estructurar tu curr\u00edculum de ventas para lograr el m\u00e1ximo impacto:<\/p>\n\n\n\n<h4 class=\"wp-block-heading\">1. Resumen profesional: lidera con tus resultados<\/h4>\n\n\n\n<p>Tu resumen profesional (tambi\u00e9n conocido como resumen de curr\u00edculum o resumen ejecutivo) es tu discurso de ascensor. Debe captar la atenci\u00f3n de inmediato destacando tus logros m\u00e1s impresionantes en ventas y tus competencias clave. No es una declaraci\u00f3n gen\u00e9rica de tus aspiraciones; es una visi\u00f3n concisa de 3-4 frases sobre los puntos destacados de tu carrera. Cuantifica todo desde el principio. Por ejemplo: &#8220;Representante de ventas de alto rendimiento con 5 a\u00f1os en B2B SaaS. Super\u00f3 la cuota en m\u00e1s del 30% de forma constante y ocup\u00f3 el puesto #1 en la regi\u00f3n en 2026. Capacidad demostrada para generar flujos de ingresos multimillonarios y construir s\u00f3lidas carteras de clientes.&#8221; Incluye tu experiencia en la industria, habilidades clave y el tipo de puesto que buscas.<\/p>\n\n\n\n<h4 class=\"wp-block-heading\">2. Experiencia laboral: cuantifica cada punto<\/h4>\n\n\n\n<p>Esta es la parte central de tu curr\u00edculum de ventas. Cada punto bajo cada puesto debe ser un logro, no solo una tarea, y *debe* incluir cifras. Las ventas son probablemente la profesi\u00f3n m\u00e1s cuantificable; aprovecha esto a tu favor. Piensa en t\u00e9rminos de resultados, impacto y m\u00e9tricas espec\u00edficas. Utiliza mentalmente el m\u00e9todo STAR (Situaci\u00f3n, Tarea, Acci\u00f3n, Resultado) para estructurar tus puntos, enfatizando siempre el &#8220;Resultado&#8221; con datos.<\/p>\n\n\n\n<ul class=\"wp-block-list\">\n<li><strong>Generaci\u00f3n de ingresos:<\/strong> &#8220;Gener\u00e9 $2.5M en nuevos ingresos (125% de la cuota) en un mercado competitivo.&#8221;<\/li>\n<li><strong>Clasificaciones y desempe\u00f1o:<\/strong> &#8220;Clasificado #2 de 45 representantes a nivel nacional en el desempe\u00f1o del Q4 2026.&#8221;<\/li>\n<li><strong>Crecimiento y expansi\u00f3n:<\/strong> &#8220;Expand\u00ed el territorio de $500K a $1.8M en ingresos recurrentes anuales (ARR) en 18 meses.&#8221;<\/li>\n<li><strong>Tasas de cierre y eficiencia:<\/strong> &#8220;Mantuv\u00e9 una tasa de cierre del 32% en clientes potenciales calificados, 12% por encima del promedio del equipo.&#8221;<\/li>\n<li><strong>Tama\u00f1os de acuerdos:<\/strong> &#8220;Cerr\u00e9 acuerdos entre $50K-$500K, con un promedio de $180K por acuerdo.&#8221;<\/li>\n<li><strong>Cumplimiento de cuotas:<\/strong> &#8220;Super\u00e9 la cuota trimestral en 11 de 12 trimestres, con un promedio de 115% de cumplimiento.&#8221;<\/li>\n<li><strong>Gesti\u00f3n de pipeline:<\/strong> &#8220;Constru\u00ed y gestion\u00e9 un pipeline s\u00f3lido de m\u00e1s de $5M en oportunidades calificadas.&#8221;<\/li>\n<li><strong>M\u00e9tricas de clientes:<\/strong> &#8220;Gestion\u00e9 una cartera de 35 cuentas empresariales, logrando una retenci\u00f3n de clientes del 95%.&#8221;<\/li>\n<li><strong>Participaci\u00f3n de mercado:<\/strong> &#8220;Aument\u00e9 la cuota de mercado en un 15% en el p\u00fablico objetivo mediante alcance estrat\u00e9gico.&#8221;<\/li>\n<li><strong>Ciclo de ventas:<\/strong> &#8220;Reduje la duraci\u00f3n promedio del ciclo de ventas en un 20% mediante procesos de calificaci\u00f3n optimizados.&#8221;<\/li>\n<\/ul>\n\n\n\n<h5 class=\"wp-block-heading\">M\u00e9tricas esenciales de ventas para cuantificar<\/h5>\n\n\n\n<p>Aqu\u00ed tienes una tabla que muestra las m\u00e9tricas clave y ejemplos para ayudarte a cuantificar tus logros en ventas:<\/p>\n\n\n\n<figure class=\"wp-block-table\"><table><thead><tr><th>Categor\u00eda de m\u00e9trica<\/th><th>Descripci\u00f3n<\/th><th>Ejemplo de punto en curr\u00edculum<\/th><\/tr><\/thead><tbody><tr><td><strong>Generaci\u00f3n de ingresos<\/strong><\/td><td>Nuevos negocios, upsell, cross-sell, ARR, MRR<\/td><td>Gener\u00e9 $2.5M en nuevo ARR, superando la cuota en un 125% en el a\u00f1o fiscal 2026.<\/td><\/tr><tr><td><strong>Cumplimiento de cuota<\/strong><\/td><td>Porcentaje de objetivo alcanzado, desempe\u00f1o consistente<\/td><td>Super\u00e9 la cuota trimestral en un promedio de 115% durante 3 a\u00f1os consecutivos.<\/td><\/tr><tr><td><strong>Gesti\u00f3n de pipeline<\/strong><\/td><td>Tama\u00f1o, salud y conversi\u00f3n del pipeline de ventas<\/td><td>Constru\u00ed y gestion\u00e9 un pipeline s\u00f3lido de m\u00e1s de $5M en oportunidades calificadas, convirtiendo el 30% en acuerdos cerrados.<\/td><\/tr><\/tr><tr><td><strong>Tasa de cierre<\/strong><\/td><td>Porcentaje de propuestas u oportunidades convertidas<\/td><td>Alcanc\u00e9 una tasa de cierre del 32% en clientes potenciales calificados, 12% por encima del promedio del equipo.<\/td><\/tr><tr><td><strong>Tama\u00f1o de acuerdos<\/strong><\/td><td>Promedio o rango de valores de los acuerdos cerrados<\/td><td>Cerr\u00e9 acuerdos empresariales entre $50K y $500K, con un promedio de $180K.<\/td><\/tr><tr><td><strong>Crecimiento y expansi\u00f3n<\/strong><\/td><td>Crecimiento de territorio, aumento de cuota de mercado, expansi\u00f3n de la base de clientes<\/td><td>Increment\u00e9 los ingresos del territorio asignado en un 150%, de $500K a $1.8M en 18 meses.<\/td><\/tr><tr><td><strong>Eficiencia en ventas<\/strong><\/td><td>Duraci\u00f3n del ciclo de ventas, tasa de conversi\u00f3n de leads, coste por adquisici\u00f3n<\/td><td>Reduje la duraci\u00f3n promedio del ciclo de ventas en un 20% (de 90 a 72 d\u00edas) mediante la optimizaci\u00f3n de procesos.<\/td><\/tr><tr><td><strong>Retenci\u00f3n de clientes<\/strong><\/td><td>Mantenimiento de relaciones y renovaciones de clientes existentes<\/td><td>Mantuve una tasa de retenci\u00f3n de clientes del 95% en una cartera de 35 cuentas empresariales.<\/td><\/tr><\/tbody><\/table><\/figure>\n\n\n\n<h4 class=\"wp-block-heading\">3. Secci\u00f3n de habilidades: m\u00e1s all\u00e1 de lo b\u00e1sico<\/h4>\n\n\n\n<p>Tu secci\u00f3n de habilidades debe ser completa y adaptada a la descripci\u00f3n del puesto. No te limites a poner &#8220;habilidades de ventas&#8221;. Div\u00eddelo en categor\u00edas espec\u00edficas:<\/p>\n\n<ul>\n<li><strong>Metodolog\u00edas de ventas:<\/strong> SPIN Selling, Challenger Sale, Solution Selling, MEDDIC, Venta consultiva, Sandler Selling.<\/li>\n<li><strong>Plataformas CRM:<\/strong> Salesforce, HubSpot CRM, Microsoft Dynamics 365, Zoho CRM, Pipedrive.<\/li>\n<li><strong>Herramientas de prospecci\u00f3n y alcance:<\/strong> LinkedIn Sales Navigator, ZoomInfo, Salesloft, Outreach, Apollo.io.<\/li>\n<li><strong>Experiencia en la industria:<\/strong> B2B SaaS, FinTech, Salud, Retail, Manufactura, etc.<\/li>\n<li><strong>Conocimiento de producto:<\/strong> Software, hardware o categor\u00edas de servicios espec\u00edficos que hayas vendido.<\/li>\n<li><strong>Habilidades blandas:<\/strong> Negociaci\u00f3n, comunicaci\u00f3n, escucha activa, persuasi\u00f3n, resiliencia, construcci\u00f3n de relaciones, manejo de objeciones.<\/li>\n<\/ul>\n<!-- \/wp:post-content -->\n\n<!-- wp:heading {\"level\":5} -->\n<h5>Matriz de habilidades y herramientas clave en ventas<\/h5>\n<!-- \/wp:heading -->\n\n<!-- wp:table -->\n<figure class=\"wp-block-table\">\n\n\n<p>\ud83d\udc49 <a href=\"https:\/\/stylingcv.com\/guides\/\">gu\u00edas para escribir curr\u00edculums<\/a><\/p>\n\n<p>\ud83d\udc49 <a href=\"https:\/\/stylingcv.com\/resume-templates\/\">plantillas profesionales de curr\u00edculum<\/a><\/p>\n\n<p><strong>\ud83d\udca1 Consejo profesional:<\/strong> StylingCV no es solo un creador de curr\u00edculums \u2014 es un creador inteligente con IA que piensa. <a href=\"https:\/\/stylingcv.com\/resume-builder\/\">StylingCV smart AI builder<\/a> en menos de 2 minutos.<\/p>\n<!-- stylingcv-hub-links --><div class=\"stylingcv-related-resources\" style=\"margin-top:30px;padding:20px;background:#f8f9fa;border-left:4px solid #1abc9c;border-radius:4px\"><h3 style=\"margin-top:0;color:#2c3e50\">Explora m\u00e1s recursos<\/h3><ul style=\"padding:0\"><li><a href=\"https:\/\/stylingcv.com\/resume-examples\/\">Ejemplos de curr\u00edculum<\/a> &mdash; Tu gu\u00eda completa<\/li><li><a href=\"https:\/\/stylingcv.com\/site-reliability-engineer\/\">Ejemplo de curr\u00edculum de ingeniero de confiabilidad de sitios<\/a><\/li><li><a href=\"https:\/\/stylingcv.com\/plumber\/\">Ejemplo de curr\u00edculum de fontanero<\/a><\/li><li><a href=\"https:\/\/stylingcv.com\/healthcare-resume-guide\/\">\u00bfC\u00f3mo escribo un curr\u00edculum para el sector salud?<\/a><\/li><\/ul><p style=\"margin-bottom:0;font-size:14px;color:#7f8c8d\">No solo un creador de curr\u00edculums &mdash; un creador inteligente con IA que piensa. <a href=\"https:\/\/stylingcv.com\/resume-builder\/\" style=\"color:#1abc9c;font-weight:bold\">Crea tu curr\u00edculum en menos de 2 minutos &rarr;<\/a><\/p><\/div><!-- \/stylingcv-hub-links -->\n<!-- wp:paragraph -->\n<p>\u00bfListo para crear el tuyo? Usa nuestro <a href=\"\/resume-builder\">creador de curr\u00edculums con IA<\/a>, explora <a href=\"\/resume-templates\">plantillas de curr\u00edculum<\/a>, <a href=\"\/ats-resume-checker\">verifica tu puntuaci\u00f3n ATS<\/a> o mira todos los <a href=\"\/resume-examples\">ejemplos de curr\u00edculum<\/a>.<\/p>\n<!-- \/wp:paragraph -->\n","protected":false},"excerpt":{"rendered":"<p>Escribe un curr\u00edculum de ventas que cierre el trato. Destaca cuotas, logros en ingresos y habilidades de relaci\u00f3n que buscan los reclutadores.<\/p>\n","protected":false},"author":0,"featured_media":0,"parent":0,"menu_order":0,"comment_status":"closed","ping_status":"closed","template":"","meta":{"footnotes":""},"class_list":["post-809","page","type-page","status-publish","hentry"," c-blog-1-item  nt-post-class"],"yoast_head":"<!-- This site is optimized with the Yoast SEO Premium plugin v26.5 (Yoast SEO v26.5) - https:\/\/yoast.com\/wordpress\/plugins\/seo\/ -->\n<title>Gu\u00eda de curr\u00edculum de ventas: Consigue tu puesto ideal |<\/title>\n<meta name=\"description\" content=\"Categor\u00eda: Preguntas frecuentes sobre curr\u00edculums. \u00bfC\u00f3mo escribir un curr\u00edculum para ventas? Demuestra que puedes cerrar tratos y generar ingresos.\" \/>\n<meta name=\"robots\" content=\"index, follow, max-snippet:-1, max-image-preview:large, max-video-preview:-1\" \/>\n<link rel=\"canonical\" href=\"https:\/\/stylingcv.com\/es\/sales-resume-guide\/\" \/>\n<meta property=\"og:locale\" content=\"en_US\" \/>\n<meta property=\"og:type\" content=\"article\" \/>\n<meta property=\"og:title\" content=\"\u00bfC\u00f3mo escribo un curr\u00edculum para un puesto de ventas?\" \/>\n<meta property=\"og:description\" content=\"Categor\u00eda: Preguntas frecuentes sobre curr\u00edculums. \u00bfC\u00f3mo escribir un curr\u00edculum para ventas? Demuestra que puedes cerrar tratos y generar ingresos.\" \/>\n<meta property=\"og:url\" content=\"https:\/\/stylingcv.com\/es\/sales-resume-guide\/\" \/>\n<meta property=\"og:site_name\" content=\"StylingCV - Espa\u00f1ol\" \/>\n<meta name=\"twitter:card\" content=\"summary_large_image\" \/>\n<meta name=\"twitter:label1\" content=\"Est. reading time\" \/>\n\t<meta name=\"twitter:data1\" content=\"5 minutes\" \/>\n<script type=\"application\/ld+json\" class=\"yoast-schema-graph\">{\"@context\":\"https:\/\/schema.org\",\"@graph\":[{\"@type\":\"WebPage\",\"@id\":\"https:\/\/wp.stylingcv.com\/es\/sales-resume-guide\/\",\"url\":\"https:\/\/wp.stylingcv.com\/es\/sales-resume-guide\/\",\"name\":\"Gu\u00eda de curr\u00edculum de ventas: Consigue tu puesto ideal |\",\"isPartOf\":{\"@id\":\"https:\/\/wp.stylingcv.com\/es\/#website\"},\"datePublished\":\"2026-02-25T03:44:24+00:00\",\"description\":\"Categor\u00eda: Preguntas frecuentes sobre curr\u00edculums. \u00bfC\u00f3mo escribir un curr\u00edculum para ventas? Demuestra que puedes cerrar tratos y generar ingresos.\",\"breadcrumb\":{\"@id\":\"https:\/\/wp.stylingcv.com\/es\/sales-resume-guide\/#breadcrumb\"},\"inLanguage\":\"en-US\",\"potentialAction\":[{\"@type\":\"ReadAction\",\"target\":[\"https:\/\/wp.stylingcv.com\/es\/sales-resume-guide\/\"]}]},{\"@type\":\"BreadcrumbList\",\"@id\":\"https:\/\/wp.stylingcv.com\/es\/sales-resume-guide\/#breadcrumb\",\"itemListElement\":[{\"@type\":\"ListItem\",\"position\":1,\"name\":\"Home\",\"item\":\"https:\/\/wp.stylingcv.com\/es\/\"},{\"@type\":\"ListItem\",\"position\":2,\"name\":\"\u00bfC\u00f3mo escribo un curr\u00edculum para un puesto de ventas?\"}]},{\"@type\":\"WebSite\",\"@id\":\"https:\/\/wp.stylingcv.com\/es\/#website\",\"url\":\"https:\/\/wp.stylingcv.com\/es\/\",\"name\":\"StylingCV - Espa\u00f1ol\",\"description\":\"\",\"potentialAction\":[{\"@type\":\"SearchAction\",\"target\":{\"@type\":\"EntryPoint\",\"urlTemplate\":\"https:\/\/wp.stylingcv.com\/es\/?s={search_term_string}\"},\"query-input\":{\"@type\":\"PropertyValueSpecification\",\"valueRequired\":true,\"valueName\":\"search_term_string\"}}],\"inLanguage\":\"en-US\"}]}<\/script>\n<!-- \/ Yoast SEO Premium plugin. -->","yoast_head_json":{"title":"Gu\u00eda de curr\u00edculum de ventas: Consigue tu puesto ideal |","description":"Categor\u00eda: Preguntas frecuentes sobre curr\u00edculums. \u00bfC\u00f3mo escribir un curr\u00edculum para ventas? Demuestra que puedes cerrar tratos y generar ingresos.","robots":{"index":"index","follow":"follow","max-snippet":"max-snippet:-1","max-image-preview":"max-image-preview:large","max-video-preview":"max-video-preview:-1"},"canonical":"https:\/\/stylingcv.com\/es\/sales-resume-guide\/","og_locale":"en_US","og_type":"article","og_title":"\u00bfC\u00f3mo escribo un curr\u00edculum para un puesto de ventas?","og_description":"Categor\u00eda: Preguntas frecuentes sobre curr\u00edculums. \u00bfC\u00f3mo escribir un curr\u00edculum para ventas? Demuestra que puedes cerrar tratos y generar ingresos.","og_url":"https:\/\/stylingcv.com\/es\/sales-resume-guide\/","og_site_name":"StylingCV - Espa\u00f1ol","twitter_card":"summary_large_image","twitter_misc":{"Est. reading time":"5 minutes"},"schema":{"@context":"https:\/\/schema.org","@graph":[{"@type":"WebPage","@id":"https:\/\/wp.stylingcv.com\/es\/sales-resume-guide\/","url":"https:\/\/wp.stylingcv.com\/es\/sales-resume-guide\/","name":"Gu\u00eda de curr\u00edculum de ventas: Consigue tu puesto ideal |","isPartOf":{"@id":"https:\/\/wp.stylingcv.com\/es\/#website"},"datePublished":"2026-02-25T03:44:24+00:00","description":"Categor\u00eda: Preguntas frecuentes sobre curr\u00edculums. \u00bfC\u00f3mo escribir un curr\u00edculum para ventas? Demuestra que puedes cerrar tratos y generar ingresos.","breadcrumb":{"@id":"https:\/\/wp.stylingcv.com\/es\/sales-resume-guide\/#breadcrumb"},"inLanguage":"en-US","potentialAction":[{"@type":"ReadAction","target":["https:\/\/wp.stylingcv.com\/es\/sales-resume-guide\/"]}]},{"@type":"BreadcrumbList","@id":"https:\/\/wp.stylingcv.com\/es\/sales-resume-guide\/#breadcrumb","itemListElement":[{"@type":"ListItem","position":1,"name":"Home","item":"https:\/\/wp.stylingcv.com\/es\/"},{"@type":"ListItem","position":2,"name":"\u00bfC\u00f3mo escribo un curr\u00edculum para un puesto de ventas?"}]},{"@type":"WebSite","@id":"https:\/\/wp.stylingcv.com\/es\/#website","url":"https:\/\/wp.stylingcv.com\/es\/","name":"StylingCV - Espa\u00f1ol","description":"","potentialAction":[{"@type":"SearchAction","target":{"@type":"EntryPoint","urlTemplate":"https:\/\/wp.stylingcv.com\/es\/?s={search_term_string}"},"query-input":{"@type":"PropertyValueSpecification","valueRequired":true,"valueName":"search_term_string"}}],"inLanguage":"en-US"}]}},"_links":{"self":[{"href":"https:\/\/wp.stylingcv.com\/es\/wp-json\/wp\/v2\/pages\/809","targetHints":{"allow":["GET"]}}],"collection":[{"href":"https:\/\/wp.stylingcv.com\/es\/wp-json\/wp\/v2\/pages"}],"about":[{"href":"https:\/\/wp.stylingcv.com\/es\/wp-json\/wp\/v2\/types\/page"}],"replies":[{"embeddable":true,"href":"https:\/\/wp.stylingcv.com\/es\/wp-json\/wp\/v2\/comments?post=809"}],"version-history":[{"count":0,"href":"https:\/\/wp.stylingcv.com\/es\/wp-json\/wp\/v2\/pages\/809\/revisions"}],"wp:attachment":[{"href":"https:\/\/wp.stylingcv.com\/es\/wp-json\/wp\/v2\/media?parent=809"}],"curies":[{"name":"wp","href":"https:\/\/api.w.org\/{rel}","templated":true}]}}