{"id":804,"date":"2026-02-25T03:44:13","date_gmt":"2026-02-25T03:44:13","guid":{"rendered":"https:\/\/stylingcv.com\/es\/creador-curriculum-ia-guia-completa\/verificador-cv-ats-analisis-gratis-ia\/errores-analisis-ats-curriculum\/"},"modified":"2026-02-25T03:44:13","modified_gmt":"2026-02-25T03:44:13","slug":"ats-parsing-errors","status":"publish","type":"page","link":"https:\/\/wp.stylingcv.com\/es\/ai-tools-tech\/ats-resume-checker\/ats-parsing-errors\/","title":{"rendered":"\u00bfCu\u00e1les son los errores m\u00e1s comunes de an\u00e1lisis ATS en curr\u00edculums y c\u00f3mo evitarlos?"},"content":{"rendered":"\n<p class=\"faq-category\"><strong>Categor\u00eda:<\/strong> Preguntas frecuentes sobre optimizaci\u00f3n ATS<\/p>\n\n\n\n<h2 class=\"wp-block-heading\">\u00bfCu\u00e1les son los errores m\u00e1s comunes de an\u00e1lisis ATS en curr\u00edculums y c\u00f3mo evitarlos?<\/h2>\n\n\n\n<p>Navegar por el mercado laboral moderno a menudo significa superar un Sistema de Seguimiento de Candidatos (ATS) antes de que tu curr\u00edculum llegue a ojos humanos. Un ATS es un software utilizado por reclutadores y empleadores para recopilar, escanear, clasificar y ordenar curr\u00edculums. Aunque es incre\u00edblemente eficiente para gestionar grandes vol\u00famenes de solicitudes, el ATS puede ser notoriamente exigente con el formato del curr\u00edculum, lo que provoca &#8220;errores de an\u00e1lisis&#8221; donde tu informaci\u00f3n cr\u00edtica se interpreta mal, se desordena o se omite por completo. Esto puede hacer que tu curr\u00edculum, aunque est\u00e9s altamente calificado, pase desapercibido sin importar tu experiencia.<\/p>\n\n<p>Comprender estos errores comunes de an\u00e1lisis ATS en curr\u00edculums y c\u00f3mo evitarlos de manera proactiva es crucial para cualquiera que se tome en serio conseguir su pr\u00f3ximo puesto. Vamos a profundizar en los detalles de lo que puede salir mal y c\u00f3mo asegurarte de que tu curr\u00edculum pase sin problemas por el ATS, causando una impresi\u00f3n clara e impactante.<\/p>\n\n\n\n<h3 class=\"wp-block-heading\">Descifrando los errores comunes de an\u00e1lisis ATS y sus soluciones<\/h3>\n\n\n\n<p>Los errores de an\u00e1lisis ATS ocurren cuando el software interpreta mal o no detecta tu informaci\u00f3n. Aqu\u00ed tienes un desglose detallado de los problemas m\u00e1s comunes y sus soluciones:<\/p>\n\n\n\n<ul class=\"wp-block-list\">\n<li><strong>Encabezados\/Pies de p\u00e1gina:<\/strong> Muchos sistemas ATS antiguos o menos sofisticados est\u00e1n dise\u00f1ados para escanear solo el cuerpo principal del documento, omitiendo a menudo el texto colocado en los encabezados o pies de p\u00e1gina. Esto significa que informaci\u00f3n crucial como tu nombre, datos de contacto o un titular profesional podr\u00eda pasarse por alto por completo.\n    <ul>\n        <li><strong>Soluci\u00f3n:<\/strong> Nunca pongas tu nombre, informaci\u00f3n de contacto (tel\u00e9fono, correo electr\u00f3nico, URL de LinkedIn) ni ning\u00fan dato importante en el encabezado o pie de p\u00e1gina. Mant\u00e9n todo dentro del cuerpo principal y desplazable del documento.<\/li>\n    <\/ul>\n<\/li>\n<li><strong>Tablas y columnas:<\/strong> Aunque visualmente atractivas para las personas, el ATS suele leer el contenido estrictamente de izquierda a derecha, a lo largo de todo el ancho de la p\u00e1gina. Si usas tablas o varias columnas (por ejemplo, para habilidades o informaci\u00f3n de contacto), el ATS puede desordenar el contenido, haci\u00e9ndolo ilegible o il\u00f3gico. Por ejemplo, podr\u00eda leer &#8220;Habilidad 1 | Habilidad 2&#8221; como &#8220;Habilidad 1 Habilidad 2&#8221; o mezclar tu n\u00famero de tel\u00e9fono con tu correo electr\u00f3nico.\n    <ul>\n        <li><strong>Soluci\u00f3n:<\/strong> Utiliza dise\u00f1os de una sola columna para todo el contenido de tu curr\u00edculum. Presenta la informaci\u00f3n de forma lineal, de arriba a abajo. Para habilidades, usa una lista con vi\u00f1etas simples o separadas por comas.<\/li>\n    <\/ul>\n<\/li>\n<li><strong>Cajas de texto:<\/strong> Al igual que los encabezados y pies de p\u00e1gina, el contenido colocado dentro de cajas de texto puede ser completamente ignorado por el ATS, ya que le cuesta reconocer estos elementos como texto est\u00e1ndar.\n    <ul>\n        <li><strong>Soluci\u00f3n:<\/strong> Usa solo formato de texto est\u00e1ndar directamente en el documento. Evita todas las cajas de texto, formas o elementos gr\u00e1ficos personalizados que contengan texto.<\/li>\n    <\/ul>\n<\/li>\n<li><strong>Im\u00e1genes y gr\u00e1ficos:<\/strong> Iconos, logotipos, gr\u00e1ficos, infograf\u00edas, fotos e incluso im\u00e1genes de fondo sutiles son completamente ilegibles para el ATS. Se tratan como espacios en blanco o se ignoran, e incluso pueden hacer que algunos sistemas fallen.\n    <ul>\n        <li><strong>Soluci\u00f3n:<\/strong> Om\u00edtelos por completo. Tu curr\u00edculum debe ser solo de texto. Si tienes un portafolio en l\u00ednea, incluye un enlace en texto plano.<\/li>\n    <\/ul>\n<\/li>\n<li><strong>Fuentes poco comunes:<\/strong> Las fuentes decorativas, personalizadas o muy estilizadas pueden no mostrarse correctamente al ser analizadas por un ATS. El sistema podr\u00eda sustituirlas por una fuente predeterminada, lo que genera problemas de formato, caracteres ilegibles o palabras clave omitidas.\n    <ul>\n        <li><strong>Soluci\u00f3n:<\/strong> Usa fuentes est\u00e1ndar, ampliamente disponibles y limpias. Excelentes opciones incluyen Arial, Calibri, Garamond, Georgia, Helvetica y Times New Roman. Asegura la coherencia en todo el documento.<\/li>\n    <\/ul>\n<\/li>\n<li><strong>Caracteres especiales:<\/strong> Vi\u00f1etas decorativas (por ejemplo, \u276f, \u2713, flechas) o s\u00edmbolos \u00fanicos pueden causar problemas de codificaci\u00f3n de caracteres para el ATS, haciendo que se muestren incorrectamente o no aparezcan. Esto puede romper el flujo de tu contenido y hacerlo ver poco profesional.\n    <ul>\n        <li><strong>Soluci\u00f3n:<\/strong> Usa vi\u00f1etas est\u00e1ndar y simples (\u2022 o -) para las listas. Evita emojis u otros s\u00edmbolos no est\u00e1ndar.<\/li>\n    <\/ul>\n<\/li>\n<li><strong>T\u00edtulos de secci\u00f3n:<\/strong> T\u00edtulos de secci\u00f3n creativos o \u00fanicos como &#8216;Mi Trayectoria&#8217;, &#8216;Lo que he hecho&#8217; o &#8216;\u00c1reas de experiencia&#8217; confunden al ATS. El software est\u00e1 programado para buscar t\u00e9rminos est\u00e1ndar y reconocibles para categorizar tu experiencia.\n    <ul>\n        <li><strong>Soluci\u00f3n:<\/strong> Usa t\u00e9rminos est\u00e1ndar, claros y universalmente entendidos para tus secciones: &#8216;Experiencia laboral&#8217;, &#8216;Experiencia profesional&#8217;, &#8216;Educaci\u00f3n&#8217;, &#8216;Habilidades&#8217;, &#8216;Resumen&#8217;, &#8216;Premios&#8217;, &#8216;Certificaciones&#8217;.<\/li>\n    <\/ul>\n<\/li>\n<li><strong>Formatos de fecha:<\/strong> Los formatos de fecha inconsistentes (por ejemplo, &#8216;Ene 2020 &#8211; Dic 2022&#8242; vs. &#8217;01\/2020 &#8211; 12\/2022&#8217; vs. &#8216;Enero, 2020 \u2013 Actualidad&#8217;) pueden confundir a los sistemas ATS al intentar analizar tu historial laboral. Esto puede llevar a c\u00e1lculos incorrectos de duraci\u00f3n o experiencia omitida.\n    <ul>\n        <li><strong>Soluci\u00f3n:<\/strong> Elige un formato de fecha consistente y \u00fasalo en todas las entradas. Los formatos recomendados incluyen &#8216;Mes AAAA \u2013 Mes AAAA&#8217; (por ejemplo, &#8216;Enero 2020 \u2013 Diciembre 2022&#8217;) o &#8216;MM\/AAAA \u2013 MM\/AAAA&#8217;. Usa &#8216;Actualidad&#8217; para los puestos actuales.<\/li>\n    <\/ul>\n<\/li>\n<li><strong>Acr\u00f3nimos:<\/strong> Si una oferta de trabajo utiliza un acr\u00f3nimo para una habilidad o certificaci\u00f3n (por ejemplo, &#8216;SEO&#8217;), pero solo incluyes el t\u00e9rmino completo (&#8216;Optimizaci\u00f3n para motores de b\u00fasqueda&#8217;), el ATS podr\u00eda no detectar la coincidencia. Lo contrario tambi\u00e9n es cierto.\n    <ul>\n        <li><strong>Soluci\u00f3n:<\/strong> Incluye ambas formas la primera vez que menciones un t\u00e9rmino: &#8216;Optimizaci\u00f3n para motores de b\u00fasqueda (SEO)&#8217;. Despu\u00e9s de la primera menci\u00f3n, puedes usar el acr\u00f3nimo. As\u00ed te aseguras de que el ATS detecte ambas.<\/li>\n    <\/ul>\n<\/li>\n<li><strong>Ortograf\u00eda y gram\u00e1tica:<\/strong> Adem\u00e1s de causar una mala impresi\u00f3n a los reclutadores humanos, los errores tipogr\u00e1ficos y gramaticales pueden afectar gravemente la coincidencia de palabras clave. Un ATS no reconocer\u00e1 &#8216;Managemet&#8217; como &#8216;Management&#8217;, lo que te har\u00e1 perder puntos clave.\n    <ul>\n        <li><strong>Soluci\u00f3n:<\/strong> Revisa tu curr\u00edculum meticulosamente. Usa correctores ortogr\u00e1ficos y gramaticales, y si es posible, pide a otra persona que lo revise. Considera leerlo al rev\u00e9s o en voz alta para detectar errores.<\/li>\n    <\/ul>\n<\/li>\n<li><strong>Tipo de archivo:<\/strong> Aunque la mayor\u00eda de los sistemas ATS modernos manejan bien los archivos PDF, algunos m\u00e1s antiguos o menos avanzados pueden preferir archivos .docx. Enviar el tipo de archivo incorrecto puede provocar errores de an\u00e1lisis o que tu curr\u00edculum sea ilegible.\n    <ul>\n        <li><strong>Soluci\u00f3n:<\/strong> Revisa siempre la oferta de trabajo para conocer el tipo de archivo preferido. Si se\n\n\n<p>\ud83d\udc49 <a href=\"https:\/\/stylingcv.com\/ats-resume-checker\/\">verifica la compatibilidad ATS de tu curr\u00edculum<\/a><\/p>\n\n<p>\ud83d\udc49 <a href=\"https:\/\/stylingcv.com\/guides\/\">gu\u00edas de curr\u00edculum y carrera<\/a><\/p>\n\n<p>\ud83d\udc49 <a href=\"https:\/\/stylingcv.com\/resume-templates\/\">plantillas de curr\u00edculum profesionales<\/a><\/p>\n\n<p><strong>\ud83d\udca1 Consejo profesional:<\/strong> StylingCV no es solo un creador de curr\u00edculums \u2014 es un creador inteligente con IA que piensa. <a href=\"https:\/\/stylingcv.com\/resume-builder\/\">Creador de curr\u00edculums con IA y 11 agentes inteligentes<\/a> en menos de 2 minutos.<\/p>\n<!-- stylingcv-hub-links --><div class=\"stylingcv-related-resources\" style=\"margin-top:30px;padding:20px;background:#f8f9fa;border-left:4px solid #1abc9c;border-radius:4px;\"><h3 style=\"margin-top:0;color:#2c3e50;\">Explora m\u00e1s recursos<\/h3><ul style=\"list-style:none;padding:0;\"><li><a href=\"https:\/\/stylingcv.com\/ats-resume-checker\/\">Verificador de curr\u00edculum ATS<\/a> &mdash; Tu gu\u00eda completa<\/li><li><a href=\"https:\/\/stylingcv.com\/ats-formatting-101\/\">\u00bfC\u00f3mo mejoro el formato ATS de mi curr\u00edculum?<\/a><\/li><li><a href=\"https:\/\/stylingcv.com\/ats-optimization-complete-guide\/\">\u00bfC\u00f3mo optimizo mi curr\u00edculum para sistemas de seguimiento de candidatos?<\/a><\/li><li><a href=\"https:\/\/stylingcv.com\/ats-sections-125\/\">\u00bfC\u00f3mo mejoro las secciones ATS de mi curr\u00edculum?<\/a><\/li><\/ul><p style=\"margin-bottom:0;font-size:14px;color:#7f8c8d;\">No solo un creador de curr\u00edculums &mdash; un creador inteligente con IA que piensa. <a href=\"https:\/\/stylingcv.com\/resume-builder\/\" style=\"color:#1abc9c;font-weight:bold;\">Crea tu curr\u00edculum en menos de 2 minutos &rarr;<\/a><\/p><\/div><!-- \/stylingcv-hub-links -->","protected":false},"excerpt":{"rendered":"<p>Evita los errores comunes de an\u00e1lisis ATS que hacen que tu curr\u00edculum sea rechazado. Aprende a corregir el formato para que los sistemas autom\u00e1ticos lo lean correctamente.<\/p>\n","protected":false},"author":0,"featured_media":0,"parent":434,"menu_order":0,"comment_status":"closed","ping_status":"closed","template":"","meta":{"footnotes":""},"class_list":["post-804","page","type-page","status-publish","hentry"," c-blog-1-item  nt-post-class"],"yoast_head":"<!-- This site is optimized with the Yoast SEO Premium plugin v26.5 (Yoast SEO v26.5) - https:\/\/yoast.com\/wordpress\/plugins\/seo\/ -->\n<title>Errores de an\u00e1lisis ATS: c\u00f3mo evitarlos | StylingCV<\/title>\n<meta name=\"description\" content=\"Categor\u00eda: Preguntas frecuentes sobre optimizaci\u00f3n ATS. \u00bfCu\u00e1les son los errores m\u00e1s comunes de an\u00e1lisis ATS en curr\u00edculums y c\u00f3mo evitarlos?\" \/>\n<meta name=\"robots\" content=\"index, follow, max-snippet:-1, max-image-preview:large, max-video-preview:-1\" \/>\n<link rel=\"canonical\" href=\"https:\/\/stylingcv.com\/es\/ai-tools-tech\/ats-resume-checker\/ats-parsing-errors\/\" \/>\n<meta property=\"og:locale\" content=\"en_US\" \/>\n<meta property=\"og:type\" content=\"article\" \/>\n<meta property=\"og:title\" content=\"\u00bfCu\u00e1les son los errores m\u00e1s comunes de an\u00e1lisis ATS en curr\u00edculums y c\u00f3mo evitarlos?\" \/>\n<meta property=\"og:description\" content=\"Categor\u00eda: Preguntas frecuentes sobre optimizaci\u00f3n ATS. \u00bfCu\u00e1les son los errores m\u00e1s comunes de an\u00e1lisis ATS en curr\u00edculums y c\u00f3mo evitarlos?\" \/>\n<meta property=\"og:url\" content=\"https:\/\/stylingcv.com\/es\/ai-tools-tech\/ats-resume-checker\/ats-parsing-errors\/\" \/>\n<meta property=\"og:site_name\" content=\"StylingCV - Espa\u00f1ol\" \/>\n<meta name=\"twitter:card\" content=\"summary_large_image\" \/>\n<meta name=\"twitter:label1\" content=\"Est. reading time\" \/>\n\t<meta name=\"twitter:data1\" content=\"6 minutes\" \/>\n<script type=\"application\/ld+json\" class=\"yoast-schema-graph\">{\"@context\":\"https:\/\/schema.org\",\"@graph\":[{\"@type\":\"WebPage\",\"@id\":\"https:\/\/wp.stylingcv.com\/es\/ai-tools-tech\/ats-resume-checker\/ats-parsing-errors\/\",\"url\":\"https:\/\/wp.stylingcv.com\/es\/ai-tools-tech\/ats-resume-checker\/ats-parsing-errors\/\",\"name\":\"Errores de an\u00e1lisis ATS: c\u00f3mo evitarlos | StylingCV\",\"isPartOf\":{\"@id\":\"https:\/\/wp.stylingcv.com\/es\/#website\"},\"datePublished\":\"2026-02-25T03:44:13+00:00\",\"description\":\"Categor\u00eda: Preguntas frecuentes sobre optimizaci\u00f3n ATS. \u00bfCu\u00e1les son los errores m\u00e1s comunes de an\u00e1lisis ATS en curr\u00edculums y c\u00f3mo evitarlos?\",\"breadcrumb\":{\"@id\":\"https:\/\/wp.stylingcv.com\/es\/ai-tools-tech\/ats-resume-checker\/ats-parsing-errors\/#breadcrumb\"},\"inLanguage\":\"en-US\",\"potentialAction\":[{\"@type\":\"ReadAction\",\"target\":[\"https:\/\/wp.stylingcv.com\/es\/ai-tools-tech\/ats-resume-checker\/ats-parsing-errors\/\"]}]},{\"@type\":\"BreadcrumbList\",\"@id\":\"https:\/\/wp.stylingcv.com\/es\/ai-tools-tech\/ats-resume-checker\/ats-parsing-errors\/#breadcrumb\",\"itemListElement\":[{\"@type\":\"ListItem\",\"position\":1,\"name\":\"Home\",\"item\":\"https:\/\/wp.stylingcv.com\/es\/\"},{\"@type\":\"ListItem\",\"position\":2,\"name\":\"Creador de Curr\u00edculums con IA: Gu\u00eda Completa para CVs Impulsados por IA\",\"item\":\"https:\/\/wp.stylingcv.com\/es\/ai-tools-tech\/\"},{\"@type\":\"ListItem\",\"position\":3,\"name\":\"Verificador de CV ATS: An\u00e1lisis Gratis con IA del Puntaje ATS (2026)\",\"item\":\"https:\/\/wp.stylingcv.com\/es\/ai-tools-tech\/ats-resume-checker\/\"},{\"@type\":\"ListItem\",\"position\":4,\"name\":\"\u00bfCu\u00e1les son los errores m\u00e1s comunes de an\u00e1lisis ATS en curr\u00edculums y c\u00f3mo evitarlos?\"}]},{\"@type\":\"WebSite\",\"@id\":\"https:\/\/wp.stylingcv.com\/es\/#website\",\"url\":\"https:\/\/wp.stylingcv.com\/es\/\",\"name\":\"StylingCV - Espa\u00f1ol\",\"description\":\"\",\"potentialAction\":[{\"@type\":\"SearchAction\",\"target\":{\"@type\":\"EntryPoint\",\"urlTemplate\":\"https:\/\/wp.stylingcv.com\/es\/?s={search_term_string}\"},\"query-input\":{\"@type\":\"PropertyValueSpecification\",\"valueRequired\":true,\"valueName\":\"search_term_string\"}}],\"inLanguage\":\"en-US\"}]}<\/script>\n<!-- \/ Yoast SEO Premium plugin. -->","yoast_head_json":{"title":"Errores de an\u00e1lisis ATS: c\u00f3mo evitarlos | StylingCV","description":"Categor\u00eda: Preguntas frecuentes sobre optimizaci\u00f3n ATS. \u00bfCu\u00e1les son los errores m\u00e1s comunes de an\u00e1lisis ATS en curr\u00edculums y c\u00f3mo evitarlos?","robots":{"index":"index","follow":"follow","max-snippet":"max-snippet:-1","max-image-preview":"max-image-preview:large","max-video-preview":"max-video-preview:-1"},"canonical":"https:\/\/stylingcv.com\/es\/ai-tools-tech\/ats-resume-checker\/ats-parsing-errors\/","og_locale":"en_US","og_type":"article","og_title":"\u00bfCu\u00e1les son los errores m\u00e1s comunes de an\u00e1lisis ATS en curr\u00edculums y c\u00f3mo evitarlos?","og_description":"Categor\u00eda: Preguntas frecuentes sobre optimizaci\u00f3n ATS. \u00bfCu\u00e1les son los errores m\u00e1s comunes de an\u00e1lisis ATS en curr\u00edculums y c\u00f3mo evitarlos?","og_url":"https:\/\/stylingcv.com\/es\/ai-tools-tech\/ats-resume-checker\/ats-parsing-errors\/","og_site_name":"StylingCV - Espa\u00f1ol","twitter_card":"summary_large_image","twitter_misc":{"Est. reading time":"6 minutes"},"schema":{"@context":"https:\/\/schema.org","@graph":[{"@type":"WebPage","@id":"https:\/\/wp.stylingcv.com\/es\/ai-tools-tech\/ats-resume-checker\/ats-parsing-errors\/","url":"https:\/\/wp.stylingcv.com\/es\/ai-tools-tech\/ats-resume-checker\/ats-parsing-errors\/","name":"Errores de an\u00e1lisis ATS: c\u00f3mo evitarlos | StylingCV","isPartOf":{"@id":"https:\/\/wp.stylingcv.com\/es\/#website"},"datePublished":"2026-02-25T03:44:13+00:00","description":"Categor\u00eda: Preguntas frecuentes sobre optimizaci\u00f3n ATS. \u00bfCu\u00e1les son los errores m\u00e1s comunes de an\u00e1lisis ATS en curr\u00edculums y c\u00f3mo evitarlos?","breadcrumb":{"@id":"https:\/\/wp.stylingcv.com\/es\/ai-tools-tech\/ats-resume-checker\/ats-parsing-errors\/#breadcrumb"},"inLanguage":"en-US","potentialAction":[{"@type":"ReadAction","target":["https:\/\/wp.stylingcv.com\/es\/ai-tools-tech\/ats-resume-checker\/ats-parsing-errors\/"]}]},{"@type":"BreadcrumbList","@id":"https:\/\/wp.stylingcv.com\/es\/ai-tools-tech\/ats-resume-checker\/ats-parsing-errors\/#breadcrumb","itemListElement":[{"@type":"ListItem","position":1,"name":"Home","item":"https:\/\/wp.stylingcv.com\/es\/"},{"@type":"ListItem","position":2,"name":"Creador de Curr\u00edculums con IA: Gu\u00eda Completa para CVs Impulsados por IA","item":"https:\/\/wp.stylingcv.com\/es\/ai-tools-tech\/"},{"@type":"ListItem","position":3,"name":"Verificador de CV ATS: An\u00e1lisis Gratis con IA del Puntaje ATS (2026)","item":"https:\/\/wp.stylingcv.com\/es\/ai-tools-tech\/ats-resume-checker\/"},{"@type":"ListItem","position":4,"name":"\u00bfCu\u00e1les son los errores m\u00e1s comunes de an\u00e1lisis ATS en curr\u00edculums y c\u00f3mo evitarlos?"}]},{"@type":"WebSite","@id":"https:\/\/wp.stylingcv.com\/es\/#website","url":"https:\/\/wp.stylingcv.com\/es\/","name":"StylingCV - Espa\u00f1ol","description":"","potentialAction":[{"@type":"SearchAction","target":{"@type":"EntryPoint","urlTemplate":"https:\/\/wp.stylingcv.com\/es\/?s={search_term_string}"},"query-input":{"@type":"PropertyValueSpecification","valueRequired":true,"valueName":"search_term_string"}}],"inLanguage":"en-US"}]}},"_links":{"self":[{"href":"https:\/\/wp.stylingcv.com\/es\/wp-json\/wp\/v2\/pages\/804","targetHints":{"allow":["GET"]}}],"collection":[{"href":"https:\/\/wp.stylingcv.com\/es\/wp-json\/wp\/v2\/pages"}],"about":[{"href":"https:\/\/wp.stylingcv.com\/es\/wp-json\/wp\/v2\/types\/page"}],"replies":[{"embeddable":true,"href":"https:\/\/wp.stylingcv.com\/es\/wp-json\/wp\/v2\/comments?post=804"}],"version-history":[{"count":0,"href":"https:\/\/wp.stylingcv.com\/es\/wp-json\/wp\/v2\/pages\/804\/revisions"}],"up":[{"embeddable":true,"href":"https:\/\/wp.stylingcv.com\/es\/wp-json\/wp\/v2\/pages\/434"}],"wp:attachment":[{"href":"https:\/\/wp.stylingcv.com\/es\/wp-json\/wp\/v2\/media?parent=804"}],"curies":[{"name":"wp","href":"https:\/\/api.w.org\/{rel}","templated":true}]}}