{"id":801,"date":"2026-02-25T03:44:07","date_gmt":"2026-02-25T03:44:07","guid":{"rendered":"https:\/\/stylingcv.com\/es\/consejos-curriculum-industrias-creativas\/"},"modified":"2026-02-25T03:44:07","modified_gmt":"2026-02-25T03:44:07","slug":"creative-industry-resume","status":"publish","type":"page","link":"https:\/\/wp.stylingcv.com\/es\/creative-industry-resume\/","title":{"rendered":"\u00bfCu\u00e1les son los mejores consejos para curr\u00edculums en industrias creativas?"},"content":{"rendered":"\n<p class=\"faq-category\"><strong>Categor\u00eda:<\/strong> Preguntas frecuentes sobre redacci\u00f3n de curr\u00edculums<\/p>\n\n\n\n<h2 class=\"wp-block-heading\">\u00bfCu\u00e1les son los mejores consejos para curr\u00edculums en industrias creativas?<\/h2>\n\n\n\n<p>Crear un <strong>curr\u00edculum creativo<\/strong> impactante requiere un equilibrio delicado: mostrar tu estilo art\u00edstico \u00fanico mientras mantienes la legibilidad profesional. A diferencia de los curr\u00edculums tradicionales, un <strong>curr\u00edculum de dise\u00f1o<\/strong> o <strong>curr\u00edculum art\u00edstico<\/strong> suele ser una muestra de trabajo en s\u00ed mismo, por lo que exige una ejecuci\u00f3n cuidadosa.<\/p>\n\n\n\n<p><strong>Dise\u00f1o y atractivo visual:<\/strong> Tienes mucha m\u00e1s flexibilidad que en sectores corporativos, pero recuerda: la legibilidad y la claridad siempre deben prevalecer sobre la expresi\u00f3n art\u00edstica excesiva. Opta por elecciones de dise\u00f1o coherentes e intencionadas en lugar de decoraciones aleatorias. Los dise\u00f1os limpios, la tipograf\u00eda cuidada, el uso estrat\u00e9gico del color y una jerarqu\u00eda visual clara son fundamentales. Evita dise\u00f1os demasiado complejos o &#8220;recargados&#8221; que distraigan del contenido. Tu curr\u00edculum debe reflejar tu marca personal y sensibilidad de dise\u00f1o sin dificultar que el reclutador encuentre la informaci\u00f3n r\u00e1pidamente. Piensa en \u00e9l como una galer\u00eda cuidadosamente curada de tu identidad profesional.<\/p>\n\n\n\n<p><strong>Enlaces al portafolio: ESENCIALES.<\/strong> Para cualquier puesto en una <strong>industria creativa<\/strong>, tu portafolio online es imprescindible. Incluye enlaces destacados y clicables a tu Behance, Dribbble, sitio web personal, Vimeo, GitHub (para roles creativos en tecnolog\u00eda) u otras plataformas relevantes de muestras de trabajo. Aseg\u00farate de que estos enlaces sean f\u00e1ciles de encontrar y funcionen correctamente. Para puestos como dise\u00f1ador gr\u00e1fico o dise\u00f1ador UX\/UI, tu curr\u00edculum en s\u00ed es una muestra de dise\u00f1o crucial: debe estar impecablemente dise\u00f1ado y ser profesional.<\/p>\n\n\n\n<p><strong>Enfoque en el contenido:<\/strong> Cambia de simplemente enumerar tareas a destacar proyectos espec\u00edficos y su impacto medible. En lugar de &#8220;Dise\u00f1\u00e9 materiales de marketing&#8221;, explica &#8220;Dise\u00f1\u00e9 una identidad de marca integral para una startup tecnol\u00f3gica, logrando un aumento del 40% en la participaci\u00f3n de usuarios y el reconocimiento de marca&#8221;. Cuantifica tus logros siempre que sea posible. Enumera expl\u00edcitamente tus competencias en software: Adobe Creative Suite (Photoshop, Illustrator, InDesign, Premiere Pro, After Effects), Sketch, Figma, Blender, DaVinci Resolve, Final Cut Pro, Procreate, etc. Demuestra tus habilidades para resolver problemas creativos y c\u00f3mo tu trabajo se traduce en resultados tangibles para el negocio. Incluye premios, exposiciones, publicaciones o menciones que validen tu talento. Menciona clientes o marcas de alto perfil con los que hayas trabajado (respetando los acuerdos de confidencialidad, por supuesto). Tu narrativa debe contar una historia de innovaci\u00f3n e impacto.<\/p>\n\n\n\n<p><strong>Testimonios:<\/strong> Frases breves e impactantes de clientes, supervisores o colaboradores pueden aumentar significativamente la credibilidad de un <strong>curr\u00edculum creativo<\/strong>. Col\u00f3calos estrat\u00e9gicamente, quiz\u00e1s cerca de proyectos relevantes o en una secci\u00f3n dedicada de &#8220;Reconocimientos&#8221;.<\/p>\n\n\n\n<p><strong>Opciones de formato:<\/strong> El PDF casi siempre es la mejor opci\u00f3n para env\u00edos creativos, ya que conserva tu dise\u00f1o y tipograf\u00eda en diferentes sistemas. M\u00e1s all\u00e1 de PDFs est\u00e1ticos, considera enlazar a reels de video (para vide\u00f3grafos, animadores), portafolios interactivos o incluso sitios web personales que funcionen como curr\u00edculums din\u00e1micos. Estos formatos te permiten mostrar movimiento, interactividad y una gama m\u00e1s amplia de habilidades.<\/p>\n\n\n\n<p><strong>Extensi\u00f3n:<\/strong> Aunque la creatividad permite cierta flexibilidad, intenta que tu curr\u00edculum tenga entre 1 y 2 p\u00e1ginas. Si tienes un portafolio extenso, selecciona tus mejores y m\u00e1s relevantes ejemplos en lugar de incluir todo. El portafolio es para la muestra completa; el curr\u00edculum es el adelanto atractivo. Recuerda: los reclutadores en campos creativos tambi\u00e9n est\u00e1n ocupados y necesitan encontrar r\u00e1pidamente tu experiencia y habilidades m\u00e1s relevantes.<\/p>\n\n\n\n<h3 class=\"wp-block-heading\">Gu\u00eda paso a paso para crear tu curr\u00edculum creativo<\/h3>\n\n\n\n<ul class=\"wp-block-list\">\n<li><strong>Fase 1: Lluvia de ideas e inventario<\/strong>\n<ul>\n<li><strong>Identifica tus roles objetivo:<\/strong> \u00bfPostulas para dise\u00f1ador gr\u00e1fico, dise\u00f1ador UX\/UI, redactor de contenidos, editor de video o especialista en marketing? Esto define el enfoque de tu curr\u00edculum.<\/li>\n<li><strong>Re\u00fane tus mejores trabajos:<\/strong> Junta todos los proyectos relevantes, trabajos para clientes, iniciativas personales y logros acad\u00e9micos.<\/li>\n<li><strong>Cuantifica los logros:<\/strong> Para cada proyecto, piensa en el impacto. \u00bfAumentaste la participaci\u00f3n, redujiste costos, mejoraste la experiencia de usuario o ganaste un premio?<\/li>\n<li><strong>Enumera todas las habilidades y herramientas:<\/strong> Desde Adobe Creative Suite hasta lenguajes de programaci\u00f3n espec\u00edficos o equipos de c\u00e1mara.<\/li>\n<\/ul>\n<\/li>\n<li><strong>Fase 2: Dise\u00f1o y estructura<\/strong>\n<ul>\n<li><strong>Elige un dise\u00f1o:<\/strong> Opta por un dise\u00f1o limpio, moderno y visualmente atractivo. Considera un dise\u00f1o de dos columnas para aprovechar mejor el espacio y la jerarqu\u00eda visual.<\/li>\n<li><strong>Selecciona la tipograf\u00eda:<\/strong> Escoge 1 o 2 fuentes profesionales y legibles que reflejen tu est\u00e9tica. Asegura buen contraste y tama\u00f1o legible.<\/li>\n<li><strong>Incorpora color (estrat\u00e9gicamente):<\/strong> Una paleta de colores limitada y coherente puede potenciar tu marca sin distraer. \u00dasala en encabezados, acentos o elementos de fondo sutiles.<\/li>\n<li><strong>Crea secciones claras:<\/strong> Usa encabezados como &#8220;Resumen\/Objetivo&#8221;, &#8220;Experiencia&#8221;, &#8220;Proyectos&#8221;, &#8220;Habilidades&#8221;, &#8220;Educaci\u00f3n&#8221;, &#8220;Premios&#8221;.<\/li>\n<\/ul>\n<\/li>\n<li><strong>Fase 3: Contenido y refinamiento<\/strong>\n<ul>\n<li><strong>Redacta un resumen\/objetivo atractivo:<\/strong> Una declaraci\u00f3n breve y poderosa que destaque tu propuesta de valor \u00fanica y objetivos profesionales. Personal\u00edzala para cada postulaci\u00f3n.<\/li>\n<li><strong>Escribe vi\u00f1etas impactantes:<\/strong> Usa verbos de acci\u00f3n y enf\u00f3cate en logros (Acci\u00f3n + Resultado = Impacto).<\/li>\n<li><strong>Integra palabras clave:<\/strong> Incorpora naturalmente palabras clave de la oferta de trabajo y t\u00e9rminos del sector (por ejemplo, &#8220;investigaci\u00f3n de usuarios&#8221;, &#8220;storyboarding&#8221;, &#8220;gu\u00edas de marca&#8221;). Esto ayuda tanto con los ATS como con los lectores humanos.<\/li>\n<li><strong>Agrega enlaces al portafolio:<\/strong> Aseg\u00farate de que sean destacados, clicables y lleven directamente a trabajos relevantes.<\/li>\n<li><strong>Revisa meticulosamente:<\/strong> Los errores ortogr\u00e1ficos y gramaticales arruinan hasta el dise\u00f1o m\u00e1s bonito. \u00a1Pide una segunda opini\u00f3n!<\/li>\n<\/ul>\n<\/li>\n<li><strong>Fase 4: Optimizaci\u00f3n y postulaci\u00f3n<\/strong>\n<ul>\n<li><strong>Guarda en PDF:<\/strong> Siempre env\u00eda tu <strong>curr\u00edculum creativo<\/strong> en PDF para conservar el dise\u00f1o.<\/li>\n<li><strong>Prueba los enlaces:<\/strong> Verifica todos los enlaces al portafolio y de contacto.<\/li>\n<li><strong>Personaliza para cada postulaci\u00f3n:<\/strong> Ajusta tu resumen, proyectos y palabras clave para cada oferta. https:\/\/stylingcv.com\/ar\/blog\/ats-resume-tips\/ puede ayudarte a adaptar r\u00e1pidamente tu curr\u00edculum para diferentes roles.<\/li>\n<li><strong>Prepara tu portafolio:<\/strong> Aseg\u00farate de que tu portafolio est\u00e9 igual de pulido y muestre una variedad de tus mejores trabajos.<\/li>\n<\/ul>\n<\/li>\n<\/ul>\n\n\n\n<h3 class=\"wp-block-heading\">Errores comunes que debes evitar en tu curr\u00edculum creativo<\/h3>\n\n\n\n<ul class=\"wp-block-list\">\n<li><strong>Sobre-dise\u00f1ar:<\/strong> Aunque la creatividad es clave, un curr\u00edculum demasiado recargado, dif\u00edcil de leer o con demasiadas fuentes\/colores es perjudicial. Prioriza la claridad sobre lo llamativo.<\/li>\n<li><strong>Sin enlace al portafolio:<\/strong> Es la mayor se\u00f1al de alerta para cualquier puesto creativo. Tu curr\u00edculum es el aperitivo; tu portafolio es el plato principal.<\/li>\n<li><strong>Contenido gen\u00e9rico:<\/strong> Enumerar tareas en vez de logros (&#8220;Responsable de publicaciones en redes sociales&#8221; vs. &#8220;Desarroll\u00e9 estrategia de redes sociales que aument\u00f3 la interacci\u00f3n en un 25%&#8221;).<\/li>\n<li><strong>Visuales de baja calidad:<\/strong> Si incluyes miniaturas o iconos, aseg\u00farate de que sean de alta resoluci\u00f3n y no se pixelen.<\/li>\n<li><strong>Ignorar el ATS:<\/strong> Aunque sean visualmente ricos, los curr\u00edculums creativos deben ser algo compatibles con ATS. Usa encabezados claros y secciones est\u00e1ndar. Evita poner informaci\u00f3n cr\u00edtica solo en gr\u00e1ficos. https:\/\/stylingcv.com\/ar\/blog\/resume-writing-guide\/ ofrece consejos para hacer curr\u00edculums creativos compatibles con ATS.<\/li>\n<li><strong>Errores ortogr\u00e1ficos y gramaticales:<\/strong> Se\u00f1alan inmediatamente falta de atenci\u00f3n al detalle, algo crucial en \u00e1reas creativas.<\/li>\n<li><strong>Habilidades de software desactualizadas:<\/strong> Aseg\u00farate de que las competencias en software que incluyas sean actuales y relevantes para el sector.<\/li>\n<li><strong>Falta de informaci\u00f3n de contacto:<\/strong> \u00a1Facilita que los reclutadores te contacten! Incluye tu nombre, tel\u00e9fono, correo, LinkedIn y enlace al portafolio.<\/li>\n<\/ul>\n\n\n\n<h3 class=\"wp-block-heading\">Consejos espec\u00edficos por sector para tu curr\u00edculum creativo<\/h3>\n\n\n\n<ul class=\"wp-block-list\">\n<li><strong>Dise\u00f1adores gr\u00e1ficos\/artistas visuales:<\/strong> Tu curr\u00edculum ES una pieza de dise\u00f1o. Enf\u00f3cate en la jerarqu\u00eda visual, tipograf\u00eda y teor\u00eda del color. Demuestra atenci\u00f3n al detalle. Destaca software espec\u00edfico como Adobe Creative Suite, Figma, Sketch.<\/li>\n<li><strong>Dise\u00f1adores UX\/UI:<\/strong> Resalta tu proceso de dise\u00f1o (investigaci\u00f3n, wireframing, prototipado, pruebas de usuario), habilidades para resolver problemas y enfoque centrado en el usuario. Menciona herramientas como Figma, Sketch, Adobe XD, InVision. Muestra estudios de caso en tu portafolio.<\/li>\n<li><strong>Redactores de contenido\/copywriters:<\/strong> Enf\u00f3cate en tus muestras de escritura. Proporciona enlaces a art\u00edculos, blogs, campa\u00f1as o publicaciones. Destaca tu capacidad para adaptar tono, voz y estilo. Muestra habilidades de redacci\u00f3n SEO, si aplica.<\/li>\n<li><strong>Editores de video\/artistas de motion graphics:<\/strong> Enlaza directamente a tu demo reel (breve, impactante, mostrando tu mejor trabajo). Enumera software como Adobe Premiere Pro, After Effects, DaVinci Resolve, Final Cut Pro. Destaca habilidades narrativas y t\u00e9cnicas.<\/li>\n<li><strong>Especialistas en marketing\/branding:<\/strong> Demuestra pensamiento estrat\u00e9gico, resultados de campa\u00f1as y comprensi\u00f3n de audiencias objetivo. Cuantifica ROI, generaci\u00f3n de leads y crecimiento de marca. Incluye experiencia con herramientas de automatizaci\u00f3n de marketing, anal\u00edtica y plataformas de redes sociales.<\/li>\n<\/ul>\n\n\n\n<h3 class=\"wp-block-heading\">Checklist para curr\u00edculum creativo<\/h3>\n\n\n\n<figure class=\"wp-block-table\"><table><thead><tr><th>Elemento<\/th><th>Mejor pr\u00e1ctica para curr\u00edculums creativos<\/th><th>Error a evitar<\/th><\/tr><\/thead><tbody><tr><td><strong>Dise\u00f1o y maquetaci\u00f3n<\/strong><\/td><td>Limpio, moderno, jerarqu\u00eda visual clara, branding coherente.<\/td><td>Demasiado recargado, distracciones, mala legibilidad, estilos inconsistentes.<\/td><\/tr><tr><td><strong>Enlaces al portafolio<\/strong><\/td><td>Destacados, clicables, directos a trabajos relevantes, probados.<\/td><td>Ausentes, rotos o enlace gen\u00e9rico (ej: solo &#8220;mi web&#8221;).<\/td><\/tr><tr><td><strong>Enfoque en el contenido<\/strong><\/td><td>Logros cuantificados, impacto de proyectos, resoluci\u00f3n creativa de problemas.<\/td><td>Listas gen\u00e9ricas de tareas, sin resultados medibles, descripciones vagas.<\/td><\/tr><tr><td><strong>Habilidades en software<\/strong><\/td><td>Lista expl\u00edcita (ej: &#8220;Adobe Creative Suite: Ps, Ai, Id, Pr&#8221;).<\/td><td>&#8220;Competente en software de dise\u00f1o&#8221; (demasiado vago), herramientas obsoletas.<\/td><\/tr><tr><td><strong>Optimizaci\u00f3n ATS<\/strong><\/td><td>Encabezados claros, secciones est\u00e1ndar, contenido en texto para palabras clave.<\/td><td>Informaci\u00f3n cr\u00edtica solo en gr\u00e1ficos, fuentes personalizadas complejas que fallan.<\/td><\/tr><tr><td><strong>Revisi\u00f3n<\/strong><\/td><td>Gram\u00e1tica y ortograf\u00eda impecables, tono profesional.<\/td><td>Errores ortogr\u00e1ficos, gramaticales, lenguaje informal.<\/td><\/tr><tr><td><strong>Marca personal<\/strong><\/td><td>Refleja tu estilo \u00fanico e identidad profesional.<\/td><td>Dise\u00f1o gen\u00e9rico, inconsistente con portafolio\/sitio personal.<\/td><\/tr><\/tbody><\/table><\/figure>\n\n\n\n<h3 class=\"wp-block-heading\">Principales competencias en software para roles creativos<\/h3>\n\n\n\n<figure class=\"wp-block-table\"><table><thead><tr><th>Rol creativo<\/th><th>Software y herramientas principales<\/th><th>Herramientas avanzadas\/especializadas<\/th><\/tr><\/thead><tbody><tr><td><strong>Dise\u00f1ador gr\u00e1fico<\/strong><\/td><td>Adobe Photoshop, Illustrator, InDesign, Canva<\/td><td>Figma, Sketch, CorelDRAW, Procreate (iPad)<\/td><\/tr><tr><td><strong>Dise\u00f1ador UX\/UI<\/strong><\/td><td>Figma, Sketch, Adobe XD, InVision<\/td><td>Miro, Zeplin, Axure RP, plataformas de UserTesting<\/td><\/tr><tr><td><strong>Editor de video<\/strong><\/td><td>Adobe Premiere Pro, DaVinci Resolve, Final Cut Pro<\/td><td>Adobe After Effects, Cinema 4D, Blender, Avid Media Composer<\/td><\/tr><tr><td><strong>Redactor de contenido<\/strong><\/td><td>Google Docs, Microsoft Word, Grammarly, herramientas SEO (ej: SEMrush)<\/td><td>Sistemas de gesti\u00f3n de contenido (CMS), Hemingway Editor, Ahrefs<\/td><\/tr><tr><td><strong>Artista de motion graphics<\/strong><\/td><td>Adobe After Effects, Illustrator, Photoshop<\/td><td>Cinema 4D, Blender, Maya, Nuke<\/td><\/tr><tr><td><strong>Fot\u00f3grafo<\/strong><\/td><td>Adobe Lightroom, Photoshop<\/td><td>Capture One, Affinity Photo, Photo Mechanic<\/td><\/tr><\/tbody><\/table><\/figure>\n\n\n\n<hr class=\"wp-block-separator has-alpha-channel-opacity\"\/>\n\n\n\n<h3 class=\"wp-block-heading\">\u00bfNecesitas ayuda con tu curr\u00edculum?<\/h3>\n\n\n\n<p>Nuestro creador de curr\u00edculums con IA en <a href=\"https:\/\/ai.stylingcv.com\/ai-generatorsignup?utm_source=stylingcv&utm_medium=website&utm_campaign=cta&utm_content=creative-industry-resume\" target=\"_blank\" rel=\"noopener\">StylingCV AI<\/a> puede ayudarte a crear un curr\u00edculum profesional optimizado para ATS en minutos. \u00a1Empieza hoy mismo!<\/p>\n\n\n\n<div class=\"wp-block-buttons is-layout-flex wp-block-buttons-is-layout-flex\">\n\n<div class=\"wp-block-button cta-button\"><a class=\"wp-block-button__link has-primary-background-color has-background wp-element-button\" href=\"https:\/\/ai.stylingcv.com\/ai-generatorsignup?utm_source=stylingcv&utm_medium=website&utm_campaign=cta&utm_content=creative-industry-resume\" target=\"_blank\" rel=\"noopener\">Prueba StylingCV AI gratis \u2192<\/a><\/div>\n\n\n\n\n<p>\ud83d\udc49 <a href=\"https:\/\/stylingcv.com\/guides\/\">gu\u00edas para escribir curr\u00edculums<\/a><\/p>\n\n<p>\ud83d\udc49 <a href=\"https:\/\/stylingcv.com\/resume-templates\/\">plantillas de curr\u00edculum 2026<\/a><\/p>\n\n<p><strong>\ud83d\udca1 Consejo Pro:<\/strong> StylingCV no es solo un creador de curr\u00edculums \u2014 es un creador inteligente con IA que piensa. <a href=\"https:\/\/stylingcv.com\/resume-builder\/\">Creador de curr\u00edculums con IA optimizado para ATS<\/a> en menos de 2 minutos.<\/p>\n<\/div>\n\n\n\n<h2 class=\"wp-block-heading\">Secci\u00f3n ampliada de preguntas frecuentes<\/h2>\n\n\n\n<h3 class=\"wp-block-heading\">\u00bfQu\u00e9 tan importante es el ATS para curr\u00edculums creativos y c\u00f3mo puedo optimizar el m\u00edo?<\/h3>\n\n\n\n<p>Los sistemas de seguimiento de candidatos (ATS) son cada vez m\u00e1s comunes en todos los sectores, incluidos los creativos. Mientras que<!-- stylingcv-hub-links --><div class=\"stylingcv-related-resources\" style=\"margin-top:30px;padding:20px;background:#f8f9fa;border-left:4px solid #1abc9c;border-radius:4px;\"><h3 style=\"margin-top:0;color:#2c3e50;\">Explora m\u00e1s recursos<\/h3><ul style=\"list-style:none;padding:0;\"><li><a href=\"https:\/\/stylingcv.com\/resume-builder\/\">Creador de curr\u00edculums<\/a> &mdash; Tu gu\u00eda completa<\/li><li><a href=\"https:\/\/stylingcv.com\/how-do-i-list-volunteer-experience-on-my-resume-and-make-it-shine\/\">\u00bfC\u00f3mo incluyo experiencia de voluntariado en mi curr\u00edculum? (y<\/a><\/li><li><a href=\"https:\/\/stylingcv.com\/hobbies-interests-resume\/\">\u00bfDebo incluir hobbies e intereses en mi curr\u00edculum?<\/a><\/li><li><a href=\"https:\/\/stylingcv.com\/gpa-on-resume-2\/\">\u00bfDebo incluir mi GPA en el curr\u00edculum?<\/a><\/li><\/ul><p style=\"margin-bottom:0;font-size:14px;color:#7f8c8d;\">No solo un creador de curr\u00edculums \u2014 un creador inteligente con IA que piensa. <a href=\"https:\/\/stylingcv.com\/resume-builder\/\" style=\"color:#1abc9c;font-weight:bold;\">Crea tu curr\u00edculum en menos de 2 minutos &rarr;<\/a><\/p><\/div><!-- \/stylingcv-hub-links --><style>.entry-content a[href*=\"ai.stylingcv.com\"]:not(.scv-exit-cta){transition:transform 0.2s ease,box-shadow 0.2s ease}.entry-content a[href*=\"ai.stylingcv.com\"]:not(.scv-exit-cta):hover{transform:translateY(-2px);box-shadow:0 4px 12px rgba(38,133,153,0.25)}<\/style>","protected":false},"excerpt":{"rendered":"<p>Crea un curr\u00edculum destacado para industrias creativas. Equilibra el estilo art\u00edstico con un formato profesional para carreras en dise\u00f1o, medios y arte.<\/p>\n","protected":false},"author":0,"featured_media":0,"parent":0,"menu_order":0,"comment_status":"closed","ping_status":"closed","template":"","meta":{"footnotes":""},"class_list":["post-801","page","type-page","status-publish","hentry"," c-blog-1-item  nt-post-class"],"yoast_head":"<!-- This site is optimized with the Yoast SEO Premium plugin v26.5 (Yoast SEO v26.5) - https:\/\/yoast.com\/wordpress\/plugins\/seo\/ -->\n<title>Consejos para curr\u00edculums en industrias creativas |<\/title>\n<meta name=\"description\" content=\"Categor\u00eda: Preguntas frecuentes sobre curr\u00edculums. \u00bfCu\u00e1les son los mejores consejos para curr\u00edculums en industrias creativas?\" \/>\n<meta name=\"robots\" content=\"index, follow, max-snippet:-1, max-image-preview:large, max-video-preview:-1\" \/>\n<link rel=\"canonical\" href=\"https:\/\/stylingcv.com\/es\/creative-industry-resume\/\" \/>\n<meta property=\"og:locale\" content=\"en_US\" \/>\n<meta property=\"og:type\" content=\"article\" \/>\n<meta property=\"og:title\" content=\"\u00bfCu\u00e1les son los mejores consejos para curr\u00edculums en industrias creativas?\" \/>\n<meta property=\"og:description\" content=\"Categor\u00eda: Preguntas frecuentes sobre curr\u00edculums. \u00bfCu\u00e1les son los mejores consejos para curr\u00edculums en industrias creativas?\" \/>\n<meta property=\"og:url\" content=\"https:\/\/stylingcv.com\/es\/creative-industry-resume\/\" \/>\n<meta property=\"og:site_name\" content=\"StylingCV - Espa\u00f1ol\" \/>\n<meta name=\"twitter:card\" content=\"summary_large_image\" \/>\n<meta name=\"twitter:label1\" content=\"Est. reading time\" \/>\n\t<meta name=\"twitter:data1\" content=\"10 minutes\" \/>\n<script type=\"application\/ld+json\" class=\"yoast-schema-graph\">{\"@context\":\"https:\/\/schema.org\",\"@graph\":[{\"@type\":\"WebPage\",\"@id\":\"https:\/\/wp.stylingcv.com\/es\/creative-industry-resume\/\",\"url\":\"https:\/\/wp.stylingcv.com\/es\/creative-industry-resume\/\",\"name\":\"Consejos para curr\u00edculums en industrias creativas |\",\"isPartOf\":{\"@id\":\"https:\/\/wp.stylingcv.com\/es\/#website\"},\"datePublished\":\"2026-02-25T03:44:07+00:00\",\"description\":\"Categor\u00eda: Preguntas frecuentes sobre curr\u00edculums. \u00bfCu\u00e1les son los mejores consejos para curr\u00edculums en industrias creativas?\",\"breadcrumb\":{\"@id\":\"https:\/\/wp.stylingcv.com\/es\/creative-industry-resume\/#breadcrumb\"},\"inLanguage\":\"en-US\",\"potentialAction\":[{\"@type\":\"ReadAction\",\"target\":[\"https:\/\/wp.stylingcv.com\/es\/creative-industry-resume\/\"]}]},{\"@type\":\"BreadcrumbList\",\"@id\":\"https:\/\/wp.stylingcv.com\/es\/creative-industry-resume\/#breadcrumb\",\"itemListElement\":[{\"@type\":\"ListItem\",\"position\":1,\"name\":\"Home\",\"item\":\"https:\/\/wp.stylingcv.com\/es\/\"},{\"@type\":\"ListItem\",\"position\":2,\"name\":\"\u00bfCu\u00e1les son los mejores consejos para curr\u00edculums en industrias creativas?\"}]},{\"@type\":\"WebSite\",\"@id\":\"https:\/\/wp.stylingcv.com\/es\/#website\",\"url\":\"https:\/\/wp.stylingcv.com\/es\/\",\"name\":\"StylingCV - Espa\u00f1ol\",\"description\":\"\",\"potentialAction\":[{\"@type\":\"SearchAction\",\"target\":{\"@type\":\"EntryPoint\",\"urlTemplate\":\"https:\/\/wp.stylingcv.com\/es\/?s={search_term_string}\"},\"query-input\":{\"@type\":\"PropertyValueSpecification\",\"valueRequired\":true,\"valueName\":\"search_term_string\"}}],\"inLanguage\":\"en-US\"}]}<\/script>\n<!-- \/ Yoast SEO Premium plugin. -->","yoast_head_json":{"title":"Consejos para curr\u00edculums en industrias creativas |","description":"Categor\u00eda: Preguntas frecuentes sobre curr\u00edculums. \u00bfCu\u00e1les son los mejores consejos para curr\u00edculums en industrias creativas?","robots":{"index":"index","follow":"follow","max-snippet":"max-snippet:-1","max-image-preview":"max-image-preview:large","max-video-preview":"max-video-preview:-1"},"canonical":"https:\/\/stylingcv.com\/es\/creative-industry-resume\/","og_locale":"en_US","og_type":"article","og_title":"\u00bfCu\u00e1les son los mejores consejos para curr\u00edculums en industrias creativas?","og_description":"Categor\u00eda: Preguntas frecuentes sobre curr\u00edculums. \u00bfCu\u00e1les son los mejores consejos para curr\u00edculums en industrias creativas?","og_url":"https:\/\/stylingcv.com\/es\/creative-industry-resume\/","og_site_name":"StylingCV - Espa\u00f1ol","twitter_card":"summary_large_image","twitter_misc":{"Est. reading time":"10 minutes"},"schema":{"@context":"https:\/\/schema.org","@graph":[{"@type":"WebPage","@id":"https:\/\/wp.stylingcv.com\/es\/creative-industry-resume\/","url":"https:\/\/wp.stylingcv.com\/es\/creative-industry-resume\/","name":"Consejos para curr\u00edculums en industrias creativas |","isPartOf":{"@id":"https:\/\/wp.stylingcv.com\/es\/#website"},"datePublished":"2026-02-25T03:44:07+00:00","description":"Categor\u00eda: Preguntas frecuentes sobre curr\u00edculums. \u00bfCu\u00e1les son los mejores consejos para curr\u00edculums en industrias creativas?","breadcrumb":{"@id":"https:\/\/wp.stylingcv.com\/es\/creative-industry-resume\/#breadcrumb"},"inLanguage":"en-US","potentialAction":[{"@type":"ReadAction","target":["https:\/\/wp.stylingcv.com\/es\/creative-industry-resume\/"]}]},{"@type":"BreadcrumbList","@id":"https:\/\/wp.stylingcv.com\/es\/creative-industry-resume\/#breadcrumb","itemListElement":[{"@type":"ListItem","position":1,"name":"Home","item":"https:\/\/wp.stylingcv.com\/es\/"},{"@type":"ListItem","position":2,"name":"\u00bfCu\u00e1les son los mejores consejos para curr\u00edculums en industrias creativas?"}]},{"@type":"WebSite","@id":"https:\/\/wp.stylingcv.com\/es\/#website","url":"https:\/\/wp.stylingcv.com\/es\/","name":"StylingCV - Espa\u00f1ol","description":"","potentialAction":[{"@type":"SearchAction","target":{"@type":"EntryPoint","urlTemplate":"https:\/\/wp.stylingcv.com\/es\/?s={search_term_string}"},"query-input":{"@type":"PropertyValueSpecification","valueRequired":true,"valueName":"search_term_string"}}],"inLanguage":"en-US"}]}},"_links":{"self":[{"href":"https:\/\/wp.stylingcv.com\/es\/wp-json\/wp\/v2\/pages\/801","targetHints":{"allow":["GET"]}}],"collection":[{"href":"https:\/\/wp.stylingcv.com\/es\/wp-json\/wp\/v2\/pages"}],"about":[{"href":"https:\/\/wp.stylingcv.com\/es\/wp-json\/wp\/v2\/types\/page"}],"replies":[{"embeddable":true,"href":"https:\/\/wp.stylingcv.com\/es\/wp-json\/wp\/v2\/comments?post=801"}],"version-history":[{"count":0,"href":"https:\/\/wp.stylingcv.com\/es\/wp-json\/wp\/v2\/pages\/801\/revisions"}],"wp:attachment":[{"href":"https:\/\/wp.stylingcv.com\/es\/wp-json\/wp\/v2\/media?parent=801"}],"curies":[{"name":"wp","href":"https:\/\/api.w.org\/{rel}","templated":true}]}}