{"id":800,"date":"2026-02-25T03:44:05","date_gmt":"2026-02-25T03:44:05","guid":{"rendered":"https:\/\/stylingcv.com\/es\/curriculum-industria-salud\/"},"modified":"2026-02-25T03:44:05","modified_gmt":"2026-02-25T03:44:05","slug":"healthcare-resume-guide","status":"publish","type":"page","link":"https:\/\/wp.stylingcv.com\/es\/healthcare-resume-guide\/","title":{"rendered":"\u00bfC\u00f3mo escribo un curr\u00edculum para la industria de la salud?"},"content":{"rendered":"\n<p class=\"faq-category\"><strong>Categor\u00eda:<\/strong> Preguntas frecuentes sobre redacci\u00f3n de curr\u00edculums<\/p>\n\n\n\n<h2 class=\"wp-block-heading\">\u00bfC\u00f3mo escribo un curr\u00edculum para la industria de la salud?<\/h2>\n\n\n\n<p>Los curr\u00edculums para el sector salud requieren credenciales espec\u00edficas, certificaciones y un enfoque en la atenci\u00f3n al paciente. Estructura: Comienza con licencias y certificaciones de manera destacada en la parte superior, despu\u00e9s de tu informaci\u00f3n de contacto; estos son requisitos imprescindibles. Incluye: n\u00fameros de licencia de RN\/LPN y estados, certificaciones de especialidad (ACLS, PALS, etc.), n\u00famero DEA si corresponde, certificaciones de junta, fechas de vencimiento. Resumen profesional: Destaca a\u00f1os de experiencia, especialidades (UCI, urgencias, pediatr\u00eda, etc.), poblaciones de pacientes atendidas y habilidades cl\u00ednicas clave. Usa palabras clave espec\u00edficas del sector salud: atenci\u00f3n al paciente, sistemas EMR\/EHR (Epic, Cerner, etc.), protocolos cl\u00ednicos, seguridad del paciente, m\u00e9tricas de calidad, colaboraci\u00f3n interdisciplinaria, pr\u00e1ctica basada en evidencia. Cuantifica la atenci\u00f3n al paciente: n\u00famero de pacientes atendidos diariamente, proporci\u00f3n de camas, tama\u00f1o de la unidad. Secci\u00f3n de experiencia: Utiliza terminolog\u00eda cl\u00ednica apropiada, destaca especialidades y procedimientos en los que eres competente, menciona poblaciones espec\u00edficas (geri\u00e1trica, neonatal, etc.), incluye experiencia en docencia o tutor\u00eda, muestra iniciativas de mejora de calidad y resultados. Educaci\u00f3n: Enumera t\u00edtulos, rotaciones cl\u00ednicas, educaci\u00f3n continua relevante. En salud se valora mucho la educaci\u00f3n continua; incluye cursos recientes. Adapta seg\u00fan el entorno: Los puestos hospitalarios enfatizan la atenci\u00f3n aguda y el entorno acelerado; los roles en cl\u00ednicas destacan la educaci\u00f3n al paciente y el manejo de enfermedades cr\u00f3nicas; los roles administrativos requieren experiencia en gesti\u00f3n y cumplimiento normativo. Siempre incluye palabras clave como cumplimiento HIPAA, atenci\u00f3n centrada en el paciente, equipos interdisciplinarios.<\/p>\n\n\n\n<hr class=\"wp-block-separator has-alpha-channel-opacity\" \/>\n\n\n\n<h3 class=\"wp-block-heading\">\u00bfNecesitas ayuda con tu curr\u00edculum?<\/h3>\n\n\n\n<p>Nuestro creador de curr\u00edculums con IA en <a href=\"https:\/\/ai.stylingcv.com\/ai-generatorsignup?utm_source=stylingcv&utm_medium=website&utm_campaign=cta&utm_content=healthcare-resume-guide\" target=\"_blank\" rel=\"noopener\">StylingCV AI<\/a> puede ayudarte a crear un curr\u00edculum profesional optimizado para ATS en minutos. \u00a1Empieza hoy!<\/p>\n\n\n\n<div class=\"wp-block-buttons is-layout-flex wp-block-buttons-is-layout-flex\">\n\n<div class=\"wp-block-button cta-button\"><a class=\"wp-block-button__link has-primary-background-color has-background wp-element-button\" href=\"https:\/\/ai.stylingcv.com\/ai-generatorsignup?utm_source=stylingcv&utm_medium=website&utm_campaign=cta&utm_content=healthcare-resume-guide\" target=\"_blank\" rel=\"noopener\">Prueba StylingCV AI Gratis \u2192<\/a><\/div>\n\n\n\n\n<p>\ud83d\udc49 <a href=\"https:\/\/stylingcv.com\/guides\/\">gu\u00edas de carrera<\/a><\/p>\n\n<p>\ud83d\udc49 <a href=\"https:\/\/stylingcv.com\/resume-templates\/\">ver plantillas de curr\u00edculum<\/a><\/p>\n\n<p><strong>\ud83d\udca1 Consejo profesional:<\/strong> StylingCV no es solo un creador de curr\u00edculums \u2014 es un creador inteligente con IA que piensa. <a href=\"https:\/\/stylingcv.com\/resume-builder\/\">crea un curr\u00edculum profesional en menos de 2 minutos<\/a>.<\/p>\n<\/div>\n\n\n\n\n{\n  &#8220;@context&#8221;: &#8220;https:\/\/schema.org&#8221;,\n  &#8220;@type&#8221;: &#8220;FAQPage&#8221;,\n  &#8220;mainEntity&#8221;: [{\n    &#8220;@type&#8221;: &#8220;Question&#8221;,\n    &#8220;name&#8221;: &#8220;How do I write a resume for the healthcare industry?&#8221;,\n    &#8220;acceptedAnswer&#8221;: {\n      &#8220;@type&#8221;: &#8220;Answer&#8221;,\n      &#8220;text&#8221;: &#8220;Healthcare resumes require specific credentials, certifications, and patient care focus. Structure: Start with licenses and certifications prominently at the top after your contact info &#8211; these are deal-breakers. Include: RN\/LPN license numbers and states, specialty certifications (ACLS, PALS, etc.), DEA number if applicable, Board certifications, expiration dates. Professional summary: Emphasize years of experience, specialties (ICU, ER, pediatrics, etc.), patient populations served, and key clinical skills. Use healthcare-specific keywords: patient care, EMR\/EHR systems (Epic, Cerner, etc.), clinical protocols, patient safety, quality metrics, interdisciplinary collaboration, evidence-based practice. Quantify patient care: number of patients served daily, bed ratios, unit size. Experience section: Use clinical terminology appropriately, highlight specialties and procedures you&#8217;re proficient in, mention specific populations (geriatric, neonatal, etc.), include any teaching or precepting experience, showcase quality improvement initiatives and outcomes. Education: List degrees, clinical rotations, relevant continuing education. Healthcare loves continuing ed &#8211; include recent courses. Tailor to setting: Hospital positions emphasize acute care and fast-paced environment; clinic roles stress patient education and chronic disease management; administrative roles need management and regulatory compliance experience. Always include keywords like HIPAA compliance, patient-centered care, interdisciplinary teams.&#8221;\n    }\n  }]\n}\n\n\n\n\n<p class=\"faq-keywords\"><small><strong>Relacionado:<\/strong> curr\u00edculum de salud, curr\u00edculum de enfermer\u00eda, curr\u00edculum m\u00e9dico, curr\u00edculum cl\u00ednico, empleos en salud<\/small><\/p>\n<!-- stylingcv-hub-links --><div class=\"stylingcv-related-resources\" style=\"margin-top:30px;padding:20px;background:#f8f9fa;border-left:4px solid #1abc9c;border-radius:4px\"><h3 style=\"margin-top:0;color:#2c3e50\">Explora m\u00e1s recursos<\/h3><ul style=\"padding:0\"><li><a href=\"https:\/\/stylingcv.com\/resume-examples\/\">Ejemplos de curr\u00edculum<\/a> &mdash; Tu gu\u00eda completa<\/li><li><a href=\"https:\/\/stylingcv.com\/product-manager\/\">Ejemplo de curr\u00edculum de Product Manager<\/a><\/li><li><a href=\"https:\/\/stylingcv.com\/import-export-specialist\/\">Ejemplo de curr\u00edculum de Especialista en Importaci\u00f3n\/Exportaci\u00f3n<\/a><\/li><li><a href=\"https:\/\/stylingcv.com\/solutions-architect\/\">Ejemplo de curr\u00edculum de Arquitecto de Soluciones<\/a><\/li><\/ul><p style=\"margin-bottom:0;font-size:14px;color:#7f8c8d\">No solo un creador de curr\u00edculums &mdash; un creador inteligente con IA que piensa. <a href=\"https:\/\/stylingcv.com\/resume-builder\/\" style=\"color:#1abc9c;font-weight:bold\">Crea tu curr\u00edculum en menos de 2 minutos &rarr;<\/a><\/p><\/div><!-- \/stylingcv-hub-links -->\n\n<p>\u00bfListo para crear el tuyo? Usa nuestro <a href=\"\/resume-builder\">creador de curr\u00edculums con IA<\/a>, explora <a href=\"\/resume-templates\">plantillas de curr\u00edculum<\/a>, <a href=\"\/ats-resume-checker\">verifica tu puntuaci\u00f3n ATS<\/a> o consulta todos los <a href=\"\/resume-examples\">ejemplos de curr\u00edculum<\/a>.<\/p>\n\n<style>.entry-content a[href*=\"ai.stylingcv.com\"]:not(.scv-exit-cta){transition:transform 0.2s ease,box-shadow 0.2s ease}.entry-content a[href*=\"ai.stylingcv.com\"]:not(.scv-exit-cta):hover{transform:translateY(-2px);box-shadow:0 4px 12px rgba(38,133,153,0.25)}<\/style>","protected":false},"excerpt":{"rendered":"<p>Redacta un curr\u00edculum atractivo para carreras m\u00e9dicas. Destaca habilidades cl\u00ednicas, certificaciones y experiencia en atenci\u00f3n al paciente de manera efectiva.<\/p>\n","protected":false},"author":0,"featured_media":0,"parent":0,"menu_order":0,"comment_status":"closed","ping_status":"closed","template":"","meta":{"footnotes":""},"class_list":["post-800","page","type-page","status-publish","hentry"," c-blog-1-item  nt-post-class"],"yoast_head":"<!-- This site is optimized with the Yoast SEO Premium plugin v26.5 (Yoast SEO v26.5) - https:\/\/yoast.com\/wordpress\/plugins\/seo\/ -->\n<title>Gu\u00eda de curr\u00edculum para salud: Carreras m\u00e9dicas | StylingCV<\/title>\n<meta name=\"description\" content=\"Categor\u00eda: Preguntas frecuentes sobre curr\u00edculum \u00bfC\u00f3mo escribo un curr\u00edculum para la industria de la salud?\" \/>\n<meta name=\"robots\" content=\"index, follow, max-snippet:-1, max-image-preview:large, max-video-preview:-1\" \/>\n<link rel=\"canonical\" href=\"https:\/\/stylingcv.com\/es\/healthcare-resume-guide\/\" \/>\n<meta property=\"og:locale\" content=\"en_US\" \/>\n<meta property=\"og:type\" content=\"article\" \/>\n<meta property=\"og:title\" content=\"\u00bfC\u00f3mo escribo un curr\u00edculum para la industria de la salud?\" \/>\n<meta property=\"og:description\" content=\"Categor\u00eda: Preguntas frecuentes sobre curr\u00edculum \u00bfC\u00f3mo escribo un curr\u00edculum para la industria de la salud?\" \/>\n<meta property=\"og:url\" content=\"https:\/\/stylingcv.com\/es\/healthcare-resume-guide\/\" \/>\n<meta property=\"og:site_name\" content=\"StylingCV - Espa\u00f1ol\" \/>\n<meta name=\"twitter:card\" content=\"summary_large_image\" \/>\n<meta name=\"twitter:label1\" content=\"Est. reading time\" \/>\n\t<meta name=\"twitter:data1\" content=\"3 minutes\" \/>\n<script type=\"application\/ld+json\" class=\"yoast-schema-graph\">{\"@context\":\"https:\/\/schema.org\",\"@graph\":[{\"@type\":\"WebPage\",\"@id\":\"https:\/\/wp.stylingcv.com\/es\/healthcare-resume-guide\/\",\"url\":\"https:\/\/wp.stylingcv.com\/es\/healthcare-resume-guide\/\",\"name\":\"Gu\u00eda de curr\u00edculum para salud: Carreras m\u00e9dicas | StylingCV\",\"isPartOf\":{\"@id\":\"https:\/\/wp.stylingcv.com\/es\/#website\"},\"datePublished\":\"2026-02-25T03:44:05+00:00\",\"description\":\"Categor\u00eda: Preguntas frecuentes sobre curr\u00edculum \u00bfC\u00f3mo escribo un curr\u00edculum para la industria de la salud?\",\"breadcrumb\":{\"@id\":\"https:\/\/wp.stylingcv.com\/es\/healthcare-resume-guide\/#breadcrumb\"},\"inLanguage\":\"en-US\",\"potentialAction\":[{\"@type\":\"ReadAction\",\"target\":[\"https:\/\/wp.stylingcv.com\/es\/healthcare-resume-guide\/\"]}]},{\"@type\":\"BreadcrumbList\",\"@id\":\"https:\/\/wp.stylingcv.com\/es\/healthcare-resume-guide\/#breadcrumb\",\"itemListElement\":[{\"@type\":\"ListItem\",\"position\":1,\"name\":\"Home\",\"item\":\"https:\/\/wp.stylingcv.com\/es\/\"},{\"@type\":\"ListItem\",\"position\":2,\"name\":\"\u00bfC\u00f3mo escribo un curr\u00edculum para la industria de la salud?\"}]},{\"@type\":\"WebSite\",\"@id\":\"https:\/\/wp.stylingcv.com\/es\/#website\",\"url\":\"https:\/\/wp.stylingcv.com\/es\/\",\"name\":\"StylingCV - Espa\u00f1ol\",\"description\":\"\",\"potentialAction\":[{\"@type\":\"SearchAction\",\"target\":{\"@type\":\"EntryPoint\",\"urlTemplate\":\"https:\/\/wp.stylingcv.com\/es\/?s={search_term_string}\"},\"query-input\":{\"@type\":\"PropertyValueSpecification\",\"valueRequired\":true,\"valueName\":\"search_term_string\"}}],\"inLanguage\":\"en-US\"}]}<\/script>\n<!-- \/ Yoast SEO Premium plugin. -->","yoast_head_json":{"title":"Gu\u00eda de curr\u00edculum para salud: Carreras m\u00e9dicas | StylingCV","description":"Categor\u00eda: Preguntas frecuentes sobre curr\u00edculum \u00bfC\u00f3mo escribo un curr\u00edculum para la industria de la salud?","robots":{"index":"index","follow":"follow","max-snippet":"max-snippet:-1","max-image-preview":"max-image-preview:large","max-video-preview":"max-video-preview:-1"},"canonical":"https:\/\/stylingcv.com\/es\/healthcare-resume-guide\/","og_locale":"en_US","og_type":"article","og_title":"\u00bfC\u00f3mo escribo un curr\u00edculum para la industria de la salud?","og_description":"Categor\u00eda: Preguntas frecuentes sobre curr\u00edculum \u00bfC\u00f3mo escribo un curr\u00edculum para la industria de la salud?","og_url":"https:\/\/stylingcv.com\/es\/healthcare-resume-guide\/","og_site_name":"StylingCV - Espa\u00f1ol","twitter_card":"summary_large_image","twitter_misc":{"Est. reading time":"3 minutes"},"schema":{"@context":"https:\/\/schema.org","@graph":[{"@type":"WebPage","@id":"https:\/\/wp.stylingcv.com\/es\/healthcare-resume-guide\/","url":"https:\/\/wp.stylingcv.com\/es\/healthcare-resume-guide\/","name":"Gu\u00eda de curr\u00edculum para salud: Carreras m\u00e9dicas | StylingCV","isPartOf":{"@id":"https:\/\/wp.stylingcv.com\/es\/#website"},"datePublished":"2026-02-25T03:44:05+00:00","description":"Categor\u00eda: Preguntas frecuentes sobre curr\u00edculum \u00bfC\u00f3mo escribo un curr\u00edculum para la industria de la salud?","breadcrumb":{"@id":"https:\/\/wp.stylingcv.com\/es\/healthcare-resume-guide\/#breadcrumb"},"inLanguage":"en-US","potentialAction":[{"@type":"ReadAction","target":["https:\/\/wp.stylingcv.com\/es\/healthcare-resume-guide\/"]}]},{"@type":"BreadcrumbList","@id":"https:\/\/wp.stylingcv.com\/es\/healthcare-resume-guide\/#breadcrumb","itemListElement":[{"@type":"ListItem","position":1,"name":"Home","item":"https:\/\/wp.stylingcv.com\/es\/"},{"@type":"ListItem","position":2,"name":"\u00bfC\u00f3mo escribo un curr\u00edculum para la industria de la salud?"}]},{"@type":"WebSite","@id":"https:\/\/wp.stylingcv.com\/es\/#website","url":"https:\/\/wp.stylingcv.com\/es\/","name":"StylingCV - Espa\u00f1ol","description":"","potentialAction":[{"@type":"SearchAction","target":{"@type":"EntryPoint","urlTemplate":"https:\/\/wp.stylingcv.com\/es\/?s={search_term_string}"},"query-input":{"@type":"PropertyValueSpecification","valueRequired":true,"valueName":"search_term_string"}}],"inLanguage":"en-US"}]}},"_links":{"self":[{"href":"https:\/\/wp.stylingcv.com\/es\/wp-json\/wp\/v2\/pages\/800","targetHints":{"allow":["GET"]}}],"collection":[{"href":"https:\/\/wp.stylingcv.com\/es\/wp-json\/wp\/v2\/pages"}],"about":[{"href":"https:\/\/wp.stylingcv.com\/es\/wp-json\/wp\/v2\/types\/page"}],"replies":[{"embeddable":true,"href":"https:\/\/wp.stylingcv.com\/es\/wp-json\/wp\/v2\/comments?post=800"}],"version-history":[{"count":0,"href":"https:\/\/wp.stylingcv.com\/es\/wp-json\/wp\/v2\/pages\/800\/revisions"}],"wp:attachment":[{"href":"https:\/\/wp.stylingcv.com\/es\/wp-json\/wp\/v2\/media?parent=800"}],"curies":[{"name":"wp","href":"https:\/\/api.w.org\/{rel}","templated":true}]}}