{"id":791,"date":"2026-02-25T03:43:45","date_gmt":"2026-02-25T03:43:45","guid":{"rendered":"https:\/\/stylingcv.com\/es\/senales-alerta-curriculum-reclutadores\/"},"modified":"2026-02-25T03:43:45","modified_gmt":"2026-02-25T03:43:45","slug":"resume-red-flags","status":"publish","type":"page","link":"https:\/\/wp.stylingcv.com\/es\/resume-red-flags\/","title":{"rendered":"\u00bfCu\u00e1les son las se\u00f1ales de alerta que buscan los reclutadores en los curr\u00edculums?"},"content":{"rendered":"\n<p class=\"faq-category\"><strong>Categor\u00eda:<\/strong> Preguntas frecuentes sobre redacci\u00f3n de curr\u00edculums<\/p>\n\n\n\n<h2 class=\"wp-block-heading\">\u00bfCu\u00e1les son las se\u00f1ales de alerta que buscan los reclutadores en los curr\u00edculums?<\/h2>\n\n\n\n<p>Los reclutadores revisan los curr\u00edculums en 6-10 segundos, buscando se\u00f1ales de alerta que provocan un rechazo inmediato. Principales se\u00f1ales de alerta: Vac\u00edos laborales sin explicaci\u00f3n de m\u00e1s de 6 meses, Cambios frecuentes de trabajo (varios empleos de menos de 1 a\u00f1o), Errores ortogr\u00e1ficos y gramaticales (sugiere descuido), Direcci\u00f3n de correo electr\u00f3nico poco profesional, Falta de logros espec\u00edficos o resultados cuantificables, Curr\u00edculum demasiado extenso (m\u00e1s de 3 p\u00e1ginas para puestos no acad\u00e9micos), Experiencia laboral irrelevante que no coincide con el puesto, Formato inconsistente o errores evidentes de plantilla, Fechas faltantes o periodos vagos, Objetivos gen\u00e9ricos, Afirmaciones que parecen demasiado buenas para ser verdad o palabras de moda sin contenido, Habilidades o tecnolog\u00edas desactualizadas, Curr\u00edculum que parece copiado y pegado con nombres de empresas o detalles incorrectos, Sobrecalificaci\u00f3n sin explicaci\u00f3n, Vac\u00edos entre la finalizaci\u00f3n de estudios y el primer empleo sin explicaci\u00f3n, Referencias a edad, estado civil, foto (en EE. UU.), M\u00faltiples correos electr\u00f3nicos o n\u00fameros de tel\u00e9fono, Nombre de archivo poco profesional (&#8216;resume.pdf&#8217; en lugar de &#8216;NombreApellido_Resume.pdf&#8217;). Se\u00f1ales de alerta menos obvias: Descenso en t\u00edtulos o responsabilidades, Demasiados logros para el nivel del puesto (exageraci\u00f3n), Sin perfil de LinkedIn o grandes discrepancias entre el curr\u00edculum y LinkedIn, Habilidades listadas que no aparecen en las descripciones reales de los puestos, Educaci\u00f3n mencionada pero no finalizada sin aclarar que est\u00e1 incompleta. Evita estos errores y pasar\u00e1s la primera revisi\u00f3n.<\/p>\n\n\n\n<hr class=\"wp-block-separator has-alpha-channel-opacity\"\/>\n\n\n\n<h3 class=\"wp-block-heading\">\u00bfNecesitas ayuda con tu curr\u00edculum?<\/h3>\n\n\n\n<p>Nuestro creador de curr\u00edculums impulsado por IA en <a href=\"https:\/\/ai.stylingcv.com\/ai-generatorsignup?utm_source=stylingcv&utm_medium=website&utm_campaign=cta&utm_content=resume-red-flags\" target=\"_blank\" rel=\"noopener\">StylingCV AI<\/a> puede ayudarte a crear un curr\u00edculum profesional optimizado para ATS en minutos. \u00a1Empieza hoy!<\/p>\n\n\n\n<div class=\"wp-block-buttons is-layout-flex wp-block-buttons-is-layout-flex\">\n\n<div class=\"wp-block-button cta-button\"><a class=\"wp-block-button__link has-primary-background-color has-background wp-element-button\" href=\"https:\/\/ai.stylingcv.com\/ai-generatorsignup?utm_source=stylingcv&utm_medium=website&utm_campaign=cta&utm_content=resume-red-flags\" target=\"_blank\" rel=\"noopener\">Prueba StylingCV AI Gratis \u2192<\/a><\/div>\n\n\n\n\n<p>\ud83d\udc49 <a href=\"https:\/\/stylingcv.com\/guides\/\">aprende c\u00f3mo escribir un curr\u00edculum<\/a><\/p>\n\n<p>\ud83d\udc49 <a href=\"https:\/\/stylingcv.com\/resume-templates\/\">plantillas de curr\u00edculum<\/a><\/p>\n\n<p><strong>\ud83d\udca1 Consejo profesional:<\/strong> StylingCV no es solo un creador de curr\u00edculums \u2014 es un creador inteligente con IA que piensa. <a href=\"https:\/\/stylingcv.com\/resume-builder\/\">Creador de curr\u00edculums con IA y 11 agentes inteligentes<\/a> en menos de 2 minutos.<\/p>\n<\/div>\n\n\n\n<script type=\"application\/ld+json\">\n{\n  \"@context\": \"https:\/\/schema.org\",\n  \"@type\": \"FAQPage\",\n  \"mainEntity\": [{\n    \"@type\": \"Question\",\n    \"name\": \"What are the red flags recruiters look for on resumes?\",\n    \"acceptedAnswer\": {\n      \"@type\": \"Answer\",\n      \"text\": \"Recruiters screen resumes in 6-10 seconds, looking for red flags that trigger immediate rejection. Major red flags: Unexplained employment gaps of 6+ months, Frequent job hopping (multiple jobs lasting less than 1 year), Typos and grammatical errors (suggests carelessness), Unprofessional email address, Lack of specific achievements or quantifiable results, Overly long resume (3+ pages for non-academic roles), Irrelevant work experience that doesn't match the role, Inconsistent formatting or obvious template errors, Missing dates or vague timeframes, Generic objective statements, Claims that sound too good to be true or vague buzzwords without substance, Outdated skills or technologies, Resume that looks copy-pasted with wrong company names or details, Overqualification without explanation, Gaps between degree completion and first job with no explanation, References to age, marital status, photo (in US), Multiple email addresses or phone numbers, Poor file naming ('resume.pdf' instead of 'FirstLast_Resume.pdf'). Less obvious red flags: Declining job titles or responsibilities, Too many accomplishments for position level (overselling), No LinkedIn profile or major discrepancies between resume and LinkedIn, Listed skills that don't appear in actual job descriptions, Education listed but not completed without noting incomplete. Avoid these and you'll pass the initial screen.\"\n    }\n  }]\n}\n<\/script>\n\n\n\n<p class=\"faq-keywords\"><small><strong>Relacionado:<\/strong> se\u00f1ales de alerta, errores en curr\u00edculums, revisi\u00f3n de reclutadores, errores de postulaci\u00f3n, motivos de rechazo<\/small><\/p>\n<!-- stylingcv-hub-links --><div class=\"stylingcv-related-resources\" style=\"margin-top:30px;padding:20px;background:#f8f9fa;border-left:4px solid #1abc9c;border-radius:4px;\"><h3 style=\"margin-top:0;color:#2c3e50;\">Explora m\u00e1s recursos<\/h3><ul style=\"list-style:none;padding:0;\"><li><a href=\"https:\/\/stylingcv.com\/resume-builder\/\">Creador de curr\u00edculums<\/a> &mdash; Tu gu\u00eda completa<\/li><li><a href=\"https:\/\/stylingcv.com\/career-change-resume-tips-2\/\">\u00bfC\u00f3mo hago un curr\u00edculum para cambiar de carrera si mi exp&#8230;<\/a><\/li><li><a href=\"https:\/\/stylingcv.com\/how-long-should-a-cv-be-the-answer-depends-on-your-career-level\/\">\u00bfCu\u00e1nto debe durar un CV? La respuesta depende de tu nivel<\/a><\/li><li><a href=\"https:\/\/stylingcv.com\/how-do-i-create-a-skills-section-that-is-effective\/\">\u00bfC\u00f3mo creo una secci\u00f3n de habilidades efectiva?<\/a><\/li><\/ul><p style=\"margin-bottom:0;font-size:14px;color:#7f8c8d;\">No solo un creador de curr\u00edculums &mdash; un creador inteligente con IA que piensa. <a href=\"https:\/\/stylingcv.com\/resume-builder\/\" style=\"color:#1abc9c;font-weight:bold;\">Crea tu curr\u00edculum en menos de 2 minutos &rarr;<\/a><\/p><\/div><!-- \/stylingcv-hub-links --><style>.entry-content a[href*=\"ai.stylingcv.com\"]:not(.scv-exit-cta){transition:transform 0.2s ease,box-shadow 0.2s ease}.entry-content a[href*=\"ai.stylingcv.com\"]:not(.scv-exit-cta):hover{transform:translateY(-2px);box-shadow:0 4px 12px rgba(38,133,153,0.25)}<\/style>","protected":false},"excerpt":{"rendered":"<p>Evita se\u00f1ales de alerta en tu curr\u00edculum que provocan rechazo. Descubre qu\u00e9 buscan los reclutadores y c\u00f3mo corregir los problemas m\u00e1s comunes.<\/p>\n","protected":false},"author":0,"featured_media":0,"parent":0,"menu_order":0,"comment_status":"closed","ping_status":"closed","template":"","meta":{"footnotes":""},"class_list":["post-791","page","type-page","status-publish","hentry"," c-blog-1-item  nt-post-class"],"yoast_head":"<!-- This site is optimized with the Yoast SEO Premium plugin v26.5 (Yoast SEO v26.5) - https:\/\/yoast.com\/wordpress\/plugins\/seo\/ -->\n<title>Se\u00f1ales de alerta en curr\u00edculums que buscan los<\/title>\n<meta name=\"description\" content=\"Categor\u00eda: Preguntas frecuentes sobre curr\u00edculums. \u00bfCu\u00e1les son las se\u00f1ales de alerta que buscan los reclutadores en los curr\u00edculums?\" \/>\n<meta name=\"robots\" content=\"index, follow, max-snippet:-1, max-image-preview:large, max-video-preview:-1\" \/>\n<link rel=\"canonical\" href=\"https:\/\/stylingcv.com\/es\/resume-red-flags\/\" \/>\n<meta property=\"og:locale\" content=\"en_US\" \/>\n<meta property=\"og:type\" content=\"article\" \/>\n<meta property=\"og:title\" content=\"\u00bfCu\u00e1les son las se\u00f1ales de alerta que buscan los reclutadores en los curr\u00edculums?\" \/>\n<meta property=\"og:description\" content=\"Categor\u00eda: Preguntas frecuentes sobre curr\u00edculums. \u00bfCu\u00e1les son las se\u00f1ales de alerta que buscan los reclutadores en los curr\u00edculums?\" \/>\n<meta property=\"og:url\" content=\"https:\/\/stylingcv.com\/es\/resume-red-flags\/\" \/>\n<meta property=\"og:site_name\" content=\"StylingCV - Espa\u00f1ol\" \/>\n<meta name=\"twitter:card\" content=\"summary_large_image\" \/>\n<meta name=\"twitter:label1\" content=\"Est. reading time\" \/>\n\t<meta name=\"twitter:data1\" content=\"2 minutes\" \/>\n<script type=\"application\/ld+json\" class=\"yoast-schema-graph\">{\"@context\":\"https:\/\/schema.org\",\"@graph\":[{\"@type\":\"WebPage\",\"@id\":\"https:\/\/wp.stylingcv.com\/es\/resume-red-flags\/\",\"url\":\"https:\/\/wp.stylingcv.com\/es\/resume-red-flags\/\",\"name\":\"Se\u00f1ales de alerta en curr\u00edculums que buscan los\",\"isPartOf\":{\"@id\":\"https:\/\/wp.stylingcv.com\/es\/#website\"},\"datePublished\":\"2026-02-25T03:43:45+00:00\",\"description\":\"Categor\u00eda: Preguntas frecuentes sobre curr\u00edculums. \u00bfCu\u00e1les son las se\u00f1ales de alerta que buscan los reclutadores en los curr\u00edculums?\",\"breadcrumb\":{\"@id\":\"https:\/\/wp.stylingcv.com\/es\/resume-red-flags\/#breadcrumb\"},\"inLanguage\":\"en-US\",\"potentialAction\":[{\"@type\":\"ReadAction\",\"target\":[\"https:\/\/wp.stylingcv.com\/es\/resume-red-flags\/\"]}]},{\"@type\":\"BreadcrumbList\",\"@id\":\"https:\/\/wp.stylingcv.com\/es\/resume-red-flags\/#breadcrumb\",\"itemListElement\":[{\"@type\":\"ListItem\",\"position\":1,\"name\":\"Home\",\"item\":\"https:\/\/wp.stylingcv.com\/es\/\"},{\"@type\":\"ListItem\",\"position\":2,\"name\":\"\u00bfCu\u00e1les son las se\u00f1ales de alerta que buscan los reclutadores en los curr\u00edculums?\"}]},{\"@type\":\"WebSite\",\"@id\":\"https:\/\/wp.stylingcv.com\/es\/#website\",\"url\":\"https:\/\/wp.stylingcv.com\/es\/\",\"name\":\"StylingCV - Espa\u00f1ol\",\"description\":\"\",\"potentialAction\":[{\"@type\":\"SearchAction\",\"target\":{\"@type\":\"EntryPoint\",\"urlTemplate\":\"https:\/\/wp.stylingcv.com\/es\/?s={search_term_string}\"},\"query-input\":{\"@type\":\"PropertyValueSpecification\",\"valueRequired\":true,\"valueName\":\"search_term_string\"}}],\"inLanguage\":\"en-US\"}]}<\/script>\n<!-- \/ Yoast SEO Premium plugin. -->","yoast_head_json":{"title":"Se\u00f1ales de alerta en curr\u00edculums que buscan los","description":"Categor\u00eda: Preguntas frecuentes sobre curr\u00edculums. \u00bfCu\u00e1les son las se\u00f1ales de alerta que buscan los reclutadores en los curr\u00edculums?","robots":{"index":"index","follow":"follow","max-snippet":"max-snippet:-1","max-image-preview":"max-image-preview:large","max-video-preview":"max-video-preview:-1"},"canonical":"https:\/\/stylingcv.com\/es\/resume-red-flags\/","og_locale":"en_US","og_type":"article","og_title":"\u00bfCu\u00e1les son las se\u00f1ales de alerta que buscan los reclutadores en los curr\u00edculums?","og_description":"Categor\u00eda: Preguntas frecuentes sobre curr\u00edculums. \u00bfCu\u00e1les son las se\u00f1ales de alerta que buscan los reclutadores en los curr\u00edculums?","og_url":"https:\/\/stylingcv.com\/es\/resume-red-flags\/","og_site_name":"StylingCV - Espa\u00f1ol","twitter_card":"summary_large_image","twitter_misc":{"Est. reading time":"2 minutes"},"schema":{"@context":"https:\/\/schema.org","@graph":[{"@type":"WebPage","@id":"https:\/\/wp.stylingcv.com\/es\/resume-red-flags\/","url":"https:\/\/wp.stylingcv.com\/es\/resume-red-flags\/","name":"Se\u00f1ales de alerta en curr\u00edculums que buscan los","isPartOf":{"@id":"https:\/\/wp.stylingcv.com\/es\/#website"},"datePublished":"2026-02-25T03:43:45+00:00","description":"Categor\u00eda: Preguntas frecuentes sobre curr\u00edculums. \u00bfCu\u00e1les son las se\u00f1ales de alerta que buscan los reclutadores en los curr\u00edculums?","breadcrumb":{"@id":"https:\/\/wp.stylingcv.com\/es\/resume-red-flags\/#breadcrumb"},"inLanguage":"en-US","potentialAction":[{"@type":"ReadAction","target":["https:\/\/wp.stylingcv.com\/es\/resume-red-flags\/"]}]},{"@type":"BreadcrumbList","@id":"https:\/\/wp.stylingcv.com\/es\/resume-red-flags\/#breadcrumb","itemListElement":[{"@type":"ListItem","position":1,"name":"Home","item":"https:\/\/wp.stylingcv.com\/es\/"},{"@type":"ListItem","position":2,"name":"\u00bfCu\u00e1les son las se\u00f1ales de alerta que buscan los reclutadores en los curr\u00edculums?"}]},{"@type":"WebSite","@id":"https:\/\/wp.stylingcv.com\/es\/#website","url":"https:\/\/wp.stylingcv.com\/es\/","name":"StylingCV - Espa\u00f1ol","description":"","potentialAction":[{"@type":"SearchAction","target":{"@type":"EntryPoint","urlTemplate":"https:\/\/wp.stylingcv.com\/es\/?s={search_term_string}"},"query-input":{"@type":"PropertyValueSpecification","valueRequired":true,"valueName":"search_term_string"}}],"inLanguage":"en-US"}]}},"_links":{"self":[{"href":"https:\/\/wp.stylingcv.com\/es\/wp-json\/wp\/v2\/pages\/791","targetHints":{"allow":["GET"]}}],"collection":[{"href":"https:\/\/wp.stylingcv.com\/es\/wp-json\/wp\/v2\/pages"}],"about":[{"href":"https:\/\/wp.stylingcv.com\/es\/wp-json\/wp\/v2\/types\/page"}],"replies":[{"embeddable":true,"href":"https:\/\/wp.stylingcv.com\/es\/wp-json\/wp\/v2\/comments?post=791"}],"version-history":[{"count":0,"href":"https:\/\/wp.stylingcv.com\/es\/wp-json\/wp\/v2\/pages\/791\/revisions"}],"wp:attachment":[{"href":"https:\/\/wp.stylingcv.com\/es\/wp-json\/wp\/v2\/media?parent=791"}],"curies":[{"name":"wp","href":"https:\/\/api.w.org\/{rel}","templated":true}]}}